{"id":440,"date":"2020-04-24T21:08:29","date_gmt":"2020-04-24T21:08:29","guid":{"rendered":"http:\/\/matchamoya.cz\/?page_id=440"},"modified":"2022-06-01T09:18:32","modified_gmt":"2022-06-01T09:18:32","slug":"co-je-matcha","status":"publish","type":"page","link":"https:\/\/matchamoya.cz\/en\/co-je-matcha\/","title":{"rendered":"Co je Japonsk\u00e1 Matcha Moya?"},"content":{"rendered":"<div id=\"page-header-1921841975\" class=\"page-header-wrapper\">\n  <div class=\"page-title light simple-title box-shadow-3\">\n\n        <div class=\"page-title-bg\">\n      <div class=\"title-bg fill bg-fill\"\n        data-parallax-container=\".page-title\"\n        data-parallax-background\n data-parallax=\"-\">\n      <\/div>\n      <div class=\"title-overlay fill\"><\/div>\n    <\/div>\n    \n    <div class=\"page-title-inner container align-center text-center flex-row-col medium-flex-wrap\" >\n              <div class=\"title-wrapper is-large flex-col\">\n          <h1 class=\"entry-title mb-0\">\n            Co je Japonsk\u00e1 Matcha Moya?          <\/h1>\n        <\/div>\n                    <div class=\"title-content flex-col\">\n        <div class=\"title-breadcrumbs pb-half pt-half\"><\/div>      <\/div>\n    <\/div><!-- flex-row -->\n\n     \n<style scope=\"scope\">\n\n#page-header-1921841975 .title-bg {\n  background-image: url(https:\/\/matchamoya.cz\/wp-content\/uploads\/2020\/04\/3219815-scaled.jpg);\n}\n#page-header-1921841975 .title-overlay {\n  background-color: rgba(255, 255, 255, 0.32);\n}\n#page-header-1921841975 {\n  background-color: rgb(239, 239, 239);\n}\n<\/style>\n  <\/div><!-- .page-title -->\n    <\/div><!-- .page-header-wrapper -->\n  \n<div class=\"is-divider divider clearfix\" style=\"max-width:0px;height:34px;\"><\/div><!-- .divider -->\n<h2>Co je Japonsk\u00e1 Matcha Moya?<\/h2>\n<p><strong>Japonsk\u00e1 Matcha Moya<\/strong> je pr\u00e1\u0161kov\u00fd zelen\u00fd \u010daj z\u00edskan\u00fd z \u010dajov\u00fdch rostlin, kter\u00e9 jsou speci\u00e1ln\u011b st\u00edn\u011bny p\u0159ed p\u0159\u00edm\u00fdm slune\u010dn\u00edm z\u00e1\u0159en\u00edm p\u0159ed sklizn\u00ed. V\u00fdsledkem je vy\u0161\u0161\u00ed obsah chlorofylu, antioxidant\u016f a bohat\u0161\u00ed, zelen\u011bj\u0161\u00ed barva. Po sklizni se \u010derstv\u00e9 listy napa\u0159uj\u00ed, su\u0161\u00ed a rozemelou v tradi\u010dn\u00edch ml\u00fdnech na pr\u00e1\u0161ek. <strong>Kompletn\u00ed informace o produkci na\u0161eho zelen\u00e9ho \u010daje matcha naleznete v sekci na\u0161eho webu <a href=\"https:\/\/matchamoya.cz\/produkce-a-puvod\/\">Produkce a P\u016fvod<\/a><\/strong>. Na rozd\u00edl od b\u011b\u017en\u00e9ho listov\u00e9ho sypan\u00e9ho \u010daje, kdy\u017e pijeme pr\u00e1\u0161kov\u00fd zelen\u00fd \u010daj matcha, konzumujeme cel\u00fd \u010dajov\u00fd l\u00edstek a t\u00edmto zp\u016fsobem dod\u00e1v\u00e1me na\u0161emu t\u011blu v\u0161echny \u017eiviny obsa\u017een\u00e9 v matcha \u010daji, v\u010detn\u011b t\u011bch, kter\u00e9 jsou nerozpustn\u00e9.<\/p>\n<figure id=\"attachment_944\" aria-describedby=\"caption-attachment-944\" style=\"width: 317px\" class=\"wp-caption aligncenter\"><img loading=\"lazy\" decoding=\"async\" class=\"wp-image-944\" src=\"https:\/\/matchamoya.cz\/wp-content\/uploads\/2020\/12\/Traditional-3-400x400.png\" alt=\"\" width=\"317\" height=\"317\" srcset=\"https:\/\/matchamoya.cz\/wp-content\/uploads\/2020\/12\/Traditional-3-400x400.png 400w, https:\/\/matchamoya.cz\/wp-content\/uploads\/2020\/12\/Traditional-3-280x280.png 280w, https:\/\/matchamoya.cz\/wp-content\/uploads\/2020\/12\/Traditional-3-300x300.png 300w, https:\/\/matchamoya.cz\/wp-content\/uploads\/2020\/12\/Traditional-3-100x100.png 100w, https:\/\/matchamoya.cz\/wp-content\/uploads\/2020\/12\/Traditional-3.png 513w\" sizes=\"(max-width: 317px) 100vw, 317px\" \/><figcaption id=\"caption-attachment-944\" class=\"wp-caption-text\">Japonsk\u00fd zelen\u00fd \u010daj Matcha Moya Traditional z 1. a 2. sklizn\u011b<\/figcaption><\/figure>\n<p><strong>P\u0159\u00edzniv\u00e9 efekty Matcha<\/strong><\/p>\n<p>Buddhisti\u010dt\u00ed mni\u0161i pou\u017e\u00edvaj\u00ed matcha \u010daj ji\u017e v\u00edce ne\u017e 800 let, aby z\u016fstali ostra\u017eit\u00ed b\u011bhem dlouh\u00fdch hodin meditace. Dnes v\u00edme, \u017ee tento \u00fa\u010dinek je vyvol\u00e1n L-theaninem, aminokyselinou v matcha, kter\u00e1 zvy\u0161uje produkci alfa vln v lidsk\u00e9m mozku a vede ke <strong>zv\u00fd\u0161en\u00e9 schopnosti soust\u0159ed\u011bn\u00ed<\/strong> a \u00fa\u010dinku <strong>relaxace<\/strong>. Vlastnosti matcha jsou v\u0161ak mnohem v\u011bt\u0161\u00ed: je to <strong>antioxidant, zlep\u0161uje funkci imunitn\u00edho syst\u00e9mu<\/strong>\u00a0a <strong>posiluje rychlost metabolismu<\/strong>, tak pom\u00e1h\u00e1 sni\u017eovat t\u011blesnou hmotnost a je zlat\u00fdm dolem flavonoid\u016f chr\u00e1n\u00edc\u00edch bu\u0148ky. V\u00edce informac\u00ed o p\u0159\u00edzniv\u00fdch \u00fa\u010dinc\u00edch zelen\u00e9ho \u010daje matcha na na\u0161e telo se m\u016f\u017eete do\u010d\u00edst v na\u0161\u00ed sekci webu <strong><a href=\"https:\/\/matchamoya.cz\/priznive-ucinky-matcha\/\">P\u0159\u00edzniv\u00e9 \u00fa\u010dinky<\/a><\/strong>, kde uv\u00e1d\u00edme i v\u00fdsledky r\u016fzn\u00fdch v\u011bdeck\u00fdch studi\u00ed.<\/p>\n<p><strong>Pro\u010d \u010daj od zna\u010dky Moya Matcha? <\/strong><\/p>\n<p>Kvalitn\u00ed zelen\u00fd \u010daj BIO Moya Matcha je <strong>pe\u010dliv\u011b p\u011bstov\u00e1na na mal\u00fdch, rodinn\u00fdch biocertifikovan\u00fdch pol\u00edch v japonsk\u00e9m Uji<\/strong>, regionu zn\u00e1m\u00e9m pro nejvy\u0161\u0161\u00ed kvalitu zelen\u00e9ho \u010daje matcha d\u00edky sv\u00e9mu jedine\u010dn\u00e9mu mikroklimatu. Ka\u017ed\u00e1 \u0161ar\u017ee na\u0161eho organick\u00e9ho matcha je pe\u010dliv\u011b kontrolov\u00e1na na mo\u017en\u00e9 chemick\u00e9 zbytky a jeho kvalita je potvrzena p\u0159\u00edsn\u00fdmi japonsk\u00fdmi standardy a ekologickou certifikac\u00ed. Moya Matcha se pak zpracov\u00e1v\u00e1 lok\u00e1ln\u011b, hermeticky zabal\u00ed a expeduje v mal\u00fdch d\u00e1vk\u00e1ch, aby se zajistila maxim\u00e1ln\u00ed \u010derstvost.<\/p>\n<p><img loading=\"lazy\" decoding=\"async\" class=\"size-medium wp-image-1050 aligncenter\" src=\"https:\/\/matchamoya.cz\/wp-content\/uploads\/2021\/03\/zeleny-caj-matcha-uji-region-japonsko-mapa-400x400.jpg\" alt=\"\" width=\"400\" height=\"400\" srcset=\"https:\/\/matchamoya.cz\/wp-content\/uploads\/2021\/03\/zeleny-caj-matcha-uji-region-japonsko-mapa-400x400.jpg 400w, https:\/\/matchamoya.cz\/wp-content\/uploads\/2021\/03\/zeleny-caj-matcha-uji-region-japonsko-mapa-280x280.jpg 280w, https:\/\/matchamoya.cz\/wp-content\/uploads\/2021\/03\/zeleny-caj-matcha-uji-region-japonsko-mapa-768x768.jpg 768w, https:\/\/matchamoya.cz\/wp-content\/uploads\/2021\/03\/zeleny-caj-matcha-uji-region-japonsko-mapa-12x12.jpg 12w, https:\/\/matchamoya.cz\/wp-content\/uploads\/2021\/03\/zeleny-caj-matcha-uji-region-japonsko-mapa-300x300.jpg 300w, https:\/\/matchamoya.cz\/wp-content\/uploads\/2021\/03\/zeleny-caj-matcha-uji-region-japonsko-mapa-600x600.jpg 600w, https:\/\/matchamoya.cz\/wp-content\/uploads\/2021\/03\/zeleny-caj-matcha-uji-region-japonsko-mapa-100x100.jpg 100w, https:\/\/matchamoya.cz\/wp-content\/uploads\/2021\/03\/zeleny-caj-matcha-uji-region-japonsko-mapa.jpg 800w\" sizes=\"(max-width: 400px) 100vw, 400px\" \/><\/p>","protected":false},"excerpt":{"rendered":"<p>Co je Japonsk\u00e1 Matcha Moya? Japonsk\u00e1 Matcha Moya je pr\u00e1\u0161kov\u00fd zelen\u00fd \u010daj z\u00edskan\u00fd z \u010dajov\u00fdch rostlin, kter\u00e9 jsou speci\u00e1ln\u011b st\u00edn\u011bny p\u0159ed p\u0159\u00edm\u00fdm slune\u010dn\u00edm z\u00e1\u0159en\u00edm p\u0159ed sklizn\u00ed. V\u00fdsledkem je vy\u0161\u0161\u00ed obsah chlorofylu, antioxidant\u016f a bohat\u0161\u00ed, zelen\u011bj\u0161\u00ed barva. Po sklizni se \u010derstv\u00e9 listy napa\u0159uj\u00ed, su\u0161\u00ed a rozemelou v tradi\u010dn\u00edch ml\u00fdnech na pr\u00e1\u0161ek. Kompletn\u00ed informace o produkci na\u0161eho [&#8230;]","protected":false},"author":1,"featured_media":0,"parent":0,"menu_order":0,"comment_status":"closed","ping_status":"closed","template":"","meta":{"footnotes":""},"class_list":["post-440","page","type-page","status-publish","hentry"],"yoast_head":"<!-- This site is optimized with the Yoast SEO plugin v23.4 - https:\/\/yoast.com\/wordpress\/plugins\/seo\/ -->\n<title>Matcha Moya | Co je Matcha Moya? (BIO japonsk\u00fd pr\u00e1\u0161kov\u00fd zelen\u00fd \u010daj)<\/title>\n<meta name=\"description\" content=\"Japonsk\u00e1 Matcha Moya je pr\u00e1\u0161kov\u00fd zelen\u00fd \u010daj z\u00edskan\u00fd z \u010dajov\u00fdch rostlin, kter\u00e9 jsou st\u00edn\u011bny p\u0159ed p\u0159\u00edm\u00fdm slune\u010dn\u00edm z\u00e1\u0159en\u00edm p\u0159ed sklizn\u00ed.\" \/>\n<meta name=\"robots\" content=\"index, follow, max-snippet:-1, max-image-preview:large, max-video-preview:-1\" \/>\n<link rel=\"canonical\" href=\"https:\/\/matchamoya.cz\/en\/co-je-matcha\/\" \/>\n<meta property=\"og:locale\" content=\"en_US\" \/>\n<meta property=\"og:type\" content=\"article\" \/>\n<meta property=\"og:title\" content=\"Matcha Moya | Co je Matcha Moya? (BIO japonsk\u00fd pr\u00e1\u0161kov\u00fd zelen\u00fd \u010daj)\" \/>\n<meta property=\"og:description\" content=\"Japonsk\u00e1 Matcha Moya je pr\u00e1\u0161kov\u00fd zelen\u00fd \u010daj z\u00edskan\u00fd z \u010dajov\u00fdch rostlin, kter\u00e9 jsou st\u00edn\u011bny p\u0159ed p\u0159\u00edm\u00fdm slune\u010dn\u00edm z\u00e1\u0159en\u00edm p\u0159ed sklizn\u00ed.\" \/>\n<meta property=\"og:url\" content=\"https:\/\/matchamoya.cz\/en\/co-je-matcha\/\" \/>\n<meta property=\"og:site_name\" content=\"Matcha Moya\" \/>\n<meta property=\"article:modified_time\" content=\"2022-06-01T09:18:32+00:00\" \/>\n<meta property=\"og:image\" content=\"https:\/\/matchamoya.cz\/wp-content\/uploads\/2020\/12\/Traditional-3-400x400.png\" \/>\n<meta name=\"twitter:card\" content=\"summary_large_image\" \/>\n<meta name=\"twitter:label1\" content=\"Est. reading time\" \/>\n\t<meta name=\"twitter:data1\" content=\"3 minutes\" \/>\n<!-- \/ Yoast SEO plugin. -->","yoast_head_json":{"title":"Matcha Moya | Co je Matcha Moya? (BIO japonsk\u00fd pr\u00e1\u0161kov\u00fd zelen\u00fd \u010daj)","description":"Japonsk\u00e1 Matcha Moya je pr\u00e1\u0161kov\u00fd zelen\u00fd \u010daj z\u00edskan\u00fd z \u010dajov\u00fdch rostlin, kter\u00e9 jsou st\u00edn\u011bny p\u0159ed p\u0159\u00edm\u00fdm slune\u010dn\u00edm z\u00e1\u0159en\u00edm p\u0159ed sklizn\u00ed.","robots":{"index":"index","follow":"follow","max-snippet":"max-snippet:-1","max-image-preview":"max-image-preview:large","max-video-preview":"max-video-preview:-1"},"canonical":"https:\/\/matchamoya.cz\/en\/co-je-matcha\/","og_locale":"en_US","og_type":"article","og_title":"Matcha Moya | Co je Matcha Moya? (BIO japonsk\u00fd pr\u00e1\u0161kov\u00fd zelen\u00fd \u010daj)","og_description":"Japonsk\u00e1 Matcha Moya je pr\u00e1\u0161kov\u00fd zelen\u00fd \u010daj z\u00edskan\u00fd z \u010dajov\u00fdch rostlin, kter\u00e9 jsou st\u00edn\u011bny p\u0159ed p\u0159\u00edm\u00fdm slune\u010dn\u00edm z\u00e1\u0159en\u00edm p\u0159ed sklizn\u00ed.","og_url":"https:\/\/matchamoya.cz\/en\/co-je-matcha\/","og_site_name":"Matcha Moya","article_modified_time":"2022-06-01T09:18:32+00:00","og_image":[{"url":"https:\/\/matchamoya.cz\/wp-content\/uploads\/2020\/12\/Traditional-3-400x400.png"}],"twitter_card":"summary_large_image","twitter_misc":{"Est. reading time":"3 minutes"},"schema":{"@context":"https:\/\/schema.org","@graph":[{"@type":"WebPage","@id":"https:\/\/matchamoya.cz\/en\/co-je-matcha\/","url":"https:\/\/matchamoya.cz\/en\/co-je-matcha\/","name":"Matcha Moya | Co je Matcha Moya? (BIO japonsk\u00fd pr\u00e1\u0161kov\u00fd zelen\u00fd \u010daj)","isPartOf":{"@id":"https:\/\/matchamoya.cz\/en\/#website"},"primaryImageOfPage":{"@id":"https:\/\/matchamoya.cz\/en\/co-je-matcha\/#primaryimage"},"image":{"@id":"https:\/\/matchamoya.cz\/en\/co-je-matcha\/#primaryimage"},"thumbnailUrl":"https:\/\/matchamoya.cz\/wp-content\/uploads\/2020\/12\/Traditional-3-400x400.png","datePublished":"2020-04-24T21:08:29+00:00","dateModified":"2022-06-01T09:18:32+00:00","description":"Japonsk\u00e1 Matcha Moya je pr\u00e1\u0161kov\u00fd zelen\u00fd \u010daj z\u00edskan\u00fd z \u010dajov\u00fdch rostlin, kter\u00e9 jsou st\u00edn\u011bny p\u0159ed p\u0159\u00edm\u00fdm slune\u010dn\u00edm z\u00e1\u0159en\u00edm p\u0159ed sklizn\u00ed.","breadcrumb":{"@id":"https:\/\/matchamoya.cz\/en\/co-je-matcha\/#breadcrumb"},"inLanguage":"en-US","potentialAction":[{"@type":"ReadAction","target":["https:\/\/matchamoya.cz\/en\/co-je-matcha\/"]}]},{"@type":"ImageObject","inLanguage":"en-US","@id":"https:\/\/matchamoya.cz\/en\/co-je-matcha\/#primaryimage","url":"https:\/\/matchamoya.cz\/wp-content\/uploads\/2020\/12\/Traditional-3-400x400.png","contentUrl":"https:\/\/matchamoya.cz\/wp-content\/uploads\/2020\/12\/Traditional-3-400x400.png"},{"@type":"BreadcrumbList","@id":"https:\/\/matchamoya.cz\/en\/co-je-matcha\/#breadcrumb","itemListElement":[{"@type":"ListItem","position":1,"name":"Dom\u016f","item":"https:\/\/matchamoya.cz\/"},{"@type":"ListItem","position":2,"name":"Co je Japonsk\u00e1 Matcha Moya?"}]},{"@type":"WebSite","@id":"https:\/\/matchamoya.cz\/en\/#website","url":"https:\/\/matchamoya.cz\/en\/","name":"Matcha Moya","description":"Matcha Moya","publisher":{"@id":"https:\/\/matchamoya.cz\/en\/#organization"},"potentialAction":[{"@type":"SearchAction","target":{"@type":"EntryPoint","urlTemplate":"https:\/\/matchamoya.cz\/en\/?s={search_term_string}"},"query-input":{"@type":"PropertyValueSpecification","valueRequired":true,"valueName":"search_term_string"}}],"inLanguage":"en-US"},{"@type":"Organization","@id":"https:\/\/matchamoya.cz\/en\/#organization","name":"Moya Matcha","url":"https:\/\/matchamoya.cz\/en\/","logo":{"@type":"ImageObject","inLanguage":"en-US","@id":"https:\/\/matchamoya.cz\/en\/#\/schema\/logo\/image\/","url":"https:\/\/matchamoya.cz\/wp-content\/uploads\/2020\/03\/MOYA_Logo_Green-Black_02.png","contentUrl":"https:\/\/matchamoya.cz\/wp-content\/uploads\/2020\/03\/MOYA_Logo_Green-Black_02.png","width":313,"height":310,"caption":"Moya Matcha"},"image":{"@id":"https:\/\/matchamoya.cz\/en\/#\/schema\/logo\/image\/"}}]}},"_links":{"self":[{"href":"https:\/\/matchamoya.cz\/en\/wp-json\/wp\/v2\/pages\/440"}],"collection":[{"href":"https:\/\/matchamoya.cz\/en\/wp-json\/wp\/v2\/pages"}],"about":[{"href":"https:\/\/matchamoya.cz\/en\/wp-json\/wp\/v2\/types\/page"}],"author":[{"embeddable":true,"href":"https:\/\/matchamoya.cz\/en\/wp-json\/wp\/v2\/users\/1"}],"replies":[{"embeddable":true,"href":"https:\/\/matchamoya.cz\/en\/wp-json\/wp\/v2\/comments?post=440"}],"version-history":[{"count":14,"href":"https:\/\/matchamoya.cz\/en\/wp-json\/wp\/v2\/pages\/440\/revisions"}],"predecessor-version":[{"id":1616,"href":"https:\/\/matchamoya.cz\/en\/wp-json\/wp\/v2\/pages\/440\/revisions\/1616"}],"wp:attachment":[{"href":"https:\/\/matchamoya.cz\/en\/wp-json\/wp\/v2\/media?parent=440"}],"curies":[{"name":"wp","href":"https:\/\/api.w.org\/{rel}","templated":true}]}}