{"id":501,"date":"2020-04-26T13:26:48","date_gmt":"2020-04-26T13:26:48","guid":{"rendered":"http:\/\/matchamoya.cz\/?page_id=501"},"modified":"2021-04-25T17:53:35","modified_gmt":"2021-04-25T17:53:35","slug":"moya-matcha-stupne-kvality","status":"publish","type":"page","link":"https:\/\/matchamoya.cz\/en\/moya-matcha-stupne-kvality\/","title":{"rendered":"Moya Matcha \u2013 Stupn\u011b kvality"},"content":{"rendered":"<div class=\"banner has-hover\" id=\"banner-2013981278\">\n          <div class=\"banner-inner fill\">\n        <div class=\"banner-bg fill\" >\n            <div class=\"bg fill bg-fill\"><\/div>\n                        <div class=\"overlay\"><\/div>            \n                    <\/div><!-- bg-layers -->\n        <div class=\"banner-layers container\">\n            <div class=\"fill banner-link\"><\/div>            \n   <div id=\"text-box-61328793\" class=\"text-box banner-layer x50 md-x50 lg-x50 y50 md-y50 lg-y50 res-text\">\n                                <div class=\"text dark\">\n              \n              <div class=\"text-inner text-center\">\n                  \n<h4>Moya Matcha \u2013 Stupn\u011b kvality<\/h4>\n              <\/div>\n           <\/div><!-- text-box-inner -->\n                            \n<style scope=\"scope\">\n\n#text-box-61328793 {\n  width: 60%;\n}\n#text-box-61328793 .text {\n  font-size: 100%;\n}\n<\/style>\n    <\/div><!-- text-box -->\n \n        <\/div><!-- .banner-layers -->\n      <\/div><!-- .banner-inner -->\n\n            \n<style scope=\"scope\">\n\n#banner-2013981278 {\n  padding-top: 100px;\n  background-color: rgb(255, 255, 255);\n}\n#banner-2013981278 .bg.bg-loaded {\n  background-image: url(https:\/\/matchamoya.cz\/wp-content\/uploads\/2020\/04\/Obr\u00e1zek1-5.png);\n}\n#banner-2013981278 .overlay {\n  background-color: rgba(0,0,0,.5);\n}\n<\/style>\n  <\/div><!-- .banner -->\n\n\n<div class=\"row\"  id=\"row-911443444\">\n<div class=\"col medium-3 small-12 large-3\"  ><div class=\"col-inner box-shadow-2\" style=\"padding:0px 5px 0px 5px;margin:0px 0px 0px 1px;\" >\n<h3>Moya Matcha &#8211; Premium (pr\u00e9miov\u00e1, exkluzivn\u00ed)<\/h3>\n<p>Nejkvalitn\u011bj\u0161\u00ed pr\u00e9miov\u00fd stupe\u0148 japonsk\u00e9 organick\u00e9 matcha z 1. sklizn\u011b z nejmlad\u0161\u00edch a nejjemn\u011bj\u0161\u00edch l\u00edstk\u016f zelen\u00e9ho \u010daje. Pou\u017e\u00edv\u00e1 se pro tradi\u010dn\u00ed \u010dajov\u00fd ob\u0159ad, m\u00e1 bohatou jemnou sladkou chu\u0165 a kr\u00e9movou texturu. Vyzna\u010duje se z\u00e1\u0159ivou nefritovou zelenou barvou.<\/p>\n<div class=\"is-divider divider clearfix\" style=\"max-width:0px;height:96px;\"><\/div><!-- .divider -->\n\t<div class=\"img has-hover x md-x lg-x y md-y lg-y\" id=\"image_660357276\">\n\t\t\t\t\t\t\t\t<div class=\"img-inner dark\" >\n\t\t\t<img loading=\"lazy\" decoding=\"async\" width=\"450\" height=\"450\" src=\"https:\/\/matchamoya.cz\/wp-content\/uploads\/2020\/05\/Moya-Matcha-premium-1.png\" class=\"attachment-original size-original\" alt=\"\" srcset=\"https:\/\/matchamoya.cz\/wp-content\/uploads\/2020\/05\/Moya-Matcha-premium-1.png 450w, https:\/\/matchamoya.cz\/wp-content\/uploads\/2020\/05\/Moya-Matcha-premium-1-400x400.png 400w, https:\/\/matchamoya.cz\/wp-content\/uploads\/2020\/05\/Moya-Matcha-premium-1-280x280.png 280w, https:\/\/matchamoya.cz\/wp-content\/uploads\/2020\/05\/Moya-Matcha-premium-1-300x300.png 300w, https:\/\/matchamoya.cz\/wp-content\/uploads\/2020\/05\/Moya-Matcha-premium-1-100x100.png 100w\" sizes=\"(max-width: 450px) 100vw, 450px\" \/>\t\t\t\t\t\t\n\t\t\t\t\t<\/div>\n\t\t\t\t\t\t\t\t\n<style scope=\"scope\">\n\n#image_660357276 {\n  width: 92%;\n}\n<\/style>\n\t<\/div>\n\t\n<div class=\"is-divider divider clearfix\" style=\"max-width:0px;height:14px;\"><\/div><!-- .divider -->\n<a href=\"https:\/\/matchamoya.cz\/matcha-caje-moya\/bio-moya-matcha-premium-30-g-v-tube\/\" target=\"_self\" class=\"button primary is-outline is-large expand\"  >\n    <span>E-shop<\/span>\n  <\/a>\n\n<div class=\"is-divider divider clearfix\" style=\"max-width:0px;height:0px;\"><\/div><!-- .divider -->\n<\/div><\/div>\n<div class=\"col medium-3 small-12 large-3\"  ><div class=\"col-inner box-shadow-2\" style=\"padding:0px 5px 0px 5px;margin:0px 0px 0px 1px;\" >\n<h3>Moya Matcha &#8211; Traditional (tradi\u010dn\u00ed)<\/h3>\n<p>Vysoce kvalitn\u00ed japonsk\u00e1 organick\u00e1 matcha z 1. a 2. sklizn\u011b s vyv\u00e1\u017eenou bohatou ho\u0159ko-sladkou chut\u00ed, kr\u00e9movou texturou a malachitovou zelenou barvou. D\u00edky sv\u00e9 pln\u00e9 chuti je ide\u00e1ln\u00ed k pit\u00ed samostatn\u011b, ale tak\u00e9 lze p\u0159idat do latte, smoothies a limon\u00e1d.<\/p>\n\t<div class=\"img has-hover x md-x lg-x y md-y lg-y\" id=\"image_822852036\">\n\t\t\t\t\t\t\t\t<div class=\"img-inner dark\" >\n\t\t\t<img loading=\"lazy\" decoding=\"async\" width=\"669\" height=\"1000\" src=\"https:\/\/matchamoya.cz\/wp-content\/uploads\/2020\/03\/traditional-30g-front.jpg\" class=\"attachment-original size-original\" alt=\"\" srcset=\"https:\/\/matchamoya.cz\/wp-content\/uploads\/2020\/03\/traditional-30g-front.jpg 669w, https:\/\/matchamoya.cz\/wp-content\/uploads\/2020\/03\/traditional-30g-front-268x400.jpg 268w, https:\/\/matchamoya.cz\/wp-content\/uploads\/2020\/03\/traditional-30g-front-535x800.jpg 535w, https:\/\/matchamoya.cz\/wp-content\/uploads\/2020\/03\/traditional-30g-front-600x897.jpg 600w\" sizes=\"(max-width: 669px) 100vw, 669px\" \/>\t\t\t\t\t\t\n\t\t\t\t\t<\/div>\n\t\t\t\t\t\t\t\t\n<style scope=\"scope\">\n\n#image_822852036 {\n  width: 100%;\n}\n<\/style>\n\t<\/div>\n\t\n<a href=\"https:\/\/matchamoya.cz\/matcha-caje-moya\/moya-matcha-traditional-30g-v-tube\/\" target=\"_self\" class=\"button primary is-outline is-large expand\"  >\n    <span>E-shop<\/span>\n  <\/a>\n\n<div class=\"is-divider divider clearfix\" style=\"max-width:0px;height:0px;\"><\/div><!-- .divider -->\n<\/div><\/div>\n<div class=\"col medium-3 small-12 large-3\"  ><div class=\"col-inner box-shadow-2\" style=\"padding:0px 0px 0px 6px;margin:0px 0px 0px 1px;\" >\n<h3>Moya Matcha &#8211; Daily (na ka\u017edodden\u00ed pit\u00ed)<\/h3>\n<p>Vysoce kvalitn\u00ed organick\u00e1 japonsk\u00e1 matcha z 2. a 3. sklizn\u011b se silnou chut\u00ed zelen\u00e9ho \u010daje. M\u00e1 siln\u011bj\u0161\u00ed a ho\u0159\u010d\u00ed chu\u0165 ve srovn\u00e1n\u00ed s vy\u0161\u0161\u00edmi kvalitativn\u00edmi stupni matcha. Je to perfektn\u00ed volba pro milovn\u00edky chuti zelen\u00e9ho \u010daje na denn\u00ed pit\u00ed a ide\u00e1ln\u00ed p\u0159\u00edsada pro smoothies, zmrzlinu a pe\u010den\u00ed.<\/p>\n<div class=\"is-divider divider clearfix\" style=\"max-width:0px;height:0px;\"><\/div><!-- .divider -->\n\t<div class=\"img has-hover x md-x lg-x y md-y lg-y\" id=\"image_1363051531\">\n\t\t\t\t\t\t\t\t<div class=\"img-inner dark\" >\n\t\t\t<img loading=\"lazy\" decoding=\"async\" width=\"669\" height=\"1000\" src=\"https:\/\/matchamoya.cz\/wp-content\/uploads\/2020\/04\/daily-30g-przod-1.jpg\" class=\"attachment-original size-original\" alt=\"japonsky-caj-matcha-na-denni-piti-moya\" srcset=\"https:\/\/matchamoya.cz\/wp-content\/uploads\/2020\/04\/daily-30g-przod-1.jpg 669w, https:\/\/matchamoya.cz\/wp-content\/uploads\/2020\/04\/daily-30g-przod-1-268x400.jpg 268w, https:\/\/matchamoya.cz\/wp-content\/uploads\/2020\/04\/daily-30g-przod-1-535x800.jpg 535w, https:\/\/matchamoya.cz\/wp-content\/uploads\/2020\/04\/daily-30g-przod-1-600x897.jpg 600w\" sizes=\"(max-width: 669px) 100vw, 669px\" \/>\t\t\t\t\t\t\n\t\t\t\t\t<\/div>\n\t\t\t\t\t\t\t\t\n<style scope=\"scope\">\n\n#image_1363051531 {\n  width: 100%;\n}\n<\/style>\n\t<\/div>\n\t\n<a href=\"https:\/\/matchamoya.cz\/matcha-caje-moya\/bio-moya-matcha-daily-30g-v-tube\/\" target=\"_self\" class=\"button primary is-outline is-large expand\"  >\n    <span>E-shop<\/span>\n  <\/a>\n\n<div class=\"is-divider divider clearfix\" style=\"max-width:0px;height:0px;\"><\/div><!-- .divider -->\n<\/div><\/div>\n<div class=\"col medium-3 small-12 large-3\"  ><div class=\"col-inner box-shadow-2\" style=\"padding:0px 0px 0px 7px;\" >\n<h3>Moya Matcha &#8211; Culinary (na va\u0159en\u00ed, pe\u010den\u00ed)<\/h3>\n<p>Vysoce kvalitn\u00ed organick\u00e1 japonsk\u00e1 matcha ze t\u0159et\u00ed podzimn\u00ed sklizn\u011b se silnou chut\u00ed \u010daje a plnohodnotnou sv\u00edravost\u00ed. Perfektn\u00ed matcha stupe\u0148 pro va\u0159en\u00ed a pe\u010den\u00ed. Vytv\u00e1\u0159\u00ed bohatou zelenou barvu a dod\u00e1v\u00e1 chu\u0165 zelen\u00e9ho \u010daje v cel\u00e9 \u0159ad\u011b recept\u016f.<\/p>\n<div class=\"is-divider divider clearfix\" style=\"max-width:0px;height:10px;\"><\/div><!-- .divider -->\n\t<div class=\"img has-hover x md-x lg-x y md-y lg-y\" id=\"image_1471635796\">\n\t\t\t\t\t\t\t\t<div class=\"img-inner dark\" >\n\t\t\t<img loading=\"lazy\" decoding=\"async\" width=\"667\" height=\"1000\" src=\"https:\/\/matchamoya.cz\/wp-content\/uploads\/2020\/04\/culinary-250g-2.jpg\" class=\"attachment-original size-original\" alt=\"\" srcset=\"https:\/\/matchamoya.cz\/wp-content\/uploads\/2020\/04\/culinary-250g-2.jpg 667w, https:\/\/matchamoya.cz\/wp-content\/uploads\/2020\/04\/culinary-250g-2-267x400.jpg 267w, https:\/\/matchamoya.cz\/wp-content\/uploads\/2020\/04\/culinary-250g-2-534x800.jpg 534w, https:\/\/matchamoya.cz\/wp-content\/uploads\/2020\/04\/culinary-250g-2-600x900.jpg 600w\" sizes=\"(max-width: 667px) 100vw, 667px\" \/>\t\t\t\t\t\t\n\t\t\t\t\t<\/div>\n\t\t\t\t\t\t\t\t\n<style scope=\"scope\">\n\n#image_1471635796 {\n  width: 100%;\n}\n<\/style>\n\t<\/div>\n\t\n<a href=\"https:\/\/matchamoya.cz\/matcha-japonske-zelene-caje-moya\/bio-japonska-kulinarska-matcha-na-peceni-a-vareni-250g-1kg-moya\/\" target=\"_self\" class=\"button primary is-outline is-large expand\"  >\n    <span>E-shop<\/span>\n  <\/a>\n\n<div class=\"is-divider divider clearfix\" style=\"max-width:0px;height:0px;\"><\/div><!-- .divider -->\n<\/div><\/div>\n<\/div>","protected":false},"excerpt":{"rendered":"","protected":false},"author":1,"featured_media":0,"parent":0,"menu_order":0,"comment_status":"closed","ping_status":"closed","template":"page-blank.php","meta":{"footnotes":""},"class_list":["post-501","page","type-page","status-publish","hentry"],"yoast_head":"<!-- This site is optimized with the Yoast SEO plugin v23.4 - https:\/\/yoast.com\/wordpress\/plugins\/seo\/ -->\n<title>Matcha Moya | Kvalitativn\u00ed stupn\u011b \u010daje matcha rozd\u011blen\u00e9 podle sklizn\u011b<\/title>\n<meta name=\"description\" content=\"Kvalitativn\u00ed stupn\u011b japonsk\u00e9ho zelen\u00e9ho pr\u00e1\u0161kov\u00e9ho \u010daje Moya Matcha rozd\u011blen\u00e9 podle sklizn\u011b v pr\u016fb\u011bhu roku.\" \/>\n<meta name=\"robots\" content=\"index, follow, max-snippet:-1, max-image-preview:large, max-video-preview:-1\" \/>\n<link rel=\"canonical\" href=\"https:\/\/matchamoya.cz\/en\/moya-matcha-stupne-kvality\/\" \/>\n<meta property=\"og:locale\" content=\"en_US\" \/>\n<meta property=\"og:type\" content=\"article\" \/>\n<meta property=\"og:title\" content=\"Matcha Moya | Kvalitativn\u00ed stupn\u011b \u010daje matcha rozd\u011blen\u00e9 podle sklizn\u011b\" \/>\n<meta property=\"og:description\" content=\"Kvalitativn\u00ed stupn\u011b japonsk\u00e9ho zelen\u00e9ho pr\u00e1\u0161kov\u00e9ho \u010daje Moya Matcha rozd\u011blen\u00e9 podle sklizn\u011b v pr\u016fb\u011bhu roku.\" \/>\n<meta property=\"og:url\" content=\"https:\/\/matchamoya.cz\/en\/moya-matcha-stupne-kvality\/\" \/>\n<meta property=\"og:site_name\" content=\"Matcha Moya\" \/>\n<meta property=\"article:modified_time\" content=\"2021-04-25T17:53:35+00:00\" \/>\n<meta name=\"twitter:card\" content=\"summary_large_image\" \/>\n<meta name=\"twitter:label1\" content=\"Est. reading time\" \/>\n\t<meta name=\"twitter:data1\" content=\"2 minutes\" \/>\n<!-- \/ Yoast SEO plugin. -->","yoast_head_json":{"title":"Matcha Moya | Kvalitativn\u00ed stupn\u011b \u010daje matcha rozd\u011blen\u00e9 podle sklizn\u011b","description":"Kvalitativn\u00ed stupn\u011b japonsk\u00e9ho zelen\u00e9ho pr\u00e1\u0161kov\u00e9ho \u010daje Moya Matcha rozd\u011blen\u00e9 podle sklizn\u011b v pr\u016fb\u011bhu roku.","robots":{"index":"index","follow":"follow","max-snippet":"max-snippet:-1","max-image-preview":"max-image-preview:large","max-video-preview":"max-video-preview:-1"},"canonical":"https:\/\/matchamoya.cz\/en\/moya-matcha-stupne-kvality\/","og_locale":"en_US","og_type":"article","og_title":"Matcha Moya | Kvalitativn\u00ed stupn\u011b \u010daje matcha rozd\u011blen\u00e9 podle sklizn\u011b","og_description":"Kvalitativn\u00ed stupn\u011b japonsk\u00e9ho zelen\u00e9ho pr\u00e1\u0161kov\u00e9ho \u010daje Moya Matcha rozd\u011blen\u00e9 podle sklizn\u011b v pr\u016fb\u011bhu roku.","og_url":"https:\/\/matchamoya.cz\/en\/moya-matcha-stupne-kvality\/","og_site_name":"Matcha Moya","article_modified_time":"2021-04-25T17:53:35+00:00","twitter_card":"summary_large_image","twitter_misc":{"Est. reading time":"2 minutes"},"schema":{"@context":"https:\/\/schema.org","@graph":[{"@type":"WebPage","@id":"https:\/\/matchamoya.cz\/en\/moya-matcha-stupne-kvality\/","url":"https:\/\/matchamoya.cz\/en\/moya-matcha-stupne-kvality\/","name":"Matcha Moya | Kvalitativn\u00ed stupn\u011b \u010daje matcha rozd\u011blen\u00e9 podle sklizn\u011b","isPartOf":{"@id":"https:\/\/matchamoya.cz\/en\/#website"},"datePublished":"2020-04-26T13:26:48+00:00","dateModified":"2021-04-25T17:53:35+00:00","description":"Kvalitativn\u00ed stupn\u011b japonsk\u00e9ho zelen\u00e9ho pr\u00e1\u0161kov\u00e9ho \u010daje Moya Matcha rozd\u011blen\u00e9 podle sklizn\u011b v pr\u016fb\u011bhu roku.","breadcrumb":{"@id":"https:\/\/matchamoya.cz\/en\/moya-matcha-stupne-kvality\/#breadcrumb"},"inLanguage":"en-US","potentialAction":[{"@type":"ReadAction","target":["https:\/\/matchamoya.cz\/en\/moya-matcha-stupne-kvality\/"]}]},{"@type":"BreadcrumbList","@id":"https:\/\/matchamoya.cz\/en\/moya-matcha-stupne-kvality\/#breadcrumb","itemListElement":[{"@type":"ListItem","position":1,"name":"Dom\u016f","item":"https:\/\/matchamoya.cz\/"},{"@type":"ListItem","position":2,"name":"Moya Matcha \u2013 Stupn\u011b kvality"}]},{"@type":"WebSite","@id":"https:\/\/matchamoya.cz\/en\/#website","url":"https:\/\/matchamoya.cz\/en\/","name":"Matcha Moya","description":"Matcha Moya","publisher":{"@id":"https:\/\/matchamoya.cz\/en\/#organization"},"potentialAction":[{"@type":"SearchAction","target":{"@type":"EntryPoint","urlTemplate":"https:\/\/matchamoya.cz\/en\/?s={search_term_string}"},"query-input":{"@type":"PropertyValueSpecification","valueRequired":true,"valueName":"search_term_string"}}],"inLanguage":"en-US"},{"@type":"Organization","@id":"https:\/\/matchamoya.cz\/en\/#organization","name":"Moya Matcha","url":"https:\/\/matchamoya.cz\/en\/","logo":{"@type":"ImageObject","inLanguage":"en-US","@id":"https:\/\/matchamoya.cz\/en\/#\/schema\/logo\/image\/","url":"https:\/\/matchamoya.cz\/wp-content\/uploads\/2020\/03\/MOYA_Logo_Green-Black_02.png","contentUrl":"https:\/\/matchamoya.cz\/wp-content\/uploads\/2020\/03\/MOYA_Logo_Green-Black_02.png","width":313,"height":310,"caption":"Moya Matcha"},"image":{"@id":"https:\/\/matchamoya.cz\/en\/#\/schema\/logo\/image\/"}}]}},"_links":{"self":[{"href":"https:\/\/matchamoya.cz\/en\/wp-json\/wp\/v2\/pages\/501"}],"collection":[{"href":"https:\/\/matchamoya.cz\/en\/wp-json\/wp\/v2\/pages"}],"about":[{"href":"https:\/\/matchamoya.cz\/en\/wp-json\/wp\/v2\/types\/page"}],"author":[{"embeddable":true,"href":"https:\/\/matchamoya.cz\/en\/wp-json\/wp\/v2\/users\/1"}],"replies":[{"embeddable":true,"href":"https:\/\/matchamoya.cz\/en\/wp-json\/wp\/v2\/comments?post=501"}],"version-history":[{"count":18,"href":"https:\/\/matchamoya.cz\/en\/wp-json\/wp\/v2\/pages\/501\/revisions"}],"predecessor-version":[{"id":1309,"href":"https:\/\/matchamoya.cz\/en\/wp-json\/wp\/v2\/pages\/501\/revisions\/1309"}],"wp:attachment":[{"href":"https:\/\/matchamoya.cz\/en\/wp-json\/wp\/v2\/media?parent=501"}],"curies":[{"name":"wp","href":"https:\/\/api.w.org\/{rel}","templated":true}]}}