{"id":505,"date":"2020-04-26T13:40:16","date_gmt":"2020-04-26T13:40:16","guid":{"rendered":"http:\/\/matchamoya.cz\/?page_id=505"},"modified":"2021-03-24T18:46:31","modified_gmt":"2021-03-24T18:46:31","slug":"jak-pripravit-matchu","status":"publish","type":"page","link":"https:\/\/matchamoya.cz\/en\/jak-pripravit-matchu\/","title":{"rendered":"Jak p\u0159ipravit matchu?"},"content":{"rendered":"<div class=\"banner has-hover\" id=\"banner-248197709\">\n          <div class=\"banner-inner fill\">\n        <div class=\"banner-bg fill\" >\n            <div class=\"bg fill bg-fill\"><\/div>\n                        <div class=\"overlay\"><\/div>            \n                    <\/div><!-- bg-layers -->\n        <div class=\"banner-layers container\">\n            <div class=\"fill banner-link\"><\/div>            \n   <div id=\"text-box-1628484605\" class=\"text-box banner-layer x50 md-x50 lg-x50 y50 md-y50 lg-y50 res-text\">\n                                <div class=\"text dark\">\n              \n              <div class=\"text-inner text-center\">\n                  \n<h4>Jak p\u0159ipravit matchu?<\/h4>\n              <\/div>\n           <\/div><!-- text-box-inner -->\n                            \n<style scope=\"scope\">\n\n#text-box-1628484605 {\n  width: 60%;\n}\n#text-box-1628484605 .text {\n  font-size: 100%;\n}\n<\/style>\n    <\/div><!-- text-box -->\n \n        <\/div><!-- .banner-layers -->\n      <\/div><!-- .banner-inner -->\n\n            \n<style scope=\"scope\">\n\n#banner-248197709 {\n  padding-top: 100px;\n  background-color: rgb(255, 255, 255);\n}\n#banner-248197709 .bg.bg-loaded {\n  background-image: url(https:\/\/matchamoya.cz\/wp-content\/uploads\/2020\/04\/Obr\u00e1zek1-9.png);\n}\n#banner-248197709 .overlay {\n  background-color: rgba(0,0,0,.5);\n}\n<\/style>\n  <\/div><!-- .banner -->\n\n\n<div class=\"is-divider divider clearfix\" style=\"max-width:0px;height:29px;\"><\/div><!-- .divider -->\n<h2>Jak p\u0159ipravit matchu?<\/h2>\n<div class=\"row\"  id=\"row-87477097\">\n<div class=\"col small-12 large-12\"  ><div class=\"col-inner\"  >\n<p>P\u0159\u00edprava \u010daje matcha nen\u00ed \u010dasov\u011b n\u00e1ro\u010dn\u00e1, a nevy\u017eaduje \u017e\u00e1dn\u00e9 zvl\u00e1\u0161tn\u00ed dovednosti. Je to jemn\u00fd \u010dajov\u00fd pr\u00e1\u0161ek, kter\u00fd se sm\u00edch\u00e1 s vodou. K tomuto \u00fa\u010delu m\u016f\u017eete pou\u017e\u00edt jak tradi\u010dn\u00ed \u0161leh\u00e1n\u00ed <a href=\"https:\/\/matchamoya.cz\/originalni-cajove-prislusenstvi\/chasen-tradicni-bambusova-metlicka-na-michani-matcha-caje\/\">bambusovou metli\u010dkou (chasen)<\/a>, tak klasickou metli\u010dkou \u010di elektrick\u00fd nap\u011b\u0148ova\u010d ml\u00e9ka.<\/p>\n<p>Tradi\u010dn\u00ed zp\u016fsob p\u0159\u00edpravy \u010daje matcha poch\u00e1z\u00ed z japonsk\u00e9ho \u010dajov\u00e9ho ob\u0159adu (chanoyu). K p\u0159\u00edprav\u011b n\u00e1poje pot\u0159ebujeme <a href=\"https:\/\/matchamoya.cz\/originalni-cajove-prislusenstvi\/\">misku (chawan)<\/a>, <a href=\"https:\/\/matchamoya.cz\/originalni-cajove-prislusenstvi\/chasen-tradicni-bambusova-metlicka-na-michani-matcha-caje\/\">bambusovou metlu (chasen)<\/a> a <a href=\"https:\/\/matchamoya.cz\/originalni-cajove-prislusenstvi\/chaschaku-svetla-rucne-vyrabena-bambusova-lzice-na-matchu\/\">bambusovou l\u017ei\u010dku (chashaku)<\/a>.<\/p>\n<p>Do misky vlo\u017ete l\u017ei\u010dku matchy 1,5 g bambusovou l\u017ei\u010dkou (chashaku), zalijte 100 ml hork\u00e9 vody (80 \u00b0 C) a rozm\u00edchejte bambusovou metli\u010dkou (chasen), a\u017e se vytvo\u0159\u00ed hust\u00e1 zelen\u00e1 p\u011bna. Dolejte n\u00e1poj vodou na 200 &#8211; 250 ml. Konzumujte.<\/p>\n<p>N\u00e1poj lze p\u0159ipravit a konzumovat za studena, aby byl velmi osv\u011b\u017euj\u00edc\u00ed. Vysypejte s\u00e1\u010dek 1,5g matcha do lahve se studenou vodou a prom\u00edchejte. Konzumujte.<\/p>\n<\/div><\/div>\n<div class=\"col small-12 large-12\"  ><div class=\"col-inner\"  >\n<div class=\"video video-fit mb\" style=\"padding-top:56.25%;\"><p><iframe loading=\"lazy\" title=\"Traditional Matcha Preparation by Hitomi Saito\" width=\"1020\" height=\"574\" src=\"https:\/\/www.youtube.com\/embed\/3a5g_ccjyx0?feature=oembed\" frameborder=\"0\" allow=\"accelerometer; autoplay; clipboard-write; encrypted-media; gyroscope; picture-in-picture\" allowfullscreen><\/iframe><\/p>\n<\/div>\n<\/div><\/div>\n<\/div>","protected":false},"excerpt":{"rendered":"<p>Jak p\u0159ipravit matchu?<\/p>","protected":false},"author":1,"featured_media":0,"parent":0,"menu_order":0,"comment_status":"closed","ping_status":"closed","template":"","meta":{"footnotes":""},"class_list":["post-505","page","type-page","status-publish","hentry"],"yoast_head":"<!-- This site is optimized with the Yoast SEO plugin v23.4 - https:\/\/yoast.com\/wordpress\/plugins\/seo\/ -->\n<title>Matcha Moya | Jak p\u0159ipravit lahodn\u00fd n\u00e1poj matcha?<\/title>\n<meta name=\"description\" content=\"P\u0159\u00edprava \u010daje matcha nen\u00ed \u010dasov\u011b n\u00e1ro\u010dn\u00e1, a nevy\u017eaduje \u017e\u00e1dn\u00e9 zvl\u00e1\u0161tn\u00ed dovednosti. Je to jemn\u00fd \u010dajov\u00fd pr\u00e1\u0161ek, kter\u00fd se sm\u00edch\u00e1 s vodou.\" \/>\n<meta name=\"robots\" content=\"index, follow, max-snippet:-1, max-image-preview:large, max-video-preview:-1\" \/>\n<link rel=\"canonical\" href=\"https:\/\/matchamoya.cz\/en\/jak-pripravit-matchu\/\" \/>\n<meta property=\"og:locale\" content=\"en_US\" \/>\n<meta property=\"og:type\" content=\"article\" \/>\n<meta property=\"og:title\" content=\"Matcha Moya | Jak p\u0159ipravit lahodn\u00fd n\u00e1poj matcha?\" \/>\n<meta property=\"og:description\" content=\"P\u0159\u00edprava \u010daje matcha nen\u00ed \u010dasov\u011b n\u00e1ro\u010dn\u00e1, a nevy\u017eaduje \u017e\u00e1dn\u00e9 zvl\u00e1\u0161tn\u00ed dovednosti. Je to jemn\u00fd \u010dajov\u00fd pr\u00e1\u0161ek, kter\u00fd se sm\u00edch\u00e1 s vodou.\" \/>\n<meta property=\"og:url\" content=\"https:\/\/matchamoya.cz\/en\/jak-pripravit-matchu\/\" \/>\n<meta property=\"og:site_name\" content=\"Matcha Moya\" \/>\n<meta property=\"article:modified_time\" content=\"2021-03-24T18:46:31+00:00\" \/>\n<meta name=\"twitter:card\" content=\"summary_large_image\" \/>\n<meta name=\"twitter:label1\" content=\"Est. reading time\" \/>\n\t<meta name=\"twitter:data1\" content=\"1 minute\" \/>\n<!-- \/ Yoast SEO plugin. -->","yoast_head_json":{"title":"Matcha Moya | Jak p\u0159ipravit lahodn\u00fd n\u00e1poj matcha?","description":"P\u0159\u00edprava \u010daje matcha nen\u00ed \u010dasov\u011b n\u00e1ro\u010dn\u00e1, a nevy\u017eaduje \u017e\u00e1dn\u00e9 zvl\u00e1\u0161tn\u00ed dovednosti. Je to jemn\u00fd \u010dajov\u00fd pr\u00e1\u0161ek, kter\u00fd se sm\u00edch\u00e1 s vodou.","robots":{"index":"index","follow":"follow","max-snippet":"max-snippet:-1","max-image-preview":"max-image-preview:large","max-video-preview":"max-video-preview:-1"},"canonical":"https:\/\/matchamoya.cz\/en\/jak-pripravit-matchu\/","og_locale":"en_US","og_type":"article","og_title":"Matcha Moya | Jak p\u0159ipravit lahodn\u00fd n\u00e1poj matcha?","og_description":"P\u0159\u00edprava \u010daje matcha nen\u00ed \u010dasov\u011b n\u00e1ro\u010dn\u00e1, a nevy\u017eaduje \u017e\u00e1dn\u00e9 zvl\u00e1\u0161tn\u00ed dovednosti. Je to jemn\u00fd \u010dajov\u00fd pr\u00e1\u0161ek, kter\u00fd se sm\u00edch\u00e1 s vodou.","og_url":"https:\/\/matchamoya.cz\/en\/jak-pripravit-matchu\/","og_site_name":"Matcha Moya","article_modified_time":"2021-03-24T18:46:31+00:00","twitter_card":"summary_large_image","twitter_misc":{"Est. reading time":"1 minute"},"schema":{"@context":"https:\/\/schema.org","@graph":[{"@type":"WebPage","@id":"https:\/\/matchamoya.cz\/en\/jak-pripravit-matchu\/","url":"https:\/\/matchamoya.cz\/en\/jak-pripravit-matchu\/","name":"Matcha Moya | Jak p\u0159ipravit lahodn\u00fd n\u00e1poj matcha?","isPartOf":{"@id":"https:\/\/matchamoya.cz\/en\/#website"},"datePublished":"2020-04-26T13:40:16+00:00","dateModified":"2021-03-24T18:46:31+00:00","description":"P\u0159\u00edprava \u010daje matcha nen\u00ed \u010dasov\u011b n\u00e1ro\u010dn\u00e1, a nevy\u017eaduje \u017e\u00e1dn\u00e9 zvl\u00e1\u0161tn\u00ed dovednosti. Je to jemn\u00fd \u010dajov\u00fd pr\u00e1\u0161ek, kter\u00fd se sm\u00edch\u00e1 s vodou.","breadcrumb":{"@id":"https:\/\/matchamoya.cz\/en\/jak-pripravit-matchu\/#breadcrumb"},"inLanguage":"en-US","potentialAction":[{"@type":"ReadAction","target":["https:\/\/matchamoya.cz\/en\/jak-pripravit-matchu\/"]}]},{"@type":"BreadcrumbList","@id":"https:\/\/matchamoya.cz\/en\/jak-pripravit-matchu\/#breadcrumb","itemListElement":[{"@type":"ListItem","position":1,"name":"Dom\u016f","item":"https:\/\/matchamoya.cz\/"},{"@type":"ListItem","position":2,"name":"Jak p\u0159ipravit matchu?"}]},{"@type":"WebSite","@id":"https:\/\/matchamoya.cz\/en\/#website","url":"https:\/\/matchamoya.cz\/en\/","name":"Matcha Moya","description":"Matcha Moya","publisher":{"@id":"https:\/\/matchamoya.cz\/en\/#organization"},"potentialAction":[{"@type":"SearchAction","target":{"@type":"EntryPoint","urlTemplate":"https:\/\/matchamoya.cz\/en\/?s={search_term_string}"},"query-input":{"@type":"PropertyValueSpecification","valueRequired":true,"valueName":"search_term_string"}}],"inLanguage":"en-US"},{"@type":"Organization","@id":"https:\/\/matchamoya.cz\/en\/#organization","name":"Moya Matcha","url":"https:\/\/matchamoya.cz\/en\/","logo":{"@type":"ImageObject","inLanguage":"en-US","@id":"https:\/\/matchamoya.cz\/en\/#\/schema\/logo\/image\/","url":"https:\/\/matchamoya.cz\/wp-content\/uploads\/2020\/03\/MOYA_Logo_Green-Black_02.png","contentUrl":"https:\/\/matchamoya.cz\/wp-content\/uploads\/2020\/03\/MOYA_Logo_Green-Black_02.png","width":313,"height":310,"caption":"Moya Matcha"},"image":{"@id":"https:\/\/matchamoya.cz\/en\/#\/schema\/logo\/image\/"}}]}},"_links":{"self":[{"href":"https:\/\/matchamoya.cz\/en\/wp-json\/wp\/v2\/pages\/505"}],"collection":[{"href":"https:\/\/matchamoya.cz\/en\/wp-json\/wp\/v2\/pages"}],"about":[{"href":"https:\/\/matchamoya.cz\/en\/wp-json\/wp\/v2\/types\/page"}],"author":[{"embeddable":true,"href":"https:\/\/matchamoya.cz\/en\/wp-json\/wp\/v2\/users\/1"}],"replies":[{"embeddable":true,"href":"https:\/\/matchamoya.cz\/en\/wp-json\/wp\/v2\/comments?post=505"}],"version-history":[{"count":5,"href":"https:\/\/matchamoya.cz\/en\/wp-json\/wp\/v2\/pages\/505\/revisions"}],"predecessor-version":[{"id":1233,"href":"https:\/\/matchamoya.cz\/en\/wp-json\/wp\/v2\/pages\/505\/revisions\/1233"}],"wp:attachment":[{"href":"https:\/\/matchamoya.cz\/en\/wp-json\/wp\/v2\/media?parent=505"}],"curies":[{"name":"wp","href":"https:\/\/api.w.org\/{rel}","templated":true}]}}