{"id":511,"date":"2020-04-26T13:45:39","date_gmt":"2020-04-26T13:45:39","guid":{"rendered":"http:\/\/matchamoya.cz\/?page_id=511"},"modified":"2020-04-26T14:29:50","modified_gmt":"2020-04-26T14:29:50","slug":"historie-matcha","status":"publish","type":"page","link":"https:\/\/matchamoya.cz\/en\/historie-matcha\/","title":{"rendered":"Historie matcha"},"content":{"rendered":"<div id=\"page-header-1092425156\" class=\"page-header-wrapper\">\n  <div class=\"page-title light simple-title box-shadow-3\">\n\n        <div class=\"page-title-bg\">\n      <div class=\"title-bg fill bg-fill\"\n        data-parallax-container=\".page-title\"\n        data-parallax-background\n data-parallax=\"-\">\n      <\/div>\n      <div class=\"title-overlay fill\"><\/div>\n    <\/div>\n    \n    <div class=\"page-title-inner container align-center text-center flex-row-col medium-flex-wrap\" >\n              <div class=\"title-wrapper is-large flex-col\">\n          <h1 class=\"entry-title mb-0\">\n            Historie matcha          <\/h1>\n        <\/div>\n                    <div class=\"title-content flex-col\">\n        <div class=\"title-breadcrumbs pb-half pt-half\"><\/div>      <\/div>\n    <\/div><!-- flex-row -->\n\n     \n<style scope=\"scope\">\n\n#page-header-1092425156 .title-bg {\n  background-image: url(https:\/\/matchamoya.cz\/wp-content\/uploads\/2020\/04\/Obr\u00e1zek1-10.png);\n}\n#page-header-1092425156 .title-overlay {\n  background-color: rgba(255, 255, 255, 0.55);\n}\n#page-header-1092425156 {\n  background-color: rgb(239, 239, 239);\n}\n<\/style>\n  <\/div><!-- .page-title -->\n    <\/div><!-- .page-header-wrapper -->\n  \n<div class=\"is-divider divider clearfix\" style=\"max-width:0px;height:34px;\"><\/div><!-- .divider -->\n<h2>Historie matcha<\/h2>\n<p>Historie zelen\u00e9ho \u010daje v \u010c\u00edn\u011b sah\u00e1 a\u017e do 8. stolet\u00ed a zp\u016fsob v\u00fdroby pr\u00e1\u0161kov\u00e9ho \u010daje z list\u016f se stal popul\u00e1rn\u00ed ve 12. stolet\u00ed. \u010caj matcha objevil buddhistick\u00fd mnich Myoan Eisai a p\u0159inesl ho do Japonska. Esai si uv\u011bdomil, \u017ee pit\u00ed matcha zlep\u0161ilo jeho zenov\u00e9 medita\u010dn\u00ed sezen\u00ed t\u00edm, \u017ee vyvolalo stav klidn\u00e9 bd\u011blosti. (Dnes v\u00edme, \u017ee je to d\u00edky vz\u00e1jemn\u00e9mu p\u016fsoben\u00ed kofeinu matcha a L-theaninu). Pit\u00ed \u010daje matcha nejen napom\u00e1hala medita\u010dn\u00edm snah\u00e1m zensk\u00fdch mnich\u016f, ale tak\u00e9 se stalo prost\u0159edkem k dosa\u017een\u00ed osv\u00edcen\u00ed v tradi\u010dn\u00ed japonsk\u00e9 kultu\u0159e.<\/p>\n<p>Ob\u011btov\u00e1n\u00ed misky n\u00e1poje Buddhovi bylo sou\u010d\u00e1st\u00ed ka\u017edodenn\u00edch chr\u00e1mov\u00fdch praktik. Skromn\u00e1 forma \u010dajov\u00e9ho ob\u0159adu, kter\u00fd p\u0159e\u017eil dodnes, a jeho poselstv\u00ed kr\u00e1sy obsa\u017een\u00e9 v jednoduchosti evokuj\u00edc\u00ed obdiv i na Z\u00e1pad\u011b, se objevilo v 16. stolet\u00ed. Dnes tradi\u010dn\u00ed \u010dajov\u00fd ob\u0159ad matcha poskytuje p\u0159\u00edle\u017eitosti pro setk\u00e1v\u00e1n\u00ed, intelektu\u00e1ln\u00ed v\u00fdm\u011bnu, prohlubuje erudici a je v\u00fdrazem p\u00e9\u010de a kontinuity tradice.<\/p>\n<p><img loading=\"lazy\" decoding=\"async\" class=\"aligncenter wp-image-513\" src=\"http:\/\/matchamoya.cz\/wp-content\/uploads\/2020\/04\/Obr\u00e1zek1-10.png\" alt=\"Historie Matcha\" width=\"517\" height=\"347\" srcset=\"https:\/\/matchamoya.cz\/wp-content\/uploads\/2020\/04\/Obr\u00e1zek1-10.png 760w, https:\/\/matchamoya.cz\/wp-content\/uploads\/2020\/04\/Obr\u00e1zek1-10-596x400.png 596w, https:\/\/matchamoya.cz\/wp-content\/uploads\/2020\/04\/Obr\u00e1zek1-10-600x403.png 600w\" sizes=\"(max-width: 517px) 100vw, 517px\" \/><\/p>","protected":false},"excerpt":{"rendered":"<p>Historie matcha Historie zelen\u00e9ho \u010daje v \u010c\u00edn\u011b sah\u00e1 a\u017e do 8. stolet\u00ed a zp\u016fsob v\u00fdroby pr\u00e1\u0161kov\u00e9ho \u010daje z list\u016f se stal popul\u00e1rn\u00ed ve 12. stolet\u00ed. \u010caj matcha objevil buddhistick\u00fd mnich Myoan Eisai a p\u0159inesl ho do Japonska. Esai si uv\u011bdomil, \u017ee pit\u00ed matcha zlep\u0161ilo jeho zenov\u00e9 medita\u010dn\u00ed sezen\u00ed t\u00edm, \u017ee vyvolalo stav klidn\u00e9 bd\u011blosti. (Dnes [&#8230;]","protected":false},"author":1,"featured_media":0,"parent":0,"menu_order":0,"comment_status":"closed","ping_status":"closed","template":"","meta":{"footnotes":""},"class_list":["post-511","page","type-page","status-publish","hentry"],"yoast_head":"<!-- This site is optimized with the Yoast SEO plugin v23.4 - https:\/\/yoast.com\/wordpress\/plugins\/seo\/ -->\n<title>Historie matcha | Matcha Moya<\/title>\n<meta name=\"robots\" content=\"index, follow, max-snippet:-1, max-image-preview:large, max-video-preview:-1\" \/>\n<link rel=\"canonical\" href=\"https:\/\/matchamoya.cz\/en\/historie-matcha\/\" \/>\n<meta property=\"og:locale\" content=\"en_US\" \/>\n<meta property=\"og:type\" content=\"article\" \/>\n<meta property=\"og:title\" content=\"Historie matcha | Matcha Moya\" \/>\n<meta property=\"og:description\" content=\"Historie matcha Historie zelen\u00e9ho \u010daje v \u010c\u00edn\u011b sah\u00e1 a\u017e do 8. stolet\u00ed a zp\u016fsob v\u00fdroby pr\u00e1\u0161kov\u00e9ho \u010daje z list\u016f se stal popul\u00e1rn\u00ed ve 12. stolet\u00ed. \u010caj matcha objevil buddhistick\u00fd mnich Myoan Eisai a p\u0159inesl ho do Japonska. Esai si uv\u011bdomil, \u017ee pit\u00ed matcha zlep\u0161ilo jeho zenov\u00e9 medita\u010dn\u00ed sezen\u00ed t\u00edm, \u017ee vyvolalo stav klidn\u00e9 bd\u011blosti. (Dnes [...]\" \/>\n<meta property=\"og:url\" content=\"https:\/\/matchamoya.cz\/en\/historie-matcha\/\" \/>\n<meta property=\"og:site_name\" content=\"Matcha Moya\" \/>\n<meta property=\"article:modified_time\" content=\"2020-04-26T14:29:50+00:00\" \/>\n<meta property=\"og:image\" content=\"http:\/\/matchamoya.cz\/wp-content\/uploads\/2020\/04\/Obr\u00e1zek1-10.png\" \/>\n<meta name=\"twitter:card\" content=\"summary_large_image\" \/>\n<meta name=\"twitter:label1\" content=\"Est. reading time\" \/>\n\t<meta name=\"twitter:data1\" content=\"1 minute\" \/>\n<!-- \/ Yoast SEO plugin. -->","yoast_head_json":{"title":"Historie matcha | Matcha Moya","robots":{"index":"index","follow":"follow","max-snippet":"max-snippet:-1","max-image-preview":"max-image-preview:large","max-video-preview":"max-video-preview:-1"},"canonical":"https:\/\/matchamoya.cz\/en\/historie-matcha\/","og_locale":"en_US","og_type":"article","og_title":"Historie matcha | Matcha Moya","og_description":"Historie matcha Historie zelen\u00e9ho \u010daje v \u010c\u00edn\u011b sah\u00e1 a\u017e do 8. stolet\u00ed a zp\u016fsob v\u00fdroby pr\u00e1\u0161kov\u00e9ho \u010daje z list\u016f se stal popul\u00e1rn\u00ed ve 12. stolet\u00ed. \u010caj matcha objevil buddhistick\u00fd mnich Myoan Eisai a p\u0159inesl ho do Japonska. Esai si uv\u011bdomil, \u017ee pit\u00ed matcha zlep\u0161ilo jeho zenov\u00e9 medita\u010dn\u00ed sezen\u00ed t\u00edm, \u017ee vyvolalo stav klidn\u00e9 bd\u011blosti. (Dnes [...]","og_url":"https:\/\/matchamoya.cz\/en\/historie-matcha\/","og_site_name":"Matcha Moya","article_modified_time":"2020-04-26T14:29:50+00:00","og_image":[{"url":"http:\/\/matchamoya.cz\/wp-content\/uploads\/2020\/04\/Obr\u00e1zek1-10.png"}],"twitter_card":"summary_large_image","twitter_misc":{"Est. reading time":"1 minute"},"schema":{"@context":"https:\/\/schema.org","@graph":[{"@type":"WebPage","@id":"https:\/\/matchamoya.cz\/en\/historie-matcha\/","url":"https:\/\/matchamoya.cz\/en\/historie-matcha\/","name":"Historie matcha | Matcha Moya","isPartOf":{"@id":"https:\/\/matchamoya.cz\/en\/#website"},"datePublished":"2020-04-26T13:45:39+00:00","dateModified":"2020-04-26T14:29:50+00:00","breadcrumb":{"@id":"https:\/\/matchamoya.cz\/en\/historie-matcha\/#breadcrumb"},"inLanguage":"en-US","potentialAction":[{"@type":"ReadAction","target":["https:\/\/matchamoya.cz\/en\/historie-matcha\/"]}]},{"@type":"BreadcrumbList","@id":"https:\/\/matchamoya.cz\/en\/historie-matcha\/#breadcrumb","itemListElement":[{"@type":"ListItem","position":1,"name":"Dom\u016f","item":"https:\/\/matchamoya.cz\/"},{"@type":"ListItem","position":2,"name":"Historie matcha"}]},{"@type":"WebSite","@id":"https:\/\/matchamoya.cz\/en\/#website","url":"https:\/\/matchamoya.cz\/en\/","name":"Matcha Moya","description":"Matcha Moya","publisher":{"@id":"https:\/\/matchamoya.cz\/en\/#organization"},"potentialAction":[{"@type":"SearchAction","target":{"@type":"EntryPoint","urlTemplate":"https:\/\/matchamoya.cz\/en\/?s={search_term_string}"},"query-input":{"@type":"PropertyValueSpecification","valueRequired":true,"valueName":"search_term_string"}}],"inLanguage":"en-US"},{"@type":"Organization","@id":"https:\/\/matchamoya.cz\/en\/#organization","name":"Moya Matcha","url":"https:\/\/matchamoya.cz\/en\/","logo":{"@type":"ImageObject","inLanguage":"en-US","@id":"https:\/\/matchamoya.cz\/en\/#\/schema\/logo\/image\/","url":"https:\/\/matchamoya.cz\/wp-content\/uploads\/2020\/03\/MOYA_Logo_Green-Black_02.png","contentUrl":"https:\/\/matchamoya.cz\/wp-content\/uploads\/2020\/03\/MOYA_Logo_Green-Black_02.png","width":313,"height":310,"caption":"Moya Matcha"},"image":{"@id":"https:\/\/matchamoya.cz\/en\/#\/schema\/logo\/image\/"}}]}},"_links":{"self":[{"href":"https:\/\/matchamoya.cz\/en\/wp-json\/wp\/v2\/pages\/511"}],"collection":[{"href":"https:\/\/matchamoya.cz\/en\/wp-json\/wp\/v2\/pages"}],"about":[{"href":"https:\/\/matchamoya.cz\/en\/wp-json\/wp\/v2\/types\/page"}],"author":[{"embeddable":true,"href":"https:\/\/matchamoya.cz\/en\/wp-json\/wp\/v2\/users\/1"}],"replies":[{"embeddable":true,"href":"https:\/\/matchamoya.cz\/en\/wp-json\/wp\/v2\/comments?post=511"}],"version-history":[{"count":0,"href":"https:\/\/matchamoya.cz\/en\/wp-json\/wp\/v2\/pages\/511\/revisions"}],"wp:attachment":[{"href":"https:\/\/matchamoya.cz\/en\/wp-json\/wp\/v2\/media?parent=511"}],"curies":[{"name":"wp","href":"https:\/\/api.w.org\/{rel}","templated":true}]}}