{"id":64,"date":"2015-11-19T10:40:52","date_gmt":"2015-11-19T10:40:52","guid":{"rendered":"http:\/\/flatsome.dev\/cart\/"},"modified":"2024-09-23T14:26:49","modified_gmt":"2024-09-23T14:26:49","slug":"kosik","status":"publish","type":"page","link":"https:\/\/matchamoya.cz\/en\/kosik\/","title":{"rendered":"Cart"},"content":{"rendered":"<div data-elementor-type=\"wp-page\" data-elementor-id=\"64\" class=\"elementor elementor-64\">\n\t\t\t\t\t\t\t\t\t<section class=\"elementor-section elementor-top-section elementor-element elementor-element-1c5746a5 elementor-section-boxed elementor-section-height-default elementor-section-height-default\" data-id=\"1c5746a5\" data-element_type=\"section\">\n\t\t\t\t\t\t<div class=\"elementor-container elementor-column-gap-default\">\n\t\t\t\t\t<div class=\"elementor-column elementor-col-100 elementor-top-column elementor-element elementor-element-26524eab\" data-id=\"26524eab\" data-element_type=\"column\">\n\t\t\t<div class=\"elementor-widget-wrap elementor-element-populated\">\n\t\t\t\t\t\t\t\t<div class=\"elementor-element elementor-element-782d798 elementor-widget elementor-widget-alert\" data-id=\"782d798\" data-element_type=\"widget\" data-widget_type=\"alert.default\">\n\t\t\t\t<div class=\"elementor-widget-container\">\n\t\t\t\t\t<div class=\"elementor-alert elementor-alert-info\" role=\"alert\">\n\t\t\t<span class=\"elementor-alert-title\">Doru\u010dujeme tak\u00e9 na Slovensko!<\/span>\n\t\t\t\t\t\t\t<span class=\"elementor-alert-description\">Va\u0161e obl\u00edben\u00e9 produkty nyn\u00ed m\u016f\u017eete objedn\u00e1vat kdekoliv na Slovensku. Roz\u0161\u00ed\u0159ili jsme na\u0161e logistick\u00e9 mo\u017enosti, abychom zajistili, \u017ee va\u0161e objedn\u00e1vky budou doru\u010deny p\u0159\u00edmo k v\u00e1m dom\u016f nebo do kancel\u00e1\u0159e s maxim\u00e1ln\u00ed pohodlnost\u00ed.<\/span>\n\t\t\t\t\t\t\t\t<\/div>\n\t\t\t\t<\/div>\n\t\t\t\t<\/div>\n\t\t\t\t<div class=\"elementor-element elementor-element-aa9f887 elementor-widget elementor-widget-shortcode\" data-id=\"aa9f887\" data-element_type=\"widget\" data-widget_type=\"shortcode.default\">\n\t\t\t\t<div class=\"elementor-widget-container\">\n\t\t\t\t\t<div class=\"elementor-shortcode\"><\/div>\n\t\t\t\t<\/div>\n\t\t\t\t<\/div>\n\t\t\t\t\t<\/div>\n\t\t<\/div>\n\t\t\t\t\t\t\t<\/div>\n\t\t<\/section>\n\t\t\t\t\t\t\t<\/div>","protected":false},"excerpt":{"rendered":"<p>Doru\u010dujeme tak\u00e9 na Slovensko! Va\u0161e obl\u00edben\u00e9 produkty nyn\u00ed m\u016f\u017eete objedn\u00e1vat kdekoliv na Slovensku. Roz\u0161\u00ed\u0159ili jsme na\u0161e logistick\u00e9 mo\u017enosti, abychom zajistili, \u017ee va\u0161e objedn\u00e1vky budou doru\u010deny p\u0159\u00edmo k v\u00e1m dom\u016f nebo do kancel\u00e1\u0159e s maxim\u00e1ln\u00ed pohodlnost\u00ed.<\/p>","protected":false},"author":1,"featured_media":0,"parent":0,"menu_order":0,"comment_status":"closed","ping_status":"closed","template":"","meta":{"footnotes":""},"class_list":["post-64","page","type-page","status-publish","hentry"],"yoast_head":"<!-- This site is optimized with the Yoast SEO plugin v23.4 - https:\/\/yoast.com\/wordpress\/plugins\/seo\/ -->\n<title>Kosik | Matcha Moya<\/title>\n<meta name=\"robots\" content=\"index, follow, max-snippet:-1, max-image-preview:large, max-video-preview:-1\" \/>\n<link rel=\"canonical\" href=\"https:\/\/matchamoya.cz\/en\/kosik\/\" \/>\n<meta property=\"og:locale\" content=\"en_US\" \/>\n<meta property=\"og:type\" content=\"article\" \/>\n<meta property=\"og:title\" content=\"Kosik | Matcha Moya\" \/>\n<meta property=\"og:description\" content=\"Doru\u010dujeme tak\u00e9 na Slovensko! Va\u0161e obl\u00edben\u00e9 produkty nyn\u00ed m\u016f\u017eete objedn\u00e1vat kdekoliv na Slovensku. Roz\u0161\u00ed\u0159ili jsme na\u0161e logistick\u00e9 mo\u017enosti, abychom zajistili, \u017ee va\u0161e objedn\u00e1vky budou doru\u010deny p\u0159\u00edmo k v\u00e1m dom\u016f nebo do kancel\u00e1\u0159e s maxim\u00e1ln\u00ed pohodlnost\u00ed.\" \/>\n<meta property=\"og:url\" content=\"https:\/\/matchamoya.cz\/en\/kosik\/\" \/>\n<meta property=\"og:site_name\" content=\"Matcha Moya\" \/>\n<meta property=\"article:modified_time\" content=\"2024-09-23T14:26:49+00:00\" \/>\n<meta name=\"twitter:card\" content=\"summary_large_image\" \/>\n<meta name=\"twitter:label1\" content=\"Est. reading time\" \/>\n\t<meta name=\"twitter:data1\" content=\"1 minute\" \/>\n<!-- \/ Yoast SEO plugin. -->","yoast_head_json":{"title":"Kosik | Matcha Moya","robots":{"index":"index","follow":"follow","max-snippet":"max-snippet:-1","max-image-preview":"max-image-preview:large","max-video-preview":"max-video-preview:-1"},"canonical":"https:\/\/matchamoya.cz\/en\/kosik\/","og_locale":"en_US","og_type":"article","og_title":"Kosik | Matcha Moya","og_description":"Doru\u010dujeme tak\u00e9 na Slovensko! Va\u0161e obl\u00edben\u00e9 produkty nyn\u00ed m\u016f\u017eete objedn\u00e1vat kdekoliv na Slovensku. Roz\u0161\u00ed\u0159ili jsme na\u0161e logistick\u00e9 mo\u017enosti, abychom zajistili, \u017ee va\u0161e objedn\u00e1vky budou doru\u010deny p\u0159\u00edmo k v\u00e1m dom\u016f nebo do kancel\u00e1\u0159e s maxim\u00e1ln\u00ed pohodlnost\u00ed.","og_url":"https:\/\/matchamoya.cz\/en\/kosik\/","og_site_name":"Matcha Moya","article_modified_time":"2024-09-23T14:26:49+00:00","twitter_card":"summary_large_image","twitter_misc":{"Est. reading time":"1 minute"},"schema":{"@context":"https:\/\/schema.org","@graph":[{"@type":"WebPage","@id":"https:\/\/matchamoya.cz\/en\/kosik\/","url":"https:\/\/matchamoya.cz\/en\/kosik\/","name":"Kosik | Matcha Moya","isPartOf":{"@id":"https:\/\/matchamoya.cz\/en\/#website"},"datePublished":"2015-11-19T10:40:52+00:00","dateModified":"2024-09-23T14:26:49+00:00","breadcrumb":{"@id":"https:\/\/matchamoya.cz\/en\/kosik\/#breadcrumb"},"inLanguage":"en-US","potentialAction":[{"@type":"ReadAction","target":["https:\/\/matchamoya.cz\/en\/kosik\/"]}]},{"@type":"BreadcrumbList","@id":"https:\/\/matchamoya.cz\/en\/kosik\/#breadcrumb","itemListElement":[{"@type":"ListItem","position":1,"name":"Dom\u016f","item":"https:\/\/matchamoya.cz\/"},{"@type":"ListItem","position":2,"name":"Cart"}]},{"@type":"WebSite","@id":"https:\/\/matchamoya.cz\/en\/#website","url":"https:\/\/matchamoya.cz\/en\/","name":"Matcha Moya","description":"Matcha Moya","publisher":{"@id":"https:\/\/matchamoya.cz\/en\/#organization"},"potentialAction":[{"@type":"SearchAction","target":{"@type":"EntryPoint","urlTemplate":"https:\/\/matchamoya.cz\/en\/?s={search_term_string}"},"query-input":{"@type":"PropertyValueSpecification","valueRequired":true,"valueName":"search_term_string"}}],"inLanguage":"en-US"},{"@type":"Organization","@id":"https:\/\/matchamoya.cz\/en\/#organization","name":"Moya Matcha","url":"https:\/\/matchamoya.cz\/en\/","logo":{"@type":"ImageObject","inLanguage":"en-US","@id":"https:\/\/matchamoya.cz\/en\/#\/schema\/logo\/image\/","url":"https:\/\/matchamoya.cz\/wp-content\/uploads\/2020\/03\/MOYA_Logo_Green-Black_02.png","contentUrl":"https:\/\/matchamoya.cz\/wp-content\/uploads\/2020\/03\/MOYA_Logo_Green-Black_02.png","width":313,"height":310,"caption":"Moya Matcha"},"image":{"@id":"https:\/\/matchamoya.cz\/en\/#\/schema\/logo\/image\/"}}]}},"_links":{"self":[{"href":"https:\/\/matchamoya.cz\/en\/wp-json\/wp\/v2\/pages\/64"}],"collection":[{"href":"https:\/\/matchamoya.cz\/en\/wp-json\/wp\/v2\/pages"}],"about":[{"href":"https:\/\/matchamoya.cz\/en\/wp-json\/wp\/v2\/types\/page"}],"author":[{"embeddable":true,"href":"https:\/\/matchamoya.cz\/en\/wp-json\/wp\/v2\/users\/1"}],"replies":[{"embeddable":true,"href":"https:\/\/matchamoya.cz\/en\/wp-json\/wp\/v2\/comments?post=64"}],"version-history":[{"count":18,"href":"https:\/\/matchamoya.cz\/en\/wp-json\/wp\/v2\/pages\/64\/revisions"}],"predecessor-version":[{"id":2541,"href":"https:\/\/matchamoya.cz\/en\/wp-json\/wp\/v2\/pages\/64\/revisions\/2541"}],"wp:attachment":[{"href":"https:\/\/matchamoya.cz\/en\/wp-json\/wp\/v2\/media?parent=64"}],"curies":[{"name":"wp","href":"https:\/\/api.w.org\/{rel}","templated":true}]}}