{"id":89,"date":"2013-08-11T19:22:53","date_gmt":"2013-08-11T19:22:53","guid":{"rendered":"http:\/\/localhost:8888\/test\/?page_id=532"},"modified":"2021-12-20T18:36:55","modified_gmt":"2021-12-20T18:36:55","slug":"kontakt","status":"publish","type":"page","link":"https:\/\/matchamoya.cz\/en\/kontakt\/","title":{"rendered":"Kontakt"},"content":{"rendered":"<div class=\"banner has-hover\" id=\"banner-255781728\">\n          <div class=\"banner-inner fill\">\n        <div class=\"banner-bg fill\" >\n            <div class=\"bg fill bg-fill\"><\/div>\n                        <div class=\"overlay\"><\/div>            \n                    <\/div><!-- bg-layers -->\n        <div class=\"banner-layers container\">\n            <div class=\"fill banner-link\"><\/div>            \n   <div id=\"text-box-1236125564\" class=\"text-box banner-layer x50 md-x50 lg-x50 y50 md-y50 lg-y50 res-text\">\n                                <div class=\"text dark\">\n              \n              <div class=\"text-inner text-center\">\n                  \n<h3 class=\"uppercase\"><strong>KONTAKT<\/strong><\/h3>\n              <\/div>\n           <\/div><!-- text-box-inner -->\n                            \n<style scope=\"scope\">\n\n#text-box-1236125564 {\n  width: 60%;\n}\n#text-box-1236125564 .text {\n  font-size: 100%;\n}\n<\/style>\n    <\/div><!-- text-box -->\n \n        <\/div><!-- .banner-layers -->\n      <\/div><!-- .banner-inner -->\n\n            \n<style scope=\"scope\">\n\n#banner-255781728 {\n  padding-top: 177px;\n}\n#banner-255781728 .bg.bg-loaded {\n  background-image: url(https:\/\/matchamoya.cz\/wp-content\/uploads\/2020\/03\/561-1195x800.jpg);\n}\n#banner-255781728 .overlay {\n  background-color: rgba(0, 0, 0, 0.71);\n}\n<\/style>\n  <\/div><!-- .banner -->\n\n\n<div class=\"is-divider divider clearfix\" ><\/div><!-- .divider -->\n<p style=\"text-align: center;\"><span style=\"color: #282828;\"><strong>V\u00fdhradn\u00ed distributor zna\u010dky MOYA JAPAN (53, Minamihonjukucho, Asahi-Ku, Yokohama, Kanagawa, Japan 241-0833) pro \u010ceskou republiku<\/strong><\/span><\/p>\n<p style=\"text-align: center;\">Jsme specialisti na japonsk\u00fd zelen\u00fd \u010daj matcha a sypan\u00e9 zelen\u00e9 \u010daje z oblasti Kagoshima.<\/p>\n<p style=\"text-align: center;\">Sv\u00e9 dotazy a m\u016f\u017eete tak\u00e9 zas\u00edlat na emailovou adresu <span style=\"color: #282828;\"><strong>david@bglobal.cz <\/strong><\/span><\/p>\n<p style=\"text-align: center;\">Dotazy, objedn\u00e1vky, velkoobchod tel. <span style=\"color: #282828;\"><strong>+420 724 123 705<\/strong><\/span><\/p>\n<div class=\"row\"  id=\"row-1664585101\">\n<div class=\"col medium-6 large-6\"  ><div class=\"col-inner\"  >\n<div class=\"container section-title-container\" ><h3 class=\"section-title section-title-normal\"><b><\/b><span class=\"section-title-main\" >Faktura\u010dn\u00ed adresa<\/span><b><\/b><\/h3><\/div><!-- .section-title -->\n<p>B.GLOBAL ent., s.r.o.<\/p>\n<p>K\u0159i\u017eovnick\u00e1 86\/6, Star\u00e9 M\u011bsto, 110 00 Praha 1<\/p>\n<p>I\u010cO: 06631282, DI\u010c: CZ06631282<\/p>\n<div class=\"container section-title-container\" ><h3 class=\"section-title section-title-normal\"><b><\/b><span class=\"section-title-main\" >KORESPONDEN\u010cN\u00cd ADRESA<\/span><b><\/b><\/h3><\/div><!-- .section-title -->\n<p>B.GLOBAL ent. s.r.o.\u00a0<\/p>\n<p>Tu\u0159any 196, 27379 Tu\u0159any u Slan\u00e9ho\u00a0<\/p>\n<p>I\u010cO: 06631282, DI\u010c: CZ06631282<\/p>\n<\/div><\/div>\n<div class=\"col medium-6 large-6\"  ><div class=\"col-inner text-center\"  >\n\t<div class=\"img has-hover x md-x lg-x y md-y lg-y\" id=\"image_391241805\">\n\t\t\t\t\t\t\t\t<div class=\"img-inner dark\" >\n\t\t\t<img loading=\"lazy\" decoding=\"async\" width=\"440\" height=\"400\" src=\"https:\/\/matchamoya.cz\/wp-content\/uploads\/2020\/04\/Sn\u00edmek-obrazovky-2020-04-12-v-13.35.07-440x400.png\" class=\"attachment-medium size-medium\" alt=\"B.Global Ent. logo\" srcset=\"https:\/\/matchamoya.cz\/wp-content\/uploads\/2020\/04\/Sn\u00edmek-obrazovky-2020-04-12-v-13.35.07-440x400.png 440w, https:\/\/matchamoya.cz\/wp-content\/uploads\/2020\/04\/Sn\u00edmek-obrazovky-2020-04-12-v-13.35.07.png 444w\" sizes=\"(max-width: 440px) 100vw, 440px\" \/>\t\t\t\t\t\t\n\t\t\t\t\t<\/div>\n\t\t\t\t\t\t\t\t\n<style scope=\"scope\">\n\n#image_391241805 {\n  width: 51%;\n}\n<\/style>\n\t<\/div>\n\t\n\t<div class=\"img has-hover x md-x lg-x y md-y lg-y\" id=\"image_289891706\">\n\t\t\t\t\t\t\t\t<div class=\"img-inner dark\" >\n\t\t\t<img loading=\"lazy\" decoding=\"async\" width=\"772\" height=\"479\" src=\"https:\/\/matchamoya.cz\/wp-content\/uploads\/2021\/04\/japonska-bio-organicka-cajova-farma-respekt-k-prirode-a-zdravi.jpg\" class=\"attachment-large size-large\" alt=\"japonska-bio-organicka-cajova-farma-respekt-k-prirode-a-zdravi\" srcset=\"https:\/\/matchamoya.cz\/wp-content\/uploads\/2021\/04\/japonska-bio-organicka-cajova-farma-respekt-k-prirode-a-zdravi.jpg 772w, https:\/\/matchamoya.cz\/wp-content\/uploads\/2021\/04\/japonska-bio-organicka-cajova-farma-respekt-k-prirode-a-zdravi-645x400.jpg 645w, https:\/\/matchamoya.cz\/wp-content\/uploads\/2021\/04\/japonska-bio-organicka-cajova-farma-respekt-k-prirode-a-zdravi-768x477.jpg 768w, https:\/\/matchamoya.cz\/wp-content\/uploads\/2021\/04\/japonska-bio-organicka-cajova-farma-respekt-k-prirode-a-zdravi-16x10.jpg 16w, https:\/\/matchamoya.cz\/wp-content\/uploads\/2021\/04\/japonska-bio-organicka-cajova-farma-respekt-k-prirode-a-zdravi-600x372.jpg 600w\" sizes=\"(max-width: 772px) 100vw, 772px\" \/>\t\t\t\t\t\t\n\t\t\t\t\t<\/div>\n\t\t\t\t\t\t\t\t\n<style scope=\"scope\">\n\n#image_289891706 {\n  width: 75%;\n}\n<\/style>\n\t<\/div>\n\t\n<\/div><\/div>\n<\/div>","protected":false},"excerpt":{"rendered":"<p>V\u00fdhradn\u00ed distributor zna\u010dky MOYA JAPAN (53, Minamihonjukucho, Asahi-Ku, Yokohama, Kanagawa, Japan 241-0833) pro \u010ceskou republiku Jsme specialisti na japonsk\u00fd zelen\u00fd \u010daj matcha a sypan\u00e9 zelen\u00e9 \u010daje z oblasti Kagoshima. Sv\u00e9 dotazy a m\u016f\u017eete tak\u00e9 zas\u00edlat na emailovou adresu david@bglobal.cz Dotazy, objedn\u00e1vky, velkoobchod tel. +420 724 123 705<\/p>","protected":false},"author":1,"featured_media":13,"parent":0,"menu_order":0,"comment_status":"closed","ping_status":"closed","template":"page-blank.php","meta":{"footnotes":""},"class_list":["post-89","page","type-page","status-publish","has-post-thumbnail","hentry"],"yoast_head":"<!-- This site is optimized with the Yoast SEO plugin v23.4 - https:\/\/yoast.com\/wordpress\/plugins\/seo\/ -->\n<title>Matcha Moya | Kontakt - Specialisti na japonsk\u00fd zelen\u00fd \u010daj Matcha<\/title>\n<meta name=\"description\" content=\"Kontaktn\u00ed informace - specialisti na japonsk\u00fd zelen\u00fd \u010daj matcha v bio kvalit\u011b a sypan\u00e9 organick\u00e9 zelen\u00e9 \u010daje z oblasti Kagoshima.\" \/>\n<meta name=\"robots\" content=\"index, follow, max-snippet:-1, max-image-preview:large, max-video-preview:-1\" \/>\n<link rel=\"canonical\" href=\"https:\/\/matchamoya.cz\/en\/kontakt\/\" \/>\n<meta property=\"og:locale\" content=\"en_US\" \/>\n<meta property=\"og:type\" content=\"article\" \/>\n<meta property=\"og:title\" content=\"Matcha Moya | Kontakt - Specialisti na japonsk\u00fd zelen\u00fd \u010daj Matcha\" \/>\n<meta property=\"og:description\" content=\"Kontaktn\u00ed informace - specialisti na japonsk\u00fd zelen\u00fd \u010daj matcha v bio kvalit\u011b a sypan\u00e9 organick\u00e9 zelen\u00e9 \u010daje z oblasti Kagoshima.\" \/>\n<meta property=\"og:url\" content=\"https:\/\/matchamoya.cz\/en\/kontakt\/\" \/>\n<meta property=\"og:site_name\" content=\"Matcha Moya\" \/>\n<meta property=\"article:modified_time\" content=\"2021-12-20T18:36:55+00:00\" \/>\n<meta property=\"og:image\" content=\"https:\/\/matchamoya.cz\/wp-content\/uploads\/2016\/08\/dummy-1.jpg\" \/>\n\t<meta property=\"og:image:width\" content=\"400\" \/>\n\t<meta property=\"og:image:height\" content=\"260\" \/>\n\t<meta property=\"og:image:type\" content=\"image\/jpeg\" \/>\n<meta name=\"twitter:card\" content=\"summary_large_image\" \/>\n<meta name=\"twitter:label1\" content=\"Est. reading time\" \/>\n\t<meta name=\"twitter:data1\" content=\"1 minute\" \/>\n<!-- \/ Yoast SEO plugin. -->","yoast_head_json":{"title":"Matcha Moya | Kontakt - Specialisti na japonsk\u00fd zelen\u00fd \u010daj Matcha","description":"Kontaktn\u00ed informace - specialisti na japonsk\u00fd zelen\u00fd \u010daj matcha v bio kvalit\u011b a sypan\u00e9 organick\u00e9 zelen\u00e9 \u010daje z oblasti Kagoshima.","robots":{"index":"index","follow":"follow","max-snippet":"max-snippet:-1","max-image-preview":"max-image-preview:large","max-video-preview":"max-video-preview:-1"},"canonical":"https:\/\/matchamoya.cz\/en\/kontakt\/","og_locale":"en_US","og_type":"article","og_title":"Matcha Moya | Kontakt - Specialisti na japonsk\u00fd zelen\u00fd \u010daj Matcha","og_description":"Kontaktn\u00ed informace - specialisti na japonsk\u00fd zelen\u00fd \u010daj matcha v bio kvalit\u011b a sypan\u00e9 organick\u00e9 zelen\u00e9 \u010daje z oblasti Kagoshima.","og_url":"https:\/\/matchamoya.cz\/en\/kontakt\/","og_site_name":"Matcha Moya","article_modified_time":"2021-12-20T18:36:55+00:00","og_image":[{"width":400,"height":260,"url":"https:\/\/matchamoya.cz\/wp-content\/uploads\/2016\/08\/dummy-1.jpg","type":"image\/jpeg"}],"twitter_card":"summary_large_image","twitter_misc":{"Est. reading time":"1 minute"},"schema":{"@context":"https:\/\/schema.org","@graph":[{"@type":"WebPage","@id":"https:\/\/matchamoya.cz\/en\/kontakt\/","url":"https:\/\/matchamoya.cz\/en\/kontakt\/","name":"Matcha Moya | Kontakt - Specialisti na japonsk\u00fd zelen\u00fd \u010daj Matcha","isPartOf":{"@id":"https:\/\/matchamoya.cz\/en\/#website"},"primaryImageOfPage":{"@id":"https:\/\/matchamoya.cz\/en\/kontakt\/#primaryimage"},"image":{"@id":"https:\/\/matchamoya.cz\/en\/kontakt\/#primaryimage"},"thumbnailUrl":"https:\/\/matchamoya.cz\/wp-content\/uploads\/2016\/08\/dummy-1.jpg","datePublished":"2013-08-11T19:22:53+00:00","dateModified":"2021-12-20T18:36:55+00:00","description":"Kontaktn\u00ed informace - specialisti na japonsk\u00fd zelen\u00fd \u010daj matcha v bio kvalit\u011b a sypan\u00e9 organick\u00e9 zelen\u00e9 \u010daje z oblasti Kagoshima.","breadcrumb":{"@id":"https:\/\/matchamoya.cz\/en\/kontakt\/#breadcrumb"},"inLanguage":"en-US","potentialAction":[{"@type":"ReadAction","target":["https:\/\/matchamoya.cz\/en\/kontakt\/"]}]},{"@type":"ImageObject","inLanguage":"en-US","@id":"https:\/\/matchamoya.cz\/en\/kontakt\/#primaryimage","url":"https:\/\/matchamoya.cz\/wp-content\/uploads\/2016\/08\/dummy-1.jpg","contentUrl":"https:\/\/matchamoya.cz\/wp-content\/uploads\/2016\/08\/dummy-1.jpg","width":400,"height":260},{"@type":"BreadcrumbList","@id":"https:\/\/matchamoya.cz\/en\/kontakt\/#breadcrumb","itemListElement":[{"@type":"ListItem","position":1,"name":"Dom\u016f","item":"https:\/\/matchamoya.cz\/"},{"@type":"ListItem","position":2,"name":"Kontakt"}]},{"@type":"WebSite","@id":"https:\/\/matchamoya.cz\/en\/#website","url":"https:\/\/matchamoya.cz\/en\/","name":"Matcha Moya","description":"Matcha Moya","publisher":{"@id":"https:\/\/matchamoya.cz\/en\/#organization"},"potentialAction":[{"@type":"SearchAction","target":{"@type":"EntryPoint","urlTemplate":"https:\/\/matchamoya.cz\/en\/?s={search_term_string}"},"query-input":{"@type":"PropertyValueSpecification","valueRequired":true,"valueName":"search_term_string"}}],"inLanguage":"en-US"},{"@type":"Organization","@id":"https:\/\/matchamoya.cz\/en\/#organization","name":"Moya Matcha","url":"https:\/\/matchamoya.cz\/en\/","logo":{"@type":"ImageObject","inLanguage":"en-US","@id":"https:\/\/matchamoya.cz\/en\/#\/schema\/logo\/image\/","url":"https:\/\/matchamoya.cz\/wp-content\/uploads\/2020\/03\/MOYA_Logo_Green-Black_02.png","contentUrl":"https:\/\/matchamoya.cz\/wp-content\/uploads\/2020\/03\/MOYA_Logo_Green-Black_02.png","width":313,"height":310,"caption":"Moya Matcha"},"image":{"@id":"https:\/\/matchamoya.cz\/en\/#\/schema\/logo\/image\/"}}]}},"_links":{"self":[{"href":"https:\/\/matchamoya.cz\/en\/wp-json\/wp\/v2\/pages\/89"}],"collection":[{"href":"https:\/\/matchamoya.cz\/en\/wp-json\/wp\/v2\/pages"}],"about":[{"href":"https:\/\/matchamoya.cz\/en\/wp-json\/wp\/v2\/types\/page"}],"author":[{"embeddable":true,"href":"https:\/\/matchamoya.cz\/en\/wp-json\/wp\/v2\/users\/1"}],"replies":[{"embeddable":true,"href":"https:\/\/matchamoya.cz\/en\/wp-json\/wp\/v2\/comments?post=89"}],"version-history":[{"count":7,"href":"https:\/\/matchamoya.cz\/en\/wp-json\/wp\/v2\/pages\/89\/revisions"}],"predecessor-version":[{"id":1464,"href":"https:\/\/matchamoya.cz\/en\/wp-json\/wp\/v2\/pages\/89\/revisions\/1464"}],"wp:featuredmedia":[{"embeddable":true,"href":"https:\/\/matchamoya.cz\/en\/wp-json\/wp\/v2\/media\/13"}],"wp:attachment":[{"href":"https:\/\/matchamoya.cz\/en\/wp-json\/wp\/v2\/media?parent=89"}],"curies":[{"name":"wp","href":"https:\/\/api.w.org\/{rel}","templated":true}]}}