{"id":91,"date":"2013-08-11T19:06:15","date_gmt":"2013-08-11T19:06:15","guid":{"rendered":"http:\/\/localhost:8888\/test\/?page_id=520"},"modified":"2021-03-15T13:50:12","modified_gmt":"2021-03-15T13:50:12","slug":"o-nas","status":"publish","type":"page","link":"https:\/\/matchamoya.cz\/en\/o-nas\/","title":{"rendered":"O n\u00e1s"},"content":{"rendered":"<div class=\"banner has-hover bg-glow has-parallax\" id=\"banner-2062469987\">\n          <div class=\"banner-inner fill\">\n        <div class=\"banner-bg fill\" data-parallax=\"-1\" data-parallax-container=\".banner\" data-parallax-background>\n            <div class=\"bg fill bg-fill\"><\/div>\n                        <div class=\"overlay\"><\/div>            \n                    <\/div><!-- bg-layers -->\n        <div class=\"banner-layers container\">\n            <div class=\"fill banner-link\"><\/div>            \n   <div id=\"text-box-2046324527\" class=\"text-box banner-layer x50 md-x50 lg-x50 y80 md-y80 lg-y80 res-text\">\n                                <div class=\"text dark\">\n              \n              <div class=\"text-inner text-center\">\n                  \n<h1 class=\"lead\">O n\u00e1s<\/h1>\n              <\/div>\n           <\/div><!-- text-box-inner -->\n                            \n<style scope=\"scope\">\n\n#text-box-2046324527 {\n  width: 60%;\n}\n#text-box-2046324527 .text {\n  font-size: 100%;\n}\n<\/style>\n    <\/div><!-- text-box -->\n \n        <\/div><!-- .banner-layers -->\n      <\/div><!-- .banner-inner -->\n\n            \n<style scope=\"scope\">\n\n#banner-2062469987 {\n  padding-top: 259px;\n}\n#banner-2062469987 .bg.bg-loaded {\n  background-image: url(https:\/\/matchamoya.cz\/wp-content\/uploads\/2020\/04\/cargoship-TA.jpg);\n}\n#banner-2062469987 .overlay {\n  background-color: rgba(0, 0, 0, 0.66);\n}\n<\/style>\n  <\/div><!-- .banner -->\n\n\n<div class=\"row\"  id=\"row-8235014\">\n<div class=\"col small-12 large-12\"  ><div class=\"col-inner\"  >\n<p>\u010cesk\u00e1 spole\u010dnost B.GLOBAL ent. s.r.o. byla zalo\u017eena v roce 2017 s c\u00edlem vyhled\u00e1v\u00e1n\u00ed a uv\u00e1d\u011bn\u00ed na trh t\u011bch nejkvalitn\u011bj\u0161\u00ed v\u00fdrobk\u016f ke spokojenosti z\u00e1kazn\u00edk\u016f v \u010cesk\u00e9 republice a st\u0159edn\u00ed Evrop\u011b. N\u00e1\u0161 t\u00fdm stav\u00ed na bohat\u00fdch zku\u0161enostech s mezin\u00e1rodn\u00edm obchodem a kontakty do cel\u00e9ho sv\u011bta. Neust\u00e1le vyhled\u00e1v\u00e1me nov\u00e9 v\u00fdrobky a p\u0159in\u00e1\u0161\u00edme v\u00e1m v\u017edy nejv\u00edce trendy, zdrav\u00e9 a modern\u00ed produkty ze v\u0161ech kout\u016f sv\u011bta. D\u00edky na\u0161emu z\u00e1jmu o na\u0161i Zemi a \u00fasil\u00ed o ekologickou ochranu mnoha z n\u00e1s si vyb\u00edr\u00e1me v\u00fdrobky, kter\u00e9 respektuj\u00ed p\u0159irozen\u00e9 trendy ekologick\u00e9ho zem\u011bd\u011blstv\u00ed, a proto nab\u00edz\u00edme hlavn\u011b organick\u00e9 nebo bioprodukty, kter\u00e9 jsou v p\u0159\u00edrod\u011b p\u0159irozen\u00e9. D\u00edky na\u0161\u00ed skv\u011bl\u00e9 lokaci skladu v Praze jsme schopni zas\u00edlat v\u00fdrobky do cel\u00e9 \u010cesk\u00e9 republiky a st\u0159edn\u00ed Evropy a propojit v\u00e1s se sv\u011btem.<\/p>\n<p style=\"text-align: center;\"><strong>Be Global, and let us bring the world to your hands. So be Global, B.Global.\u00a0<\/strong><\/p>\n<p style=\"text-align: center;\"><img loading=\"lazy\" decoding=\"async\" class=\"alignnonewp-image-326\" src=\"http:\/\/matchamoya.cz\/wp-content\/uploads\/2020\/04\/Sn\u00edmek-obrazovky-2020-04-12-v-13.35.07.png\" alt=\"B.Global Ent. logo\" width=\"170\" height=\"155\" srcset=\"https:\/\/matchamoya.cz\/wp-content\/uploads\/2020\/04\/Sn\u00edmek-obrazovky-2020-04-12-v-13.35.07.png 444w, https:\/\/matchamoya.cz\/wp-content\/uploads\/2020\/04\/Sn\u00edmek-obrazovky-2020-04-12-v-13.35.07-440x400.png 440w\" sizes=\"(max-width: 170px) 100vw, 170px\" \/><\/p>\n<p>Jsme specialisti na <strong>japonsk\u00fd zelen\u00fd \u010daj matcha<\/strong> a <strong>sypan\u00e9 zelen\u00e9 \u010daje z oblasti Kagoshima.<\/strong> D\u00edky na\u0161\u00ed znalosti asijsk\u00e9ho prost\u0159ed\u00ed a \u010dast\u00fdm cest\u00e1m do t\u00e9to oblasti jsme pro V\u00e1s p\u0159ipravili synergii s nejlep\u0161\u00edmi v\u00fdrobci matcha \u010daje <strong>zna\u010dky Moya z regionu UJI<\/strong>, kter\u00fd n\u00e1m u\u010daroval svou chut\u00ed a \u00fa\u017easn\u00fdm prost\u0159ed\u00edm, kde roste, vyr\u00e1b\u00ed se a je v\u017edy \u010derstv\u00fd expedov\u00e1n k z\u00e1kazn\u00edk\u016fm v \u010cesk\u00e9 republice. N\u00ed\u017ee bychom se r\u00e1di pod\u011blili o p\u0159\u00edb\u011bh zna\u010dky MOYA, skrze jej\u00ed zakladatelku Hitmi Saito.<\/p>\n<p><strong>Hitomi Saito<\/strong>, spoluzakladatelka zna\u010dky Moya Tea Japan, vyrostla v prefektu\u0159e Kanazawa v Japonsku. Pot\u00e9, co vystudovala obchod a administrativu, m\u00edsto toho, aby se p\u0159ipojila k rodinn\u00e9mu stavebn\u00edmu byznysu, se rozhodla n\u00e1sledovat sv\u00e9 srdce a p\u0159ihl\u00e1sila se na \u0161kolu va\u0159en\u00ed Tokio Seika Gakko a z\u00e1rove\u0148 absolvovala \u0161kolen\u00ed v tradi\u010dn\u00edm japonsk\u00e9m \u010dajov\u00e9m ob\u0159adu. D\u00e1le pokra\u010dovala ve vzd\u011bl\u00e1v\u00e1n\u00ed v makrobiotice na Kushi Institute, jednom z p\u0159edn\u00edch sv\u011btov\u00fdch makrobiotick\u00fdch vzd\u011bl\u00e1vac\u00edch center, kde z\u00edskala znalosti o zdravotn\u00edch v\u00fdhod\u00e1ch spojen\u00fdch s vyv\u00e1\u017eenou stravou s d\u016frazem na celozrnn\u00e9 v\u00fdrobky a zeleninu.<\/p>\n<p>To ji vedlo k tomu, aby se stala lektorkou v kucha\u0159sk\u00e9m studiu ABC v Tokiu. Po 3 letech p\u0159edn\u00e1\u0161ek nastal \u010das roz\u0161\u00ed\u0159it sv\u00e9 kulin\u00e1\u0159sk\u00e9 z\u00e1zem\u00ed nad r\u00e1mec japonsk\u00e9 tradice a Hitomi Saito odcestovala do Pa\u0159\u00ed\u017ee, kde za\u010dala pracovat v Ze Kitchen Galerie v Saint-Germain des Pr\u00e8s s \u0161\u00e9fkucha\u0159em celebrit Williamem Ledeuilem, kter\u00fd j\u00ed p\u0159edstavil r\u016fzn\u00e9 p\u0159\u00edstupy z Francouzsk\u00e9 tradi\u010dn\u00ed kuchyn\u011b. V roce 2010 absolvovala Hitomi Saito \u0161kolu Le Cordon Bleu School, sv\u011btov\u011b proslul\u00fd inkub\u00e1tor kulin\u00e1\u0159sk\u00fdch talent\u016f. F\u00fazn\u00ed p\u0159\u00edstup \u0161koly k va\u0159en\u00ed &#8211; kter\u00fd \u010dasto vede ke sm\u00edch\u00e1n\u00ed stalet\u00fdch recept\u016f s nov\u00fdmi chut\u011bmi a aran\u017em\u00e1 &#8211; se od t\u00e9 doby stal Saitov\u00fdm kulin\u00e1\u0159sk\u00fdm kr\u00e9dem.<\/p>\n<p>Tak\u0159ka rodinn\u00e9 vztahy s Evropou zavedly Saito do mikrokosmu nov\u00fdch chut\u00ed, kter\u00fd je\u0161t\u011b v\u00edce rozvinul reperto\u00e1r jej\u00edho kulin\u00e1\u0159sk\u00e9ho ateli\u00e9ru. Tuto zku\u0161enost vyu\u017eila k velk\u00fdm p\u0159\u00ednos\u016fm p\u0159i pr\u00e1ci mimo jin\u00e9 jako kucha\u0159ka pro americk\u00fd diplomatick\u00fd korpus v Pa\u0159\u00ed\u017ei a slavn\u00e9 osobnosti jako Karl Lagerfeld.<\/p>\n<p>Od roku 2013 se Hitomi Saito aktivn\u011b v\u011bnuje propagaci organick\u00e9ho zelen\u00e9ho \u010daje matcha v evropsk\u00e9 kuchyni a <strong>v roce 2015 vytvo\u0159ila zna\u010dku Moya Tea Japan<\/strong> zam\u011b\u0159enou na matchu a dal\u0161\u00ed japonsk\u00e9 zelen\u00e9 zelen\u00e9 \u010daje.<\/p>\n<p><img loading=\"lazy\" decoding=\"async\" class=\"size-medium wp-image-1079 aligncenter\" src=\"https:\/\/matchamoya.cz\/wp-content\/uploads\/2021\/03\/hitomi-saito-zakladatel-moya-tea-japan-matcha-267x400.jpg\" alt=\"\" width=\"267\" height=\"400\" srcset=\"https:\/\/matchamoya.cz\/wp-content\/uploads\/2021\/03\/hitomi-saito-zakladatel-moya-tea-japan-matcha-267x400.jpg 267w, https:\/\/matchamoya.cz\/wp-content\/uploads\/2021\/03\/hitomi-saito-zakladatel-moya-tea-japan-matcha-533x800.jpg 533w, https:\/\/matchamoya.cz\/wp-content\/uploads\/2021\/03\/hitomi-saito-zakladatel-moya-tea-japan-matcha-768x1153.jpg 768w, https:\/\/matchamoya.cz\/wp-content\/uploads\/2021\/03\/hitomi-saito-zakladatel-moya-tea-japan-matcha-1023x1536.jpg 1023w, https:\/\/matchamoya.cz\/wp-content\/uploads\/2021\/03\/hitomi-saito-zakladatel-moya-tea-japan-matcha-8x12.jpg 8w, https:\/\/matchamoya.cz\/wp-content\/uploads\/2021\/03\/hitomi-saito-zakladatel-moya-tea-japan-matcha-600x901.jpg 600w, https:\/\/matchamoya.cz\/wp-content\/uploads\/2021\/03\/hitomi-saito-zakladatel-moya-tea-japan-matcha.jpg 1200w\" sizes=\"(max-width: 267px) 100vw, 267px\" \/><\/p>\n<div class=\"text-center\"><div class=\"is-divider divider clearfix\" ><\/div><\/div><!-- .divider -->\n<\/div><\/div>\n<\/div>","protected":false},"excerpt":{"rendered":"","protected":false},"author":1,"featured_media":326,"parent":0,"menu_order":0,"comment_status":"closed","ping_status":"closed","template":"page-blank.php","meta":{"footnotes":""},"class_list":["post-91","page","type-page","status-publish","has-post-thumbnail","hentry"],"yoast_head":"<!-- This site is optimized with the Yoast SEO plugin v23.4 - https:\/\/yoast.com\/wordpress\/plugins\/seo\/ -->\n<title>Matcha Moya | O N\u00e1s - n\u00e1\u0161 p\u0159\u00edb\u011bh s japonsk\u00fdm pr\u00e1\u0161kov\u00fdm \u010dajem matcha<\/title>\n<meta name=\"description\" content=\"Jsme specialisti na japonsk\u00fd zelen\u00fd \u010daj matcha zna\u010dky Moya z regionu UJI a sypan\u00e9 zelen\u00e9 \u010daje z oblasti Kagoshima.\" \/>\n<meta name=\"robots\" content=\"index, follow, max-snippet:-1, max-image-preview:large, max-video-preview:-1\" \/>\n<link rel=\"canonical\" href=\"https:\/\/matchamoya.cz\/en\/o-nas\/\" \/>\n<meta property=\"og:locale\" content=\"en_US\" \/>\n<meta property=\"og:type\" content=\"article\" \/>\n<meta property=\"og:title\" content=\"Matcha Moya | O N\u00e1s - n\u00e1\u0161 p\u0159\u00edb\u011bh s japonsk\u00fdm pr\u00e1\u0161kov\u00fdm \u010dajem matcha\" \/>\n<meta property=\"og:description\" content=\"Jsme specialisti na japonsk\u00fd zelen\u00fd \u010daj matcha zna\u010dky Moya z regionu UJI a sypan\u00e9 zelen\u00e9 \u010daje z oblasti Kagoshima.\" \/>\n<meta property=\"og:url\" content=\"https:\/\/matchamoya.cz\/en\/o-nas\/\" \/>\n<meta property=\"og:site_name\" content=\"Matcha Moya\" \/>\n<meta property=\"article:modified_time\" content=\"2021-03-15T13:50:12+00:00\" \/>\n<meta property=\"og:image\" content=\"https:\/\/matchamoya.cz\/wp-content\/uploads\/2020\/04\/Sn\u00edmek-obrazovky-2020-04-12-v-13.35.07.png\" \/>\n\t<meta property=\"og:image:width\" content=\"444\" \/>\n\t<meta property=\"og:image:height\" content=\"404\" \/>\n\t<meta property=\"og:image:type\" content=\"image\/png\" \/>\n<meta name=\"twitter:card\" content=\"summary_large_image\" \/>\n<meta name=\"twitter:label1\" content=\"Est. reading time\" \/>\n\t<meta name=\"twitter:data1\" content=\"3 minutes\" \/>\n<!-- \/ Yoast SEO plugin. -->","yoast_head_json":{"title":"Matcha Moya | O N\u00e1s - n\u00e1\u0161 p\u0159\u00edb\u011bh s japonsk\u00fdm pr\u00e1\u0161kov\u00fdm \u010dajem matcha","description":"Jsme specialisti na japonsk\u00fd zelen\u00fd \u010daj matcha zna\u010dky Moya z regionu UJI a sypan\u00e9 zelen\u00e9 \u010daje z oblasti Kagoshima.","robots":{"index":"index","follow":"follow","max-snippet":"max-snippet:-1","max-image-preview":"max-image-preview:large","max-video-preview":"max-video-preview:-1"},"canonical":"https:\/\/matchamoya.cz\/en\/o-nas\/","og_locale":"en_US","og_type":"article","og_title":"Matcha Moya | O N\u00e1s - n\u00e1\u0161 p\u0159\u00edb\u011bh s japonsk\u00fdm pr\u00e1\u0161kov\u00fdm \u010dajem matcha","og_description":"Jsme specialisti na japonsk\u00fd zelen\u00fd \u010daj matcha zna\u010dky Moya z regionu UJI a sypan\u00e9 zelen\u00e9 \u010daje z oblasti Kagoshima.","og_url":"https:\/\/matchamoya.cz\/en\/o-nas\/","og_site_name":"Matcha Moya","article_modified_time":"2021-03-15T13:50:12+00:00","og_image":[{"width":444,"height":404,"url":"https:\/\/matchamoya.cz\/wp-content\/uploads\/2020\/04\/Sn\u00edmek-obrazovky-2020-04-12-v-13.35.07.png","type":"image\/png"}],"twitter_card":"summary_large_image","twitter_misc":{"Est. reading time":"3 minutes"},"schema":{"@context":"https:\/\/schema.org","@graph":[{"@type":"WebPage","@id":"https:\/\/matchamoya.cz\/en\/o-nas\/","url":"https:\/\/matchamoya.cz\/en\/o-nas\/","name":"Matcha Moya | O N\u00e1s - n\u00e1\u0161 p\u0159\u00edb\u011bh s japonsk\u00fdm pr\u00e1\u0161kov\u00fdm \u010dajem matcha","isPartOf":{"@id":"https:\/\/matchamoya.cz\/en\/#website"},"primaryImageOfPage":{"@id":"https:\/\/matchamoya.cz\/en\/o-nas\/#primaryimage"},"image":{"@id":"https:\/\/matchamoya.cz\/en\/o-nas\/#primaryimage"},"thumbnailUrl":"https:\/\/matchamoya.cz\/wp-content\/uploads\/2020\/04\/Sn\u00edmek-obrazovky-2020-04-12-v-13.35.07.png","datePublished":"2013-08-11T19:06:15+00:00","dateModified":"2021-03-15T13:50:12+00:00","description":"Jsme specialisti na japonsk\u00fd zelen\u00fd \u010daj matcha zna\u010dky Moya z regionu UJI a sypan\u00e9 zelen\u00e9 \u010daje z oblasti Kagoshima.","breadcrumb":{"@id":"https:\/\/matchamoya.cz\/en\/o-nas\/#breadcrumb"},"inLanguage":"en-US","potentialAction":[{"@type":"ReadAction","target":["https:\/\/matchamoya.cz\/en\/o-nas\/"]}]},{"@type":"ImageObject","inLanguage":"en-US","@id":"https:\/\/matchamoya.cz\/en\/o-nas\/#primaryimage","url":"https:\/\/matchamoya.cz\/wp-content\/uploads\/2020\/04\/Sn\u00edmek-obrazovky-2020-04-12-v-13.35.07.png","contentUrl":"https:\/\/matchamoya.cz\/wp-content\/uploads\/2020\/04\/Sn\u00edmek-obrazovky-2020-04-12-v-13.35.07.png","width":444,"height":404,"caption":"B.Global Ent. logo"},{"@type":"BreadcrumbList","@id":"https:\/\/matchamoya.cz\/en\/o-nas\/#breadcrumb","itemListElement":[{"@type":"ListItem","position":1,"name":"Dom\u016f","item":"https:\/\/matchamoya.cz\/"},{"@type":"ListItem","position":2,"name":"O n\u00e1s"}]},{"@type":"WebSite","@id":"https:\/\/matchamoya.cz\/en\/#website","url":"https:\/\/matchamoya.cz\/en\/","name":"Matcha Moya","description":"Matcha Moya","publisher":{"@id":"https:\/\/matchamoya.cz\/en\/#organization"},"potentialAction":[{"@type":"SearchAction","target":{"@type":"EntryPoint","urlTemplate":"https:\/\/matchamoya.cz\/en\/?s={search_term_string}"},"query-input":{"@type":"PropertyValueSpecification","valueRequired":true,"valueName":"search_term_string"}}],"inLanguage":"en-US"},{"@type":"Organization","@id":"https:\/\/matchamoya.cz\/en\/#organization","name":"Moya Matcha","url":"https:\/\/matchamoya.cz\/en\/","logo":{"@type":"ImageObject","inLanguage":"en-US","@id":"https:\/\/matchamoya.cz\/en\/#\/schema\/logo\/image\/","url":"https:\/\/matchamoya.cz\/wp-content\/uploads\/2020\/03\/MOYA_Logo_Green-Black_02.png","contentUrl":"https:\/\/matchamoya.cz\/wp-content\/uploads\/2020\/03\/MOYA_Logo_Green-Black_02.png","width":313,"height":310,"caption":"Moya Matcha"},"image":{"@id":"https:\/\/matchamoya.cz\/en\/#\/schema\/logo\/image\/"}}]}},"_links":{"self":[{"href":"https:\/\/matchamoya.cz\/en\/wp-json\/wp\/v2\/pages\/91"}],"collection":[{"href":"https:\/\/matchamoya.cz\/en\/wp-json\/wp\/v2\/pages"}],"about":[{"href":"https:\/\/matchamoya.cz\/en\/wp-json\/wp\/v2\/types\/page"}],"author":[{"embeddable":true,"href":"https:\/\/matchamoya.cz\/en\/wp-json\/wp\/v2\/users\/1"}],"replies":[{"embeddable":true,"href":"https:\/\/matchamoya.cz\/en\/wp-json\/wp\/v2\/comments?post=91"}],"version-history":[{"count":3,"href":"https:\/\/matchamoya.cz\/en\/wp-json\/wp\/v2\/pages\/91\/revisions"}],"predecessor-version":[{"id":1082,"href":"https:\/\/matchamoya.cz\/en\/wp-json\/wp\/v2\/pages\/91\/revisions\/1082"}],"wp:featuredmedia":[{"embeddable":true,"href":"https:\/\/matchamoya.cz\/en\/wp-json\/wp\/v2\/media\/326"}],"wp:attachment":[{"href":"https:\/\/matchamoya.cz\/en\/wp-json\/wp\/v2\/media?parent=91"}],"curies":[{"name":"wp","href":"https:\/\/api.w.org\/{rel}","templated":true}]}}