{"id":1021,"date":"2021-02-09T20:40:12","date_gmt":"2021-02-09T20:40:12","guid":{"rendered":"https:\/\/matchamoya.cz\/?post_type=product&#038;p=1021"},"modified":"2026-04-13T15:07:59","modified_gmt":"2026-04-13T15:07:59","slug":"chaschaku-tmava-bambusova-lzice-matcha-japonskych-mnichu","status":"publish","type":"product","link":"https:\/\/matchamoya.cz\/en\/shop\/originalni-cajove-prislusenstvi\/chaschaku-tmava-bambusova-lzice-matcha-japonskych-mnichu\/","title":{"rendered":"CHASCHAKU tmav\u00e1 &#8211; Bambusov\u00e1 l\u017e\u00edce matcha japonsk\u00fdch mnich\u016f"},"content":{"rendered":"<h1>CHASCHAKU tmav\u00e1 &#8211; Bambusov\u00e1 l\u017e\u00edce matcha japonsk\u00fdch mnich\u016f<\/h1>\n<p><strong>Chashaku tmav\u00e1<\/strong> je tradi\u010dn\u00ed ru\u010dn\u011b vyr\u00e1b\u011bn\u00e1 l\u017e\u00edce, kterou u\u017e\u00edvali japon\u0161t\u00ed mni\u0161i, z tmav\u00e9ho bambusu pro d\u00e1vkov\u00e1n\u00ed matcha \u010daje a ned\u00edln\u00e1 sou\u010d\u00e1st \u010dajov\u00e9ho ob\u0159adu. Zak\u0159iven\u00e1 \u010d\u00e1st l\u017e\u00edce se pou\u017e\u00edv\u00e1 k nab\u00edr\u00e1n\u00ed mal\u00e9 d\u00e1vky \u010daje a um\u00edst\u00ed se do m\u00edsy <strong>(keramick\u00fd <a href=\"https:\/\/matchamoya.cz\/originalni-cajove-prislusenstvi\/\">chawan<\/a>)<\/strong>. Sm\u011bs se potom roz\u0161leh\u00e1 na rovnom\u011brnou konzistenci pomoc\u00ed bambusov\u00e9 metli\u010dky (<strong><a href=\"https:\/\/matchamoya.cz\/originalni-cajove-prislusenstvi\/\">chasen<\/a><\/strong>).<\/p>\n<p>Optim\u00e1ln\u011b chu\u0165ov\u011b vyv\u00e1\u017een\u00fd \u010daj se p\u0159ipravuje z jedn\u00e9 nebo dvou l\u017ei\u010dek (chashaku) matcha \u010daje a p\u0159ibli\u017en\u011b 100 ml vody.<\/p>\n<p><strong>Koicha<\/strong>, nebo hust\u00fd \u010daj, se vyr\u00e1b\u00ed za pou\u017eit\u00ed 4-6 chashaku (4-6 \u010dajov\u00fdch l\u017ei\u010dek) matcha \u00a0ve 150 ml hork\u00e9 vody. V\u00fdsledn\u00fd \u010daj je mnohem hust\u0161\u00ed a slad\u0161\u00ed. \u0160leh\u00e1n\u00ed je obt\u00ed\u017en\u011bj\u0161\u00ed a tato metoda nevytv\u00e1\u0159\u00ed charakteristickou p\u011bnu. Pod\u00e1v\u00e1 se t\u00e9m\u011b\u0159 v\u00fdhradn\u011b jako sou\u010d\u00e1st japonsk\u00e9ho \u010dajov\u00e9ho ob\u0159adu.<\/p>\n<p><strong>Pod\u00edvejte se na video<\/strong>, jak Hitomi Saito, spoluzakladatelka spole\u010dnosti Moya Matcha, <strong><a href=\"https:\/\/matchamoya.cz\/jak-pripravit-matchu\/\">p\u0159ipravuje perfektn\u00ed matcha<\/a><\/strong>.<\/p>\n<p><strong>MATERI\u00c1L:<\/strong> tmav\u00fd bambus<br \/>\n<strong>D\u00c9LKA:<\/strong> 18 cm<br \/>\nNen\u00ed vhodn\u00e9 do my\u010dky.<\/p>","protected":false},"excerpt":{"rendered":"<p><strong>Chashaku tmav\u00e1<\/strong> je tradi\u010dn\u00ed ru\u010dn\u011b vyr\u00e1b\u011bn\u00e1 l\u017e\u00edce, kterou u\u017e\u00edvali japon\u0161t\u00ed mni\u0161i, z tmav\u00e9ho bambusu pro d\u00e1vkov\u00e1n\u00ed matcha \u010daje a ned\u00edln\u00e1 sou\u010d\u00e1st \u010dajov\u00e9ho ob\u0159adu. Zak\u0159iven\u00e1 \u010d\u00e1st l\u017e\u00edce se pou\u017e\u00edv\u00e1 k nab\u00edr\u00e1n\u00ed mal\u00e9 d\u00e1vky \u010daje a um\u00edst\u00ed se do m\u00edsy <strong>(keramick\u00fd <a href=\"https:\/\/matchamoya.cz\/originalni-cajove-prislusenstvi\/\">chawan<\/a>)<\/strong>. Sm\u011bs se potom roz\u0161leh\u00e1 na rovnom\u011brnou konzistenci pomoc\u00ed bambusov\u00e9 metli\u010dky (<strong><a href=\"https:\/\/matchamoya.cz\/originalni-cajove-prislusenstvi\/\">chasen<\/a><\/strong>).<\/p>\n<p><strong>MATERI\u00c1L:<\/strong> tmav\u00fd bambus<br \/>\n<strong>D\u00c9LKA:<\/strong> 18 cm<br \/>\nNen\u00ed vhodn\u00e9 do my\u010dky.<\/p>","protected":false},"featured_media":1022,"comment_status":"open","ping_status":"closed","template":"","meta":[],"product_cat":[70],"product_tag":[],"class_list":{"0":"post-1021","1":"product","2":"type-product","3":"status-publish","4":"has-post-thumbnail","6":"product_cat-originalni-cajove-prislusenstvi","7":"product_shipping_class-dobra-dodani","9":"first","10":"instock","11":"taxable","12":"shipping-taxable","13":"purchasable","14":"product-type-simple"},"yoast_head":"<!-- This site is optimized with the Yoast SEO plugin v23.4 - https:\/\/yoast.com\/wordpress\/plugins\/seo\/ -->\n<title>CHASCHAKU tmav\u00e1 Bambusov\u00e1 l\u017e\u00edce japonsk\u00fdch mnich\u016f | Matcha Moya<\/title>\n<meta name=\"description\" content=\"Chashaku tmav\u00e1 je tradi\u010dn\u00ed ru\u010dn\u011b vyr\u00e1b\u011bn\u00e1 l\u017e\u00edce, kterou u\u017e\u00edvali japon\u0161t\u00ed mni\u0161i, z tmav\u00e9ho bambusu pro d\u00e1vkov\u00e1n\u00ed matcha \u010daje Moya.\" \/>\n<meta name=\"robots\" content=\"index, follow, max-snippet:-1, max-image-preview:large, max-video-preview:-1\" \/>\n<link rel=\"canonical\" href=\"https:\/\/matchamoya.cz\/en\/shop\/originalni-cajove-prislusenstvi\/chaschaku-tmava-bambusova-lzice-matcha-japonskych-mnichu\/\" \/>\n<meta property=\"og:locale\" content=\"en_US\" \/>\n<meta property=\"og:type\" content=\"article\" \/>\n<meta property=\"og:title\" content=\"CHASCHAKU tmav\u00e1 Bambusov\u00e1 l\u017e\u00edce japonsk\u00fdch mnich\u016f | Matcha Moya\" \/>\n<meta property=\"og:description\" content=\"Chashaku tmav\u00e1 je tradi\u010dn\u00ed ru\u010dn\u011b vyr\u00e1b\u011bn\u00e1 l\u017e\u00edce, kterou u\u017e\u00edvali japon\u0161t\u00ed mni\u0161i, z tmav\u00e9ho bambusu pro d\u00e1vkov\u00e1n\u00ed matcha \u010daje Moya.\" \/>\n<meta property=\"og:url\" content=\"https:\/\/matchamoya.cz\/en\/shop\/originalni-cajove-prislusenstvi\/chaschaku-tmava-bambusova-lzice-matcha-japonskych-mnichu\/\" \/>\n<meta property=\"og:site_name\" content=\"Matcha Moya\" \/>\n<meta property=\"article:modified_time\" content=\"2026-04-13T15:07:59+00:00\" \/>\n<meta property=\"og:image\" content=\"https:\/\/matchamoya.cz\/wp-content\/uploads\/2021\/02\/chaschaku-tmava-bambusova-lzice-matcha-japonskych-mnichu.jpg\" \/>\n\t<meta property=\"og:image:width\" content=\"800\" \/>\n\t<meta property=\"og:image:height\" content=\"800\" \/>\n\t<meta property=\"og:image:type\" content=\"image\/jpeg\" \/>\n<meta name=\"twitter:card\" content=\"summary_large_image\" \/>\n<meta name=\"twitter:label1\" content=\"Est. reading time\" \/>\n\t<meta name=\"twitter:data1\" content=\"1 minute\" \/>\n<!-- \/ Yoast SEO plugin. -->","yoast_head_json":{"title":"CHASCHAKU tmav\u00e1 Bambusov\u00e1 l\u017e\u00edce japonsk\u00fdch mnich\u016f | Matcha Moya","description":"Chashaku tmav\u00e1 je tradi\u010dn\u00ed ru\u010dn\u011b vyr\u00e1b\u011bn\u00e1 l\u017e\u00edce, kterou u\u017e\u00edvali japon\u0161t\u00ed mni\u0161i, z tmav\u00e9ho bambusu pro d\u00e1vkov\u00e1n\u00ed matcha \u010daje Moya.","robots":{"index":"index","follow":"follow","max-snippet":"max-snippet:-1","max-image-preview":"max-image-preview:large","max-video-preview":"max-video-preview:-1"},"canonical":"https:\/\/matchamoya.cz\/en\/shop\/originalni-cajove-prislusenstvi\/chaschaku-tmava-bambusova-lzice-matcha-japonskych-mnichu\/","og_locale":"en_US","og_type":"article","og_title":"CHASCHAKU tmav\u00e1 Bambusov\u00e1 l\u017e\u00edce japonsk\u00fdch mnich\u016f | Matcha Moya","og_description":"Chashaku tmav\u00e1 je tradi\u010dn\u00ed ru\u010dn\u011b vyr\u00e1b\u011bn\u00e1 l\u017e\u00edce, kterou u\u017e\u00edvali japon\u0161t\u00ed mni\u0161i, z tmav\u00e9ho bambusu pro d\u00e1vkov\u00e1n\u00ed matcha \u010daje Moya.","og_url":"https:\/\/matchamoya.cz\/en\/shop\/originalni-cajove-prislusenstvi\/chaschaku-tmava-bambusova-lzice-matcha-japonskych-mnichu\/","og_site_name":"Matcha Moya","article_modified_time":"2026-04-13T15:07:59+00:00","og_image":[{"width":800,"height":800,"url":"https:\/\/matchamoya.cz\/wp-content\/uploads\/2021\/02\/chaschaku-tmava-bambusova-lzice-matcha-japonskych-mnichu.jpg","type":"image\/jpeg"}],"twitter_card":"summary_large_image","twitter_misc":{"Est. reading time":"1 minute"},"schema":{"@context":"https:\/\/schema.org","@graph":[{"@type":"WebPage","@id":"https:\/\/matchamoya.cz\/en\/shop\/originalni-cajove-prislusenstvi\/chaschaku-tmava-bambusova-lzice-matcha-japonskych-mnichu\/","url":"https:\/\/matchamoya.cz\/en\/shop\/originalni-cajove-prislusenstvi\/chaschaku-tmava-bambusova-lzice-matcha-japonskych-mnichu\/","name":"CHASCHAKU tmav\u00e1 Bambusov\u00e1 l\u017e\u00edce japonsk\u00fdch mnich\u016f | Matcha Moya","isPartOf":{"@id":"https:\/\/matchamoya.cz\/en\/#website"},"primaryImageOfPage":{"@id":"https:\/\/matchamoya.cz\/en\/shop\/originalni-cajove-prislusenstvi\/chaschaku-tmava-bambusova-lzice-matcha-japonskych-mnichu\/#primaryimage"},"image":{"@id":"https:\/\/matchamoya.cz\/en\/shop\/originalni-cajove-prislusenstvi\/chaschaku-tmava-bambusova-lzice-matcha-japonskych-mnichu\/#primaryimage"},"thumbnailUrl":"https:\/\/matchamoya.cz\/wp-content\/uploads\/2021\/02\/chaschaku-tmava-bambusova-lzice-matcha-japonskych-mnichu.jpg","datePublished":"2021-02-09T20:40:12+00:00","dateModified":"2026-04-13T15:07:59+00:00","description":"Chashaku tmav\u00e1 je tradi\u010dn\u00ed ru\u010dn\u011b vyr\u00e1b\u011bn\u00e1 l\u017e\u00edce, kterou u\u017e\u00edvali japon\u0161t\u00ed mni\u0161i, z tmav\u00e9ho bambusu pro d\u00e1vkov\u00e1n\u00ed matcha \u010daje Moya.","breadcrumb":{"@id":"https:\/\/matchamoya.cz\/en\/shop\/originalni-cajove-prislusenstvi\/chaschaku-tmava-bambusova-lzice-matcha-japonskych-mnichu\/#breadcrumb"},"inLanguage":"en-US","potentialAction":[{"@type":"ReadAction","target":["https:\/\/matchamoya.cz\/en\/shop\/originalni-cajove-prislusenstvi\/chaschaku-tmava-bambusova-lzice-matcha-japonskych-mnichu\/"]}]},{"@type":"ImageObject","inLanguage":"en-US","@id":"https:\/\/matchamoya.cz\/en\/shop\/originalni-cajove-prislusenstvi\/chaschaku-tmava-bambusova-lzice-matcha-japonskych-mnichu\/#primaryimage","url":"https:\/\/matchamoya.cz\/wp-content\/uploads\/2021\/02\/chaschaku-tmava-bambusova-lzice-matcha-japonskych-mnichu.jpg","contentUrl":"https:\/\/matchamoya.cz\/wp-content\/uploads\/2021\/02\/chaschaku-tmava-bambusova-lzice-matcha-japonskych-mnichu.jpg","width":800,"height":800,"caption":"chaschaku-tmava-bambusova-lzice-matcha-japonskych-mnichu"},{"@type":"BreadcrumbList","@id":"https:\/\/matchamoya.cz\/en\/shop\/originalni-cajove-prislusenstvi\/chaschaku-tmava-bambusova-lzice-matcha-japonskych-mnichu\/#breadcrumb","itemListElement":[{"@type":"ListItem","position":1,"name":"Dom\u016f","item":"https:\/\/matchamoya.cz\/"},{"@type":"ListItem","position":2,"name":"E-SHOP","item":"https:\/\/matchamoya.cz\/shop\/"},{"@type":"ListItem","position":3,"name":"CHASCHAKU tmav\u00e1 &#8211; Bambusov\u00e1 l\u017e\u00edce matcha japonsk\u00fdch mnich\u016f"}]},{"@type":"WebSite","@id":"https:\/\/matchamoya.cz\/en\/#website","url":"https:\/\/matchamoya.cz\/en\/","name":"Matcha Moya","description":"Matcha Moya","publisher":{"@id":"https:\/\/matchamoya.cz\/en\/#organization"},"potentialAction":[{"@type":"SearchAction","target":{"@type":"EntryPoint","urlTemplate":"https:\/\/matchamoya.cz\/en\/?s={search_term_string}"},"query-input":{"@type":"PropertyValueSpecification","valueRequired":true,"valueName":"search_term_string"}}],"inLanguage":"en-US"},{"@type":"Organization","@id":"https:\/\/matchamoya.cz\/en\/#organization","name":"Moya Matcha","url":"https:\/\/matchamoya.cz\/en\/","logo":{"@type":"ImageObject","inLanguage":"en-US","@id":"https:\/\/matchamoya.cz\/en\/#\/schema\/logo\/image\/","url":"https:\/\/matchamoya.cz\/wp-content\/uploads\/2020\/03\/MOYA_Logo_Green-Black_02.png","contentUrl":"https:\/\/matchamoya.cz\/wp-content\/uploads\/2020\/03\/MOYA_Logo_Green-Black_02.png","width":313,"height":310,"caption":"Moya Matcha"},"image":{"@id":"https:\/\/matchamoya.cz\/en\/#\/schema\/logo\/image\/"}}]}},"_links":{"self":[{"href":"https:\/\/matchamoya.cz\/en\/wp-json\/wp\/v2\/product\/1021"}],"collection":[{"href":"https:\/\/matchamoya.cz\/en\/wp-json\/wp\/v2\/product"}],"about":[{"href":"https:\/\/matchamoya.cz\/en\/wp-json\/wp\/v2\/types\/product"}],"replies":[{"embeddable":true,"href":"https:\/\/matchamoya.cz\/en\/wp-json\/wp\/v2\/comments?post=1021"}],"wp:featuredmedia":[{"embeddable":true,"href":"https:\/\/matchamoya.cz\/en\/wp-json\/wp\/v2\/media\/1022"}],"wp:attachment":[{"href":"https:\/\/matchamoya.cz\/en\/wp-json\/wp\/v2\/media?parent=1021"}],"wp:term":[{"taxonomy":"product_cat","embeddable":true,"href":"https:\/\/matchamoya.cz\/en\/wp-json\/wp\/v2\/product_cat?post=1021"},{"taxonomy":"product_tag","embeddable":true,"href":"https:\/\/matchamoya.cz\/en\/wp-json\/wp\/v2\/product_tag?post=1021"}],"curies":[{"name":"wp","href":"https:\/\/api.w.org\/{rel}","templated":true}]}}