{"id":1029,"date":"2021-02-09T21:23:30","date_gmt":"2021-02-09T21:23:30","guid":{"rendered":"https:\/\/matchamoya.cz\/?post_type=product&#038;p=1029"},"modified":"2026-02-20T16:40:14","modified_gmt":"2026-02-20T16:40:14","slug":"chawan-yuro-cerna-tradicni-miska-na-piti-matcha-caje-moya","status":"publish","type":"product","link":"https:\/\/matchamoya.cz\/en\/shop\/originalni-cajove-prislusenstvi\/chawan-yuro-cerna-tradicni-miska-na-piti-matcha-caje-moya\/","title":{"rendered":"Chawan YURO \u2013 \u010cern\u00e1 tradi\u010dn\u00ed miska na pit\u00ed matcha \u010daje Moya"},"content":{"rendered":"<h1>Chawan YURO \u2013 \u010cern\u00e1 tradi\u010dn\u00ed miska na pit\u00ed matcha \u010daje Moya<\/h1>\n<p><strong>Japonsk\u00e1 ru\u010dn\u011b vyr\u00e1b\u011bn\u00e1 keramick\u00e1 matcha miska ze \u0161amotu s povrchovou \u00fapravou glazurou.<\/strong>\u00a0Tvarovan\u00e1 podle stalet\u00e9 japonsk\u00e9 tradice z Kj\u00f3ta. Ka\u017ed\u00fd kus kameniny je jedine\u010dn\u00fd s vlastn\u00ed p\u0159irozenou a jemnou variac\u00ed. Je vypalov\u00e1n p\u0159i velmi vysok\u00e9 teplot\u011b, co\u017e zaji\u0161\u0165uje bezpe\u010dnost a odolnost.\u00a0<strong>Chawan je tradi\u010dn\u00ed miska pou\u017e\u00edvan\u00e1 v japonsk\u00e9m \u010dajov\u00e9m ob\u0159adu a velmi usnad\u0148uje p\u0159\u00edpravu matcha pro dokonal\u00e9 nap\u011bn\u011bn\u00ed n\u00e1poje.<\/strong>\u00a0P\u0159i \u0161leh\u00e1n\u00ed zelen\u00e9ho \u010daje matcha\u00a0<a href=\"https:\/\/matchamoya.cz\/originalni-cajove-prislusenstvi\/tradicni-matcha-bambusova-metlicka-chasen\/\">bambusovou metli\u010dkou (chasen)<\/a>\u00a0vysok\u00e9 vertik\u00e1ln\u00ed st\u011bny matchawanu pom\u00e1haj\u00ed zabr\u00e1nit \u00faniku vody. \u0160irok\u00e9 dno m\u00edsy usnad\u0148uje hladk\u00e9 prom\u00edch\u00e1n\u00ed pr\u00e1\u0161ku a rychl\u00e9 z\u00edsk\u00e1n\u00ed dokonal\u00e9 p\u011bny na povrchu.<\/p>\n<p>Nezapome\u0148te pou\u017e\u00edt vodu s teplotou nep\u0159esahuj\u00edc\u00ed 80 \u00b0 C, abyste zachovali v\u0161echny vlastnosti matcha.<\/p>\n<p>Objem: 400 ml<\/p>\n<p>V\u00fd\u0161ka: 7,5 cm<\/p>\n<p>Pr\u016fm\u011br: 11,5 cm.<\/p>\n<p>*Rozm\u011br se m\u016f\u017ee m\u00edrn\u011b li\u0161it.<\/p>\n<p>Lze m\u00fdt v my\u010dce.<\/p>","protected":false},"excerpt":{"rendered":"<p><strong>Japonsk\u00e1 ru\u010dn\u011b vyr\u00e1b\u011bn\u00e1 matcha miska ze \u0161amotu s povrchovou \u00fapravou glazurou.<\/strong>\u00a0Tvarovan\u00e1 podle stalet\u00e9 japonsk\u00e9 tradice z Kj\u00f3ta. Ka\u017ed\u00fd kus kameniny je jedine\u010dn\u00fd s vlastn\u00ed p\u0159irozenou a jemnou variac\u00ed. Je vypalov\u00e1n p\u0159i velmi vysok\u00e9 teplot\u011b, co\u017e zaji\u0161\u0165uje bezpe\u010dnost a odolnost.\u00a0<strong>Chawan je tradi\u010dn\u00ed miska pou\u017e\u00edvan\u00e1 v japonsk\u00e9m \u010dajov\u00e9m ob\u0159adu a velmi usnad\u0148uje p\u0159\u00edpravu matcha pro dokonal\u00e9 nap\u011bn\u011bn\u00ed n\u00e1poje.<\/strong>\u00a0P\u0159i \u0161leh\u00e1n\u00ed zelen\u00e9ho \u010daje matcha\u00a0<a href=\"https:\/\/matchamoya.cz\/originalni-cajove-prislusenstvi\/tradicni-matcha-bambusova-metlicka-chasen\/\">bambusovou metli\u010dkou (chasen)<\/a>\u00a0vysok\u00e9 vertik\u00e1ln\u00ed st\u011bny matchawanu pom\u00e1haj\u00ed zabr\u00e1nit \u00faniku vody. \u0160irok\u00e9 dno m\u00edsy usnad\u0148uje hladk\u00e9 prom\u00edch\u00e1n\u00ed pr\u00e1\u0161ku a rychl\u00e9 z\u00edsk\u00e1n\u00ed dokonal\u00e9 p\u011bny na povrchu.<\/p>","protected":false},"featured_media":1030,"comment_status":"open","ping_status":"closed","template":"","meta":[],"product_cat":[70],"product_tag":[],"class_list":{"0":"post-1029","1":"product","2":"type-product","3":"status-publish","4":"has-post-thumbnail","6":"product_cat-originalni-cajove-prislusenstvi","7":"product_shipping_class-dobra-dodani","9":"first","10":"instock","11":"taxable","12":"shipping-taxable","13":"purchasable","14":"product-type-simple"},"yoast_head":"<!-- This site is optimized with the Yoast SEO plugin v23.4 - https:\/\/yoast.com\/wordpress\/plugins\/seo\/ -->\n<title>Chawan YURO \u2013 \u010cern\u00e1 tradi\u010dn\u00ed miska na pit\u00ed matcha \u010daje | Matcha Moya<\/title>\n<meta name=\"description\" content=\"Japonsk\u00e1 ru\u010dn\u011b vyr\u00e1b\u011bn\u00e1 keramick\u00e1 matcha miska ze \u0161amotu s povrchovou \u00fapravou glazurou.\u00a0Tvarovan\u00e1 podle stalet\u00e9 japonsk\u00e9 tradice z Kj\u00f3ta.\" \/>\n<meta name=\"robots\" content=\"index, follow, max-snippet:-1, max-image-preview:large, max-video-preview:-1\" \/>\n<link rel=\"canonical\" href=\"https:\/\/matchamoya.cz\/en\/shop\/originalni-cajove-prislusenstvi\/chawan-yuro-cerna-tradicni-miska-na-piti-matcha-caje-moya\/\" \/>\n<meta property=\"og:locale\" content=\"en_US\" \/>\n<meta property=\"og:type\" content=\"article\" \/>\n<meta property=\"og:title\" content=\"Chawan YURO \u2013 \u010cern\u00e1 tradi\u010dn\u00ed miska na pit\u00ed matcha \u010daje | Matcha Moya\" \/>\n<meta property=\"og:description\" content=\"Japonsk\u00e1 ru\u010dn\u011b vyr\u00e1b\u011bn\u00e1 keramick\u00e1 matcha miska ze \u0161amotu s povrchovou \u00fapravou glazurou.\u00a0Tvarovan\u00e1 podle stalet\u00e9 japonsk\u00e9 tradice z Kj\u00f3ta.\" \/>\n<meta property=\"og:url\" content=\"https:\/\/matchamoya.cz\/en\/shop\/originalni-cajove-prislusenstvi\/chawan-yuro-cerna-tradicni-miska-na-piti-matcha-caje-moya\/\" \/>\n<meta property=\"og:site_name\" content=\"Matcha Moya\" \/>\n<meta property=\"article:modified_time\" content=\"2026-02-20T16:40:14+00:00\" \/>\n<meta property=\"og:image\" content=\"https:\/\/matchamoya.cz\/wp-content\/uploads\/2021\/02\/chawan-yuro-cerna-tradicni-miska-na-piti-matcha-caje-moya.jpg\" \/>\n\t<meta property=\"og:image:width\" content=\"800\" \/>\n\t<meta property=\"og:image:height\" content=\"800\" \/>\n\t<meta property=\"og:image:type\" content=\"image\/jpeg\" \/>\n<meta name=\"twitter:card\" content=\"summary_large_image\" \/>\n<meta name=\"twitter:label1\" content=\"Est. reading time\" \/>\n\t<meta name=\"twitter:data1\" content=\"1 minute\" \/>\n<!-- \/ Yoast SEO plugin. -->","yoast_head_json":{"title":"Chawan YURO \u2013 \u010cern\u00e1 tradi\u010dn\u00ed miska na pit\u00ed matcha \u010daje | Matcha Moya","description":"Japonsk\u00e1 ru\u010dn\u011b vyr\u00e1b\u011bn\u00e1 keramick\u00e1 matcha miska ze \u0161amotu s povrchovou \u00fapravou glazurou.\u00a0Tvarovan\u00e1 podle stalet\u00e9 japonsk\u00e9 tradice z Kj\u00f3ta.","robots":{"index":"index","follow":"follow","max-snippet":"max-snippet:-1","max-image-preview":"max-image-preview:large","max-video-preview":"max-video-preview:-1"},"canonical":"https:\/\/matchamoya.cz\/en\/shop\/originalni-cajove-prislusenstvi\/chawan-yuro-cerna-tradicni-miska-na-piti-matcha-caje-moya\/","og_locale":"en_US","og_type":"article","og_title":"Chawan YURO \u2013 \u010cern\u00e1 tradi\u010dn\u00ed miska na pit\u00ed matcha \u010daje | Matcha Moya","og_description":"Japonsk\u00e1 ru\u010dn\u011b vyr\u00e1b\u011bn\u00e1 keramick\u00e1 matcha miska ze \u0161amotu s povrchovou \u00fapravou glazurou.\u00a0Tvarovan\u00e1 podle stalet\u00e9 japonsk\u00e9 tradice z Kj\u00f3ta.","og_url":"https:\/\/matchamoya.cz\/en\/shop\/originalni-cajove-prislusenstvi\/chawan-yuro-cerna-tradicni-miska-na-piti-matcha-caje-moya\/","og_site_name":"Matcha Moya","article_modified_time":"2026-02-20T16:40:14+00:00","og_image":[{"width":800,"height":800,"url":"https:\/\/matchamoya.cz\/wp-content\/uploads\/2021\/02\/chawan-yuro-cerna-tradicni-miska-na-piti-matcha-caje-moya.jpg","type":"image\/jpeg"}],"twitter_card":"summary_large_image","twitter_misc":{"Est. reading time":"1 minute"},"schema":{"@context":"https:\/\/schema.org","@graph":[{"@type":"WebPage","@id":"https:\/\/matchamoya.cz\/en\/shop\/originalni-cajove-prislusenstvi\/chawan-yuro-cerna-tradicni-miska-na-piti-matcha-caje-moya\/","url":"https:\/\/matchamoya.cz\/en\/shop\/originalni-cajove-prislusenstvi\/chawan-yuro-cerna-tradicni-miska-na-piti-matcha-caje-moya\/","name":"Chawan YURO \u2013 \u010cern\u00e1 tradi\u010dn\u00ed miska na pit\u00ed matcha \u010daje | Matcha Moya","isPartOf":{"@id":"https:\/\/matchamoya.cz\/en\/#website"},"primaryImageOfPage":{"@id":"https:\/\/matchamoya.cz\/en\/shop\/originalni-cajove-prislusenstvi\/chawan-yuro-cerna-tradicni-miska-na-piti-matcha-caje-moya\/#primaryimage"},"image":{"@id":"https:\/\/matchamoya.cz\/en\/shop\/originalni-cajove-prislusenstvi\/chawan-yuro-cerna-tradicni-miska-na-piti-matcha-caje-moya\/#primaryimage"},"thumbnailUrl":"https:\/\/matchamoya.cz\/wp-content\/uploads\/2021\/02\/chawan-yuro-cerna-tradicni-miska-na-piti-matcha-caje-moya.jpg","datePublished":"2021-02-09T21:23:30+00:00","dateModified":"2026-02-20T16:40:14+00:00","description":"Japonsk\u00e1 ru\u010dn\u011b vyr\u00e1b\u011bn\u00e1 keramick\u00e1 matcha miska ze \u0161amotu s povrchovou \u00fapravou glazurou.\u00a0Tvarovan\u00e1 podle stalet\u00e9 japonsk\u00e9 tradice z Kj\u00f3ta.","breadcrumb":{"@id":"https:\/\/matchamoya.cz\/en\/shop\/originalni-cajove-prislusenstvi\/chawan-yuro-cerna-tradicni-miska-na-piti-matcha-caje-moya\/#breadcrumb"},"inLanguage":"en-US","potentialAction":[{"@type":"ReadAction","target":["https:\/\/matchamoya.cz\/en\/shop\/originalni-cajove-prislusenstvi\/chawan-yuro-cerna-tradicni-miska-na-piti-matcha-caje-moya\/"]}]},{"@type":"ImageObject","inLanguage":"en-US","@id":"https:\/\/matchamoya.cz\/en\/shop\/originalni-cajove-prislusenstvi\/chawan-yuro-cerna-tradicni-miska-na-piti-matcha-caje-moya\/#primaryimage","url":"https:\/\/matchamoya.cz\/wp-content\/uploads\/2021\/02\/chawan-yuro-cerna-tradicni-miska-na-piti-matcha-caje-moya.jpg","contentUrl":"https:\/\/matchamoya.cz\/wp-content\/uploads\/2021\/02\/chawan-yuro-cerna-tradicni-miska-na-piti-matcha-caje-moya.jpg","width":800,"height":800,"caption":"chawan-yuro-cerna-tradicni-miska-na-piti-matcha-caje-moya"},{"@type":"BreadcrumbList","@id":"https:\/\/matchamoya.cz\/en\/shop\/originalni-cajove-prislusenstvi\/chawan-yuro-cerna-tradicni-miska-na-piti-matcha-caje-moya\/#breadcrumb","itemListElement":[{"@type":"ListItem","position":1,"name":"Dom\u016f","item":"https:\/\/matchamoya.cz\/"},{"@type":"ListItem","position":2,"name":"E-SHOP","item":"https:\/\/matchamoya.cz\/shop\/"},{"@type":"ListItem","position":3,"name":"Chawan YURO \u2013 \u010cern\u00e1 tradi\u010dn\u00ed miska na pit\u00ed matcha \u010daje Moya"}]},{"@type":"WebSite","@id":"https:\/\/matchamoya.cz\/en\/#website","url":"https:\/\/matchamoya.cz\/en\/","name":"Matcha Moya","description":"Matcha Moya","publisher":{"@id":"https:\/\/matchamoya.cz\/en\/#organization"},"potentialAction":[{"@type":"SearchAction","target":{"@type":"EntryPoint","urlTemplate":"https:\/\/matchamoya.cz\/en\/?s={search_term_string}"},"query-input":{"@type":"PropertyValueSpecification","valueRequired":true,"valueName":"search_term_string"}}],"inLanguage":"en-US"},{"@type":"Organization","@id":"https:\/\/matchamoya.cz\/en\/#organization","name":"Moya Matcha","url":"https:\/\/matchamoya.cz\/en\/","logo":{"@type":"ImageObject","inLanguage":"en-US","@id":"https:\/\/matchamoya.cz\/en\/#\/schema\/logo\/image\/","url":"https:\/\/matchamoya.cz\/wp-content\/uploads\/2020\/03\/MOYA_Logo_Green-Black_02.png","contentUrl":"https:\/\/matchamoya.cz\/wp-content\/uploads\/2020\/03\/MOYA_Logo_Green-Black_02.png","width":313,"height":310,"caption":"Moya Matcha"},"image":{"@id":"https:\/\/matchamoya.cz\/en\/#\/schema\/logo\/image\/"}}]}},"_links":{"self":[{"href":"https:\/\/matchamoya.cz\/en\/wp-json\/wp\/v2\/product\/1029"}],"collection":[{"href":"https:\/\/matchamoya.cz\/en\/wp-json\/wp\/v2\/product"}],"about":[{"href":"https:\/\/matchamoya.cz\/en\/wp-json\/wp\/v2\/types\/product"}],"replies":[{"embeddable":true,"href":"https:\/\/matchamoya.cz\/en\/wp-json\/wp\/v2\/comments?post=1029"}],"wp:featuredmedia":[{"embeddable":true,"href":"https:\/\/matchamoya.cz\/en\/wp-json\/wp\/v2\/media\/1030"}],"wp:attachment":[{"href":"https:\/\/matchamoya.cz\/en\/wp-json\/wp\/v2\/media?parent=1029"}],"wp:term":[{"taxonomy":"product_cat","embeddable":true,"href":"https:\/\/matchamoya.cz\/en\/wp-json\/wp\/v2\/product_cat?post=1029"},{"taxonomy":"product_tag","embeddable":true,"href":"https:\/\/matchamoya.cz\/en\/wp-json\/wp\/v2\/product_tag?post=1029"}],"curies":[{"name":"wp","href":"https:\/\/api.w.org\/{rel}","templated":true}]}}