{"id":1266,"date":"2021-04-17T20:23:45","date_gmt":"2021-04-17T20:23:45","guid":{"rendered":"https:\/\/matchamoya.cz\/?post_type=product&#038;p=1266"},"modified":"2025-02-24T14:09:32","modified_gmt":"2025-02-24T14:09:32","slug":"korejsky-rozpustny-caj-s-cervenym-zensenem-posilujici-pamet-50x3g","status":"publish","type":"product","link":"https:\/\/matchamoya.cz\/en\/shop\/akcni-zbozi\/korejsky-rozpustny-caj-s-cervenym-zensenem-posilujici-pamet-50x3g\/","title":{"rendered":"Nejlep\u0161\u00ed korejsk\u00fd \u017een\u0161en \u010derven\u00fd &#8211; \u010daj rozpustn\u00fd 50 x 3 g"},"content":{"rendered":"<ul>\n<li>Nejlep\u0161\u00ed korejsk\u00fd \u017een\u0161en \u010derven\u00fd &#8211; \u010daj rozpustn\u00fd se skv\u011blou chut\u00ed 50 x 3 g<\/li>\n<\/ul>\n<p>Korejsk\u00fd \u010daj s \u010derven\u00fdm \u017een\u0161enem je zdrav\u00ed prosp\u011b\u0161n\u00fd dopln\u011bk stravy obsahuj\u00edc\u00ed 9 % extraktu z \u010derven\u00e9ho \u017een\u0161enu, l\u00e9ko\u0159ici 1 %, vitam\u00edn B2 a 90% glukozy, kter\u00fd posiluje pam\u011b\u0165.<\/p>\n<p>P\u0159ipravuje se zalit\u00edm obsahu s\u00e1\u010dku horkou nebo studenou vodou, lze dochutit medem, cukrem \u010di citronem a potom dob\u0159e zam\u00edchat.Trvanlivost 3 roky od data v\u00fdroby.<\/p>\n<p>V balen\u00ed 50 s\u00e1\u010dk\u016f. \u010caj m\u00e1 mezin\u00e1rodn\u00ed certifik\u00e1ty, ISO 22000, FDA, CE, Osv\u011bd\u010den\u00ed o slo\u017een\u00ed a anal\u00fdze, voln\u00e9m prodeji a Zdravotn\u00ed nez\u00e1vadnosti od korejsk\u00fdch st\u00e1tn\u00edch org\u00e1n\u016f. Je chr\u00e1n\u011bn korejskou ochrannou zn\u00e1mkou KOREA INSAM ud\u00edlenou korejsk\u00fdm ministerstvem pro potraviny a l\u00e9ky.<\/p>\n<p><strong>Korejsk\u00fd \u010derven\u00fd \u017een\u0161en<\/strong> je typ \u017een\u0161enu, kter\u00fd se zpracov\u00e1v\u00e1 a su\u0161\u00ed napa\u0159en\u00edm \u017een\u0161enu sklizen\u00e9ho z pole bez loup\u00e1n\u00ed. Vzhledem k tomu, \u017ee m\u00e1 obvykle sv\u011btle \u017elutohn\u011bdou nebo sv\u011btle hn\u011bdou barvu, je pojmenov\u00e1n \u010derven\u00fd \u017een\u0161en a na rozd\u00edl od surov\u00e9ho \u017een\u0161enu, kter\u00fd m\u00e1 obsahuje hodn\u011b vlhkosti, je \u010derven\u00fd \u017een\u0161en snadno skladovateln\u00fd po dlouhou dobu. \u010cerven\u00fd \u017een\u0161en v Koreji se vyr\u00e1b\u00ed ji\u017e 1000 let.<\/p>","protected":false},"excerpt":{"rendered":"<p>Korejsk\u00fd \u017een\u0161en &#8211; \u010daj s \u010derven\u00fdm \u017een\u0161enem je zdrav\u00ed prosp\u011b\u0161n\u00fd dopln\u011bk stravy s p\u0159\u00edrodn\u00ed energi\u00ed, pro silnou pam\u011b\u0165 se skv\u011blou chut\u00ed. je zdrav\u00ed prosp\u011b\u0161n\u00fd dopln\u011bk stravy s p\u0159\u00edrodn\u00ed energi\u00ed, pro silnou imunitu, zlep\u0161uj\u00edc\u00ed pam\u011bt, pln\u00fd antioxidant\u016f se skv\u011blou chut\u00ed.<\/p>\n<p><strong>Slo\u017een\u00ed<\/strong>: \u010dist\u00fd \u017een\u0161en extrakt, gluk\u00f3za<br \/>\n<strong>Obsah<\/strong>: 50 x 3 g<br \/>\n<strong>Zem\u011b p\u016fvodu<\/strong>: Korea<\/p>\n<p>V\u00fd\u017eivov\u00e9 \u00fadaje na 1 s\u00e1\u010dek (3 g):<br \/>\nEnergie 11,7 kcal<br \/>\nTuky 0 g<br \/>\nz toho nasycen\u00e9 mastn\u00e9 kyseliny 0 g<br \/>\nSacharidy 2,85 g<br \/>\nz toho cukry 2,85 g<br \/>\nB\u00edlkoviny 0 g<\/p>\n<p><img loading=\"lazy\" decoding=\"async\" class=\"alignnone size-medium wp-image-1272\" src=\"https:\/\/matchamoya.cz\/wp-content\/uploads\/2021\/04\/korejsky-cerveny-zensen-ucinky-1-800x218.jpg\" alt=\"korejsky-cerveny-zensen-ucinky\" width=\"800\" height=\"218\" srcset=\"https:\/\/matchamoya.cz\/wp-content\/uploads\/2021\/04\/korejsky-cerveny-zensen-ucinky-1-800x218.jpg 800w, https:\/\/matchamoya.cz\/wp-content\/uploads\/2021\/04\/korejsky-cerveny-zensen-ucinky-1-768x210.jpg 768w, https:\/\/matchamoya.cz\/wp-content\/uploads\/2021\/04\/korejsky-cerveny-zensen-ucinky-1-16x4.jpg 16w, https:\/\/matchamoya.cz\/wp-content\/uploads\/2021\/04\/korejsky-cerveny-zensen-ucinky-1-600x164.jpg 600w, https:\/\/matchamoya.cz\/wp-content\/uploads\/2021\/04\/korejsky-cerveny-zensen-ucinky-1.jpg 1194w\" sizes=\"(max-width: 800px) 100vw, 800px\" \/><\/p>","protected":false},"featured_media":1267,"comment_status":"open","ping_status":"closed","template":"","meta":[],"product_cat":[130],"product_tag":[],"class_list":{"0":"post-1266","1":"product","2":"type-product","3":"status-publish","4":"has-post-thumbnail","6":"product_cat-akcni-zbozi","7":"product_shipping_class-dobra-dodani","9":"first","10":"outofstock","11":"sale","12":"featured","13":"taxable","14":"shipping-taxable","15":"purchasable","16":"product-type-simple"},"yoast_head":"<!-- This site is optimized with the Yoast SEO plugin v23.4 - https:\/\/yoast.com\/wordpress\/plugins\/seo\/ -->\n<title>Nejlep\u0161\u00ed korejsk\u00fd \u017een\u0161en \u010derven\u00fd - \u010daj rozpustn\u00fd | Matcha Moya<\/title>\n<meta name=\"description\" content=\"Korejsk\u00fd \u017een\u0161en - \u010daj s \u010derven\u00fdm \u017een\u0161enem je zdrav\u00ed prosp\u011b\u0161n\u00fd dopln\u011bk stravy s p\u0159\u00edrodn\u00ed energi\u00ed, pro silnou pam\u011b\u0165 se skv\u011blou chut\u00ed.\" \/>\n<meta name=\"robots\" content=\"index, follow, max-snippet:-1, max-image-preview:large, max-video-preview:-1\" \/>\n<link rel=\"canonical\" href=\"https:\/\/matchamoya.cz\/en\/shop\/akcni-zbozi\/korejsky-rozpustny-caj-s-cervenym-zensenem-posilujici-pamet-50x3g\/\" \/>\n<meta property=\"og:locale\" content=\"en_US\" \/>\n<meta property=\"og:type\" content=\"article\" \/>\n<meta property=\"og:title\" content=\"Nejlep\u0161\u00ed korejsk\u00fd \u017een\u0161en \u010derven\u00fd - \u010daj rozpustn\u00fd | Matcha Moya\" \/>\n<meta property=\"og:description\" content=\"Korejsk\u00fd \u017een\u0161en - \u010daj s \u010derven\u00fdm \u017een\u0161enem je zdrav\u00ed prosp\u011b\u0161n\u00fd dopln\u011bk stravy s p\u0159\u00edrodn\u00ed energi\u00ed, pro silnou pam\u011b\u0165 se skv\u011blou chut\u00ed.\" \/>\n<meta property=\"og:url\" content=\"https:\/\/matchamoya.cz\/en\/shop\/akcni-zbozi\/korejsky-rozpustny-caj-s-cervenym-zensenem-posilujici-pamet-50x3g\/\" \/>\n<meta property=\"og:site_name\" content=\"Matcha Moya\" \/>\n<meta property=\"article:modified_time\" content=\"2025-02-24T14:09:32+00:00\" \/>\n<meta property=\"og:image\" content=\"https:\/\/matchamoya.cz\/wp-content\/uploads\/2021\/04\/korejsky-caj-cerveny-zensen-zdravi-prospesny.jpg\" \/>\n\t<meta property=\"og:image:width\" content=\"600\" \/>\n\t<meta property=\"og:image:height\" content=\"600\" \/>\n\t<meta property=\"og:image:type\" content=\"image\/jpeg\" \/>\n<meta name=\"twitter:card\" content=\"summary_large_image\" \/>\n<meta name=\"twitter:label1\" content=\"Est. reading time\" \/>\n\t<meta name=\"twitter:data1\" content=\"1 minute\" \/>\n<!-- \/ Yoast SEO plugin. -->","yoast_head_json":{"title":"Nejlep\u0161\u00ed korejsk\u00fd \u017een\u0161en \u010derven\u00fd - \u010daj rozpustn\u00fd | Matcha Moya","description":"Korejsk\u00fd \u017een\u0161en - \u010daj s \u010derven\u00fdm \u017een\u0161enem je zdrav\u00ed prosp\u011b\u0161n\u00fd dopln\u011bk stravy s p\u0159\u00edrodn\u00ed energi\u00ed, pro silnou pam\u011b\u0165 se skv\u011blou chut\u00ed.","robots":{"index":"index","follow":"follow","max-snippet":"max-snippet:-1","max-image-preview":"max-image-preview:large","max-video-preview":"max-video-preview:-1"},"canonical":"https:\/\/matchamoya.cz\/en\/shop\/akcni-zbozi\/korejsky-rozpustny-caj-s-cervenym-zensenem-posilujici-pamet-50x3g\/","og_locale":"en_US","og_type":"article","og_title":"Nejlep\u0161\u00ed korejsk\u00fd \u017een\u0161en \u010derven\u00fd - \u010daj rozpustn\u00fd | Matcha Moya","og_description":"Korejsk\u00fd \u017een\u0161en - \u010daj s \u010derven\u00fdm \u017een\u0161enem je zdrav\u00ed prosp\u011b\u0161n\u00fd dopln\u011bk stravy s p\u0159\u00edrodn\u00ed energi\u00ed, pro silnou pam\u011b\u0165 se skv\u011blou chut\u00ed.","og_url":"https:\/\/matchamoya.cz\/en\/shop\/akcni-zbozi\/korejsky-rozpustny-caj-s-cervenym-zensenem-posilujici-pamet-50x3g\/","og_site_name":"Matcha Moya","article_modified_time":"2025-02-24T14:09:32+00:00","og_image":[{"width":600,"height":600,"url":"https:\/\/matchamoya.cz\/wp-content\/uploads\/2021\/04\/korejsky-caj-cerveny-zensen-zdravi-prospesny.jpg","type":"image\/jpeg"}],"twitter_card":"summary_large_image","twitter_misc":{"Est. reading time":"1 minute"},"schema":{"@context":"https:\/\/schema.org","@graph":[{"@type":"WebPage","@id":"https:\/\/matchamoya.cz\/en\/shop\/akcni-zbozi\/korejsky-rozpustny-caj-s-cervenym-zensenem-posilujici-pamet-50x3g\/","url":"https:\/\/matchamoya.cz\/en\/shop\/akcni-zbozi\/korejsky-rozpustny-caj-s-cervenym-zensenem-posilujici-pamet-50x3g\/","name":"Nejlep\u0161\u00ed korejsk\u00fd \u017een\u0161en \u010derven\u00fd - \u010daj rozpustn\u00fd | Matcha Moya","isPartOf":{"@id":"https:\/\/matchamoya.cz\/en\/#website"},"primaryImageOfPage":{"@id":"https:\/\/matchamoya.cz\/en\/shop\/akcni-zbozi\/korejsky-rozpustny-caj-s-cervenym-zensenem-posilujici-pamet-50x3g\/#primaryimage"},"image":{"@id":"https:\/\/matchamoya.cz\/en\/shop\/akcni-zbozi\/korejsky-rozpustny-caj-s-cervenym-zensenem-posilujici-pamet-50x3g\/#primaryimage"},"thumbnailUrl":"https:\/\/matchamoya.cz\/wp-content\/uploads\/2021\/04\/korejsky-caj-cerveny-zensen-zdravi-prospesny.jpg","datePublished":"2021-04-17T20:23:45+00:00","dateModified":"2025-02-24T14:09:32+00:00","description":"Korejsk\u00fd \u017een\u0161en - \u010daj s \u010derven\u00fdm \u017een\u0161enem je zdrav\u00ed prosp\u011b\u0161n\u00fd dopln\u011bk stravy s p\u0159\u00edrodn\u00ed energi\u00ed, pro silnou pam\u011b\u0165 se skv\u011blou chut\u00ed.","breadcrumb":{"@id":"https:\/\/matchamoya.cz\/en\/shop\/akcni-zbozi\/korejsky-rozpustny-caj-s-cervenym-zensenem-posilujici-pamet-50x3g\/#breadcrumb"},"inLanguage":"en-US","potentialAction":[{"@type":"ReadAction","target":["https:\/\/matchamoya.cz\/en\/shop\/akcni-zbozi\/korejsky-rozpustny-caj-s-cervenym-zensenem-posilujici-pamet-50x3g\/"]}]},{"@type":"ImageObject","inLanguage":"en-US","@id":"https:\/\/matchamoya.cz\/en\/shop\/akcni-zbozi\/korejsky-rozpustny-caj-s-cervenym-zensenem-posilujici-pamet-50x3g\/#primaryimage","url":"https:\/\/matchamoya.cz\/wp-content\/uploads\/2021\/04\/korejsky-caj-cerveny-zensen-zdravi-prospesny.jpg","contentUrl":"https:\/\/matchamoya.cz\/wp-content\/uploads\/2021\/04\/korejsky-caj-cerveny-zensen-zdravi-prospesny.jpg","width":600,"height":600,"caption":"korejsky-caj-cerveny-zensen-zdravi-prospesny"},{"@type":"BreadcrumbList","@id":"https:\/\/matchamoya.cz\/en\/shop\/akcni-zbozi\/korejsky-rozpustny-caj-s-cervenym-zensenem-posilujici-pamet-50x3g\/#breadcrumb","itemListElement":[{"@type":"ListItem","position":1,"name":"Dom\u016f","item":"https:\/\/matchamoya.cz\/"},{"@type":"ListItem","position":2,"name":"E-SHOP","item":"https:\/\/matchamoya.cz\/shop\/"},{"@type":"ListItem","position":3,"name":"Nejlep\u0161\u00ed korejsk\u00fd \u017een\u0161en \u010derven\u00fd &#8211; \u010daj rozpustn\u00fd 50 x 3 g"}]},{"@type":"WebSite","@id":"https:\/\/matchamoya.cz\/en\/#website","url":"https:\/\/matchamoya.cz\/en\/","name":"Matcha Moya","description":"Matcha Moya","publisher":{"@id":"https:\/\/matchamoya.cz\/en\/#organization"},"potentialAction":[{"@type":"SearchAction","target":{"@type":"EntryPoint","urlTemplate":"https:\/\/matchamoya.cz\/en\/?s={search_term_string}"},"query-input":{"@type":"PropertyValueSpecification","valueRequired":true,"valueName":"search_term_string"}}],"inLanguage":"en-US"},{"@type":"Organization","@id":"https:\/\/matchamoya.cz\/en\/#organization","name":"Moya Matcha","url":"https:\/\/matchamoya.cz\/en\/","logo":{"@type":"ImageObject","inLanguage":"en-US","@id":"https:\/\/matchamoya.cz\/en\/#\/schema\/logo\/image\/","url":"https:\/\/matchamoya.cz\/wp-content\/uploads\/2020\/03\/MOYA_Logo_Green-Black_02.png","contentUrl":"https:\/\/matchamoya.cz\/wp-content\/uploads\/2020\/03\/MOYA_Logo_Green-Black_02.png","width":313,"height":310,"caption":"Moya Matcha"},"image":{"@id":"https:\/\/matchamoya.cz\/en\/#\/schema\/logo\/image\/"}}]}},"_links":{"self":[{"href":"https:\/\/matchamoya.cz\/en\/wp-json\/wp\/v2\/product\/1266"}],"collection":[{"href":"https:\/\/matchamoya.cz\/en\/wp-json\/wp\/v2\/product"}],"about":[{"href":"https:\/\/matchamoya.cz\/en\/wp-json\/wp\/v2\/types\/product"}],"replies":[{"embeddable":true,"href":"https:\/\/matchamoya.cz\/en\/wp-json\/wp\/v2\/comments?post=1266"}],"wp:featuredmedia":[{"embeddable":true,"href":"https:\/\/matchamoya.cz\/en\/wp-json\/wp\/v2\/media\/1267"}],"wp:attachment":[{"href":"https:\/\/matchamoya.cz\/en\/wp-json\/wp\/v2\/media?parent=1266"}],"wp:term":[{"taxonomy":"product_cat","embeddable":true,"href":"https:\/\/matchamoya.cz\/en\/wp-json\/wp\/v2\/product_cat?post=1266"},{"taxonomy":"product_tag","embeddable":true,"href":"https:\/\/matchamoya.cz\/en\/wp-json\/wp\/v2\/product_tag?post=1266"}],"curies":[{"name":"wp","href":"https:\/\/api.w.org\/{rel}","templated":true}]}}