{"id":1344,"date":"2021-08-02T10:51:58","date_gmt":"2021-08-02T10:51:58","guid":{"rendered":"https:\/\/matchamoya.cz\/?post_type=product&#038;p=1344"},"modified":"2025-12-10T00:36:57","modified_gmt":"2025-12-10T00:36:57","slug":"vyhodny-japonsky-darkovy-cajovy-set-matcha-starter-kaze-moya","status":"publish","type":"product","link":"https:\/\/matchamoya.cz\/en\/shop\/matcha-vyhodne-darkove-sety\/vyhodny-japonsky-darkovy-cajovy-set-matcha-starter-kaze-moya\/","title":{"rendered":"V\u00fdhodn\u00fd japonsk\u00fd d\u00e1rkov\u00fd \u010dajov\u00fd set s modr\u00fdm chawanem KAZE &#8211; Moya"},"content":{"rendered":"<h1>V\u00fdhodn\u00fd japonsk\u00fd d\u00e1rkov\u00fd \u010dajov\u00fd set s modr\u00fdm chawanem KAZE &#8211; Moya<\/h1>\n<p><strong>V\u00fdhodn\u00fd japonsk\u00fd d\u00e1rkov\u00fd \u010dajov\u00fd set MATCHA TRADITIONAL STARTER<\/strong> &#8211; Moya je perfektn\u00ed sada pro v\u0161echny p\u0159\u00edznivce \u010daje a je vhodn\u00fd pro tradi\u010dn\u00ed japonsk\u00fd \u010dajov\u00fd ob\u0159ad matcha zvan\u00fd \u201eCesta \u010daje\u201c \u010di na ka\u017edodenn\u00ed p\u0159\u00edpravu \u010daje moya matcha. Je to tak\u00e9 skv\u011bl\u00fd d\u00e1rek.<\/p>\n<p><strong>V\u00fdhodn\u00fd japonsk\u00fd d\u00e1rkov\u00fd \u010dajov\u00fd set MATCHA STARTER &#8211; Moya obsahuje:<\/strong><\/p>\n<p><strong>1x <a href=\"https:\/\/matchamoya.cz\/matcha-japonske-zelene-caje-moya\/moya-matcha-traditional-30g-v-tube\/\">Tradi\u010dn\u00ed japonsk\u00e1 BIO matcha z 1. a 2. sklizn\u011b 30g v tub\u011b \u2013 Moya<\/a><\/strong><\/p>\n<p>Vy\u0161\u0161\u00ed kvalitativn\u00ed <a href=\"https:\/\/matchamoya.cz\/moya-matcha-stupne-kvality\/\">stupe\u0148 Moya Matcha TRADITIONAL<\/a> se z\u00edsk\u00e1v\u00e1 z 1. a 2. sklizn\u011b z \u010dajov\u00fdch rostlin, kter\u00e9 jsou speci\u00e1ln\u011b zast\u00edn\u011bn\u00e9 p\u0159ed p\u0159\u00edm\u00fdm slune\u010dn\u00edm z\u00e1\u0159en\u00edm. V\u00fdsledkem je vy\u0161\u0161\u00ed obsah chlorofylu a L-Theaninu a bohat\u0161\u00ed, zelen\u011bj\u0161\u00ed barva. \u010cerstv\u00e9 listy se potom seberou, su\u0161\u00ed a rozemelou na pr\u00e1\u0161ek. Moya Matcha PREMIUM m\u00e1 vyv\u00e1\u017eenou bohatou ho\u0159ko-sladkou chu\u0165, kr\u00e9movou texturu a malachitovou zelenou barvu. Jeho pln\u00e1 chu\u0165 je ide\u00e1ln\u00ed k pit\u00ed samostatn\u011b, ale tak\u00e9 lze p\u0159idat do kafe latte, smoothies a limon\u00e1d.<\/p>\n<p><a href=\"https:\/\/matchamoya.cz\/produkce-a-puvod\/\">Kvalitn\u00ed \u010daj BIO Moya Matcha<\/a> je pe\u010dliv\u011b p\u011bstov\u00e1na na mal\u00fdch, rodinn\u00fdch biocertifikovan\u00fdch pol\u00edch v\u00a0japonsk\u00e9m Uji, regionu zn\u00e1m\u00e9m pro nejvy\u0161\u0161\u00ed kvalitu zelen\u00e9ho \u010daje matcha d\u00edky sv\u00e9mu jedine\u010dn\u00e9mu mikroklimatu. Ka\u017ed\u00e1 \u0161ar\u017ee na\u0161eho organick\u00e9ho matcha je pe\u010dliv\u011b kontrolov\u00e1na na mo\u017en\u00e9 chemick\u00e9 zbytky a jeho kvalita je potvrzena p\u0159\u00edsn\u00fdmi japonsk\u00fdmi standardy a ekologickou certifikac\u00ed. Moya Matcha se pak zpracov\u00e1v\u00e1 lok\u00e1ln\u011b, hermeticky zabal\u00ed a expeduje v mal\u00fdch d\u00e1vk\u00e1ch, aby se zajistila maxim\u00e1ln\u00ed \u010derstvost.<\/p>\n<p><strong>1x <a href=\"https:\/\/matchamoya.cz\/originalni-cajove-prislusenstvi\/chawan-haru-japonska-rucne-vyrabena-miska-na-matcha-caj\/\">Chawan KAZE\u2013 Modr\u00e1 ru\u010dn\u011b vyr\u00e1b\u011bn\u00e1 miska na pit\u00ed matcha \u010daje<\/a><\/strong><\/p>\n<p>Ru\u010dn\u011b vyr\u00e1b\u011bn\u00e1 matcha miska ze \u0161amotu s povrchovou \u00fapravou glazurou. Tvarovan\u00e1 podle stalet\u00e9 japonsk\u00e9 tradice z\u00a0Kj\u00f3ta. Ka\u017ed\u00fd kus kameniny je jedine\u010dn\u00fd s vlastn\u00ed p\u0159irozenou a jemnou variac\u00ed. Je vypalov\u00e1n p\u0159i velmi vysok\u00e9 teplot\u011b, co\u017e zaji\u0161\u0165uje bezpe\u010dnost a odolnost. Matchawan je tradi\u010dn\u00ed m\u00edsa pou\u017e\u00edvan\u00e1 v japonsk\u00e9m \u010dajov\u00e9m ob\u0159adu a velmi usnad\u0148uje p\u0159\u00edpravu matcha. P\u0159i \u0161leh\u00e1n\u00ed matcha bambusovou metli\u010dkou (chasen) vysok\u00e9 vertik\u00e1ln\u00ed st\u011bny matchawanu pom\u00e1haj\u00ed zabr\u00e1nit \u00faniku vody. \u0160irok\u00e9 dno m\u00edsy usnad\u0148uje hladk\u00e9 prom\u00edch\u00e1n\u00ed pr\u00e1\u0161ku a rychl\u00e9 z\u00edsk\u00e1n\u00ed dokonal\u00e9 p\u011bny na povrchu.<\/p>\n<p>Nezapome\u0148te pou\u017e\u00edt vodu s teplotou nep\u0159esahuj\u00edc\u00ed 80 \u00b0 C, abyste zachovali v\u0161echny vlastnosti matcha.<\/p>\n<p>Objem: 400 ml V\u00fd\u0161ka: 7,5 cm Pr\u016fm\u011br: 11,5 cm. Rozm\u011br se m\u016f\u017ee m\u00edrn\u011b li\u0161it. Zem\u011b p\u016fvodu: Polsko. Mo\u017eno m\u00fdt v my\u010dce. Baleno v samostatn\u00e9 krabici.<\/p>\n<p><strong>1x <a href=\"https:\/\/matchamoya.cz\/originalni-cajove-prislusenstvi\/chasen-tradicni-bambusova-metlicka-na-michani-matcha-caje\/\">CHASEN \u2013 Tradi\u010dn\u00ed bambusov\u00e1 metli\u010dka na m\u00edch\u00e1n\u00ed matcha \u010daje<\/a><\/strong><\/p>\n<p>Tradi\u010dn\u00ed bambusov\u00e1 metli\u010dka nebo \u201echasen\u201c je nezbytn\u00fdm n\u00e1strojem japonsk\u00e9ho \u010dajov\u00e9ho ob\u0159adu matcha. Jemn\u00e9, ru\u010dn\u011b vyr\u00e1b\u011bn\u00e9 vl\u00e1kna jsou vy\u0159ez\u00e1v\u00e1ny v jedin\u00e9m kusu bambusu \u0159emesln\u00edky, jejich\u017e dovednosti jsou p\u0159ed\u00e1v\u00e1ny z generace na generaci. 100 bambusov\u00fdch vl\u00e1ken.<\/p>","protected":false},"excerpt":{"rendered":"<p><strong>V\u00fdhodn\u00fd japonsk\u00fd d\u00e1rkov\u00fd \u010dajov\u00fd set s modr\u00fdm chawanem KAZE &#8211; Moya<\/strong> je perfektn\u00ed sada pro v\u0161echny p\u0159\u00edznivce \u010daje a je vhodn\u00fd pro tradi\u010dn\u00ed japonsk\u00fd \u010dajov\u00fd ob\u0159ad matcha zvan\u00fd \u201eCesta \u010daje\u201c \u010di na ka\u017edodenn\u00ed p\u0159\u00edpravu \u010daje moya matcha. Je to tak\u00e9 skv\u011bl\u00fd d\u00e1rek.<\/p>\n<p><strong>V\u00fdhodn\u00fd japonsk\u00fd d\u00e1rkov\u00fd \u010dajov\u00fd set MATCHA TRADITIONAL STARTER &#8211; Moya obsahuje:<\/strong><\/p>\n<p><strong>1x <a href=\"https:\/\/matchamoya.cz\/matcha-japonske-zelene-caje-moya\/moya-matcha-traditional-30g-v-tube\/\">Tradi\u010dn\u00ed japonsk\u00e1 BIO matcha z 1. a 2. sklizn\u011b 30g v tub\u011b \u2013 Moya<\/a><\/strong><\/p>\n<p><strong>1x <a href=\"https:\/\/matchamoya.cz\/originalni-cajove-prislusenstvi\/chawan-haru-japonska-rucne-vyrabena-miska-na-matcha-caj\/\">Chawan KAZE\u2013 Modr\u00e1 ru\u010dn\u011b vyr\u00e1b\u011bn\u00e1 miska na pit\u00ed matcha \u010daje<\/a><\/strong><\/p>\n<p><strong>1x <a href=\"https:\/\/matchamoya.cz\/originalni-cajove-prislusenstvi\/chasen-tradicni-bambusova-metlicka-na-michani-matcha-caje\/\">CHASEN \u2013 Tradi\u010dn\u00ed bambusov\u00e1 metli\u010dka na m\u00edch\u00e1n\u00ed matcha \u010daje<\/a>\u00a0<\/strong>se 100 vl\u00e1kny<\/p>","protected":false},"featured_media":1345,"comment_status":"open","ping_status":"closed","template":"","meta":[],"product_cat":[72],"product_tag":[],"class_list":{"0":"post-1344","1":"product","2":"type-product","3":"status-publish","4":"has-post-thumbnail","6":"product_cat-matcha-vyhodne-darkove-sety","7":"product_shipping_class-dobra-dodani","9":"first","10":"instock","11":"featured","12":"taxable","13":"shipping-taxable","14":"purchasable","15":"product-type-simple"},"yoast_head":"<!-- This site is optimized with the Yoast SEO plugin v23.4 - https:\/\/yoast.com\/wordpress\/plugins\/seo\/ -->\n<title>V\u00fdhodn\u00fd japonsk\u00fd d\u00e1rkov\u00fd \u010dajov\u00fd set s modr\u00fdm chawanem KAZE - Moya | Matcha Moya<\/title>\n<meta name=\"description\" content=\"V\u00fdhodn\u00fd japonsk\u00fd d\u00e1rkov\u00fd \u010dajov\u00fd set MATCHA TRADITIONAL STARTER KAZE - Moya je perfektn\u00ed sada pro v\u0161echny p\u0159\u00edznivce \u010daje.\" \/>\n<meta name=\"robots\" content=\"index, follow, max-snippet:-1, max-image-preview:large, max-video-preview:-1\" \/>\n<link rel=\"canonical\" href=\"https:\/\/matchamoya.cz\/en\/shop\/matcha-vyhodne-darkove-sety\/vyhodny-japonsky-darkovy-cajovy-set-matcha-starter-kaze-moya\/\" \/>\n<meta property=\"og:locale\" content=\"en_US\" \/>\n<meta property=\"og:type\" content=\"article\" \/>\n<meta property=\"og:title\" content=\"V\u00fdhodn\u00fd japonsk\u00fd d\u00e1rkov\u00fd \u010dajov\u00fd set s modr\u00fdm chawanem KAZE - Moya | Matcha Moya\" \/>\n<meta property=\"og:description\" content=\"V\u00fdhodn\u00fd japonsk\u00fd d\u00e1rkov\u00fd \u010dajov\u00fd set MATCHA TRADITIONAL STARTER KAZE - Moya je perfektn\u00ed sada pro v\u0161echny p\u0159\u00edznivce \u010daje.\" \/>\n<meta property=\"og:url\" content=\"https:\/\/matchamoya.cz\/en\/shop\/matcha-vyhodne-darkove-sety\/vyhodny-japonsky-darkovy-cajovy-set-matcha-starter-kaze-moya\/\" \/>\n<meta property=\"og:site_name\" content=\"Matcha Moya\" \/>\n<meta property=\"article:modified_time\" content=\"2025-12-10T00:36:57+00:00\" \/>\n<meta property=\"og:image\" content=\"https:\/\/matchamoya.cz\/wp-content\/uploads\/2021\/08\/moya-matcha-starter-set-kaze-1.jpg\" \/>\n\t<meta property=\"og:image:width\" content=\"800\" \/>\n\t<meta property=\"og:image:height\" content=\"800\" \/>\n\t<meta property=\"og:image:type\" content=\"image\/jpeg\" \/>\n<meta name=\"twitter:card\" content=\"summary_large_image\" \/>\n<meta name=\"twitter:label1\" content=\"Est. reading time\" \/>\n\t<meta name=\"twitter:data1\" content=\"2 minutes\" \/>\n<!-- \/ Yoast SEO plugin. -->","yoast_head_json":{"title":"V\u00fdhodn\u00fd japonsk\u00fd d\u00e1rkov\u00fd \u010dajov\u00fd set s modr\u00fdm chawanem KAZE - Moya | Matcha Moya","description":"V\u00fdhodn\u00fd japonsk\u00fd d\u00e1rkov\u00fd \u010dajov\u00fd set MATCHA TRADITIONAL STARTER KAZE - Moya je perfektn\u00ed sada pro v\u0161echny p\u0159\u00edznivce \u010daje.","robots":{"index":"index","follow":"follow","max-snippet":"max-snippet:-1","max-image-preview":"max-image-preview:large","max-video-preview":"max-video-preview:-1"},"canonical":"https:\/\/matchamoya.cz\/en\/shop\/matcha-vyhodne-darkove-sety\/vyhodny-japonsky-darkovy-cajovy-set-matcha-starter-kaze-moya\/","og_locale":"en_US","og_type":"article","og_title":"V\u00fdhodn\u00fd japonsk\u00fd d\u00e1rkov\u00fd \u010dajov\u00fd set s modr\u00fdm chawanem KAZE - Moya | Matcha Moya","og_description":"V\u00fdhodn\u00fd japonsk\u00fd d\u00e1rkov\u00fd \u010dajov\u00fd set MATCHA TRADITIONAL STARTER KAZE - Moya je perfektn\u00ed sada pro v\u0161echny p\u0159\u00edznivce \u010daje.","og_url":"https:\/\/matchamoya.cz\/en\/shop\/matcha-vyhodne-darkove-sety\/vyhodny-japonsky-darkovy-cajovy-set-matcha-starter-kaze-moya\/","og_site_name":"Matcha Moya","article_modified_time":"2025-12-10T00:36:57+00:00","og_image":[{"width":800,"height":800,"url":"https:\/\/matchamoya.cz\/wp-content\/uploads\/2021\/08\/moya-matcha-starter-set-kaze-1.jpg","type":"image\/jpeg"}],"twitter_card":"summary_large_image","twitter_misc":{"Est. reading time":"2 minutes"},"schema":{"@context":"https:\/\/schema.org","@graph":[{"@type":"WebPage","@id":"https:\/\/matchamoya.cz\/en\/shop\/matcha-vyhodne-darkove-sety\/vyhodny-japonsky-darkovy-cajovy-set-matcha-starter-kaze-moya\/","url":"https:\/\/matchamoya.cz\/en\/shop\/matcha-vyhodne-darkove-sety\/vyhodny-japonsky-darkovy-cajovy-set-matcha-starter-kaze-moya\/","name":"V\u00fdhodn\u00fd japonsk\u00fd d\u00e1rkov\u00fd \u010dajov\u00fd set s modr\u00fdm chawanem KAZE - Moya | Matcha Moya","isPartOf":{"@id":"https:\/\/matchamoya.cz\/en\/#website"},"primaryImageOfPage":{"@id":"https:\/\/matchamoya.cz\/en\/shop\/matcha-vyhodne-darkove-sety\/vyhodny-japonsky-darkovy-cajovy-set-matcha-starter-kaze-moya\/#primaryimage"},"image":{"@id":"https:\/\/matchamoya.cz\/en\/shop\/matcha-vyhodne-darkove-sety\/vyhodny-japonsky-darkovy-cajovy-set-matcha-starter-kaze-moya\/#primaryimage"},"thumbnailUrl":"https:\/\/matchamoya.cz\/wp-content\/uploads\/2021\/08\/moya-matcha-starter-set-kaze-1.jpg","datePublished":"2021-08-02T10:51:58+00:00","dateModified":"2025-12-10T00:36:57+00:00","description":"V\u00fdhodn\u00fd japonsk\u00fd d\u00e1rkov\u00fd \u010dajov\u00fd set MATCHA TRADITIONAL STARTER KAZE - Moya je perfektn\u00ed sada pro v\u0161echny p\u0159\u00edznivce \u010daje.","breadcrumb":{"@id":"https:\/\/matchamoya.cz\/en\/shop\/matcha-vyhodne-darkove-sety\/vyhodny-japonsky-darkovy-cajovy-set-matcha-starter-kaze-moya\/#breadcrumb"},"inLanguage":"en-US","potentialAction":[{"@type":"ReadAction","target":["https:\/\/matchamoya.cz\/en\/shop\/matcha-vyhodne-darkove-sety\/vyhodny-japonsky-darkovy-cajovy-set-matcha-starter-kaze-moya\/"]}]},{"@type":"ImageObject","inLanguage":"en-US","@id":"https:\/\/matchamoya.cz\/en\/shop\/matcha-vyhodne-darkove-sety\/vyhodny-japonsky-darkovy-cajovy-set-matcha-starter-kaze-moya\/#primaryimage","url":"https:\/\/matchamoya.cz\/wp-content\/uploads\/2021\/08\/moya-matcha-starter-set-kaze-1.jpg","contentUrl":"https:\/\/matchamoya.cz\/wp-content\/uploads\/2021\/08\/moya-matcha-starter-set-kaze-1.jpg","width":800,"height":800,"caption":"profi-rucni-darkovy-set-matcha-zeleny-caj"},{"@type":"BreadcrumbList","@id":"https:\/\/matchamoya.cz\/en\/shop\/matcha-vyhodne-darkove-sety\/vyhodny-japonsky-darkovy-cajovy-set-matcha-starter-kaze-moya\/#breadcrumb","itemListElement":[{"@type":"ListItem","position":1,"name":"Dom\u016f","item":"https:\/\/matchamoya.cz\/"},{"@type":"ListItem","position":2,"name":"E-SHOP","item":"https:\/\/matchamoya.cz\/shop\/"},{"@type":"ListItem","position":3,"name":"V\u00fdhodn\u00fd japonsk\u00fd d\u00e1rkov\u00fd \u010dajov\u00fd set s modr\u00fdm chawanem KAZE &#8211; Moya"}]},{"@type":"WebSite","@id":"https:\/\/matchamoya.cz\/en\/#website","url":"https:\/\/matchamoya.cz\/en\/","name":"Matcha Moya","description":"Matcha Moya","publisher":{"@id":"https:\/\/matchamoya.cz\/en\/#organization"},"potentialAction":[{"@type":"SearchAction","target":{"@type":"EntryPoint","urlTemplate":"https:\/\/matchamoya.cz\/en\/?s={search_term_string}"},"query-input":{"@type":"PropertyValueSpecification","valueRequired":true,"valueName":"search_term_string"}}],"inLanguage":"en-US"},{"@type":"Organization","@id":"https:\/\/matchamoya.cz\/en\/#organization","name":"Moya Matcha","url":"https:\/\/matchamoya.cz\/en\/","logo":{"@type":"ImageObject","inLanguage":"en-US","@id":"https:\/\/matchamoya.cz\/en\/#\/schema\/logo\/image\/","url":"https:\/\/matchamoya.cz\/wp-content\/uploads\/2020\/03\/MOYA_Logo_Green-Black_02.png","contentUrl":"https:\/\/matchamoya.cz\/wp-content\/uploads\/2020\/03\/MOYA_Logo_Green-Black_02.png","width":313,"height":310,"caption":"Moya Matcha"},"image":{"@id":"https:\/\/matchamoya.cz\/en\/#\/schema\/logo\/image\/"}}]}},"_links":{"self":[{"href":"https:\/\/matchamoya.cz\/en\/wp-json\/wp\/v2\/product\/1344"}],"collection":[{"href":"https:\/\/matchamoya.cz\/en\/wp-json\/wp\/v2\/product"}],"about":[{"href":"https:\/\/matchamoya.cz\/en\/wp-json\/wp\/v2\/types\/product"}],"replies":[{"embeddable":true,"href":"https:\/\/matchamoya.cz\/en\/wp-json\/wp\/v2\/comments?post=1344"}],"wp:featuredmedia":[{"embeddable":true,"href":"https:\/\/matchamoya.cz\/en\/wp-json\/wp\/v2\/media\/1345"}],"wp:attachment":[{"href":"https:\/\/matchamoya.cz\/en\/wp-json\/wp\/v2\/media?parent=1344"}],"wp:term":[{"taxonomy":"product_cat","embeddable":true,"href":"https:\/\/matchamoya.cz\/en\/wp-json\/wp\/v2\/product_cat?post=1344"},{"taxonomy":"product_tag","embeddable":true,"href":"https:\/\/matchamoya.cz\/en\/wp-json\/wp\/v2\/product_tag?post=1344"}],"curies":[{"name":"wp","href":"https:\/\/api.w.org\/{rel}","templated":true}]}}