{"id":1390,"date":"2021-10-14T12:43:46","date_gmt":"2021-10-14T12:43:46","guid":{"rendered":"https:\/\/matchamoya.cz\/?post_type=product&#038;p=1390"},"modified":"2025-08-10T08:21:19","modified_gmt":"2025-08-10T08:21:19","slug":"cajove-darkove-baleni-traditional-matcha-s-sklenenym-sejkrem-moya","status":"publish","type":"product","link":"https:\/\/matchamoya.cz\/en\/shop\/matcha-vyhodne-darkove-sety\/cajove-darkove-baleni-traditional-matcha-s-sklenenym-sejkrem-moya\/","title":{"rendered":"\u010cajov\u00e9 d\u00e1rkov\u00e9 balen\u00ed Traditional matcha s sklen\u011bn\u00fdm \u0161ejkrem &#8211; Moya"},"content":{"rendered":"<h1>\u010cajov\u00e9 d\u00e1rkov\u00e9 balen\u00ed Traditional matcha s sklen\u011bn\u00fdm \u0161ejkrem &#8211; Moya<\/h1>\n<p><strong>\u010cajov\u00e9 d\u00e1rkov\u00e9 balen\u00ed Traditional matcha s sklen\u011bn\u00fdm \u0161ejkrem &#8211; Moya<\/strong> je perfektn\u00ed sada na cesty s origin\u00e1ln\u00edm sklen\u011bn\u00fdm \u0161ejkrem zna\u010dky Moya a na\u0161\u00edm bestsellerem japonskou matchou Moya Traditional To Go! 24&#215;1,5g, stupn\u011b z prvn\u00ed a druh\u00e9 sklizn\u011b \u010dajov\u00fdch rostlin z biocertifikovan\u00fdch pol\u00ed z regionu UJI.<\/p>\n<p><strong>\u010cajov\u00e9 d\u00e1rkov\u00e9 balen\u00ed Traditional matcha s sklen\u011bn\u00fdm \u0161ejkrem &#8211; Moya obsahuje:<\/strong><\/p>\n<p><strong>1x <a href=\"https:\/\/matchamoya.cz\/akcni-zbozi\/bio-moya-matcha-to-go-24-x-15g-sacek\/\">BIO Tradi\u010dn\u00ed matcha \u010daj v praktick\u00e9m balen\u00ed To Go! 24\u00d71,5g \u2013 Moya<\/a><\/strong><\/p>\n<p><strong>Japonsk\u00fd vy\u0161\u0161\u00ed kvalitativn\u00ed stupe\u0148 Moya Matcha TRADITIONAL (tradi\u010dn\u00ed stupe\u0148)<\/strong>\u00a0se z\u00edsk\u00e1v\u00e1 z 1. a 2. sklizn\u011b z \u010dajov\u00fdch rostlin, kter\u00e9 jsou speci\u00e1ln\u011b zast\u00edn\u011bn\u00e9 p\u0159ed p\u0159\u00edm\u00fdm slune\u010dn\u00edm z\u00e1\u0159en\u00edm. V\u00fdsledkem je vy\u0161\u0161\u00ed obsah chlorofylu a L-Theaninu a bohat\u0161\u00ed, zelen\u011bj\u0161\u00ed barva. \u010cerstv\u00e9 listy se potom seberou, su\u0161\u00ed a rozemelou na pr\u00e1\u0161ek.\u00a0V\u00edce o\u00a0<a href=\"https:\/\/matchamoya.cz\/produkce-a-puvod\/\"><strong>produkci a p\u016fvodu Moya Matcha<\/strong><\/a>\u00a0si m\u016f\u017eete p\u0159e\u010d\u00edst ve speci\u00e1ln\u00ed sekci na\u0161eho webu.<\/p>\n<p>Stupe\u0148<a href=\"https:\/\/matchamoya.cz\/moya-matcha-stupne-kvality\/\"><strong>\u00a0Moya Matcha TRADITIONAL<\/strong><\/a>\u00a0\u00a0m\u00e1 vyv\u00e1\u017eenou bohatou ho\u0159ko-sladkou chu\u0165, kr\u00e9movou texturu a malachitovou zelenou barvu. Jeho pln\u00e1 chu\u0165 je ide\u00e1ln\u00ed k pit\u00ed samostatn\u011b, ale tak\u00e9 lze p\u0159idat do kafe latte, smoothies a limon\u00e1d.<\/p>\n<p><strong>1x <a href=\"https:\/\/matchamoya.cz\/originalni-cajove-prislusenstvi\/originalni-skleneny-sejkr-pro-snadnou-pripravu-matcha-caje-moya\/\">Origin\u00e1ln\u00ed sklen\u011bn\u00fd \u0161ejkr pro snadnou p\u0159\u00edpravu matcha \u010daje Moya<\/a><\/strong><\/p>\n<p>Se zna\u010dkov\u00fdm origin\u00e1ln\u00edm<strong>\u00a0Moya Matcha sklen\u011bn\u00fdm \u0161ejkrem<\/strong>, kter\u00fd je vyroben z nejlep\u0161\u00edch materi\u00e1l\u016f,\u00a0m\u016f\u017eete neuv\u011b\u0159iteln\u011b rychle p\u0159ipravit n\u00e1poj matcha: sta\u010d\u00ed p\u0159idat matcha pr\u00e1\u0161ek do tekutiny (voda, d\u017eus nebo ml\u00e9ko), prot\u0159epat a j\u00edt! Je to perfektn\u00ed pom\u016fcka p\u0159i cestov\u00e1n\u00ed a tr\u00e9ninku. Dvojit\u00e9 sklen\u011bn\u00e9 st\u011bny umo\u017e\u0148uj\u00ed p\u0159ipravit matchu za studena nebo za tepla.<\/p>\n<p><strong>L\u00e1hev:<\/strong>\u00a0Borosilik\u00e1tov\u00e9 dvojit\u00e9 sklo.<\/p>\n<p><strong>V\u00edko:<\/strong>\u00a0Vn\u011bj\u0161\u00ed z bambusov\u00e9ho d\u0159eva. Uvnit\u0159 je vyrobeno z plastu a nerezov\u00e9 oceli. V\u010detn\u011b silikonov\u00e9ho t\u011bsn\u011bn\u00ed (nemyjte se v my\u010dce).<\/p>\n<p><strong>Infuser:<\/strong>\u00a0nerezov\u00e1 ocel<\/p>\n<p><strong>Objem:<\/strong>\u00a0320 ml.<\/p>\n<p><strong>Rozm\u011bry:<\/strong>\u00a022,5 cm x 7 cm<\/p>\n<p>&nbsp;<\/p>","protected":false},"excerpt":{"rendered":"<p><strong>\u010cajov\u00e9 d\u00e1rkov\u00e9 balen\u00ed Traditional matcha s sklen\u011bn\u00fdm \u0161ejkrem &#8211; Moya obsahuje:<\/strong><\/p>\n<p><strong>1x <a href=\"https:\/\/matchamoya.cz\/akcni-zbozi\/bio-moya-matcha-to-go-24-x-15g-sacek\/\">BIO Tradi\u010dn\u00ed matcha \u010daj v praktick\u00e9m balen\u00ed To Go! 24\u00d71,5g \u2013 Moya<\/a><\/strong><\/p>\n<p><strong>1x <a href=\"https:\/\/matchamoya.cz\/originalni-cajove-prislusenstvi\/originalni-skleneny-sejkr-pro-snadnou-pripravu-matcha-caje-moya\/\">Origin\u00e1ln\u00ed sklen\u011bn\u00fd \u0161ejkr pro snadnou p\u0159\u00edpravu matcha \u010daje Moya<\/a><\/strong><\/p>\n<p><a href=\"https:\/\/matchamoya.cz\/produkce-a-puvod\/\"><img loading=\"lazy\" decoding=\"async\" class=\"alignnone wp-image-1234\" src=\"https:\/\/matchamoya.cz\/wp-content\/uploads\/2020\/04\/certifikat-bio-matcha-caj-moya-461x400.jpg\" alt=\"certifikat-bio-matcha-caj-moya\" width=\"150\" height=\"131\" srcset=\"https:\/\/matchamoya.cz\/wp-content\/uploads\/2020\/04\/certifikat-bio-matcha-caj-moya-461x400.jpg 461w, https:\/\/matchamoya.cz\/wp-content\/uploads\/2020\/04\/certifikat-bio-matcha-caj-moya-922x800.jpg 922w, https:\/\/matchamoya.cz\/wp-content\/uploads\/2020\/04\/certifikat-bio-matcha-caj-moya-768x666.jpg 768w, https:\/\/matchamoya.cz\/wp-content\/uploads\/2020\/04\/certifikat-bio-matcha-caj-moya-14x12.jpg 14w, https:\/\/matchamoya.cz\/wp-content\/uploads\/2020\/04\/certifikat-bio-matcha-caj-moya-600x521.jpg 600w, https:\/\/matchamoya.cz\/wp-content\/uploads\/2020\/04\/certifikat-bio-matcha-caj-moya.jpg 1180w\" sizes=\"(max-width: 150px) 100vw, 150px\" \/><\/a><img loading=\"lazy\" decoding=\"async\" class=\"alignnone wp-image-1050\" src=\"https:\/\/matchamoya.cz\/wp-content\/uploads\/2021\/03\/zeleny-caj-matcha-uji-region-japonsko-mapa-400x400.jpg\" alt=\"zeleny-caj-matcha-uji-region-japonsko-mapa\" width=\"130\" height=\"130\" srcset=\"https:\/\/matchamoya.cz\/wp-content\/uploads\/2021\/03\/zeleny-caj-matcha-uji-region-japonsko-mapa-400x400.jpg 400w, https:\/\/matchamoya.cz\/wp-content\/uploads\/2021\/03\/zeleny-caj-matcha-uji-region-japonsko-mapa-280x280.jpg 280w, https:\/\/matchamoya.cz\/wp-content\/uploads\/2021\/03\/zeleny-caj-matcha-uji-region-japonsko-mapa-768x768.jpg 768w, https:\/\/matchamoya.cz\/wp-content\/uploads\/2021\/03\/zeleny-caj-matcha-uji-region-japonsko-mapa-12x12.jpg 12w, https:\/\/matchamoya.cz\/wp-content\/uploads\/2021\/03\/zeleny-caj-matcha-uji-region-japonsko-mapa-300x300.jpg 300w, https:\/\/matchamoya.cz\/wp-content\/uploads\/2021\/03\/zeleny-caj-matcha-uji-region-japonsko-mapa-600x600.jpg 600w, https:\/\/matchamoya.cz\/wp-content\/uploads\/2021\/03\/zeleny-caj-matcha-uji-region-japonsko-mapa-100x100.jpg 100w, https:\/\/matchamoya.cz\/wp-content\/uploads\/2021\/03\/zeleny-caj-matcha-uji-region-japonsko-mapa.jpg 800w\" sizes=\"(max-width: 130px) 100vw, 130px\" \/><\/p>","protected":false},"featured_media":1035,"comment_status":"open","ping_status":"closed","template":"","meta":[],"product_cat":[130,72],"product_tag":[],"class_list":{"0":"post-1390","1":"product","2":"type-product","3":"status-publish","4":"has-post-thumbnail","6":"product_cat-akcni-zbozi","7":"product_cat-matcha-vyhodne-darkove-sety","8":"product_shipping_class-dobra-dodani","10":"first","11":"outofstock","12":"sale","13":"taxable","14":"shipping-taxable","15":"purchasable","16":"product-type-simple"},"yoast_head":"<!-- This site is optimized with the Yoast SEO plugin v23.4 - https:\/\/yoast.com\/wordpress\/plugins\/seo\/ -->\n<title>\u010cajov\u00e9 d\u00e1rkov\u00e9 balen\u00ed Traditional matcha To Go! + \u0161ejkr | Matcha Moya<\/title>\n<meta name=\"description\" content=\"D\u00e1rkov\u00fd set na cesty Matcha To Go! s sklen\u011bn\u00fdm \u0161ejkrem - Moya je perfektn\u00ed sada na cesty s origin\u00e1ln\u00edm sklen\u011bn\u00fdm \u0161ejkrem a matchou moya.\" \/>\n<meta name=\"robots\" content=\"index, follow, max-snippet:-1, max-image-preview:large, max-video-preview:-1\" \/>\n<link rel=\"canonical\" href=\"https:\/\/matchamoya.cz\/en\/shop\/matcha-vyhodne-darkove-sety\/cajove-darkove-baleni-traditional-matcha-s-sklenenym-sejkrem-moya\/\" \/>\n<meta property=\"og:locale\" content=\"en_US\" \/>\n<meta property=\"og:type\" content=\"article\" \/>\n<meta property=\"og:title\" content=\"\u010cajov\u00e9 d\u00e1rkov\u00e9 balen\u00ed Traditional matcha To Go! + \u0161ejkr | Matcha Moya\" \/>\n<meta property=\"og:description\" content=\"D\u00e1rkov\u00fd set na cesty Matcha To Go! s sklen\u011bn\u00fdm \u0161ejkrem - Moya je perfektn\u00ed sada na cesty s origin\u00e1ln\u00edm sklen\u011bn\u00fdm \u0161ejkrem a matchou moya.\" \/>\n<meta property=\"og:url\" content=\"https:\/\/matchamoya.cz\/en\/shop\/matcha-vyhodne-darkove-sety\/cajove-darkove-baleni-traditional-matcha-s-sklenenym-sejkrem-moya\/\" \/>\n<meta property=\"og:site_name\" content=\"Matcha Moya\" \/>\n<meta property=\"article:modified_time\" content=\"2025-08-10T08:21:19+00:00\" \/>\n<meta property=\"og:image\" content=\"https:\/\/matchamoya.cz\/wp-content\/uploads\/2021\/02\/akcni-darkovy-set-na-cesty-matcha-togo-s-sklenenym-sejkrem-moya-1.png\" \/>\n\t<meta property=\"og:image:width\" content=\"1660\" \/>\n\t<meta property=\"og:image:height\" content=\"1676\" \/>\n\t<meta property=\"og:image:type\" content=\"image\/png\" \/>\n<meta name=\"twitter:card\" content=\"summary_large_image\" \/>\n<meta name=\"twitter:label1\" content=\"Est. reading time\" \/>\n\t<meta name=\"twitter:data1\" content=\"2 minutes\" \/>\n<!-- \/ Yoast SEO plugin. -->","yoast_head_json":{"title":"\u010cajov\u00e9 d\u00e1rkov\u00e9 balen\u00ed Traditional matcha To Go! + \u0161ejkr | Matcha Moya","description":"D\u00e1rkov\u00fd set na cesty Matcha To Go! s sklen\u011bn\u00fdm \u0161ejkrem - Moya je perfektn\u00ed sada na cesty s origin\u00e1ln\u00edm sklen\u011bn\u00fdm \u0161ejkrem a matchou moya.","robots":{"index":"index","follow":"follow","max-snippet":"max-snippet:-1","max-image-preview":"max-image-preview:large","max-video-preview":"max-video-preview:-1"},"canonical":"https:\/\/matchamoya.cz\/en\/shop\/matcha-vyhodne-darkove-sety\/cajove-darkove-baleni-traditional-matcha-s-sklenenym-sejkrem-moya\/","og_locale":"en_US","og_type":"article","og_title":"\u010cajov\u00e9 d\u00e1rkov\u00e9 balen\u00ed Traditional matcha To Go! + \u0161ejkr | Matcha Moya","og_description":"D\u00e1rkov\u00fd set na cesty Matcha To Go! s sklen\u011bn\u00fdm \u0161ejkrem - Moya je perfektn\u00ed sada na cesty s origin\u00e1ln\u00edm sklen\u011bn\u00fdm \u0161ejkrem a matchou moya.","og_url":"https:\/\/matchamoya.cz\/en\/shop\/matcha-vyhodne-darkove-sety\/cajove-darkove-baleni-traditional-matcha-s-sklenenym-sejkrem-moya\/","og_site_name":"Matcha Moya","article_modified_time":"2025-08-10T08:21:19+00:00","og_image":[{"width":1660,"height":1676,"url":"https:\/\/matchamoya.cz\/wp-content\/uploads\/2021\/02\/akcni-darkovy-set-na-cesty-matcha-togo-s-sklenenym-sejkrem-moya-1.png","type":"image\/png"}],"twitter_card":"summary_large_image","twitter_misc":{"Est. reading time":"2 minutes"},"schema":{"@context":"https:\/\/schema.org","@graph":[{"@type":"WebPage","@id":"https:\/\/matchamoya.cz\/en\/shop\/matcha-vyhodne-darkove-sety\/cajove-darkove-baleni-traditional-matcha-s-sklenenym-sejkrem-moya\/","url":"https:\/\/matchamoya.cz\/en\/shop\/matcha-vyhodne-darkove-sety\/cajove-darkove-baleni-traditional-matcha-s-sklenenym-sejkrem-moya\/","name":"\u010cajov\u00e9 d\u00e1rkov\u00e9 balen\u00ed Traditional matcha To Go! + \u0161ejkr | Matcha Moya","isPartOf":{"@id":"https:\/\/matchamoya.cz\/en\/#website"},"primaryImageOfPage":{"@id":"https:\/\/matchamoya.cz\/en\/shop\/matcha-vyhodne-darkove-sety\/cajove-darkove-baleni-traditional-matcha-s-sklenenym-sejkrem-moya\/#primaryimage"},"image":{"@id":"https:\/\/matchamoya.cz\/en\/shop\/matcha-vyhodne-darkove-sety\/cajove-darkove-baleni-traditional-matcha-s-sklenenym-sejkrem-moya\/#primaryimage"},"thumbnailUrl":"https:\/\/matchamoya.cz\/wp-content\/uploads\/2021\/02\/akcni-darkovy-set-na-cesty-matcha-togo-s-sklenenym-sejkrem-moya-1.png","datePublished":"2021-10-14T12:43:46+00:00","dateModified":"2025-08-10T08:21:19+00:00","description":"D\u00e1rkov\u00fd set na cesty Matcha To Go! s sklen\u011bn\u00fdm \u0161ejkrem - Moya je perfektn\u00ed sada na cesty s origin\u00e1ln\u00edm sklen\u011bn\u00fdm \u0161ejkrem a matchou moya.","breadcrumb":{"@id":"https:\/\/matchamoya.cz\/en\/shop\/matcha-vyhodne-darkove-sety\/cajove-darkove-baleni-traditional-matcha-s-sklenenym-sejkrem-moya\/#breadcrumb"},"inLanguage":"en-US","potentialAction":[{"@type":"ReadAction","target":["https:\/\/matchamoya.cz\/en\/shop\/matcha-vyhodne-darkove-sety\/cajove-darkove-baleni-traditional-matcha-s-sklenenym-sejkrem-moya\/"]}]},{"@type":"ImageObject","inLanguage":"en-US","@id":"https:\/\/matchamoya.cz\/en\/shop\/matcha-vyhodne-darkove-sety\/cajove-darkove-baleni-traditional-matcha-s-sklenenym-sejkrem-moya\/#primaryimage","url":"https:\/\/matchamoya.cz\/wp-content\/uploads\/2021\/02\/akcni-darkovy-set-na-cesty-matcha-togo-s-sklenenym-sejkrem-moya-1.png","contentUrl":"https:\/\/matchamoya.cz\/wp-content\/uploads\/2021\/02\/akcni-darkovy-set-na-cesty-matcha-togo-s-sklenenym-sejkrem-moya-1.png","width":1660,"height":1676,"caption":"akcni-darkovy-set-na-cesty-matcha-togo-s-sklenenym-sejkrem-moya-1"},{"@type":"BreadcrumbList","@id":"https:\/\/matchamoya.cz\/en\/shop\/matcha-vyhodne-darkove-sety\/cajove-darkove-baleni-traditional-matcha-s-sklenenym-sejkrem-moya\/#breadcrumb","itemListElement":[{"@type":"ListItem","position":1,"name":"Dom\u016f","item":"https:\/\/matchamoya.cz\/"},{"@type":"ListItem","position":2,"name":"E-SHOP","item":"https:\/\/matchamoya.cz\/shop\/"},{"@type":"ListItem","position":3,"name":"\u010cajov\u00e9 d\u00e1rkov\u00e9 balen\u00ed Traditional matcha s sklen\u011bn\u00fdm \u0161ejkrem &#8211; Moya"}]},{"@type":"WebSite","@id":"https:\/\/matchamoya.cz\/en\/#website","url":"https:\/\/matchamoya.cz\/en\/","name":"Matcha Moya","description":"Matcha Moya","publisher":{"@id":"https:\/\/matchamoya.cz\/en\/#organization"},"potentialAction":[{"@type":"SearchAction","target":{"@type":"EntryPoint","urlTemplate":"https:\/\/matchamoya.cz\/en\/?s={search_term_string}"},"query-input":{"@type":"PropertyValueSpecification","valueRequired":true,"valueName":"search_term_string"}}],"inLanguage":"en-US"},{"@type":"Organization","@id":"https:\/\/matchamoya.cz\/en\/#organization","name":"Moya Matcha","url":"https:\/\/matchamoya.cz\/en\/","logo":{"@type":"ImageObject","inLanguage":"en-US","@id":"https:\/\/matchamoya.cz\/en\/#\/schema\/logo\/image\/","url":"https:\/\/matchamoya.cz\/wp-content\/uploads\/2020\/03\/MOYA_Logo_Green-Black_02.png","contentUrl":"https:\/\/matchamoya.cz\/wp-content\/uploads\/2020\/03\/MOYA_Logo_Green-Black_02.png","width":313,"height":310,"caption":"Moya Matcha"},"image":{"@id":"https:\/\/matchamoya.cz\/en\/#\/schema\/logo\/image\/"}}]}},"_links":{"self":[{"href":"https:\/\/matchamoya.cz\/en\/wp-json\/wp\/v2\/product\/1390"}],"collection":[{"href":"https:\/\/matchamoya.cz\/en\/wp-json\/wp\/v2\/product"}],"about":[{"href":"https:\/\/matchamoya.cz\/en\/wp-json\/wp\/v2\/types\/product"}],"replies":[{"embeddable":true,"href":"https:\/\/matchamoya.cz\/en\/wp-json\/wp\/v2\/comments?post=1390"}],"wp:featuredmedia":[{"embeddable":true,"href":"https:\/\/matchamoya.cz\/en\/wp-json\/wp\/v2\/media\/1035"}],"wp:attachment":[{"href":"https:\/\/matchamoya.cz\/en\/wp-json\/wp\/v2\/media?parent=1390"}],"wp:term":[{"taxonomy":"product_cat","embeddable":true,"href":"https:\/\/matchamoya.cz\/en\/wp-json\/wp\/v2\/product_cat?post=1390"},{"taxonomy":"product_tag","embeddable":true,"href":"https:\/\/matchamoya.cz\/en\/wp-json\/wp\/v2\/product_tag?post=1390"}],"curies":[{"name":"wp","href":"https:\/\/api.w.org\/{rel}","templated":true}]}}