{"id":1409,"date":"2021-11-13T14:50:55","date_gmt":"2021-11-13T14:50:55","guid":{"rendered":"https:\/\/matchamoya.cz\/?post_type=product&#038;p=1409"},"modified":"2025-12-03T19:28:26","modified_gmt":"2025-12-03T19:28:26","slug":"japonsky-set-zeleny-caj-bio-kukicha-a-sedy-hrnek-maru-chan","status":"publish","type":"product","link":"https:\/\/matchamoya.cz\/en\/shop\/matcha-vyhodne-darkove-sety\/japonsky-set-zeleny-caj-bio-kukicha-a-sedy-hrnek-maru-chan\/","title":{"rendered":"Japonsk\u00fd set-Zelen\u00fd \u010daj BIO KUKICHA a \u0161ed\u00fd hrnek Maru-Chan"},"content":{"rendered":"<h1>Japonsk\u00fd set-Zelen\u00fd \u010daj BIO KUKICHA a \u0161ed\u00fd hrnek Maru-Chan<\/h1>\n<p><strong>Japonsk\u00fd set-Zelen\u00fd \u010daj BIO KUKICHA a \u0161ed\u00fd hrnek Maru-Chan<\/strong> je perfektn\u00ed sada pro v\u0161echny p\u0159\u00edznivce \u010daje s origin\u00e1ln\u00ed keramikou. Je to tak\u00e9 skv\u011bl\u00fd d\u00e1rek.<\/p>\n<p><strong>Japonsk\u00fd set-Zelen\u00fd \u010daj BIO KUKICHA a \u0161ed\u00fd hrnek Maru-Chan obsahuje:<\/strong><\/p>\n<p><strong>1x Keramick\u00fd hrnek \u0161ed\u00fd Maru-Chan<\/strong><\/p>\n<p>Hrnek Maru-chan je unik\u00e1tn\u00ed n\u00e1doba ur\u010den\u00e1 ke konzumaci zelen\u00e9ho \u010daje, tradi\u010dn\u011b pou\u017e\u00edvan\u00e1 pro japonsk\u00fd \u010dajov\u00fd ob\u0159ad. Hrnek je vyroben\u00fd z jemn\u00e9 hl\u00edny, ale je z\u00e1rove\u0148 odoln\u00fd proti po\u0161kozen\u00ed d\u00edky procesu keramick\u00e9ho vypalov\u00e1n\u00ed p\u0159i teplot\u011b 1150\u00b0C. D\u00edky tomu ohrom\u00ed jak svou lehkost\u00ed, tak odolnost\u00ed. Syrov\u011b \u0161ed\u00e1 barva smaltu, kter\u00fdm je hrnek Maru-chan glazov\u00e1n, p\u0159ipom\u00edn\u00e1 holou horskou sk\u00e1lu a tvar hrnku okouzluje jednoduchost\u00ed a funk\u010dnost\u00ed.<\/p>\n<p>N\u00e1doba vznikla jako v\u00fdsledek spolupr\u00e1ce Moyi se studiem Baobab \u2013 keramickou d\u00edlnou, kterou p\u0159ed v\u00edce ne\u017e 10 lety zalo\u017eili Natalia a Olaf. Man\u017eel\u00e9 si zamilovali v\u00fdrobu keramiky, co\u017e je vedlo k zalo\u017een\u00ed vlastn\u00edho ateli\u00e9ru na polsk\u00e9m venkov\u011b. Ke keramice p\u0159istupuj\u00ed nejen jako ke zp\u016fsobu ob\u017eivy, ale tak\u00e9 jako ke sv\u00e9 nejv\u011bt\u0161\u00ed v\u00e1\u0161ni \u2013 co\u017e pozn\u00e1te podle pozornosti a \u00fasil\u00ed vlo\u017een\u00e9 do tvorby ka\u017ed\u00e9ho jejich jedine\u010dn\u00e9ho kousku.<\/p>\n<p>OBJEM: 200ml,<br \/>\nV\u00dd\u0160KA: 8,5 cm,<br \/>\nPR\u016eM\u011aR: 7 cm<br \/>\nZEM\u011a P\u016eVODU: Polsko<\/p>\n<p>Vzhledem k tomu, \u017ee se jedn\u00e1 o ru\u010dn\u011b vyr\u00e1b\u011bn\u00fd v\u00fdrobek, rozm\u011bry a barva se mohou m\u00edrn\u011b li\u0161it.<strong> Vhodn\u00e9 do my\u010dky.<\/strong><\/p>\n<p><strong>1x <a href=\"https:\/\/matchamoya.cz\/tradicni-japonske-listove-zelene-caje\/zeleny-caj-bio-kukicha-ze-stonku-a-vetvicek-cajovniku-60g-moya\/\">Zelen\u00fd \u010daj BIO KUKICHA ze stonk\u016f a v\u011btvi\u010dek \u010dajovn\u00edku 60g \u2013 Moya<\/a><\/strong><\/p>\n<p>V\u00edce informac\u00ed o \u010daji BIO Kukicha naleznete pod v\u00fd\u0161e uveden\u00fdm odkazem na na\u0161em webu.<\/p>","protected":false},"excerpt":{"rendered":"<p><strong>Japonsk\u00fd set-Zelen\u00fd \u010daj BIO KUKICHA a \u0161ed\u00fd hrnek Maru-Chan<\/strong> je perfektn\u00ed sada pro v\u0161echny p\u0159\u00edznivce \u010daje s origin\u00e1ln\u00ed keramikou. Je to tak\u00e9 skv\u011bl\u00fd d\u00e1rek.<\/p>\n<p><strong>Japonsk\u00fd set-Zelen\u00fd \u010daj BIO KUKICHA a \u0161ed\u00fd hrnek Maru-Chan obsahuje:<\/strong><\/p>\n<p><strong>1x Keramick\u00fd hrnek \u0161ed\u00fd Maru-Chan<\/strong><\/p>\n<p><strong>1x <a href=\"https:\/\/matchamoya.cz\/tradicni-japonske-listove-zelene-caje\/zeleny-caj-bio-kukicha-ze-stonku-a-vetvicek-cajovniku-60g-moya\/\">Zelen\u00fd \u010daj BIO KUKICHA ze stonk\u016f a v\u011btvi\u010dek \u010dajovn\u00edku 60g \u2013 Moya<\/a><\/strong><\/p>","protected":false},"featured_media":1410,"comment_status":"open","ping_status":"closed","template":"","meta":[],"product_cat":[72,75],"product_tag":[],"class_list":{"0":"post-1409","1":"product","2":"type-product","3":"status-publish","4":"has-post-thumbnail","6":"product_cat-matcha-vyhodne-darkove-sety","7":"product_cat-tradicni-japonske-listove-zelene-caje","8":"product_shipping_class-dobra-dodani","10":"first","11":"instock","12":"taxable","13":"shipping-taxable","14":"purchasable","15":"product-type-simple"},"yoast_head":"<!-- This site is optimized with the Yoast SEO plugin v23.4 - https:\/\/yoast.com\/wordpress\/plugins\/seo\/ -->\n<title>Japonsk\u00fd set-Zelen\u00fd \u010daj BIO KUKICHA a \u0161ed\u00fd hrnek Maru-Chan | Matcha Moya<\/title>\n<meta name=\"description\" content=\"Japonsk\u00fd set-Zelen\u00fd \u010daj BIO KUKICHA a \u0161ed\u00fd hrnek Maru-Chan je perfektn\u00ed sada pro v\u0161echny p\u0159\u00edznivce \u010daje s origin\u00e1ln\u00ed keramikou made in Japan.\" \/>\n<meta name=\"robots\" content=\"index, follow, max-snippet:-1, max-image-preview:large, max-video-preview:-1\" \/>\n<link rel=\"canonical\" href=\"https:\/\/matchamoya.cz\/en\/shop\/matcha-vyhodne-darkove-sety\/japonsky-set-zeleny-caj-bio-kukicha-a-sedy-hrnek-maru-chan\/\" \/>\n<meta property=\"og:locale\" content=\"en_US\" \/>\n<meta property=\"og:type\" content=\"article\" \/>\n<meta property=\"og:title\" content=\"Japonsk\u00fd set-Zelen\u00fd \u010daj BIO KUKICHA a \u0161ed\u00fd hrnek Maru-Chan | Matcha Moya\" \/>\n<meta property=\"og:description\" content=\"Japonsk\u00fd set-Zelen\u00fd \u010daj BIO KUKICHA a \u0161ed\u00fd hrnek Maru-Chan je perfektn\u00ed sada pro v\u0161echny p\u0159\u00edznivce \u010daje s origin\u00e1ln\u00ed keramikou made in Japan.\" \/>\n<meta property=\"og:url\" content=\"https:\/\/matchamoya.cz\/en\/shop\/matcha-vyhodne-darkove-sety\/japonsky-set-zeleny-caj-bio-kukicha-a-sedy-hrnek-maru-chan\/\" \/>\n<meta property=\"og:site_name\" content=\"Matcha Moya\" \/>\n<meta property=\"article:modified_time\" content=\"2025-12-03T19:28:26+00:00\" \/>\n<meta property=\"og:image\" content=\"https:\/\/matchamoya.cz\/wp-content\/uploads\/2021\/11\/Japonsky-set-kukicha-hrnek-maru-chan-sedy-1.jpg\" \/>\n\t<meta property=\"og:image:width\" content=\"1000\" \/>\n\t<meta property=\"og:image:height\" content=\"1000\" \/>\n\t<meta property=\"og:image:type\" content=\"image\/jpeg\" \/>\n<meta name=\"twitter:card\" content=\"summary_large_image\" \/>\n<meta name=\"twitter:label1\" content=\"Est. reading time\" \/>\n\t<meta name=\"twitter:data1\" content=\"2 minutes\" \/>\n<!-- \/ Yoast SEO plugin. -->","yoast_head_json":{"title":"Japonsk\u00fd set-Zelen\u00fd \u010daj BIO KUKICHA a \u0161ed\u00fd hrnek Maru-Chan | Matcha Moya","description":"Japonsk\u00fd set-Zelen\u00fd \u010daj BIO KUKICHA a \u0161ed\u00fd hrnek Maru-Chan je perfektn\u00ed sada pro v\u0161echny p\u0159\u00edznivce \u010daje s origin\u00e1ln\u00ed keramikou made in Japan.","robots":{"index":"index","follow":"follow","max-snippet":"max-snippet:-1","max-image-preview":"max-image-preview:large","max-video-preview":"max-video-preview:-1"},"canonical":"https:\/\/matchamoya.cz\/en\/shop\/matcha-vyhodne-darkove-sety\/japonsky-set-zeleny-caj-bio-kukicha-a-sedy-hrnek-maru-chan\/","og_locale":"en_US","og_type":"article","og_title":"Japonsk\u00fd set-Zelen\u00fd \u010daj BIO KUKICHA a \u0161ed\u00fd hrnek Maru-Chan | Matcha Moya","og_description":"Japonsk\u00fd set-Zelen\u00fd \u010daj BIO KUKICHA a \u0161ed\u00fd hrnek Maru-Chan je perfektn\u00ed sada pro v\u0161echny p\u0159\u00edznivce \u010daje s origin\u00e1ln\u00ed keramikou made in Japan.","og_url":"https:\/\/matchamoya.cz\/en\/shop\/matcha-vyhodne-darkove-sety\/japonsky-set-zeleny-caj-bio-kukicha-a-sedy-hrnek-maru-chan\/","og_site_name":"Matcha Moya","article_modified_time":"2025-12-03T19:28:26+00:00","og_image":[{"width":1000,"height":1000,"url":"https:\/\/matchamoya.cz\/wp-content\/uploads\/2021\/11\/Japonsky-set-kukicha-hrnek-maru-chan-sedy-1.jpg","type":"image\/jpeg"}],"twitter_card":"summary_large_image","twitter_misc":{"Est. reading time":"2 minutes"},"schema":{"@context":"https:\/\/schema.org","@graph":[{"@type":"WebPage","@id":"https:\/\/matchamoya.cz\/en\/shop\/matcha-vyhodne-darkove-sety\/japonsky-set-zeleny-caj-bio-kukicha-a-sedy-hrnek-maru-chan\/","url":"https:\/\/matchamoya.cz\/en\/shop\/matcha-vyhodne-darkove-sety\/japonsky-set-zeleny-caj-bio-kukicha-a-sedy-hrnek-maru-chan\/","name":"Japonsk\u00fd set-Zelen\u00fd \u010daj BIO KUKICHA a \u0161ed\u00fd hrnek Maru-Chan | Matcha Moya","isPartOf":{"@id":"https:\/\/matchamoya.cz\/en\/#website"},"primaryImageOfPage":{"@id":"https:\/\/matchamoya.cz\/en\/shop\/matcha-vyhodne-darkove-sety\/japonsky-set-zeleny-caj-bio-kukicha-a-sedy-hrnek-maru-chan\/#primaryimage"},"image":{"@id":"https:\/\/matchamoya.cz\/en\/shop\/matcha-vyhodne-darkove-sety\/japonsky-set-zeleny-caj-bio-kukicha-a-sedy-hrnek-maru-chan\/#primaryimage"},"thumbnailUrl":"https:\/\/matchamoya.cz\/wp-content\/uploads\/2021\/11\/Japonsky-set-kukicha-hrnek-maru-chan-sedy-1.jpg","datePublished":"2021-11-13T14:50:55+00:00","dateModified":"2025-12-03T19:28:26+00:00","description":"Japonsk\u00fd set-Zelen\u00fd \u010daj BIO KUKICHA a \u0161ed\u00fd hrnek Maru-Chan je perfektn\u00ed sada pro v\u0161echny p\u0159\u00edznivce \u010daje s origin\u00e1ln\u00ed keramikou made in Japan.","breadcrumb":{"@id":"https:\/\/matchamoya.cz\/en\/shop\/matcha-vyhodne-darkove-sety\/japonsky-set-zeleny-caj-bio-kukicha-a-sedy-hrnek-maru-chan\/#breadcrumb"},"inLanguage":"en-US","potentialAction":[{"@type":"ReadAction","target":["https:\/\/matchamoya.cz\/en\/shop\/matcha-vyhodne-darkove-sety\/japonsky-set-zeleny-caj-bio-kukicha-a-sedy-hrnek-maru-chan\/"]}]},{"@type":"ImageObject","inLanguage":"en-US","@id":"https:\/\/matchamoya.cz\/en\/shop\/matcha-vyhodne-darkove-sety\/japonsky-set-zeleny-caj-bio-kukicha-a-sedy-hrnek-maru-chan\/#primaryimage","url":"https:\/\/matchamoya.cz\/wp-content\/uploads\/2021\/11\/Japonsky-set-kukicha-hrnek-maru-chan-sedy-1.jpg","contentUrl":"https:\/\/matchamoya.cz\/wp-content\/uploads\/2021\/11\/Japonsky-set-kukicha-hrnek-maru-chan-sedy-1.jpg","width":1000,"height":1000,"caption":"japonsky-set-zeleny-caj-kukicha-hrnek-maru-chan"},{"@type":"BreadcrumbList","@id":"https:\/\/matchamoya.cz\/en\/shop\/matcha-vyhodne-darkove-sety\/japonsky-set-zeleny-caj-bio-kukicha-a-sedy-hrnek-maru-chan\/#breadcrumb","itemListElement":[{"@type":"ListItem","position":1,"name":"Dom\u016f","item":"https:\/\/matchamoya.cz\/"},{"@type":"ListItem","position":2,"name":"E-SHOP","item":"https:\/\/matchamoya.cz\/shop\/"},{"@type":"ListItem","position":3,"name":"Japonsk\u00fd set-Zelen\u00fd \u010daj BIO KUKICHA a \u0161ed\u00fd hrnek Maru-Chan"}]},{"@type":"WebSite","@id":"https:\/\/matchamoya.cz\/en\/#website","url":"https:\/\/matchamoya.cz\/en\/","name":"Matcha Moya","description":"Matcha Moya","publisher":{"@id":"https:\/\/matchamoya.cz\/en\/#organization"},"potentialAction":[{"@type":"SearchAction","target":{"@type":"EntryPoint","urlTemplate":"https:\/\/matchamoya.cz\/en\/?s={search_term_string}"},"query-input":{"@type":"PropertyValueSpecification","valueRequired":true,"valueName":"search_term_string"}}],"inLanguage":"en-US"},{"@type":"Organization","@id":"https:\/\/matchamoya.cz\/en\/#organization","name":"Moya Matcha","url":"https:\/\/matchamoya.cz\/en\/","logo":{"@type":"ImageObject","inLanguage":"en-US","@id":"https:\/\/matchamoya.cz\/en\/#\/schema\/logo\/image\/","url":"https:\/\/matchamoya.cz\/wp-content\/uploads\/2020\/03\/MOYA_Logo_Green-Black_02.png","contentUrl":"https:\/\/matchamoya.cz\/wp-content\/uploads\/2020\/03\/MOYA_Logo_Green-Black_02.png","width":313,"height":310,"caption":"Moya Matcha"},"image":{"@id":"https:\/\/matchamoya.cz\/en\/#\/schema\/logo\/image\/"}}]}},"_links":{"self":[{"href":"https:\/\/matchamoya.cz\/en\/wp-json\/wp\/v2\/product\/1409"}],"collection":[{"href":"https:\/\/matchamoya.cz\/en\/wp-json\/wp\/v2\/product"}],"about":[{"href":"https:\/\/matchamoya.cz\/en\/wp-json\/wp\/v2\/types\/product"}],"replies":[{"embeddable":true,"href":"https:\/\/matchamoya.cz\/en\/wp-json\/wp\/v2\/comments?post=1409"}],"wp:featuredmedia":[{"embeddable":true,"href":"https:\/\/matchamoya.cz\/en\/wp-json\/wp\/v2\/media\/1410"}],"wp:attachment":[{"href":"https:\/\/matchamoya.cz\/en\/wp-json\/wp\/v2\/media?parent=1409"}],"wp:term":[{"taxonomy":"product_cat","embeddable":true,"href":"https:\/\/matchamoya.cz\/en\/wp-json\/wp\/v2\/product_cat?post=1409"},{"taxonomy":"product_tag","embeddable":true,"href":"https:\/\/matchamoya.cz\/en\/wp-json\/wp\/v2\/product_tag?post=1409"}],"curies":[{"name":"wp","href":"https:\/\/api.w.org\/{rel}","templated":true}]}}