{"id":1413,"date":"2021-11-13T15:14:59","date_gmt":"2021-11-13T15:14:59","guid":{"rendered":"https:\/\/matchamoya.cz\/?post_type=product&#038;p=1413"},"modified":"2026-01-20T18:37:51","modified_gmt":"2026-01-20T18:37:51","slug":"japonsky-zeleny-caj-bio-kukicha-a-keramicky-hrnek-kaze","status":"publish","type":"product","link":"https:\/\/matchamoya.cz\/en\/shop\/matcha-vyhodne-darkove-sety\/japonsky-zeleny-caj-bio-kukicha-a-keramicky-hrnek-kaze\/","title":{"rendered":"Japonsk\u00fd zelen\u00fd \u010daj BIO Kukicha a keramick\u00fd hrnek Kaze sada"},"content":{"rendered":"<h1>Japonsk\u00fd zelen\u00fd \u010daj BIO Kukicha a keramick\u00fd hrnek Kaze sada<\/h1>\n<p><strong>Japonsk\u00fd zelen\u00fd \u010daj BIO Kukicha a keramick\u00fd hrnek Kaze<\/strong> je perfektn\u00ed sada pro v\u0161echny p\u0159\u00edznivce \u010daje s origin\u00e1ln\u00ed keramikou. Je to tak\u00e9 skv\u011bl\u00fd d\u00e1rek.<\/p>\n<p><strong>Set Japonsk\u00fd zelen\u00fd \u010daj BIO Kukicha a keramick\u00fd hrnek Kaze obsahuje:<\/strong><\/p>\n<p><strong>1x Keramick\u00fd hrnek modr\u00fd KAZE<\/strong><\/p>\n<p><strong>Hrnek Kaze<\/strong>\u00a0je ru\u010dn\u011b vyroben\u00fd mal\u00fd hrnek z kameninov\u00e9 hl\u00edny. Vytv\u00e1\u0159\u00ed ho mal\u00e9 keramick\u00e9 studio KOOE v Krakov\u011b v r\u00e1mci limitovan\u00e9 s\u00e9rie KOOE pro MOYA. Povrchov\u00e1 glazura pou\u017eit\u00e1 pro keramiku t\u00e9to s\u00e9rie je vyrobena podle star\u00fdch, tradi\u010dn\u00edch japonsk\u00fdch receptur. Ka\u017ed\u00fd kus kameniny je jedine\u010dn\u00fd s vlastn\u00ed p\u0159irozenou a jemnou variac\u00ed. Vypaluje se p\u0159i velmi vysok\u00e9 teplot\u011b p\u0159es 1300 \u00b0C, co\u017e zaji\u0161\u0165uje bezpe\u010dnost a odolnost. Rozm\u011bry a barva se mohou v mal\u00e9 m\u00ed\u0159e li\u0161it, proto\u017ee ka\u017ed\u00fd hrnek je ru\u010dn\u011b vyr\u00e1b\u011bn\u00fd na hrn\u010d\u00ed\u0159sk\u00e9m kruhu.<\/p>\n<p>Hrnek Kaze je ur\u010den k pit\u00ed listov\u00e9ho \u010daje, ale lze jej pou\u017e\u00edt i na jin\u00e9 tepl\u00e9 nebo studen\u00e9 n\u00e1poje. Ka\u017ed\u00fd hrnek Kaze je jedine\u010dn\u011b ru\u010dn\u011b vyroben\u00fd na hrn\u010d\u00ed\u0159sk\u00e9m kruhu, a proto se m\u016f\u017ee vzhledov\u011b m\u00edrn\u011b li\u0161it od vyobrazen\u00e9ho.<\/p>\n<p><strong>Keramick\u00fd ru\u010dn\u011b vyr\u00e1b\u011bn\u00fd modr\u00fd hrnek Kaze \u2013 Moya<\/strong><br \/>\nRu\u010dn\u011b vyroben\u00fd keramick\u00fd hrnek Kaze.<br \/>\nOBJEM: 200 ml<br \/>\nV\u00dd\u0160KA: 9 cm<br \/>\nPR\u016eM\u011aR: 7 cm<br \/>\nZEM\u011a P\u016eVODU: Polsko<br \/>\nVzhledem k tomu, \u017ee se jedn\u00e1 o ru\u010dn\u011b vyr\u00e1b\u011bn\u00fd v\u00fdrobek, rozm\u011bry se mohou m\u00edrn\u011b li\u0161it.<br \/>\n<strong>Vhodn\u00e9 do my\u010dky.<\/strong><\/p>\n<p><strong>1x <a href=\"https:\/\/matchamoya.cz\/shop\/tradicni-japonske-listove-zelene-caje\/zeleny-caj-bio-kukicha-ze-stonku-a-vetvicek-cajovniku-60g-moya\/\">Zelen\u00fd \u010daj BIO KUKICHA ze stonk\u016f a v\u011btvi\u010dek \u010dajovn\u00edku 60g \u2013 Moya<\/a><\/strong><\/p>\n<p>V\u00edce informac\u00ed o \u010daji BIO Kukicha naleznete pod v\u00fd\u0161e uveden\u00fdm odkazem na na\u0161em webu.<\/p>","protected":false},"excerpt":{"rendered":"<p><strong>Japonsk\u00fd zelen\u00fd \u010daj BIO Kukicha a keramick\u00fd hrnek Kaze<\/strong> je perfektn\u00ed sada pro v\u0161echny p\u0159\u00edznivce \u010daje s origin\u00e1ln\u00ed keramikou. Je to tak\u00e9 skv\u011bl\u00fd d\u00e1rek.<\/p>\n<p><strong>Set Japonsk\u00fd zelen\u00fd \u010daj BIO Kukicha a keramick\u00fd hrnek Kaze sada obsahuje:<\/strong><\/p>\n<p><strong>1x Keramick\u00fd hrnek modr\u00fd Kaze<\/strong><\/p>\n<p><strong>1x <a href=\"https:\/\/matchamoya.cz\/shop\/tradicni-japonske-listove-zelene-caje\/zeleny-caj-bio-kukicha-ze-stonku-a-vetvicek-cajovniku-60g-moya\/\">Zelen\u00fd \u010daj BIO KUKICHA ze stonk\u016f a v\u011btvi\u010dek \u010dajovn\u00edku 60g \u2013 Moya<\/a><\/strong><\/p>\n<p><span style=\"color: #ed1c24;\"><strong>SET LZE SESTAVIT NA Z\u00c1KLAD\u011a DOTAZU (email: david@bglobal.cz) DLE VLASTN\u00cd VOLBY &#8211; lze kombinovat V\u0160ECHNY SYPAN\u00c9 JAPONSK\u00c9 \u010cAJE MOYA + V\u0160ECHNY HRNKY z na\u0161\u00ed nab\u00eddky.\u00a0<\/strong><\/span><\/p>","protected":false},"featured_media":4838,"comment_status":"open","ping_status":"closed","template":"","meta":[],"product_cat":[72,75],"product_tag":[],"class_list":{"0":"post-1413","1":"product","2":"type-product","3":"status-publish","4":"has-post-thumbnail","6":"product_cat-matcha-vyhodne-darkove-sety","7":"product_cat-tradicni-japonske-listove-zelene-caje","8":"product_shipping_class-dobra-dodani","10":"first","11":"instock","12":"taxable","13":"shipping-taxable","14":"purchasable","15":"product-type-simple"},"yoast_head":"<!-- This site is optimized with the Yoast SEO plugin v23.4 - https:\/\/yoast.com\/wordpress\/plugins\/seo\/ -->\n<title>Japonsk\u00fd zelen\u00fd \u010daj BIO Kukicha a keramick\u00fd hrnek Kaze sada | Matcha Moya<\/title>\n<meta name=\"description\" content=\"Japonsk\u00fd zelen\u00fd \u010daj BIO Sencha a keramick\u00fd hrnek Maru-Kun je perfektn\u00ed sada pro v\u0161echny p\u0159\u00edznivce \u010daje s origin\u00e1ln\u00ed keramikou.\" \/>\n<meta name=\"robots\" content=\"index, follow, max-snippet:-1, max-image-preview:large, max-video-preview:-1\" \/>\n<link rel=\"canonical\" href=\"https:\/\/matchamoya.cz\/en\/shop\/matcha-vyhodne-darkove-sety\/japonsky-zeleny-caj-bio-kukicha-a-keramicky-hrnek-kaze\/\" \/>\n<meta property=\"og:locale\" content=\"en_US\" \/>\n<meta property=\"og:type\" content=\"article\" \/>\n<meta property=\"og:title\" content=\"Japonsk\u00fd zelen\u00fd \u010daj BIO Kukicha a keramick\u00fd hrnek Kaze sada | Matcha Moya\" \/>\n<meta property=\"og:description\" content=\"Japonsk\u00fd zelen\u00fd \u010daj BIO Sencha a keramick\u00fd hrnek Maru-Kun je perfektn\u00ed sada pro v\u0161echny p\u0159\u00edznivce \u010daje s origin\u00e1ln\u00ed keramikou.\" \/>\n<meta property=\"og:url\" content=\"https:\/\/matchamoya.cz\/en\/shop\/matcha-vyhodne-darkove-sety\/japonsky-zeleny-caj-bio-kukicha-a-keramicky-hrnek-kaze\/\" \/>\n<meta property=\"og:site_name\" content=\"Matcha Moya\" \/>\n<meta property=\"article:modified_time\" content=\"2026-01-20T18:37:51+00:00\" \/>\n<meta property=\"og:image\" content=\"https:\/\/matchamoya.cz\/wp-content\/uploads\/2021\/11\/Moya-cajovy-set-sencha-maru-kun-hrnek-1.jpg\" \/>\n\t<meta property=\"og:image:width\" content=\"1000\" \/>\n\t<meta property=\"og:image:height\" content=\"1000\" \/>\n\t<meta property=\"og:image:type\" content=\"image\/jpeg\" \/>\n<meta name=\"twitter:card\" content=\"summary_large_image\" \/>\n<meta name=\"twitter:label1\" content=\"Est. reading time\" \/>\n\t<meta name=\"twitter:data1\" content=\"2 minutes\" \/>\n<!-- \/ Yoast SEO plugin. -->","yoast_head_json":{"title":"Japonsk\u00fd zelen\u00fd \u010daj BIO Kukicha a keramick\u00fd hrnek Kaze sada | Matcha Moya","description":"Japonsk\u00fd zelen\u00fd \u010daj BIO Sencha a keramick\u00fd hrnek Maru-Kun je perfektn\u00ed sada pro v\u0161echny p\u0159\u00edznivce \u010daje s origin\u00e1ln\u00ed keramikou.","robots":{"index":"index","follow":"follow","max-snippet":"max-snippet:-1","max-image-preview":"max-image-preview:large","max-video-preview":"max-video-preview:-1"},"canonical":"https:\/\/matchamoya.cz\/en\/shop\/matcha-vyhodne-darkove-sety\/japonsky-zeleny-caj-bio-kukicha-a-keramicky-hrnek-kaze\/","og_locale":"en_US","og_type":"article","og_title":"Japonsk\u00fd zelen\u00fd \u010daj BIO Kukicha a keramick\u00fd hrnek Kaze sada | Matcha Moya","og_description":"Japonsk\u00fd zelen\u00fd \u010daj BIO Sencha a keramick\u00fd hrnek Maru-Kun je perfektn\u00ed sada pro v\u0161echny p\u0159\u00edznivce \u010daje s origin\u00e1ln\u00ed keramikou.","og_url":"https:\/\/matchamoya.cz\/en\/shop\/matcha-vyhodne-darkove-sety\/japonsky-zeleny-caj-bio-kukicha-a-keramicky-hrnek-kaze\/","og_site_name":"Matcha Moya","article_modified_time":"2026-01-20T18:37:51+00:00","og_image":[{"width":1000,"height":1000,"url":"https:\/\/matchamoya.cz\/wp-content\/uploads\/2021\/11\/Moya-cajovy-set-sencha-maru-kun-hrnek-1.jpg","type":"image\/jpeg"}],"twitter_card":"summary_large_image","twitter_misc":{"Est. reading time":"2 minutes"},"schema":{"@context":"https:\/\/schema.org","@graph":[{"@type":"WebPage","@id":"https:\/\/matchamoya.cz\/en\/shop\/matcha-vyhodne-darkove-sety\/japonsky-zeleny-caj-bio-kukicha-a-keramicky-hrnek-kaze\/","url":"https:\/\/matchamoya.cz\/en\/shop\/matcha-vyhodne-darkove-sety\/japonsky-zeleny-caj-bio-kukicha-a-keramicky-hrnek-kaze\/","name":"Japonsk\u00fd zelen\u00fd \u010daj BIO Kukicha a keramick\u00fd hrnek Kaze sada | Matcha Moya","isPartOf":{"@id":"https:\/\/matchamoya.cz\/en\/#website"},"primaryImageOfPage":{"@id":"https:\/\/matchamoya.cz\/en\/shop\/matcha-vyhodne-darkove-sety\/japonsky-zeleny-caj-bio-kukicha-a-keramicky-hrnek-kaze\/#primaryimage"},"image":{"@id":"https:\/\/matchamoya.cz\/en\/shop\/matcha-vyhodne-darkove-sety\/japonsky-zeleny-caj-bio-kukicha-a-keramicky-hrnek-kaze\/#primaryimage"},"thumbnailUrl":"https:\/\/matchamoya.cz\/wp-content\/uploads\/2021\/11\/Moya-Kukicha-Organic-Green-Tea-60g-tin-768x768-1.jpg","datePublished":"2021-11-13T15:14:59+00:00","dateModified":"2026-01-20T18:37:51+00:00","description":"Japonsk\u00fd zelen\u00fd \u010daj BIO Sencha a keramick\u00fd hrnek Maru-Kun je perfektn\u00ed sada pro v\u0161echny p\u0159\u00edznivce \u010daje s origin\u00e1ln\u00ed keramikou.","breadcrumb":{"@id":"https:\/\/matchamoya.cz\/en\/shop\/matcha-vyhodne-darkove-sety\/japonsky-zeleny-caj-bio-kukicha-a-keramicky-hrnek-kaze\/#breadcrumb"},"inLanguage":"en-US","potentialAction":[{"@type":"ReadAction","target":["https:\/\/matchamoya.cz\/en\/shop\/matcha-vyhodne-darkove-sety\/japonsky-zeleny-caj-bio-kukicha-a-keramicky-hrnek-kaze\/"]}]},{"@type":"ImageObject","inLanguage":"en-US","@id":"https:\/\/matchamoya.cz\/en\/shop\/matcha-vyhodne-darkove-sety\/japonsky-zeleny-caj-bio-kukicha-a-keramicky-hrnek-kaze\/#primaryimage","url":"https:\/\/matchamoya.cz\/wp-content\/uploads\/2021\/11\/Moya-Kukicha-Organic-Green-Tea-60g-tin-768x768-1.jpg","contentUrl":"https:\/\/matchamoya.cz\/wp-content\/uploads\/2021\/11\/Moya-Kukicha-Organic-Green-Tea-60g-tin-768x768-1.jpg","width":768,"height":768,"caption":"d\u00e1rkov\u00fd \u010dajov\u00fd set KAZE"},{"@type":"BreadcrumbList","@id":"https:\/\/matchamoya.cz\/en\/shop\/matcha-vyhodne-darkove-sety\/japonsky-zeleny-caj-bio-kukicha-a-keramicky-hrnek-kaze\/#breadcrumb","itemListElement":[{"@type":"ListItem","position":1,"name":"Dom\u016f","item":"https:\/\/matchamoya.cz\/"},{"@type":"ListItem","position":2,"name":"E-SHOP","item":"https:\/\/matchamoya.cz\/shop\/"},{"@type":"ListItem","position":3,"name":"Japonsk\u00fd zelen\u00fd \u010daj BIO Sencha a keramick\u00fd hrnek Maru-Kun sada"}]},{"@type":"WebSite","@id":"https:\/\/matchamoya.cz\/en\/#website","url":"https:\/\/matchamoya.cz\/en\/","name":"Matcha Moya","description":"Matcha Moya","publisher":{"@id":"https:\/\/matchamoya.cz\/en\/#organization"},"potentialAction":[{"@type":"SearchAction","target":{"@type":"EntryPoint","urlTemplate":"https:\/\/matchamoya.cz\/en\/?s={search_term_string}"},"query-input":{"@type":"PropertyValueSpecification","valueRequired":true,"valueName":"search_term_string"}}],"inLanguage":"en-US"},{"@type":"Organization","@id":"https:\/\/matchamoya.cz\/en\/#organization","name":"Moya Matcha","url":"https:\/\/matchamoya.cz\/en\/","logo":{"@type":"ImageObject","inLanguage":"en-US","@id":"https:\/\/matchamoya.cz\/en\/#\/schema\/logo\/image\/","url":"https:\/\/matchamoya.cz\/wp-content\/uploads\/2020\/03\/MOYA_Logo_Green-Black_02.png","contentUrl":"https:\/\/matchamoya.cz\/wp-content\/uploads\/2020\/03\/MOYA_Logo_Green-Black_02.png","width":313,"height":310,"caption":"Moya Matcha"},"image":{"@id":"https:\/\/matchamoya.cz\/en\/#\/schema\/logo\/image\/"}}]}},"_links":{"self":[{"href":"https:\/\/matchamoya.cz\/en\/wp-json\/wp\/v2\/product\/1413"}],"collection":[{"href":"https:\/\/matchamoya.cz\/en\/wp-json\/wp\/v2\/product"}],"about":[{"href":"https:\/\/matchamoya.cz\/en\/wp-json\/wp\/v2\/types\/product"}],"replies":[{"embeddable":true,"href":"https:\/\/matchamoya.cz\/en\/wp-json\/wp\/v2\/comments?post=1413"}],"wp:featuredmedia":[{"embeddable":true,"href":"https:\/\/matchamoya.cz\/en\/wp-json\/wp\/v2\/media\/4838"}],"wp:attachment":[{"href":"https:\/\/matchamoya.cz\/en\/wp-json\/wp\/v2\/media?parent=1413"}],"wp:term":[{"taxonomy":"product_cat","embeddable":true,"href":"https:\/\/matchamoya.cz\/en\/wp-json\/wp\/v2\/product_cat?post=1413"},{"taxonomy":"product_tag","embeddable":true,"href":"https:\/\/matchamoya.cz\/en\/wp-json\/wp\/v2\/product_tag?post=1413"}],"curies":[{"name":"wp","href":"https:\/\/api.w.org\/{rel}","templated":true}]}}