{"id":1416,"date":"2021-11-13T15:29:02","date_gmt":"2021-11-13T15:29:02","guid":{"rendered":"https:\/\/matchamoya.cz\/?post_type=product&#038;p=1416"},"modified":"2026-03-09T21:51:58","modified_gmt":"2026-03-09T21:51:58","slug":"sada-japonsky-cerny-caj-wakoucha-zeleny-hrnek-kasai","status":"publish","type":"product","link":"https:\/\/matchamoya.cz\/en\/shop\/matcha-vyhodne-darkove-sety\/sada-japonsky-cerny-caj-wakoucha-zeleny-hrnek-kasai\/","title":{"rendered":"Unik\u00e1tn\u00ed &#8211; Japonsk\u00fd \u010dern\u00fd \u010daj Wakoucha a zelen\u00fd hrnek Kasai"},"content":{"rendered":"<h1>Unik\u00e1tn\u00ed sada &#8211; Japonsk\u00fd \u010dern\u00fd \u010daj Wakoucha a zelen\u00fd hrnek Kasai<\/h1>\n<p><strong>Unik\u00e1tn\u00ed sada &#8211; Japonsk\u00fd \u010dern\u00fd \u010daj Wakoucha a zelen\u00fd hrnek Kasai<\/strong> je perfektn\u00ed sada pro v\u0161echny p\u0159\u00edznivce \u010daje s origin\u00e1ln\u00ed keramikou. Je to tak\u00e9 skv\u011bl\u00fd d\u00e1rek.<\/p>\n<p><strong>Sada &#8211; Japonsk\u00fd \u010dern\u00fd \u010daj Wakoucha a zelen\u00fd hrnek Kasai obsahuje:<\/strong><\/p>\n<p><strong>1x Keramick\u00fd hrnek zelen\u00fd Kasai<\/strong><\/p>\n<p>Hrnek Kasai je ru\u010dn\u011b vyroben\u00fd z kameninov\u00e9 hl\u00edny. Vyr\u00e1b\u00ed ho mal\u00e9 keramick\u00e9 studio KOOE v Krakov\u011b v r\u00e1mci limitovan\u00e9 s\u00e9rie KOOE pro MOYA. Povrchov\u00e1 glazura pou\u017eit\u00e1 pro keramiku t\u00e9to s\u00e9rie je vyrobena podle star\u00fdch, tradi\u010dn\u00edch japonsk\u00fdch receptur. Ka\u017ed\u00fd kus kameniny je jedine\u010dn\u00fd s vlastn\u00ed p\u0159irozenou a jemnou variac\u00ed. Vypaluje se p\u0159i velmi vysok\u00e9 teplot\u011b p\u0159es 1300 \u00b0C, co\u017e zaji\u0161\u0165uje bezpe\u010dnost a odolnost. Rozm\u011bry a barva se mohou v mal\u00e9 m\u00ed\u0159e li\u0161it, proto\u017ee ka\u017ed\u00fd hrnek je ru\u010dn\u011b vyr\u00e1b\u011bn\u00fd na hrn\u010d\u00ed\u0159sk\u00e9m kruhu.<\/p>\n<p>Hrnek Kasai je ur\u010den k pit\u00ed listov\u00e9ho \u010daje, ale lze jej pou\u017e\u00edt i na jin\u00e9 tepl\u00e9 nebo studen\u00e9 n\u00e1poje. Ka\u017ed\u00fd hrnek Kasai je jedine\u010dn\u011b ru\u010dn\u011b vyroben\u00fd na hrn\u010d\u00ed\u0159sk\u00e9m kruhu, a proto se m\u016f\u017ee vzhledov\u011b m\u00edrn\u011b li\u0161it od vyobrazen\u00e9ho.<\/p>\n<p>Objem: 200ml, V\u00fd\u0161ka: 9 cm, Pr\u016fm\u011br: 7 cm<br \/>\nZem\u011b p\u016fvodu: Polsko<br \/>\nVhodn\u00e9 do my\u010dky<\/p>\n<p><strong>1x Tradi\u010dn\u00ed japonsk\u00fd sypan\u00fd \u010dern\u00fd \u010daj Wakoucha v luxusn\u00edm balen\u00ed<\/strong><\/p>\n<p>100% organick\u00e1 japonsk\u00e1 wakoucha<\/p>\n<p>ZEM\u011a P\u016eVODU: Japonsko<br \/>\nCHU\u0164: jemn\u00e1, rostlinn\u00e1 s naho\u0159kl\u00fdmi podt\u00f3ny<br \/>\nBARVA: \u010dir\u00fd \u017elutozelen\u00fd odst\u00edn<\/p>\n<p>WAKOUCHA: \u010cERN\u00dd \u010cAJ Z JAPONSKA<br \/>\nChu\u0165 tohoto \u010dern\u00e9ho listov\u00e9ho \u010daje je skute\u010dn\u011b vynikaj\u00edc\u00ed, lehce kv\u011btinov\u00e1, s patrn\u00fdmi medov\u00fdmi a ko\u0159enit\u00fdmi podt\u00f3ny. Term\u00edn \u201ekou-cha\u201c \u7d05\u8336 lze p\u0159elo\u017eit jako \u201e\u010daj karm\u00ednov\u00e9 barvy\u201c. Takov\u00e9 ozna\u010den\u00ed vzniklo d\u00edky japonsk\u00e9 m\u011bkk\u00e9 vod\u011b, kter\u00e1 po zalit\u00ed l\u00edstky \u010dern\u00e9ho \u010daje zbarv\u00ed tmav\u011b \u010dervenou s n\u00e1dechem do modra. Tak\u00e9 proto byla v minulosti wakoucha ozna\u010dov\u00e1na jako \u201e\u010derven\u00fd \u010daj\u201c. Uva\u0159en\u00edm ve vod\u011b st\u0159edn\u00ed tvrdosti, typi\u010dt\u011bj\u0161\u00ed pro evropsk\u00e9 zem\u011b, z\u00edsk\u00e1 \u010daj tmav\u011b jantarovou barvu. Moya Wakoucha se p\u011bstuje a zpracov\u00e1v\u00e1 v oblasti Mie na ostrov\u011b Hon\u0161\u00fa.<\/p>\n<p>VLASTNOSTI WAKOUCHY<br \/>\n\u010cern\u00fd \u010daj Wakoucha se ide\u00e1ln\u011b hod\u00ed jako dopln\u011bk k j\u00eddl\u016fm a dezert\u016fm, jejich\u017e sladkost je jemn\u011b naru\u0161ena ho\u0159k\u00fdmi podt\u00f3ny \u010daje. Stejn\u011b jako jak\u00fdkoli jin\u00fd \u010dern\u00fd \u010daj, i wakoucha po sklizni proch\u00e1z\u00ed procesem su\u0161en\u00ed a fermentace, \u010d\u00edm\u017e se odli\u0161uje od zelen\u00fdch \u010daj\u016f. V\u00fdsledkem tohoto procesu je tmav\u00e1 barva wakouchy, lehce zemit\u00e1 chu\u0165 a sn\u00ed\u017een\u00fd obsah kofeinu ve srovn\u00e1n\u00ed s nap\u0159. zelen\u00fdm \u010dajem sencha. Pit\u00ed \u010dern\u00e9ho \u010daje podporuje tr\u00e1ven\u00ed. N\u00e1lev z wakouchy m\u016f\u017ee b\u00fdt zdrojem aminokyselin, beta karotenu, kyseliny listov\u00e9, drasl\u00edku, v\u00e1pn\u00edku a fosforu. Jeliko\u017e v Japonsku nen\u00ed mnoho farm\u00e1\u0159\u016f, kte\u0159\u00ed by se rozhodli p\u011bstovat a zpracov\u00e1vat \u010dern\u00fd \u010daj, z\u016fst\u00e1v\u00e1 japonsk\u00e1 wakoucha neobvyklou pochoutkou.<\/p>\n<p>P\u0158\u00cdPRAVA WAKUCHA<br \/>\nOBJEM: 2-3 g \/ 150 ml<br \/>\nTEPLOTA: 90-95\u00b0C<br \/>\nDOBA INFUZE: 3-4 min<br \/>\nV\u00cdCE INFUZ\u00cd: 1<\/p>","protected":false},"excerpt":{"rendered":"<p><strong>Unik\u00e1tn\u00ed sada &#8211; Japonsk\u00fd \u010dern\u00fd \u010daj Wakoucha a zelen\u00fd hrnek Kasai<\/strong> je perfektn\u00ed sada pro v\u0161echny p\u0159\u00edznivce \u010daje s origin\u00e1ln\u00ed keramikou. Je to tak\u00e9 skv\u011bl\u00fd d\u00e1rek.<\/p>\n<p><strong>Sada &#8211; Japonsk\u00fd \u010dern\u00fd \u010daj Wakoucha a zelen\u00fd hrnek Kasai obsahuje:<\/strong><\/p>\n<p><strong>1x Keramick\u00fd hrnek zelen\u00fd Kasai<\/strong><\/p>\n<p><strong>1x Tradi\u010dn\u00ed japonsk\u00fd sypan\u00fd \u010dern\u00fd \u010daj Wakoucha v luxusn\u00edm balen\u00ed<\/strong><\/p>","protected":false},"featured_media":1417,"comment_status":"open","ping_status":"closed","template":"","meta":[],"product_cat":[72,75],"product_tag":[],"class_list":{"0":"post-1416","1":"product","2":"type-product","3":"status-publish","4":"has-post-thumbnail","6":"product_cat-matcha-vyhodne-darkove-sety","7":"product_cat-tradicni-japonske-listove-zelene-caje","8":"product_shipping_class-dobra-dodani","10":"first","11":"instock","12":"taxable","13":"shipping-taxable","14":"purchasable","15":"product-type-simple"},"yoast_head":"<!-- This site is optimized with the Yoast SEO plugin v23.4 - https:\/\/yoast.com\/wordpress\/plugins\/seo\/ -->\n<title>Unik\u00e1tn\u00ed - Japonsk\u00fd \u010dern\u00fd \u010daj Wakoucha a zelen\u00fd hrnek Kasai | Matcha Moya<\/title>\n<meta name=\"description\" content=\"Japonsk\u00fd zelen\u00fd \u010daj BIO Sencha a keramick\u00fd hrnek Maru-Kun je perfektn\u00ed sada pro v\u0161echny p\u0159\u00edznivce \u010daje s origin\u00e1ln\u00ed keramikou.\" \/>\n<meta name=\"robots\" content=\"index, follow, max-snippet:-1, max-image-preview:large, max-video-preview:-1\" \/>\n<link rel=\"canonical\" href=\"https:\/\/matchamoya.cz\/en\/shop\/matcha-vyhodne-darkove-sety\/sada-japonsky-cerny-caj-wakoucha-zeleny-hrnek-kasai\/\" \/>\n<meta property=\"og:locale\" content=\"en_US\" \/>\n<meta property=\"og:type\" content=\"article\" \/>\n<meta property=\"og:title\" content=\"Unik\u00e1tn\u00ed - Japonsk\u00fd \u010dern\u00fd \u010daj Wakoucha a zelen\u00fd hrnek Kasai | Matcha Moya\" \/>\n<meta property=\"og:description\" content=\"Japonsk\u00fd zelen\u00fd \u010daj BIO Sencha a keramick\u00fd hrnek Maru-Kun je perfektn\u00ed sada pro v\u0161echny p\u0159\u00edznivce \u010daje s origin\u00e1ln\u00ed keramikou.\" \/>\n<meta property=\"og:url\" content=\"https:\/\/matchamoya.cz\/en\/shop\/matcha-vyhodne-darkove-sety\/sada-japonsky-cerny-caj-wakoucha-zeleny-hrnek-kasai\/\" \/>\n<meta property=\"og:site_name\" content=\"Matcha Moya\" \/>\n<meta property=\"article:modified_time\" content=\"2026-03-09T21:51:58+00:00\" \/>\n<meta property=\"og:image\" content=\"https:\/\/matchamoya.cz\/wp-content\/uploads\/2021\/11\/japonsky-cerny-caj-wakoucha-hrnek-zeleny-kasai.jpg\" \/>\n\t<meta property=\"og:image:width\" content=\"1000\" \/>\n\t<meta property=\"og:image:height\" content=\"1000\" \/>\n\t<meta property=\"og:image:type\" content=\"image\/jpeg\" \/>\n<meta name=\"twitter:card\" content=\"summary_large_image\" \/>\n<meta name=\"twitter:label1\" content=\"Est. reading time\" \/>\n\t<meta name=\"twitter:data1\" content=\"2 minutes\" \/>\n<!-- \/ Yoast SEO plugin. -->","yoast_head_json":{"title":"Unik\u00e1tn\u00ed - Japonsk\u00fd \u010dern\u00fd \u010daj Wakoucha a zelen\u00fd hrnek Kasai | Matcha Moya","description":"Japonsk\u00fd zelen\u00fd \u010daj BIO Sencha a keramick\u00fd hrnek Maru-Kun je perfektn\u00ed sada pro v\u0161echny p\u0159\u00edznivce \u010daje s origin\u00e1ln\u00ed keramikou.","robots":{"index":"index","follow":"follow","max-snippet":"max-snippet:-1","max-image-preview":"max-image-preview:large","max-video-preview":"max-video-preview:-1"},"canonical":"https:\/\/matchamoya.cz\/en\/shop\/matcha-vyhodne-darkove-sety\/sada-japonsky-cerny-caj-wakoucha-zeleny-hrnek-kasai\/","og_locale":"en_US","og_type":"article","og_title":"Unik\u00e1tn\u00ed - Japonsk\u00fd \u010dern\u00fd \u010daj Wakoucha a zelen\u00fd hrnek Kasai | Matcha Moya","og_description":"Japonsk\u00fd zelen\u00fd \u010daj BIO Sencha a keramick\u00fd hrnek Maru-Kun je perfektn\u00ed sada pro v\u0161echny p\u0159\u00edznivce \u010daje s origin\u00e1ln\u00ed keramikou.","og_url":"https:\/\/matchamoya.cz\/en\/shop\/matcha-vyhodne-darkove-sety\/sada-japonsky-cerny-caj-wakoucha-zeleny-hrnek-kasai\/","og_site_name":"Matcha Moya","article_modified_time":"2026-03-09T21:51:58+00:00","og_image":[{"width":1000,"height":1000,"url":"https:\/\/matchamoya.cz\/wp-content\/uploads\/2021\/11\/japonsky-cerny-caj-wakoucha-hrnek-zeleny-kasai.jpg","type":"image\/jpeg"}],"twitter_card":"summary_large_image","twitter_misc":{"Est. reading time":"2 minutes"},"schema":{"@context":"https:\/\/schema.org","@graph":[{"@type":"WebPage","@id":"https:\/\/matchamoya.cz\/en\/shop\/matcha-vyhodne-darkove-sety\/sada-japonsky-cerny-caj-wakoucha-zeleny-hrnek-kasai\/","url":"https:\/\/matchamoya.cz\/en\/shop\/matcha-vyhodne-darkove-sety\/sada-japonsky-cerny-caj-wakoucha-zeleny-hrnek-kasai\/","name":"Unik\u00e1tn\u00ed - Japonsk\u00fd \u010dern\u00fd \u010daj Wakoucha a zelen\u00fd hrnek Kasai | Matcha Moya","isPartOf":{"@id":"https:\/\/matchamoya.cz\/en\/#website"},"primaryImageOfPage":{"@id":"https:\/\/matchamoya.cz\/en\/shop\/matcha-vyhodne-darkove-sety\/sada-japonsky-cerny-caj-wakoucha-zeleny-hrnek-kasai\/#primaryimage"},"image":{"@id":"https:\/\/matchamoya.cz\/en\/shop\/matcha-vyhodne-darkove-sety\/sada-japonsky-cerny-caj-wakoucha-zeleny-hrnek-kasai\/#primaryimage"},"thumbnailUrl":"https:\/\/matchamoya.cz\/wp-content\/uploads\/2021\/11\/japonsky-cerny-caj-wakoucha-hrnek-zeleny-kasai.jpg","datePublished":"2021-11-13T15:29:02+00:00","dateModified":"2026-03-09T21:51:58+00:00","description":"Japonsk\u00fd zelen\u00fd \u010daj BIO Sencha a keramick\u00fd hrnek Maru-Kun je perfektn\u00ed sada pro v\u0161echny p\u0159\u00edznivce \u010daje s origin\u00e1ln\u00ed keramikou.","breadcrumb":{"@id":"https:\/\/matchamoya.cz\/en\/shop\/matcha-vyhodne-darkove-sety\/sada-japonsky-cerny-caj-wakoucha-zeleny-hrnek-kasai\/#breadcrumb"},"inLanguage":"en-US","potentialAction":[{"@type":"ReadAction","target":["https:\/\/matchamoya.cz\/en\/shop\/matcha-vyhodne-darkove-sety\/sada-japonsky-cerny-caj-wakoucha-zeleny-hrnek-kasai\/"]}]},{"@type":"ImageObject","inLanguage":"en-US","@id":"https:\/\/matchamoya.cz\/en\/shop\/matcha-vyhodne-darkove-sety\/sada-japonsky-cerny-caj-wakoucha-zeleny-hrnek-kasai\/#primaryimage","url":"https:\/\/matchamoya.cz\/wp-content\/uploads\/2021\/11\/japonsky-cerny-caj-wakoucha-hrnek-zeleny-kasai.jpg","contentUrl":"https:\/\/matchamoya.cz\/wp-content\/uploads\/2021\/11\/japonsky-cerny-caj-wakoucha-hrnek-zeleny-kasai.jpg","width":1000,"height":1000,"caption":"specialni-cerny-caj-wakoucha-hrnek-kasai"},{"@type":"BreadcrumbList","@id":"https:\/\/matchamoya.cz\/en\/shop\/matcha-vyhodne-darkove-sety\/sada-japonsky-cerny-caj-wakoucha-zeleny-hrnek-kasai\/#breadcrumb","itemListElement":[{"@type":"ListItem","position":1,"name":"Dom\u016f","item":"https:\/\/matchamoya.cz\/"},{"@type":"ListItem","position":2,"name":"E-SHOP","item":"https:\/\/matchamoya.cz\/shop\/"},{"@type":"ListItem","position":3,"name":"Unik\u00e1tn\u00ed &#8211; Japonsk\u00fd \u010dern\u00fd \u010daj Wakoucha a zelen\u00fd hrnek Kasai"}]},{"@type":"WebSite","@id":"https:\/\/matchamoya.cz\/en\/#website","url":"https:\/\/matchamoya.cz\/en\/","name":"Matcha Moya","description":"Matcha Moya","publisher":{"@id":"https:\/\/matchamoya.cz\/en\/#organization"},"potentialAction":[{"@type":"SearchAction","target":{"@type":"EntryPoint","urlTemplate":"https:\/\/matchamoya.cz\/en\/?s={search_term_string}"},"query-input":{"@type":"PropertyValueSpecification","valueRequired":true,"valueName":"search_term_string"}}],"inLanguage":"en-US"},{"@type":"Organization","@id":"https:\/\/matchamoya.cz\/en\/#organization","name":"Moya Matcha","url":"https:\/\/matchamoya.cz\/en\/","logo":{"@type":"ImageObject","inLanguage":"en-US","@id":"https:\/\/matchamoya.cz\/en\/#\/schema\/logo\/image\/","url":"https:\/\/matchamoya.cz\/wp-content\/uploads\/2020\/03\/MOYA_Logo_Green-Black_02.png","contentUrl":"https:\/\/matchamoya.cz\/wp-content\/uploads\/2020\/03\/MOYA_Logo_Green-Black_02.png","width":313,"height":310,"caption":"Moya Matcha"},"image":{"@id":"https:\/\/matchamoya.cz\/en\/#\/schema\/logo\/image\/"}}]}},"_links":{"self":[{"href":"https:\/\/matchamoya.cz\/en\/wp-json\/wp\/v2\/product\/1416"}],"collection":[{"href":"https:\/\/matchamoya.cz\/en\/wp-json\/wp\/v2\/product"}],"about":[{"href":"https:\/\/matchamoya.cz\/en\/wp-json\/wp\/v2\/types\/product"}],"replies":[{"embeddable":true,"href":"https:\/\/matchamoya.cz\/en\/wp-json\/wp\/v2\/comments?post=1416"}],"wp:featuredmedia":[{"embeddable":true,"href":"https:\/\/matchamoya.cz\/en\/wp-json\/wp\/v2\/media\/1417"}],"wp:attachment":[{"href":"https:\/\/matchamoya.cz\/en\/wp-json\/wp\/v2\/media?parent=1416"}],"wp:term":[{"taxonomy":"product_cat","embeddable":true,"href":"https:\/\/matchamoya.cz\/en\/wp-json\/wp\/v2\/product_cat?post=1416"},{"taxonomy":"product_tag","embeddable":true,"href":"https:\/\/matchamoya.cz\/en\/wp-json\/wp\/v2\/product_tag?post=1416"}],"curies":[{"name":"wp","href":"https:\/\/api.w.org\/{rel}","templated":true}]}}