{"id":1524,"date":"2022-02-22T14:19:44","date_gmt":"2022-02-22T14:19:44","guid":{"rendered":"https:\/\/matchamoya.cz\/?post_type=product&#038;p=1524"},"modified":"2026-04-14T02:19:59","modified_gmt":"2026-04-14T02:19:59","slug":"organicky-med-s-japonskym-cajem-matcha-200g-moya","status":"publish","type":"product","link":"https:\/\/matchamoya.cz\/en\/shop\/matcha-sladkosti\/organicky-med-s-japonskym-cajem-matcha-200g-moya\/","title":{"rendered":"Organick\u00fd med s japonsk\u00fdm \u010dajem matcha 200 g &#8211; Moya"},"content":{"rendered":"<h1>Organick\u00fd med s japonsk\u00fdm \u010dajem matcha Daily 200 g &#8211; Moya<\/h1>\n<p><strong>Organick\u00fd med s japonsk\u00fdm \u010dajem matcha Daily 200 g<\/strong> je lahodn\u00e1 origin\u00e1ln\u00ed kombinace p\u0159\u00edrodn\u00edho estonsk\u00e9ho medu a Daily Matcha. <strong>Med je v\u00edcekv\u011bt\u00fd<\/strong>, p\u0159evl\u00e1daj\u00ed v n\u011bm kvetouc\u00ed vrby, javor a pampeli\u0161ka, letn\u00ed malin\u00edk, vrbovka a jetel \u2013 to je v\u00fdb\u011br rostlin, ze kter\u00fdch estonsk\u00e9 v\u010dely sb\u00edraj\u00ed nejv\u00edce nektaru. Jeho sladkost je sn\u00ed\u017eena jemnou ho\u0159kost\u00ed japonsk\u00e9 Daily Matcha poch\u00e1zej\u00edc\u00ed z druh\u00e9 a t\u0159et\u00ed sklizn\u011b. <strong>Je dokonale vyv\u00e1\u017een\u011b sladk\u00fd, s hustou konzistenc\u00ed ztu\u017eenou matchou<\/strong>. Hod\u00ed se k dezert\u016fm, sendvi\u010d\u016fm a toast\u016fm, \u010daj\u016fm a n\u00e1lev\u016fm a samoz\u0159ejm\u011b ke konzumaci l\u017ei\u010dkou p\u0159\u00edmo z d\u00f3zy. N\u00e1\u0161 BIO med je uzav\u0159en\u00fd ve sklen\u011bn\u00e9 n\u00e1dob\u011b s kovov\u00fdm v\u00ed\u010dkem a m\u00e1 BIO certifik\u00e1t, kter\u00fd potvrzuje zelen\u00fd l\u00edste\u010dek na obalu.<\/p>\n<p><strong>BIO MED \u2013 JAK SE VYR\u00c1B\u00cd?<\/strong><br \/>\nMed, kter\u00fd je certifikov\u00e1n organicky, je vyroben z pylu z ekologick\u00fdch plodin. To znamen\u00e1, \u017ee na pol\u00edch nebyly pou\u017eity \u017e\u00e1dn\u00e9 adjuvanty, jako jsou pesticidy a regul\u00e1tory r\u016fstu. Rostliny mohly p\u0159irozen\u011b, bez sp\u011bchu r\u016fst a poskytovat sv\u016fj pyl zanepr\u00e1zdn\u011bn\u00fdm v\u010del\u00e1m. V\u00fdroba takov\u00e9ho medu vy\u017eaduje velkou p\u00e9\u010di a pozornost, proto\u017ee v\u010dely mohou p\u0159i hled\u00e1n\u00ed kv\u011bt\u016f l\u00e9tat a\u017e 3 kilometry. Hmyz mus\u00ed m\u00edt dostate\u010dn\u00fd p\u0159\u00edstup k organick\u00fdm rostlin\u00e1m. <strong>Certifik\u00e1t potvrzuje, \u017ee toto bylo spln\u011bno.<\/strong><\/p>\n<p><img loading=\"lazy\" decoding=\"async\" class=\"alignnone wp-image-1234\" src=\"https:\/\/matchamoya.cz\/wp-content\/uploads\/2020\/04\/certifikat-bio-matcha-caj-moya-461x400.jpg\" alt=\"certifikat-bio-matcha-caj-moya\" width=\"196\" height=\"170\" srcset=\"https:\/\/matchamoya.cz\/wp-content\/uploads\/2020\/04\/certifikat-bio-matcha-caj-moya-461x400.jpg 461w, https:\/\/matchamoya.cz\/wp-content\/uploads\/2020\/04\/certifikat-bio-matcha-caj-moya-922x800.jpg 922w, https:\/\/matchamoya.cz\/wp-content\/uploads\/2020\/04\/certifikat-bio-matcha-caj-moya-768x666.jpg 768w, https:\/\/matchamoya.cz\/wp-content\/uploads\/2020\/04\/certifikat-bio-matcha-caj-moya-14x12.jpg 14w, https:\/\/matchamoya.cz\/wp-content\/uploads\/2020\/04\/certifikat-bio-matcha-caj-moya-600x521.jpg 600w, https:\/\/matchamoya.cz\/wp-content\/uploads\/2020\/04\/certifikat-bio-matcha-caj-moya.jpg 1180w\" sizes=\"(max-width: 196px) 100vw, 196px\" \/><\/p>","protected":false},"excerpt":{"rendered":"<p><strong>Organick\u00fd med s japonsk\u00fdm \u010dajem matcha Daily 200 g<\/strong> je lahodn\u00e1 origin\u00e1ln\u00ed kombinace p\u0159\u00edrodn\u00edho estonsk\u00e9ho medu a Daily Matcha. <strong>Med je v\u00edcekv\u011bt\u00fd<\/strong>, p\u0159evl\u00e1daj\u00ed v n\u011bm kvetouc\u00ed vrby, javor a pampeli\u0161ka, letn\u00ed malin\u00edk, vrbovka a jetel \u2013 to je v\u00fdb\u011br rostlin, ze kter\u00fdch estonsk\u00e9 v\u010dely sb\u00edraj\u00ed nejv\u00edce nektaru. Jeho sladkost je sn\u00ed\u017eena jemnou ho\u0159kost\u00ed japonsk\u00e9 Daily Matcha poch\u00e1zej\u00edc\u00ed z druh\u00e9 a t\u0159et\u00ed sklizn\u011b. <strong>Je dokonale vyv\u00e1\u017een\u011b sladk\u00fd, s hustou konzistenc\u00ed ztu\u017eenou matchou<\/strong>. Hod\u00ed se k dezert\u016fm, sendvi\u010d\u016fm a toast\u016fm, \u010daj\u016fm a n\u00e1lev\u016fm a samoz\u0159ejm\u011b ke konzumaci l\u017ei\u010dkou p\u0159\u00edmo z d\u00f3zy. N\u00e1\u0161 BIO med je uzav\u0159en\u00fd ve sklen\u011bn\u00e9 n\u00e1dob\u011b s kovov\u00fdm v\u00ed\u010dkem a m\u00e1 BIO certifik\u00e1t, kter\u00fd potvrzuje zelen\u00fd l\u00edste\u010dek na obalu.<\/p>\n<p><strong>\u010cIST\u00c1 HMOTNOST:<\/strong> 200g<br \/>\n<strong>SLO\u017dEN\u00cd:<\/strong> BIO v\u00edcekv\u011bt\u00fd med 95%, BIO Moya Matcha Daily 5%<br \/>\n<strong>ZEM\u011a P\u016eVODU:<\/strong> Polsko (Organick\u00fd med) \/ Japonsko (Organick\u00e1 Matcha Moya)<\/p>\n<p><img loading=\"lazy\" decoding=\"async\" class=\"alignnone wp-image-1234\" src=\"https:\/\/matchamoya.cz\/wp-content\/uploads\/2020\/04\/certifikat-bio-matcha-caj-moya-461x400.jpg\" alt=\"certifikat-bio-matcha-caj-moya\" width=\"196\" height=\"170\" srcset=\"https:\/\/matchamoya.cz\/wp-content\/uploads\/2020\/04\/certifikat-bio-matcha-caj-moya-461x400.jpg 461w, https:\/\/matchamoya.cz\/wp-content\/uploads\/2020\/04\/certifikat-bio-matcha-caj-moya-922x800.jpg 922w, https:\/\/matchamoya.cz\/wp-content\/uploads\/2020\/04\/certifikat-bio-matcha-caj-moya-768x666.jpg 768w, https:\/\/matchamoya.cz\/wp-content\/uploads\/2020\/04\/certifikat-bio-matcha-caj-moya-14x12.jpg 14w, https:\/\/matchamoya.cz\/wp-content\/uploads\/2020\/04\/certifikat-bio-matcha-caj-moya-600x521.jpg 600w, https:\/\/matchamoya.cz\/wp-content\/uploads\/2020\/04\/certifikat-bio-matcha-caj-moya.jpg 1180w\" sizes=\"(max-width: 196px) 100vw, 196px\" \/><\/p>","protected":false},"featured_media":1525,"comment_status":"open","ping_status":"closed","template":"","meta":[],"product_cat":[76],"product_tag":[],"class_list":{"0":"post-1524","1":"product","2":"type-product","3":"status-publish","4":"has-post-thumbnail","6":"product_cat-matcha-sladkosti","7":"product_shipping_class-dobra-dodani","9":"first","10":"instock","11":"featured","12":"taxable","13":"shipping-taxable","14":"purchasable","15":"product-type-simple"},"yoast_head":"<!-- This site is optimized with the Yoast SEO plugin v23.4 - https:\/\/yoast.com\/wordpress\/plugins\/seo\/ -->\n<title>Organick\u00fd med s japonsk\u00fdm \u010dajem matcha 200 g - Moya | Matcha Moya<\/title>\n<meta name=\"description\" content=\"Organick\u00fd med s japonsk\u00fdm \u010dajem matcha 200 g je lahodn\u00e1 origin\u00e1ln\u00ed kombinace p\u0159\u00edrodn\u00edho estonsk\u00e9ho medu a Daily Matcha.\" \/>\n<meta name=\"robots\" content=\"index, follow, max-snippet:-1, max-image-preview:large, max-video-preview:-1\" \/>\n<link rel=\"canonical\" href=\"https:\/\/matchamoya.cz\/en\/shop\/matcha-sladkosti\/organicky-med-s-japonskym-cajem-matcha-200g-moya\/\" \/>\n<meta property=\"og:locale\" content=\"en_US\" \/>\n<meta property=\"og:type\" content=\"article\" \/>\n<meta property=\"og:title\" content=\"Organick\u00fd med s japonsk\u00fdm \u010dajem matcha 200 g - Moya | Matcha Moya\" \/>\n<meta property=\"og:description\" content=\"Organick\u00fd med s japonsk\u00fdm \u010dajem matcha 200 g je lahodn\u00e1 origin\u00e1ln\u00ed kombinace p\u0159\u00edrodn\u00edho estonsk\u00e9ho medu a Daily Matcha.\" \/>\n<meta property=\"og:url\" content=\"https:\/\/matchamoya.cz\/en\/shop\/matcha-sladkosti\/organicky-med-s-japonskym-cajem-matcha-200g-moya\/\" \/>\n<meta property=\"og:site_name\" content=\"Matcha Moya\" \/>\n<meta property=\"article:modified_time\" content=\"2026-04-14T02:19:59+00:00\" \/>\n<meta property=\"og:image\" content=\"https:\/\/matchamoya.cz\/wp-content\/uploads\/2022\/02\/bio_med_s_matcha_japan.jpg\" \/>\n\t<meta property=\"og:image:width\" content=\"1000\" \/>\n\t<meta property=\"og:image:height\" content=\"1000\" \/>\n\t<meta property=\"og:image:type\" content=\"image\/jpeg\" \/>\n<meta name=\"twitter:card\" content=\"summary_large_image\" \/>\n<meta name=\"twitter:label1\" content=\"Est. reading time\" \/>\n\t<meta name=\"twitter:data1\" content=\"2 minutes\" \/>\n<!-- \/ Yoast SEO plugin. -->","yoast_head_json":{"title":"Organick\u00fd med s japonsk\u00fdm \u010dajem matcha 200 g - Moya | Matcha Moya","description":"Organick\u00fd med s japonsk\u00fdm \u010dajem matcha 200 g je lahodn\u00e1 origin\u00e1ln\u00ed kombinace p\u0159\u00edrodn\u00edho estonsk\u00e9ho medu a Daily Matcha.","robots":{"index":"index","follow":"follow","max-snippet":"max-snippet:-1","max-image-preview":"max-image-preview:large","max-video-preview":"max-video-preview:-1"},"canonical":"https:\/\/matchamoya.cz\/en\/shop\/matcha-sladkosti\/organicky-med-s-japonskym-cajem-matcha-200g-moya\/","og_locale":"en_US","og_type":"article","og_title":"Organick\u00fd med s japonsk\u00fdm \u010dajem matcha 200 g - Moya | Matcha Moya","og_description":"Organick\u00fd med s japonsk\u00fdm \u010dajem matcha 200 g je lahodn\u00e1 origin\u00e1ln\u00ed kombinace p\u0159\u00edrodn\u00edho estonsk\u00e9ho medu a Daily Matcha.","og_url":"https:\/\/matchamoya.cz\/en\/shop\/matcha-sladkosti\/organicky-med-s-japonskym-cajem-matcha-200g-moya\/","og_site_name":"Matcha Moya","article_modified_time":"2026-04-14T02:19:59+00:00","og_image":[{"width":1000,"height":1000,"url":"https:\/\/matchamoya.cz\/wp-content\/uploads\/2022\/02\/bio_med_s_matcha_japan.jpg","type":"image\/jpeg"}],"twitter_card":"summary_large_image","twitter_misc":{"Est. reading time":"2 minutes"},"schema":{"@context":"https:\/\/schema.org","@graph":[{"@type":"WebPage","@id":"https:\/\/matchamoya.cz\/en\/shop\/matcha-sladkosti\/organicky-med-s-japonskym-cajem-matcha-200g-moya\/","url":"https:\/\/matchamoya.cz\/en\/shop\/matcha-sladkosti\/organicky-med-s-japonskym-cajem-matcha-200g-moya\/","name":"Organick\u00fd med s japonsk\u00fdm \u010dajem matcha 200 g - Moya | Matcha Moya","isPartOf":{"@id":"https:\/\/matchamoya.cz\/en\/#website"},"primaryImageOfPage":{"@id":"https:\/\/matchamoya.cz\/en\/shop\/matcha-sladkosti\/organicky-med-s-japonskym-cajem-matcha-200g-moya\/#primaryimage"},"image":{"@id":"https:\/\/matchamoya.cz\/en\/shop\/matcha-sladkosti\/organicky-med-s-japonskym-cajem-matcha-200g-moya\/#primaryimage"},"thumbnailUrl":"https:\/\/matchamoya.cz\/wp-content\/uploads\/2022\/02\/bio_med_s_matcha_japan.jpg","datePublished":"2022-02-22T14:19:44+00:00","dateModified":"2026-04-14T02:19:59+00:00","description":"Organick\u00fd med s japonsk\u00fdm \u010dajem matcha 200 g je lahodn\u00e1 origin\u00e1ln\u00ed kombinace p\u0159\u00edrodn\u00edho estonsk\u00e9ho medu a Daily Matcha.","breadcrumb":{"@id":"https:\/\/matchamoya.cz\/en\/shop\/matcha-sladkosti\/organicky-med-s-japonskym-cajem-matcha-200g-moya\/#breadcrumb"},"inLanguage":"en-US","potentialAction":[{"@type":"ReadAction","target":["https:\/\/matchamoya.cz\/en\/shop\/matcha-sladkosti\/organicky-med-s-japonskym-cajem-matcha-200g-moya\/"]}]},{"@type":"ImageObject","inLanguage":"en-US","@id":"https:\/\/matchamoya.cz\/en\/shop\/matcha-sladkosti\/organicky-med-s-japonskym-cajem-matcha-200g-moya\/#primaryimage","url":"https:\/\/matchamoya.cz\/wp-content\/uploads\/2022\/02\/bio_med_s_matcha_japan.jpg","contentUrl":"https:\/\/matchamoya.cz\/wp-content\/uploads\/2022\/02\/bio_med_s_matcha_japan.jpg","width":1000,"height":1000,"caption":"organicky-med-matcha-japonsko-skvela-chut-zdravi"},{"@type":"BreadcrumbList","@id":"https:\/\/matchamoya.cz\/en\/shop\/matcha-sladkosti\/organicky-med-s-japonskym-cajem-matcha-200g-moya\/#breadcrumb","itemListElement":[{"@type":"ListItem","position":1,"name":"Dom\u016f","item":"https:\/\/matchamoya.cz\/"},{"@type":"ListItem","position":2,"name":"E-SHOP","item":"https:\/\/matchamoya.cz\/shop\/"},{"@type":"ListItem","position":3,"name":"Organick\u00fd med s japonsk\u00fdm \u010dajem matcha 200 g &#8211; Moya"}]},{"@type":"WebSite","@id":"https:\/\/matchamoya.cz\/en\/#website","url":"https:\/\/matchamoya.cz\/en\/","name":"Matcha Moya","description":"Matcha Moya","publisher":{"@id":"https:\/\/matchamoya.cz\/en\/#organization"},"potentialAction":[{"@type":"SearchAction","target":{"@type":"EntryPoint","urlTemplate":"https:\/\/matchamoya.cz\/en\/?s={search_term_string}"},"query-input":{"@type":"PropertyValueSpecification","valueRequired":true,"valueName":"search_term_string"}}],"inLanguage":"en-US"},{"@type":"Organization","@id":"https:\/\/matchamoya.cz\/en\/#organization","name":"Moya Matcha","url":"https:\/\/matchamoya.cz\/en\/","logo":{"@type":"ImageObject","inLanguage":"en-US","@id":"https:\/\/matchamoya.cz\/en\/#\/schema\/logo\/image\/","url":"https:\/\/matchamoya.cz\/wp-content\/uploads\/2020\/03\/MOYA_Logo_Green-Black_02.png","contentUrl":"https:\/\/matchamoya.cz\/wp-content\/uploads\/2020\/03\/MOYA_Logo_Green-Black_02.png","width":313,"height":310,"caption":"Moya Matcha"},"image":{"@id":"https:\/\/matchamoya.cz\/en\/#\/schema\/logo\/image\/"}}]}},"_links":{"self":[{"href":"https:\/\/matchamoya.cz\/en\/wp-json\/wp\/v2\/product\/1524"}],"collection":[{"href":"https:\/\/matchamoya.cz\/en\/wp-json\/wp\/v2\/product"}],"about":[{"href":"https:\/\/matchamoya.cz\/en\/wp-json\/wp\/v2\/types\/product"}],"replies":[{"embeddable":true,"href":"https:\/\/matchamoya.cz\/en\/wp-json\/wp\/v2\/comments?post=1524"}],"wp:featuredmedia":[{"embeddable":true,"href":"https:\/\/matchamoya.cz\/en\/wp-json\/wp\/v2\/media\/1525"}],"wp:attachment":[{"href":"https:\/\/matchamoya.cz\/en\/wp-json\/wp\/v2\/media?parent=1524"}],"wp:term":[{"taxonomy":"product_cat","embeddable":true,"href":"https:\/\/matchamoya.cz\/en\/wp-json\/wp\/v2\/product_cat?post=1524"},{"taxonomy":"product_tag","embeddable":true,"href":"https:\/\/matchamoya.cz\/en\/wp-json\/wp\/v2\/product_tag?post=1524"}],"curies":[{"name":"wp","href":"https:\/\/api.w.org\/{rel}","templated":true}]}}