{"id":1530,"date":"2022-02-23T09:25:12","date_gmt":"2022-02-23T09:25:12","guid":{"rendered":"https:\/\/matchamoya.cz\/?post_type=product&#038;p=1530"},"modified":"2026-02-11T20:21:29","modified_gmt":"2026-02-11T20:21:29","slug":"prirodni-matcha-power-pletovy-peeling-kosmetika-75ml-veoli-botanica","status":"publish","type":"product","link":"https:\/\/matchamoya.cz\/en\/shop\/akcni-zbozi\/prirodni-matcha-power-pletovy-peeling-kosmetika-75ml-veoli-botanica\/","title":{"rendered":"P\u0159\u00edrodn\u00ed matcha power ple\u0165ov\u00fd peeling kosmetika 75 ml &#8211; Veoli Botanica"},"content":{"rendered":"<h1>P\u0159\u00edrodn\u00ed matcha power ple\u0165ov\u00fd peeling kosmetika 75 ml &#8211; Veoli Botanica<\/h1>\n<p>Tento inovativn\u00ed produkt od partnersk\u00e9 spole\u010dnosti Veoli Botanica je <strong>prvn\u00ed p\u0159\u00edrodn\u00ed kosmetik\u00fd produkt vyu\u017e\u00edvaj\u00edc\u00ed na\u0161i japonskou organickou Moya Matcha<\/strong>. Nyn\u00ed m\u016f\u017eete p\u00edt sv\u016fj obl\u00edben\u00fd japonsk\u00fd zelen\u00fd \u010daj a pou\u017e\u00edvat ho tak\u00e9 jako peeling pro zdravou ple\u0165. Matcha spolu s rostlinn\u00fdm retinolem bakuchiol dod\u00e1v\u00e1 p\u0159\u00edpravku<strong> detoxika\u010dn\u00ed, \u010dist\u00edc\u00ed a ochrann\u00fd \u00fa\u010dinek<\/strong>. Exfolia\u010dn\u00edho, vyhlazuj\u00edc\u00edho a revitaliza\u010dn\u00edho efektu bylo dosa\u017eeno d\u00edky AHA Fytokomplexu 10% kyselin &#8211; citronov\u00e9, ml\u00e9\u010dn\u00e9 a vinn\u00e9 a tak\u00e9 enzymu ananasu. BHA kyselina salicylov\u00e1<strong> pom\u00e1h\u00e1 regulovat vylu\u010dov\u00e1n\u00ed ko\u017en\u00edho mazu, redukuje zarudnut\u00ed a m\u00edrn\u011b zmat\u0148uje poko\u017eku.<\/strong><\/p>\n<p><strong>Matcha Power Peel se doporu\u010duje<\/strong> zejm\u00e9na pro matnou, matnou, \u0161edou ple\u0165 a ple\u0165 s nedostatkem kysl\u00edku. Ihned po pou\u017eit\u00ed peelingu je ple\u0165 hladk\u00e1 a vy\u010di\u0161t\u011bn\u00e1. Po 2 t\u00fddnech z\u00edsk\u00e1 zp\u011bt svou pevnost a kr\u00e1snou barvu. Po 4 t\u00fddnech zaznamen\u00e1te sn\u00ed\u017een\u00ed zabarven\u00ed.<\/p>\n<p><strong>\u00da\u010cINKY PO APLIKACI PEELINGU:<\/strong><br \/>\nhloubkov\u00e9 \u010di\u0161t\u011bn\u00ed pleti a exfoliace odum\u0159el\u00e9 poko\u017eky<br \/>\nsn\u00ed\u017een\u00ed sekrece ko\u017en\u00edho mazu<br \/>\nredukce vr\u00e1sek a zlep\u0161en\u00ed pevnosti<br \/>\nm\u00e9n\u011b viditeln\u00e9 p\u00f3ry<br \/>\njednotn\u00e1 barva pleti a men\u0161\u00ed zabarven\u00ed<\/p>\n<p><strong>N\u00c1VOD K POU\u017dIT\u00cd:<\/strong><br \/>\nNavlh\u010dete si obli\u010dej vodou nebo hydrol\u00e1tem a pot\u00e9 z tuby vytla\u010dte mal\u00e9 mno\u017estv\u00ed p\u0159\u00edpravku. Naneste tenkou vrstvu na obli\u010dej a po 3-5 minut\u00e1ch smyjte. Produkt m\u016f\u017eete pou\u017e\u00edvat 2x a\u017e 3x t\u00fddn\u011b.<\/p>\n<p><strong>P\u0159\u00edpravek se nedoporu\u010duje u\u017e\u00edvat t\u011bhotn\u00fdm \u017een\u00e1m.<\/strong><\/p>\n<p><strong>O V\u00ddROBCI:<\/strong><br \/>\nVeoli Botanica je zna\u010dka vegansk\u00e9, inovativn\u00ed kosmetiky, kter\u00e1 byla vytvo\u0159ena pro poko\u017eku vystavenou stresu, smogu, klimatizaci, mal\u00e9mu sp\u00e1nku a nevhodn\u00e9 strav\u011b. Kosmetika je vytvo\u0159ena na z\u00e1klad\u011b filozofie \u010dist\u00e9 kr\u00e1sy a holistick\u00e9 p\u00e9\u010de, co\u017e znamen\u00e1, \u017ee se <strong>skl\u00e1d\u00e1 z 97 % z p\u0159\u00edrodn\u00edch, p\u0159ev\u00e1\u017en\u011b rostlinn\u00fdch surovin,<\/strong> a je vhodn\u00e1 pro vytvo\u0159en\u00ed dom\u00e1c\u00edho relaxa\u010dn\u00edho ritu\u00e1lu. Konzistence, v\u016fn\u011b a balen\u00ed Veoli Botanica tvo\u0159\u00ed dokonal\u00fd celek, d\u00edky kter\u00e9mu je pou\u017e\u00edv\u00e1n\u00ed kosmetiky opravdov\u00fdm uspokojen\u00edm. Produkty maj\u00ed mj. <strong>certifik\u00e1ty<\/strong> jako Viva a circletyfree. Matcha Power Peel pat\u0159\u00ed mezi kosmetiku z premi\u00e9rov\u00e9 \u200b\u200bprofesion\u00e1ln\u00ed \u0159ady, d\u00edky kter\u00e9 ka\u017ed\u00fd z\u00edsk\u00e1 p\u0159\u00edstup k \u00fa\u010dinn\u00e9 p\u00e9\u010di jako z kosmetick\u00e9ho salonu.<\/p>\n<p><img loading=\"lazy\" decoding=\"async\" class=\"alignnone wp-image-1234\" src=\"https:\/\/matchamoya.cz\/wp-content\/uploads\/2020\/04\/certifikat-bio-matcha-caj-moya-461x400.jpg\" alt=\"certifikat-bio-matcha-caj-moya\" width=\"196\" height=\"170\" srcset=\"https:\/\/matchamoya.cz\/wp-content\/uploads\/2020\/04\/certifikat-bio-matcha-caj-moya-461x400.jpg 461w, https:\/\/matchamoya.cz\/wp-content\/uploads\/2020\/04\/certifikat-bio-matcha-caj-moya-922x800.jpg 922w, https:\/\/matchamoya.cz\/wp-content\/uploads\/2020\/04\/certifikat-bio-matcha-caj-moya-768x666.jpg 768w, https:\/\/matchamoya.cz\/wp-content\/uploads\/2020\/04\/certifikat-bio-matcha-caj-moya-14x12.jpg 14w, https:\/\/matchamoya.cz\/wp-content\/uploads\/2020\/04\/certifikat-bio-matcha-caj-moya-600x521.jpg 600w, https:\/\/matchamoya.cz\/wp-content\/uploads\/2020\/04\/certifikat-bio-matcha-caj-moya.jpg 1180w\" sizes=\"(max-width: 196px) 100vw, 196px\" \/><\/p>","protected":false},"excerpt":{"rendered":"<p>Multiacidov\u00fd enzymov\u00fd ple\u0165ov\u00fd peeling. <strong>P\u0159\u00edrodn\u00ed kosmetika s japonsk\u00fdm \u010dajem matcha<\/strong>.<\/p>\n<p><strong>\u010cIST\u00c1 HMOTNOST:<\/strong> 75 ml<br \/>\n<strong>Zem\u011b p\u016fvodu:<\/strong> Polsko (kosmetika), Japonsko (matcha)<\/p>\n<p><strong>100% vegan<\/strong><\/p>\n<p><strong>SLO\u017dEN\u00cd:<\/strong> Voda, Glukonolakton, Bentonit, Glycerin, Pr\u00e1\u0161ek z ovocn\u00e9 du\u017einy Adansonia Digitata, Pr\u00e1\u0161ek z list\u016f Camellia Sinensis, Tribehenin, Isostearyl Isostear\u00e1t, Sorbitanstear\u00e1t, Kyselina citronov\u00e1, Vitis Vinifera (Hroznov\u00fd) Ovocn\u00fd olej, Extrakt z ovocn\u00fdch semen, Sachar\u00f3za A Konako , extrakt z plod\u016f Rubus Idaeus, extrakt z plod\u016f Rubus fruticosus, extrakt z ovoce Ananas Sativus, extrakt z Citrus Aurantium Amara, bromelain, extrakt z k\u016fry Salix Alba, bakuchiol, methylpropandiol, 4-terpineol, kyselina salicylov\u00e1, kyselina vinn\u00e1, extrakt z citronu sal\u00e1tov\u00e9ho (A) Limonov\u00fd (citronov\u00fd) olej z k\u016fry, hydroxid sodn\u00fd, benzo\u00e1t sodn\u00fd, sorb\u00e1t draseln\u00fd, hydroxyacetofenon, xanthanov\u00e1 guma, parf\u00e9m.<\/p>\n<p><img loading=\"lazy\" decoding=\"async\" class=\"alignnone wp-image-1234\" src=\"https:\/\/matchamoya.cz\/wp-content\/uploads\/2020\/04\/certifikat-bio-matcha-caj-moya-461x400.jpg\" alt=\"certifikat-bio-matcha-caj-moya\" width=\"196\" height=\"170\" srcset=\"https:\/\/matchamoya.cz\/wp-content\/uploads\/2020\/04\/certifikat-bio-matcha-caj-moya-461x400.jpg 461w, https:\/\/matchamoya.cz\/wp-content\/uploads\/2020\/04\/certifikat-bio-matcha-caj-moya-922x800.jpg 922w, https:\/\/matchamoya.cz\/wp-content\/uploads\/2020\/04\/certifikat-bio-matcha-caj-moya-768x666.jpg 768w, https:\/\/matchamoya.cz\/wp-content\/uploads\/2020\/04\/certifikat-bio-matcha-caj-moya-14x12.jpg 14w, https:\/\/matchamoya.cz\/wp-content\/uploads\/2020\/04\/certifikat-bio-matcha-caj-moya-600x521.jpg 600w, https:\/\/matchamoya.cz\/wp-content\/uploads\/2020\/04\/certifikat-bio-matcha-caj-moya.jpg 1180w\" sizes=\"(max-width: 196px) 100vw, 196px\" \/><\/p>","protected":false},"featured_media":1532,"comment_status":"open","ping_status":"closed","template":"","meta":[],"product_cat":[130,297,302],"product_tag":[295],"class_list":{"0":"post-1530","1":"product","2":"type-product","3":"status-publish","4":"has-post-thumbnail","6":"product_cat-akcni-zbozi","7":"product_cat-matcha-bio-kosmetika-vegan","8":"product_cat-novinky","9":"product_tag-novinka","10":"product_shipping_class-dobra-dodani","12":"first","13":"instock","14":"sale","15":"taxable","16":"shipping-taxable","17":"purchasable","18":"product-type-simple"},"yoast_head":"<!-- This site is optimized with the Yoast SEO plugin v23.4 - https:\/\/yoast.com\/wordpress\/plugins\/seo\/ -->\n<title>P\u0159\u00edrodn\u00ed matcha power ple\u0165ov\u00fd peeling kosmetika 75 ml - Veoli Botanica | Matcha Moya<\/title>\n<meta name=\"description\" content=\"P\u0159\u00edrodn\u00ed kosmetika s japonsk\u00fdm \u010dajem matcha pro skv\u011bl\u00fd ple\u0165ov\u00fd peeling. 97,98 % p\u0159\u00edrodn\u00ed slo\u017eky. 100 % vegan. Vhodn\u00e9 i pro citlivou poko\u017eku.\" \/>\n<meta name=\"robots\" content=\"index, follow, max-snippet:-1, max-image-preview:large, max-video-preview:-1\" \/>\n<link rel=\"canonical\" href=\"https:\/\/matchamoya.cz\/en\/shop\/akcni-zbozi\/prirodni-matcha-power-pletovy-peeling-kosmetika-75ml-veoli-botanica\/\" \/>\n<meta property=\"og:locale\" content=\"en_US\" \/>\n<meta property=\"og:type\" content=\"article\" \/>\n<meta property=\"og:title\" content=\"P\u0159\u00edrodn\u00ed matcha power ple\u0165ov\u00fd peeling kosmetika 75 ml - Veoli Botanica | Matcha Moya\" \/>\n<meta property=\"og:description\" content=\"P\u0159\u00edrodn\u00ed kosmetika s japonsk\u00fdm \u010dajem matcha pro skv\u011bl\u00fd ple\u0165ov\u00fd peeling. 97,98 % p\u0159\u00edrodn\u00ed slo\u017eky. 100 % vegan. Vhodn\u00e9 i pro citlivou poko\u017eku.\" \/>\n<meta property=\"og:url\" content=\"https:\/\/matchamoya.cz\/en\/shop\/akcni-zbozi\/prirodni-matcha-power-pletovy-peeling-kosmetika-75ml-veoli-botanica\/\" \/>\n<meta property=\"og:site_name\" content=\"Matcha Moya\" \/>\n<meta property=\"article:modified_time\" content=\"2026-02-11T20:21:29+00:00\" \/>\n<meta property=\"og:image\" content=\"https:\/\/matchamoya.cz\/wp-content\/uploads\/2022\/02\/prirodni-pletovy-peeling-matcha-caj-bio-1.jpg\" \/>\n\t<meta property=\"og:image:width\" content=\"900\" \/>\n\t<meta property=\"og:image:height\" content=\"900\" \/>\n\t<meta property=\"og:image:type\" content=\"image\/jpeg\" \/>\n<meta name=\"twitter:card\" content=\"summary_large_image\" \/>\n<meta name=\"twitter:label1\" content=\"Est. reading time\" \/>\n\t<meta name=\"twitter:data1\" content=\"2 minutes\" \/>\n<!-- \/ Yoast SEO plugin. -->","yoast_head_json":{"title":"P\u0159\u00edrodn\u00ed matcha power ple\u0165ov\u00fd peeling kosmetika 75 ml - Veoli Botanica | Matcha Moya","description":"P\u0159\u00edrodn\u00ed kosmetika s japonsk\u00fdm \u010dajem matcha pro skv\u011bl\u00fd ple\u0165ov\u00fd peeling. 97,98 % p\u0159\u00edrodn\u00ed slo\u017eky. 100 % vegan. Vhodn\u00e9 i pro citlivou poko\u017eku.","robots":{"index":"index","follow":"follow","max-snippet":"max-snippet:-1","max-image-preview":"max-image-preview:large","max-video-preview":"max-video-preview:-1"},"canonical":"https:\/\/matchamoya.cz\/en\/shop\/akcni-zbozi\/prirodni-matcha-power-pletovy-peeling-kosmetika-75ml-veoli-botanica\/","og_locale":"en_US","og_type":"article","og_title":"P\u0159\u00edrodn\u00ed matcha power ple\u0165ov\u00fd peeling kosmetika 75 ml - Veoli Botanica | Matcha Moya","og_description":"P\u0159\u00edrodn\u00ed kosmetika s japonsk\u00fdm \u010dajem matcha pro skv\u011bl\u00fd ple\u0165ov\u00fd peeling. 97,98 % p\u0159\u00edrodn\u00ed slo\u017eky. 100 % vegan. Vhodn\u00e9 i pro citlivou poko\u017eku.","og_url":"https:\/\/matchamoya.cz\/en\/shop\/akcni-zbozi\/prirodni-matcha-power-pletovy-peeling-kosmetika-75ml-veoli-botanica\/","og_site_name":"Matcha Moya","article_modified_time":"2026-02-11T20:21:29+00:00","og_image":[{"width":900,"height":900,"url":"https:\/\/matchamoya.cz\/wp-content\/uploads\/2022\/02\/prirodni-pletovy-peeling-matcha-caj-bio-1.jpg","type":"image\/jpeg"}],"twitter_card":"summary_large_image","twitter_misc":{"Est. reading time":"2 minutes"},"schema":{"@context":"https:\/\/schema.org","@graph":[{"@type":"WebPage","@id":"https:\/\/matchamoya.cz\/en\/shop\/akcni-zbozi\/prirodni-matcha-power-pletovy-peeling-kosmetika-75ml-veoli-botanica\/","url":"https:\/\/matchamoya.cz\/en\/shop\/akcni-zbozi\/prirodni-matcha-power-pletovy-peeling-kosmetika-75ml-veoli-botanica\/","name":"P\u0159\u00edrodn\u00ed matcha power ple\u0165ov\u00fd peeling kosmetika 75 ml - Veoli Botanica | Matcha Moya","isPartOf":{"@id":"https:\/\/matchamoya.cz\/en\/#website"},"primaryImageOfPage":{"@id":"https:\/\/matchamoya.cz\/en\/shop\/akcni-zbozi\/prirodni-matcha-power-pletovy-peeling-kosmetika-75ml-veoli-botanica\/#primaryimage"},"image":{"@id":"https:\/\/matchamoya.cz\/en\/shop\/akcni-zbozi\/prirodni-matcha-power-pletovy-peeling-kosmetika-75ml-veoli-botanica\/#primaryimage"},"thumbnailUrl":"https:\/\/matchamoya.cz\/wp-content\/uploads\/2022\/02\/prirodni-pletovy-peeling-matcha-caj-bio-1.jpg","datePublished":"2022-02-23T09:25:12+00:00","dateModified":"2026-02-11T20:21:29+00:00","description":"P\u0159\u00edrodn\u00ed kosmetika s japonsk\u00fdm \u010dajem matcha pro skv\u011bl\u00fd ple\u0165ov\u00fd peeling. 97,98 % p\u0159\u00edrodn\u00ed slo\u017eky. 100 % vegan. Vhodn\u00e9 i pro citlivou poko\u017eku.","breadcrumb":{"@id":"https:\/\/matchamoya.cz\/en\/shop\/akcni-zbozi\/prirodni-matcha-power-pletovy-peeling-kosmetika-75ml-veoli-botanica\/#breadcrumb"},"inLanguage":"en-US","potentialAction":[{"@type":"ReadAction","target":["https:\/\/matchamoya.cz\/en\/shop\/akcni-zbozi\/prirodni-matcha-power-pletovy-peeling-kosmetika-75ml-veoli-botanica\/"]}]},{"@type":"ImageObject","inLanguage":"en-US","@id":"https:\/\/matchamoya.cz\/en\/shop\/akcni-zbozi\/prirodni-matcha-power-pletovy-peeling-kosmetika-75ml-veoli-botanica\/#primaryimage","url":"https:\/\/matchamoya.cz\/wp-content\/uploads\/2022\/02\/prirodni-pletovy-peeling-matcha-caj-bio-1.jpg","contentUrl":"https:\/\/matchamoya.cz\/wp-content\/uploads\/2022\/02\/prirodni-pletovy-peeling-matcha-caj-bio-1.jpg","width":900,"height":900,"caption":"prirodni-kosmetika-vegan-matcha"},{"@type":"BreadcrumbList","@id":"https:\/\/matchamoya.cz\/en\/shop\/akcni-zbozi\/prirodni-matcha-power-pletovy-peeling-kosmetika-75ml-veoli-botanica\/#breadcrumb","itemListElement":[{"@type":"ListItem","position":1,"name":"Dom\u016f","item":"https:\/\/matchamoya.cz\/"},{"@type":"ListItem","position":2,"name":"E-SHOP","item":"https:\/\/matchamoya.cz\/shop\/"},{"@type":"ListItem","position":3,"name":"P\u0159\u00edrodn\u00ed matcha power ple\u0165ov\u00fd peeling kosmetika 75 ml &#8211; Veoli Botanica"}]},{"@type":"WebSite","@id":"https:\/\/matchamoya.cz\/en\/#website","url":"https:\/\/matchamoya.cz\/en\/","name":"Matcha Moya","description":"Matcha Moya","publisher":{"@id":"https:\/\/matchamoya.cz\/en\/#organization"},"potentialAction":[{"@type":"SearchAction","target":{"@type":"EntryPoint","urlTemplate":"https:\/\/matchamoya.cz\/en\/?s={search_term_string}"},"query-input":{"@type":"PropertyValueSpecification","valueRequired":true,"valueName":"search_term_string"}}],"inLanguage":"en-US"},{"@type":"Organization","@id":"https:\/\/matchamoya.cz\/en\/#organization","name":"Moya Matcha","url":"https:\/\/matchamoya.cz\/en\/","logo":{"@type":"ImageObject","inLanguage":"en-US","@id":"https:\/\/matchamoya.cz\/en\/#\/schema\/logo\/image\/","url":"https:\/\/matchamoya.cz\/wp-content\/uploads\/2020\/03\/MOYA_Logo_Green-Black_02.png","contentUrl":"https:\/\/matchamoya.cz\/wp-content\/uploads\/2020\/03\/MOYA_Logo_Green-Black_02.png","width":313,"height":310,"caption":"Moya Matcha"},"image":{"@id":"https:\/\/matchamoya.cz\/en\/#\/schema\/logo\/image\/"}}]}},"_links":{"self":[{"href":"https:\/\/matchamoya.cz\/en\/wp-json\/wp\/v2\/product\/1530"}],"collection":[{"href":"https:\/\/matchamoya.cz\/en\/wp-json\/wp\/v2\/product"}],"about":[{"href":"https:\/\/matchamoya.cz\/en\/wp-json\/wp\/v2\/types\/product"}],"replies":[{"embeddable":true,"href":"https:\/\/matchamoya.cz\/en\/wp-json\/wp\/v2\/comments?post=1530"}],"wp:featuredmedia":[{"embeddable":true,"href":"https:\/\/matchamoya.cz\/en\/wp-json\/wp\/v2\/media\/1532"}],"wp:attachment":[{"href":"https:\/\/matchamoya.cz\/en\/wp-json\/wp\/v2\/media?parent=1530"}],"wp:term":[{"taxonomy":"product_cat","embeddable":true,"href":"https:\/\/matchamoya.cz\/en\/wp-json\/wp\/v2\/product_cat?post=1530"},{"taxonomy":"product_tag","embeddable":true,"href":"https:\/\/matchamoya.cz\/en\/wp-json\/wp\/v2\/product_tag?post=1530"}],"curies":[{"name":"wp","href":"https:\/\/api.w.org\/{rel}","templated":true}]}}