{"id":1660,"date":"2022-09-28T10:54:53","date_gmt":"2022-09-28T10:54:53","guid":{"rendered":"https:\/\/matchamoya.cz\/?post_type=product&#038;p=1660"},"modified":"2025-10-24T16:00:10","modified_gmt":"2025-10-24T16:00:10","slug":"vzacny-organicky-japonsky-cerny-caj-wakoucha-60g-moya","status":"publish","type":"product","link":"https:\/\/matchamoya.cz\/en\/shop\/tradicni-japonske-listove-zelene-caje\/vzacny-organicky-japonsky-cerny-caj-wakoucha-60g-moya\/","title":{"rendered":"Vz\u00e1cn\u00fd Organick\u00fd Japonsk\u00fd \u010dern\u00fd \u010daj WAKOUCHA 60g &#8211; MOYA"},"content":{"rendered":"<h1>Vz\u00e1cn\u00fd Organick\u00fd Japonsk\u00fd \u010dern\u00fd \u010daj WAKOUCHA 60g &#8211; MOYA<\/h1>\n<p><strong>WAKOUCHA: \u010cERN\u00dd \u010cAJ Z JAPONSKA<\/strong><br \/>\nChu\u0165 tohoto \u010dern\u00e9ho listov\u00e9ho \u010daje je skute\u010dn\u011b vynikaj\u00edc\u00ed, lehce kv\u011btinov\u00e1, s patrn\u00fdmi medov\u00fdmi a ko\u0159enit\u00fdmi podt\u00f3ny. Term\u00edn \u201ekou-cha\u201c \u7d05\u8336 lze p\u0159elo\u017eit jako \u201e\u010daj karm\u00ednov\u00e9 barvy\u201c. Takov\u00e9 ozna\u010den\u00ed vzniklo d\u00edky japonsk\u00e9 m\u011bkk\u00e9 vod\u011b, kter\u00e1 po zalit\u00ed l\u00edstky \u010dern\u00e9ho \u010daje zbarv\u00ed tmav\u011b \u010dervenou s n\u00e1dechem do modra. Tak\u00e9 proto byla v minulosti wakoucha ozna\u010dov\u00e1na jako \u201e\u010derven\u00fd \u010daj\u201c. Uva\u0159en\u00edm ve vod\u011b st\u0159edn\u00ed tvrdosti, typi\u010dt\u011bj\u0161\u00ed pro evropsk\u00e9 zem\u011b, z\u00edsk\u00e1 \u010daj tmav\u011b jantarovou barvu. <strong>Moya Wakoucha se p\u011bstuje a zpracov\u00e1v\u00e1 v oblasti Mie na ostrov\u011b Hon\u0161\u00fa.<\/strong><\/p>\n<p><strong>VLASTNOSTI \u010cERN\u00c9HO \u010cAJE WAKOUCHY<\/strong><br \/>\n\u010cern\u00fd \u010daj Wakoucha se ide\u00e1ln\u011b hod\u00ed jako dopln\u011bk k j\u00eddl\u016fm a dezert\u016fm, jejich\u017e sladkost je jemn\u011b naru\u0161ena ho\u0159k\u00fdmi podt\u00f3ny \u010daje. Stejn\u011b jako jak\u00fdkoli jin\u00fd \u010dern\u00fd \u010daj, i wakoucha po sklizni proch\u00e1z\u00ed procesem su\u0161en\u00ed a fermentace, \u010d\u00edm\u017e se odli\u0161uje od zelen\u00fdch \u010daj\u016f. V\u00fdsledkem tohoto procesu je tmav\u00e1 barva wakouchy, lehce zemit\u00e1 chu\u0165 a sn\u00ed\u017een\u00fd obsah kofeinu ve srovn\u00e1n\u00ed s nap\u0159. zelen\u00fdm \u010dajem sencha. Pit\u00ed \u010dern\u00e9ho \u010daje podporuje tr\u00e1ven\u00ed. N\u00e1lev z wakouchy m\u016f\u017ee b\u00fdt zdrojem aminokyselin, beta karotenu, kyseliny listov\u00e9, drasl\u00edku, v\u00e1pn\u00edku a fosforu. <strong>Jeliko\u017e v Japonsku nen\u00ed mnoho farm\u00e1\u0159\u016f, kte\u0159\u00ed by se rozhodli p\u011bstovat a zpracov\u00e1vat \u010dern\u00fd \u010daj, z\u016fst\u00e1v\u00e1 japonsk\u00e1 wakoucha neobvyklou pochoutkou.<\/strong><\/p>\n<p><strong>P\u0158\u00cdPRAVA \u010cERN\u00c9HO \u010cAJE WAKUCHA<\/strong><br \/>\nOBJEM: 2-3 g \/ 150 ml<br \/>\nTEPLOTA: 90-95\u00b0C<br \/>\nDOBA INFUZE: 3-4 min<br \/>\nV\u00cdCE INFUZ\u00cd: 1<\/p>\n<p><img loading=\"lazy\" decoding=\"async\" class=\"wp-image-1661 alignright\" style=\"font-size: 14.4px;\" src=\"https:\/\/matchamoya.cz\/wp-content\/uploads\/2022\/09\/wakoucha-cerny-japonsky-caj-unikatni-moya-detail-400x400.jpg\" alt=\"\" width=\"497\" height=\"497\" srcset=\"https:\/\/matchamoya.cz\/wp-content\/uploads\/2022\/09\/wakoucha-cerny-japonsky-caj-unikatni-moya-detail-400x400.jpg 400w, https:\/\/matchamoya.cz\/wp-content\/uploads\/2022\/09\/wakoucha-cerny-japonsky-caj-unikatni-moya-detail-800x800.jpg 800w, https:\/\/matchamoya.cz\/wp-content\/uploads\/2022\/09\/wakoucha-cerny-japonsky-caj-unikatni-moya-detail-280x280.jpg 280w, https:\/\/matchamoya.cz\/wp-content\/uploads\/2022\/09\/wakoucha-cerny-japonsky-caj-unikatni-moya-detail-768x768.jpg 768w, https:\/\/matchamoya.cz\/wp-content\/uploads\/2022\/09\/wakoucha-cerny-japonsky-caj-unikatni-moya-detail-12x12.jpg 12w, https:\/\/matchamoya.cz\/wp-content\/uploads\/2022\/09\/wakoucha-cerny-japonsky-caj-unikatni-moya-detail-300x300.jpg 300w, https:\/\/matchamoya.cz\/wp-content\/uploads\/2022\/09\/wakoucha-cerny-japonsky-caj-unikatni-moya-detail-600x600.jpg 600w, https:\/\/matchamoya.cz\/wp-content\/uploads\/2022\/09\/wakoucha-cerny-japonsky-caj-unikatni-moya-detail-100x100.jpg 100w, https:\/\/matchamoya.cz\/wp-content\/uploads\/2022\/09\/wakoucha-cerny-japonsky-caj-unikatni-moya-detail.jpg 1000w\" sizes=\"(max-width: 497px) 100vw, 497px\" \/><\/p>\n<p><strong>100% organick\u00e1 japonsk\u00e1 wakoucha<\/strong><\/p>\n<p><strong style=\"font-size: 14.4px;\">Zem\u011b p\u016fvodu:<\/strong><span style=\"font-size: 14.4px;\"> Japonsko, Mie region, Ostrov Honsh\u00fa<\/span><\/p>\n<p><strong>Chu\u0165:<\/strong> Vynikaj\u00edc\u00ed, lehce kv\u011btinov\u00e1, s patrn\u00fdmi medov\u00fdmi a ko\u0159enit\u00fdmi podt\u00f3ny.<\/p>\n<p><strong>Barva:<\/strong> jasn\u00fd \u017eluto-zelen\u00fd odst\u00edn<\/p>\n<p><strong>Doba sklizn\u011b:<\/strong> v\u017edy aktu\u00e1ln\u00ed leto\u0161n\u00ed sklize\u0148<\/p>\n<p><strong>Hmotnost:<\/strong> 60 g<\/p>","protected":false},"excerpt":{"rendered":"<p><strong>WAKOUCHA: \u010cERN\u00dd \u010cAJ Z JAPONSKA<\/strong><br \/>\nChu\u0165 tohoto \u010dern\u00e9ho listov\u00e9ho \u010daje je skute\u010dn\u011b vynikaj\u00edc\u00ed, lehce kv\u011btinov\u00e1, s patrn\u00fdmi medov\u00fdmi a ko\u0159enit\u00fdmi podt\u00f3ny. Term\u00edn \u201ekou-cha\u201c \u7d05\u8336 lze p\u0159elo\u017eit jako \u201e\u010daj karm\u00ednov\u00e9 barvy\u201c. Takov\u00e9 ozna\u010den\u00ed vzniklo d\u00edky japonsk\u00e9 m\u011bkk\u00e9 vod\u011b, kter\u00e1 po zalit\u00ed l\u00edstky \u010dern\u00e9ho \u010daje zbarv\u00ed tmav\u011b \u010dervenou s n\u00e1dechem do modra. Tak\u00e9 proto byla v minulosti wakoucha ozna\u010dov\u00e1na jako \u201e\u010derven\u00fd \u010daj\u201c. Uva\u0159en\u00edm ve vod\u011b st\u0159edn\u00ed tvrdosti, typi\u010dt\u011bj\u0161\u00ed pro evropsk\u00e9 zem\u011b, z\u00edsk\u00e1 \u010daj tmav\u011b jantarovou barvu. Moya Wakoucha se p\u011bstuje a zpracov\u00e1v\u00e1 v oblasti Mie na ostrov\u011b Hon\u0161\u00fa. <strong>Jeliko\u017e v Japonsku nen\u00ed mnoho farm\u00e1\u0159\u016f, kte\u0159\u00ed by se rozhodli p\u011bstovat a zpracov\u00e1vat \u010dern\u00fd \u010daj, z\u016fst\u00e1v\u00e1 japonsk\u00e1 wakoucha neobvyklou pochoutkou.<\/strong><\/p>\n<p>100% organick\u00fd \u010dern\u00fd \u010daj<\/p>\n<p><strong>Zem\u011b p\u016fvodu:<\/strong> Japonsko, ostrov Honsh\u00fa, Mie region<\/p>\n<p><strong>Chu\u0165:<\/strong> Vynikaj\u00edc\u00ed, lehce kv\u011btinov\u00e1, s patrn\u00fdmi medov\u00fdmi a ko\u0159enit\u00fdmi podt\u00f3ny<\/p>\n<p><strong>Barva:<\/strong> jasn\u00fd \u017eluto-zelen\u00fd odst\u00edn<\/p>\n<p><strong>Doba sklizn\u011b:<\/strong> v\u017edy aktu\u00e1ln\u00ed leto\u0161n\u00ed sklize\u0148<\/p>\n<p><strong>Hmotnost:<\/strong> 60 g<\/p>\n<p><strong>P\u0159\u00edprava:<\/strong><\/p>\n<p>Mno\u017estv\u00ed: 3-4 g \/ 150 ml vody<\/p>\n<p>Doba louhov\u00e1n\u00ed (infuze): 3-4 min<\/p>\n<p>Teplota vody: 70-80 \u00b0 C<\/p>\n<p>Mo\u017enost v\u00edcero louhov\u00e1n\u00ed (infuze): ANO, max. 3x<\/p>","protected":false},"featured_media":1662,"comment_status":"open","ping_status":"closed","template":"","meta":[],"product_cat":[75],"product_tag":[],"class_list":{"0":"post-1660","1":"product","2":"type-product","3":"status-publish","4":"has-post-thumbnail","6":"product_cat-tradicni-japonske-listove-zelene-caje","7":"product_shipping_class-dobra-dodani","9":"first","10":"instock","11":"featured","12":"taxable","13":"shipping-taxable","14":"purchasable","15":"product-type-simple"},"yoast_head":"<!-- This site is optimized with the Yoast SEO plugin v23.4 - https:\/\/yoast.com\/wordpress\/plugins\/seo\/ -->\n<title>Vz\u00e1cn\u00fd Organick\u00fd Japonsk\u00fd \u010dern\u00fd \u010daj WAKOUCHA | Matcha Moya<\/title>\n<meta name=\"description\" content=\"Vz\u00e1cn\u00fd Organick\u00fd Japonsk\u00fd \u010dern\u00fd \u010daj WAKOUCHA. Chu\u0165 je vynikaj\u00edc\u00ed, lehce kv\u011btinov\u00e1, s patrn\u00fdmi medov\u00fdmi a ko\u0159enit\u00fdmi podt\u00f3ny.\" \/>\n<meta name=\"robots\" content=\"index, follow, max-snippet:-1, max-image-preview:large, max-video-preview:-1\" \/>\n<link rel=\"canonical\" href=\"https:\/\/matchamoya.cz\/en\/shop\/tradicni-japonske-listove-zelene-caje\/vzacny-organicky-japonsky-cerny-caj-wakoucha-60g-moya\/\" \/>\n<meta property=\"og:locale\" content=\"en_US\" \/>\n<meta property=\"og:type\" content=\"article\" \/>\n<meta property=\"og:title\" content=\"Vz\u00e1cn\u00fd Organick\u00fd Japonsk\u00fd \u010dern\u00fd \u010daj WAKOUCHA | Matcha Moya\" \/>\n<meta property=\"og:description\" content=\"Vz\u00e1cn\u00fd Organick\u00fd Japonsk\u00fd \u010dern\u00fd \u010daj WAKOUCHA. Chu\u0165 je vynikaj\u00edc\u00ed, lehce kv\u011btinov\u00e1, s patrn\u00fdmi medov\u00fdmi a ko\u0159enit\u00fdmi podt\u00f3ny.\" \/>\n<meta property=\"og:url\" content=\"https:\/\/matchamoya.cz\/en\/shop\/tradicni-japonske-listove-zelene-caje\/vzacny-organicky-japonsky-cerny-caj-wakoucha-60g-moya\/\" \/>\n<meta property=\"og:site_name\" content=\"Matcha Moya\" \/>\n<meta property=\"article:modified_time\" content=\"2025-10-24T16:00:10+00:00\" \/>\n<meta property=\"og:image\" content=\"https:\/\/matchamoya.cz\/wp-content\/uploads\/2022\/09\/wakoucha-cerny-japonsky-caj-unikatni.jpg\" \/>\n\t<meta property=\"og:image:width\" content=\"800\" \/>\n\t<meta property=\"og:image:height\" content=\"800\" \/>\n\t<meta property=\"og:image:type\" content=\"image\/jpeg\" \/>\n<meta name=\"twitter:card\" content=\"summary_large_image\" \/>\n<meta name=\"twitter:label1\" content=\"Est. reading time\" \/>\n\t<meta name=\"twitter:data1\" content=\"2 minutes\" \/>\n<!-- \/ Yoast SEO plugin. -->","yoast_head_json":{"title":"Vz\u00e1cn\u00fd Organick\u00fd Japonsk\u00fd \u010dern\u00fd \u010daj WAKOUCHA | Matcha Moya","description":"Vz\u00e1cn\u00fd Organick\u00fd Japonsk\u00fd \u010dern\u00fd \u010daj WAKOUCHA. Chu\u0165 je vynikaj\u00edc\u00ed, lehce kv\u011btinov\u00e1, s patrn\u00fdmi medov\u00fdmi a ko\u0159enit\u00fdmi podt\u00f3ny.","robots":{"index":"index","follow":"follow","max-snippet":"max-snippet:-1","max-image-preview":"max-image-preview:large","max-video-preview":"max-video-preview:-1"},"canonical":"https:\/\/matchamoya.cz\/en\/shop\/tradicni-japonske-listove-zelene-caje\/vzacny-organicky-japonsky-cerny-caj-wakoucha-60g-moya\/","og_locale":"en_US","og_type":"article","og_title":"Vz\u00e1cn\u00fd Organick\u00fd Japonsk\u00fd \u010dern\u00fd \u010daj WAKOUCHA | Matcha Moya","og_description":"Vz\u00e1cn\u00fd Organick\u00fd Japonsk\u00fd \u010dern\u00fd \u010daj WAKOUCHA. Chu\u0165 je vynikaj\u00edc\u00ed, lehce kv\u011btinov\u00e1, s patrn\u00fdmi medov\u00fdmi a ko\u0159enit\u00fdmi podt\u00f3ny.","og_url":"https:\/\/matchamoya.cz\/en\/shop\/tradicni-japonske-listove-zelene-caje\/vzacny-organicky-japonsky-cerny-caj-wakoucha-60g-moya\/","og_site_name":"Matcha Moya","article_modified_time":"2025-10-24T16:00:10+00:00","og_image":[{"width":800,"height":800,"url":"https:\/\/matchamoya.cz\/wp-content\/uploads\/2022\/09\/wakoucha-cerny-japonsky-caj-unikatni.jpg","type":"image\/jpeg"}],"twitter_card":"summary_large_image","twitter_misc":{"Est. reading time":"2 minutes"},"schema":{"@context":"https:\/\/schema.org","@graph":[{"@type":"WebPage","@id":"https:\/\/matchamoya.cz\/en\/shop\/tradicni-japonske-listove-zelene-caje\/vzacny-organicky-japonsky-cerny-caj-wakoucha-60g-moya\/","url":"https:\/\/matchamoya.cz\/en\/shop\/tradicni-japonske-listove-zelene-caje\/vzacny-organicky-japonsky-cerny-caj-wakoucha-60g-moya\/","name":"Vz\u00e1cn\u00fd Organick\u00fd Japonsk\u00fd \u010dern\u00fd \u010daj WAKOUCHA | Matcha Moya","isPartOf":{"@id":"https:\/\/matchamoya.cz\/en\/#website"},"primaryImageOfPage":{"@id":"https:\/\/matchamoya.cz\/en\/shop\/tradicni-japonske-listove-zelene-caje\/vzacny-organicky-japonsky-cerny-caj-wakoucha-60g-moya\/#primaryimage"},"image":{"@id":"https:\/\/matchamoya.cz\/en\/shop\/tradicni-japonske-listove-zelene-caje\/vzacny-organicky-japonsky-cerny-caj-wakoucha-60g-moya\/#primaryimage"},"thumbnailUrl":"https:\/\/matchamoya.cz\/wp-content\/uploads\/2022\/09\/wakoucha-cerny-japonsky-caj-unikatni.jpg","datePublished":"2022-09-28T10:54:53+00:00","dateModified":"2025-10-24T16:00:10+00:00","description":"Vz\u00e1cn\u00fd Organick\u00fd Japonsk\u00fd \u010dern\u00fd \u010daj WAKOUCHA. Chu\u0165 je vynikaj\u00edc\u00ed, lehce kv\u011btinov\u00e1, s patrn\u00fdmi medov\u00fdmi a ko\u0159enit\u00fdmi podt\u00f3ny.","breadcrumb":{"@id":"https:\/\/matchamoya.cz\/en\/shop\/tradicni-japonske-listove-zelene-caje\/vzacny-organicky-japonsky-cerny-caj-wakoucha-60g-moya\/#breadcrumb"},"inLanguage":"en-US","potentialAction":[{"@type":"ReadAction","target":["https:\/\/matchamoya.cz\/en\/shop\/tradicni-japonske-listove-zelene-caje\/vzacny-organicky-japonsky-cerny-caj-wakoucha-60g-moya\/"]}]},{"@type":"ImageObject","inLanguage":"en-US","@id":"https:\/\/matchamoya.cz\/en\/shop\/tradicni-japonske-listove-zelene-caje\/vzacny-organicky-japonsky-cerny-caj-wakoucha-60g-moya\/#primaryimage","url":"https:\/\/matchamoya.cz\/wp-content\/uploads\/2022\/09\/wakoucha-cerny-japonsky-caj-unikatni.jpg","contentUrl":"https:\/\/matchamoya.cz\/wp-content\/uploads\/2022\/09\/wakoucha-cerny-japonsky-caj-unikatni.jpg","width":800,"height":800,"caption":"wakoucha-vzacny-japonsky-cerny-caj"},{"@type":"BreadcrumbList","@id":"https:\/\/matchamoya.cz\/en\/shop\/tradicni-japonske-listove-zelene-caje\/vzacny-organicky-japonsky-cerny-caj-wakoucha-60g-moya\/#breadcrumb","itemListElement":[{"@type":"ListItem","position":1,"name":"Dom\u016f","item":"https:\/\/matchamoya.cz\/"},{"@type":"ListItem","position":2,"name":"E-SHOP","item":"https:\/\/matchamoya.cz\/shop\/"},{"@type":"ListItem","position":3,"name":"Vz\u00e1cn\u00fd Organick\u00fd Japonsk\u00fd \u010dern\u00fd \u010daj WAKOUCHA 60g &#8211; MOYA"}]},{"@type":"WebSite","@id":"https:\/\/matchamoya.cz\/en\/#website","url":"https:\/\/matchamoya.cz\/en\/","name":"Matcha Moya","description":"Matcha Moya","publisher":{"@id":"https:\/\/matchamoya.cz\/en\/#organization"},"potentialAction":[{"@type":"SearchAction","target":{"@type":"EntryPoint","urlTemplate":"https:\/\/matchamoya.cz\/en\/?s={search_term_string}"},"query-input":{"@type":"PropertyValueSpecification","valueRequired":true,"valueName":"search_term_string"}}],"inLanguage":"en-US"},{"@type":"Organization","@id":"https:\/\/matchamoya.cz\/en\/#organization","name":"Moya Matcha","url":"https:\/\/matchamoya.cz\/en\/","logo":{"@type":"ImageObject","inLanguage":"en-US","@id":"https:\/\/matchamoya.cz\/en\/#\/schema\/logo\/image\/","url":"https:\/\/matchamoya.cz\/wp-content\/uploads\/2020\/03\/MOYA_Logo_Green-Black_02.png","contentUrl":"https:\/\/matchamoya.cz\/wp-content\/uploads\/2020\/03\/MOYA_Logo_Green-Black_02.png","width":313,"height":310,"caption":"Moya Matcha"},"image":{"@id":"https:\/\/matchamoya.cz\/en\/#\/schema\/logo\/image\/"}}]}},"_links":{"self":[{"href":"https:\/\/matchamoya.cz\/en\/wp-json\/wp\/v2\/product\/1660"}],"collection":[{"href":"https:\/\/matchamoya.cz\/en\/wp-json\/wp\/v2\/product"}],"about":[{"href":"https:\/\/matchamoya.cz\/en\/wp-json\/wp\/v2\/types\/product"}],"replies":[{"embeddable":true,"href":"https:\/\/matchamoya.cz\/en\/wp-json\/wp\/v2\/comments?post=1660"}],"wp:featuredmedia":[{"embeddable":true,"href":"https:\/\/matchamoya.cz\/en\/wp-json\/wp\/v2\/media\/1662"}],"wp:attachment":[{"href":"https:\/\/matchamoya.cz\/en\/wp-json\/wp\/v2\/media?parent=1660"}],"wp:term":[{"taxonomy":"product_cat","embeddable":true,"href":"https:\/\/matchamoya.cz\/en\/wp-json\/wp\/v2\/product_cat?post=1660"},{"taxonomy":"product_tag","embeddable":true,"href":"https:\/\/matchamoya.cz\/en\/wp-json\/wp\/v2\/product_tag?post=1660"}],"curies":[{"name":"wp","href":"https:\/\/api.w.org\/{rel}","templated":true}]}}