{"id":1695,"date":"2022-09-28T18:19:27","date_gmt":"2022-09-28T18:19:27","guid":{"rendered":"https:\/\/matchamoya.cz\/?post_type=product&#038;p=1695"},"modified":"2025-09-16T04:26:57","modified_gmt":"2025-09-16T04:26:57","slug":"sedy-japonsky-keramicky-hrnek-na-piti-caje-maru-chan","status":"publish","type":"product","link":"https:\/\/matchamoya.cz\/en\/shop\/originalni-cajove-prislusenstvi\/sedy-japonsky-keramicky-hrnek-na-piti-caje-maru-chan\/","title":{"rendered":"\u0160ed\u00fd japonsk\u00fd keramick\u00fd hrnek na pit\u00ed \u010daje MARU-CHAN"},"content":{"rendered":"<h1>\u0160ed\u00fd japonsk\u00fd keramick\u00fd hrnek na pit\u00ed \u010daje MARU-CHAN<\/h1>\n<p><strong>\u0160ed\u00fd japonsk\u00fd keramick\u00fd hrnek na pit\u00ed \u010daje MARU-CHAN<\/strong> je unik\u00e1tn\u00ed n\u00e1doba ur\u010den\u00e1 ke konzumaci zelen\u00e9ho \u010daje, tradi\u010dn\u011b pou\u017e\u00edvan\u00e1 pro japonsk\u00fd \u010dajov\u00fd ob\u0159ad. Hrnek je vyroben\u00fd z jemn\u00e9 hl\u00edny, ale je sou\u010dasn\u011b odoln\u00fd proti po\u0161kozen\u00ed procesem keramick\u00e9ho v\u00fdpalu p\u0159i teplot\u011b 1150\u00b0C, ohrom\u00ed jak svou n\u00edzkou hmotnost\u00ed, tak odolnost\u00ed. Smalt, kter\u00fdm je hrnek Maru -kun glazov\u00e1n, m\u00e1 neuv\u011b\u0159iteln\u011b hlubokou, magnetizuj\u00edc\u00ed fialovou barvu, kter\u00e1 p\u0159ipom\u00edn\u00e1 poklidnou hv\u011bzdnou no\u010dn\u00ed oblohu. Forma kousku okouzl\u00ed jednoduchost\u00ed a funk\u010dnost\u00ed.<\/p>\n<p>N\u00e1doba vznikla jako v\u00fdsledek spolupr\u00e1ce Moyi se studiem Baobab \u2013 keramickou d\u00edlnou, kterou p\u0159ed v\u00edce ne\u017e 10 lety zalo\u017eili Natalia a Olaf. Man\u017eel\u00e9 si zamilovali sv\u011bt keramiky, co\u017e je vedlo k zalo\u017een\u00ed vlastn\u00edho ateli\u00e9ru na polsk\u00e9m venkov\u011b. Ke keramice p\u0159istupuj\u00ed nejen jako ke zp\u016fsobu \u017eivota, ale tak\u00e9 jako ke sv\u00e9 nejv\u011bt\u0161\u00ed v\u00e1\u0161ni \u2013 co\u017e pozn\u00e1te podle pozornosti a \u00fasil\u00ed vlo\u017een\u00e9 do tvorby ka\u017ed\u00e9ho jejich jedine\u010dn\u00e9ho kousku.<\/p>\n<p><strong>Ru\u010dn\u011b vyroben\u00fd keramick\u00fd hrnek Maru-Chan.<\/strong><br \/>\n<strong>OBJEM:<\/strong> 200 ml<br \/>\n<strong>V\u00dd\u0160KA:<\/strong> 8,5 cm<br \/>\n<strong>PR\u016eM\u011aR:<\/strong> 7 cm<br \/>\nVzhledem k tomu, \u017ee se jedn\u00e1 o ru\u010dn\u011b vyr\u00e1b\u011bn\u00fd v\u00fdrobek, rozm\u011bry se mohou m\u00edrn\u011b li\u0161it.<br \/>\n<strong>Vhodn\u00e9 do my\u010dky.<\/strong><\/p>\n<p>&nbsp;<\/p>\n<p><img loading=\"lazy\" decoding=\"async\" class=\"alignnone size-medium wp-image-1696\" src=\"https:\/\/matchamoya.cz\/wp-content\/uploads\/2022\/09\/maru-chan-rucne-vyrabeny-hrnek-na-piti-caje-400x400.jpg\" alt=\"japonsky-rucne-vyrabeny-hrnek-maru-chan\" width=\"400\" height=\"400\" srcset=\"https:\/\/matchamoya.cz\/wp-content\/uploads\/2022\/09\/maru-chan-rucne-vyrabeny-hrnek-na-piti-caje-400x400.jpg 400w, https:\/\/matchamoya.cz\/wp-content\/uploads\/2022\/09\/maru-chan-rucne-vyrabeny-hrnek-na-piti-caje-280x280.jpg 280w, https:\/\/matchamoya.cz\/wp-content\/uploads\/2022\/09\/maru-chan-rucne-vyrabeny-hrnek-na-piti-caje-768x768.jpg 768w, https:\/\/matchamoya.cz\/wp-content\/uploads\/2022\/09\/maru-chan-rucne-vyrabeny-hrnek-na-piti-caje-12x12.jpg 12w, https:\/\/matchamoya.cz\/wp-content\/uploads\/2022\/09\/maru-chan-rucne-vyrabeny-hrnek-na-piti-caje-300x300.jpg 300w, https:\/\/matchamoya.cz\/wp-content\/uploads\/2022\/09\/maru-chan-rucne-vyrabeny-hrnek-na-piti-caje-600x600.jpg 600w, https:\/\/matchamoya.cz\/wp-content\/uploads\/2022\/09\/maru-chan-rucne-vyrabeny-hrnek-na-piti-caje-100x100.jpg 100w, https:\/\/matchamoya.cz\/wp-content\/uploads\/2022\/09\/maru-chan-rucne-vyrabeny-hrnek-na-piti-caje.jpg 800w\" sizes=\"(max-width: 400px) 100vw, 400px\" \/><img loading=\"lazy\" decoding=\"async\" class=\"alignnone size-medium wp-image-1697\" src=\"https:\/\/matchamoya.cz\/wp-content\/uploads\/2022\/09\/Moya-Maru-chan-rucne-vyrabeny-japonsky-hrnek-400x400.png\" alt=\"rucne-vyrabeny-keramicky-hrnek-sedy\" width=\"400\" height=\"400\" srcset=\"https:\/\/matchamoya.cz\/wp-content\/uploads\/2022\/09\/Moya-Maru-chan-rucne-vyrabeny-japonsky-hrnek-400x400.png 400w, https:\/\/matchamoya.cz\/wp-content\/uploads\/2022\/09\/Moya-Maru-chan-rucne-vyrabeny-japonsky-hrnek-800x800.png 800w, https:\/\/matchamoya.cz\/wp-content\/uploads\/2022\/09\/Moya-Maru-chan-rucne-vyrabeny-japonsky-hrnek-280x280.png 280w, https:\/\/matchamoya.cz\/wp-content\/uploads\/2022\/09\/Moya-Maru-chan-rucne-vyrabeny-japonsky-hrnek-768x768.png 768w, https:\/\/matchamoya.cz\/wp-content\/uploads\/2022\/09\/Moya-Maru-chan-rucne-vyrabeny-japonsky-hrnek-12x12.png 12w, https:\/\/matchamoya.cz\/wp-content\/uploads\/2022\/09\/Moya-Maru-chan-rucne-vyrabeny-japonsky-hrnek-300x300.png 300w, https:\/\/matchamoya.cz\/wp-content\/uploads\/2022\/09\/Moya-Maru-chan-rucne-vyrabeny-japonsky-hrnek-600x600.png 600w, https:\/\/matchamoya.cz\/wp-content\/uploads\/2022\/09\/Moya-Maru-chan-rucne-vyrabeny-japonsky-hrnek-100x100.png 100w, https:\/\/matchamoya.cz\/wp-content\/uploads\/2022\/09\/Moya-Maru-chan-rucne-vyrabeny-japonsky-hrnek.png 1000w\" sizes=\"(max-width: 400px) 100vw, 400px\" \/><\/p>","protected":false},"excerpt":{"rendered":"<p><strong>Ru\u010dn\u011b vyroben\u00fd keramick\u00fd hrnek Maru-Chan.<\/strong><br \/>\n<strong>OBJEM:<\/strong> 200 ml<br \/>\n<strong>V\u00dd\u0160KA:<\/strong> 8,5 cm<br \/>\n<strong>PR\u016eM\u011aR:<\/strong> 7 cm<br \/>\nVzhledem k tomu, \u017ee se jedn\u00e1 o ru\u010dn\u011b vyr\u00e1b\u011bn\u00fd v\u00fdrobek, rozm\u011bry se mohou m\u00edrn\u011b li\u0161it.<br \/>\n<strong>Vhodn\u00e9 do my\u010dky.<\/strong><\/p>\n<p>Hrnek Kasai je ur\u010den k pit\u00ed listov\u00e9ho \u010daje, ale lze jej pou\u017e\u00edt i na jin\u00e9 tepl\u00e9 nebo studen\u00e9 n\u00e1poje.<\/p>","protected":false},"featured_media":1696,"comment_status":"open","ping_status":"closed","template":"","meta":[],"product_cat":[70],"product_tag":[],"class_list":{"0":"post-1695","1":"product","2":"type-product","3":"status-publish","4":"has-post-thumbnail","6":"product_cat-originalni-cajove-prislusenstvi","7":"product_shipping_class-dobra-dodani","9":"first","10":"instock","11":"taxable","12":"shipping-taxable","13":"purchasable","14":"product-type-simple"},"yoast_head":"<!-- This site is optimized with the Yoast SEO plugin v23.4 - https:\/\/yoast.com\/wordpress\/plugins\/seo\/ -->\n<title>\u0160ed\u00fd japonsk\u00fd keramick\u00fd hrnek na pit\u00ed \u010daje MARU-CHAN | Matcha Moya<\/title>\n<meta name=\"description\" content=\"\u0160ed\u00fd japonsk\u00fd keramick\u00fd hrnek na pit\u00ed \u010daje MARU-CHAN je ru\u010dn\u011b vyroben\u00fd z kameninov\u00e9 hl\u00edny. Tvarovan\u00fd podle stalet\u00e9 japonsk\u00e9 tradice z Kj\u00f3ta.\" \/>\n<meta name=\"robots\" content=\"index, follow, max-snippet:-1, max-image-preview:large, max-video-preview:-1\" \/>\n<link rel=\"canonical\" href=\"https:\/\/matchamoya.cz\/en\/shop\/originalni-cajove-prislusenstvi\/sedy-japonsky-keramicky-hrnek-na-piti-caje-maru-chan\/\" \/>\n<meta property=\"og:locale\" content=\"en_US\" \/>\n<meta property=\"og:type\" content=\"article\" \/>\n<meta property=\"og:title\" content=\"\u0160ed\u00fd japonsk\u00fd keramick\u00fd hrnek na pit\u00ed \u010daje MARU-CHAN | Matcha Moya\" \/>\n<meta property=\"og:description\" content=\"\u0160ed\u00fd japonsk\u00fd keramick\u00fd hrnek na pit\u00ed \u010daje MARU-CHAN je ru\u010dn\u011b vyroben\u00fd z kameninov\u00e9 hl\u00edny. Tvarovan\u00fd podle stalet\u00e9 japonsk\u00e9 tradice z Kj\u00f3ta.\" \/>\n<meta property=\"og:url\" content=\"https:\/\/matchamoya.cz\/en\/shop\/originalni-cajove-prislusenstvi\/sedy-japonsky-keramicky-hrnek-na-piti-caje-maru-chan\/\" \/>\n<meta property=\"og:site_name\" content=\"Matcha Moya\" \/>\n<meta property=\"article:modified_time\" content=\"2025-09-16T04:26:57+00:00\" \/>\n<meta property=\"og:image\" content=\"https:\/\/matchamoya.cz\/wp-content\/uploads\/2022\/09\/maru-chan-rucne-vyrabeny-hrnek-na-piti-caje.jpg\" \/>\n\t<meta property=\"og:image:width\" content=\"800\" \/>\n\t<meta property=\"og:image:height\" content=\"800\" \/>\n\t<meta property=\"og:image:type\" content=\"image\/jpeg\" \/>\n<meta name=\"twitter:card\" content=\"summary_large_image\" \/>\n<meta name=\"twitter:label1\" content=\"Est. reading time\" \/>\n\t<meta name=\"twitter:data1\" content=\"2 minutes\" \/>\n<!-- \/ Yoast SEO plugin. -->","yoast_head_json":{"title":"\u0160ed\u00fd japonsk\u00fd keramick\u00fd hrnek na pit\u00ed \u010daje MARU-CHAN | Matcha Moya","description":"\u0160ed\u00fd japonsk\u00fd keramick\u00fd hrnek na pit\u00ed \u010daje MARU-CHAN je ru\u010dn\u011b vyroben\u00fd z kameninov\u00e9 hl\u00edny. Tvarovan\u00fd podle stalet\u00e9 japonsk\u00e9 tradice z Kj\u00f3ta.","robots":{"index":"index","follow":"follow","max-snippet":"max-snippet:-1","max-image-preview":"max-image-preview:large","max-video-preview":"max-video-preview:-1"},"canonical":"https:\/\/matchamoya.cz\/en\/shop\/originalni-cajove-prislusenstvi\/sedy-japonsky-keramicky-hrnek-na-piti-caje-maru-chan\/","og_locale":"en_US","og_type":"article","og_title":"\u0160ed\u00fd japonsk\u00fd keramick\u00fd hrnek na pit\u00ed \u010daje MARU-CHAN | Matcha Moya","og_description":"\u0160ed\u00fd japonsk\u00fd keramick\u00fd hrnek na pit\u00ed \u010daje MARU-CHAN je ru\u010dn\u011b vyroben\u00fd z kameninov\u00e9 hl\u00edny. Tvarovan\u00fd podle stalet\u00e9 japonsk\u00e9 tradice z Kj\u00f3ta.","og_url":"https:\/\/matchamoya.cz\/en\/shop\/originalni-cajove-prislusenstvi\/sedy-japonsky-keramicky-hrnek-na-piti-caje-maru-chan\/","og_site_name":"Matcha Moya","article_modified_time":"2025-09-16T04:26:57+00:00","og_image":[{"width":800,"height":800,"url":"https:\/\/matchamoya.cz\/wp-content\/uploads\/2022\/09\/maru-chan-rucne-vyrabeny-hrnek-na-piti-caje.jpg","type":"image\/jpeg"}],"twitter_card":"summary_large_image","twitter_misc":{"Est. reading time":"2 minutes"},"schema":{"@context":"https:\/\/schema.org","@graph":[{"@type":"WebPage","@id":"https:\/\/matchamoya.cz\/en\/shop\/originalni-cajove-prislusenstvi\/sedy-japonsky-keramicky-hrnek-na-piti-caje-maru-chan\/","url":"https:\/\/matchamoya.cz\/en\/shop\/originalni-cajove-prislusenstvi\/sedy-japonsky-keramicky-hrnek-na-piti-caje-maru-chan\/","name":"\u0160ed\u00fd japonsk\u00fd keramick\u00fd hrnek na pit\u00ed \u010daje MARU-CHAN | Matcha Moya","isPartOf":{"@id":"https:\/\/matchamoya.cz\/en\/#website"},"primaryImageOfPage":{"@id":"https:\/\/matchamoya.cz\/en\/shop\/originalni-cajove-prislusenstvi\/sedy-japonsky-keramicky-hrnek-na-piti-caje-maru-chan\/#primaryimage"},"image":{"@id":"https:\/\/matchamoya.cz\/en\/shop\/originalni-cajove-prislusenstvi\/sedy-japonsky-keramicky-hrnek-na-piti-caje-maru-chan\/#primaryimage"},"thumbnailUrl":"https:\/\/matchamoya.cz\/wp-content\/uploads\/2022\/09\/maru-chan-rucne-vyrabeny-hrnek-na-piti-caje.jpg","datePublished":"2022-09-28T18:19:27+00:00","dateModified":"2025-09-16T04:26:57+00:00","description":"\u0160ed\u00fd japonsk\u00fd keramick\u00fd hrnek na pit\u00ed \u010daje MARU-CHAN je ru\u010dn\u011b vyroben\u00fd z kameninov\u00e9 hl\u00edny. Tvarovan\u00fd podle stalet\u00e9 japonsk\u00e9 tradice z Kj\u00f3ta.","breadcrumb":{"@id":"https:\/\/matchamoya.cz\/en\/shop\/originalni-cajove-prislusenstvi\/sedy-japonsky-keramicky-hrnek-na-piti-caje-maru-chan\/#breadcrumb"},"inLanguage":"en-US","potentialAction":[{"@type":"ReadAction","target":["https:\/\/matchamoya.cz\/en\/shop\/originalni-cajove-prislusenstvi\/sedy-japonsky-keramicky-hrnek-na-piti-caje-maru-chan\/"]}]},{"@type":"ImageObject","inLanguage":"en-US","@id":"https:\/\/matchamoya.cz\/en\/shop\/originalni-cajove-prislusenstvi\/sedy-japonsky-keramicky-hrnek-na-piti-caje-maru-chan\/#primaryimage","url":"https:\/\/matchamoya.cz\/wp-content\/uploads\/2022\/09\/maru-chan-rucne-vyrabeny-hrnek-na-piti-caje.jpg","contentUrl":"https:\/\/matchamoya.cz\/wp-content\/uploads\/2022\/09\/maru-chan-rucne-vyrabeny-hrnek-na-piti-caje.jpg","width":800,"height":800,"caption":"japonsky-rucne-vyrabeny-hrnek-maru-chan"},{"@type":"BreadcrumbList","@id":"https:\/\/matchamoya.cz\/en\/shop\/originalni-cajove-prislusenstvi\/sedy-japonsky-keramicky-hrnek-na-piti-caje-maru-chan\/#breadcrumb","itemListElement":[{"@type":"ListItem","position":1,"name":"Dom\u016f","item":"https:\/\/matchamoya.cz\/"},{"@type":"ListItem","position":2,"name":"E-SHOP","item":"https:\/\/matchamoya.cz\/shop\/"},{"@type":"ListItem","position":3,"name":"\u0160ed\u00fd japonsk\u00fd keramick\u00fd hrnek na pit\u00ed \u010daje MARU-CHAN"}]},{"@type":"WebSite","@id":"https:\/\/matchamoya.cz\/en\/#website","url":"https:\/\/matchamoya.cz\/en\/","name":"Matcha Moya","description":"Matcha Moya","publisher":{"@id":"https:\/\/matchamoya.cz\/en\/#organization"},"potentialAction":[{"@type":"SearchAction","target":{"@type":"EntryPoint","urlTemplate":"https:\/\/matchamoya.cz\/en\/?s={search_term_string}"},"query-input":{"@type":"PropertyValueSpecification","valueRequired":true,"valueName":"search_term_string"}}],"inLanguage":"en-US"},{"@type":"Organization","@id":"https:\/\/matchamoya.cz\/en\/#organization","name":"Moya Matcha","url":"https:\/\/matchamoya.cz\/en\/","logo":{"@type":"ImageObject","inLanguage":"en-US","@id":"https:\/\/matchamoya.cz\/en\/#\/schema\/logo\/image\/","url":"https:\/\/matchamoya.cz\/wp-content\/uploads\/2020\/03\/MOYA_Logo_Green-Black_02.png","contentUrl":"https:\/\/matchamoya.cz\/wp-content\/uploads\/2020\/03\/MOYA_Logo_Green-Black_02.png","width":313,"height":310,"caption":"Moya Matcha"},"image":{"@id":"https:\/\/matchamoya.cz\/en\/#\/schema\/logo\/image\/"}}]}},"_links":{"self":[{"href":"https:\/\/matchamoya.cz\/en\/wp-json\/wp\/v2\/product\/1695"}],"collection":[{"href":"https:\/\/matchamoya.cz\/en\/wp-json\/wp\/v2\/product"}],"about":[{"href":"https:\/\/matchamoya.cz\/en\/wp-json\/wp\/v2\/types\/product"}],"replies":[{"embeddable":true,"href":"https:\/\/matchamoya.cz\/en\/wp-json\/wp\/v2\/comments?post=1695"}],"wp:featuredmedia":[{"embeddable":true,"href":"https:\/\/matchamoya.cz\/en\/wp-json\/wp\/v2\/media\/1696"}],"wp:attachment":[{"href":"https:\/\/matchamoya.cz\/en\/wp-json\/wp\/v2\/media?parent=1695"}],"wp:term":[{"taxonomy":"product_cat","embeddable":true,"href":"https:\/\/matchamoya.cz\/en\/wp-json\/wp\/v2\/product_cat?post=1695"},{"taxonomy":"product_tag","embeddable":true,"href":"https:\/\/matchamoya.cz\/en\/wp-json\/wp\/v2\/product_tag?post=1695"}],"curies":[{"name":"wp","href":"https:\/\/api.w.org\/{rel}","templated":true}]}}