{"id":1698,"date":"2022-09-28T18:27:01","date_gmt":"2022-09-28T18:27:01","guid":{"rendered":"https:\/\/matchamoya.cz\/?post_type=product&#038;p=1698"},"modified":"2026-02-18T15:27:31","modified_gmt":"2026-02-18T15:27:31","slug":"chawan-kusama-designova-japonska-miska-na-piti-matcha-caje-moya","status":"publish","type":"product","link":"https:\/\/matchamoya.cz\/en\/shop\/originalni-cajove-prislusenstvi\/chawan-kusama-designova-japonska-miska-na-piti-matcha-caje-moya\/","title":{"rendered":"Chawan KUSAMA \u2013 Designov\u00e1 barevn\u00e1 japonsk\u00e1 miska na pit\u00ed matcha \u010daje Moya"},"content":{"rendered":"<h1>Chawan KUSAMA \u2013 Designov\u00e1 barevn\u00e1 japonsk\u00e1 miska na pit\u00ed matcha \u010daje Moya<\/h1>\n<div><strong>Chawan KUSAMA<\/strong>\u00a0je ur\u010den k pit\u00ed matcha \u010daje a je <strong>vyroben z porcel\u00e1nu nejvy\u0161\u0161\u00ed kvality<\/strong>. Kusama Matchawan je unik\u00e1tn\u00ed miska na pit\u00ed matchy, kter\u00e1 pout\u00e1 pozornost sv\u00fdm netradi\u010dn\u00edm vzhledem. Jej\u00ed design s nepravideln\u00fdmi barevn\u00fdmi te\u010dkami evokuje d\u00edlo japonsk\u00e9 vizu\u00e1ln\u00ed um\u011blkyn\u011b Yayoi Kusamy. D\u00edky \u010dast\u00e9mu pou\u017e\u00edv\u00e1n\u00ed motivu te\u010dek je Kusama \u010dasto naz\u00fdv\u00e1na \u201eprinceznou punt\u00edk\u016f\u201c. Miska Kusama zaujme milovn\u00edky um\u011bn\u00ed a designu a ty, kte\u0159\u00ed se stejn\u011b jako tento matchawan r\u00e1di odli\u0161uj\u00ed.. Vysok\u00e9 st\u011bny n\u00e1doby a jej\u00ed \u0161irok\u00e9 dno nav\u00edc usnad\u0148uj\u00ed proces m\u00edch\u00e1n\u00ed matchy s vodou a napom\u00e1haj\u00ed k rychl\u00e9mu z\u00edsk\u00e1n\u00ed nad\u00fdchan\u00e9 p\u011bny na povrchu. Toho lze dos\u00e1hnout pou\u017eit\u00edm <a href=\"https:\/\/matchamoya.cz\/originalni-cajove-prislusenstvi\/chasen-tradicni-bambusova-metlicka-na-michani-matcha-caje\/\">chasenu (bambusov\u00e9 metli\u010dky)<\/a> nebo nap\u011b\u0148ova\u010de ml\u00e9ka.<\/div>\n<div><\/div>\n<div><strong>Chawan KUSAMA<\/strong> byl navr\u017een a vytvo\u0159en studiem Quiet Form \u2013 keramick\u00fdm studiem se s\u00eddlem v Kyjev\u011b, specializuj\u00edc\u00edm se na porcel\u00e1nov\u00e9 v\u00fdrobky nejvy\u0161\u0161\u00ed kvality. Quiet Form byla zalo\u017eena v roce 2006 n\u011bkolika talentovan\u00fdmi um\u011blci \u2013 Taniou a Alexem, oddan\u00fdmi milovn\u00edky sv\u016fdn\u00fdch tvar\u016f a p\u0159\u00edrodn\u00edch barev. Porcel\u00e1n z Ukrajiny a certifikovan\u00fd smalt, kter\u00fd pou\u017e\u00edvaj\u00ed v r\u00e1mci sv\u00fdch n\u00e1vrh\u016f, vypaluj\u00ed v tradi\u010dn\u00edch japonsk\u00fdch kamnech p\u0159i teplot\u011b p\u0159esahuj\u00edc\u00ed 1260 \u00b0C, co\u017e zaru\u010duje jejich kousk\u016fm velkou odolnost. Ka\u017ed\u00fd matchawan je vyroben ru\u010dn\u011b, d\u00edky \u010demu\u017e je ka\u017ed\u00e9 d\u00edlo nenapodobiteln\u00e9.<\/div>\n<p>Nezapome\u0148te pou\u017e\u00edt vodu s teplotou nep\u0159esahuj\u00edc\u00ed 80 \u00b0 C, abyste zachovali v\u0161echny vlastnosti matcha.<\/p>\n<p><strong>Tradi\u010dn\u00ed miska na p\u0159\u00edpravu a pit\u00ed \u010daje matcha.<\/strong><br \/>\n<strong>OBJEM:<\/strong> 400ml<br \/>\n<strong>V\u00dd\u0160KA:<\/strong> 7,5 cm<br \/>\n<strong>PR\u016eM\u011aR:<\/strong> 10 cm<br \/>\nVzhledem k tomu, \u017ee se jedn\u00e1 o ru\u010dn\u011b vyr\u00e1b\u011bn\u00fd v\u00fdrobek, rozm\u011bry se mohou m\u00edrn\u011b li\u0161it.<\/p>\n<p><strong>Vhodn\u00e9 do my\u010dky.<\/strong><\/p>","protected":false},"excerpt":{"rendered":"<p><strong>Chawan KUSAMA<\/strong>\u00a0je ur\u010den k pit\u00ed matcha \u010daje a je <strong>vyroben z porcel\u00e1nu nejvy\u0161\u0161\u00ed kvality<\/strong>. Kusama Matchawan je unik\u00e1tn\u00ed miska na pit\u00ed matchy, kter\u00e1 pout\u00e1 pozornost sv\u00fdm netradi\u010dn\u00edm vzhledem. Jej\u00ed design s nepravideln\u00fdmi barevn\u00fdmi te\u010dkami evokuje d\u00edlo japonsk\u00e9 vizu\u00e1ln\u00ed um\u011blkyn\u011b Yayoi Kusamy. D\u00edky \u010dast\u00e9mu pou\u017e\u00edv\u00e1n\u00ed motivu te\u010dek je Kusama \u010dasto naz\u00fdv\u00e1na \u201eprinceznou punt\u00edk\u016f\u201c. Miska Kusama zaujme milovn\u00edky um\u011bn\u00ed a designu a ty, kte\u0159\u00ed se stejn\u011b jako tento matchawan r\u00e1di odli\u0161uj\u00ed.. Vysok\u00e9 st\u011bny n\u00e1doby a jej\u00ed \u0161irok\u00e9 dno nav\u00edc usnad\u0148uj\u00ed proces m\u00edch\u00e1n\u00ed matchy s vodou a napom\u00e1haj\u00ed k rychl\u00e9mu z\u00edsk\u00e1n\u00ed nad\u00fdchan\u00e9 p\u011bny na povrchu. Toho lze dos\u00e1hnout pou\u017eit\u00edm <a href=\"https:\/\/matchamoya.cz\/originalni-cajove-prislusenstvi\/chasen-tradicni-bambusova-metlicka-na-michani-matcha-caje\/\">chasenu (bambusov\u00e9 metli\u010dky)<\/a> nebo nap\u011b\u0148ova\u010de ml\u00e9ka.<\/p>\n<p><strong>Tradi\u010dn\u00ed miska na p\u0159\u00edpravu a pit\u00ed \u010daje matcha.<\/strong><br \/>\n<strong>OBJEM:<\/strong> 400ml<br \/>\n<strong>V\u00dd\u0160KA:<\/strong> 7,5 cm<br \/>\n<strong>PR\u016eM\u011aR:<\/strong> 10 cm<br \/>\nVzhledem k tomu, \u017ee se jedn\u00e1 o ru\u010dn\u011b vyr\u00e1b\u011bn\u00fd v\u00fdrobek, rozm\u011bry se mohou m\u00edrn\u011b li\u0161it.<\/p>\n<p><strong>Vhodn\u00e9 do my\u010dky.<\/strong><\/p>","protected":false},"featured_media":4831,"comment_status":"open","ping_status":"closed","template":"","meta":[],"product_cat":[70],"product_tag":[],"class_list":{"0":"post-1698","1":"product","2":"type-product","3":"status-publish","4":"has-post-thumbnail","6":"product_cat-originalni-cajove-prislusenstvi","7":"product_shipping_class-dobra-dodani","9":"first","10":"instock","11":"taxable","12":"shipping-taxable","13":"purchasable","14":"product-type-simple"},"yoast_head":"<!-- This site is optimized with the Yoast SEO plugin v23.4 - https:\/\/yoast.com\/wordpress\/plugins\/seo\/ -->\n<title>Chawan FUKUNAMI \u2013 Porcel\u00e1nov\u00e1 japonsk\u00e1 miska | Matcha Moya<\/title>\n<meta name=\"description\" content=\"Chawan FUKUNAMI je ur\u010den k pit\u00ed matcha \u010daje a je vyroben z porcel\u00e1nu nejvy\u0161\u0161\u00ed kvality. Tvarovan\u00e1 podle stalet\u00e9 japonsk\u00e9 tradice z Kj\u00f3ta.\" \/>\n<meta name=\"robots\" content=\"index, follow, max-snippet:-1, max-image-preview:large, max-video-preview:-1\" \/>\n<link rel=\"canonical\" href=\"https:\/\/matchamoya.cz\/en\/shop\/originalni-cajove-prislusenstvi\/chawan-kusama-designova-japonska-miska-na-piti-matcha-caje-moya\/\" \/>\n<meta property=\"og:locale\" content=\"en_US\" \/>\n<meta property=\"og:type\" content=\"article\" \/>\n<meta property=\"og:title\" content=\"Chawan FUKUNAMI \u2013 Porcel\u00e1nov\u00e1 japonsk\u00e1 miska | Matcha Moya\" \/>\n<meta property=\"og:description\" content=\"Chawan FUKUNAMI je ur\u010den k pit\u00ed matcha \u010daje a je vyroben z porcel\u00e1nu nejvy\u0161\u0161\u00ed kvality. Tvarovan\u00e1 podle stalet\u00e9 japonsk\u00e9 tradice z Kj\u00f3ta.\" \/>\n<meta property=\"og:url\" content=\"https:\/\/matchamoya.cz\/en\/shop\/originalni-cajove-prislusenstvi\/chawan-kusama-designova-japonska-miska-na-piti-matcha-caje-moya\/\" \/>\n<meta property=\"og:site_name\" content=\"Matcha Moya\" \/>\n<meta property=\"article:modified_time\" content=\"2026-02-18T15:27:31+00:00\" \/>\n<meta property=\"og:image\" content=\"https:\/\/matchamoya.cz\/wp-content\/uploads\/2022\/09\/Moya-Matcha-Matchawan-Fukunami-2-2-600x600-1.jpg\" \/>\n\t<meta property=\"og:image:width\" content=\"600\" \/>\n\t<meta property=\"og:image:height\" content=\"600\" \/>\n\t<meta property=\"og:image:type\" content=\"image\/jpeg\" \/>\n<meta name=\"twitter:card\" content=\"summary_large_image\" \/>\n<meta name=\"twitter:label1\" content=\"Est. reading time\" \/>\n\t<meta name=\"twitter:data1\" content=\"2 minutes\" \/>\n<!-- \/ Yoast SEO plugin. -->","yoast_head_json":{"title":"Chawan FUKUNAMI \u2013 Porcel\u00e1nov\u00e1 japonsk\u00e1 miska | Matcha Moya","description":"Chawan FUKUNAMI je ur\u010den k pit\u00ed matcha \u010daje a je vyroben z porcel\u00e1nu nejvy\u0161\u0161\u00ed kvality. Tvarovan\u00e1 podle stalet\u00e9 japonsk\u00e9 tradice z Kj\u00f3ta.","robots":{"index":"index","follow":"follow","max-snippet":"max-snippet:-1","max-image-preview":"max-image-preview:large","max-video-preview":"max-video-preview:-1"},"canonical":"https:\/\/matchamoya.cz\/en\/shop\/originalni-cajove-prislusenstvi\/chawan-kusama-designova-japonska-miska-na-piti-matcha-caje-moya\/","og_locale":"en_US","og_type":"article","og_title":"Chawan FUKUNAMI \u2013 Porcel\u00e1nov\u00e1 japonsk\u00e1 miska | Matcha Moya","og_description":"Chawan FUKUNAMI je ur\u010den k pit\u00ed matcha \u010daje a je vyroben z porcel\u00e1nu nejvy\u0161\u0161\u00ed kvality. Tvarovan\u00e1 podle stalet\u00e9 japonsk\u00e9 tradice z Kj\u00f3ta.","og_url":"https:\/\/matchamoya.cz\/en\/shop\/originalni-cajove-prislusenstvi\/chawan-kusama-designova-japonska-miska-na-piti-matcha-caje-moya\/","og_site_name":"Matcha Moya","article_modified_time":"2026-02-18T15:27:31+00:00","og_image":[{"width":600,"height":600,"url":"https:\/\/matchamoya.cz\/wp-content\/uploads\/2022\/09\/Moya-Matcha-Matchawan-Fukunami-2-2-600x600-1.jpg","type":"image\/jpeg"}],"twitter_card":"summary_large_image","twitter_misc":{"Est. reading time":"2 minutes"},"schema":{"@context":"https:\/\/schema.org","@graph":[{"@type":"WebPage","@id":"https:\/\/matchamoya.cz\/en\/shop\/originalni-cajove-prislusenstvi\/chawan-kusama-designova-japonska-miska-na-piti-matcha-caje-moya\/","url":"https:\/\/matchamoya.cz\/en\/shop\/originalni-cajove-prislusenstvi\/chawan-kusama-designova-japonska-miska-na-piti-matcha-caje-moya\/","name":"Chawan FUKUNAMI \u2013 Porcel\u00e1nov\u00e1 japonsk\u00e1 miska | Matcha Moya","isPartOf":{"@id":"https:\/\/matchamoya.cz\/en\/#website"},"primaryImageOfPage":{"@id":"https:\/\/matchamoya.cz\/en\/shop\/originalni-cajove-prislusenstvi\/chawan-kusama-designova-japonska-miska-na-piti-matcha-caje-moya\/#primaryimage"},"image":{"@id":"https:\/\/matchamoya.cz\/en\/shop\/originalni-cajove-prislusenstvi\/chawan-kusama-designova-japonska-miska-na-piti-matcha-caje-moya\/#primaryimage"},"thumbnailUrl":"https:\/\/matchamoya.cz\/wp-content\/uploads\/2022\/09\/matchawan-kusama-designova-miska-na-matcha-caj.jpg","datePublished":"2022-09-28T18:27:01+00:00","dateModified":"2026-02-18T15:27:31+00:00","description":"Chawan FUKUNAMI je ur\u010den k pit\u00ed matcha \u010daje a je vyroben z porcel\u00e1nu nejvy\u0161\u0161\u00ed kvality. Tvarovan\u00e1 podle stalet\u00e9 japonsk\u00e9 tradice z Kj\u00f3ta.","breadcrumb":{"@id":"https:\/\/matchamoya.cz\/en\/shop\/originalni-cajove-prislusenstvi\/chawan-kusama-designova-japonska-miska-na-piti-matcha-caje-moya\/#breadcrumb"},"inLanguage":"en-US","potentialAction":[{"@type":"ReadAction","target":["https:\/\/matchamoya.cz\/en\/shop\/originalni-cajove-prislusenstvi\/chawan-kusama-designova-japonska-miska-na-piti-matcha-caje-moya\/"]}]},{"@type":"ImageObject","inLanguage":"en-US","@id":"https:\/\/matchamoya.cz\/en\/shop\/originalni-cajove-prislusenstvi\/chawan-kusama-designova-japonska-miska-na-piti-matcha-caje-moya\/#primaryimage","url":"https:\/\/matchamoya.cz\/wp-content\/uploads\/2022\/09\/matchawan-kusama-designova-miska-na-matcha-caj.jpg","contentUrl":"https:\/\/matchamoya.cz\/wp-content\/uploads\/2022\/09\/matchawan-kusama-designova-miska-na-matcha-caj.jpg","width":810,"height":1213,"caption":"kusama-designova-miska-na-matcha-caj"},{"@type":"BreadcrumbList","@id":"https:\/\/matchamoya.cz\/en\/shop\/originalni-cajove-prislusenstvi\/chawan-kusama-designova-japonska-miska-na-piti-matcha-caje-moya\/#breadcrumb","itemListElement":[{"@type":"ListItem","position":1,"name":"Dom\u016f","item":"https:\/\/matchamoya.cz\/"},{"@type":"ListItem","position":2,"name":"E-SHOP","item":"https:\/\/matchamoya.cz\/shop\/"},{"@type":"ListItem","position":3,"name":"Chawan FUKUNAMI \u2013 Porcel\u00e1nov\u00e1 japonsk\u00e1 miska na pit\u00ed matcha \u010daje Moya"}]},{"@type":"WebSite","@id":"https:\/\/matchamoya.cz\/en\/#website","url":"https:\/\/matchamoya.cz\/en\/","name":"Matcha Moya","description":"Matcha Moya","publisher":{"@id":"https:\/\/matchamoya.cz\/en\/#organization"},"potentialAction":[{"@type":"SearchAction","target":{"@type":"EntryPoint","urlTemplate":"https:\/\/matchamoya.cz\/en\/?s={search_term_string}"},"query-input":{"@type":"PropertyValueSpecification","valueRequired":true,"valueName":"search_term_string"}}],"inLanguage":"en-US"},{"@type":"Organization","@id":"https:\/\/matchamoya.cz\/en\/#organization","name":"Moya Matcha","url":"https:\/\/matchamoya.cz\/en\/","logo":{"@type":"ImageObject","inLanguage":"en-US","@id":"https:\/\/matchamoya.cz\/en\/#\/schema\/logo\/image\/","url":"https:\/\/matchamoya.cz\/wp-content\/uploads\/2020\/03\/MOYA_Logo_Green-Black_02.png","contentUrl":"https:\/\/matchamoya.cz\/wp-content\/uploads\/2020\/03\/MOYA_Logo_Green-Black_02.png","width":313,"height":310,"caption":"Moya Matcha"},"image":{"@id":"https:\/\/matchamoya.cz\/en\/#\/schema\/logo\/image\/"}}]}},"_links":{"self":[{"href":"https:\/\/matchamoya.cz\/en\/wp-json\/wp\/v2\/product\/1698"}],"collection":[{"href":"https:\/\/matchamoya.cz\/en\/wp-json\/wp\/v2\/product"}],"about":[{"href":"https:\/\/matchamoya.cz\/en\/wp-json\/wp\/v2\/types\/product"}],"replies":[{"embeddable":true,"href":"https:\/\/matchamoya.cz\/en\/wp-json\/wp\/v2\/comments?post=1698"}],"wp:featuredmedia":[{"embeddable":true,"href":"https:\/\/matchamoya.cz\/en\/wp-json\/wp\/v2\/media\/4831"}],"wp:attachment":[{"href":"https:\/\/matchamoya.cz\/en\/wp-json\/wp\/v2\/media?parent=1698"}],"wp:term":[{"taxonomy":"product_cat","embeddable":true,"href":"https:\/\/matchamoya.cz\/en\/wp-json\/wp\/v2\/product_cat?post=1698"},{"taxonomy":"product_tag","embeddable":true,"href":"https:\/\/matchamoya.cz\/en\/wp-json\/wp\/v2\/product_tag?post=1698"}],"curies":[{"name":"wp","href":"https:\/\/api.w.org\/{rel}","templated":true}]}}