{"id":1710,"date":"2022-09-28T18:59:00","date_gmt":"2022-09-28T18:59:00","guid":{"rendered":"https:\/\/matchamoya.cz\/?post_type=product&#038;p=1710"},"modified":"2025-10-17T07:58:00","modified_gmt":"2025-10-17T07:58:00","slug":"japonska-cajova-konvicka-ribu-na-listovy-caj-moya-japan","status":"publish","type":"product","link":"https:\/\/matchamoya.cz\/en\/shop\/originalni-cajove-prislusenstvi\/japonska-cajova-konvicka-ribu-na-listovy-caj-moya-japan\/","title":{"rendered":"Japonsk\u00e1 \u010dajov\u00e1 konvi\u010dka RIBU na listov\u00fd \u010daj &#8211; Moya Japan"},"content":{"rendered":"<h1>Japonsk\u00e1 \u010dajov\u00e1 konvi\u010dka RIBU na listov\u00fd \u010daj &#8211; Moya Japan<\/h1>\n<p><!--more--><\/p>\n<p><strong>Tradi\u010dn\u00ed japonsk\u00e1 konvi\u010dka Ribu na listov\u00fd \u010daj<\/strong> je pokryta jemn\u00fdmi prou\u017eky v kr\u00e1sn\u00fdch odst\u00ednech modr\u00e9. Tento vzor inspiroval n\u00e1zev Ribu, co\u017e v japon\u0161tin\u011b znamen\u00e1 \u201ezebra\u201c. Konvi\u010dka je dopln\u011bna o rukoje\u0165 ve sv\u011btl\u00e9 barv\u011b, d\u00edky kter\u00e9 n\u00e1lev snadno nalijete do v\u00e1mi zvolen\u00e9ho \u0161\u00e1lku. <strong>Kovov\u00e9 s\u00edtko uvnit\u0159 konvi\u010dky odd\u011bluje \u010dajov\u00e9 l\u00edstky od tekutiny.<\/strong> <strong>Konvi\u010dka Ribu byla vyrobena v Japonsku na ostrov\u011b Hon\u0161\u00fa ve m\u011bst\u011b Toki<\/strong>, zn\u00e1m\u00e9m v\u00fdrobou tradi\u010dn\u00ed keramiky Shino. Nejprve se n\u00e1doba vytvaruje formou. Pot\u00e9 se fin\u00e1ln\u00ed tvar a vzory vyr\u00e1b\u00ed ru\u010dn\u011b, proto se \u010dajov\u00e9 konvice mohou od sebe m\u00edrn\u011b li\u0161it.<\/p>\n<p>Konvi\u010dka Ribu je v\u00fdrobek z regionu <strong>Tokoname<\/strong>. Tokoname je jednou ze \u0161esti nejstar\u0161\u00edch tradi\u010dn\u00edch lokalit specializovan\u00fdch na v\u00fdrobu keramiky, kter\u00e1 se nach\u00e1z\u00ed na japonsk\u00e9m poloostrov\u011b Chita.<\/p>\n<p><strong>Tradi\u010dn\u00ed konvi\u010dka na p\u0159\u00edpravu listov\u00e9ho zelen\u00e9ho \u010daje<\/strong><br \/>\n<strong>OBJEM:<\/strong> cca 1000 ml<br \/>\n<strong>V\u00dd\u0160KA:<\/strong> 12 cm (20 cm s rukojet\u00ed)<br \/>\n<strong>\u0160\u00cd\u0158KA:<\/strong> 16 cm<br \/>\n<strong>D\u00c9LKA:<\/strong> 19 cm<br \/>\n<strong>ZEM\u011a P\u016eVODU:<\/strong> Japonsko<br \/>\nNevhodn\u00e9 do my\u010dky n\u00e1dob\u00ed.<\/p>\n<p><img loading=\"lazy\" decoding=\"async\" class=\"alignnone size-medium wp-image-1711\" src=\"https:\/\/matchamoya.cz\/wp-content\/uploads\/2022\/09\/ribu-japonska-tradicni-konvicka-na-caj-400x400.jpg\" alt=\"tradicni-japonska-cajova-konev-rucne-vyrabena\" width=\"400\" height=\"400\" srcset=\"https:\/\/matchamoya.cz\/wp-content\/uploads\/2022\/09\/ribu-japonska-tradicni-konvicka-na-caj-400x400.jpg 400w, https:\/\/matchamoya.cz\/wp-content\/uploads\/2022\/09\/ribu-japonska-tradicni-konvicka-na-caj-800x800.jpg 800w, https:\/\/matchamoya.cz\/wp-content\/uploads\/2022\/09\/ribu-japonska-tradicni-konvicka-na-caj-280x280.jpg 280w, https:\/\/matchamoya.cz\/wp-content\/uploads\/2022\/09\/ribu-japonska-tradicni-konvicka-na-caj-768x768.jpg 768w, https:\/\/matchamoya.cz\/wp-content\/uploads\/2022\/09\/ribu-japonska-tradicni-konvicka-na-caj-12x12.jpg 12w, https:\/\/matchamoya.cz\/wp-content\/uploads\/2022\/09\/ribu-japonska-tradicni-konvicka-na-caj-300x300.jpg 300w, https:\/\/matchamoya.cz\/wp-content\/uploads\/2022\/09\/ribu-japonska-tradicni-konvicka-na-caj-600x600.jpg 600w, https:\/\/matchamoya.cz\/wp-content\/uploads\/2022\/09\/ribu-japonska-tradicni-konvicka-na-caj-100x100.jpg 100w, https:\/\/matchamoya.cz\/wp-content\/uploads\/2022\/09\/ribu-japonska-tradicni-konvicka-na-caj.jpg 1000w\" sizes=\"(max-width: 400px) 100vw, 400px\" \/><\/p>","protected":false},"excerpt":{"rendered":"<p><strong>Tradi\u010dn\u00ed japonsk\u00e1 konvi\u010dka Ribu na listov\u00fd \u010daj<\/strong> je pokryta jemn\u00fdmi prou\u017eky v kr\u00e1sn\u00fdch odst\u00ednech modr\u00e9. Tento vzor inspiroval n\u00e1zev Ribu, co\u017e v japon\u0161tin\u011b znamen\u00e1 \u201ezebra\u201c. Konvi\u010dka je dopln\u011bna o rukoje\u0165 ve sv\u011btl\u00e9 barv\u011b, d\u00edky kter\u00e9 n\u00e1lev snadno nalijete do v\u00e1mi zvolen\u00e9ho \u0161\u00e1lku. <strong>Kovov\u00e9 s\u00edtko uvnit\u0159 konvi\u010dky odd\u011bluje \u010dajov\u00e9 l\u00edstky od tekutiny.<\/strong> <strong>Konvi\u010dka Ribu byla vyrobena v Japonsku na ostrov\u011b Hon\u0161\u00fa ve m\u011bst\u011b Toki<\/strong>, zn\u00e1m\u00e9m v\u00fdrobou tradi\u010dn\u00ed keramiky Shino. Nejprve se n\u00e1doba vytvaruje formou. Pot\u00e9 se fin\u00e1ln\u00ed tvar a vzory vyr\u00e1b\u00ed ru\u010dn\u011b, proto se \u010dajov\u00e9 konvice mohou od sebe m\u00edrn\u011b li\u0161it.<\/p>\n<p>Konvi\u010dka Ribu je v\u00fdrobek z regionu <strong>Tokoname<\/strong>. Tokoname je jednou ze \u0161esti nejstar\u0161\u00edch tradi\u010dn\u00edch lokalit specializovan\u00fdch na v\u00fdrobu keramiky, kter\u00e1 se nach\u00e1z\u00ed na japonsk\u00e9m poloostrov\u011b Chita.<\/p>\n<p><strong>Tradi\u010dn\u00ed konvi\u010dka na p\u0159\u00edpravu listov\u00e9ho zelen\u00e9ho \u010daje<\/strong><br \/>\n<strong>OBJEM:<\/strong> cca 1000 ml<br \/>\n<strong>V\u00dd\u0160KA:<\/strong> 12 cm (20 cm s rukojet\u00ed)<br \/>\n<strong>\u0160\u00cd\u0158KA:<\/strong> 16 cm<br \/>\n<strong>D\u00c9LKA:<\/strong> 19 cm<br \/>\n<strong>ZEM\u011a P\u016eVODU:<\/strong> Japonsko<br \/>\nNevhodn\u00e9 do my\u010dky n\u00e1dob\u00ed.<\/p>","protected":false},"featured_media":1711,"comment_status":"open","ping_status":"closed","template":"","meta":[],"product_cat":[130,70],"product_tag":[],"class_list":{"0":"post-1710","1":"product","2":"type-product","3":"status-publish","4":"has-post-thumbnail","6":"product_cat-akcni-zbozi","7":"product_cat-originalni-cajove-prislusenstvi","8":"product_shipping_class-dobra-dodani","10":"first","11":"instock","12":"sale","13":"taxable","14":"shipping-taxable","15":"purchasable","16":"product-type-simple"},"yoast_head":"<!-- This site is optimized with the Yoast SEO plugin v23.4 - https:\/\/yoast.com\/wordpress\/plugins\/seo\/ -->\n<title>Japonsk\u00e1 \u010dajov\u00e1 konvi\u010dka Ribu na listov\u00fd \u010daj | Matcha Moya<\/title>\n<meta name=\"description\" content=\"Tradi\u010dn\u00ed japonsk\u00e1 konvi\u010dka Ribu je ur\u010den\u00e1 pro p\u0159\u00edpravu listov\u00e9ho zelen\u00e9ho \u010daje a poch\u00e1z\u00ed z regionu Tokaname.\" \/>\n<meta name=\"robots\" content=\"index, follow, max-snippet:-1, max-image-preview:large, max-video-preview:-1\" \/>\n<link rel=\"canonical\" href=\"https:\/\/matchamoya.cz\/en\/shop\/originalni-cajove-prislusenstvi\/japonska-cajova-konvicka-ribu-na-listovy-caj-moya-japan\/\" \/>\n<meta property=\"og:locale\" content=\"en_US\" \/>\n<meta property=\"og:type\" content=\"article\" \/>\n<meta property=\"og:title\" content=\"Japonsk\u00e1 \u010dajov\u00e1 konvi\u010dka Ribu na listov\u00fd \u010daj | Matcha Moya\" \/>\n<meta property=\"og:description\" content=\"Tradi\u010dn\u00ed japonsk\u00e1 konvi\u010dka Ribu je ur\u010den\u00e1 pro p\u0159\u00edpravu listov\u00e9ho zelen\u00e9ho \u010daje a poch\u00e1z\u00ed z regionu Tokaname.\" \/>\n<meta property=\"og:url\" content=\"https:\/\/matchamoya.cz\/en\/shop\/originalni-cajove-prislusenstvi\/japonska-cajova-konvicka-ribu-na-listovy-caj-moya-japan\/\" \/>\n<meta property=\"og:site_name\" content=\"Matcha Moya\" \/>\n<meta property=\"article:modified_time\" content=\"2025-10-17T07:58:00+00:00\" \/>\n<meta property=\"og:image\" content=\"https:\/\/matchamoya.cz\/wp-content\/uploads\/2022\/09\/ribu-japonska-tradicni-konvicka-na-caj.jpg\" \/>\n\t<meta property=\"og:image:width\" content=\"1000\" \/>\n\t<meta property=\"og:image:height\" content=\"1000\" \/>\n\t<meta property=\"og:image:type\" content=\"image\/jpeg\" \/>\n<meta name=\"twitter:card\" content=\"summary_large_image\" \/>\n<meta name=\"twitter:label1\" content=\"Est. reading time\" \/>\n\t<meta name=\"twitter:data1\" content=\"2 minutes\" \/>\n<!-- \/ Yoast SEO plugin. -->","yoast_head_json":{"title":"Japonsk\u00e1 \u010dajov\u00e1 konvi\u010dka Ribu na listov\u00fd \u010daj | Matcha Moya","description":"Tradi\u010dn\u00ed japonsk\u00e1 konvi\u010dka Ribu je ur\u010den\u00e1 pro p\u0159\u00edpravu listov\u00e9ho zelen\u00e9ho \u010daje a poch\u00e1z\u00ed z regionu Tokaname.","robots":{"index":"index","follow":"follow","max-snippet":"max-snippet:-1","max-image-preview":"max-image-preview:large","max-video-preview":"max-video-preview:-1"},"canonical":"https:\/\/matchamoya.cz\/en\/shop\/originalni-cajove-prislusenstvi\/japonska-cajova-konvicka-ribu-na-listovy-caj-moya-japan\/","og_locale":"en_US","og_type":"article","og_title":"Japonsk\u00e1 \u010dajov\u00e1 konvi\u010dka Ribu na listov\u00fd \u010daj | Matcha Moya","og_description":"Tradi\u010dn\u00ed japonsk\u00e1 konvi\u010dka Ribu je ur\u010den\u00e1 pro p\u0159\u00edpravu listov\u00e9ho zelen\u00e9ho \u010daje a poch\u00e1z\u00ed z regionu Tokaname.","og_url":"https:\/\/matchamoya.cz\/en\/shop\/originalni-cajove-prislusenstvi\/japonska-cajova-konvicka-ribu-na-listovy-caj-moya-japan\/","og_site_name":"Matcha Moya","article_modified_time":"2025-10-17T07:58:00+00:00","og_image":[{"width":1000,"height":1000,"url":"https:\/\/matchamoya.cz\/wp-content\/uploads\/2022\/09\/ribu-japonska-tradicni-konvicka-na-caj.jpg","type":"image\/jpeg"}],"twitter_card":"summary_large_image","twitter_misc":{"Est. reading time":"2 minutes"},"schema":{"@context":"https:\/\/schema.org","@graph":[{"@type":"WebPage","@id":"https:\/\/matchamoya.cz\/en\/shop\/originalni-cajove-prislusenstvi\/japonska-cajova-konvicka-ribu-na-listovy-caj-moya-japan\/","url":"https:\/\/matchamoya.cz\/en\/shop\/originalni-cajove-prislusenstvi\/japonska-cajova-konvicka-ribu-na-listovy-caj-moya-japan\/","name":"Japonsk\u00e1 \u010dajov\u00e1 konvi\u010dka Ribu na listov\u00fd \u010daj | Matcha Moya","isPartOf":{"@id":"https:\/\/matchamoya.cz\/en\/#website"},"primaryImageOfPage":{"@id":"https:\/\/matchamoya.cz\/en\/shop\/originalni-cajove-prislusenstvi\/japonska-cajova-konvicka-ribu-na-listovy-caj-moya-japan\/#primaryimage"},"image":{"@id":"https:\/\/matchamoya.cz\/en\/shop\/originalni-cajove-prislusenstvi\/japonska-cajova-konvicka-ribu-na-listovy-caj-moya-japan\/#primaryimage"},"thumbnailUrl":"https:\/\/matchamoya.cz\/wp-content\/uploads\/2022\/09\/ribu-japonska-tradicni-konvicka-na-caj.jpg","datePublished":"2022-09-28T18:59:00+00:00","dateModified":"2025-10-17T07:58:00+00:00","description":"Tradi\u010dn\u00ed japonsk\u00e1 konvi\u010dka Ribu je ur\u010den\u00e1 pro p\u0159\u00edpravu listov\u00e9ho zelen\u00e9ho \u010daje a poch\u00e1z\u00ed z regionu Tokaname.","breadcrumb":{"@id":"https:\/\/matchamoya.cz\/en\/shop\/originalni-cajove-prislusenstvi\/japonska-cajova-konvicka-ribu-na-listovy-caj-moya-japan\/#breadcrumb"},"inLanguage":"en-US","potentialAction":[{"@type":"ReadAction","target":["https:\/\/matchamoya.cz\/en\/shop\/originalni-cajove-prislusenstvi\/japonska-cajova-konvicka-ribu-na-listovy-caj-moya-japan\/"]}]},{"@type":"ImageObject","inLanguage":"en-US","@id":"https:\/\/matchamoya.cz\/en\/shop\/originalni-cajove-prislusenstvi\/japonska-cajova-konvicka-ribu-na-listovy-caj-moya-japan\/#primaryimage","url":"https:\/\/matchamoya.cz\/wp-content\/uploads\/2022\/09\/ribu-japonska-tradicni-konvicka-na-caj.jpg","contentUrl":"https:\/\/matchamoya.cz\/wp-content\/uploads\/2022\/09\/ribu-japonska-tradicni-konvicka-na-caj.jpg","width":1000,"height":1000,"caption":"tradicni-japonska-cajova-konev-rucne-vyrabena"},{"@type":"BreadcrumbList","@id":"https:\/\/matchamoya.cz\/en\/shop\/originalni-cajove-prislusenstvi\/japonska-cajova-konvicka-ribu-na-listovy-caj-moya-japan\/#breadcrumb","itemListElement":[{"@type":"ListItem","position":1,"name":"Dom\u016f","item":"https:\/\/matchamoya.cz\/"},{"@type":"ListItem","position":2,"name":"E-SHOP","item":"https:\/\/matchamoya.cz\/shop\/"},{"@type":"ListItem","position":3,"name":"Japonsk\u00e1 \u010dajov\u00e1 konvi\u010dka RIBU na listov\u00fd \u010daj &#8211; Moya Japan"}]},{"@type":"WebSite","@id":"https:\/\/matchamoya.cz\/en\/#website","url":"https:\/\/matchamoya.cz\/en\/","name":"Matcha Moya","description":"Matcha Moya","publisher":{"@id":"https:\/\/matchamoya.cz\/en\/#organization"},"potentialAction":[{"@type":"SearchAction","target":{"@type":"EntryPoint","urlTemplate":"https:\/\/matchamoya.cz\/en\/?s={search_term_string}"},"query-input":{"@type":"PropertyValueSpecification","valueRequired":true,"valueName":"search_term_string"}}],"inLanguage":"en-US"},{"@type":"Organization","@id":"https:\/\/matchamoya.cz\/en\/#organization","name":"Moya Matcha","url":"https:\/\/matchamoya.cz\/en\/","logo":{"@type":"ImageObject","inLanguage":"en-US","@id":"https:\/\/matchamoya.cz\/en\/#\/schema\/logo\/image\/","url":"https:\/\/matchamoya.cz\/wp-content\/uploads\/2020\/03\/MOYA_Logo_Green-Black_02.png","contentUrl":"https:\/\/matchamoya.cz\/wp-content\/uploads\/2020\/03\/MOYA_Logo_Green-Black_02.png","width":313,"height":310,"caption":"Moya Matcha"},"image":{"@id":"https:\/\/matchamoya.cz\/en\/#\/schema\/logo\/image\/"}}]}},"_links":{"self":[{"href":"https:\/\/matchamoya.cz\/en\/wp-json\/wp\/v2\/product\/1710"}],"collection":[{"href":"https:\/\/matchamoya.cz\/en\/wp-json\/wp\/v2\/product"}],"about":[{"href":"https:\/\/matchamoya.cz\/en\/wp-json\/wp\/v2\/types\/product"}],"replies":[{"embeddable":true,"href":"https:\/\/matchamoya.cz\/en\/wp-json\/wp\/v2\/comments?post=1710"}],"wp:featuredmedia":[{"embeddable":true,"href":"https:\/\/matchamoya.cz\/en\/wp-json\/wp\/v2\/media\/1711"}],"wp:attachment":[{"href":"https:\/\/matchamoya.cz\/en\/wp-json\/wp\/v2\/media?parent=1710"}],"wp:term":[{"taxonomy":"product_cat","embeddable":true,"href":"https:\/\/matchamoya.cz\/en\/wp-json\/wp\/v2\/product_cat?post=1710"},{"taxonomy":"product_tag","embeddable":true,"href":"https:\/\/matchamoya.cz\/en\/wp-json\/wp\/v2\/product_tag?post=1710"}],"curies":[{"name":"wp","href":"https:\/\/api.w.org\/{rel}","templated":true}]}}