{"id":1715,"date":"2022-09-28T19:12:31","date_gmt":"2022-09-28T19:12:31","guid":{"rendered":"https:\/\/matchamoya.cz\/?post_type=product&#038;p=1715"},"modified":"2025-08-28T12:18:51","modified_gmt":"2025-08-28T12:18:51","slug":"nejkvalitnejsi-japonsky-zeleny-caj-gyukuro-100-organic-moya","status":"publish","type":"product","link":"https:\/\/matchamoya.cz\/en\/shop\/tradicni-japonske-listove-zelene-caje\/nejkvalitnejsi-japonsky-zeleny-caj-gyukuro-100-organic-moya\/","title":{"rendered":"Nejkvalitn\u011bj\u0161\u00ed japonsk\u00fd zelen\u00fd \u010daj GYUKURO 100 % organic &#8211; Moya"},"content":{"rendered":"<h1>Nejkvalitn\u011bj\u0161\u00ed japonsk\u00fd zelen\u00fd \u010daj GYUKURO 100 % organic &#8211; Moya<\/h1>\n<p><strong>Gyokuro \u2013 \u201ekapka rosy\u201c\u7389\u9732<\/strong> \u2013 je jedn\u00edm z nejcenn\u011bj\u0161\u00edch zelen\u00fdch listov\u00fdch \u010daj\u016f, kter\u00fd za svou popularitu vd\u011b\u010d\u00ed sv\u00e9 jemn\u00e9, sladk\u00e9 chuti a jedine\u010dn\u00fdm \u2013 i na listov\u00fd zelen\u00fd \u010daj \u2013 nutri\u010dn\u00edm vlastnostem. Gyokuro se z\u00edsk\u00e1v\u00e1 ve velmi komplikovan\u00e9m procesu p\u011bstov\u00e1n\u00ed \u010dajov\u00fdch rostlin. T\u0159i t\u00fddny p\u0159ed sklizn\u00ed jsou \u010dajov\u00e9 ke\u0159e zast\u00edn\u011bny bambusov\u00fdmi roho\u017eemi, ur\u010den\u00fdmi speci\u00e1ln\u011b pro tradi\u010dn\u00ed metodu oishitaen (\u8986\u4e0b\u5712: p\u011bstov\u00e1n\u00ed \u010daje ve st\u00ednu), d\u00edky n\u00ed\u017e listy produkuj\u00ed zv\u00fd\u0161en\u00e9 mno\u017estv\u00ed chlorofylu, kofeinu a aminokyselin. Antioxidanty obsa\u017een\u00e9 v Gyokuro vitalizuj\u00ed imunitn\u00ed syst\u00e9m, zrychluj\u00ed metabolismus a zabra\u0148uj\u00ed vzniku nes\u010detn\u00fdch nemoc\u00ed. Obsah kofeinu v Gyokuro, i kdy\u017e o n\u011bco ni\u017e\u0161\u00ed ne\u017e u pr\u00e1\u0161ku matcha, je st\u00e1le relativn\u011b vysok\u00fd, co\u017e umo\u017e\u0148uje jeho pou\u017eit\u00ed jako alternativu ke k\u00e1v\u011b.<\/p>\n<div>Proces p\u011bstov\u00e1n\u00ed Moya Gyokuro se podob\u00e1 procesu v\u00fdroby matcha. V p\u0159\u00edpad\u011b Gyokuro v\u0161ak listy nejsou rozemlety na jemn\u00fd pr\u00e1\u0161ek \u2013 <strong>m\u00edsto toho jsou jemn\u011b svinuty do jemn\u00fdch trubi\u010dek, podobn\u00fdch jehli\u010d\u00edm<\/strong>. D\u00edky dlouhotrvaj\u00edc\u00edmu procesu st\u00edn\u011bn\u00ed z\u00edsk\u00e1vaj\u00ed listy syt\u011b zelenou barvu, co\u017e m\u00e1 za n\u00e1sledek stejn\u011b intenzivn\u011b zelen\u00fd n\u00e1lev s v\u00edcerozm\u011brnou, \u00fa\u017easn\u011b hlubokou chut\u00ed. Moya Gyokuro m\u00e1 sv\u016fj p\u016fvod v organick\u00fdch \u010dajov\u00fdch pol\u00edch v oblasti Kago\u0161ima na Kj\u00fa\u0161\u00fa \u2013 ji\u017en\u00edm japonsk\u00e9m ostrov\u011b.<\/div>\n<div><\/div>\n<div>P\u0159i p\u0159\u00edprav\u011b Gyokuro je t\u0159eba db\u00e1t na n\u00edzkou teplotu louhov\u00e1n\u00ed.<\/div>\n<p><strong>Nejkvalitn\u011bj\u0161\u00ed japonsk\u00fd zelen\u00fd \u010daj GYUKURO 100 % organic &#8211; Moya<\/strong><br \/>\n<strong>ZEM\u011a P\u016eVODU: <\/strong>Japonsko<br \/>\n<strong>P\u0158\u00cdCHU\u0164: <\/strong>jemn\u00e1 sladk\u00e1 chu\u0165 a hlubok\u00e9 t\u00f3ny umami<br \/>\n<strong>BARVA: <\/strong>zeleno-\u017elut\u00fd odst\u00edn<\/p>\n<p><strong>\u010cist\u00e1 hmotnost:<\/strong> 50g<\/p>\n<p><strong>P\u0158\u00cdPRAVA GYOKURO<\/strong><br \/>\nOBJEM: 2-3 g na 150 ml<br \/>\nTEPLOTA: 60-70\u00b0C<br \/>\nDOBA INFUZE: 1-3 min<br \/>\nV\u00cdCEN\u00c1SOBN\u00c9 INFUZE: Ano, 4-5kr\u00e1t<\/p>\n<p><img loading=\"lazy\" decoding=\"async\" class=\"alignnone size-medium wp-image-1716\" src=\"https:\/\/matchamoya.cz\/wp-content\/uploads\/2022\/09\/moya-gyokuro-organic-japanese-leaf-green-tea-500x400.jpg\" alt=\"gyuokuro-detail-listku-kagoshima\" width=\"500\" height=\"400\" srcset=\"https:\/\/matchamoya.cz\/wp-content\/uploads\/2022\/09\/moya-gyokuro-organic-japanese-leaf-green-tea-500x400.jpg 500w, https:\/\/matchamoya.cz\/wp-content\/uploads\/2022\/09\/moya-gyokuro-organic-japanese-leaf-green-tea-15x12.jpg 15w, https:\/\/matchamoya.cz\/wp-content\/uploads\/2022\/09\/moya-gyokuro-organic-japanese-leaf-green-tea.jpg 513w\" sizes=\"(max-width: 500px) 100vw, 500px\" \/><img loading=\"lazy\" decoding=\"async\" class=\"alignnone size-medium wp-image-1717\" src=\"https:\/\/matchamoya.cz\/wp-content\/uploads\/2022\/09\/gyokuro-organic-japanese-green-tea-moya-400x400.jpg\" alt=\"gyokuro-japonsky-zeleny-caj\" width=\"400\" height=\"400\" srcset=\"https:\/\/matchamoya.cz\/wp-content\/uploads\/2022\/09\/gyokuro-organic-japanese-green-tea-moya-400x400.jpg 400w, https:\/\/matchamoya.cz\/wp-content\/uploads\/2022\/09\/gyokuro-organic-japanese-green-tea-moya-280x280.jpg 280w, https:\/\/matchamoya.cz\/wp-content\/uploads\/2022\/09\/gyokuro-organic-japanese-green-tea-moya-768x768.jpg 768w, https:\/\/matchamoya.cz\/wp-content\/uploads\/2022\/09\/gyokuro-organic-japanese-green-tea-moya-12x12.jpg 12w, https:\/\/matchamoya.cz\/wp-content\/uploads\/2022\/09\/gyokuro-organic-japanese-green-tea-moya-300x300.jpg 300w, https:\/\/matchamoya.cz\/wp-content\/uploads\/2022\/09\/gyokuro-organic-japanese-green-tea-moya-600x600.jpg 600w, https:\/\/matchamoya.cz\/wp-content\/uploads\/2022\/09\/gyokuro-organic-japanese-green-tea-moya-100x100.jpg 100w, https:\/\/matchamoya.cz\/wp-content\/uploads\/2022\/09\/gyokuro-organic-japanese-green-tea-moya.jpg 800w\" sizes=\"(max-width: 400px) 100vw, 400px\" \/><\/p>","protected":false},"excerpt":{"rendered":"<p><strong>Gyokuro \u2013 \u201ekapka rosy\u201c\u7389\u9732<\/strong> \u2013 je jedn\u00edm z nejcenn\u011bj\u0161\u00edch zelen\u00fdch listov\u00fdch \u010daj\u016f, kter\u00fd za svou popularitu vd\u011b\u010d\u00ed sv\u00e9 jemn\u00e9, sladk\u00e9 chuti a jedine\u010dn\u00fdm \u2013 i na listov\u00fd zelen\u00fd \u010daj \u2013 nutri\u010dn\u00edm vlastnostem. Gyokuro se z\u00edsk\u00e1v\u00e1 ve velmi komplikovan\u00e9m procesu p\u011bstov\u00e1n\u00ed \u010dajov\u00fdch rostlin. T\u0159i t\u00fddny p\u0159ed sklizn\u00ed jsou \u010dajov\u00e9 ke\u0159e zast\u00edn\u011bny bambusov\u00fdmi roho\u017eemi, ur\u010den\u00fdmi speci\u00e1ln\u011b pro tradi\u010dn\u00ed metodu oishitaen (\u8986\u4e0b\u5712: p\u011bstov\u00e1n\u00ed \u010daje ve st\u00ednu), d\u00edky n\u00ed\u017e listy produkuj\u00ed zv\u00fd\u0161en\u00e9 mno\u017estv\u00ed chlorofylu, kofeinu a aminokyselin. Antioxidanty obsa\u017een\u00e9 v Gyokuro vitalizuj\u00ed imunitn\u00ed syst\u00e9m, zrychluj\u00ed metabolismus a zabra\u0148uj\u00ed vzniku nes\u010detn\u00fdch nemoc\u00ed. Obsah kofeinu v Gyokuro, i kdy\u017e o n\u011bco ni\u017e\u0161\u00ed ne\u017e u pr\u00e1\u0161ku matcha, je st\u00e1le relativn\u011b vysok\u00fd, co\u017e umo\u017e\u0148uje jeho pou\u017eit\u00ed jako alternativu ke k\u00e1v\u011b.<\/p>\n<p>Proces p\u011bstov\u00e1n\u00ed Moya Gyokuro se podob\u00e1 procesu v\u00fdroby matcha. V p\u0159\u00edpad\u011b Gyokuro v\u0161ak listy nejsou rozemlety na jemn\u00fd pr\u00e1\u0161ek \u2013 <strong>m\u00edsto toho jsou jemn\u011b svinuty do jemn\u00fdch trubi\u010dek, podobn\u00fdch jehli\u010d\u00edm<\/strong>. D\u00edky dlouhotrvaj\u00edc\u00edmu procesu st\u00edn\u011bn\u00ed z\u00edsk\u00e1vaj\u00ed listy syt\u011b zelenou barvu, co\u017e m\u00e1 za n\u00e1sledek stejn\u011b intenzivn\u011b zelen\u00fd n\u00e1lev s v\u00edcerozm\u011brnou, \u00fa\u017easn\u011b hlubokou chut\u00ed. Moya Gyokuro m\u00e1 sv\u016fj p\u016fvod v organick\u00fdch \u010dajov\u00fdch pol\u00edch v oblasti Kago\u0161ima na Kj\u00fa\u0161\u00fa \u2013 ji\u017en\u00edm japonsk\u00e9m ostrov\u011b.<\/p>\n<p><strong>Nejkvalitn\u011bj\u0161\u00ed japonsk\u00fd zelen\u00fd \u010daj GYUKURO 100 % organic &#8211; Moya<\/strong><br \/>\n<strong>ZEM\u011a P\u016eVODU: <\/strong>Japonsko<br \/>\n<strong>P\u0158\u00cdCHU\u0164: <\/strong>jemn\u00e1 sladk\u00e1 chu\u0165 a hlubok\u00e9 t\u00f3ny umami<br \/>\n<strong>BARVA: <\/strong>zeleno-\u017elut\u00fd odst\u00edn<\/p>\n<p><strong>\u010cist\u00e1 hmotnost:<\/strong> 50g<\/p>\n<p><a href=\"https:\/\/matchamoya.cz\/produkce-a-puvod\/\"><img loading=\"lazy\" decoding=\"async\" class=\"alignnone wp-image-1234\" src=\"https:\/\/matchamoya.cz\/wp-content\/uploads\/2020\/04\/certifikat-bio-matcha-caj-moya-461x400.jpg\" alt=\"certifikat-bio-matcha-caj-moya\" width=\"151\" height=\"131\" srcset=\"https:\/\/matchamoya.cz\/wp-content\/uploads\/2020\/04\/certifikat-bio-matcha-caj-moya-461x400.jpg 461w, https:\/\/matchamoya.cz\/wp-content\/uploads\/2020\/04\/certifikat-bio-matcha-caj-moya-922x800.jpg 922w, https:\/\/matchamoya.cz\/wp-content\/uploads\/2020\/04\/certifikat-bio-matcha-caj-moya-768x666.jpg 768w, https:\/\/matchamoya.cz\/wp-content\/uploads\/2020\/04\/certifikat-bio-matcha-caj-moya-14x12.jpg 14w, https:\/\/matchamoya.cz\/wp-content\/uploads\/2020\/04\/certifikat-bio-matcha-caj-moya-600x521.jpg 600w, https:\/\/matchamoya.cz\/wp-content\/uploads\/2020\/04\/certifikat-bio-matcha-caj-moya.jpg 1180w\" sizes=\"(max-width: 151px) 100vw, 151px\" \/><\/a><\/p>","protected":false},"featured_media":1718,"comment_status":"open","ping_status":"closed","template":"","meta":[],"product_cat":[75],"product_tag":[],"class_list":{"0":"post-1715","1":"product","2":"type-product","3":"status-publish","4":"has-post-thumbnail","6":"product_cat-tradicni-japonske-listove-zelene-caje","7":"product_shipping_class-dobra-dodani","9":"first","10":"outofstock","11":"featured","12":"taxable","13":"shipping-taxable","14":"purchasable","15":"product-type-simple"},"yoast_head":"<!-- This site is optimized with the Yoast SEO plugin v23.4 - https:\/\/yoast.com\/wordpress\/plugins\/seo\/ -->\n<title>Pr\u00e9miov\u00fd pr\u00e1\u0161ek ze zelen\u00e9ho \u010daje HOJICHA 100 % organic | Matcha Moya<\/title>\n<meta name=\"description\" content=\"Gyokuro \u2013 \u201ekapka rosy\u201c\u7389\u9732 \u2013 je jedn\u00edm z nejcenn\u011bj\u0161\u00edch zelen\u00fdch listov\u00fdch \u010daj\u016f, kter\u00fd za svou popularitu vd\u011b\u010d\u00ed sv\u00e9 jemn\u00e9, sladk\u00e9 chuti.\" \/>\n<meta name=\"robots\" content=\"index, follow, max-snippet:-1, max-image-preview:large, max-video-preview:-1\" \/>\n<link rel=\"canonical\" href=\"https:\/\/matchamoya.cz\/en\/shop\/tradicni-japonske-listove-zelene-caje\/nejkvalitnejsi-japonsky-zeleny-caj-gyukuro-100-organic-moya\/\" \/>\n<meta property=\"og:locale\" content=\"en_US\" \/>\n<meta property=\"og:type\" content=\"article\" \/>\n<meta property=\"og:title\" content=\"Pr\u00e9miov\u00fd pr\u00e1\u0161ek ze zelen\u00e9ho \u010daje HOJICHA 100 % organic | Matcha Moya\" \/>\n<meta property=\"og:description\" content=\"Gyokuro \u2013 \u201ekapka rosy\u201c\u7389\u9732 \u2013 je jedn\u00edm z nejcenn\u011bj\u0161\u00edch zelen\u00fdch listov\u00fdch \u010daj\u016f, kter\u00fd za svou popularitu vd\u011b\u010d\u00ed sv\u00e9 jemn\u00e9, sladk\u00e9 chuti.\" \/>\n<meta property=\"og:url\" content=\"https:\/\/matchamoya.cz\/en\/shop\/tradicni-japonske-listove-zelene-caje\/nejkvalitnejsi-japonsky-zeleny-caj-gyukuro-100-organic-moya\/\" \/>\n<meta property=\"og:site_name\" content=\"Matcha Moya\" \/>\n<meta property=\"article:modified_time\" content=\"2025-08-28T12:18:51+00:00\" \/>\n<meta property=\"og:image\" content=\"https:\/\/matchamoya.cz\/wp-content\/uploads\/2022\/09\/moya-gyokuro-organic-japanese-green-tea-50g.jpg\" \/>\n\t<meta property=\"og:image:width\" content=\"800\" \/>\n\t<meta property=\"og:image:height\" content=\"800\" \/>\n\t<meta property=\"og:image:type\" content=\"image\/jpeg\" \/>\n<meta name=\"twitter:card\" content=\"summary_large_image\" \/>\n<meta name=\"twitter:label1\" content=\"Est. reading time\" \/>\n\t<meta name=\"twitter:data1\" content=\"2 minutes\" \/>\n<!-- \/ Yoast SEO plugin. -->","yoast_head_json":{"title":"Pr\u00e9miov\u00fd pr\u00e1\u0161ek ze zelen\u00e9ho \u010daje HOJICHA 100 % organic | Matcha Moya","description":"Gyokuro \u2013 \u201ekapka rosy\u201c\u7389\u9732 \u2013 je jedn\u00edm z nejcenn\u011bj\u0161\u00edch zelen\u00fdch listov\u00fdch \u010daj\u016f, kter\u00fd za svou popularitu vd\u011b\u010d\u00ed sv\u00e9 jemn\u00e9, sladk\u00e9 chuti.","robots":{"index":"index","follow":"follow","max-snippet":"max-snippet:-1","max-image-preview":"max-image-preview:large","max-video-preview":"max-video-preview:-1"},"canonical":"https:\/\/matchamoya.cz\/en\/shop\/tradicni-japonske-listove-zelene-caje\/nejkvalitnejsi-japonsky-zeleny-caj-gyukuro-100-organic-moya\/","og_locale":"en_US","og_type":"article","og_title":"Pr\u00e9miov\u00fd pr\u00e1\u0161ek ze zelen\u00e9ho \u010daje HOJICHA 100 % organic | Matcha Moya","og_description":"Gyokuro \u2013 \u201ekapka rosy\u201c\u7389\u9732 \u2013 je jedn\u00edm z nejcenn\u011bj\u0161\u00edch zelen\u00fdch listov\u00fdch \u010daj\u016f, kter\u00fd za svou popularitu vd\u011b\u010d\u00ed sv\u00e9 jemn\u00e9, sladk\u00e9 chuti.","og_url":"https:\/\/matchamoya.cz\/en\/shop\/tradicni-japonske-listove-zelene-caje\/nejkvalitnejsi-japonsky-zeleny-caj-gyukuro-100-organic-moya\/","og_site_name":"Matcha Moya","article_modified_time":"2025-08-28T12:18:51+00:00","og_image":[{"width":800,"height":800,"url":"https:\/\/matchamoya.cz\/wp-content\/uploads\/2022\/09\/moya-gyokuro-organic-japanese-green-tea-50g.jpg","type":"image\/jpeg"}],"twitter_card":"summary_large_image","twitter_misc":{"Est. reading time":"2 minutes"},"schema":{"@context":"https:\/\/schema.org","@graph":[{"@type":"WebPage","@id":"https:\/\/matchamoya.cz\/en\/shop\/tradicni-japonske-listove-zelene-caje\/nejkvalitnejsi-japonsky-zeleny-caj-gyukuro-100-organic-moya\/","url":"https:\/\/matchamoya.cz\/en\/shop\/tradicni-japonske-listove-zelene-caje\/nejkvalitnejsi-japonsky-zeleny-caj-gyukuro-100-organic-moya\/","name":"Pr\u00e9miov\u00fd pr\u00e1\u0161ek ze zelen\u00e9ho \u010daje HOJICHA 100 % organic | Matcha Moya","isPartOf":{"@id":"https:\/\/matchamoya.cz\/en\/#website"},"primaryImageOfPage":{"@id":"https:\/\/matchamoya.cz\/en\/shop\/tradicni-japonske-listove-zelene-caje\/nejkvalitnejsi-japonsky-zeleny-caj-gyukuro-100-organic-moya\/#primaryimage"},"image":{"@id":"https:\/\/matchamoya.cz\/en\/shop\/tradicni-japonske-listove-zelene-caje\/nejkvalitnejsi-japonsky-zeleny-caj-gyukuro-100-organic-moya\/#primaryimage"},"thumbnailUrl":"https:\/\/matchamoya.cz\/wp-content\/uploads\/2022\/09\/moya-gyokuro-organic-japanese-green-tea-50g.jpg","datePublished":"2022-09-28T19:12:31+00:00","dateModified":"2025-08-28T12:18:51+00:00","description":"Gyokuro \u2013 \u201ekapka rosy\u201c\u7389\u9732 \u2013 je jedn\u00edm z nejcenn\u011bj\u0161\u00edch zelen\u00fdch listov\u00fdch \u010daj\u016f, kter\u00fd za svou popularitu vd\u011b\u010d\u00ed sv\u00e9 jemn\u00e9, sladk\u00e9 chuti.","breadcrumb":{"@id":"https:\/\/matchamoya.cz\/en\/shop\/tradicni-japonske-listove-zelene-caje\/nejkvalitnejsi-japonsky-zeleny-caj-gyukuro-100-organic-moya\/#breadcrumb"},"inLanguage":"en-US","potentialAction":[{"@type":"ReadAction","target":["https:\/\/matchamoya.cz\/en\/shop\/tradicni-japonske-listove-zelene-caje\/nejkvalitnejsi-japonsky-zeleny-caj-gyukuro-100-organic-moya\/"]}]},{"@type":"ImageObject","inLanguage":"en-US","@id":"https:\/\/matchamoya.cz\/en\/shop\/tradicni-japonske-listove-zelene-caje\/nejkvalitnejsi-japonsky-zeleny-caj-gyukuro-100-organic-moya\/#primaryimage","url":"https:\/\/matchamoya.cz\/wp-content\/uploads\/2022\/09\/moya-gyokuro-organic-japanese-green-tea-50g.jpg","contentUrl":"https:\/\/matchamoya.cz\/wp-content\/uploads\/2022\/09\/moya-gyokuro-organic-japanese-green-tea-50g.jpg","width":800,"height":800},{"@type":"BreadcrumbList","@id":"https:\/\/matchamoya.cz\/en\/shop\/tradicni-japonske-listove-zelene-caje\/nejkvalitnejsi-japonsky-zeleny-caj-gyukuro-100-organic-moya\/#breadcrumb","itemListElement":[{"@type":"ListItem","position":1,"name":"Dom\u016f","item":"https:\/\/matchamoya.cz\/"},{"@type":"ListItem","position":2,"name":"E-SHOP","item":"https:\/\/matchamoya.cz\/shop\/"},{"@type":"ListItem","position":3,"name":"Nejkvalitn\u011bj\u0161\u00ed japonsk\u00fd zelen\u00fd \u010daj GYUKURO 100 % organic &#8211; Moya"}]},{"@type":"WebSite","@id":"https:\/\/matchamoya.cz\/en\/#website","url":"https:\/\/matchamoya.cz\/en\/","name":"Matcha Moya","description":"Matcha Moya","publisher":{"@id":"https:\/\/matchamoya.cz\/en\/#organization"},"potentialAction":[{"@type":"SearchAction","target":{"@type":"EntryPoint","urlTemplate":"https:\/\/matchamoya.cz\/en\/?s={search_term_string}"},"query-input":{"@type":"PropertyValueSpecification","valueRequired":true,"valueName":"search_term_string"}}],"inLanguage":"en-US"},{"@type":"Organization","@id":"https:\/\/matchamoya.cz\/en\/#organization","name":"Moya Matcha","url":"https:\/\/matchamoya.cz\/en\/","logo":{"@type":"ImageObject","inLanguage":"en-US","@id":"https:\/\/matchamoya.cz\/en\/#\/schema\/logo\/image\/","url":"https:\/\/matchamoya.cz\/wp-content\/uploads\/2020\/03\/MOYA_Logo_Green-Black_02.png","contentUrl":"https:\/\/matchamoya.cz\/wp-content\/uploads\/2020\/03\/MOYA_Logo_Green-Black_02.png","width":313,"height":310,"caption":"Moya Matcha"},"image":{"@id":"https:\/\/matchamoya.cz\/en\/#\/schema\/logo\/image\/"}}]}},"_links":{"self":[{"href":"https:\/\/matchamoya.cz\/en\/wp-json\/wp\/v2\/product\/1715"}],"collection":[{"href":"https:\/\/matchamoya.cz\/en\/wp-json\/wp\/v2\/product"}],"about":[{"href":"https:\/\/matchamoya.cz\/en\/wp-json\/wp\/v2\/types\/product"}],"replies":[{"embeddable":true,"href":"https:\/\/matchamoya.cz\/en\/wp-json\/wp\/v2\/comments?post=1715"}],"wp:featuredmedia":[{"embeddable":true,"href":"https:\/\/matchamoya.cz\/en\/wp-json\/wp\/v2\/media\/1718"}],"wp:attachment":[{"href":"https:\/\/matchamoya.cz\/en\/wp-json\/wp\/v2\/media?parent=1715"}],"wp:term":[{"taxonomy":"product_cat","embeddable":true,"href":"https:\/\/matchamoya.cz\/en\/wp-json\/wp\/v2\/product_cat?post=1715"},{"taxonomy":"product_tag","embeddable":true,"href":"https:\/\/matchamoya.cz\/en\/wp-json\/wp\/v2\/product_tag?post=1715"}],"curies":[{"name":"wp","href":"https:\/\/api.w.org\/{rel}","templated":true}]}}