{"id":1719,"date":"2022-09-28T19:27:28","date_gmt":"2022-09-28T19:27:28","guid":{"rendered":"https:\/\/matchamoya.cz\/?post_type=product&#038;p=1719"},"modified":"2025-08-25T12:57:47","modified_gmt":"2025-08-25T12:57:47","slug":"japonsky-zeleny-caj-z-prvni-sklizne-ichibancha-100-organic-moya","status":"publish","type":"product","link":"https:\/\/matchamoya.cz\/en\/shop\/tradicni-japonske-listove-zelene-caje\/japonsky-zeleny-caj-z-prvni-sklizne-ichibancha-100-organic-moya\/","title":{"rendered":"Japonsk\u00fd zelen\u00fd \u010daj z prvn\u00ed sklizn\u011b ICHIBANCHA 100% organic &#8211; Moya"},"content":{"rendered":"<h1>Japonsk\u00fd zelen\u00fd \u010daj z prvn\u00ed sklizn\u011b ICHIBANCHA 100% organic &#8211; Moya<\/h1>\n<p style=\"text-align: left;\"><strong>Organick\u00fd zelen\u00fd listov\u00fd \u010daj \u00fa\u017easn\u011b sv\u016fdn\u00e9 kompozice jemn\u00e9 sladk\u00e9 chuti a hlubok\u00fdch t\u00f3n\u016f umami zachycen\u00fdch v n\u00e1levu zelenav\u011b \u017elut\u00e9ho odst\u00ednu.<\/strong> Ichibancha poch\u00e1z\u00ed z nejran\u011bj\u0161\u00ed sklizn\u011b, kter\u00e1 je v Japonsku cen\u011bn\u00e1 a oslavovan\u00e1 stejn\u011b jako Beaujolais nouveau ve Francii. V r\u016fzn\u00fdch \u010d\u00e1stech Japonska m\u016f\u017ee vzhledem k rozd\u00edl\u016fm v podneb\u00ed p\u0159ipadat na r\u016fzn\u00e9 m\u011bs\u00edce roku, a\u010dkoli se nej\u010dast\u011bji odehr\u00e1v\u00e1 na ja\u0159e.<\/p>\n<div>\u010cajovn\u00edk z\u016fst\u00e1v\u00e1 p\u0159es zimu v hibernaci. Pot\u00e9 za\u010dne pu\u010det a zapo\u010dne r\u016fst k\u0159ehk\u00fdch l\u00edstk\u016f. Pomal\u00fd jarn\u00ed r\u016fst m\u00e1 za n\u00e1sledek zv\u00fd\u0161en\u00e9 mno\u017estv\u00ed r\u016fzn\u00fdch nutri\u010dn\u00edch prvk\u016f a a\u017e t\u0159ikr\u00e1t vy\u0161\u0161\u00ed obsah L-theaninu ve srovn\u00e1n\u00ed s \u010daji z n\u00e1sledn\u00fdch sklizn\u00ed. L-theanin vybavuje Ichibancha sladkostmi a relaxa\u010dn\u00edmi vlastnostmi, sni\u017euje \u00fazkost. <strong>Je to \u010daj, kter\u00fd podporuje \u00fa\u010dinnou relaxaci a z\u00edsk\u00e1v\u00e1 si srdce ji\u017e od prvn\u00edho dou\u0161ku.<\/strong><\/div>\n<p><strong>100% organick\u00e1 japonsk\u00e1 Ichibancha<\/strong><br \/>\n<strong>ZEM\u011a P\u016eVODU:<\/strong> Japonsko<br \/>\n<strong>CHU\u0164:<\/strong> jemn\u00e1 sladk\u00e1 chu\u0165 a hlubok\u00e9 t\u00f3ny umami<br \/>\n<strong>BARVA:<\/strong> \u017elutozelen\u00fd odst\u00edn<br \/>\n<strong>\u010cist\u00e1 hmotnost:<\/strong> 50g<\/p>\n<p><strong>P\u0158\u00cdPRAVA ICHIBANCHA<\/strong><br \/>\nOBJEM: 2-3 g na 150 ml<br \/>\nTEPLOTA: 80 \u00b0C<br \/>\nDOBA INFUZE: 1 min<br \/>\nV\u00cdCEN\u00c1SOBN\u00c9 INFUZE: Ano, 2kr\u00e1t<\/p>\n<p><img loading=\"lazy\" decoding=\"async\" class=\"alignnone size-medium wp-image-1720\" src=\"https:\/\/matchamoya.cz\/wp-content\/uploads\/2022\/09\/moya-ichibancha-japanese-organic-green-tea-500x400.jpg\" alt=\"ichibancha-japonsky-zeleny-caj-z-prvni-sklizne\" width=\"500\" height=\"400\" srcset=\"https:\/\/matchamoya.cz\/wp-content\/uploads\/2022\/09\/moya-ichibancha-japanese-organic-green-tea-500x400.jpg 500w, https:\/\/matchamoya.cz\/wp-content\/uploads\/2022\/09\/moya-ichibancha-japanese-organic-green-tea-15x12.jpg 15w, https:\/\/matchamoya.cz\/wp-content\/uploads\/2022\/09\/moya-ichibancha-japanese-organic-green-tea.jpg 513w\" sizes=\"(max-width: 500px) 100vw, 500px\" \/><img loading=\"lazy\" decoding=\"async\" class=\"alignnone size-medium wp-image-1722\" src=\"https:\/\/matchamoya.cz\/wp-content\/uploads\/2022\/09\/ichibancha-green-organic-Japanese-leaf-tea-400x400.jpg\" alt=\"ichibancha-japonsky-zeleny-caj-z-prvni-sklizne\" width=\"400\" height=\"400\" srcset=\"https:\/\/matchamoya.cz\/wp-content\/uploads\/2022\/09\/ichibancha-green-organic-Japanese-leaf-tea-400x400.jpg 400w, https:\/\/matchamoya.cz\/wp-content\/uploads\/2022\/09\/ichibancha-green-organic-Japanese-leaf-tea-280x280.jpg 280w, https:\/\/matchamoya.cz\/wp-content\/uploads\/2022\/09\/ichibancha-green-organic-Japanese-leaf-tea-768x768.jpg 768w, https:\/\/matchamoya.cz\/wp-content\/uploads\/2022\/09\/ichibancha-green-organic-Japanese-leaf-tea-12x12.jpg 12w, https:\/\/matchamoya.cz\/wp-content\/uploads\/2022\/09\/ichibancha-green-organic-Japanese-leaf-tea-300x300.jpg 300w, https:\/\/matchamoya.cz\/wp-content\/uploads\/2022\/09\/ichibancha-green-organic-Japanese-leaf-tea-600x600.jpg 600w, https:\/\/matchamoya.cz\/wp-content\/uploads\/2022\/09\/ichibancha-green-organic-Japanese-leaf-tea-100x100.jpg 100w, https:\/\/matchamoya.cz\/wp-content\/uploads\/2022\/09\/ichibancha-green-organic-Japanese-leaf-tea.jpg 800w\" sizes=\"(max-width: 400px) 100vw, 400px\" \/><\/p>\n<p>&nbsp;<\/p>","protected":false},"excerpt":{"rendered":"<p><strong>Organick\u00fd zelen\u00fd listov\u00fd \u010daj \u00fa\u017easn\u011b sv\u016fdn\u00e9 kompozice jemn\u00e9 sladk\u00e9 chuti a hlubok\u00fdch t\u00f3n\u016f umami zachycen\u00fdch v n\u00e1levu zelenav\u011b \u017elut\u00e9ho odst\u00ednu.<\/strong> Ichibancha poch\u00e1z\u00ed z nejran\u011bj\u0161\u00ed sklizn\u011b, kter\u00e1 je v Japonsku cen\u011bn\u00e1 a oslavovan\u00e1 stejn\u011b jako Beaujolais nouveau ve Francii. V r\u016fzn\u00fdch \u010d\u00e1stech Japonska m\u016f\u017ee vzhledem k rozd\u00edl\u016fm v podneb\u00ed p\u0159ipadat na r\u016fzn\u00e9 m\u011bs\u00edce roku, a\u010dkoli se nej\u010dast\u011bji odehr\u00e1v\u00e1 na ja\u0159e.<\/p>\n<p><strong>100% organick\u00e1 japonsk\u00e1 Ichibancha<\/strong><br \/>\n<strong>ZEM\u011a P\u016eVODU:<\/strong> Japonsko<br \/>\n<strong>CHU\u0164:<\/strong> jemn\u00e1 sladk\u00e1 chu\u0165 a hlubok\u00e9 t\u00f3ny umami<br \/>\n<strong>BARVA:<\/strong> \u017elutozelen\u00fd odst\u00edn<br \/>\n<strong>\u010cist\u00e1 hmotnost:<\/strong> 50g<\/p>\n<p><a href=\"https:\/\/matchamoya.cz\/produkce-a-puvod\/\"><img loading=\"lazy\" decoding=\"async\" class=\"alignnone wp-image-1234\" src=\"https:\/\/matchamoya.cz\/wp-content\/uploads\/2020\/04\/certifikat-bio-matcha-caj-moya-461x400.jpg\" alt=\"certifikat-bio-matcha-caj-moya\" width=\"151\" height=\"131\" srcset=\"https:\/\/matchamoya.cz\/wp-content\/uploads\/2020\/04\/certifikat-bio-matcha-caj-moya-461x400.jpg 461w, https:\/\/matchamoya.cz\/wp-content\/uploads\/2020\/04\/certifikat-bio-matcha-caj-moya-922x800.jpg 922w, https:\/\/matchamoya.cz\/wp-content\/uploads\/2020\/04\/certifikat-bio-matcha-caj-moya-768x666.jpg 768w, https:\/\/matchamoya.cz\/wp-content\/uploads\/2020\/04\/certifikat-bio-matcha-caj-moya-14x12.jpg 14w, https:\/\/matchamoya.cz\/wp-content\/uploads\/2020\/04\/certifikat-bio-matcha-caj-moya-600x521.jpg 600w, https:\/\/matchamoya.cz\/wp-content\/uploads\/2020\/04\/certifikat-bio-matcha-caj-moya.jpg 1180w\" sizes=\"(max-width: 151px) 100vw, 151px\" \/><\/a><\/p>","protected":false},"featured_media":1721,"comment_status":"open","ping_status":"closed","template":"","meta":[],"product_cat":[75],"product_tag":[],"class_list":{"0":"post-1719","1":"product","2":"type-product","3":"status-publish","4":"has-post-thumbnail","6":"product_cat-tradicni-japonske-listove-zelene-caje","7":"product_shipping_class-dobra-dodani","9":"first","10":"outofstock","11":"featured","12":"taxable","13":"shipping-taxable","14":"purchasable","15":"product-type-simple"},"yoast_head":"<!-- This site is optimized with the Yoast SEO plugin v23.4 - https:\/\/yoast.com\/wordpress\/plugins\/seo\/ -->\n<title>Japonsk\u00fd zelen\u00fd \u010daj z prvn\u00ed sklizn\u011b ICHIBANCHA organic | Matcha Moya<\/title>\n<meta name=\"description\" content=\"Organick\u00fd zelen\u00fd listov\u00fd \u010daj \u00fa\u017easn\u011b sv\u016fdn\u00e9 kompozice jemn\u00e9 sladk\u00e9 chuti a hlubok\u00fdch t\u00f3n\u016f umami zachycen\u00fdch v n\u00e1levu zelenav\u011b \u017elut\u00e9ho odst\u00ednu.\" \/>\n<meta name=\"robots\" content=\"index, follow, max-snippet:-1, max-image-preview:large, max-video-preview:-1\" \/>\n<link rel=\"canonical\" href=\"https:\/\/matchamoya.cz\/en\/shop\/tradicni-japonske-listove-zelene-caje\/japonsky-zeleny-caj-z-prvni-sklizne-ichibancha-100-organic-moya\/\" \/>\n<meta property=\"og:locale\" content=\"en_US\" \/>\n<meta property=\"og:type\" content=\"article\" \/>\n<meta property=\"og:title\" content=\"Japonsk\u00fd zelen\u00fd \u010daj z prvn\u00ed sklizn\u011b ICHIBANCHA organic | Matcha Moya\" \/>\n<meta property=\"og:description\" content=\"Organick\u00fd zelen\u00fd listov\u00fd \u010daj \u00fa\u017easn\u011b sv\u016fdn\u00e9 kompozice jemn\u00e9 sladk\u00e9 chuti a hlubok\u00fdch t\u00f3n\u016f umami zachycen\u00fdch v n\u00e1levu zelenav\u011b \u017elut\u00e9ho odst\u00ednu.\" \/>\n<meta property=\"og:url\" content=\"https:\/\/matchamoya.cz\/en\/shop\/tradicni-japonske-listove-zelene-caje\/japonsky-zeleny-caj-z-prvni-sklizne-ichibancha-100-organic-moya\/\" \/>\n<meta property=\"og:site_name\" content=\"Matcha Moya\" \/>\n<meta property=\"article:modified_time\" content=\"2025-08-25T12:57:47+00:00\" \/>\n<meta property=\"og:image\" content=\"https:\/\/matchamoya.cz\/wp-content\/uploads\/2022\/09\/moya-ichibancha-organic-japanese-green-tea.jpg\" \/>\n\t<meta property=\"og:image:width\" content=\"800\" \/>\n\t<meta property=\"og:image:height\" content=\"800\" \/>\n\t<meta property=\"og:image:type\" content=\"image\/jpeg\" \/>\n<meta name=\"twitter:card\" content=\"summary_large_image\" \/>\n<meta name=\"twitter:label1\" content=\"Est. reading time\" \/>\n\t<meta name=\"twitter:data1\" content=\"2 minutes\" \/>\n<!-- \/ Yoast SEO plugin. -->","yoast_head_json":{"title":"Japonsk\u00fd zelen\u00fd \u010daj z prvn\u00ed sklizn\u011b ICHIBANCHA organic | Matcha Moya","description":"Organick\u00fd zelen\u00fd listov\u00fd \u010daj \u00fa\u017easn\u011b sv\u016fdn\u00e9 kompozice jemn\u00e9 sladk\u00e9 chuti a hlubok\u00fdch t\u00f3n\u016f umami zachycen\u00fdch v n\u00e1levu zelenav\u011b \u017elut\u00e9ho odst\u00ednu.","robots":{"index":"index","follow":"follow","max-snippet":"max-snippet:-1","max-image-preview":"max-image-preview:large","max-video-preview":"max-video-preview:-1"},"canonical":"https:\/\/matchamoya.cz\/en\/shop\/tradicni-japonske-listove-zelene-caje\/japonsky-zeleny-caj-z-prvni-sklizne-ichibancha-100-organic-moya\/","og_locale":"en_US","og_type":"article","og_title":"Japonsk\u00fd zelen\u00fd \u010daj z prvn\u00ed sklizn\u011b ICHIBANCHA organic | Matcha Moya","og_description":"Organick\u00fd zelen\u00fd listov\u00fd \u010daj \u00fa\u017easn\u011b sv\u016fdn\u00e9 kompozice jemn\u00e9 sladk\u00e9 chuti a hlubok\u00fdch t\u00f3n\u016f umami zachycen\u00fdch v n\u00e1levu zelenav\u011b \u017elut\u00e9ho odst\u00ednu.","og_url":"https:\/\/matchamoya.cz\/en\/shop\/tradicni-japonske-listove-zelene-caje\/japonsky-zeleny-caj-z-prvni-sklizne-ichibancha-100-organic-moya\/","og_site_name":"Matcha Moya","article_modified_time":"2025-08-25T12:57:47+00:00","og_image":[{"width":800,"height":800,"url":"https:\/\/matchamoya.cz\/wp-content\/uploads\/2022\/09\/moya-ichibancha-organic-japanese-green-tea.jpg","type":"image\/jpeg"}],"twitter_card":"summary_large_image","twitter_misc":{"Est. reading time":"2 minutes"},"schema":{"@context":"https:\/\/schema.org","@graph":[{"@type":"WebPage","@id":"https:\/\/matchamoya.cz\/en\/shop\/tradicni-japonske-listove-zelene-caje\/japonsky-zeleny-caj-z-prvni-sklizne-ichibancha-100-organic-moya\/","url":"https:\/\/matchamoya.cz\/en\/shop\/tradicni-japonske-listove-zelene-caje\/japonsky-zeleny-caj-z-prvni-sklizne-ichibancha-100-organic-moya\/","name":"Japonsk\u00fd zelen\u00fd \u010daj z prvn\u00ed sklizn\u011b ICHIBANCHA organic | Matcha Moya","isPartOf":{"@id":"https:\/\/matchamoya.cz\/en\/#website"},"primaryImageOfPage":{"@id":"https:\/\/matchamoya.cz\/en\/shop\/tradicni-japonske-listove-zelene-caje\/japonsky-zeleny-caj-z-prvni-sklizne-ichibancha-100-organic-moya\/#primaryimage"},"image":{"@id":"https:\/\/matchamoya.cz\/en\/shop\/tradicni-japonske-listove-zelene-caje\/japonsky-zeleny-caj-z-prvni-sklizne-ichibancha-100-organic-moya\/#primaryimage"},"thumbnailUrl":"https:\/\/matchamoya.cz\/wp-content\/uploads\/2022\/09\/moya-ichibancha-organic-japanese-green-tea.jpg","datePublished":"2022-09-28T19:27:28+00:00","dateModified":"2025-08-25T12:57:47+00:00","description":"Organick\u00fd zelen\u00fd listov\u00fd \u010daj \u00fa\u017easn\u011b sv\u016fdn\u00e9 kompozice jemn\u00e9 sladk\u00e9 chuti a hlubok\u00fdch t\u00f3n\u016f umami zachycen\u00fdch v n\u00e1levu zelenav\u011b \u017elut\u00e9ho odst\u00ednu.","breadcrumb":{"@id":"https:\/\/matchamoya.cz\/en\/shop\/tradicni-japonske-listove-zelene-caje\/japonsky-zeleny-caj-z-prvni-sklizne-ichibancha-100-organic-moya\/#breadcrumb"},"inLanguage":"en-US","potentialAction":[{"@type":"ReadAction","target":["https:\/\/matchamoya.cz\/en\/shop\/tradicni-japonske-listove-zelene-caje\/japonsky-zeleny-caj-z-prvni-sklizne-ichibancha-100-organic-moya\/"]}]},{"@type":"ImageObject","inLanguage":"en-US","@id":"https:\/\/matchamoya.cz\/en\/shop\/tradicni-japonske-listove-zelene-caje\/japonsky-zeleny-caj-z-prvni-sklizne-ichibancha-100-organic-moya\/#primaryimage","url":"https:\/\/matchamoya.cz\/wp-content\/uploads\/2022\/09\/moya-ichibancha-organic-japanese-green-tea.jpg","contentUrl":"https:\/\/matchamoya.cz\/wp-content\/uploads\/2022\/09\/moya-ichibancha-organic-japanese-green-tea.jpg","width":800,"height":800,"caption":"ichibancha-japonsky-zeleny-caj-z-prvni-sklizne"},{"@type":"BreadcrumbList","@id":"https:\/\/matchamoya.cz\/en\/shop\/tradicni-japonske-listove-zelene-caje\/japonsky-zeleny-caj-z-prvni-sklizne-ichibancha-100-organic-moya\/#breadcrumb","itemListElement":[{"@type":"ListItem","position":1,"name":"Dom\u016f","item":"https:\/\/matchamoya.cz\/"},{"@type":"ListItem","position":2,"name":"E-SHOP","item":"https:\/\/matchamoya.cz\/shop\/"},{"@type":"ListItem","position":3,"name":"Japonsk\u00fd zelen\u00fd \u010daj z prvn\u00ed sklizn\u011b ICHIBANCHA 100% organic &#8211; Moya"}]},{"@type":"WebSite","@id":"https:\/\/matchamoya.cz\/en\/#website","url":"https:\/\/matchamoya.cz\/en\/","name":"Matcha Moya","description":"Matcha Moya","publisher":{"@id":"https:\/\/matchamoya.cz\/en\/#organization"},"potentialAction":[{"@type":"SearchAction","target":{"@type":"EntryPoint","urlTemplate":"https:\/\/matchamoya.cz\/en\/?s={search_term_string}"},"query-input":{"@type":"PropertyValueSpecification","valueRequired":true,"valueName":"search_term_string"}}],"inLanguage":"en-US"},{"@type":"Organization","@id":"https:\/\/matchamoya.cz\/en\/#organization","name":"Moya Matcha","url":"https:\/\/matchamoya.cz\/en\/","logo":{"@type":"ImageObject","inLanguage":"en-US","@id":"https:\/\/matchamoya.cz\/en\/#\/schema\/logo\/image\/","url":"https:\/\/matchamoya.cz\/wp-content\/uploads\/2020\/03\/MOYA_Logo_Green-Black_02.png","contentUrl":"https:\/\/matchamoya.cz\/wp-content\/uploads\/2020\/03\/MOYA_Logo_Green-Black_02.png","width":313,"height":310,"caption":"Moya Matcha"},"image":{"@id":"https:\/\/matchamoya.cz\/en\/#\/schema\/logo\/image\/"}}]}},"_links":{"self":[{"href":"https:\/\/matchamoya.cz\/en\/wp-json\/wp\/v2\/product\/1719"}],"collection":[{"href":"https:\/\/matchamoya.cz\/en\/wp-json\/wp\/v2\/product"}],"about":[{"href":"https:\/\/matchamoya.cz\/en\/wp-json\/wp\/v2\/types\/product"}],"replies":[{"embeddable":true,"href":"https:\/\/matchamoya.cz\/en\/wp-json\/wp\/v2\/comments?post=1719"}],"wp:featuredmedia":[{"embeddable":true,"href":"https:\/\/matchamoya.cz\/en\/wp-json\/wp\/v2\/media\/1721"}],"wp:attachment":[{"href":"https:\/\/matchamoya.cz\/en\/wp-json\/wp\/v2\/media?parent=1719"}],"wp:term":[{"taxonomy":"product_cat","embeddable":true,"href":"https:\/\/matchamoya.cz\/en\/wp-json\/wp\/v2\/product_cat?post=1719"},{"taxonomy":"product_tag","embeddable":true,"href":"https:\/\/matchamoya.cz\/en\/wp-json\/wp\/v2\/product_tag?post=1719"}],"curies":[{"name":"wp","href":"https:\/\/api.w.org\/{rel}","templated":true}]}}