{"id":2067,"date":"2023-05-18T07:27:33","date_gmt":"2023-05-18T07:27:33","guid":{"rendered":"https:\/\/matchamoya.cz\/?post_type=product&#038;p=2067"},"modified":"2026-03-23T09:57:52","modified_gmt":"2026-03-23T09:57:52","slug":"chawan-cloud-sklenena-miska-na-piti-japonskeho-caje-moya","status":"publish","type":"product","link":"https:\/\/matchamoya.cz\/en\/shop\/originalni-cajove-prislusenstvi\/chawan-cloud-sklenena-miska-na-piti-japonskeho-caje-moya\/","title":{"rendered":"Chawan Cloud \u2013 origin\u00e1ln\u00ed miska z dvojit\u00e9ho skla na pit\u00ed \u010daje matcha Moya"},"content":{"rendered":"<h1>Chawan Cloud \u2013 origin\u00e1ln\u00ed miska z dvojit\u00e9ho skla na pit\u00ed \u010daje matcha Moya<\/h1>\n<div style=\"text-align: left;\"><strong>Chawan Cloud<\/strong> je ur\u010den k pit\u00ed matcha \u010daje a je <strong>vyroben z dvojit\u00e9ho skla<\/strong>. Chawan Cloud je modern\u00ed verz\u00ed tradi\u010dn\u00ed keramick\u00e9 \u010dajov\u00e9 misky zn\u00e1m\u00e9 jako matchawan. M\u00e1 podobn\u00fd tvar a dvojit\u00e9 sklo, kter\u00e9 udr\u017euje teplo a z\u00e1rove\u0148 umo\u017e\u0148uje pohodln\u00e9 uchopen\u00ed. D\u00edky pr\u016fhledn\u00e9mu sklu m\u016f\u017eete p\u0159i ka\u017edodenn\u00edm ritu\u00e1lu pln\u011b uva\u017eovat o barv\u011b a struktu\u0159e va\u0161\u00ed matchy. P\u0159i \u0161leh\u00e1n\u00ed matcha bambusovou metli\u010dkou (chasen) pom\u00e1haj\u00ed vysok\u00e9 svisl\u00e9 st\u011bny matchawanu zabr\u00e1nit rozlit\u00ed vody. D\u00edky \u0161irok\u00e9mu dnu m\u00edsy je snadn\u00e9 uvnit\u0159 hladce roz\u0161lehat pr\u00e1\u0161ek a rychle z\u00edskat dokonalou p\u011bnu na povrchu.Toho lze dos\u00e1hnout pou\u017eit\u00edm <a href=\"https:\/\/matchamoya.cz\/originalni-cajove-prislusenstvi\/chasen-tradicni-bambusova-metlicka-na-michani-matcha-caje\/\">chasenu (bambusov\u00e9 metli\u010dky)<\/a> nebo nap\u011b\u0148ova\u010de ml\u00e9ka.<\/div>\n<p>Nezapome\u0148te pou\u017e\u00edt vodu s teplotou nep\u0159esahuj\u00edc\u00ed 80 \u00b0 C, abyste zachovali v\u0161echny vlastnosti matcha.<\/p>\n<p><strong>Matchawan pro p\u0159\u00edpravu a pit\u00ed \u010daje matcha.<\/strong><br \/>\n<strong>OBJEM:<\/strong> 350 ml<br \/>\n<strong>MATERI\u00c1L:<\/strong> sklo<br \/>\n<strong>V\u00dd\u0160KA:<\/strong> 7,5 cm<br \/>\n<strong>PR\u016eM\u011aR:<\/strong> 11 cm<\/p>\n<p><strong>Vhodn\u00e9 pro myt\u00ed v my\u010dce n\u00e1dob\u00ed.<\/strong><\/p>","protected":false},"excerpt":{"rendered":"<div style=\"text-align: left;\"><strong>Chawan Cloud<\/strong> je ur\u010den k pit\u00ed matcha \u010daje a je <strong>vyroben z dvojit\u00e9ho skla<\/strong>. Chawan Cloud je modern\u00ed verz\u00ed tradi\u010dn\u00ed keramick\u00e9 \u010dajov\u00e9 misky zn\u00e1m\u00e9 jako matchawan. M\u00e1 podobn\u00fd tvar a dvojit\u00e9 sklo, kter\u00e9 udr\u017euje teplo a z\u00e1rove\u0148 umo\u017e\u0148uje pohodln\u00e9 uchopen\u00ed. D\u00edky pr\u016fhledn\u00e9mu sklu m\u016f\u017eete p\u0159i ka\u017edodenn\u00edm ritu\u00e1lu pln\u011b uva\u017eovat o barv\u011b a struktu\u0159e va\u0161\u00ed matchy. P\u0159i \u0161leh\u00e1n\u00ed matcha bambusovou metli\u010dkou (chasen) pom\u00e1haj\u00ed vysok\u00e9 svisl\u00e9 st\u011bny matchawanu zabr\u00e1nit rozlit\u00ed vody. D\u00edky \u0161irok\u00e9mu dnu m\u00edsy je snadn\u00e9 uvnit\u0159 hladce roz\u0161lehat pr\u00e1\u0161ek a rychle z\u00edskat dokonalou p\u011bnu na povrchu.Toho lze dos\u00e1hnout pou\u017eit\u00edm <a href=\"https:\/\/matchamoya.cz\/originalni-cajove-prislusenstvi\/chasen-tradicni-bambusova-metlicka-na-michani-matcha-caje\/\">chasenu (bambusov\u00e9 metli\u010dky)<\/a> nebo nap\u011b\u0148ova\u010de ml\u00e9ka.<\/div>\n<p>Nezapome\u0148te pou\u017e\u00edt vodu s teplotou nep\u0159esahuj\u00edc\u00ed 80 \u00b0 C, abyste zachovali v\u0161echny vlastnosti matcha.<\/p>\n<p><strong>Matchawan pro p\u0159\u00edpravu a pit\u00ed \u010daje matcha.<\/strong><br \/>\n<strong>OBJEM:<\/strong> 350 ml<br \/>\n<strong>MATERI\u00c1L:<\/strong> sklo<br \/>\n<strong>V\u00dd\u0160KA:<\/strong> 7,5 cm<br \/>\n<strong>PR\u016eM\u011aR:<\/strong> 11 cm<\/p>\n<p><strong>Vhodn\u00e9 pro myt\u00ed v my\u010dce n\u00e1dob\u00ed.<\/strong><\/p>","protected":false},"featured_media":2069,"comment_status":"open","ping_status":"closed","template":"","meta":[],"product_cat":[70],"product_tag":[],"class_list":{"0":"post-2067","1":"product","2":"type-product","3":"status-publish","4":"has-post-thumbnail","6":"product_cat-originalni-cajove-prislusenstvi","7":"product_shipping_class-dobra-dodani","9":"first","10":"instock","11":"taxable","12":"shipping-taxable","13":"purchasable","14":"product-type-simple"},"yoast_head":"<!-- This site is optimized with the Yoast SEO plugin v23.4 - https:\/\/yoast.com\/wordpress\/plugins\/seo\/ -->\n<title>Chawan Cloud \u2013 sklen\u011bn\u00e1 japonsk\u00e1 miska | Matcha Moya<\/title>\n<meta name=\"description\" content=\"Chawan Cloud je ur\u010den k pit\u00ed matcha \u010daje a je vyroben z dvojit\u00e9ho skla. Tvarovan\u00fd podle stalet\u00e9 japonsk\u00e9 tradice z Kj\u00f3ta.\" \/>\n<meta name=\"robots\" content=\"index, follow, max-snippet:-1, max-image-preview:large, max-video-preview:-1\" \/>\n<link rel=\"canonical\" href=\"https:\/\/matchamoya.cz\/en\/shop\/originalni-cajove-prislusenstvi\/chawan-cloud-sklenena-miska-na-piti-japonskeho-caje-moya\/\" \/>\n<meta property=\"og:locale\" content=\"en_US\" \/>\n<meta property=\"og:type\" content=\"article\" \/>\n<meta property=\"og:title\" content=\"Chawan Cloud \u2013 sklen\u011bn\u00e1 japonsk\u00e1 miska | Matcha Moya\" \/>\n<meta property=\"og:description\" content=\"Chawan Cloud je ur\u010den k pit\u00ed matcha \u010daje a je vyroben z dvojit\u00e9ho skla. Tvarovan\u00fd podle stalet\u00e9 japonsk\u00e9 tradice z Kj\u00f3ta.\" \/>\n<meta property=\"og:url\" content=\"https:\/\/matchamoya.cz\/en\/shop\/originalni-cajove-prislusenstvi\/chawan-cloud-sklenena-miska-na-piti-japonskeho-caje-moya\/\" \/>\n<meta property=\"og:site_name\" content=\"Matcha Moya\" \/>\n<meta property=\"article:modified_time\" content=\"2026-03-23T09:57:52+00:00\" \/>\n<meta property=\"og:image\" content=\"https:\/\/matchamoya.cz\/wp-content\/uploads\/2023\/05\/Glass-Matcha-bowl-1.jpg\" \/>\n\t<meta property=\"og:image:width\" content=\"800\" \/>\n\t<meta property=\"og:image:height\" content=\"800\" \/>\n\t<meta property=\"og:image:type\" content=\"image\/jpeg\" \/>\n<meta name=\"twitter:card\" content=\"summary_large_image\" \/>\n<meta name=\"twitter:label1\" content=\"Est. reading time\" \/>\n\t<meta name=\"twitter:data1\" content=\"1 minute\" \/>\n<!-- \/ Yoast SEO plugin. -->","yoast_head_json":{"title":"Chawan Cloud \u2013 sklen\u011bn\u00e1 japonsk\u00e1 miska | Matcha Moya","description":"Chawan Cloud je ur\u010den k pit\u00ed matcha \u010daje a je vyroben z dvojit\u00e9ho skla. Tvarovan\u00fd podle stalet\u00e9 japonsk\u00e9 tradice z Kj\u00f3ta.","robots":{"index":"index","follow":"follow","max-snippet":"max-snippet:-1","max-image-preview":"max-image-preview:large","max-video-preview":"max-video-preview:-1"},"canonical":"https:\/\/matchamoya.cz\/en\/shop\/originalni-cajove-prislusenstvi\/chawan-cloud-sklenena-miska-na-piti-japonskeho-caje-moya\/","og_locale":"en_US","og_type":"article","og_title":"Chawan Cloud \u2013 sklen\u011bn\u00e1 japonsk\u00e1 miska | Matcha Moya","og_description":"Chawan Cloud je ur\u010den k pit\u00ed matcha \u010daje a je vyroben z dvojit\u00e9ho skla. Tvarovan\u00fd podle stalet\u00e9 japonsk\u00e9 tradice z Kj\u00f3ta.","og_url":"https:\/\/matchamoya.cz\/en\/shop\/originalni-cajove-prislusenstvi\/chawan-cloud-sklenena-miska-na-piti-japonskeho-caje-moya\/","og_site_name":"Matcha Moya","article_modified_time":"2026-03-23T09:57:52+00:00","og_image":[{"width":800,"height":800,"url":"https:\/\/matchamoya.cz\/wp-content\/uploads\/2023\/05\/Glass-Matcha-bowl-1.jpg","type":"image\/jpeg"}],"twitter_card":"summary_large_image","twitter_misc":{"Est. reading time":"1 minute"},"schema":{"@context":"https:\/\/schema.org","@graph":[{"@type":"WebPage","@id":"https:\/\/matchamoya.cz\/en\/shop\/originalni-cajove-prislusenstvi\/chawan-cloud-sklenena-miska-na-piti-japonskeho-caje-moya\/","url":"https:\/\/matchamoya.cz\/en\/shop\/originalni-cajove-prislusenstvi\/chawan-cloud-sklenena-miska-na-piti-japonskeho-caje-moya\/","name":"Chawan Cloud \u2013 sklen\u011bn\u00e1 japonsk\u00e1 miska | Matcha Moya","isPartOf":{"@id":"https:\/\/matchamoya.cz\/en\/#website"},"primaryImageOfPage":{"@id":"https:\/\/matchamoya.cz\/en\/shop\/originalni-cajove-prislusenstvi\/chawan-cloud-sklenena-miska-na-piti-japonskeho-caje-moya\/#primaryimage"},"image":{"@id":"https:\/\/matchamoya.cz\/en\/shop\/originalni-cajove-prislusenstvi\/chawan-cloud-sklenena-miska-na-piti-japonskeho-caje-moya\/#primaryimage"},"thumbnailUrl":"https:\/\/matchamoya.cz\/wp-content\/uploads\/2023\/05\/Glass-Matcha-bowl-1.jpg","datePublished":"2023-05-18T07:27:33+00:00","dateModified":"2026-03-23T09:57:52+00:00","description":"Chawan Cloud je ur\u010den k pit\u00ed matcha \u010daje a je vyroben z dvojit\u00e9ho skla. Tvarovan\u00fd podle stalet\u00e9 japonsk\u00e9 tradice z Kj\u00f3ta.","breadcrumb":{"@id":"https:\/\/matchamoya.cz\/en\/shop\/originalni-cajove-prislusenstvi\/chawan-cloud-sklenena-miska-na-piti-japonskeho-caje-moya\/#breadcrumb"},"inLanguage":"en-US","potentialAction":[{"@type":"ReadAction","target":["https:\/\/matchamoya.cz\/en\/shop\/originalni-cajove-prislusenstvi\/chawan-cloud-sklenena-miska-na-piti-japonskeho-caje-moya\/"]}]},{"@type":"ImageObject","inLanguage":"en-US","@id":"https:\/\/matchamoya.cz\/en\/shop\/originalni-cajove-prislusenstvi\/chawan-cloud-sklenena-miska-na-piti-japonskeho-caje-moya\/#primaryimage","url":"https:\/\/matchamoya.cz\/wp-content\/uploads\/2023\/05\/Glass-Matcha-bowl-1.jpg","contentUrl":"https:\/\/matchamoya.cz\/wp-content\/uploads\/2023\/05\/Glass-Matcha-bowl-1.jpg","width":800,"height":800,"caption":"chawan cloud z dvojiteho skla"},{"@type":"BreadcrumbList","@id":"https:\/\/matchamoya.cz\/en\/shop\/originalni-cajove-prislusenstvi\/chawan-cloud-sklenena-miska-na-piti-japonskeho-caje-moya\/#breadcrumb","itemListElement":[{"@type":"ListItem","position":1,"name":"Dom\u016f","item":"https:\/\/matchamoya.cz\/"},{"@type":"ListItem","position":2,"name":"E-SHOP","item":"https:\/\/matchamoya.cz\/shop\/"},{"@type":"ListItem","position":3,"name":"Chawan Cloud \u2013 origin\u00e1ln\u00ed miska z dvojit\u00e9ho skla na pit\u00ed \u010daje matcha Moya"}]},{"@type":"WebSite","@id":"https:\/\/matchamoya.cz\/en\/#website","url":"https:\/\/matchamoya.cz\/en\/","name":"Matcha Moya","description":"Matcha Moya","publisher":{"@id":"https:\/\/matchamoya.cz\/en\/#organization"},"potentialAction":[{"@type":"SearchAction","target":{"@type":"EntryPoint","urlTemplate":"https:\/\/matchamoya.cz\/en\/?s={search_term_string}"},"query-input":{"@type":"PropertyValueSpecification","valueRequired":true,"valueName":"search_term_string"}}],"inLanguage":"en-US"},{"@type":"Organization","@id":"https:\/\/matchamoya.cz\/en\/#organization","name":"Moya Matcha","url":"https:\/\/matchamoya.cz\/en\/","logo":{"@type":"ImageObject","inLanguage":"en-US","@id":"https:\/\/matchamoya.cz\/en\/#\/schema\/logo\/image\/","url":"https:\/\/matchamoya.cz\/wp-content\/uploads\/2020\/03\/MOYA_Logo_Green-Black_02.png","contentUrl":"https:\/\/matchamoya.cz\/wp-content\/uploads\/2020\/03\/MOYA_Logo_Green-Black_02.png","width":313,"height":310,"caption":"Moya Matcha"},"image":{"@id":"https:\/\/matchamoya.cz\/en\/#\/schema\/logo\/image\/"}}]}},"_links":{"self":[{"href":"https:\/\/matchamoya.cz\/en\/wp-json\/wp\/v2\/product\/2067"}],"collection":[{"href":"https:\/\/matchamoya.cz\/en\/wp-json\/wp\/v2\/product"}],"about":[{"href":"https:\/\/matchamoya.cz\/en\/wp-json\/wp\/v2\/types\/product"}],"replies":[{"embeddable":true,"href":"https:\/\/matchamoya.cz\/en\/wp-json\/wp\/v2\/comments?post=2067"}],"wp:featuredmedia":[{"embeddable":true,"href":"https:\/\/matchamoya.cz\/en\/wp-json\/wp\/v2\/media\/2069"}],"wp:attachment":[{"href":"https:\/\/matchamoya.cz\/en\/wp-json\/wp\/v2\/media?parent=2067"}],"wp:term":[{"taxonomy":"product_cat","embeddable":true,"href":"https:\/\/matchamoya.cz\/en\/wp-json\/wp\/v2\/product_cat?post=2067"},{"taxonomy":"product_tag","embeddable":true,"href":"https:\/\/matchamoya.cz\/en\/wp-json\/wp\/v2\/product_tag?post=2067"}],"curies":[{"name":"wp","href":"https:\/\/api.w.org\/{rel}","templated":true}]}}