{"id":2137,"date":"2023-08-16T19:34:13","date_gmt":"2023-08-16T19:34:13","guid":{"rendered":"https:\/\/matchamoya.cz\/?post_type=product&#038;p=2137"},"modified":"2026-03-16T20:27:45","modified_gmt":"2026-03-16T20:27:45","slug":"premiovy-nejkvalitnejsi-japonsky-caj-bio-matcha-250g-v-sacku-moya","status":"publish","type":"product","link":"https:\/\/matchamoya.cz\/en\/shop\/matcha-japonske-zelene-caje-moya\/premiovy-nejkvalitnejsi-japonsky-caj-bio-matcha-250g-v-sacku-moya\/","title":{"rendered":"Pr\u00e9miov\u00fd nejkvalitn\u011bj\u0161\u00ed japonsk\u00fd \u010daj BIO matcha 250g v s\u00e1\u010dku &#8211; Moya"},"content":{"rendered":"<h1>Pr\u00e9miov\u00fd nejkvalitn\u011bj\u0161\u00ed japonsk\u00fd \u010daj BIO matcha 250g v s\u00e1\u010dku &#8211; Moya<\/h1>\n<p><strong>Nejkvalitn\u011bj\u0161\u00ed pr\u00e9miov\u00fd stupe\u0148 organick\u00e9 matcha z\u00a01. sklizn\u011b z nejmlad\u0161\u00edch a nej<\/strong><strong>jemn\u011bj\u0161\u00edch l\u00edstk\u016f zelen\u00e9ho \u010daje<\/strong>. <strong>M\u00e1 bohatou jemnou sladkou chu\u0165 a kr\u00e9movou texturu<\/strong>. Vyzna\u010duje se z\u00e1\u0159ivou nefritovou zelenou barvou.<\/p>\n<p><span style=\"font-size: 14.4px;\">Stupe\u0148 japonsk\u00e9 <\/span><strong style=\"font-size: 14.4px;\"><a href=\"https:\/\/matchamoya.cz\/moya-matcha-stupne-kvality\/\">Moya Matcha Premium<\/a><\/strong><span style=\"font-size: 14.4px;\"> se z\u00edsk\u00e1v\u00e1 v 1. sklizni z \u010dajovn\u00edk\u016f, kter\u00e9 jsou speci\u00e1ln\u011b zast\u00edn\u011bny p\u0159ed p\u0159\u00edm\u00fdm\u00a0slune\u010dn\u00edm sv\u011btlem. V\u00fdsledkem je vy\u0161\u0161\u00ed obsah chlorofylu a L-th<\/span>eaninu a bohat\u0161\u00ed, zelen\u011bj\u0161\u00ed nefr<span style=\"font-size: 14.4px;\">itov\u00e1 barva. Skl\u00edzej\u00ed se, su\u0161\u00ed se a rozemelou se na pr\u00e1\u0161ek pouze ty nejjemn\u011bj\u0161\u00ed a nejmlad\u0161\u00ed \u010de<\/span><span style=\"font-size: 14.4px;\">rstv\u00e9 l\u00edstky zelen\u00e9ho \u010daje.<\/span><\/p>\n<p>Kvalitn\u00ed \u010daj BIO Moya Matcha Premium je pe\u010dliv\u011b p\u011bstov\u00e1na na mal\u00fdch, rodinn\u00fdch biocertifikovan\u00fdch pol\u00edch v japonsk\u00e9m Uji, regionu zn\u00e1m\u00e9m pro nejvy\u0161\u0161\u00ed kvalitu zelen\u00e9ho \u010daje matcha d\u00edky sv\u00e9mu jedine\u010dn\u00e9mu mikroklimatu. Ka\u017e<span style=\"font-size: 14.4px;\">d\u00e1 \u0161ar\u017ee na\u0161eho organick\u00e9ho matcha je pe\u010dliv\u011b kontrolov\u00e1na na mo\u017en\u00e9 chemick\u00e9 zbytky a jeho kvalita je potvrz<\/span><span style=\"font-size: 14.4px;\">ena p\u0159\u00edsn\u00fdmi japonsk\u00fdmi standardy a ekologickou certifikac\u00ed. Moya Matcha se pak zpracov\u00e1v\u00e1 lok\u00e1ln\u011b, hermeticky zabal\u00ed a expeduje v mal\u00fdch d\u00e1vk\u00e1ch, aby se zajistila maxim\u00e1ln\u00ed \u010derstvost. <\/span>V\u00edce o <strong><a href=\"https:\/\/matchamoya.cz\/produkce-a-puvod\/\">produkci a p\u016fvodu Moya Matcha<\/a><\/strong> si m\u016f\u017eete p\u0159e\u010d\u00edst ve speci\u00e1ln\u00ed sekci na\u0161eho webu.<\/p>\n<h1><span style=\"font-size: 23.04px; color: #333333;\">N\u00e1vod k p\u0159\u00edprav\u011b Matcha Premium (pr\u00e9miov\u00fd, exkluzivn\u00ed stupe\u0148):<\/span><\/h1>\n<p><span style=\"color: #333333; font-size: 14.4px;\">P\u0159\u00edprava \u010daje matcha nen\u00ed \u010dasov\u011b n\u00e1ro\u010dn\u00e1, a nevy\u017eaduje \u017e\u00e1dn\u00e9 zvl\u00e1\u0161tn\u00ed dovednosti. Je to jemn\u00fd pr\u00e1\u0161ek, kter\u00fd se sm\u00edch\u00e1 s vodou. K tomuto \u00fa\u010delu m\u016f\u017eete pou\u017e\u00edt jak tradi\u010dn\u00ed \u0161leh\u00e1n\u00ed bam<\/span><span style=\"font-size: 14.4px;\">busovou metli\u010dkou (chasen), tak klasickou metli\u010dkou \u010di elektrick\u00fd nap\u011b\u0148ova\u010d ml\u00e9ka.<\/span><\/p>\n<div id=\"row-700258351\" class=\"row\">\n<div class=\"col small-12 large-12\">\n<div class=\"col-inner\"><span style=\"font-size: 14.4px; color: #555555;\"><strong>Tradi\u010dn\u00ed zp\u016fsob p\u0159\u00edpravy \u010daje matcha<\/strong> poch\u00e1z\u00ed z japonsk\u00e9ho \u010dajov\u00e9ho ob\u0159adu (chanoy<\/span><span style=\"font-size: 14.4px; color: #555555;\">u). K p\u0159\u00edprav\u011b n\u00e1poje pot\u0159ebujeme misku (<\/span><strong><a style=\"font-size: 14.4px;\" href=\"https:\/\/matchamoya.cz\/originalni-cajove-prislusenstvi\/\">chawan<\/a><\/strong><span style=\"font-size: 14.4px; color: #555555;\">), bambusovou <\/span><span style=\"font-size: 14.4px; color: #555555;\">metli\u010dku (<\/span><strong><a style=\"font-size: 14.4px;\" href=\"https:\/\/matchamoya.cz\/originalni-cajove-prislusenstvi\/\">chasen<\/a><\/strong><span style=\"font-size: 14.4px; color: #555555;\">) a bamb<\/span><span style=\"font-size: 14.4px; color: #555555;\">usovou lopatku (<\/span><strong><a style=\"font-size: 14.4px;\" href=\"https:\/\/matchamoya.cz\/originalni-cajove-prislusenstvi\/\">chashaku<\/a><\/strong><span style=\"font-size: 14.4px; color: #555555;\">). <\/span>Do misky vlo\u017ete dv\u011b l\u017ei\u010dky matchy bambusovou lopatkou (chashaku), zalijte 100 ml hork\u00e9 vody (80 \u00b0 C) a rozm\u00edchejte bambusovou metli\u010dkou (chasen), a\u017e se vytvo\u0159\u00ed hust\u00e1 zelen\u00e1 p\u011bna. Dolejte n\u00e1poj vodou na 200 &#8211; 250 ml. Stejn\u011b jako u k\u00e1vy, n\u011bkte\u0159\u00ed lid\u00e9 r\u00e1di pij\u00ed siln\u00e9 matcha espresso, jin\u00ed d\u00e1vaj\u00ed p\u0159ednost p\u0159id\u00e1n\u00ed v\u00edce vody a na\u0159ed\u011bn\u00ed. Konzumujte.<\/div>\n<\/div>\n<\/div>\n<div><\/div>\n<div id=\"row-700258351\" class=\"row\">\n<div class=\"col small-12 large-12\">\n<div class=\"col-inner\"><span style=\"font-size: 14.4px;\"><strong>N\u00e1poj lze p\u0159ipravit a konzumovat za studena<\/strong>, aby byl velmi osv\u011b\u017euj\u00edc\u00ed. Vysypejte s\u00e1\u010dek 1,5 g matcha do lahve se studenou vodou a prom\u00edchejte. Konzumujte.<\/span><\/div>\n<\/div>\n<\/div>\n<p><strong>Video<\/strong> od spoluzakladatelky zna\u010dky\u00a0<span style=\"font-size: 14.4px;\">Moya Hitomi Saito, <\/span><strong style=\"font-size: 14.4px;\"><a href=\"https:\/\/matchamoya.cz\/jak-pripravit-matchu\/\">jak si p\u0159ipravit spr\u00e1vn\u011b matchu<\/a><\/strong><span style=\"font-size: 14.4px;\">, m\u016f\u017eete naj\u00edt ve speci\u00e1ln\u00ed sekci na\u0161eho webu.<\/span><\/p>\n<p><strong>ZEM\u011a P\u016eVODU:<\/strong> Uji, prefektura Kyoto, Japonsko<br \/>\n<strong>CHU\u0164:<\/strong> umami, bohat\u00e1 jemn\u00e1 sladk\u00e1 chu\u0165<br \/>\n<strong>DOPORU\u010cUJEME PRO:<\/strong> ceremoni\u00e1l matcha, n\u00e1poj s teplou \/ studenou vodou<br \/>\n<strong>SLO\u017dEN\u00cd:<\/strong> 100% organick\u00fd zelen\u00fd \u010daj matcha z prvot\u0159\u00eddn\u00edch list\u016f 1. sklizn\u011b<\/p>\n\n  \n    <div class=\"row large-columns-4 medium-columns- small-columns-2\">\n          <div class=\"gallery-col col\" >\n          <div class=\"col-inner\">\n            <a class=\"image-lightbox lightbox-gallery\" href=\"https:\/\/matchamoya.cz\/wp-content\/uploads\/2020\/05\/moya-matcha-premium-ls2.png\" title=\"\">            <div class=\"box has-hover gallery-box box-overlay dark\">\n              <div class=\"box-image\" >\n                <img loading=\"lazy\" decoding=\"async\" width=\"460\" height=\"400\" src=\"https:\/\/matchamoya.cz\/wp-content\/uploads\/2020\/05\/moya-matcha-premium-ls2-460x400.png\" class=\"attachment-medium size-medium\" alt=\"moya-matcha-bio-premiovy-stupen-chasen-chawan-miska\" ids=\"932,933\" srcset=\"https:\/\/matchamoya.cz\/wp-content\/uploads\/2020\/05\/moya-matcha-premium-ls2-460x400.png 460w, https:\/\/matchamoya.cz\/wp-content\/uploads\/2020\/05\/moya-matcha-premium-ls2.png 513w\" sizes=\"(max-width: 460px) 100vw, 460px\" \/>                                  <div class=\"overlay fill\"\n                      style=\"background-color: rgba(0,0,0,.15)\">\n                  <\/div>\n                                                              <\/div><!-- .image -->\n              <div class=\"box-text text-left\" >\n                 <p><\/p>\n              <\/div><!-- .text -->\n            <\/div><!-- .box -->\n            <\/a>          <\/div><!-- .col-inner -->\n         <\/div><!-- .col -->\n                 <div class=\"gallery-col col\" >\n          <div class=\"col-inner\">\n            <a class=\"image-lightbox lightbox-gallery\" href=\"https:\/\/matchamoya.cz\/wp-content\/uploads\/2020\/05\/moya-matcha-premium-ls3.png\" title=\"\">            <div class=\"box has-hover gallery-box box-overlay dark\">\n              <div class=\"box-image\" >\n                <img loading=\"lazy\" decoding=\"async\" width=\"501\" height=\"400\" src=\"https:\/\/matchamoya.cz\/wp-content\/uploads\/2020\/05\/moya-matcha-premium-ls3-501x400.png\" class=\"attachment-medium size-medium\" alt=\"moya-matcha-bio-premiovy-stupen-chasen-chawan-miska\" ids=\"932,933\" srcset=\"https:\/\/matchamoya.cz\/wp-content\/uploads\/2020\/05\/moya-matcha-premium-ls3-501x400.png 501w, https:\/\/matchamoya.cz\/wp-content\/uploads\/2020\/05\/moya-matcha-premium-ls3.png 514w\" sizes=\"(max-width: 501px) 100vw, 501px\" \/>                                  <div class=\"overlay fill\"\n                      style=\"background-color: rgba(0,0,0,.15)\">\n                  <\/div>\n                                                              <\/div><!-- .image -->\n              <div class=\"box-text text-left\" >\n                 <p><\/p>\n              <\/div><!-- .text -->\n            <\/div><!-- .box -->\n            <\/a>          <\/div><!-- .col-inner -->\n         <\/div><!-- .col -->\n         <\/div>","protected":false},"excerpt":{"rendered":"<p><strong>Nejkvalitn\u011bj\u0161\u00ed pr\u00e9miov\u00fd stupe\u0148 organick\u00e9 matcha z\u00a01. sklizn\u011b z nejmlad\u0161\u00edch a nejjemn\u011bj\u0161\u00edch l\u00edstk\u016f zelen\u00e9ho \u010daje<\/strong>. M\u00e1 bohatou jemnou sladkou chu\u0165 a kr\u00e9movou texturu. Vyzna\u010duje se z\u00e1\u0159ivou nefritovou zelenou barvou. V\u00edce o <strong><a href=\"https:\/\/matchamoya.cz\/produkce-a-puvod\/\">produkci a p\u016fvodu Moya Matcha<\/a><\/strong> si m\u016f\u017eete p\u0159e\u010d\u00edst ve speci\u00e1ln\u00ed sekci na\u0161eho webu.<\/p>\n<p><strong>ZEM\u011a P\u016eVODU:<\/strong> Uji, prefektura Kyoto, Japonsko<br \/>\n<strong>CHU\u0164:<\/strong> umami, bohat\u00e1 jemn\u00e1 sladk\u00e1 chu\u0165<br \/>\n<strong>DOPORU\u010cUJEME PRO:<\/strong> ceremoni\u00e1l matcha, n\u00e1poj s teplou \/ studenou vodou<br \/>\n<strong>SLO\u017dEN\u00cd:<\/strong> 100% organick\u00fd zelen\u00fd \u010daj matcha z prvot\u0159\u00eddn\u00edch list\u016f 1. sklizn\u011b<\/p>\n<p>Cena v posledn\u00edch 30 dnech: 3.390,- K\u010d<\/p>\n<p><a href=\"https:\/\/matchamoya.cz\/produkce-a-puvod\/\"><img loading=\"lazy\" decoding=\"async\" class=\"alignnone wp-image-1234\" src=\"https:\/\/matchamoya.cz\/wp-content\/uploads\/2020\/04\/certifikat-bio-matcha-caj-moya-461x400.jpg\" alt=\"certifikat-bio-matcha-caj-moya\" width=\"151\" height=\"131\" srcset=\"https:\/\/matchamoya.cz\/wp-content\/uploads\/2020\/04\/certifikat-bio-matcha-caj-moya-461x400.jpg 461w, https:\/\/matchamoya.cz\/wp-content\/uploads\/2020\/04\/certifikat-bio-matcha-caj-moya-922x800.jpg 922w, https:\/\/matchamoya.cz\/wp-content\/uploads\/2020\/04\/certifikat-bio-matcha-caj-moya-768x666.jpg 768w, https:\/\/matchamoya.cz\/wp-content\/uploads\/2020\/04\/certifikat-bio-matcha-caj-moya-14x12.jpg 14w, https:\/\/matchamoya.cz\/wp-content\/uploads\/2020\/04\/certifikat-bio-matcha-caj-moya-600x521.jpg 600w, https:\/\/matchamoya.cz\/wp-content\/uploads\/2020\/04\/certifikat-bio-matcha-caj-moya.jpg 1180w\" sizes=\"(max-width: 151px) 100vw, 151px\" \/><\/a><img loading=\"lazy\" decoding=\"async\" class=\"alignnone wp-image-1050\" src=\"https:\/\/matchamoya.cz\/wp-content\/uploads\/2021\/03\/zeleny-caj-matcha-uji-region-japonsko-mapa-400x400.jpg\" alt=\"zeleny-caj-matcha-uji-region-japonsko-mapa\" width=\"130\" height=\"130\" srcset=\"https:\/\/matchamoya.cz\/wp-content\/uploads\/2021\/03\/zeleny-caj-matcha-uji-region-japonsko-mapa-400x400.jpg 400w, https:\/\/matchamoya.cz\/wp-content\/uploads\/2021\/03\/zeleny-caj-matcha-uji-region-japonsko-mapa-280x280.jpg 280w, https:\/\/matchamoya.cz\/wp-content\/uploads\/2021\/03\/zeleny-caj-matcha-uji-region-japonsko-mapa-768x768.jpg 768w, https:\/\/matchamoya.cz\/wp-content\/uploads\/2021\/03\/zeleny-caj-matcha-uji-region-japonsko-mapa-12x12.jpg 12w, https:\/\/matchamoya.cz\/wp-content\/uploads\/2021\/03\/zeleny-caj-matcha-uji-region-japonsko-mapa-300x300.jpg 300w, https:\/\/matchamoya.cz\/wp-content\/uploads\/2021\/03\/zeleny-caj-matcha-uji-region-japonsko-mapa-600x600.jpg 600w, https:\/\/matchamoya.cz\/wp-content\/uploads\/2021\/03\/zeleny-caj-matcha-uji-region-japonsko-mapa-100x100.jpg 100w, https:\/\/matchamoya.cz\/wp-content\/uploads\/2021\/03\/zeleny-caj-matcha-uji-region-japonsko-mapa.jpg 800w\" sizes=\"(max-width: 130px) 100vw, 130px\" \/><\/p>","protected":false},"featured_media":1540,"comment_status":"open","ping_status":"closed","template":"","meta":[],"product_cat":[130,68],"product_tag":[],"class_list":{"0":"post-2137","1":"product","2":"type-product","3":"status-publish","4":"has-post-thumbnail","6":"product_cat-akcni-zbozi","7":"product_cat-matcha-japonske-zelene-caje-moya","8":"product_shipping_class-dobra-dodani","10":"first","11":"instock","12":"featured","13":"taxable","14":"shipping-taxable","15":"purchasable","16":"product-type-simple"},"yoast_head":"<!-- This site is optimized with the Yoast SEO plugin v23.4 - https:\/\/yoast.com\/wordpress\/plugins\/seo\/ -->\n<title>Pr\u00e9miov\u00fd nejkvalitn\u011bj\u0161\u00ed japonsk\u00fd \u010daj BIO matcha 250g | Matcha Moya<\/title>\n<meta name=\"description\" content=\"Nejkvalitn\u011bj\u0161\u00ed pr\u00e9miov\u00fd stupe\u0148 organick\u00e9 matcha z\u00a01. sklizn\u011b z nejmlad\u0161\u00edch a nejjemn\u011bj\u0161\u00edch l\u00edstk\u016f zelen\u00e9ho \u010daje s nefritovou barvou.\" \/>\n<meta name=\"robots\" content=\"index, follow, max-snippet:-1, max-image-preview:large, max-video-preview:-1\" \/>\n<link rel=\"canonical\" href=\"https:\/\/matchamoya.cz\/en\/shop\/matcha-japonske-zelene-caje-moya\/premiovy-nejkvalitnejsi-japonsky-caj-bio-matcha-250g-v-sacku-moya\/\" \/>\n<meta property=\"og:locale\" content=\"en_US\" \/>\n<meta property=\"og:type\" content=\"article\" \/>\n<meta property=\"og:title\" content=\"Pr\u00e9miov\u00fd nejkvalitn\u011bj\u0161\u00ed japonsk\u00fd \u010daj BIO matcha 250g | Matcha Moya\" \/>\n<meta property=\"og:description\" content=\"Nejkvalitn\u011bj\u0161\u00ed pr\u00e9miov\u00fd stupe\u0148 organick\u00e9 matcha z\u00a01. sklizn\u011b z nejmlad\u0161\u00edch a nejjemn\u011bj\u0161\u00edch l\u00edstk\u016f zelen\u00e9ho \u010daje s nefritovou barvou.\" \/>\n<meta property=\"og:url\" content=\"https:\/\/matchamoya.cz\/en\/shop\/matcha-japonske-zelene-caje-moya\/premiovy-nejkvalitnejsi-japonsky-caj-bio-matcha-250g-v-sacku-moya\/\" \/>\n<meta property=\"og:site_name\" content=\"Matcha Moya\" \/>\n<meta property=\"article:modified_time\" content=\"2026-03-16T20:27:45+00:00\" \/>\n<meta property=\"og:image\" content=\"https:\/\/matchamoya.cz\/wp-content\/uploads\/2022\/02\/premiovy-zeleny-caj-matcha-moya-100g-1.jpg\" \/>\n\t<meta property=\"og:image:width\" content=\"500\" \/>\n\t<meta property=\"og:image:height\" content=\"497\" \/>\n\t<meta property=\"og:image:type\" content=\"image\/jpeg\" \/>\n<meta name=\"twitter:card\" content=\"summary_large_image\" \/>\n<meta name=\"twitter:label1\" content=\"Est. reading time\" \/>\n\t<meta name=\"twitter:data1\" content=\"3 minutes\" \/>\n<!-- \/ Yoast SEO plugin. -->","yoast_head_json":{"title":"Pr\u00e9miov\u00fd nejkvalitn\u011bj\u0161\u00ed japonsk\u00fd \u010daj BIO matcha 250g | Matcha Moya","description":"Nejkvalitn\u011bj\u0161\u00ed pr\u00e9miov\u00fd stupe\u0148 organick\u00e9 matcha z\u00a01. sklizn\u011b z nejmlad\u0161\u00edch a nejjemn\u011bj\u0161\u00edch l\u00edstk\u016f zelen\u00e9ho \u010daje s nefritovou barvou.","robots":{"index":"index","follow":"follow","max-snippet":"max-snippet:-1","max-image-preview":"max-image-preview:large","max-video-preview":"max-video-preview:-1"},"canonical":"https:\/\/matchamoya.cz\/en\/shop\/matcha-japonske-zelene-caje-moya\/premiovy-nejkvalitnejsi-japonsky-caj-bio-matcha-250g-v-sacku-moya\/","og_locale":"en_US","og_type":"article","og_title":"Pr\u00e9miov\u00fd nejkvalitn\u011bj\u0161\u00ed japonsk\u00fd \u010daj BIO matcha 250g | Matcha Moya","og_description":"Nejkvalitn\u011bj\u0161\u00ed pr\u00e9miov\u00fd stupe\u0148 organick\u00e9 matcha z\u00a01. sklizn\u011b z nejmlad\u0161\u00edch a nejjemn\u011bj\u0161\u00edch l\u00edstk\u016f zelen\u00e9ho \u010daje s nefritovou barvou.","og_url":"https:\/\/matchamoya.cz\/en\/shop\/matcha-japonske-zelene-caje-moya\/premiovy-nejkvalitnejsi-japonsky-caj-bio-matcha-250g-v-sacku-moya\/","og_site_name":"Matcha Moya","article_modified_time":"2026-03-16T20:27:45+00:00","og_image":[{"width":500,"height":497,"url":"https:\/\/matchamoya.cz\/wp-content\/uploads\/2022\/02\/premiovy-zeleny-caj-matcha-moya-100g-1.jpg","type":"image\/jpeg"}],"twitter_card":"summary_large_image","twitter_misc":{"Est. reading time":"3 minutes"},"schema":{"@context":"https:\/\/schema.org","@graph":[{"@type":"WebPage","@id":"https:\/\/matchamoya.cz\/en\/shop\/matcha-japonske-zelene-caje-moya\/premiovy-nejkvalitnejsi-japonsky-caj-bio-matcha-250g-v-sacku-moya\/","url":"https:\/\/matchamoya.cz\/en\/shop\/matcha-japonske-zelene-caje-moya\/premiovy-nejkvalitnejsi-japonsky-caj-bio-matcha-250g-v-sacku-moya\/","name":"Pr\u00e9miov\u00fd nejkvalitn\u011bj\u0161\u00ed japonsk\u00fd \u010daj BIO matcha 250g | Matcha Moya","isPartOf":{"@id":"https:\/\/matchamoya.cz\/en\/#website"},"primaryImageOfPage":{"@id":"https:\/\/matchamoya.cz\/en\/shop\/matcha-japonske-zelene-caje-moya\/premiovy-nejkvalitnejsi-japonsky-caj-bio-matcha-250g-v-sacku-moya\/#primaryimage"},"image":{"@id":"https:\/\/matchamoya.cz\/en\/shop\/matcha-japonske-zelene-caje-moya\/premiovy-nejkvalitnejsi-japonsky-caj-bio-matcha-250g-v-sacku-moya\/#primaryimage"},"thumbnailUrl":"https:\/\/matchamoya.cz\/wp-content\/uploads\/2022\/02\/premiovy-zeleny-caj-matcha-moya-100g-1.jpg","datePublished":"2023-08-16T19:34:13+00:00","dateModified":"2026-03-16T20:27:45+00:00","description":"Nejkvalitn\u011bj\u0161\u00ed pr\u00e9miov\u00fd stupe\u0148 organick\u00e9 matcha z\u00a01. sklizn\u011b z nejmlad\u0161\u00edch a nejjemn\u011bj\u0161\u00edch l\u00edstk\u016f zelen\u00e9ho \u010daje s nefritovou barvou.","breadcrumb":{"@id":"https:\/\/matchamoya.cz\/en\/shop\/matcha-japonske-zelene-caje-moya\/premiovy-nejkvalitnejsi-japonsky-caj-bio-matcha-250g-v-sacku-moya\/#breadcrumb"},"inLanguage":"en-US","potentialAction":[{"@type":"ReadAction","target":["https:\/\/matchamoya.cz\/en\/shop\/matcha-japonske-zelene-caje-moya\/premiovy-nejkvalitnejsi-japonsky-caj-bio-matcha-250g-v-sacku-moya\/"]}]},{"@type":"ImageObject","inLanguage":"en-US","@id":"https:\/\/matchamoya.cz\/en\/shop\/matcha-japonske-zelene-caje-moya\/premiovy-nejkvalitnejsi-japonsky-caj-bio-matcha-250g-v-sacku-moya\/#primaryimage","url":"https:\/\/matchamoya.cz\/wp-content\/uploads\/2022\/02\/premiovy-zeleny-caj-matcha-moya-100g-1.jpg","contentUrl":"https:\/\/matchamoya.cz\/wp-content\/uploads\/2022\/02\/premiovy-zeleny-caj-matcha-moya-100g-1.jpg","width":500,"height":497,"caption":"matcha-premium-japonsky-caj-luxusni"},{"@type":"BreadcrumbList","@id":"https:\/\/matchamoya.cz\/en\/shop\/matcha-japonske-zelene-caje-moya\/premiovy-nejkvalitnejsi-japonsky-caj-bio-matcha-250g-v-sacku-moya\/#breadcrumb","itemListElement":[{"@type":"ListItem","position":1,"name":"Dom\u016f","item":"https:\/\/matchamoya.cz\/"},{"@type":"ListItem","position":2,"name":"E-SHOP","item":"https:\/\/matchamoya.cz\/shop\/"},{"@type":"ListItem","position":3,"name":"Pr\u00e9miov\u00fd nejkvalitn\u011bj\u0161\u00ed japonsk\u00fd \u010daj BIO matcha 250g v s\u00e1\u010dku &#8211; Moya"}]},{"@type":"WebSite","@id":"https:\/\/matchamoya.cz\/en\/#website","url":"https:\/\/matchamoya.cz\/en\/","name":"Matcha Moya","description":"Matcha Moya","publisher":{"@id":"https:\/\/matchamoya.cz\/en\/#organization"},"potentialAction":[{"@type":"SearchAction","target":{"@type":"EntryPoint","urlTemplate":"https:\/\/matchamoya.cz\/en\/?s={search_term_string}"},"query-input":{"@type":"PropertyValueSpecification","valueRequired":true,"valueName":"search_term_string"}}],"inLanguage":"en-US"},{"@type":"Organization","@id":"https:\/\/matchamoya.cz\/en\/#organization","name":"Moya Matcha","url":"https:\/\/matchamoya.cz\/en\/","logo":{"@type":"ImageObject","inLanguage":"en-US","@id":"https:\/\/matchamoya.cz\/en\/#\/schema\/logo\/image\/","url":"https:\/\/matchamoya.cz\/wp-content\/uploads\/2020\/03\/MOYA_Logo_Green-Black_02.png","contentUrl":"https:\/\/matchamoya.cz\/wp-content\/uploads\/2020\/03\/MOYA_Logo_Green-Black_02.png","width":313,"height":310,"caption":"Moya Matcha"},"image":{"@id":"https:\/\/matchamoya.cz\/en\/#\/schema\/logo\/image\/"}}]}},"_links":{"self":[{"href":"https:\/\/matchamoya.cz\/en\/wp-json\/wp\/v2\/product\/2137"}],"collection":[{"href":"https:\/\/matchamoya.cz\/en\/wp-json\/wp\/v2\/product"}],"about":[{"href":"https:\/\/matchamoya.cz\/en\/wp-json\/wp\/v2\/types\/product"}],"replies":[{"embeddable":true,"href":"https:\/\/matchamoya.cz\/en\/wp-json\/wp\/v2\/comments?post=2137"}],"wp:featuredmedia":[{"embeddable":true,"href":"https:\/\/matchamoya.cz\/en\/wp-json\/wp\/v2\/media\/1540"}],"wp:attachment":[{"href":"https:\/\/matchamoya.cz\/en\/wp-json\/wp\/v2\/media?parent=2137"}],"wp:term":[{"taxonomy":"product_cat","embeddable":true,"href":"https:\/\/matchamoya.cz\/en\/wp-json\/wp\/v2\/product_cat?post=2137"},{"taxonomy":"product_tag","embeddable":true,"href":"https:\/\/matchamoya.cz\/en\/wp-json\/wp\/v2\/product_tag?post=2137"}],"curies":[{"name":"wp","href":"https:\/\/api.w.org\/{rel}","templated":true}]}}