{"id":2138,"date":"2023-08-16T19:40:31","date_gmt":"2023-08-16T19:40:31","guid":{"rendered":"https:\/\/matchamoya.cz\/?post_type=product&#038;p=2138"},"modified":"2024-08-17T13:35:07","modified_gmt":"2024-08-17T13:35:07","slug":"gastro-baleni-japonsky-ryzovo-zeleny-caj-bio-genmaicha-1kg-moya","status":"publish","type":"product","link":"https:\/\/matchamoya.cz\/en\/shop\/tradicni-japonske-listove-zelene-caje\/gastro-baleni-japonsky-ryzovo-zeleny-caj-bio-genmaicha-1kg-moya\/","title":{"rendered":"Gastro balen\u00ed japonsk\u00fd r\u00fd\u017eovo-zelen\u00fd \u010daj BIO GENMAICHA 1Kg &#8211; Moya"},"content":{"rendered":"<h1>GENMAICHA: KULTOVN\u00cd R\u00dd\u017dOVO-ZELEN\u00dd \u010cAJ<\/h1>\n<p>Genmaicha je sladk\u00fd, lehce o\u0159echov\u00fd, aromatick\u00fd, rezav\u011b zbarven\u00fd \u010daj. Jeho chu\u0165 &#8211; ta, kterou zn\u00e1me ze sushi bar\u016f a japonsk\u00fdch restaurac\u00ed &#8211; je mimo\u0159\u00e1dn\u011b nezapomenuteln\u00e1. Legenda prav\u00ed, \u017ee sluha \u0161\u00f3gunu Hakone omylem podal sv\u00e9mu p\u00e1novi \u010daj s ukraden\u00fdmi zrnky r\u00fd\u017ee, kter\u00e9 m\u011bl v kapse. Tato chyba ho st\u00e1la \u017eivot, ale \u0161\u00f3gun m\u011bl chu\u0165 tak r\u00e1d, \u017ee se rozhodl ji zahrnout do sv\u00e9 ka\u017edodenn\u00ed stravy. Tak vznikla genmaicha, dnes zn\u00e1m\u00e1 tak\u00e9 jako \u201epopcorn tea\u201c. Kdysi to bylo pova\u017eov\u00e1no za n\u00e1poj ni\u017e\u0161\u00edch t\u0159\u00edd, proto\u017ee lid\u00e9 p\u0159id\u00e1vali levn\u00e9 r\u00fd\u017eov\u00e9 zrna, aby zv\u00fd\u0161ili objem \u010dist\u00e9 senchy. Moya Genmaicha se ekologicky p\u011bstuje na ostrov\u011b Kj\u00fa\u0161\u00fa.<\/p>\n<p><strong>Vlastnosti \u010daje Genmaicha:<\/strong><\/p>\n<p>\u010caj Genmaicha obsahuje st\u0159edn\u00ed hladinu kofeinu. Pom\u00e1h\u00e1 za\u017e\u00edvac\u00ed soustav\u011b, proto se tradi\u010dn\u011b pod\u00e1v\u00e1 k j\u00eddlu. B\u011bhem dlouh\u00fdch obdob\u00ed p\u016fstu se buddhisti\u010dt\u00ed mni\u0161i \u010dasto \u017eivili jen genmaichou. Stejn\u011b jako ostatn\u00ed japonsk\u00e9 zelen\u00e9 \u010daje je genmaicha bohat\u00fdm zdrojem katechin\u016f a antioxidant\u016f. Pit\u00ed genmaicha pom\u00e1h\u00e1 zpomalit procesy st\u00e1rnut\u00ed, zbavit se toxin\u016f, sn\u00ed\u017eit hladinu \u0161patn\u00e9ho cholesterolu, sn\u00ed\u017eit hladinu cukru<span style=\"font-size: 14.4px;\">\u00a0a zlep\u0161it zdrav\u00ed zub\u016f. Genmaicha se doporu\u010duje p\u0159i prevenci r\u016fzn\u00fdch chorob, proto\u017ee jej\u00ed listy obsahuj\u00ed snadno vst\u0159ebateln\u00fd vitamin C, bet<\/span><span style=\"font-size: 14.4px;\">a karoten, kyselinu listovou, drasl\u00edk, v\u00e1pn\u00edk a fosfor.<\/span><\/p>\n<p><strong>Obsah:<\/strong> 50% organick\u00fd zelen\u00fd \u010daj Sencha 50% organick\u00e1 r\u00fd\u017ee<img loading=\"lazy\" decoding=\"async\" class=\"size-medium wp-image-925 alignright\" src=\"https:\/\/matchamoya.cz\/wp-content\/uploads\/2020\/04\/Moya-Genmaicha-Organic-Leaf-Green-Tea-3-500x400.jpg\" alt=\"genmaicha-\u010daj-detail\" width=\"500\" height=\"400\" srcset=\"https:\/\/matchamoya.cz\/wp-content\/uploads\/2020\/04\/Moya-Genmaicha-Organic-Leaf-Green-Tea-3-500x400.jpg 500w, https:\/\/matchamoya.cz\/wp-content\/uploads\/2020\/04\/Moya-Genmaicha-Organic-Leaf-Green-Tea-3.jpg 513w\" sizes=\"(max-width: 500px) 100vw, 500px\" \/><\/p>\n<p><strong>Zem\u011b p\u016fvodu:<\/strong> Japonsko, Kagoshima, ostrov Kyushu<\/p>\n<p><strong>Chu\u0165: <\/strong>m\u00e1slov\u011b-sladk\u00e1 chu\u0165 a o\u0159echov\u00e1 v\u016fn\u011b<\/p>\n<p><strong>Barva: <\/strong>sv\u011btle \u017elut\u00fd odst\u00edn<\/p>\n<p><strong>Doba sklizn\u011b:\u00a0<\/strong>V\u017edy aktu\u00e1ln\u00ed leto\u0161n\u00ed sklize\u0148<\/p>\n<p><strong>\u010cist\u00e1 hmotnost:<\/strong> 1 Kg<\/p>\n<p><strong>Balen\u00ed:<\/strong> zipov\u00fd uzav\u00edrateln\u00fd PP s\u00e1\u010dek zabra\u0148uj\u00edc\u00ed vysych\u00e1n\u00ed \u010daje<\/p>\n<p><strong style=\"font-size: 14.4px;\">P\u0159\u00edprava:<\/strong><\/p>\n<p>Mno\u017estv\u00ed: 2-3 g \/ 150 ml\u00a0<span style=\"font-size: 14.4px;\">vody<\/span><\/p>\n<p>Doba louhov\u00e1n\u00ed (infuze): 2 &#8211; 3 min<\/p>\n<p>Teplota vody: 70 &#8211; 80 \u00b0 C<\/p>\n<p>Mo\u017enost opakovan\u00e9 infuze: ANO, maxim\u00e1ln\u011b 3 x<\/p>","protected":false},"excerpt":{"rendered":"<p>Tradi\u010dn\u00ed sm\u011bs zelen\u00e9ho \u010daje sencha a zrn pra\u017een\u00e9 hn\u011bd\u00e9 r\u00fd\u017ee. Po namo\u010den\u00ed vytv\u00e1\u0159\u00ed osv\u011b\u017euj\u00edc\u00ed, m\u00e1slov\u011b sladkou chu\u0165, o\u0159echovou v\u016fni a sv\u011btle \u017elut\u00fd odst\u00edn. Je zn\u00e1mo, \u017ee Genmaicha <strong>pom\u00e1h\u00e1 zlep\u0161ovat funkci tr\u00e1vic\u00edho syst\u00e9mu<\/strong> a je tradi\u010dn\u011b konzumov\u00e1n p\u0159i j\u00eddle.<\/p>\n<p>Moya Genmaicha se p\u011bstuje na mal\u00fdch biocertifikovan\u00fdch rodinn\u00fdch farm\u00e1ch na ostrov\u011b Kyushu, nejji\u017en\u011bji polo\u017een\u00e9 \u010dajov\u00e9 oblasti v Japonsku.<\/p>\n<p><strong>Obsah:<\/strong> 50% organick\u00fd zelen\u00fd \u010daj Sencha 50% organick\u00e1 r\u00fd\u017ee<\/p>\n<p><strong>Zem\u011b p\u016fvodu:<\/strong> Japonsko, Kagoshima, ostrov Kyushu<\/p>\n<p><strong>Chu\u0165: <\/strong>m\u00e1slov\u011b-sladk\u00e1 chu\u0165 a o\u0159echov\u00e1 v\u016fn\u011b<\/p>\n<p><strong>Barva: <\/strong>sv\u011btle \u017elut\u00fd odst\u00edn<\/p>\n<p><strong>Doba sklizn\u011b:\u00a0<\/strong>V\u017edy aktu\u00e1ln\u00ed leto\u0161n\u00ed sklize\u0148<\/p>\n<p><strong>\u010cist\u00e1 hmotnost:<\/strong> 1 Kg<\/p>\n<p><strong>Balen\u00ed:<\/strong> zipov\u00fd uzav\u00edrateln\u00fd PP s\u00e1\u010dek zabra\u0148uj\u00edc\u00ed vysych\u00e1n\u00ed \u010daje<\/p>\n<p><strong>P\u0159\u00edprava:<\/strong><\/p>\n<p>Mno\u017estv\u00ed: 2-3 g \/ 150 ml vody<\/p>\n<p>Doba louhov\u00e1n\u00ed (infuze): 2 &#8211; 3 min<\/p>\n<p>Teplota vody: 70 &#8211; 80 \u00b0 C<\/p>\n<p>Mo\u017enost opakovan\u00e9 infuze: ANO, maxim\u00e1ln\u011b 3 x<\/p>","protected":false},"featured_media":925,"comment_status":"open","ping_status":"closed","template":"","meta":[],"product_cat":[75],"product_tag":[],"class_list":{"0":"post-2138","1":"product","2":"type-product","3":"status-publish","4":"has-post-thumbnail","6":"product_cat-tradicni-japonske-listove-zelene-caje","7":"product_shipping_class-dobra-dodani","9":"first","10":"instock","11":"taxable","12":"shipping-taxable","13":"purchasable","14":"product-type-simple"},"yoast_head":"<!-- This site is optimized with the Yoast SEO plugin v23.4 - https:\/\/yoast.com\/wordpress\/plugins\/seo\/ -->\n<title>Gastro balen\u00ed japonsk\u00fd r\u00fd\u017eovo-zelen\u00fd \u010daj BIO GENMAICHA 1Kg | Matcha Moya<\/title>\n<meta name=\"description\" content=\"Genmaicha je sladk\u00fd, lehce o\u0159echov\u00fd, aromatick\u00fd, rezav\u011b zbarven\u00fd \u010daj. Jeho chu\u0165 - ta, kterou zn\u00e1me ze sushi bar\u016f a japonsk\u00fdch restaurac\u00ed.\" \/>\n<meta name=\"robots\" content=\"index, follow, max-snippet:-1, max-image-preview:large, max-video-preview:-1\" \/>\n<link rel=\"canonical\" href=\"https:\/\/matchamoya.cz\/en\/shop\/tradicni-japonske-listove-zelene-caje\/gastro-baleni-japonsky-ryzovo-zeleny-caj-bio-genmaicha-1kg-moya\/\" \/>\n<meta property=\"og:locale\" content=\"en_US\" \/>\n<meta property=\"og:type\" content=\"article\" \/>\n<meta property=\"og:title\" content=\"Gastro balen\u00ed japonsk\u00fd r\u00fd\u017eovo-zelen\u00fd \u010daj BIO GENMAICHA 1Kg | Matcha Moya\" \/>\n<meta property=\"og:description\" content=\"Genmaicha je sladk\u00fd, lehce o\u0159echov\u00fd, aromatick\u00fd, rezav\u011b zbarven\u00fd \u010daj. Jeho chu\u0165 - ta, kterou zn\u00e1me ze sushi bar\u016f a japonsk\u00fdch restaurac\u00ed.\" \/>\n<meta property=\"og:url\" content=\"https:\/\/matchamoya.cz\/en\/shop\/tradicni-japonske-listove-zelene-caje\/gastro-baleni-japonsky-ryzovo-zeleny-caj-bio-genmaicha-1kg-moya\/\" \/>\n<meta property=\"og:site_name\" content=\"Matcha Moya\" \/>\n<meta property=\"article:modified_time\" content=\"2024-08-17T13:35:07+00:00\" \/>\n<meta property=\"og:image\" content=\"https:\/\/matchamoya.cz\/wp-content\/uploads\/2020\/04\/Moya-Genmaicha-Organic-Leaf-Green-Tea-3.jpg\" \/>\n\t<meta property=\"og:image:width\" content=\"513\" \/>\n\t<meta property=\"og:image:height\" content=\"410\" \/>\n\t<meta property=\"og:image:type\" content=\"image\/jpeg\" \/>\n<meta name=\"twitter:card\" content=\"summary_large_image\" \/>\n<meta name=\"twitter:label1\" content=\"Est. reading time\" \/>\n\t<meta name=\"twitter:data1\" content=\"2 minutes\" \/>\n<!-- \/ Yoast SEO plugin. -->","yoast_head_json":{"title":"Gastro balen\u00ed japonsk\u00fd r\u00fd\u017eovo-zelen\u00fd \u010daj BIO GENMAICHA 1Kg | Matcha Moya","description":"Genmaicha je sladk\u00fd, lehce o\u0159echov\u00fd, aromatick\u00fd, rezav\u011b zbarven\u00fd \u010daj. Jeho chu\u0165 - ta, kterou zn\u00e1me ze sushi bar\u016f a japonsk\u00fdch restaurac\u00ed.","robots":{"index":"index","follow":"follow","max-snippet":"max-snippet:-1","max-image-preview":"max-image-preview:large","max-video-preview":"max-video-preview:-1"},"canonical":"https:\/\/matchamoya.cz\/en\/shop\/tradicni-japonske-listove-zelene-caje\/gastro-baleni-japonsky-ryzovo-zeleny-caj-bio-genmaicha-1kg-moya\/","og_locale":"en_US","og_type":"article","og_title":"Gastro balen\u00ed japonsk\u00fd r\u00fd\u017eovo-zelen\u00fd \u010daj BIO GENMAICHA 1Kg | Matcha Moya","og_description":"Genmaicha je sladk\u00fd, lehce o\u0159echov\u00fd, aromatick\u00fd, rezav\u011b zbarven\u00fd \u010daj. Jeho chu\u0165 - ta, kterou zn\u00e1me ze sushi bar\u016f a japonsk\u00fdch restaurac\u00ed.","og_url":"https:\/\/matchamoya.cz\/en\/shop\/tradicni-japonske-listove-zelene-caje\/gastro-baleni-japonsky-ryzovo-zeleny-caj-bio-genmaicha-1kg-moya\/","og_site_name":"Matcha Moya","article_modified_time":"2024-08-17T13:35:07+00:00","og_image":[{"width":513,"height":410,"url":"https:\/\/matchamoya.cz\/wp-content\/uploads\/2020\/04\/Moya-Genmaicha-Organic-Leaf-Green-Tea-3.jpg","type":"image\/jpeg"}],"twitter_card":"summary_large_image","twitter_misc":{"Est. reading time":"2 minutes"},"schema":{"@context":"https:\/\/schema.org","@graph":[{"@type":"WebPage","@id":"https:\/\/matchamoya.cz\/en\/shop\/tradicni-japonske-listove-zelene-caje\/gastro-baleni-japonsky-ryzovo-zeleny-caj-bio-genmaicha-1kg-moya\/","url":"https:\/\/matchamoya.cz\/en\/shop\/tradicni-japonske-listove-zelene-caje\/gastro-baleni-japonsky-ryzovo-zeleny-caj-bio-genmaicha-1kg-moya\/","name":"Gastro balen\u00ed japonsk\u00fd r\u00fd\u017eovo-zelen\u00fd \u010daj BIO GENMAICHA 1Kg | Matcha Moya","isPartOf":{"@id":"https:\/\/matchamoya.cz\/en\/#website"},"primaryImageOfPage":{"@id":"https:\/\/matchamoya.cz\/en\/shop\/tradicni-japonske-listove-zelene-caje\/gastro-baleni-japonsky-ryzovo-zeleny-caj-bio-genmaicha-1kg-moya\/#primaryimage"},"image":{"@id":"https:\/\/matchamoya.cz\/en\/shop\/tradicni-japonske-listove-zelene-caje\/gastro-baleni-japonsky-ryzovo-zeleny-caj-bio-genmaicha-1kg-moya\/#primaryimage"},"thumbnailUrl":"https:\/\/matchamoya.cz\/wp-content\/uploads\/2020\/04\/Moya-Genmaicha-Organic-Leaf-Green-Tea-3.jpg","datePublished":"2023-08-16T19:40:31+00:00","dateModified":"2024-08-17T13:35:07+00:00","description":"Genmaicha je sladk\u00fd, lehce o\u0159echov\u00fd, aromatick\u00fd, rezav\u011b zbarven\u00fd \u010daj. Jeho chu\u0165 - ta, kterou zn\u00e1me ze sushi bar\u016f a japonsk\u00fdch restaurac\u00ed.","breadcrumb":{"@id":"https:\/\/matchamoya.cz\/en\/shop\/tradicni-japonske-listove-zelene-caje\/gastro-baleni-japonsky-ryzovo-zeleny-caj-bio-genmaicha-1kg-moya\/#breadcrumb"},"inLanguage":"en-US","potentialAction":[{"@type":"ReadAction","target":["https:\/\/matchamoya.cz\/en\/shop\/tradicni-japonske-listove-zelene-caje\/gastro-baleni-japonsky-ryzovo-zeleny-caj-bio-genmaicha-1kg-moya\/"]}]},{"@type":"ImageObject","inLanguage":"en-US","@id":"https:\/\/matchamoya.cz\/en\/shop\/tradicni-japonske-listove-zelene-caje\/gastro-baleni-japonsky-ryzovo-zeleny-caj-bio-genmaicha-1kg-moya\/#primaryimage","url":"https:\/\/matchamoya.cz\/wp-content\/uploads\/2020\/04\/Moya-Genmaicha-Organic-Leaf-Green-Tea-3.jpg","contentUrl":"https:\/\/matchamoya.cz\/wp-content\/uploads\/2020\/04\/Moya-Genmaicha-Organic-Leaf-Green-Tea-3.jpg","width":513,"height":410,"caption":"moya-genmaicha-bio-zeleny-caj-japonsky-detail"},{"@type":"BreadcrumbList","@id":"https:\/\/matchamoya.cz\/en\/shop\/tradicni-japonske-listove-zelene-caje\/gastro-baleni-japonsky-ryzovo-zeleny-caj-bio-genmaicha-1kg-moya\/#breadcrumb","itemListElement":[{"@type":"ListItem","position":1,"name":"Dom\u016f","item":"https:\/\/matchamoya.cz\/"},{"@type":"ListItem","position":2,"name":"E-SHOP","item":"https:\/\/matchamoya.cz\/shop\/"},{"@type":"ListItem","position":3,"name":"Gastro balen\u00ed japonsk\u00fd r\u00fd\u017eovo-zelen\u00fd \u010daj BIO GENMAICHA 1Kg &#8211; Moya"}]},{"@type":"WebSite","@id":"https:\/\/matchamoya.cz\/en\/#website","url":"https:\/\/matchamoya.cz\/en\/","name":"Matcha Moya","description":"Matcha Moya","publisher":{"@id":"https:\/\/matchamoya.cz\/en\/#organization"},"potentialAction":[{"@type":"SearchAction","target":{"@type":"EntryPoint","urlTemplate":"https:\/\/matchamoya.cz\/en\/?s={search_term_string}"},"query-input":{"@type":"PropertyValueSpecification","valueRequired":true,"valueName":"search_term_string"}}],"inLanguage":"en-US"},{"@type":"Organization","@id":"https:\/\/matchamoya.cz\/en\/#organization","name":"Moya Matcha","url":"https:\/\/matchamoya.cz\/en\/","logo":{"@type":"ImageObject","inLanguage":"en-US","@id":"https:\/\/matchamoya.cz\/en\/#\/schema\/logo\/image\/","url":"https:\/\/matchamoya.cz\/wp-content\/uploads\/2020\/03\/MOYA_Logo_Green-Black_02.png","contentUrl":"https:\/\/matchamoya.cz\/wp-content\/uploads\/2020\/03\/MOYA_Logo_Green-Black_02.png","width":313,"height":310,"caption":"Moya Matcha"},"image":{"@id":"https:\/\/matchamoya.cz\/en\/#\/schema\/logo\/image\/"}}]}},"_links":{"self":[{"href":"https:\/\/matchamoya.cz\/en\/wp-json\/wp\/v2\/product\/2138"}],"collection":[{"href":"https:\/\/matchamoya.cz\/en\/wp-json\/wp\/v2\/product"}],"about":[{"href":"https:\/\/matchamoya.cz\/en\/wp-json\/wp\/v2\/types\/product"}],"replies":[{"embeddable":true,"href":"https:\/\/matchamoya.cz\/en\/wp-json\/wp\/v2\/comments?post=2138"}],"wp:featuredmedia":[{"embeddable":true,"href":"https:\/\/matchamoya.cz\/en\/wp-json\/wp\/v2\/media\/925"}],"wp:attachment":[{"href":"https:\/\/matchamoya.cz\/en\/wp-json\/wp\/v2\/media?parent=2138"}],"wp:term":[{"taxonomy":"product_cat","embeddable":true,"href":"https:\/\/matchamoya.cz\/en\/wp-json\/wp\/v2\/product_cat?post=2138"},{"taxonomy":"product_tag","embeddable":true,"href":"https:\/\/matchamoya.cz\/en\/wp-json\/wp\/v2\/product_tag?post=2138"}],"curies":[{"name":"wp","href":"https:\/\/api.w.org\/{rel}","templated":true}]}}