{"id":2230,"date":"2023-11-11T13:27:33","date_gmt":"2023-11-11T13:27:33","guid":{"rendered":"https:\/\/matchamoya.cz\/?post_type=product&#038;p=2230"},"modified":"2026-03-27T08:37:32","modified_gmt":"2026-03-27T08:37:32","slug":"matcha-iri-genmaicha-60g-specialni-organicky-zeleny-caj-moya","status":"publish","type":"product","link":"https:\/\/matchamoya.cz\/en\/shop\/tradicni-japonske-listove-zelene-caje\/matcha-iri-genmaicha-60g-specialni-organicky-zeleny-caj-moya\/","title":{"rendered":"MATCHA iri GENMAICHA 60g speci\u00e1ln\u00ed organick\u00fd japonsk\u00fd zelen\u00fd \u010daj &#8211; MOYA"},"content":{"rendered":"<h1>MATCHA iri GENMAICHA 60g speci\u00e1ln\u00ed organick\u00fd japonsk\u00fd zelen\u00fd \u010daj &#8211; MOYA<\/h1>\n<p><strong>MATCHA IRI GENMAICHA: SPECI\u00c1LN\u00cd ZELEN\u00dd \u010cAJ Z JAPONSKA<\/strong><br \/>\n<strong>Moya Matcha Iri Genmaicha<\/strong> je chutn\u00e1, zdrav\u00e1 sm\u011bs na\u0161eho bestselleru organick\u00e9ho zelen\u00e9ho \u010daje genmaicha a Matcha Daily. Obsahuje jemn\u00e9 listy sencha, pra\u017eenou organickou hn\u011bdou r\u00fd\u017ei, kter\u00e9 se v japon\u0161tin\u011b \u0159\u00edk\u00e1 \u201egenmai\u201c a jemn\u011b mletou organicky certifikovanou matchu. Chu\u0165 Matcha Iri Genmaicha je jemn\u00e1 a p\u0159ipom\u00edn\u00e1 sladk\u00e9 \u010derstv\u00e9 rann\u00ed m\u00e1slo se siln\u00fdmi mo\u0159sk\u00fdmi t\u00f3ny umami. Po uva\u0159en\u00ed tento \u010daj vypust\u00ed siln\u00e9 pra\u017een\u00e9 aroma a odkryje kr\u00e1snou sv\u011btlou, limetkovou barvu.<strong> Zelen\u00fd \u010daj, doporu\u010den\u00fd pro ka\u017ed\u00e9ho milovn\u00edka zelen\u00e9ho \u010daje, ocen\u00ed p\u0159edev\u0161\u00edm ti, kte\u0159\u00ed miluj\u00ed sushi, chu\u0165 umami a denn\u011b jim chyb\u00ed autentick\u00e1 asijsk\u00e1 j\u00eddla.<\/strong><\/p>\n<p><strong>VLASTNOSTI ZELEN\u00c9HO \u010cAJE MATCHA IRI GENMAICHA<\/strong><br \/>\nToto jedine\u010dn\u00e9 slo\u017een\u00ed pr\u00e1\u0161ku ze zelen\u00e9ho \u010daje matcha a listov\u00e9ho \u010daje genmaicha nen\u00ed tolik energizuj\u00edc\u00ed jako b\u011b\u017en\u00fd matcha, ale p\u0159esto v\u00edce povzbuzuje ne\u017e b\u011b\u017en\u00fd zelen\u00fd \u010daj s r\u00fd\u017e\u00ed \u2013 mezi t\u011bmito dv\u011bma lahodn\u00fdmi \u010daji m\u00e1 sv\u00e9 m\u00edsto. D\u00edky L-theaninu a kofeinu obsa\u017een\u00fdm v matchi je nejlep\u0161\u00ed p\u00edt r\u00e1no a p\u0159ed odpolednem, nap\u0159\u00edklad m\u00edsto k\u00e1vy nebo energetick\u00e9ho n\u00e1poje. Matcha Iri Genmaicha m\u016f\u017ee b\u00fdt velmi n\u00e1pomocn\u00e1 p\u0159i tr\u00e1ven\u00ed. M\u016f\u017ee to b\u00fdt tak\u00e9 zdrav\u00e1 pochoutka pro va\u0161e chu\u0165ov\u00e9 poh\u00e1rky! <strong>Jako ka\u017ed\u00fd jin\u00fd kvalitn\u00ed listov\u00fd zelen\u00fd \u010daj je Matcha Iri Genmaicha zn\u00e1m\u00fdm zdrojem antioxidant\u016f, kter\u00e9 jsou prosp\u011b\u0161n\u00e9 pro prevenci st\u00e1rnut\u00ed bun\u011bk v lidsk\u00e9m t\u011ble.<\/strong><\/p>\n<p><strong>P\u0158\u00cdPRAVA ZELEN\u00c9HO \u010cAJE MATCHA IRI GENMAICHA<\/strong><\/p>\n<p><img loading=\"lazy\" decoding=\"async\" class=\"size-medium wp-image-2231 alignright\" style=\"color: #555555;\" src=\"https:\/\/matchamoya.cz\/wp-content\/uploads\/2023\/11\/Moya-Iri-Genmaicha-Organic-Green-Tea-1-400x400.jpg\" alt=\"matcha-iri-genmaicha-specialni-zeleny-caj\" width=\"400\" height=\"400\" srcset=\"https:\/\/matchamoya.cz\/wp-content\/uploads\/2023\/11\/Moya-Iri-Genmaicha-Organic-Green-Tea-1-400x400.jpg 400w, https:\/\/matchamoya.cz\/wp-content\/uploads\/2023\/11\/Moya-Iri-Genmaicha-Organic-Green-Tea-1-800x800.jpg 800w, https:\/\/matchamoya.cz\/wp-content\/uploads\/2023\/11\/Moya-Iri-Genmaicha-Organic-Green-Tea-1-280x280.jpg 280w, https:\/\/matchamoya.cz\/wp-content\/uploads\/2023\/11\/Moya-Iri-Genmaicha-Organic-Green-Tea-1-768x768.jpg 768w, https:\/\/matchamoya.cz\/wp-content\/uploads\/2023\/11\/Moya-Iri-Genmaicha-Organic-Green-Tea-1-12x12.jpg 12w, https:\/\/matchamoya.cz\/wp-content\/uploads\/2023\/11\/Moya-Iri-Genmaicha-Organic-Green-Tea-1-300x300.jpg 300w, https:\/\/matchamoya.cz\/wp-content\/uploads\/2023\/11\/Moya-Iri-Genmaicha-Organic-Green-Tea-1-600x600.jpg 600w, https:\/\/matchamoya.cz\/wp-content\/uploads\/2023\/11\/Moya-Iri-Genmaicha-Organic-Green-Tea-1-100x100.jpg 100w, https:\/\/matchamoya.cz\/wp-content\/uploads\/2023\/11\/Moya-Iri-Genmaicha-Organic-Green-Tea-1.jpg 1500w\" sizes=\"(max-width: 400px) 100vw, 400px\" \/><\/p>\n<p><strong>Mno\u017estv\u00ed:<\/strong> 2-3 g \/ 200 ml vody<\/p>\n<p><strong>Doba louhov\u00e1n\u00ed (infuze):<\/strong> 2-3 min<\/p>\n<p><strong>Teplota vody:<\/strong> 70-80 \u00b0 C<\/p>\n<p><strong>Mo\u017enost v\u00edcero louhov\u00e1n\u00ed (infuze):<\/strong> ANO, max. 2x<\/p>\n<p>&nbsp;<\/p>\n<p><strong>100% organick\u00fd zelen\u00fd japonsk\u00fd \u010daj Matcha iri Genmaicha<\/strong><\/p>\n<p><strong style=\"font-size: 14.4px;\">Zem\u011b p\u016fvodu:<\/strong><span style=\"font-size: 14.4px;\"> Japonsko, Kagoshima region, Ostrov Honsh\u00fa<\/span><\/p>\n<p><strong>Chu\u0165:<\/strong> Jemn\u00e1 a p\u0159ipom\u00edn\u00e1 sladk\u00e9 \u010derstv\u00e9 rann\u00ed m\u00e1slo se siln\u00fdmi mo\u0159sk\u00fdmi t\u00f3ny umami.<\/p>\n<p><strong>Barva:<\/strong> limetkov\u00e1 zelen\u00e1<\/p>\n<p><strong>Slo\u017een\u00ed:<\/strong> 49% organick\u00fd zelen\u00fd \u010daj, 48% organick\u00e1 r\u00fd\u017ee a 3% organick\u00fd \u010daj matcha.<\/p>\n<p><strong>Doba sklizn\u011b:<\/strong> v\u017edy aktu\u00e1ln\u00ed leto\u0161n\u00ed sklize\u0148<\/p>\n<p><strong>Hmotnost:<\/strong> 60 g<\/p>","protected":false},"excerpt":{"rendered":"<p><strong>MATCHA IRI GENMAICHA: SPECI\u00c1LN\u00cd ZELEN\u00dd \u010cAJ Z JAPONSKA<\/strong><br \/>\n<strong>Moya Matcha Iri Genmaicha<\/strong> je chutn\u00e1, zdrav\u00e1 sm\u011bs na\u0161eho bestselleru organick\u00e9ho zelen\u00e9ho \u010daje genmaicha a Matcha Daily. Obsahuje jemn\u00e9 listy sencha, pra\u017eenou organickou hn\u011bdou r\u00fd\u017ei, kter\u00e9 se v japon\u0161tin\u011b \u0159\u00edk\u00e1 \u201egenmai\u201c a jemn\u011b mletou organicky certifikovanou matchu. Chu\u0165 Matcha Iri Genmaicha je jemn\u00e1 a p\u0159ipom\u00edn\u00e1 sladk\u00e9 \u010derstv\u00e9 rann\u00ed m\u00e1slo se siln\u00fdmi mo\u0159sk\u00fdmi t\u00f3ny umami. Po uva\u0159en\u00ed tento \u010daj vypust\u00ed siln\u00e9 pra\u017een\u00e9 aroma a odkryje kr\u00e1snou sv\u011btlou, limetkovou barvu.<strong> Zelen\u00fd \u010daj, doporu\u010den\u00fd pro ka\u017ed\u00e9ho milovn\u00edka zelen\u00e9ho \u010daje, ocen\u00ed p\u0159edev\u0161\u00edm ti, kte\u0159\u00ed miluj\u00ed sushi, chu\u0165 umami a denn\u011b jim chyb\u00ed autentick\u00e1 asijsk\u00e1 j\u00eddla.<\/strong><\/p>\n<p>100% organick\u00fd zelen\u00fd \u010daj<\/p>\n<p><strong>Zem\u011b p\u016fvodu:<\/strong> Japonsko, ostrov Honsh\u00fa, Kagoshima region<\/p>\n<p><strong>Chu\u0165:<\/strong> Jemn\u00e1 a p\u0159ipom\u00edn\u00e1 sladk\u00e9 \u010derstv\u00e9 rann\u00ed m\u00e1slo se siln\u00fdmi mo\u0159sk\u00fdmi t\u00f3ny umami<\/p>\n<p><strong>Barva: <\/strong>limetkov\u011b zelen\u00e1<\/p>\n<p><strong>Slo\u017een\u00ed:<\/strong> 49% organick\u00fd zelen\u00fd \u010daj, 48% organick\u00e1 r\u00fd\u017ee a 3% organick\u00fd \u010daj matcha.<\/p>\n<p><strong>Doba sklizn\u011b:<\/strong> v\u017edy aktu\u00e1ln\u00ed leto\u0161n\u00ed sklize\u0148<\/p>\n<p><strong>Hmotnost:<\/strong> 60 g<\/p>\n<p><strong>P\u0159\u00edprava:<\/strong><\/p>\n<p>Mno\u017estv\u00ed: 2-3 g \/ 200 ml vody<\/p>\n<p>Doba louhov\u00e1n\u00ed (infuze): 2-3 min<\/p>\n<p>Teplota vody: 70-80 \u00b0 C<\/p>\n<p>Mo\u017enost v\u00edcero louhov\u00e1n\u00ed (infuze): ANO, max. 2x<\/p>\n<p>Cena v posledn\u00edch 30 dnech: 249,- K\u010d<\/p>","protected":false},"featured_media":2232,"comment_status":"open","ping_status":"closed","template":"","meta":[],"product_cat":[130,75],"product_tag":[],"class_list":{"0":"post-2230","1":"product","2":"type-product","3":"status-publish","4":"has-post-thumbnail","6":"product_cat-akcni-zbozi","7":"product_cat-tradicni-japonske-listove-zelene-caje","8":"product_shipping_class-dobra-dodani","10":"first","11":"instock","12":"sale","13":"featured","14":"taxable","15":"shipping-taxable","16":"purchasable","17":"product-type-simple"},"yoast_head":"<!-- This site is optimized with the Yoast SEO plugin v23.4 - https:\/\/yoast.com\/wordpress\/plugins\/seo\/ -->\n<title>Speci\u00e1ln\u00ed zelen\u00fd \u010daj matcha iri genmaicha | Matcha Moya<\/title>\n<meta name=\"description\" content=\"MATCHA iri GENMAICHA 60g speci\u00e1ln\u00ed organick\u00fd japonsk\u00fd zelen\u00fd \u010daj. Zelen\u00fd \u010daj doporu\u010den\u00fd pro milovn\u00edky Sushi a japonsk\u00e9 kuchyn\u011b.\" \/>\n<meta name=\"robots\" content=\"index, follow, max-snippet:-1, max-image-preview:large, max-video-preview:-1\" \/>\n<link rel=\"canonical\" href=\"https:\/\/matchamoya.cz\/en\/shop\/tradicni-japonske-listove-zelene-caje\/matcha-iri-genmaicha-60g-specialni-organicky-zeleny-caj-moya\/\" \/>\n<meta property=\"og:locale\" content=\"en_US\" \/>\n<meta property=\"og:type\" content=\"article\" \/>\n<meta property=\"og:title\" content=\"Speci\u00e1ln\u00ed zelen\u00fd \u010daj matcha iri genmaicha | Matcha Moya\" \/>\n<meta property=\"og:description\" content=\"MATCHA iri GENMAICHA 60g speci\u00e1ln\u00ed organick\u00fd japonsk\u00fd zelen\u00fd \u010daj. Zelen\u00fd \u010daj doporu\u010den\u00fd pro milovn\u00edky Sushi a japonsk\u00e9 kuchyn\u011b.\" \/>\n<meta property=\"og:url\" content=\"https:\/\/matchamoya.cz\/en\/shop\/tradicni-japonske-listove-zelene-caje\/matcha-iri-genmaicha-60g-specialni-organicky-zeleny-caj-moya\/\" \/>\n<meta property=\"og:site_name\" content=\"Matcha Moya\" \/>\n<meta property=\"article:modified_time\" content=\"2026-03-27T08:37:32+00:00\" \/>\n<meta property=\"og:image\" content=\"https:\/\/matchamoya.cz\/wp-content\/uploads\/2023\/11\/Moya-Iri-Genmaicha-Organic-Green-Tea-60g-front-1.jpg\" \/>\n\t<meta property=\"og:image:width\" content=\"1500\" \/>\n\t<meta property=\"og:image:height\" content=\"1500\" \/>\n\t<meta property=\"og:image:type\" content=\"image\/jpeg\" \/>\n<meta name=\"twitter:card\" content=\"summary_large_image\" \/>\n<meta name=\"twitter:label1\" content=\"Est. reading time\" \/>\n\t<meta name=\"twitter:data1\" content=\"2 minutes\" \/>\n<!-- \/ Yoast SEO plugin. -->","yoast_head_json":{"title":"Speci\u00e1ln\u00ed zelen\u00fd \u010daj matcha iri genmaicha | Matcha Moya","description":"MATCHA iri GENMAICHA 60g speci\u00e1ln\u00ed organick\u00fd japonsk\u00fd zelen\u00fd \u010daj. Zelen\u00fd \u010daj doporu\u010den\u00fd pro milovn\u00edky Sushi a japonsk\u00e9 kuchyn\u011b.","robots":{"index":"index","follow":"follow","max-snippet":"max-snippet:-1","max-image-preview":"max-image-preview:large","max-video-preview":"max-video-preview:-1"},"canonical":"https:\/\/matchamoya.cz\/en\/shop\/tradicni-japonske-listove-zelene-caje\/matcha-iri-genmaicha-60g-specialni-organicky-zeleny-caj-moya\/","og_locale":"en_US","og_type":"article","og_title":"Speci\u00e1ln\u00ed zelen\u00fd \u010daj matcha iri genmaicha | Matcha Moya","og_description":"MATCHA iri GENMAICHA 60g speci\u00e1ln\u00ed organick\u00fd japonsk\u00fd zelen\u00fd \u010daj. Zelen\u00fd \u010daj doporu\u010den\u00fd pro milovn\u00edky Sushi a japonsk\u00e9 kuchyn\u011b.","og_url":"https:\/\/matchamoya.cz\/en\/shop\/tradicni-japonske-listove-zelene-caje\/matcha-iri-genmaicha-60g-specialni-organicky-zeleny-caj-moya\/","og_site_name":"Matcha Moya","article_modified_time":"2026-03-27T08:37:32+00:00","og_image":[{"width":1500,"height":1500,"url":"https:\/\/matchamoya.cz\/wp-content\/uploads\/2023\/11\/Moya-Iri-Genmaicha-Organic-Green-Tea-60g-front-1.jpg","type":"image\/jpeg"}],"twitter_card":"summary_large_image","twitter_misc":{"Est. reading time":"2 minutes"},"schema":{"@context":"https:\/\/schema.org","@graph":[{"@type":"WebPage","@id":"https:\/\/matchamoya.cz\/en\/shop\/tradicni-japonske-listove-zelene-caje\/matcha-iri-genmaicha-60g-specialni-organicky-zeleny-caj-moya\/","url":"https:\/\/matchamoya.cz\/en\/shop\/tradicni-japonske-listove-zelene-caje\/matcha-iri-genmaicha-60g-specialni-organicky-zeleny-caj-moya\/","name":"Speci\u00e1ln\u00ed zelen\u00fd \u010daj matcha iri genmaicha | Matcha Moya","isPartOf":{"@id":"https:\/\/matchamoya.cz\/en\/#website"},"primaryImageOfPage":{"@id":"https:\/\/matchamoya.cz\/en\/shop\/tradicni-japonske-listove-zelene-caje\/matcha-iri-genmaicha-60g-specialni-organicky-zeleny-caj-moya\/#primaryimage"},"image":{"@id":"https:\/\/matchamoya.cz\/en\/shop\/tradicni-japonske-listove-zelene-caje\/matcha-iri-genmaicha-60g-specialni-organicky-zeleny-caj-moya\/#primaryimage"},"thumbnailUrl":"https:\/\/matchamoya.cz\/wp-content\/uploads\/2023\/11\/Moya-Iri-Genmaicha-Organic-Green-Tea-60g-front-1.jpg","datePublished":"2023-11-11T13:27:33+00:00","dateModified":"2026-03-27T08:37:32+00:00","description":"MATCHA iri GENMAICHA 60g speci\u00e1ln\u00ed organick\u00fd japonsk\u00fd zelen\u00fd \u010daj. Zelen\u00fd \u010daj doporu\u010den\u00fd pro milovn\u00edky Sushi a japonsk\u00e9 kuchyn\u011b.","breadcrumb":{"@id":"https:\/\/matchamoya.cz\/en\/shop\/tradicni-japonske-listove-zelene-caje\/matcha-iri-genmaicha-60g-specialni-organicky-zeleny-caj-moya\/#breadcrumb"},"inLanguage":"en-US","potentialAction":[{"@type":"ReadAction","target":["https:\/\/matchamoya.cz\/en\/shop\/tradicni-japonske-listove-zelene-caje\/matcha-iri-genmaicha-60g-specialni-organicky-zeleny-caj-moya\/"]}]},{"@type":"ImageObject","inLanguage":"en-US","@id":"https:\/\/matchamoya.cz\/en\/shop\/tradicni-japonske-listove-zelene-caje\/matcha-iri-genmaicha-60g-specialni-organicky-zeleny-caj-moya\/#primaryimage","url":"https:\/\/matchamoya.cz\/wp-content\/uploads\/2023\/11\/Moya-Iri-Genmaicha-Organic-Green-Tea-60g-front-1.jpg","contentUrl":"https:\/\/matchamoya.cz\/wp-content\/uploads\/2023\/11\/Moya-Iri-Genmaicha-Organic-Green-Tea-60g-front-1.jpg","width":1500,"height":1500,"caption":"matcha-iri-genmaicha-caj-pro-milovniky-sushi"},{"@type":"BreadcrumbList","@id":"https:\/\/matchamoya.cz\/en\/shop\/tradicni-japonske-listove-zelene-caje\/matcha-iri-genmaicha-60g-specialni-organicky-zeleny-caj-moya\/#breadcrumb","itemListElement":[{"@type":"ListItem","position":1,"name":"Dom\u016f","item":"https:\/\/matchamoya.cz\/"},{"@type":"ListItem","position":2,"name":"E-SHOP","item":"https:\/\/matchamoya.cz\/shop\/"},{"@type":"ListItem","position":3,"name":"MATCHA iri GENMAICHA 60g speci\u00e1ln\u00ed organick\u00fd japonsk\u00fd zelen\u00fd \u010daj &#8211; MOYA"}]},{"@type":"WebSite","@id":"https:\/\/matchamoya.cz\/en\/#website","url":"https:\/\/matchamoya.cz\/en\/","name":"Matcha Moya","description":"Matcha Moya","publisher":{"@id":"https:\/\/matchamoya.cz\/en\/#organization"},"potentialAction":[{"@type":"SearchAction","target":{"@type":"EntryPoint","urlTemplate":"https:\/\/matchamoya.cz\/en\/?s={search_term_string}"},"query-input":{"@type":"PropertyValueSpecification","valueRequired":true,"valueName":"search_term_string"}}],"inLanguage":"en-US"},{"@type":"Organization","@id":"https:\/\/matchamoya.cz\/en\/#organization","name":"Moya Matcha","url":"https:\/\/matchamoya.cz\/en\/","logo":{"@type":"ImageObject","inLanguage":"en-US","@id":"https:\/\/matchamoya.cz\/en\/#\/schema\/logo\/image\/","url":"https:\/\/matchamoya.cz\/wp-content\/uploads\/2020\/03\/MOYA_Logo_Green-Black_02.png","contentUrl":"https:\/\/matchamoya.cz\/wp-content\/uploads\/2020\/03\/MOYA_Logo_Green-Black_02.png","width":313,"height":310,"caption":"Moya Matcha"},"image":{"@id":"https:\/\/matchamoya.cz\/en\/#\/schema\/logo\/image\/"}}]}},"_links":{"self":[{"href":"https:\/\/matchamoya.cz\/en\/wp-json\/wp\/v2\/product\/2230"}],"collection":[{"href":"https:\/\/matchamoya.cz\/en\/wp-json\/wp\/v2\/product"}],"about":[{"href":"https:\/\/matchamoya.cz\/en\/wp-json\/wp\/v2\/types\/product"}],"replies":[{"embeddable":true,"href":"https:\/\/matchamoya.cz\/en\/wp-json\/wp\/v2\/comments?post=2230"}],"wp:featuredmedia":[{"embeddable":true,"href":"https:\/\/matchamoya.cz\/en\/wp-json\/wp\/v2\/media\/2232"}],"wp:attachment":[{"href":"https:\/\/matchamoya.cz\/en\/wp-json\/wp\/v2\/media?parent=2230"}],"wp:term":[{"taxonomy":"product_cat","embeddable":true,"href":"https:\/\/matchamoya.cz\/en\/wp-json\/wp\/v2\/product_cat?post=2230"},{"taxonomy":"product_tag","embeddable":true,"href":"https:\/\/matchamoya.cz\/en\/wp-json\/wp\/v2\/product_tag?post=2230"}],"curies":[{"name":"wp","href":"https:\/\/api.w.org\/{rel}","templated":true}]}}