{"id":2449,"date":"2024-02-17T12:32:32","date_gmt":"2024-02-17T12:32:32","guid":{"rendered":"https:\/\/matchamoya.cz\/?post_type=product&#038;p=2449"},"modified":"2026-03-23T09:57:53","modified_gmt":"2026-03-23T09:57:53","slug":"japonska-cajova-konvicka-kyusu-kuroshinju-na-zeleny-caj-moya-japan-kopirovat","status":"publish","type":"product","link":"https:\/\/matchamoya.cz\/en\/shop\/originalni-cajove-prislusenstvi\/japonska-cajova-konvicka-kyusu-kuroshinju-na-zeleny-caj-moya-japan-kopirovat\/","title":{"rendered":"Japonsk\u00e1 \u010dajov\u00e1 konvi\u010dka Kyusu Kuroshinju na zelen\u00fd \u010daj &#8211; Moya Japan"},"content":{"rendered":"<h1>Japonsk\u00e1 \u010dajov\u00e1 konvi\u010dka Kyusu Kuroshinju na zelen\u00fd \u010daj &#8211; Moya Japan<\/h1>\n<p><!--more--><\/p>\n<p><strong>Kyusu<\/strong> je typick\u00e1 japonsk\u00e1 konvi\u010dka s v\u00fdrazn\u00fdm bo\u010dn\u00edm uchem, ur\u010den\u00e1 pro p\u0159\u00edpravu listov\u00e9ho zelen\u00e9ho \u010daje. Slovo \u201ekyusu\u201c znamen\u00e1 \u201ehrnec\u201c nebo \u201ekonvice\u201c, a proto lze v Japonsku pod stejn\u00fdm n\u00e1zvem nal\u00e9zt mnoho n\u00e1dob ur\u010den\u00fdch k p\u0159\u00edprav\u011b listov\u00e9ho \u010daje. Kyusu Kuroshinju se vyr\u00e1b\u00ed z tradi\u010dn\u00ed hrn\u010d\u00ed\u0159sk\u00e9 hl\u00edny. N\u00e1doba m\u00e1 \u010dern\u00fd, leskl\u00fd povrch. Teprve na horn\u00ed \u010d\u00e1sti hrnce, na jeho sam\u00e9m okraji, prosv\u00edt\u00e1 rudn\u00e1 hl\u00edna skrz smalt. Uvnit\u0159 n\u00e1doby je kovov\u00e9 s\u00edtko, kter\u00e9 zabra\u0148uje vniknut\u00ed \u010dajov\u00fdch l\u00edstk\u016f do hrnku p\u0159i nal\u00e9v\u00e1n\u00ed \u010daje.<\/p>\n<p>Konvi\u010dka Arashi Kuroshinju je v\u00fdrobek z regionu <strong>Tokoname<\/strong>. Tokoname je jednou ze \u0161esti nejstar\u0161\u00edch tradi\u010dn\u00edch lokalit specializovan\u00fdch na v\u00fdrobu keramiky, kter\u00e1 se nach\u00e1z\u00ed na japonsk\u00e9m poloostrov\u011b Chita.<\/p>\n<p>Jak pou\u017e\u00edvat konvi\u010dku kyusu? Do hrnce vlo\u017e\u00edme \u010d\u00e1st su\u0161en\u00fdch \u010dajov\u00fdch l\u00edstk\u016f a uva\u0159\u00edme podle n\u00e1vodu na obalu. Uva\u0159en\u00fd \u010daj nalijte do hrnku dle v\u00fdb\u011bru. Zbyl\u00e9 listy znovu spa\u0159te nebo dejte do ko\u0161e ur\u010den\u00e9ho na bioodpad.<\/p>","protected":false},"excerpt":{"rendered":"<p>Tradi\u010dn\u00ed japonsk\u00e1 konvi\u010dka na p\u0159\u00edpravu <strong><a href=\"https:\/\/matchamoya.cz\/tradicni-japonske-listove-zelene-caje\/\">listov\u00e9ho zelen\u00e9ho \u010daje<\/a><\/strong> v \u010dern\u00e9m proveden\u00ed Kiroshinju.<\/p>\n<p>OBJEM: 360 ml<br \/>\nV\u00dd\u0160KA: 8,5 cm<br \/>\n\u0160\u00cd\u0158KA: 17 cm<br \/>\nD\u00c9LKA: 14 cm<br \/>\nZEM\u011a P\u016eVODU: Japonsko<\/p>\n<p>Mo\u017eno m\u00fdt v my\u010dce.<\/p>","protected":false},"featured_media":2450,"comment_status":"open","ping_status":"closed","template":"","meta":[],"product_cat":[70],"product_tag":[],"class_list":{"0":"post-2449","1":"product","2":"type-product","3":"status-publish","4":"has-post-thumbnail","6":"product_cat-originalni-cajove-prislusenstvi","7":"product_shipping_class-dobra-dodani","9":"first","10":"instock","11":"featured","12":"taxable","13":"shipping-taxable","14":"purchasable","15":"product-type-simple"},"yoast_head":"<!-- This site is optimized with the Yoast SEO plugin v23.4 - https:\/\/yoast.com\/wordpress\/plugins\/seo\/ -->\n<title>Japonsk\u00e1 \u010dajov\u00e1 konvi\u010dka Kyusu Kuroshinju | Matcha Moya<\/title>\n<meta name=\"description\" content=\"Kyusu je typick\u00e1 japonsk\u00e1 konvi\u010dka s v\u00fdrazn\u00fdm bo\u010dn\u00edm uchem, ur\u010den\u00e1 pro p\u0159\u00edpravu listov\u00e9ho zelen\u00e9ho \u010daje a poch\u00e1z\u00ed z regionu Tokaname.\" \/>\n<meta name=\"robots\" content=\"index, follow, max-snippet:-1, max-image-preview:large, max-video-preview:-1\" \/>\n<link rel=\"canonical\" href=\"https:\/\/matchamoya.cz\/en\/shop\/originalni-cajove-prislusenstvi\/japonska-cajova-konvicka-kyusu-kuroshinju-na-zeleny-caj-moya-japan-kopirovat\/\" \/>\n<meta property=\"og:locale\" content=\"en_US\" \/>\n<meta property=\"og:type\" content=\"article\" \/>\n<meta property=\"og:title\" content=\"Japonsk\u00e1 \u010dajov\u00e1 konvi\u010dka Kyusu Kuroshinju | Matcha Moya\" \/>\n<meta property=\"og:description\" content=\"Kyusu je typick\u00e1 japonsk\u00e1 konvi\u010dka s v\u00fdrazn\u00fdm bo\u010dn\u00edm uchem, ur\u010den\u00e1 pro p\u0159\u00edpravu listov\u00e9ho zelen\u00e9ho \u010daje a poch\u00e1z\u00ed z regionu Tokaname.\" \/>\n<meta property=\"og:url\" content=\"https:\/\/matchamoya.cz\/en\/shop\/originalni-cajove-prislusenstvi\/japonska-cajova-konvicka-kyusu-kuroshinju-na-zeleny-caj-moya-japan-kopirovat\/\" \/>\n<meta property=\"og:site_name\" content=\"Matcha Moya\" \/>\n<meta property=\"article:modified_time\" content=\"2026-03-23T09:57:53+00:00\" \/>\n<meta property=\"og:image\" content=\"https:\/\/matchamoya.cz\/wp-content\/uploads\/2024\/02\/moya-prislusenstvi-kyusu-teapot-kuroshinju-japonsko.png\" \/>\n\t<meta property=\"og:image:width\" content=\"1000\" \/>\n\t<meta property=\"og:image:height\" content=\"1000\" \/>\n\t<meta property=\"og:image:type\" content=\"image\/png\" \/>\n<meta name=\"twitter:card\" content=\"summary_large_image\" \/>\n<meta name=\"twitter:label1\" content=\"Est. reading time\" \/>\n\t<meta name=\"twitter:data1\" content=\"1 minute\" \/>\n<!-- \/ Yoast SEO plugin. -->","yoast_head_json":{"title":"Japonsk\u00e1 \u010dajov\u00e1 konvi\u010dka Kyusu Kuroshinju | Matcha Moya","description":"Kyusu je typick\u00e1 japonsk\u00e1 konvi\u010dka s v\u00fdrazn\u00fdm bo\u010dn\u00edm uchem, ur\u010den\u00e1 pro p\u0159\u00edpravu listov\u00e9ho zelen\u00e9ho \u010daje a poch\u00e1z\u00ed z regionu Tokaname.","robots":{"index":"index","follow":"follow","max-snippet":"max-snippet:-1","max-image-preview":"max-image-preview:large","max-video-preview":"max-video-preview:-1"},"canonical":"https:\/\/matchamoya.cz\/en\/shop\/originalni-cajove-prislusenstvi\/japonska-cajova-konvicka-kyusu-kuroshinju-na-zeleny-caj-moya-japan-kopirovat\/","og_locale":"en_US","og_type":"article","og_title":"Japonsk\u00e1 \u010dajov\u00e1 konvi\u010dka Kyusu Kuroshinju | Matcha Moya","og_description":"Kyusu je typick\u00e1 japonsk\u00e1 konvi\u010dka s v\u00fdrazn\u00fdm bo\u010dn\u00edm uchem, ur\u010den\u00e1 pro p\u0159\u00edpravu listov\u00e9ho zelen\u00e9ho \u010daje a poch\u00e1z\u00ed z regionu Tokaname.","og_url":"https:\/\/matchamoya.cz\/en\/shop\/originalni-cajove-prislusenstvi\/japonska-cajova-konvicka-kyusu-kuroshinju-na-zeleny-caj-moya-japan-kopirovat\/","og_site_name":"Matcha Moya","article_modified_time":"2026-03-23T09:57:53+00:00","og_image":[{"width":1000,"height":1000,"url":"https:\/\/matchamoya.cz\/wp-content\/uploads\/2024\/02\/moya-prislusenstvi-kyusu-teapot-kuroshinju-japonsko.png","type":"image\/png"}],"twitter_card":"summary_large_image","twitter_misc":{"Est. reading time":"1 minute"},"schema":{"@context":"https:\/\/schema.org","@graph":[{"@type":"WebPage","@id":"https:\/\/matchamoya.cz\/en\/shop\/originalni-cajove-prislusenstvi\/japonska-cajova-konvicka-kyusu-kuroshinju-na-zeleny-caj-moya-japan-kopirovat\/","url":"https:\/\/matchamoya.cz\/en\/shop\/originalni-cajove-prislusenstvi\/japonska-cajova-konvicka-kyusu-kuroshinju-na-zeleny-caj-moya-japan-kopirovat\/","name":"Japonsk\u00e1 \u010dajov\u00e1 konvi\u010dka Kyusu Kuroshinju | Matcha Moya","isPartOf":{"@id":"https:\/\/matchamoya.cz\/en\/#website"},"primaryImageOfPage":{"@id":"https:\/\/matchamoya.cz\/en\/shop\/originalni-cajove-prislusenstvi\/japonska-cajova-konvicka-kyusu-kuroshinju-na-zeleny-caj-moya-japan-kopirovat\/#primaryimage"},"image":{"@id":"https:\/\/matchamoya.cz\/en\/shop\/originalni-cajove-prislusenstvi\/japonska-cajova-konvicka-kyusu-kuroshinju-na-zeleny-caj-moya-japan-kopirovat\/#primaryimage"},"thumbnailUrl":"https:\/\/matchamoya.cz\/wp-content\/uploads\/2024\/02\/moya-prislusenstvi-kyusu-teapot-kuroshinju-japonsko.png","datePublished":"2024-02-17T12:32:32+00:00","dateModified":"2026-03-23T09:57:53+00:00","description":"Kyusu je typick\u00e1 japonsk\u00e1 konvi\u010dka s v\u00fdrazn\u00fdm bo\u010dn\u00edm uchem, ur\u010den\u00e1 pro p\u0159\u00edpravu listov\u00e9ho zelen\u00e9ho \u010daje a poch\u00e1z\u00ed z regionu Tokaname.","breadcrumb":{"@id":"https:\/\/matchamoya.cz\/en\/shop\/originalni-cajove-prislusenstvi\/japonska-cajova-konvicka-kyusu-kuroshinju-na-zeleny-caj-moya-japan-kopirovat\/#breadcrumb"},"inLanguage":"en-US","potentialAction":[{"@type":"ReadAction","target":["https:\/\/matchamoya.cz\/en\/shop\/originalni-cajove-prislusenstvi\/japonska-cajova-konvicka-kyusu-kuroshinju-na-zeleny-caj-moya-japan-kopirovat\/"]}]},{"@type":"ImageObject","inLanguage":"en-US","@id":"https:\/\/matchamoya.cz\/en\/shop\/originalni-cajove-prislusenstvi\/japonska-cajova-konvicka-kyusu-kuroshinju-na-zeleny-caj-moya-japan-kopirovat\/#primaryimage","url":"https:\/\/matchamoya.cz\/wp-content\/uploads\/2024\/02\/moya-prislusenstvi-kyusu-teapot-kuroshinju-japonsko.png","contentUrl":"https:\/\/matchamoya.cz\/wp-content\/uploads\/2024\/02\/moya-prislusenstvi-kyusu-teapot-kuroshinju-japonsko.png","width":1000,"height":1000,"caption":"nejlepsi-japonska-keramika-moya"},{"@type":"BreadcrumbList","@id":"https:\/\/matchamoya.cz\/en\/shop\/originalni-cajove-prislusenstvi\/japonska-cajova-konvicka-kyusu-kuroshinju-na-zeleny-caj-moya-japan-kopirovat\/#breadcrumb","itemListElement":[{"@type":"ListItem","position":1,"name":"Dom\u016f","item":"https:\/\/matchamoya.cz\/"},{"@type":"ListItem","position":2,"name":"E-SHOP","item":"https:\/\/matchamoya.cz\/shop\/"},{"@type":"ListItem","position":3,"name":"Japonsk\u00e1 \u010dajov\u00e1 konvi\u010dka Kyusu Kuroshinju na zelen\u00fd \u010daj &#8211; Moya Japan"}]},{"@type":"WebSite","@id":"https:\/\/matchamoya.cz\/en\/#website","url":"https:\/\/matchamoya.cz\/en\/","name":"Matcha Moya","description":"Matcha Moya","publisher":{"@id":"https:\/\/matchamoya.cz\/en\/#organization"},"potentialAction":[{"@type":"SearchAction","target":{"@type":"EntryPoint","urlTemplate":"https:\/\/matchamoya.cz\/en\/?s={search_term_string}"},"query-input":{"@type":"PropertyValueSpecification","valueRequired":true,"valueName":"search_term_string"}}],"inLanguage":"en-US"},{"@type":"Organization","@id":"https:\/\/matchamoya.cz\/en\/#organization","name":"Moya Matcha","url":"https:\/\/matchamoya.cz\/en\/","logo":{"@type":"ImageObject","inLanguage":"en-US","@id":"https:\/\/matchamoya.cz\/en\/#\/schema\/logo\/image\/","url":"https:\/\/matchamoya.cz\/wp-content\/uploads\/2020\/03\/MOYA_Logo_Green-Black_02.png","contentUrl":"https:\/\/matchamoya.cz\/wp-content\/uploads\/2020\/03\/MOYA_Logo_Green-Black_02.png","width":313,"height":310,"caption":"Moya Matcha"},"image":{"@id":"https:\/\/matchamoya.cz\/en\/#\/schema\/logo\/image\/"}}]}},"_links":{"self":[{"href":"https:\/\/matchamoya.cz\/en\/wp-json\/wp\/v2\/product\/2449"}],"collection":[{"href":"https:\/\/matchamoya.cz\/en\/wp-json\/wp\/v2\/product"}],"about":[{"href":"https:\/\/matchamoya.cz\/en\/wp-json\/wp\/v2\/types\/product"}],"replies":[{"embeddable":true,"href":"https:\/\/matchamoya.cz\/en\/wp-json\/wp\/v2\/comments?post=2449"}],"wp:featuredmedia":[{"embeddable":true,"href":"https:\/\/matchamoya.cz\/en\/wp-json\/wp\/v2\/media\/2450"}],"wp:attachment":[{"href":"https:\/\/matchamoya.cz\/en\/wp-json\/wp\/v2\/media?parent=2449"}],"wp:term":[{"taxonomy":"product_cat","embeddable":true,"href":"https:\/\/matchamoya.cz\/en\/wp-json\/wp\/v2\/product_cat?post=2449"},{"taxonomy":"product_tag","embeddable":true,"href":"https:\/\/matchamoya.cz\/en\/wp-json\/wp\/v2\/product_tag?post=2449"}],"curies":[{"name":"wp","href":"https:\/\/api.w.org\/{rel}","templated":true}]}}