{"id":2545,"date":"2024-04-09T05:59:24","date_gmt":"2024-04-09T05:59:24","guid":{"rendered":"https:\/\/matchamoya.cz\/?post_type=product&#038;p=2545"},"modified":"2026-04-21T14:59:32","modified_gmt":"2026-04-21T14:59:32","slug":"chawan-hagane-rucne-vyrabena-hlinena-japonska-miska-na-piti-matcha-caje-moya","status":"publish","type":"product","link":"https:\/\/matchamoya.cz\/en\/shop\/originalni-cajove-prislusenstvi\/chawan-hagane-rucne-vyrabena-hlinena-japonska-miska-na-piti-matcha-caje-moya\/","title":{"rendered":"Chawan Hagane \u2013 Ru\u010dn\u011b vyr\u00e1b\u011bn\u00e1 hlin\u011bn\u00e1 japonsk\u00e1 miska na pit\u00ed matcha \u010daje Moya"},"content":{"rendered":"<h1>Chawan Hagane \u2013 Ru\u010dn\u011b vyr\u00e1b\u011bn\u00e1 hlin\u011bn\u00e1 japonsk\u00e1 miska na pit\u00ed matcha \u010daje Moya<\/h1>\n<div><strong>Chawan Hagane<\/strong> je skute\u010dn\u011b jedine\u010dn\u00fdm mistrovsk\u00fdm d\u00edlem, kter\u00e9 z\u00edsk\u00e1v\u00e1 svou osobitou identitu p\u0159esn\u00fdm ru\u010dn\u00edm zpracov\u00e1n\u00edm na hrn\u010d\u00ed\u0159sk\u00e9m kruhu. <strong>Poch\u00e1z\u00ed z prefektury Gifu<\/strong>, konkr\u00e9tn\u011b ze \u010dtvrti Oroshi m\u011bsta Toki. Ka\u017ed\u00e1 miska matcha Hagane m\u00e1 jemn\u00e9 rozd\u00edly vypl\u00fdvaj\u00edc\u00ed z jej\u00ed ru\u010dn\u00ed v\u00fdroby. Hn\u011bdo-\u0161ed\u00e1 tonalita prop\u016fj\u010duje m\u00edse eleganci a z\u00e1rove\u0148 zd\u016fraz\u0148uje jej\u00ed p\u0159\u00edrodn\u00ed p\u016fvod. Barva m\u00edsy se odr\u00e1\u017e\u00ed v jej\u00edm n\u00e1zvu, proto\u017ee \u201ehagane\u201c znamen\u00e1 v japon\u0161tin\u011b \u201eocel\u201c. Ka\u017ed\u00e1 miska je jedin\u00e1 sv\u00e9ho druhu, d\u00edky \u010demu\u017e je z\u00e1\u017eitek z pit\u00ed matcha v\u00fdjime\u010dn\u00fdm okam\u017eikem. Miska nejen kr\u00e1sn\u011b zdob\u00ed polici, ale tak\u00e9 poskytuje v\u00fdjime\u010dn\u00fd komfort p\u0159i pou\u017e\u00edv\u00e1n\u00ed. Lze jej m\u00fdt v my\u010dce na jemn\u00fd cyklus, tak\u017ee je praktick\u00fd pro ka\u017edodenn\u00ed po\u017eitek z matcha.<\/div>\n<p>Nezapome\u0148te pou\u017e\u00edt vodu s teplotou nep\u0159esahuj\u00edc\u00ed 80 \u00b0 C, abyste zachovali v\u0161echny vlastnosti matcha.<\/p>\n<p><strong>Tradi\u010dn\u00ed miska na p\u0159\u00edpravu a pit\u00ed \u010daje matcha.<\/strong><\/p>\n<p>OBJEM: 400 ml<br \/>\nV\u00dd\u0160KA: 8 cm<br \/>\nPR\u016eM\u011aR: 12 cm<br \/>\nZEM\u011a P\u016eVODU: Japonsko<\/p>\n<p>Vzhledem k tomu, \u017ee se jedn\u00e1 o ru\u010dn\u011b vyr\u00e1b\u011bn\u00fd v\u00fdrobek, rozm\u011bry se mohou m\u00edrn\u011b li\u0161it. <strong>Mo\u017eno m\u00fdt v my\u010dce.<\/strong><\/p>\n<p><img loading=\"lazy\" decoding=\"async\" class=\"wp-image-2546 aligncenter\" src=\"https:\/\/matchamoya.cz\/wp-content\/uploads\/2024\/04\/Moya-Matcha-Matchawan-Hagane-400x400.png\" alt=\"chawan hagane rucne vyrabena miska z japonska na matcha caj\" width=\"257\" height=\"257\" srcset=\"https:\/\/matchamoya.cz\/wp-content\/uploads\/2024\/04\/Moya-Matcha-Matchawan-Hagane-400x400.png 400w, https:\/\/matchamoya.cz\/wp-content\/uploads\/2024\/04\/Moya-Matcha-Matchawan-Hagane-800x800.png 800w, https:\/\/matchamoya.cz\/wp-content\/uploads\/2024\/04\/Moya-Matcha-Matchawan-Hagane-280x280.png 280w, https:\/\/matchamoya.cz\/wp-content\/uploads\/2024\/04\/Moya-Matcha-Matchawan-Hagane-768x768.png 768w, https:\/\/matchamoya.cz\/wp-content\/uploads\/2024\/04\/Moya-Matcha-Matchawan-Hagane-12x12.png 12w, https:\/\/matchamoya.cz\/wp-content\/uploads\/2024\/04\/Moya-Matcha-Matchawan-Hagane-300x300.png 300w, https:\/\/matchamoya.cz\/wp-content\/uploads\/2024\/04\/Moya-Matcha-Matchawan-Hagane-600x600.png 600w, https:\/\/matchamoya.cz\/wp-content\/uploads\/2024\/04\/Moya-Matcha-Matchawan-Hagane-100x100.png 100w, https:\/\/matchamoya.cz\/wp-content\/uploads\/2024\/04\/Moya-Matcha-Matchawan-Hagane.png 1000w\" sizes=\"(max-width: 257px) 100vw, 257px\" \/><\/p>\n<p>&nbsp;<\/p>","protected":false},"excerpt":{"rendered":"<div><strong>Chawan Hagane<\/strong> je skute\u010dn\u011b jedine\u010dn\u00fdm mistrovsk\u00fdm d\u00edlem, kter\u00e9 z\u00edsk\u00e1v\u00e1 svou osobitou identitu p\u0159esn\u00fdm ru\u010dn\u00edm zpracov\u00e1n\u00edm na hrn\u010d\u00ed\u0159sk\u00e9m kruhu. <strong>Poch\u00e1z\u00ed z prefektury Gifu<\/strong>, konkr\u00e9tn\u011b ze \u010dtvrti Oroshi m\u011bsta Toki. Ka\u017ed\u00e1 miska matcha Hagane m\u00e1 jemn\u00e9 rozd\u00edly vypl\u00fdvaj\u00edc\u00ed z jej\u00ed ru\u010dn\u00ed v\u00fdroby. Hn\u011bdo-\u0161ed\u00e1 tonalita prop\u016fj\u010duje m\u00edse eleganci a z\u00e1rove\u0148 zd\u016fraz\u0148uje jej\u00ed p\u0159\u00edrodn\u00ed p\u016fvod. Barva m\u00edsy se odr\u00e1\u017e\u00ed v jej\u00edm n\u00e1zvu, proto\u017ee \u201ehagane\u201c znamen\u00e1 v japon\u0161tin\u011b \u201eocel\u201c. Ka\u017ed\u00e1 miska je jedin\u00e1 sv\u00e9ho druhu, d\u00edky \u010demu\u017e je z\u00e1\u017eitek z pit\u00ed matcha v\u00fdjime\u010dn\u00fdm okam\u017eikem. Miska nejen kr\u00e1sn\u011b zdob\u00ed polici, ale tak\u00e9 poskytuje v\u00fdjime\u010dn\u00fd komfort p\u0159i pou\u017e\u00edv\u00e1n\u00ed. Lze jej m\u00fdt v my\u010dce na jemn\u00fd cyklus, tak\u017ee je praktick\u00fd pro ka\u017edodenn\u00ed po\u017eitek z matcha.<\/div>\n<p>Nezapome\u0148te pou\u017e\u00edt vodu s teplotou nep\u0159esahuj\u00edc\u00ed 80 \u00b0 C, abyste zachovali v\u0161echny vlastnosti matcha.<\/p>\n<p><strong>Tradi\u010dn\u00ed miska na p\u0159\u00edpravu a pit\u00ed \u010daje matcha.<\/strong><\/p>\n<p>OBJEM: 400 ml<br \/>\nV\u00dd\u0160KA: 8 cm<br \/>\nPR\u016eM\u011aR: 12 cm<br \/>\nZEM\u011a P\u016eVODU: Japonsko<\/p>\n<p>Vzhledem k tomu, \u017ee se jedn\u00e1 o ru\u010dn\u011b vyr\u00e1b\u011bn\u00fd v\u00fdrobek, rozm\u011bry se mohou m\u00edrn\u011b li\u0161it. <strong>Mo\u017eno m\u00fdt v my\u010dce.<\/strong><\/p>","protected":false},"featured_media":2546,"comment_status":"open","ping_status":"closed","template":"","meta":[],"product_cat":[70],"product_tag":[],"class_list":{"0":"post-2545","1":"product","2":"type-product","3":"status-publish","4":"has-post-thumbnail","6":"product_cat-originalni-cajove-prislusenstvi","7":"product_shipping_class-dobra-dodani","9":"first","10":"instock","11":"taxable","12":"shipping-taxable","13":"purchasable","14":"product-type-simple"},"yoast_head":"<!-- This site is optimized with the Yoast SEO plugin v23.4 - https:\/\/yoast.com\/wordpress\/plugins\/seo\/ -->\n<title>Chawan Hagane \u2013 Ru\u010dn\u011b vyr\u00e1b\u011bn\u00e1 japonsk\u00e1 miska | Matcha Moya<\/title>\n<meta name=\"description\" content=\"Chawan Hagane je skute\u010dn\u011b jedine\u010dn\u00fdm mistrovsk\u00fdm d\u00edlem. Poch\u00e1z\u00ed z prefektury Gifu. \u201ehagane\u201c znamen\u00e1 v japon\u0161tin\u011b \u201eocel\u201c. Ka\u017ed\u00e1 miska je jedin\u00e1 sv\u00e9ho druhu.\" \/>\n<meta name=\"robots\" content=\"index, follow, max-snippet:-1, max-image-preview:large, max-video-preview:-1\" \/>\n<link rel=\"canonical\" href=\"https:\/\/matchamoya.cz\/en\/shop\/originalni-cajove-prislusenstvi\/chawan-hagane-rucne-vyrabena-hlinena-japonska-miska-na-piti-matcha-caje-moya\/\" \/>\n<meta property=\"og:locale\" content=\"en_US\" \/>\n<meta property=\"og:type\" content=\"article\" \/>\n<meta property=\"og:title\" content=\"Chawan Hagane \u2013 Ru\u010dn\u011b vyr\u00e1b\u011bn\u00e1 japonsk\u00e1 miska | Matcha Moya\" \/>\n<meta property=\"og:description\" content=\"Chawan Hagane je skute\u010dn\u011b jedine\u010dn\u00fdm mistrovsk\u00fdm d\u00edlem. Poch\u00e1z\u00ed z prefektury Gifu. \u201ehagane\u201c znamen\u00e1 v japon\u0161tin\u011b \u201eocel\u201c. Ka\u017ed\u00e1 miska je jedin\u00e1 sv\u00e9ho druhu.\" \/>\n<meta property=\"og:url\" content=\"https:\/\/matchamoya.cz\/en\/shop\/originalni-cajove-prislusenstvi\/chawan-hagane-rucne-vyrabena-hlinena-japonska-miska-na-piti-matcha-caje-moya\/\" \/>\n<meta property=\"og:site_name\" content=\"Matcha Moya\" \/>\n<meta property=\"article:modified_time\" content=\"2026-04-21T14:59:32+00:00\" \/>\n<meta property=\"og:image\" content=\"https:\/\/matchamoya.cz\/wp-content\/uploads\/2024\/04\/Moya-Matcha-Matchawan-Hagane.png\" \/>\n\t<meta property=\"og:image:width\" content=\"1000\" \/>\n\t<meta property=\"og:image:height\" content=\"1000\" \/>\n\t<meta property=\"og:image:type\" content=\"image\/png\" \/>\n<meta name=\"twitter:card\" content=\"summary_large_image\" \/>\n<meta name=\"twitter:label1\" content=\"Est. reading time\" \/>\n\t<meta name=\"twitter:data1\" content=\"2 minutes\" \/>\n<!-- \/ Yoast SEO plugin. -->","yoast_head_json":{"title":"Chawan Hagane \u2013 Ru\u010dn\u011b vyr\u00e1b\u011bn\u00e1 japonsk\u00e1 miska | Matcha Moya","description":"Chawan Hagane je skute\u010dn\u011b jedine\u010dn\u00fdm mistrovsk\u00fdm d\u00edlem. Poch\u00e1z\u00ed z prefektury Gifu. \u201ehagane\u201c znamen\u00e1 v japon\u0161tin\u011b \u201eocel\u201c. Ka\u017ed\u00e1 miska je jedin\u00e1 sv\u00e9ho druhu.","robots":{"index":"index","follow":"follow","max-snippet":"max-snippet:-1","max-image-preview":"max-image-preview:large","max-video-preview":"max-video-preview:-1"},"canonical":"https:\/\/matchamoya.cz\/en\/shop\/originalni-cajove-prislusenstvi\/chawan-hagane-rucne-vyrabena-hlinena-japonska-miska-na-piti-matcha-caje-moya\/","og_locale":"en_US","og_type":"article","og_title":"Chawan Hagane \u2013 Ru\u010dn\u011b vyr\u00e1b\u011bn\u00e1 japonsk\u00e1 miska | Matcha Moya","og_description":"Chawan Hagane je skute\u010dn\u011b jedine\u010dn\u00fdm mistrovsk\u00fdm d\u00edlem. Poch\u00e1z\u00ed z prefektury Gifu. \u201ehagane\u201c znamen\u00e1 v japon\u0161tin\u011b \u201eocel\u201c. Ka\u017ed\u00e1 miska je jedin\u00e1 sv\u00e9ho druhu.","og_url":"https:\/\/matchamoya.cz\/en\/shop\/originalni-cajove-prislusenstvi\/chawan-hagane-rucne-vyrabena-hlinena-japonska-miska-na-piti-matcha-caje-moya\/","og_site_name":"Matcha Moya","article_modified_time":"2026-04-21T14:59:32+00:00","og_image":[{"width":1000,"height":1000,"url":"https:\/\/matchamoya.cz\/wp-content\/uploads\/2024\/04\/Moya-Matcha-Matchawan-Hagane.png","type":"image\/png"}],"twitter_card":"summary_large_image","twitter_misc":{"Est. reading time":"2 minutes"},"schema":{"@context":"https:\/\/schema.org","@graph":[{"@type":"WebPage","@id":"https:\/\/matchamoya.cz\/en\/shop\/originalni-cajove-prislusenstvi\/chawan-hagane-rucne-vyrabena-hlinena-japonska-miska-na-piti-matcha-caje-moya\/","url":"https:\/\/matchamoya.cz\/en\/shop\/originalni-cajove-prislusenstvi\/chawan-hagane-rucne-vyrabena-hlinena-japonska-miska-na-piti-matcha-caje-moya\/","name":"Chawan Hagane \u2013 Ru\u010dn\u011b vyr\u00e1b\u011bn\u00e1 japonsk\u00e1 miska | Matcha Moya","isPartOf":{"@id":"https:\/\/matchamoya.cz\/en\/#website"},"primaryImageOfPage":{"@id":"https:\/\/matchamoya.cz\/en\/shop\/originalni-cajove-prislusenstvi\/chawan-hagane-rucne-vyrabena-hlinena-japonska-miska-na-piti-matcha-caje-moya\/#primaryimage"},"image":{"@id":"https:\/\/matchamoya.cz\/en\/shop\/originalni-cajove-prislusenstvi\/chawan-hagane-rucne-vyrabena-hlinena-japonska-miska-na-piti-matcha-caje-moya\/#primaryimage"},"thumbnailUrl":"https:\/\/matchamoya.cz\/wp-content\/uploads\/2024\/04\/Moya-Matcha-Matchawan-Hagane.png","datePublished":"2024-04-09T05:59:24+00:00","dateModified":"2026-04-21T14:59:32+00:00","description":"Chawan Hagane je skute\u010dn\u011b jedine\u010dn\u00fdm mistrovsk\u00fdm d\u00edlem. Poch\u00e1z\u00ed z prefektury Gifu. \u201ehagane\u201c znamen\u00e1 v japon\u0161tin\u011b \u201eocel\u201c. Ka\u017ed\u00e1 miska je jedin\u00e1 sv\u00e9ho druhu.","breadcrumb":{"@id":"https:\/\/matchamoya.cz\/en\/shop\/originalni-cajove-prislusenstvi\/chawan-hagane-rucne-vyrabena-hlinena-japonska-miska-na-piti-matcha-caje-moya\/#breadcrumb"},"inLanguage":"en-US","potentialAction":[{"@type":"ReadAction","target":["https:\/\/matchamoya.cz\/en\/shop\/originalni-cajove-prislusenstvi\/chawan-hagane-rucne-vyrabena-hlinena-japonska-miska-na-piti-matcha-caje-moya\/"]}]},{"@type":"ImageObject","inLanguage":"en-US","@id":"https:\/\/matchamoya.cz\/en\/shop\/originalni-cajove-prislusenstvi\/chawan-hagane-rucne-vyrabena-hlinena-japonska-miska-na-piti-matcha-caje-moya\/#primaryimage","url":"https:\/\/matchamoya.cz\/wp-content\/uploads\/2024\/04\/Moya-Matcha-Matchawan-Hagane.png","contentUrl":"https:\/\/matchamoya.cz\/wp-content\/uploads\/2024\/04\/Moya-Matcha-Matchawan-Hagane.png","width":1000,"height":1000,"caption":"chawan hagane rucne vyrabena miska z japonska na matcha caj"},{"@type":"BreadcrumbList","@id":"https:\/\/matchamoya.cz\/en\/shop\/originalni-cajove-prislusenstvi\/chawan-hagane-rucne-vyrabena-hlinena-japonska-miska-na-piti-matcha-caje-moya\/#breadcrumb","itemListElement":[{"@type":"ListItem","position":1,"name":"Dom\u016f","item":"https:\/\/matchamoya.cz\/"},{"@type":"ListItem","position":2,"name":"E-SHOP","item":"https:\/\/matchamoya.cz\/shop\/"},{"@type":"ListItem","position":3,"name":"Chawan Hagane \u2013 Ru\u010dn\u011b vyr\u00e1b\u011bn\u00e1 hlin\u011bn\u00e1 japonsk\u00e1 miska na pit\u00ed matcha \u010daje Moya"}]},{"@type":"WebSite","@id":"https:\/\/matchamoya.cz\/en\/#website","url":"https:\/\/matchamoya.cz\/en\/","name":"Matcha Moya","description":"Matcha Moya","publisher":{"@id":"https:\/\/matchamoya.cz\/en\/#organization"},"potentialAction":[{"@type":"SearchAction","target":{"@type":"EntryPoint","urlTemplate":"https:\/\/matchamoya.cz\/en\/?s={search_term_string}"},"query-input":{"@type":"PropertyValueSpecification","valueRequired":true,"valueName":"search_term_string"}}],"inLanguage":"en-US"},{"@type":"Organization","@id":"https:\/\/matchamoya.cz\/en\/#organization","name":"Moya Matcha","url":"https:\/\/matchamoya.cz\/en\/","logo":{"@type":"ImageObject","inLanguage":"en-US","@id":"https:\/\/matchamoya.cz\/en\/#\/schema\/logo\/image\/","url":"https:\/\/matchamoya.cz\/wp-content\/uploads\/2020\/03\/MOYA_Logo_Green-Black_02.png","contentUrl":"https:\/\/matchamoya.cz\/wp-content\/uploads\/2020\/03\/MOYA_Logo_Green-Black_02.png","width":313,"height":310,"caption":"Moya Matcha"},"image":{"@id":"https:\/\/matchamoya.cz\/en\/#\/schema\/logo\/image\/"}}]}},"_links":{"self":[{"href":"https:\/\/matchamoya.cz\/en\/wp-json\/wp\/v2\/product\/2545"}],"collection":[{"href":"https:\/\/matchamoya.cz\/en\/wp-json\/wp\/v2\/product"}],"about":[{"href":"https:\/\/matchamoya.cz\/en\/wp-json\/wp\/v2\/types\/product"}],"replies":[{"embeddable":true,"href":"https:\/\/matchamoya.cz\/en\/wp-json\/wp\/v2\/comments?post=2545"}],"wp:featuredmedia":[{"embeddable":true,"href":"https:\/\/matchamoya.cz\/en\/wp-json\/wp\/v2\/media\/2546"}],"wp:attachment":[{"href":"https:\/\/matchamoya.cz\/en\/wp-json\/wp\/v2\/media?parent=2545"}],"wp:term":[{"taxonomy":"product_cat","embeddable":true,"href":"https:\/\/matchamoya.cz\/en\/wp-json\/wp\/v2\/product_cat?post=2545"},{"taxonomy":"product_tag","embeddable":true,"href":"https:\/\/matchamoya.cz\/en\/wp-json\/wp\/v2\/product_tag?post=2545"}],"curies":[{"name":"wp","href":"https:\/\/api.w.org\/{rel}","templated":true}]}}