{"id":2589,"date":"2024-04-23T13:01:33","date_gmt":"2024-04-23T13:01:33","guid":{"rendered":"https:\/\/matchamoya.cz\/?post_type=product&#038;p=2589"},"modified":"2026-04-14T02:19:59","modified_gmt":"2026-04-14T02:19:59","slug":"yuzu-tea-japonsky-bio-caj-plny-vitaminu-c-pro-lepsi-imunitu-moya","status":"publish","type":"product","link":"https:\/\/matchamoya.cz\/en\/shop\/tradicni-japonske-listove-zelene-caje\/yuzu-tea-japonsky-bio-caj-plny-vitaminu-c-pro-lepsi-imunitu-moya\/","title":{"rendered":"Yuzu Tea &#8211; japonsk\u00fd bio \u010daj pln\u00fd vitaminu C pro lep\u0161\u00ed imunitu &#8211; Moya"},"content":{"rendered":"<h1>Yuzu Tea &#8211; japonsk\u00fd bio \u010daj pln\u00fd vitaminu C pro lep\u0161\u00ed imunitu &#8211; Moya<\/h1>\n<p><strong>YUZU TEA: AROMATICK\u00dd ZELEN\u00dd \u010cAJ S YUZU<\/strong><br \/>\nYuzu \u010daj \u7384\u7c73\u8336 je sm\u011bs nejlahodn\u011bj\u0161\u00edho zelen\u00e9ho \u010daje a k\u016fry citrus\u016f odr\u016fdy yuzu, aromatick\u00e9ho asijsk\u00e9ho ovoce p\u0159ipom\u00ednaj\u00edc\u00edho mandarinku. Yuzu je jedine\u010dn\u00e9 ovoce s tvrdou \u017elutozelenou slupkou, kter\u00e9 se v Asii p\u011bstuje po stalet\u00ed. \u010caj byl slo\u017een tak, aby dos\u00e1hl rovnov\u00e1hy mezi such\u00fdm, jemn\u00fdm zelen\u00fdm \u010dajem a citrusov\u00fdm ovocem. Jeho v\u016fn\u011b je intenzivn\u011b citrusov\u00e1 a sv\u011b\u017e\u00ed, barva je slune\u010dn\u00e1 a chu\u0165 citronov\u011b m\u00e1slov\u00e1. \u010caj Yuzu se doporu\u010duje p\u00edt kdykoli, zejm\u00e9na v prvn\u00ed polovin\u011b dne. Oslov\u00ed p\u0159edev\u0161\u00edm milovn\u00edky zelen\u00fdch a ovocn\u00fdch \u010daj\u016f.<\/p>\n<p><strong>YUZU TEA: VLASTNOSTI<\/strong><br \/>\nMoya Yuzu Tea se skl\u00e1d\u00e1 ze sm\u011bsi pe\u010dliv\u011b vybran\u00fdch l\u00edstk\u016f zelen\u00e9ho \u010daje a lahodn\u00e9 su\u0161en\u00e9 k\u016fry citrus\u016f yuzu. Ovoce Yuzu je krom\u011b chuti, v\u016fn\u011b a lahodn\u00e9ho vzhledu proslul\u00e9 tak\u00e9 sv\u00fdmi antioxida\u010dn\u00edmi vlastnostmi, jako ostatn\u00ed citrusov\u00e9 plody. <strong>D\u00edky tomu je \u010daj Yuzu skute\u010dn\u00fdm antioxidantem<\/strong>. Pit\u00ed zelen\u00e9ho \u010daje m\u016f\u017ee pomoci zpomalit st\u00e1rnut\u00ed cel\u00e9ho t\u011bla, vy\u010distit toxiny, sn\u00ed\u017eit hladinu \u0161patn\u00e9ho cholesterolu, udr\u017eet norm\u00e1ln\u00ed hladinu cukru, udr\u017eet zdrav\u00e9 zuby a d\u00e1sn\u011b a dokonce zlep\u0161it n\u00e1ladu.<\/p>\n<p><strong>P\u0158\u00cdPRAVA ZELEN\u00c9HO \u010cAJE YUZU TEA\u00a0<\/strong><\/p>\n<p>&nbsp;<\/p>\n<p><strong style=\"color: #555555;\"><img loading=\"lazy\" decoding=\"async\" class=\"size-medium wp-image-2590 alignright\" src=\"https:\/\/matchamoya.cz\/wp-content\/uploads\/2024\/04\/moya-sypany-zeleny-caj-yuzu-400x400.jpg\" alt=\"zeleny-caj-yuzu-s-vitaminem-c\" width=\"400\" height=\"400\" srcset=\"https:\/\/matchamoya.cz\/wp-content\/uploads\/2024\/04\/moya-sypany-zeleny-caj-yuzu-400x400.jpg 400w, https:\/\/matchamoya.cz\/wp-content\/uploads\/2024\/04\/moya-sypany-zeleny-caj-yuzu-800x800.jpg 800w, https:\/\/matchamoya.cz\/wp-content\/uploads\/2024\/04\/moya-sypany-zeleny-caj-yuzu-280x280.jpg 280w, https:\/\/matchamoya.cz\/wp-content\/uploads\/2024\/04\/moya-sypany-zeleny-caj-yuzu-768x768.jpg 768w, https:\/\/matchamoya.cz\/wp-content\/uploads\/2024\/04\/moya-sypany-zeleny-caj-yuzu-12x12.jpg 12w, https:\/\/matchamoya.cz\/wp-content\/uploads\/2024\/04\/moya-sypany-zeleny-caj-yuzu-300x300.jpg 300w, https:\/\/matchamoya.cz\/wp-content\/uploads\/2024\/04\/moya-sypany-zeleny-caj-yuzu-600x600.jpg 600w, https:\/\/matchamoya.cz\/wp-content\/uploads\/2024\/04\/moya-sypany-zeleny-caj-yuzu-100x100.jpg 100w, https:\/\/matchamoya.cz\/wp-content\/uploads\/2024\/04\/moya-sypany-zeleny-caj-yuzu.jpg 1000w\" sizes=\"(max-width: 400px) 100vw, 400px\" \/><\/strong><\/p>\n<p><strong>Mno\u017estv\u00ed:<\/strong> 2-3 g \/ 200 ml vody<\/p>\n<p><strong>Doba louhov\u00e1n\u00ed (infuze):<\/strong> 2-3 min<\/p>\n<p><strong>Teplota vody:<\/strong> 70-80 \u00b0 C<\/p>\n<p><strong>Mo\u017enost v\u00edcero louhov\u00e1n\u00ed (infuze):<\/strong> ANO, max. 2x<\/p>\n<p>&nbsp;<\/p>\n<p><strong>100% organick\u00fd zelen\u00fd japonsk\u00fd \u010daj YUZU TEA<\/strong><\/p>\n<p><strong style=\"font-size: 14.4px;\">Zem\u011b p\u016fvodu:<\/strong><span style=\"font-size: 14.4px;\"> Japonsko, Kagoshima region, Ostrov Honsh\u00fa<\/span><\/p>\n<p><strong>Chu\u0165:<\/strong> Citrusovo-m\u00e1slov\u00e1.<\/p>\n<p><strong>Barva:<\/strong> sv\u011btle \u017elut\u00e1<\/p>\n<p><strong>Slo\u017een\u00ed:<\/strong> 70% bio zelen\u00fd japonsk\u00fd \u010daj, 30% bio su\u0161en\u00e1 k\u016fra citrus\u016f yuzu.<\/p>\n<p><strong>Doba sklizn\u011b:\u00a0<\/strong>V\u017edy aktu\u00e1ln\u00ed leto\u0161n\u00ed sklize\u0148<\/p>\n<p><strong>Hmotnost:<\/strong> 60 g<\/p>","protected":false},"excerpt":{"rendered":"<p><strong>YUZU TEA: AROMATICK\u00dd ZELEN\u00dd \u010cAJ S YUZU<\/strong><br \/>\nYuzu \u010daj \u7384\u7c73\u8336 je sm\u011bs nejlahodn\u011bj\u0161\u00edho zelen\u00e9ho \u010daje a k\u016fry citrus\u016f odr\u016fdy yuzu, aromatick\u00e9ho asijsk\u00e9ho ovoce p\u0159ipom\u00ednaj\u00edc\u00edho mandarinku. Yuzu je jedine\u010dn\u00e9 ovoce s tvrdou \u017elutozelenou slupkou, kter\u00e9 se v Asii p\u011bstuje po stalet\u00ed. \u010caj byl slo\u017een tak, aby dos\u00e1hl rovnov\u00e1hy mezi such\u00fdm, jemn\u00fdm zelen\u00fdm \u010dajem a citrusov\u00fdm ovocem. Jeho v\u016fn\u011b je intenzivn\u011b citrusov\u00e1 a sv\u011b\u017e\u00ed, barva je slune\u010dn\u00e1 a chu\u0165 citronov\u011b m\u00e1slov\u00e1. \u010caj Yuzu se doporu\u010duje p\u00edt kdykoli, zejm\u00e9na v prvn\u00ed polovin\u011b dne. Oslov\u00ed p\u0159edev\u0161\u00edm milovn\u00edky zelen\u00fdch a ovocn\u00fdch \u010daj\u016f.<\/p>\n<p><strong>100% organick\u00fd zelen\u00fd japonsk\u00fd \u010daj YUZU TEA<\/strong><\/p>\n<p><strong style=\"font-size: 14.4px;\">Zem\u011b p\u016fvodu:<\/strong><span style=\"font-size: 14.4px;\"> Japonsko, Kagoshima region, Ostrov Honsh\u00fa<\/span><\/p>\n<p><strong>Chu\u0165:<\/strong> Citrusovo-m\u00e1slov\u00e1.<\/p>\n<p><strong>Barva:<\/strong> sv\u011btle \u017elut\u00e1<\/p>\n<p><strong>Slo\u017een\u00ed:<\/strong> 70% bio zelen\u00fd japonsk\u00fd \u010daj, 30% bio su\u0161en\u00e1 k\u016fra citrus\u016f yuzu.<\/p>\n<p><strong>Doba sklizn\u011b:\u00a0<\/strong>V\u017edy aktu\u00e1ln\u00ed leto\u0161n\u00ed sklize\u0148<\/p>\n<p><strong>Hmotnost:<\/strong> 60 g<\/p>\n<p><strong>P\u0159\u00edprava:<\/strong><\/p>\n<p><strong>Mno\u017estv\u00ed:<\/strong> 2-3 g \/ 200 ml vody<\/p>\n<p><strong>Doba louhov\u00e1n\u00ed (infuze):<\/strong> 2-3 min<\/p>\n<p><strong>Teplota vody:<\/strong> 70-80 \u00b0 C<\/p>\n<p><strong>Mo\u017enost v\u00edcero louhov\u00e1n\u00ed (infuze):<\/strong> ANO, max. 2x<\/p>","protected":false},"featured_media":2591,"comment_status":"open","ping_status":"closed","template":"","meta":[],"product_cat":[75],"product_tag":[],"class_list":{"0":"post-2589","1":"product","2":"type-product","3":"status-publish","4":"has-post-thumbnail","6":"product_cat-tradicni-japonske-listove-zelene-caje","7":"product_shipping_class-dobra-dodani","9":"first","10":"instock","11":"featured","12":"taxable","13":"shipping-taxable","14":"purchasable","15":"product-type-simple"},"yoast_head":"<!-- This site is optimized with the Yoast SEO plugin v23.4 - https:\/\/yoast.com\/wordpress\/plugins\/seo\/ -->\n<title>Yuzu tea japonsk\u00fd organick\u00fd \u010daj s vitaminem C | Matcha Moya<\/title>\n<meta name=\"description\" content=\"Yuzu \u010daj \u7384\u7c73\u8336 je sm\u011bs nejlahodn\u011bj\u0161\u00edho zelen\u00e9ho \u010daje a k\u016fry citrus\u016f odr\u016fdy yuzu. Yuzu je skute\u010dn\u00fdm antioxidantem s vitaminem C.\" \/>\n<meta name=\"robots\" content=\"index, follow, max-snippet:-1, max-image-preview:large, max-video-preview:-1\" \/>\n<link rel=\"canonical\" href=\"https:\/\/matchamoya.cz\/en\/shop\/tradicni-japonske-listove-zelene-caje\/yuzu-tea-japonsky-bio-caj-plny-vitaminu-c-pro-lepsi-imunitu-moya\/\" \/>\n<meta property=\"og:locale\" content=\"en_US\" \/>\n<meta property=\"og:type\" content=\"article\" \/>\n<meta property=\"og:title\" content=\"Yuzu tea japonsk\u00fd organick\u00fd \u010daj s vitaminem C | Matcha Moya\" \/>\n<meta property=\"og:description\" content=\"Yuzu \u010daj \u7384\u7c73\u8336 je sm\u011bs nejlahodn\u011bj\u0161\u00edho zelen\u00e9ho \u010daje a k\u016fry citrus\u016f odr\u016fdy yuzu. Yuzu je skute\u010dn\u00fdm antioxidantem s vitaminem C.\" \/>\n<meta property=\"og:url\" content=\"https:\/\/matchamoya.cz\/en\/shop\/tradicni-japonske-listove-zelene-caje\/yuzu-tea-japonsky-bio-caj-plny-vitaminu-c-pro-lepsi-imunitu-moya\/\" \/>\n<meta property=\"og:site_name\" content=\"Matcha Moya\" \/>\n<meta property=\"article:modified_time\" content=\"2026-04-14T02:19:59+00:00\" \/>\n<meta property=\"og:image\" content=\"https:\/\/matchamoya.cz\/wp-content\/uploads\/2024\/04\/moya-yuzu-zeleny-japonsky-organicky-caj-60g-front.jpg\" \/>\n\t<meta property=\"og:image:width\" content=\"1000\" \/>\n\t<meta property=\"og:image:height\" content=\"1000\" \/>\n\t<meta property=\"og:image:type\" content=\"image\/jpeg\" \/>\n<meta name=\"twitter:card\" content=\"summary_large_image\" \/>\n<meta name=\"twitter:label1\" content=\"Est. reading time\" \/>\n\t<meta name=\"twitter:data1\" content=\"2 minutes\" \/>\n<!-- \/ Yoast SEO plugin. -->","yoast_head_json":{"title":"Yuzu tea japonsk\u00fd organick\u00fd \u010daj s vitaminem C | Matcha Moya","description":"Yuzu \u010daj \u7384\u7c73\u8336 je sm\u011bs nejlahodn\u011bj\u0161\u00edho zelen\u00e9ho \u010daje a k\u016fry citrus\u016f odr\u016fdy yuzu. Yuzu je skute\u010dn\u00fdm antioxidantem s vitaminem C.","robots":{"index":"index","follow":"follow","max-snippet":"max-snippet:-1","max-image-preview":"max-image-preview:large","max-video-preview":"max-video-preview:-1"},"canonical":"https:\/\/matchamoya.cz\/en\/shop\/tradicni-japonske-listove-zelene-caje\/yuzu-tea-japonsky-bio-caj-plny-vitaminu-c-pro-lepsi-imunitu-moya\/","og_locale":"en_US","og_type":"article","og_title":"Yuzu tea japonsk\u00fd organick\u00fd \u010daj s vitaminem C | Matcha Moya","og_description":"Yuzu \u010daj \u7384\u7c73\u8336 je sm\u011bs nejlahodn\u011bj\u0161\u00edho zelen\u00e9ho \u010daje a k\u016fry citrus\u016f odr\u016fdy yuzu. Yuzu je skute\u010dn\u00fdm antioxidantem s vitaminem C.","og_url":"https:\/\/matchamoya.cz\/en\/shop\/tradicni-japonske-listove-zelene-caje\/yuzu-tea-japonsky-bio-caj-plny-vitaminu-c-pro-lepsi-imunitu-moya\/","og_site_name":"Matcha Moya","article_modified_time":"2026-04-14T02:19:59+00:00","og_image":[{"width":1000,"height":1000,"url":"https:\/\/matchamoya.cz\/wp-content\/uploads\/2024\/04\/moya-yuzu-zeleny-japonsky-organicky-caj-60g-front.jpg","type":"image\/jpeg"}],"twitter_card":"summary_large_image","twitter_misc":{"Est. reading time":"2 minutes"},"schema":{"@context":"https:\/\/schema.org","@graph":[{"@type":"WebPage","@id":"https:\/\/matchamoya.cz\/en\/shop\/tradicni-japonske-listove-zelene-caje\/yuzu-tea-japonsky-bio-caj-plny-vitaminu-c-pro-lepsi-imunitu-moya\/","url":"https:\/\/matchamoya.cz\/en\/shop\/tradicni-japonske-listove-zelene-caje\/yuzu-tea-japonsky-bio-caj-plny-vitaminu-c-pro-lepsi-imunitu-moya\/","name":"Yuzu tea japonsk\u00fd organick\u00fd \u010daj s vitaminem C | Matcha Moya","isPartOf":{"@id":"https:\/\/matchamoya.cz\/en\/#website"},"primaryImageOfPage":{"@id":"https:\/\/matchamoya.cz\/en\/shop\/tradicni-japonske-listove-zelene-caje\/yuzu-tea-japonsky-bio-caj-plny-vitaminu-c-pro-lepsi-imunitu-moya\/#primaryimage"},"image":{"@id":"https:\/\/matchamoya.cz\/en\/shop\/tradicni-japonske-listove-zelene-caje\/yuzu-tea-japonsky-bio-caj-plny-vitaminu-c-pro-lepsi-imunitu-moya\/#primaryimage"},"thumbnailUrl":"https:\/\/matchamoya.cz\/wp-content\/uploads\/2024\/04\/moya-yuzu-zeleny-japonsky-organicky-caj-60g-front.jpg","datePublished":"2024-04-23T13:01:33+00:00","dateModified":"2026-04-14T02:19:59+00:00","description":"Yuzu \u010daj \u7384\u7c73\u8336 je sm\u011bs nejlahodn\u011bj\u0161\u00edho zelen\u00e9ho \u010daje a k\u016fry citrus\u016f odr\u016fdy yuzu. Yuzu je skute\u010dn\u00fdm antioxidantem s vitaminem C.","breadcrumb":{"@id":"https:\/\/matchamoya.cz\/en\/shop\/tradicni-japonske-listove-zelene-caje\/yuzu-tea-japonsky-bio-caj-plny-vitaminu-c-pro-lepsi-imunitu-moya\/#breadcrumb"},"inLanguage":"en-US","potentialAction":[{"@type":"ReadAction","target":["https:\/\/matchamoya.cz\/en\/shop\/tradicni-japonske-listove-zelene-caje\/yuzu-tea-japonsky-bio-caj-plny-vitaminu-c-pro-lepsi-imunitu-moya\/"]}]},{"@type":"ImageObject","inLanguage":"en-US","@id":"https:\/\/matchamoya.cz\/en\/shop\/tradicni-japonske-listove-zelene-caje\/yuzu-tea-japonsky-bio-caj-plny-vitaminu-c-pro-lepsi-imunitu-moya\/#primaryimage","url":"https:\/\/matchamoya.cz\/wp-content\/uploads\/2024\/04\/moya-yuzu-zeleny-japonsky-organicky-caj-60g-front.jpg","contentUrl":"https:\/\/matchamoya.cz\/wp-content\/uploads\/2024\/04\/moya-yuzu-zeleny-japonsky-organicky-caj-60g-front.jpg","width":1000,"height":1000,"caption":"moya-yuzu-s-vitaminem-c"},{"@type":"BreadcrumbList","@id":"https:\/\/matchamoya.cz\/en\/shop\/tradicni-japonske-listove-zelene-caje\/yuzu-tea-japonsky-bio-caj-plny-vitaminu-c-pro-lepsi-imunitu-moya\/#breadcrumb","itemListElement":[{"@type":"ListItem","position":1,"name":"Dom\u016f","item":"https:\/\/matchamoya.cz\/"},{"@type":"ListItem","position":2,"name":"E-SHOP","item":"https:\/\/matchamoya.cz\/shop\/"},{"@type":"ListItem","position":3,"name":"Yuzu Tea &#8211; japonsk\u00fd bio \u010daj pln\u00fd vitaminu C pro lep\u0161\u00ed imunitu &#8211; Moya"}]},{"@type":"WebSite","@id":"https:\/\/matchamoya.cz\/en\/#website","url":"https:\/\/matchamoya.cz\/en\/","name":"Matcha Moya","description":"Matcha Moya","publisher":{"@id":"https:\/\/matchamoya.cz\/en\/#organization"},"potentialAction":[{"@type":"SearchAction","target":{"@type":"EntryPoint","urlTemplate":"https:\/\/matchamoya.cz\/en\/?s={search_term_string}"},"query-input":{"@type":"PropertyValueSpecification","valueRequired":true,"valueName":"search_term_string"}}],"inLanguage":"en-US"},{"@type":"Organization","@id":"https:\/\/matchamoya.cz\/en\/#organization","name":"Moya Matcha","url":"https:\/\/matchamoya.cz\/en\/","logo":{"@type":"ImageObject","inLanguage":"en-US","@id":"https:\/\/matchamoya.cz\/en\/#\/schema\/logo\/image\/","url":"https:\/\/matchamoya.cz\/wp-content\/uploads\/2020\/03\/MOYA_Logo_Green-Black_02.png","contentUrl":"https:\/\/matchamoya.cz\/wp-content\/uploads\/2020\/03\/MOYA_Logo_Green-Black_02.png","width":313,"height":310,"caption":"Moya Matcha"},"image":{"@id":"https:\/\/matchamoya.cz\/en\/#\/schema\/logo\/image\/"}}]}},"_links":{"self":[{"href":"https:\/\/matchamoya.cz\/en\/wp-json\/wp\/v2\/product\/2589"}],"collection":[{"href":"https:\/\/matchamoya.cz\/en\/wp-json\/wp\/v2\/product"}],"about":[{"href":"https:\/\/matchamoya.cz\/en\/wp-json\/wp\/v2\/types\/product"}],"replies":[{"embeddable":true,"href":"https:\/\/matchamoya.cz\/en\/wp-json\/wp\/v2\/comments?post=2589"}],"wp:featuredmedia":[{"embeddable":true,"href":"https:\/\/matchamoya.cz\/en\/wp-json\/wp\/v2\/media\/2591"}],"wp:attachment":[{"href":"https:\/\/matchamoya.cz\/en\/wp-json\/wp\/v2\/media?parent=2589"}],"wp:term":[{"taxonomy":"product_cat","embeddable":true,"href":"https:\/\/matchamoya.cz\/en\/wp-json\/wp\/v2\/product_cat?post=2589"},{"taxonomy":"product_tag","embeddable":true,"href":"https:\/\/matchamoya.cz\/en\/wp-json\/wp\/v2\/product_tag?post=2589"}],"curies":[{"name":"wp","href":"https:\/\/api.w.org\/{rel}","templated":true}]}}