{"id":2600,"date":"2024-04-24T08:15:38","date_gmt":"2024-04-24T08:15:38","guid":{"rendered":"https:\/\/matchamoya.cz\/?post_type=product&#038;p=2600"},"modified":"2026-03-23T09:57:52","modified_gmt":"2026-03-23T09:57:52","slug":"chawan-otosu-prakticka-sklenena-miska-na-pripravu-caje-matcha-s-vylevkou","status":"publish","type":"product","link":"https:\/\/matchamoya.cz\/en\/shop\/originalni-cajove-prislusenstvi\/chawan-otosu-prakticka-sklenena-miska-na-pripravu-caje-matcha-s-vylevkou\/","title":{"rendered":"Chawan Otosu \u2013 Praktick\u00e1 sklen\u011bn\u00e1 miska na p\u0159\u00edpravu \u010daje matcha s v\u00fdlevkou"},"content":{"rendered":"<h1>Chawan Otosu \u2013 Praktick\u00e1 sklen\u011bn\u00e1 miska na p\u0159\u00edpravu \u010daje matcha s v\u00fdlevkou<\/h1>\n<div style=\"text-align: left;\">\n<p><strong>Chawan Otosu <\/strong>znamen\u00e1 v p\u0159ekladu &#8220;kapka&#8221;. Tato sklen\u011bn\u00e1 matcha miska je n\u00e1doba inspirovan\u00e1 klasick\u00fdm matchawanem tradi\u010dn\u011b pou\u017e\u00edvan\u00fdm k p\u0159\u00edprav\u011b a pit\u00ed zelen\u00e9ho \u010daje matcha a lahodn\u00fdch matcha n\u00e1poj\u016f, jako matcha latte, matcha capucino apod. M\u00e1 <strong>v\u00fdlevku<\/strong>, kter\u00e1 je pro matchawan v\u00fdjime\u010dn\u00e1, ale velmi u\u017eite\u010dn\u00e1 p\u0159i p\u0159el\u00e9v\u00e1n\u00ed p\u0159ipraven\u00e9 matchy do jin\u00e9 n\u00e1doby. Bude to u\u017eite\u010dn\u00e9 pro ty, kte\u0159\u00ed cht\u011bj\u00ed sd\u00edlet matcha se sv\u00fdmi hosty. Miska perfektn\u011b padne do ruky a d\u00edky pr\u016fhledn\u00fdm sklen\u011bn\u00fdm st\u011bn\u00e1m m\u016f\u017eete p\u0159i ka\u017edodenn\u00edm ritu\u00e1lu pln\u011b p\u0159em\u00fd\u0161let o barv\u011b a struktu\u0159e va\u0161\u00ed matchy.<\/p>\n<div><\/div>\n<div>Miska byla ru\u010dn\u011b vyrobena z dvojit\u00e9ho borosilik\u00e1tov\u00e9ho skla. Jeho vysok\u00e9 svisl\u00e9 st\u011bny a \u0161irok\u00e9 dno usnad\u0148uj\u00ed hladk\u00e9 na\u0161leh\u00e1n\u00ed pr\u00e1\u0161ku uvnit\u0159 a rychl\u00e9 z\u00edsk\u00e1n\u00ed dokonal\u00e9 p\u011bny na povrchu. D\u00edky \u0161irok\u00e9mu dnu m\u00edsy je snadn\u00e9 uvnit\u0159 hladce roz\u0161lehat pr\u00e1\u0161ek a rychle z\u00edskat dokonalou p\u011bnu na povrchu.Toho lze dos\u00e1hnout pou\u017eit\u00edm <a href=\"https:\/\/matchamoya.cz\/originalni-cajove-prislusenstvi\/chasen-tradicni-bambusova-metlicka-na-michani-matcha-caje\/\">chasenu (bambusov\u00e9 metli\u010dky)<\/a> nebo nap\u011b\u0148ova\u010de ml\u00e9ka.<\/div>\n<\/div>\n<p>Nezapome\u0148te pou\u017e\u00edt vodu s teplotou nep\u0159esahuj\u00edc\u00ed 80 \u00b0 C, abyste zachovali v\u0161echny vlastnosti matcha.<\/p>\n<p><strong>Matchawan Otosu pro p\u0159\u00edpravu a pit\u00ed \u010daje matcha:<\/strong><br \/>\n<strong>OBJEM:<\/strong> 300 ml<br \/>\n<strong>MATERI\u00c1L:<\/strong> sklo<br \/>\n<strong>V\u00dd\u0160KA:<\/strong> 6,5 cm<br \/>\n<strong>PR\u016eM\u011aR:<\/strong> 10,5 cm<\/p>\n<p><strong>Vhodn\u00e9 pro myt\u00ed v my\u010dce n\u00e1dob\u00ed.<\/strong><\/p>","protected":false},"excerpt":{"rendered":"<div style=\"text-align: left;\">\n<div style=\"text-align: left;\">\n<p><strong>Chawan Otosu <\/strong>znamen\u00e1 v p\u0159ekladu &#8220;kapka&#8221;. Tato sklen\u011bn\u00e1 matcha miska je n\u00e1doba inspirovan\u00e1 klasick\u00fdm matchawanem tradi\u010dn\u011b pou\u017e\u00edvan\u00fdm k p\u0159\u00edprav\u011b a pit\u00ed zelen\u00e9ho \u010daje matcha a lahodn\u00fdch matcha n\u00e1poj\u016f, jako matcha latte, matcha capucino apod. M\u00e1 <strong>v\u00fdlevku<\/strong>, kter\u00e1 je pro matchawan v\u00fdjime\u010dn\u00e1, ale velmi u\u017eite\u010dn\u00e1 p\u0159i p\u0159el\u00e9v\u00e1n\u00ed p\u0159ipraven\u00e9 matchy do jin\u00e9 n\u00e1doby. Bude to u\u017eite\u010dn\u00e9 pro ty, kte\u0159\u00ed cht\u011bj\u00ed sd\u00edlet matcha se sv\u00fdmi hosty. Miska perfektn\u011b padne do ruky a d\u00edky pr\u016fhledn\u00fdm sklen\u011bn\u00fdm st\u011bn\u00e1m m\u016f\u017eete p\u0159i ka\u017edodenn\u00edm ritu\u00e1lu pln\u011b p\u0159em\u00fd\u0161let o barv\u011b a struktu\u0159e va\u0161\u00ed matchy.<\/p>\n<div><\/div>\n<div>Miska byla ru\u010dn\u011b vyrobena z dvojit\u00e9ho borosilik\u00e1tov\u00e9ho skla. Jeho vysok\u00e9 svisl\u00e9 st\u011bny a \u0161irok\u00e9 dno usnad\u0148uj\u00ed hladk\u00e9 na\u0161leh\u00e1n\u00ed pr\u00e1\u0161ku uvnit\u0159 a rychl\u00e9 z\u00edsk\u00e1n\u00ed dokonal\u00e9 p\u011bny na povrchu. D\u00edky \u0161irok\u00e9mu dnu m\u00edsy je snadn\u00e9 uvnit\u0159 hladce roz\u0161lehat pr\u00e1\u0161ek a rychle z\u00edskat dokonalou p\u011bnu na povrchu.Toho lze dos\u00e1hnout pou\u017eit\u00edm <a href=\"https:\/\/matchamoya.cz\/originalni-cajove-prislusenstvi\/chasen-tradicni-bambusova-metlicka-na-michani-matcha-caje\/\">chasenu (bambusov\u00e9 metli\u010dky)<\/a> nebo nap\u011b\u0148ova\u010de ml\u00e9ka.<\/div>\n<\/div>\n<p>Nezapome\u0148te pou\u017e\u00edt vodu s teplotou nep\u0159esahuj\u00edc\u00ed 80 \u00b0 C, abyste zachovali v\u0161echny vlastnosti matcha.<\/p>\n<p><strong>Matchawan Otosu pro p\u0159\u00edpravu a pit\u00ed \u010daje matcha:<\/strong><br \/>\n<strong>OBJEM:<\/strong> 300 ml<br \/>\n<strong>MATERI\u00c1L:<\/strong> sklo<br \/>\n<strong>V\u00dd\u0160KA:<\/strong> 6,5 cm<br \/>\n<strong>PR\u016eM\u011aR:<\/strong> 10,5 cm<\/p>\n<p><strong>Vhodn\u00e9 pro myt\u00ed v my\u010dce n\u00e1dob\u00ed.<\/strong><\/p>\n<\/div>","protected":false},"featured_media":2602,"comment_status":"open","ping_status":"closed","template":"","meta":[],"product_cat":[70],"product_tag":[],"class_list":{"0":"post-2600","1":"product","2":"type-product","3":"status-publish","4":"has-post-thumbnail","6":"product_cat-originalni-cajove-prislusenstvi","7":"product_shipping_class-dobra-dodani","9":"first","10":"instock","11":"taxable","12":"shipping-taxable","13":"purchasable","14":"product-type-simple"},"yoast_head":"<!-- This site is optimized with the Yoast SEO plugin v23.4 - https:\/\/yoast.com\/wordpress\/plugins\/seo\/ -->\n<title>Chawan Otosu \u2013 sklen\u011bn\u00e1 miska s v\u00fdlevkou | Matcha Moya<\/title>\n<meta name=\"description\" content=\"Chawan otosu je ur\u010den k pit\u00ed matcha \u010daje a je vyroben z dvojit\u00e9ho skla. Tvarovan\u00fd podle stalet\u00e9 japonsk\u00e9 tradice z Kj\u00f3ta.\" \/>\n<meta name=\"robots\" content=\"index, follow, max-snippet:-1, max-image-preview:large, max-video-preview:-1\" \/>\n<link rel=\"canonical\" href=\"https:\/\/matchamoya.cz\/en\/shop\/originalni-cajove-prislusenstvi\/chawan-otosu-prakticka-sklenena-miska-na-pripravu-caje-matcha-s-vylevkou\/\" \/>\n<meta property=\"og:locale\" content=\"en_US\" \/>\n<meta property=\"og:type\" content=\"article\" \/>\n<meta property=\"og:title\" content=\"Chawan Otosu \u2013 sklen\u011bn\u00e1 miska s v\u00fdlevkou | Matcha Moya\" \/>\n<meta property=\"og:description\" content=\"Chawan otosu je ur\u010den k pit\u00ed matcha \u010daje a je vyroben z dvojit\u00e9ho skla. Tvarovan\u00fd podle stalet\u00e9 japonsk\u00e9 tradice z Kj\u00f3ta.\" \/>\n<meta property=\"og:url\" content=\"https:\/\/matchamoya.cz\/en\/shop\/originalni-cajove-prislusenstvi\/chawan-otosu-prakticka-sklenena-miska-na-pripravu-caje-matcha-s-vylevkou\/\" \/>\n<meta property=\"og:site_name\" content=\"Matcha Moya\" \/>\n<meta property=\"article:modified_time\" content=\"2026-03-23T09:57:52+00:00\" \/>\n<meta property=\"og:image\" content=\"https:\/\/matchamoya.cz\/wp-content\/uploads\/2024\/04\/moya-chawan-otosu-sklenena-miska-s-vylevkou.jpg\" \/>\n\t<meta property=\"og:image:width\" content=\"1000\" \/>\n\t<meta property=\"og:image:height\" content=\"1000\" \/>\n\t<meta property=\"og:image:type\" content=\"image\/jpeg\" \/>\n<meta name=\"twitter:card\" content=\"summary_large_image\" \/>\n<meta name=\"twitter:label1\" content=\"Est. reading time\" \/>\n\t<meta name=\"twitter:data1\" content=\"2 minutes\" \/>\n<!-- \/ Yoast SEO plugin. -->","yoast_head_json":{"title":"Chawan Otosu \u2013 sklen\u011bn\u00e1 miska s v\u00fdlevkou | Matcha Moya","description":"Chawan otosu je ur\u010den k pit\u00ed matcha \u010daje a je vyroben z dvojit\u00e9ho skla. Tvarovan\u00fd podle stalet\u00e9 japonsk\u00e9 tradice z Kj\u00f3ta.","robots":{"index":"index","follow":"follow","max-snippet":"max-snippet:-1","max-image-preview":"max-image-preview:large","max-video-preview":"max-video-preview:-1"},"canonical":"https:\/\/matchamoya.cz\/en\/shop\/originalni-cajove-prislusenstvi\/chawan-otosu-prakticka-sklenena-miska-na-pripravu-caje-matcha-s-vylevkou\/","og_locale":"en_US","og_type":"article","og_title":"Chawan Otosu \u2013 sklen\u011bn\u00e1 miska s v\u00fdlevkou | Matcha Moya","og_description":"Chawan otosu je ur\u010den k pit\u00ed matcha \u010daje a je vyroben z dvojit\u00e9ho skla. Tvarovan\u00fd podle stalet\u00e9 japonsk\u00e9 tradice z Kj\u00f3ta.","og_url":"https:\/\/matchamoya.cz\/en\/shop\/originalni-cajove-prislusenstvi\/chawan-otosu-prakticka-sklenena-miska-na-pripravu-caje-matcha-s-vylevkou\/","og_site_name":"Matcha Moya","article_modified_time":"2026-03-23T09:57:52+00:00","og_image":[{"width":1000,"height":1000,"url":"https:\/\/matchamoya.cz\/wp-content\/uploads\/2024\/04\/moya-chawan-otosu-sklenena-miska-s-vylevkou.jpg","type":"image\/jpeg"}],"twitter_card":"summary_large_image","twitter_misc":{"Est. reading time":"2 minutes"},"schema":{"@context":"https:\/\/schema.org","@graph":[{"@type":"WebPage","@id":"https:\/\/matchamoya.cz\/en\/shop\/originalni-cajove-prislusenstvi\/chawan-otosu-prakticka-sklenena-miska-na-pripravu-caje-matcha-s-vylevkou\/","url":"https:\/\/matchamoya.cz\/en\/shop\/originalni-cajove-prislusenstvi\/chawan-otosu-prakticka-sklenena-miska-na-pripravu-caje-matcha-s-vylevkou\/","name":"Chawan Otosu \u2013 sklen\u011bn\u00e1 miska s v\u00fdlevkou | Matcha Moya","isPartOf":{"@id":"https:\/\/matchamoya.cz\/en\/#website"},"primaryImageOfPage":{"@id":"https:\/\/matchamoya.cz\/en\/shop\/originalni-cajove-prislusenstvi\/chawan-otosu-prakticka-sklenena-miska-na-pripravu-caje-matcha-s-vylevkou\/#primaryimage"},"image":{"@id":"https:\/\/matchamoya.cz\/en\/shop\/originalni-cajove-prislusenstvi\/chawan-otosu-prakticka-sklenena-miska-na-pripravu-caje-matcha-s-vylevkou\/#primaryimage"},"thumbnailUrl":"https:\/\/matchamoya.cz\/wp-content\/uploads\/2024\/04\/moya-chawan-otosu-sklenena-miska-s-vylevkou.jpg","datePublished":"2024-04-24T08:15:38+00:00","dateModified":"2026-03-23T09:57:52+00:00","description":"Chawan otosu je ur\u010den k pit\u00ed matcha \u010daje a je vyroben z dvojit\u00e9ho skla. Tvarovan\u00fd podle stalet\u00e9 japonsk\u00e9 tradice z Kj\u00f3ta.","breadcrumb":{"@id":"https:\/\/matchamoya.cz\/en\/shop\/originalni-cajove-prislusenstvi\/chawan-otosu-prakticka-sklenena-miska-na-pripravu-caje-matcha-s-vylevkou\/#breadcrumb"},"inLanguage":"en-US","potentialAction":[{"@type":"ReadAction","target":["https:\/\/matchamoya.cz\/en\/shop\/originalni-cajove-prislusenstvi\/chawan-otosu-prakticka-sklenena-miska-na-pripravu-caje-matcha-s-vylevkou\/"]}]},{"@type":"ImageObject","inLanguage":"en-US","@id":"https:\/\/matchamoya.cz\/en\/shop\/originalni-cajove-prislusenstvi\/chawan-otosu-prakticka-sklenena-miska-na-pripravu-caje-matcha-s-vylevkou\/#primaryimage","url":"https:\/\/matchamoya.cz\/wp-content\/uploads\/2024\/04\/moya-chawan-otosu-sklenena-miska-s-vylevkou.jpg","contentUrl":"https:\/\/matchamoya.cz\/wp-content\/uploads\/2024\/04\/moya-chawan-otosu-sklenena-miska-s-vylevkou.jpg","width":1000,"height":1000,"caption":"chawan-otosu-kapka-miska-na-matcha-s-vylevkou"},{"@type":"BreadcrumbList","@id":"https:\/\/matchamoya.cz\/en\/shop\/originalni-cajove-prislusenstvi\/chawan-otosu-prakticka-sklenena-miska-na-pripravu-caje-matcha-s-vylevkou\/#breadcrumb","itemListElement":[{"@type":"ListItem","position":1,"name":"Dom\u016f","item":"https:\/\/matchamoya.cz\/"},{"@type":"ListItem","position":2,"name":"E-SHOP","item":"https:\/\/matchamoya.cz\/shop\/"},{"@type":"ListItem","position":3,"name":"Chawan Otosu \u2013 Praktick\u00e1 sklen\u011bn\u00e1 miska na p\u0159\u00edpravu \u010daje matcha s v\u00fdlevkou"}]},{"@type":"WebSite","@id":"https:\/\/matchamoya.cz\/en\/#website","url":"https:\/\/matchamoya.cz\/en\/","name":"Matcha Moya","description":"Matcha Moya","publisher":{"@id":"https:\/\/matchamoya.cz\/en\/#organization"},"potentialAction":[{"@type":"SearchAction","target":{"@type":"EntryPoint","urlTemplate":"https:\/\/matchamoya.cz\/en\/?s={search_term_string}"},"query-input":{"@type":"PropertyValueSpecification","valueRequired":true,"valueName":"search_term_string"}}],"inLanguage":"en-US"},{"@type":"Organization","@id":"https:\/\/matchamoya.cz\/en\/#organization","name":"Moya Matcha","url":"https:\/\/matchamoya.cz\/en\/","logo":{"@type":"ImageObject","inLanguage":"en-US","@id":"https:\/\/matchamoya.cz\/en\/#\/schema\/logo\/image\/","url":"https:\/\/matchamoya.cz\/wp-content\/uploads\/2020\/03\/MOYA_Logo_Green-Black_02.png","contentUrl":"https:\/\/matchamoya.cz\/wp-content\/uploads\/2020\/03\/MOYA_Logo_Green-Black_02.png","width":313,"height":310,"caption":"Moya Matcha"},"image":{"@id":"https:\/\/matchamoya.cz\/en\/#\/schema\/logo\/image\/"}}]}},"_links":{"self":[{"href":"https:\/\/matchamoya.cz\/en\/wp-json\/wp\/v2\/product\/2600"}],"collection":[{"href":"https:\/\/matchamoya.cz\/en\/wp-json\/wp\/v2\/product"}],"about":[{"href":"https:\/\/matchamoya.cz\/en\/wp-json\/wp\/v2\/types\/product"}],"replies":[{"embeddable":true,"href":"https:\/\/matchamoya.cz\/en\/wp-json\/wp\/v2\/comments?post=2600"}],"wp:featuredmedia":[{"embeddable":true,"href":"https:\/\/matchamoya.cz\/en\/wp-json\/wp\/v2\/media\/2602"}],"wp:attachment":[{"href":"https:\/\/matchamoya.cz\/en\/wp-json\/wp\/v2\/media?parent=2600"}],"wp:term":[{"taxonomy":"product_cat","embeddable":true,"href":"https:\/\/matchamoya.cz\/en\/wp-json\/wp\/v2\/product_cat?post=2600"},{"taxonomy":"product_tag","embeddable":true,"href":"https:\/\/matchamoya.cz\/en\/wp-json\/wp\/v2\/product_tag?post=2600"}],"curies":[{"name":"wp","href":"https:\/\/api.w.org\/{rel}","templated":true}]}}