{"id":2603,"date":"2024-04-24T12:28:45","date_gmt":"2024-04-24T12:28:45","guid":{"rendered":"https:\/\/matchamoya.cz\/?post_type=product&#038;p=2603"},"modified":"2026-04-13T09:35:13","modified_gmt":"2026-04-13T09:35:13","slug":"chawan-kido-rucne-vyrabena-hlinena-japonska-miska-na-piti-matcha-caje-moya","status":"publish","type":"product","link":"https:\/\/matchamoya.cz\/en\/shop\/originalni-cajove-prislusenstvi\/chawan-kido-rucne-vyrabena-hlinena-japonska-miska-na-piti-matcha-caje-moya\/","title":{"rendered":"Chawan Kido \u2013 Ru\u010dn\u011b vyr\u00e1b\u011bn\u00e1 hlin\u011bn\u00e1 japonsk\u00e1 miska na pit\u00ed matcha \u010daje Moya"},"content":{"rendered":"<h1>Chawan Kido \u2013 Ru\u010dn\u011b vyr\u00e1b\u011bn\u00e1 hlin\u011bn\u00e1 japonsk\u00e1 miska na pit\u00ed matcha \u010daje Moya<\/h1>\n<div><strong>Chawan Kido<\/strong> je tradi\u010dn\u00ed n\u00e1doba pou\u017e\u00edvan\u00e1 k p\u0159\u00edprav\u011b a pit\u00ed matcha, kter\u00e1 dod\u00e1 \u0161mrnc nejen dom\u00e1c\u00edmu ritu\u00e1lu pit\u00ed \u010daje, ale tak\u00e9 ka\u017ed\u00e9mu interi\u00e9ru, ve kter\u00e9m se nach\u00e1z\u00ed. Chawan Kido vypad\u00e1 jako n\u011bco magick\u00e9ho z jin\u00e9ho sv\u011bta. Samotn\u00fd n\u00e1zev znamen\u00e1 v japon\u0161tin\u011b orbitu a dokonale odr\u00e1\u017e\u00ed abstraktn\u00ed, jedine\u010dn\u00fd vzor zdob\u00edc\u00ed nepravideln\u011b tvarovan\u00e9 okraje. <strong>Miska vznikla v Japonsku na ostrov\u011b Hon\u0161\u00fa ve m\u011bst\u011b Toki<\/strong>. \u010ctvr\u0165 Oroshi, kter\u00e1 se tam nach\u00e1z\u00ed, je zn\u00e1m\u00e1 vypalov\u00e1n\u00edm tradi\u010dn\u00ed japonsk\u00e9 keramiky Shino s jedine\u010dn\u00fdmi vzory a tvary. Matchawan se nejprve tvaruje ve form\u011b a pot\u00e9 se mu ru\u010dn\u011b d\u00e1vaj\u00ed jedine\u010dn\u00e9 vlastnosti a tvary. Dno misky je \u0161irok\u00e9, d\u00edky \u010demu\u017e je p\u0159\u00edprava matcha v n\u00ed jednoduch\u00e1 a p\u0159\u00edjemn\u00e1.<\/div>\n<p>Nezapome\u0148te pou\u017e\u00edt vodu s teplotou nep\u0159esahuj\u00edc\u00ed 80 \u00b0 C, abyste zachovali v\u0161echny vlastnosti matcha &#8211; video s n\u00e1vodem, <strong><a href=\"https:\/\/matchamoya.cz\/jak-pripravit-matchu\/\">jak p\u0159ipravit matcha \u010daj od Hitomi Saito zde<\/a><\/strong>.<\/p>\n<p><strong>Tradi\u010dn\u00ed miska na p\u0159\u00edpravu a pit\u00ed \u010daje matcha.<\/strong><\/p>\n<p>OBJEM: 350 ml<br \/>\nV\u00dd\u0160KA: 7,5 &#8211; 8,5 cm<br \/>\nPR\u016eM\u011aR: 11,5 cm<br \/>\nZEM\u011a P\u016eVODU: Japonsko<\/p>\n<p>Vzhledem k tomu, \u017ee se jedn\u00e1 o ru\u010dn\u011b vyr\u00e1b\u011bn\u00fd v\u00fdrobek, rozm\u011bry se mohou m\u00edrn\u011b li\u0161it. <strong>Mo\u017eno m\u00fdt v my\u010dce.<\/strong><\/p>\n<p><img loading=\"lazy\" decoding=\"async\" class=\"size-medium wp-image-2605 aligncenter\" src=\"https:\/\/matchamoya.cz\/wp-content\/uploads\/2024\/04\/chawan-kido-magicka-miska-na-matcha-caj-detail-400x400.jpg\" alt=\"chawan-kido-detail-produktu\" width=\"400\" height=\"400\" srcset=\"https:\/\/matchamoya.cz\/wp-content\/uploads\/2024\/04\/chawan-kido-magicka-miska-na-matcha-caj-detail-400x400.jpg 400w, https:\/\/matchamoya.cz\/wp-content\/uploads\/2024\/04\/chawan-kido-magicka-miska-na-matcha-caj-detail-800x800.jpg 800w, https:\/\/matchamoya.cz\/wp-content\/uploads\/2024\/04\/chawan-kido-magicka-miska-na-matcha-caj-detail-280x280.jpg 280w, https:\/\/matchamoya.cz\/wp-content\/uploads\/2024\/04\/chawan-kido-magicka-miska-na-matcha-caj-detail-768x768.jpg 768w, https:\/\/matchamoya.cz\/wp-content\/uploads\/2024\/04\/chawan-kido-magicka-miska-na-matcha-caj-detail-12x12.jpg 12w, https:\/\/matchamoya.cz\/wp-content\/uploads\/2024\/04\/chawan-kido-magicka-miska-na-matcha-caj-detail-300x300.jpg 300w, https:\/\/matchamoya.cz\/wp-content\/uploads\/2024\/04\/chawan-kido-magicka-miska-na-matcha-caj-detail-600x600.jpg 600w, https:\/\/matchamoya.cz\/wp-content\/uploads\/2024\/04\/chawan-kido-magicka-miska-na-matcha-caj-detail-100x100.jpg 100w, https:\/\/matchamoya.cz\/wp-content\/uploads\/2024\/04\/chawan-kido-magicka-miska-na-matcha-caj-detail.jpg 1000w\" sizes=\"(max-width: 400px) 100vw, 400px\" \/><\/p>\n<p>&nbsp;<\/p>\n<p>&nbsp;<\/p>","protected":false},"excerpt":{"rendered":"<h1>Chawan Kido \u2013 Ru\u010dn\u011b vyr\u00e1b\u011bn\u00e1 hlin\u011bn\u00e1 japonsk\u00e1 miska na pit\u00ed matcha \u010daje Moya<\/h1>\n<div><strong>Chawan Kido<\/strong> je tradi\u010dn\u00ed n\u00e1doba pou\u017e\u00edvan\u00e1 k p\u0159\u00edprav\u011b a pit\u00ed matcha, kter\u00e1 dod\u00e1 \u0161mrnc nejen dom\u00e1c\u00edmu ritu\u00e1lu pit\u00ed \u010daje, ale tak\u00e9 ka\u017ed\u00e9mu interi\u00e9ru, ve kter\u00e9m se nach\u00e1z\u00ed. Chawan Kido vypad\u00e1 jako n\u011bco magick\u00e9ho z jin\u00e9ho sv\u011bta. Samotn\u00fd n\u00e1zev znamen\u00e1 v japon\u0161tin\u011b orbitu a dokonale odr\u00e1\u017e\u00ed abstraktn\u00ed, jedine\u010dn\u00fd vzor zdob\u00edc\u00ed nepravideln\u011b tvarovan\u00e9 okraje. <strong>Miska vznikla v Japonsku na ostrov\u011b Hon\u0161\u00fa ve m\u011bst\u011b Toki<\/strong>. \u010ctvr\u0165 Oroshi, kter\u00e1 se tam nach\u00e1z\u00ed, je zn\u00e1m\u00e1 vypalov\u00e1n\u00edm tradi\u010dn\u00ed japonsk\u00e9 keramiky Shino s jedine\u010dn\u00fdmi vzory a tvary. Matchawan se nejprve tvaruje ve form\u011b a pot\u00e9 se mu ru\u010dn\u011b d\u00e1vaj\u00ed jedine\u010dn\u00e9 vlastnosti a tvary. Dno misky je \u0161irok\u00e9, d\u00edky \u010demu\u017e je p\u0159\u00edprava matcha v n\u00ed jednoduch\u00e1 a p\u0159\u00edjemn\u00e1.<\/div>\n<p>Nezapome\u0148te pou\u017e\u00edt vodu s teplotou nep\u0159esahuj\u00edc\u00ed 80 \u00b0 C, abyste zachovali v\u0161echny vlastnosti matcha &#8211; video s n\u00e1vodem, <strong><a href=\"https:\/\/matchamoya.cz\/jak-pripravit-matchu\/\">jak p\u0159ipravit matcha \u010daj od Hitomi Saito zde<\/a><\/strong>.<\/p>\n<p><strong>Tradi\u010dn\u00ed miska na p\u0159\u00edpravu a pit\u00ed \u010daje matcha.<\/strong><\/p>\n<p>OBJEM: 350 ml<br \/>\nV\u00dd\u0160KA: 7,5 &#8211; 8,5 cm<br \/>\nPR\u016eM\u011aR: 11,5 cm<br \/>\nZEM\u011a P\u016eVODU: Japonsko<\/p>\n<p>Vzhledem k tomu, \u017ee se jedn\u00e1 o ru\u010dn\u011b vyr\u00e1b\u011bn\u00fd v\u00fdrobek, rozm\u011bry se mohou m\u00edrn\u011b li\u0161it. <strong>Mo\u017eno m\u00fdt v my\u010dce.<\/strong><\/p>","protected":false},"featured_media":2604,"comment_status":"open","ping_status":"closed","template":"","meta":[],"product_cat":[70],"product_tag":[],"class_list":{"0":"post-2603","1":"product","2":"type-product","3":"status-publish","4":"has-post-thumbnail","6":"product_cat-originalni-cajove-prislusenstvi","7":"product_shipping_class-dobra-dodani","9":"first","10":"instock","11":"taxable","12":"shipping-taxable","13":"purchasable","14":"product-type-simple"},"yoast_head":"<!-- This site is optimized with the Yoast SEO plugin v23.4 - https:\/\/yoast.com\/wordpress\/plugins\/seo\/ -->\n<title>Chawan Kido \u2013 Ru\u010dn\u011b vyr\u00e1b\u011bn\u00e1 japonsk\u00e1 miska | Matcha Moya<\/title>\n<meta name=\"description\" content=\"Chawan Kido vypad\u00e1 jako n\u011bco magick\u00e9ho z jin\u00e9ho sv\u011bta. Samotn\u00fd n\u00e1zev znamen\u00e1 v japon\u0161tin\u011b orbitu. Ka\u017ed\u00e1 miska je jedin\u00e1 sv\u00e9ho druhu.\" \/>\n<meta name=\"robots\" content=\"index, follow, max-snippet:-1, max-image-preview:large, max-video-preview:-1\" \/>\n<link rel=\"canonical\" href=\"https:\/\/matchamoya.cz\/en\/shop\/originalni-cajove-prislusenstvi\/chawan-kido-rucne-vyrabena-hlinena-japonska-miska-na-piti-matcha-caje-moya\/\" \/>\n<meta property=\"og:locale\" content=\"en_US\" \/>\n<meta property=\"og:type\" content=\"article\" \/>\n<meta property=\"og:title\" content=\"Chawan Kido \u2013 Ru\u010dn\u011b vyr\u00e1b\u011bn\u00e1 japonsk\u00e1 miska | Matcha Moya\" \/>\n<meta property=\"og:description\" content=\"Chawan Kido vypad\u00e1 jako n\u011bco magick\u00e9ho z jin\u00e9ho sv\u011bta. Samotn\u00fd n\u00e1zev znamen\u00e1 v japon\u0161tin\u011b orbitu. Ka\u017ed\u00e1 miska je jedin\u00e1 sv\u00e9ho druhu.\" \/>\n<meta property=\"og:url\" content=\"https:\/\/matchamoya.cz\/en\/shop\/originalni-cajove-prislusenstvi\/chawan-kido-rucne-vyrabena-hlinena-japonska-miska-na-piti-matcha-caje-moya\/\" \/>\n<meta property=\"og:site_name\" content=\"Matcha Moya\" \/>\n<meta property=\"article:modified_time\" content=\"2026-04-13T09:35:13+00:00\" \/>\n<meta property=\"og:image\" content=\"https:\/\/matchamoya.cz\/wp-content\/uploads\/2024\/04\/chawan-kido-magicka-miska-na-matcha-caj.jpg\" \/>\n\t<meta property=\"og:image:width\" content=\"1000\" \/>\n\t<meta property=\"og:image:height\" content=\"1000\" \/>\n\t<meta property=\"og:image:type\" content=\"image\/jpeg\" \/>\n<meta name=\"twitter:card\" content=\"summary_large_image\" \/>\n<meta name=\"twitter:label1\" content=\"Est. reading time\" \/>\n\t<meta name=\"twitter:data1\" content=\"2 minutes\" \/>\n<!-- \/ Yoast SEO plugin. -->","yoast_head_json":{"title":"Chawan Kido \u2013 Ru\u010dn\u011b vyr\u00e1b\u011bn\u00e1 japonsk\u00e1 miska | Matcha Moya","description":"Chawan Kido vypad\u00e1 jako n\u011bco magick\u00e9ho z jin\u00e9ho sv\u011bta. Samotn\u00fd n\u00e1zev znamen\u00e1 v japon\u0161tin\u011b orbitu. Ka\u017ed\u00e1 miska je jedin\u00e1 sv\u00e9ho druhu.","robots":{"index":"index","follow":"follow","max-snippet":"max-snippet:-1","max-image-preview":"max-image-preview:large","max-video-preview":"max-video-preview:-1"},"canonical":"https:\/\/matchamoya.cz\/en\/shop\/originalni-cajove-prislusenstvi\/chawan-kido-rucne-vyrabena-hlinena-japonska-miska-na-piti-matcha-caje-moya\/","og_locale":"en_US","og_type":"article","og_title":"Chawan Kido \u2013 Ru\u010dn\u011b vyr\u00e1b\u011bn\u00e1 japonsk\u00e1 miska | Matcha Moya","og_description":"Chawan Kido vypad\u00e1 jako n\u011bco magick\u00e9ho z jin\u00e9ho sv\u011bta. Samotn\u00fd n\u00e1zev znamen\u00e1 v japon\u0161tin\u011b orbitu. Ka\u017ed\u00e1 miska je jedin\u00e1 sv\u00e9ho druhu.","og_url":"https:\/\/matchamoya.cz\/en\/shop\/originalni-cajove-prislusenstvi\/chawan-kido-rucne-vyrabena-hlinena-japonska-miska-na-piti-matcha-caje-moya\/","og_site_name":"Matcha Moya","article_modified_time":"2026-04-13T09:35:13+00:00","og_image":[{"width":1000,"height":1000,"url":"https:\/\/matchamoya.cz\/wp-content\/uploads\/2024\/04\/chawan-kido-magicka-miska-na-matcha-caj.jpg","type":"image\/jpeg"}],"twitter_card":"summary_large_image","twitter_misc":{"Est. reading time":"2 minutes"},"schema":{"@context":"https:\/\/schema.org","@graph":[{"@type":"WebPage","@id":"https:\/\/matchamoya.cz\/en\/shop\/originalni-cajove-prislusenstvi\/chawan-kido-rucne-vyrabena-hlinena-japonska-miska-na-piti-matcha-caje-moya\/","url":"https:\/\/matchamoya.cz\/en\/shop\/originalni-cajove-prislusenstvi\/chawan-kido-rucne-vyrabena-hlinena-japonska-miska-na-piti-matcha-caje-moya\/","name":"Chawan Kido \u2013 Ru\u010dn\u011b vyr\u00e1b\u011bn\u00e1 japonsk\u00e1 miska | Matcha Moya","isPartOf":{"@id":"https:\/\/matchamoya.cz\/en\/#website"},"primaryImageOfPage":{"@id":"https:\/\/matchamoya.cz\/en\/shop\/originalni-cajove-prislusenstvi\/chawan-kido-rucne-vyrabena-hlinena-japonska-miska-na-piti-matcha-caje-moya\/#primaryimage"},"image":{"@id":"https:\/\/matchamoya.cz\/en\/shop\/originalni-cajove-prislusenstvi\/chawan-kido-rucne-vyrabena-hlinena-japonska-miska-na-piti-matcha-caje-moya\/#primaryimage"},"thumbnailUrl":"https:\/\/matchamoya.cz\/wp-content\/uploads\/2024\/04\/chawan-kido-magicka-miska-na-matcha-caj.jpg","datePublished":"2024-04-24T12:28:45+00:00","dateModified":"2026-04-13T09:35:13+00:00","description":"Chawan Kido vypad\u00e1 jako n\u011bco magick\u00e9ho z jin\u00e9ho sv\u011bta. Samotn\u00fd n\u00e1zev znamen\u00e1 v japon\u0161tin\u011b orbitu. Ka\u017ed\u00e1 miska je jedin\u00e1 sv\u00e9ho druhu.","breadcrumb":{"@id":"https:\/\/matchamoya.cz\/en\/shop\/originalni-cajove-prislusenstvi\/chawan-kido-rucne-vyrabena-hlinena-japonska-miska-na-piti-matcha-caje-moya\/#breadcrumb"},"inLanguage":"en-US","potentialAction":[{"@type":"ReadAction","target":["https:\/\/matchamoya.cz\/en\/shop\/originalni-cajove-prislusenstvi\/chawan-kido-rucne-vyrabena-hlinena-japonska-miska-na-piti-matcha-caje-moya\/"]}]},{"@type":"ImageObject","inLanguage":"en-US","@id":"https:\/\/matchamoya.cz\/en\/shop\/originalni-cajove-prislusenstvi\/chawan-kido-rucne-vyrabena-hlinena-japonska-miska-na-piti-matcha-caje-moya\/#primaryimage","url":"https:\/\/matchamoya.cz\/wp-content\/uploads\/2024\/04\/chawan-kido-magicka-miska-na-matcha-caj.jpg","contentUrl":"https:\/\/matchamoya.cz\/wp-content\/uploads\/2024\/04\/chawan-kido-magicka-miska-na-matcha-caj.jpg","width":1000,"height":1000,"caption":"chawan-kido-magicka-miska"},{"@type":"BreadcrumbList","@id":"https:\/\/matchamoya.cz\/en\/shop\/originalni-cajove-prislusenstvi\/chawan-kido-rucne-vyrabena-hlinena-japonska-miska-na-piti-matcha-caje-moya\/#breadcrumb","itemListElement":[{"@type":"ListItem","position":1,"name":"Dom\u016f","item":"https:\/\/matchamoya.cz\/"},{"@type":"ListItem","position":2,"name":"E-SHOP","item":"https:\/\/matchamoya.cz\/shop\/"},{"@type":"ListItem","position":3,"name":"Chawan Kido \u2013 Ru\u010dn\u011b vyr\u00e1b\u011bn\u00e1 hlin\u011bn\u00e1 japonsk\u00e1 miska na pit\u00ed matcha \u010daje Moya"}]},{"@type":"WebSite","@id":"https:\/\/matchamoya.cz\/en\/#website","url":"https:\/\/matchamoya.cz\/en\/","name":"Matcha Moya","description":"Matcha Moya","publisher":{"@id":"https:\/\/matchamoya.cz\/en\/#organization"},"potentialAction":[{"@type":"SearchAction","target":{"@type":"EntryPoint","urlTemplate":"https:\/\/matchamoya.cz\/en\/?s={search_term_string}"},"query-input":{"@type":"PropertyValueSpecification","valueRequired":true,"valueName":"search_term_string"}}],"inLanguage":"en-US"},{"@type":"Organization","@id":"https:\/\/matchamoya.cz\/en\/#organization","name":"Moya Matcha","url":"https:\/\/matchamoya.cz\/en\/","logo":{"@type":"ImageObject","inLanguage":"en-US","@id":"https:\/\/matchamoya.cz\/en\/#\/schema\/logo\/image\/","url":"https:\/\/matchamoya.cz\/wp-content\/uploads\/2020\/03\/MOYA_Logo_Green-Black_02.png","contentUrl":"https:\/\/matchamoya.cz\/wp-content\/uploads\/2020\/03\/MOYA_Logo_Green-Black_02.png","width":313,"height":310,"caption":"Moya Matcha"},"image":{"@id":"https:\/\/matchamoya.cz\/en\/#\/schema\/logo\/image\/"}}]}},"_links":{"self":[{"href":"https:\/\/matchamoya.cz\/en\/wp-json\/wp\/v2\/product\/2603"}],"collection":[{"href":"https:\/\/matchamoya.cz\/en\/wp-json\/wp\/v2\/product"}],"about":[{"href":"https:\/\/matchamoya.cz\/en\/wp-json\/wp\/v2\/types\/product"}],"replies":[{"embeddable":true,"href":"https:\/\/matchamoya.cz\/en\/wp-json\/wp\/v2\/comments?post=2603"}],"wp:featuredmedia":[{"embeddable":true,"href":"https:\/\/matchamoya.cz\/en\/wp-json\/wp\/v2\/media\/2604"}],"wp:attachment":[{"href":"https:\/\/matchamoya.cz\/en\/wp-json\/wp\/v2\/media?parent=2603"}],"wp:term":[{"taxonomy":"product_cat","embeddable":true,"href":"https:\/\/matchamoya.cz\/en\/wp-json\/wp\/v2\/product_cat?post=2603"},{"taxonomy":"product_tag","embeddable":true,"href":"https:\/\/matchamoya.cz\/en\/wp-json\/wp\/v2\/product_tag?post=2603"}],"curies":[{"name":"wp","href":"https:\/\/api.w.org\/{rel}","templated":true}]}}