{"id":2607,"date":"2024-04-24T12:41:44","date_gmt":"2024-04-24T12:41:44","guid":{"rendered":"https:\/\/matchamoya.cz\/?post_type=product&#038;p=2607"},"modified":"2026-04-13T09:35:13","modified_gmt":"2026-04-13T09:35:13","slug":"chawan-kinbo-rucne-vyrabena-hlinena-japonska-miska-na-piti-matcha-caje-moya","status":"publish","type":"product","link":"https:\/\/matchamoya.cz\/en\/shop\/originalni-cajove-prislusenstvi\/chawan-kinbo-rucne-vyrabena-hlinena-japonska-miska-na-piti-matcha-caje-moya\/","title":{"rendered":"Chawan Kinbo \u2013 Ru\u010dn\u011b vyr\u00e1b\u011bn\u00e1 hlin\u011bn\u00e1 japonsk\u00e1 miska na pit\u00ed matcha \u010daje Moya"},"content":{"rendered":"<h1>Chawan Kinbo \u2013 Ru\u010dn\u011b vyr\u00e1b\u011bn\u00e1 hlin\u011bn\u00e1 japonsk\u00e1 miska na pit\u00ed matcha \u010daje Moya<\/h1>\n<div><strong>Chawan Kinbo<\/strong> je tradi\u010dn\u00ed n\u00e1doba na pit\u00ed matcha s nepravideln\u00fdmi okraji a prol\u00ednaj\u00edc\u00edmi se barvami. Studen\u00e1 mod\u0159 vystupuj\u00edc\u00ed z bronzu p\u0159ipom\u00edn\u00e1 mlhu nebo nadpozemsk\u00fd prach. <strong>Chawan byl vyrobeno na ostrov\u011b Hon\u0161\u00fa v Toki<\/strong>. \u010ctvr\u0165 Oroshi, kter\u00e1 se tam nach\u00e1z\u00ed, je zn\u00e1m\u00e1 vypalov\u00e1n\u00edm slavn\u00e9 japonsk\u00e9 keramiky, v\u010detn\u011b keramiky Shino, kter\u00e1 se vyzna\u010duje svou v\u00fdrobn\u00ed technikou a glazurou. Chawan byl nejprve tvarov\u00e1n ve form\u011b a pot\u00e9 ru\u010dn\u011b zpracov\u00e1n, tak\u017ee jeho tvar byl jedine\u010dn\u00fd a jedine\u010dn\u00fd pro ka\u017edou misku. St\u011bny se sm\u011brem nahoru m\u00edrn\u011b zu\u017euj\u00ed, d\u00edky \u010demu\u017e v\u00e1m \u0161\u00e1lek pohodln\u011b padne do rukou. Jeho \u0161irok\u00e9 dno usnad\u0148uje m\u00edch\u00e1n\u00ed matchy ve vod\u011b pomoc\u00ed <a href=\"https:\/\/matchamoya.cz\/shop\/originalni-cajove-prislusenstvi\/chasen-tradicni-bambusova-metlicka-na-michani-matcha-caje\/\"><strong>chasen \u2013 bambusov\u00e9 metly<\/strong><\/a> pou\u017e\u00edvan\u00e9 k m\u00edch\u00e1n\u00ed matchy s vodou.<\/div>\n<p>Nezapome\u0148te pou\u017e\u00edt vodu s teplotou nep\u0159esahuj\u00edc\u00ed 80 \u00b0 C, abyste zachovali v\u0161echny vlastnosti matcha &#8211; video s n\u00e1vodem, <strong><a href=\"https:\/\/matchamoya.cz\/jak-pripravit-matchu\/\">jak p\u0159ipravit matcha \u010daj od Hitomi Saito zde<\/a><\/strong>.<\/p>\n<p><strong>Tradi\u010dn\u00ed miska na p\u0159\u00edpravu a pit\u00ed \u010daje matcha.<\/strong><\/p>\n<p>OBJEM: 350 ml<br \/>\nV\u00dd\u0160KA: 7,5 &#8211; 8,5 cm<br \/>\nPR\u016eM\u011aR: 11,5 cm<br \/>\nZEM\u011a P\u016eVODU: Japonsko<\/p>\n<p>Vzhledem k tomu, \u017ee se jedn\u00e1 o ru\u010dn\u011b vyr\u00e1b\u011bn\u00fd v\u00fdrobek, rozm\u011bry se mohou m\u00edrn\u011b li\u0161it. <strong>Mo\u017eno m\u00fdt v my\u010dce.<\/strong><\/p>\n<p>&nbsp;<\/p>\n<p><img loading=\"lazy\" decoding=\"async\" class=\"size-medium wp-image-2609 aligncenter\" src=\"https:\/\/matchamoya.cz\/wp-content\/uploads\/2024\/04\/chawan-kinbo-s-cajem-matcha-moya-400x400.jpg\" alt=\"\" width=\"400\" height=\"400\" srcset=\"https:\/\/matchamoya.cz\/wp-content\/uploads\/2024\/04\/chawan-kinbo-s-cajem-matcha-moya-400x400.jpg 400w, https:\/\/matchamoya.cz\/wp-content\/uploads\/2024\/04\/chawan-kinbo-s-cajem-matcha-moya-800x800.jpg 800w, https:\/\/matchamoya.cz\/wp-content\/uploads\/2024\/04\/chawan-kinbo-s-cajem-matcha-moya-280x280.jpg 280w, https:\/\/matchamoya.cz\/wp-content\/uploads\/2024\/04\/chawan-kinbo-s-cajem-matcha-moya-768x768.jpg 768w, https:\/\/matchamoya.cz\/wp-content\/uploads\/2024\/04\/chawan-kinbo-s-cajem-matcha-moya-12x12.jpg 12w, https:\/\/matchamoya.cz\/wp-content\/uploads\/2024\/04\/chawan-kinbo-s-cajem-matcha-moya-300x300.jpg 300w, https:\/\/matchamoya.cz\/wp-content\/uploads\/2024\/04\/chawan-kinbo-s-cajem-matcha-moya-600x600.jpg 600w, https:\/\/matchamoya.cz\/wp-content\/uploads\/2024\/04\/chawan-kinbo-s-cajem-matcha-moya-100x100.jpg 100w, https:\/\/matchamoya.cz\/wp-content\/uploads\/2024\/04\/chawan-kinbo-s-cajem-matcha-moya.jpg 1000w\" sizes=\"(max-width: 400px) 100vw, 400px\" \/><\/p>\n<p>&nbsp;<\/p>","protected":false},"excerpt":{"rendered":"<h1>Chawan Kinbo \u2013 Ru\u010dn\u011b vyr\u00e1b\u011bn\u00e1 hlin\u011bn\u00e1 japonsk\u00e1 miska na pit\u00ed matcha \u010daje Moya<\/h1>\n<div><strong>Chawan Kinbo<\/strong> je tradi\u010dn\u00ed n\u00e1doba na pit\u00ed matcha s nepravideln\u00fdmi okraji a prol\u00ednaj\u00edc\u00edmi se barvami. Studen\u00e1 mod\u0159 vystupuj\u00edc\u00ed z bronzu p\u0159ipom\u00edn\u00e1 mlhu nebo nadpozemsk\u00fd prach. <strong>Chawan byl vyrobeno na ostrov\u011b Hon\u0161\u00fa v Toki<\/strong>. \u010ctvr\u0165 Oroshi, kter\u00e1 se tam nach\u00e1z\u00ed, je zn\u00e1m\u00e1 vypalov\u00e1n\u00edm slavn\u00e9 japonsk\u00e9 keramiky, v\u010detn\u011b keramiky Shino, kter\u00e1 se vyzna\u010duje svou v\u00fdrobn\u00ed technikou a glazurou. Chawan byl nejprve tvarov\u00e1n ve form\u011b a pot\u00e9 ru\u010dn\u011b zpracov\u00e1n, tak\u017ee jeho tvar byl jedine\u010dn\u00fd a jedine\u010dn\u00fd pro ka\u017edou misku. St\u011bny se sm\u011brem nahoru m\u00edrn\u011b zu\u017euj\u00ed, d\u00edky \u010demu\u017e v\u00e1m \u0161\u00e1lek pohodln\u011b padne do rukou. Jeho \u0161irok\u00e9 dno usnad\u0148uje m\u00edch\u00e1n\u00ed matchy ve vod\u011b pomoc\u00ed <a href=\"https:\/\/matchamoya.cz\/shop\/originalni-cajove-prislusenstvi\/chasen-tradicni-bambusova-metlicka-na-michani-matcha-caje\/\"><strong>chasen \u2013 bambusov\u00e9 metly<\/strong><\/a> pou\u017e\u00edvan\u00e9 k m\u00edch\u00e1n\u00ed matchy s vodou.<\/div>\n<p>Nezapome\u0148te pou\u017e\u00edt vodu s teplotou nep\u0159esahuj\u00edc\u00ed 80 \u00b0 C, abyste zachovali v\u0161echny vlastnosti matcha &#8211; video s n\u00e1vodem, <strong><a href=\"https:\/\/matchamoya.cz\/jak-pripravit-matchu\/\">jak p\u0159ipravit matcha \u010daj od Hitomi Saito zde<\/a><\/strong>.<\/p>\n<p><strong>Tradi\u010dn\u00ed miska na p\u0159\u00edpravu a pit\u00ed \u010daje matcha.<\/strong><\/p>\n<p>OBJEM: 350 ml<br \/>\nV\u00dd\u0160KA: 7,5 &#8211; 8,5 cm<br \/>\nPR\u016eM\u011aR: 11,5 cm<br \/>\nZEM\u011a P\u016eVODU: Japonsko<\/p>\n<p>Vzhledem k tomu, \u017ee se jedn\u00e1 o ru\u010dn\u011b vyr\u00e1b\u011bn\u00fd v\u00fdrobek, rozm\u011bry se mohou m\u00edrn\u011b li\u0161it. <strong>Mo\u017eno m\u00fdt v my\u010dce.<\/strong><\/p>","protected":false},"featured_media":2608,"comment_status":"open","ping_status":"closed","template":"","meta":[],"product_cat":[70],"product_tag":[],"class_list":{"0":"post-2607","1":"product","2":"type-product","3":"status-publish","4":"has-post-thumbnail","6":"product_cat-originalni-cajove-prislusenstvi","7":"product_shipping_class-dobra-dodani","9":"first","10":"instock","11":"taxable","12":"shipping-taxable","13":"purchasable","14":"product-type-simple"},"yoast_head":"<!-- This site is optimized with the Yoast SEO plugin v23.4 - https:\/\/yoast.com\/wordpress\/plugins\/seo\/ -->\n<title>Chawan Kinbo \u2013 Ru\u010dn\u011b vyr\u00e1b\u011bn\u00e1 japonsk\u00e1 miska | Matcha Moya<\/title>\n<meta name=\"description\" content=\"Chawan Kinbo je tradi\u010dn\u00ed n\u00e1doba na pit\u00ed matcha. Studen\u00e1 mod\u0159 vystupuj\u00edc\u00ed z bronzu p\u0159ipom\u00edn\u00e1 mlhu nebo nadpozemsk\u00fd prach. Ka\u017ed\u00e1 miska je jedine\u010dn\u00e1.\" \/>\n<meta name=\"robots\" content=\"index, follow, max-snippet:-1, max-image-preview:large, max-video-preview:-1\" \/>\n<link rel=\"canonical\" href=\"https:\/\/matchamoya.cz\/en\/shop\/originalni-cajove-prislusenstvi\/chawan-kinbo-rucne-vyrabena-hlinena-japonska-miska-na-piti-matcha-caje-moya\/\" \/>\n<meta property=\"og:locale\" content=\"en_US\" \/>\n<meta property=\"og:type\" content=\"article\" \/>\n<meta property=\"og:title\" content=\"Chawan Kinbo \u2013 Ru\u010dn\u011b vyr\u00e1b\u011bn\u00e1 japonsk\u00e1 miska | Matcha Moya\" \/>\n<meta property=\"og:description\" content=\"Chawan Kinbo je tradi\u010dn\u00ed n\u00e1doba na pit\u00ed matcha. Studen\u00e1 mod\u0159 vystupuj\u00edc\u00ed z bronzu p\u0159ipom\u00edn\u00e1 mlhu nebo nadpozemsk\u00fd prach. Ka\u017ed\u00e1 miska je jedine\u010dn\u00e1.\" \/>\n<meta property=\"og:url\" content=\"https:\/\/matchamoya.cz\/en\/shop\/originalni-cajove-prislusenstvi\/chawan-kinbo-rucne-vyrabena-hlinena-japonska-miska-na-piti-matcha-caje-moya\/\" \/>\n<meta property=\"og:site_name\" content=\"Matcha Moya\" \/>\n<meta property=\"article:modified_time\" content=\"2026-04-13T09:35:13+00:00\" \/>\n<meta property=\"og:image\" content=\"https:\/\/matchamoya.cz\/wp-content\/uploads\/2024\/04\/chawan-kinbo-s-nadpozemskou-modri-z-japonska-moya.jpg\" \/>\n\t<meta property=\"og:image:width\" content=\"1000\" \/>\n\t<meta property=\"og:image:height\" content=\"1000\" \/>\n\t<meta property=\"og:image:type\" content=\"image\/jpeg\" \/>\n<meta name=\"twitter:card\" content=\"summary_large_image\" \/>\n<meta name=\"twitter:label1\" content=\"Est. reading time\" \/>\n\t<meta name=\"twitter:data1\" content=\"2 minutes\" \/>\n<!-- \/ Yoast SEO plugin. -->","yoast_head_json":{"title":"Chawan Kinbo \u2013 Ru\u010dn\u011b vyr\u00e1b\u011bn\u00e1 japonsk\u00e1 miska | Matcha Moya","description":"Chawan Kinbo je tradi\u010dn\u00ed n\u00e1doba na pit\u00ed matcha. Studen\u00e1 mod\u0159 vystupuj\u00edc\u00ed z bronzu p\u0159ipom\u00edn\u00e1 mlhu nebo nadpozemsk\u00fd prach. Ka\u017ed\u00e1 miska je jedine\u010dn\u00e1.","robots":{"index":"index","follow":"follow","max-snippet":"max-snippet:-1","max-image-preview":"max-image-preview:large","max-video-preview":"max-video-preview:-1"},"canonical":"https:\/\/matchamoya.cz\/en\/shop\/originalni-cajove-prislusenstvi\/chawan-kinbo-rucne-vyrabena-hlinena-japonska-miska-na-piti-matcha-caje-moya\/","og_locale":"en_US","og_type":"article","og_title":"Chawan Kinbo \u2013 Ru\u010dn\u011b vyr\u00e1b\u011bn\u00e1 japonsk\u00e1 miska | Matcha Moya","og_description":"Chawan Kinbo je tradi\u010dn\u00ed n\u00e1doba na pit\u00ed matcha. Studen\u00e1 mod\u0159 vystupuj\u00edc\u00ed z bronzu p\u0159ipom\u00edn\u00e1 mlhu nebo nadpozemsk\u00fd prach. Ka\u017ed\u00e1 miska je jedine\u010dn\u00e1.","og_url":"https:\/\/matchamoya.cz\/en\/shop\/originalni-cajove-prislusenstvi\/chawan-kinbo-rucne-vyrabena-hlinena-japonska-miska-na-piti-matcha-caje-moya\/","og_site_name":"Matcha Moya","article_modified_time":"2026-04-13T09:35:13+00:00","og_image":[{"width":1000,"height":1000,"url":"https:\/\/matchamoya.cz\/wp-content\/uploads\/2024\/04\/chawan-kinbo-s-nadpozemskou-modri-z-japonska-moya.jpg","type":"image\/jpeg"}],"twitter_card":"summary_large_image","twitter_misc":{"Est. reading time":"2 minutes"},"schema":{"@context":"https:\/\/schema.org","@graph":[{"@type":"WebPage","@id":"https:\/\/matchamoya.cz\/en\/shop\/originalni-cajove-prislusenstvi\/chawan-kinbo-rucne-vyrabena-hlinena-japonska-miska-na-piti-matcha-caje-moya\/","url":"https:\/\/matchamoya.cz\/en\/shop\/originalni-cajove-prislusenstvi\/chawan-kinbo-rucne-vyrabena-hlinena-japonska-miska-na-piti-matcha-caje-moya\/","name":"Chawan Kinbo \u2013 Ru\u010dn\u011b vyr\u00e1b\u011bn\u00e1 japonsk\u00e1 miska | Matcha Moya","isPartOf":{"@id":"https:\/\/matchamoya.cz\/en\/#website"},"primaryImageOfPage":{"@id":"https:\/\/matchamoya.cz\/en\/shop\/originalni-cajove-prislusenstvi\/chawan-kinbo-rucne-vyrabena-hlinena-japonska-miska-na-piti-matcha-caje-moya\/#primaryimage"},"image":{"@id":"https:\/\/matchamoya.cz\/en\/shop\/originalni-cajove-prislusenstvi\/chawan-kinbo-rucne-vyrabena-hlinena-japonska-miska-na-piti-matcha-caje-moya\/#primaryimage"},"thumbnailUrl":"https:\/\/matchamoya.cz\/wp-content\/uploads\/2024\/04\/chawan-kinbo-s-nadpozemskou-modri-z-japonska-moya.jpg","datePublished":"2024-04-24T12:41:44+00:00","dateModified":"2026-04-13T09:35:13+00:00","description":"Chawan Kinbo je tradi\u010dn\u00ed n\u00e1doba na pit\u00ed matcha. Studen\u00e1 mod\u0159 vystupuj\u00edc\u00ed z bronzu p\u0159ipom\u00edn\u00e1 mlhu nebo nadpozemsk\u00fd prach. Ka\u017ed\u00e1 miska je jedine\u010dn\u00e1.","breadcrumb":{"@id":"https:\/\/matchamoya.cz\/en\/shop\/originalni-cajove-prislusenstvi\/chawan-kinbo-rucne-vyrabena-hlinena-japonska-miska-na-piti-matcha-caje-moya\/#breadcrumb"},"inLanguage":"en-US","potentialAction":[{"@type":"ReadAction","target":["https:\/\/matchamoya.cz\/en\/shop\/originalni-cajove-prislusenstvi\/chawan-kinbo-rucne-vyrabena-hlinena-japonska-miska-na-piti-matcha-caje-moya\/"]}]},{"@type":"ImageObject","inLanguage":"en-US","@id":"https:\/\/matchamoya.cz\/en\/shop\/originalni-cajove-prislusenstvi\/chawan-kinbo-rucne-vyrabena-hlinena-japonska-miska-na-piti-matcha-caje-moya\/#primaryimage","url":"https:\/\/matchamoya.cz\/wp-content\/uploads\/2024\/04\/chawan-kinbo-s-nadpozemskou-modri-z-japonska-moya.jpg","contentUrl":"https:\/\/matchamoya.cz\/wp-content\/uploads\/2024\/04\/chawan-kinbo-s-nadpozemskou-modri-z-japonska-moya.jpg","width":1000,"height":1000,"caption":"chawan-kinbo-nadpozemska-japonska-keramika"},{"@type":"BreadcrumbList","@id":"https:\/\/matchamoya.cz\/en\/shop\/originalni-cajove-prislusenstvi\/chawan-kinbo-rucne-vyrabena-hlinena-japonska-miska-na-piti-matcha-caje-moya\/#breadcrumb","itemListElement":[{"@type":"ListItem","position":1,"name":"Dom\u016f","item":"https:\/\/matchamoya.cz\/"},{"@type":"ListItem","position":2,"name":"E-SHOP","item":"https:\/\/matchamoya.cz\/shop\/"},{"@type":"ListItem","position":3,"name":"Chawan Kinbo \u2013 Ru\u010dn\u011b vyr\u00e1b\u011bn\u00e1 hlin\u011bn\u00e1 japonsk\u00e1 miska na pit\u00ed matcha \u010daje Moya"}]},{"@type":"WebSite","@id":"https:\/\/matchamoya.cz\/en\/#website","url":"https:\/\/matchamoya.cz\/en\/","name":"Matcha Moya","description":"Matcha Moya","publisher":{"@id":"https:\/\/matchamoya.cz\/en\/#organization"},"potentialAction":[{"@type":"SearchAction","target":{"@type":"EntryPoint","urlTemplate":"https:\/\/matchamoya.cz\/en\/?s={search_term_string}"},"query-input":{"@type":"PropertyValueSpecification","valueRequired":true,"valueName":"search_term_string"}}],"inLanguage":"en-US"},{"@type":"Organization","@id":"https:\/\/matchamoya.cz\/en\/#organization","name":"Moya Matcha","url":"https:\/\/matchamoya.cz\/en\/","logo":{"@type":"ImageObject","inLanguage":"en-US","@id":"https:\/\/matchamoya.cz\/en\/#\/schema\/logo\/image\/","url":"https:\/\/matchamoya.cz\/wp-content\/uploads\/2020\/03\/MOYA_Logo_Green-Black_02.png","contentUrl":"https:\/\/matchamoya.cz\/wp-content\/uploads\/2020\/03\/MOYA_Logo_Green-Black_02.png","width":313,"height":310,"caption":"Moya Matcha"},"image":{"@id":"https:\/\/matchamoya.cz\/en\/#\/schema\/logo\/image\/"}}]}},"_links":{"self":[{"href":"https:\/\/matchamoya.cz\/en\/wp-json\/wp\/v2\/product\/2607"}],"collection":[{"href":"https:\/\/matchamoya.cz\/en\/wp-json\/wp\/v2\/product"}],"about":[{"href":"https:\/\/matchamoya.cz\/en\/wp-json\/wp\/v2\/types\/product"}],"replies":[{"embeddable":true,"href":"https:\/\/matchamoya.cz\/en\/wp-json\/wp\/v2\/comments?post=2607"}],"wp:featuredmedia":[{"embeddable":true,"href":"https:\/\/matchamoya.cz\/en\/wp-json\/wp\/v2\/media\/2608"}],"wp:attachment":[{"href":"https:\/\/matchamoya.cz\/en\/wp-json\/wp\/v2\/media?parent=2607"}],"wp:term":[{"taxonomy":"product_cat","embeddable":true,"href":"https:\/\/matchamoya.cz\/en\/wp-json\/wp\/v2\/product_cat?post=2607"},{"taxonomy":"product_tag","embeddable":true,"href":"https:\/\/matchamoya.cz\/en\/wp-json\/wp\/v2\/product_tag?post=2607"}],"curies":[{"name":"wp","href":"https:\/\/api.w.org\/{rel}","templated":true}]}}