{"id":2867,"date":"2024-08-26T18:22:46","date_gmt":"2024-08-26T18:22:46","guid":{"rendered":"https:\/\/matchamoya.cz\/?post_type=product&#038;p=2867"},"modified":"2026-04-06T22:00:43","modified_gmt":"2026-04-06T22:00:43","slug":"sitko-na-matcha-caj-pro-jeste-jemnejsi-chut-caje-moya","status":"publish","type":"product","link":"https:\/\/matchamoya.cz\/en\/shop\/originalni-cajove-prislusenstvi\/sitko-na-matcha-caj-pro-jeste-jemnejsi-chut-caje-moya\/","title":{"rendered":"S\u00edtko na matcha \u010daj &#8211; pro je\u0161t\u011b jemn\u011bj\u0161\u00ed chu\u0165 \u010daje &#8211; Moya"},"content":{"rendered":"<h1>S\u00edtko na matcha \u010daj &#8211; pro je\u0161t\u011b jemn\u011bj\u0161\u00ed chu\u0165 \u010daje &#8211; Moya<\/h1>\n<div><strong>Kovov\u00e9 s\u00edtko na matcha \u010daj<\/strong> s mal\u00fdmi oky a pr\u016fm\u011brem 7 cm pro zbaven\u00ed se hrudek p\u0159i p\u0159\u00edprav\u011b va\u0161\u00ed matchy. D\u0159ev\u011bn\u00e1 rukoje\u0165 mu dod\u00e1v\u00e1 trochu tradi\u010dn\u00edho vzhledu. Nezapome\u0148te s\u00edtko po pou\u017eit\u00ed opl\u00e1chnout vla\u017enou vodou a d\u016fkladn\u011b osu\u0161it. Nevhodn\u00e9 do my\u010dky n\u00e1dob\u00ed.<\/div>\n<p>Nezapome\u0148te pou\u017e\u00edt vodu s teplotou nep\u0159esahuj\u00edc\u00ed 80 \u00b0 C, abyste zachovali v\u0161echny vlastnosti matcha &#8211; video s n\u00e1vodem, <strong><a href=\"https:\/\/matchamoya.cz\/jak-pripravit-matchu\/\">jak p\u0159ipravit matcha \u010daj od Hitomi Saito zde<\/a><\/strong>.<\/p>\n<p><strong>S\u00edtko na matcha \u010daj &#8211; pro je\u0161t\u011b jemn\u011bj\u0161\u00ed chu\u0165 \u010daje &#8211; Moya<\/strong><\/p>\n<p>PR\u016eM\u011aR: 7 cm<br \/>\nD\u00c9LKA RUKOJETI: 8 cm<br \/>\nD\u00c9LKA: 17,5 cm<br \/>\nNevhodn\u00e9 do my\u010dky n\u00e1dob\u00ed.<\/p>\n<p>&nbsp;<\/p>\n<p>&nbsp;<\/p>\n<p>&nbsp;<\/p>\n<p>&nbsp;<\/p>","protected":false},"excerpt":{"rendered":"<div><strong>Kovov\u00e9 s\u00edtko na matcha \u010daj<\/strong> s mal\u00fdmi oky a pr\u016fm\u011brem 7 cm pro zbaven\u00ed se hrudek p\u0159i p\u0159\u00edprav\u011b va\u0161\u00ed matchy. D\u0159ev\u011bn\u00e1 rukoje\u0165 mu dod\u00e1v\u00e1 trochu tradi\u010dn\u00edho vzhledu. Nezapome\u0148te s\u00edtko po pou\u017eit\u00ed opl\u00e1chnout vla\u017enou vodou a d\u016fkladn\u011b osu\u0161it. Nevhodn\u00e9 do my\u010dky n\u00e1dob\u00ed.<\/div>\n<p>Nezapome\u0148te pou\u017e\u00edt vodu s teplotou nep\u0159esahuj\u00edc\u00ed 80 \u00b0 C, abyste zachovali v\u0161echny vlastnosti matcha &#8211; video s n\u00e1vodem, <strong><a href=\"https:\/\/matchamoya.cz\/jak-pripravit-matchu\/\">jak p\u0159ipravit matcha \u010daj od Hitomi Saito zde<\/a><\/strong>.<\/p>\n<p><strong>S\u00edtko na matcha \u010daj &#8211; pro je\u0161t\u011b jemn\u011bj\u0161\u00ed chu\u0165 \u010daje &#8211; Moya<\/strong><\/p>\n<p>PR\u016eM\u011aR: 7 cm<br \/>\nD\u00c9LKA RUKOJETI: 8 cm<br \/>\nD\u00c9LKA: 17,5 cm<br \/>\nNevhodn\u00e9 do my\u010dky n\u00e1dob\u00ed.<\/p>\n<p>&nbsp;<\/p>","protected":false},"featured_media":2868,"comment_status":"open","ping_status":"closed","template":"","meta":[],"product_cat":[70],"product_tag":[],"class_list":{"0":"post-2867","1":"product","2":"type-product","3":"status-publish","4":"has-post-thumbnail","6":"product_cat-originalni-cajove-prislusenstvi","7":"product_shipping_class-dobra-dodani","9":"first","10":"instock","11":"taxable","12":"shipping-taxable","13":"purchasable","14":"product-type-simple"},"yoast_head":"<!-- This site is optimized with the Yoast SEO plugin v23.4 - https:\/\/yoast.com\/wordpress\/plugins\/seo\/ -->\n<title>S\u00edtko na matcha \u010daj - pro je\u0161t\u011b jemn\u011bj\u0161\u00ed chu\u0165 \u010daje | Matcha Moya<\/title>\n<meta name=\"description\" content=\"Kovov\u00e9 s\u00edtko na matcha \u010daj s mal\u00fdmi oky a pr\u016fm\u011brem 7 cm pro zbaven\u00ed se hrudek p\u0159i p\u0159\u00edprav\u011b va\u0161\u00ed matchy. D\u0159ev\u011bn\u00e1 rukoje\u0165 mu dod\u00e1v\u00e1 trochu tradi\u010dn\u00edho vzhledu.\" \/>\n<meta name=\"robots\" content=\"index, follow, max-snippet:-1, max-image-preview:large, max-video-preview:-1\" \/>\n<link rel=\"canonical\" href=\"https:\/\/matchamoya.cz\/en\/shop\/originalni-cajove-prislusenstvi\/sitko-na-matcha-caj-pro-jeste-jemnejsi-chut-caje-moya\/\" \/>\n<meta property=\"og:locale\" content=\"en_US\" \/>\n<meta property=\"og:type\" content=\"article\" \/>\n<meta property=\"og:title\" content=\"S\u00edtko na matcha \u010daj - pro je\u0161t\u011b jemn\u011bj\u0161\u00ed chu\u0165 \u010daje | Matcha Moya\" \/>\n<meta property=\"og:description\" content=\"Kovov\u00e9 s\u00edtko na matcha \u010daj s mal\u00fdmi oky a pr\u016fm\u011brem 7 cm pro zbaven\u00ed se hrudek p\u0159i p\u0159\u00edprav\u011b va\u0161\u00ed matchy. D\u0159ev\u011bn\u00e1 rukoje\u0165 mu dod\u00e1v\u00e1 trochu tradi\u010dn\u00edho vzhledu.\" \/>\n<meta property=\"og:url\" content=\"https:\/\/matchamoya.cz\/en\/shop\/originalni-cajove-prislusenstvi\/sitko-na-matcha-caj-pro-jeste-jemnejsi-chut-caje-moya\/\" \/>\n<meta property=\"og:site_name\" content=\"Matcha Moya\" \/>\n<meta property=\"article:modified_time\" content=\"2026-04-06T22:00:43+00:00\" \/>\n<meta property=\"og:image\" content=\"https:\/\/matchamoya.cz\/wp-content\/uploads\/2024\/08\/kovove-sitko-na-matcha-caj-moya.jpg\" \/>\n\t<meta property=\"og:image:width\" content=\"2560\" \/>\n\t<meta property=\"og:image:height\" content=\"2560\" \/>\n\t<meta property=\"og:image:type\" content=\"image\/jpeg\" \/>\n<meta name=\"twitter:card\" content=\"summary_large_image\" \/>\n<meta name=\"twitter:label1\" content=\"Est. reading time\" \/>\n\t<meta name=\"twitter:data1\" content=\"1 minute\" \/>\n<!-- \/ Yoast SEO plugin. -->","yoast_head_json":{"title":"S\u00edtko na matcha \u010daj - pro je\u0161t\u011b jemn\u011bj\u0161\u00ed chu\u0165 \u010daje | Matcha Moya","description":"Kovov\u00e9 s\u00edtko na matcha \u010daj s mal\u00fdmi oky a pr\u016fm\u011brem 7 cm pro zbaven\u00ed se hrudek p\u0159i p\u0159\u00edprav\u011b va\u0161\u00ed matchy. D\u0159ev\u011bn\u00e1 rukoje\u0165 mu dod\u00e1v\u00e1 trochu tradi\u010dn\u00edho vzhledu.","robots":{"index":"index","follow":"follow","max-snippet":"max-snippet:-1","max-image-preview":"max-image-preview:large","max-video-preview":"max-video-preview:-1"},"canonical":"https:\/\/matchamoya.cz\/en\/shop\/originalni-cajove-prislusenstvi\/sitko-na-matcha-caj-pro-jeste-jemnejsi-chut-caje-moya\/","og_locale":"en_US","og_type":"article","og_title":"S\u00edtko na matcha \u010daj - pro je\u0161t\u011b jemn\u011bj\u0161\u00ed chu\u0165 \u010daje | Matcha Moya","og_description":"Kovov\u00e9 s\u00edtko na matcha \u010daj s mal\u00fdmi oky a pr\u016fm\u011brem 7 cm pro zbaven\u00ed se hrudek p\u0159i p\u0159\u00edprav\u011b va\u0161\u00ed matchy. D\u0159ev\u011bn\u00e1 rukoje\u0165 mu dod\u00e1v\u00e1 trochu tradi\u010dn\u00edho vzhledu.","og_url":"https:\/\/matchamoya.cz\/en\/shop\/originalni-cajove-prislusenstvi\/sitko-na-matcha-caj-pro-jeste-jemnejsi-chut-caje-moya\/","og_site_name":"Matcha Moya","article_modified_time":"2026-04-06T22:00:43+00:00","og_image":[{"width":2560,"height":2560,"url":"https:\/\/matchamoya.cz\/wp-content\/uploads\/2024\/08\/kovove-sitko-na-matcha-caj-moya.jpg","type":"image\/jpeg"}],"twitter_card":"summary_large_image","twitter_misc":{"Est. reading time":"1 minute"},"schema":{"@context":"https:\/\/schema.org","@graph":[{"@type":"WebPage","@id":"https:\/\/matchamoya.cz\/en\/shop\/originalni-cajove-prislusenstvi\/sitko-na-matcha-caj-pro-jeste-jemnejsi-chut-caje-moya\/","url":"https:\/\/matchamoya.cz\/en\/shop\/originalni-cajove-prislusenstvi\/sitko-na-matcha-caj-pro-jeste-jemnejsi-chut-caje-moya\/","name":"S\u00edtko na matcha \u010daj - pro je\u0161t\u011b jemn\u011bj\u0161\u00ed chu\u0165 \u010daje | Matcha Moya","isPartOf":{"@id":"https:\/\/matchamoya.cz\/en\/#website"},"primaryImageOfPage":{"@id":"https:\/\/matchamoya.cz\/en\/shop\/originalni-cajove-prislusenstvi\/sitko-na-matcha-caj-pro-jeste-jemnejsi-chut-caje-moya\/#primaryimage"},"image":{"@id":"https:\/\/matchamoya.cz\/en\/shop\/originalni-cajove-prislusenstvi\/sitko-na-matcha-caj-pro-jeste-jemnejsi-chut-caje-moya\/#primaryimage"},"thumbnailUrl":"https:\/\/matchamoya.cz\/wp-content\/uploads\/2024\/08\/kovove-sitko-na-matcha-caj-moya.jpg","datePublished":"2024-08-26T18:22:46+00:00","dateModified":"2026-04-06T22:00:43+00:00","description":"Kovov\u00e9 s\u00edtko na matcha \u010daj s mal\u00fdmi oky a pr\u016fm\u011brem 7 cm pro zbaven\u00ed se hrudek p\u0159i p\u0159\u00edprav\u011b va\u0161\u00ed matchy. D\u0159ev\u011bn\u00e1 rukoje\u0165 mu dod\u00e1v\u00e1 trochu tradi\u010dn\u00edho vzhledu.","breadcrumb":{"@id":"https:\/\/matchamoya.cz\/en\/shop\/originalni-cajove-prislusenstvi\/sitko-na-matcha-caj-pro-jeste-jemnejsi-chut-caje-moya\/#breadcrumb"},"inLanguage":"en-US","potentialAction":[{"@type":"ReadAction","target":["https:\/\/matchamoya.cz\/en\/shop\/originalni-cajove-prislusenstvi\/sitko-na-matcha-caj-pro-jeste-jemnejsi-chut-caje-moya\/"]}]},{"@type":"ImageObject","inLanguage":"en-US","@id":"https:\/\/matchamoya.cz\/en\/shop\/originalni-cajove-prislusenstvi\/sitko-na-matcha-caj-pro-jeste-jemnejsi-chut-caje-moya\/#primaryimage","url":"https:\/\/matchamoya.cz\/wp-content\/uploads\/2024\/08\/kovove-sitko-na-matcha-caj-moya.jpg","contentUrl":"https:\/\/matchamoya.cz\/wp-content\/uploads\/2024\/08\/kovove-sitko-na-matcha-caj-moya.jpg","width":2560,"height":2560,"caption":"kovove-sitko-na-matcha-caj-moya"},{"@type":"BreadcrumbList","@id":"https:\/\/matchamoya.cz\/en\/shop\/originalni-cajove-prislusenstvi\/sitko-na-matcha-caj-pro-jeste-jemnejsi-chut-caje-moya\/#breadcrumb","itemListElement":[{"@type":"ListItem","position":1,"name":"Dom\u016f","item":"https:\/\/matchamoya.cz\/"},{"@type":"ListItem","position":2,"name":"E-SHOP","item":"https:\/\/matchamoya.cz\/shop\/"},{"@type":"ListItem","position":3,"name":"S\u00edtko na matcha \u010daj &#8211; pro je\u0161t\u011b jemn\u011bj\u0161\u00ed chu\u0165 \u010daje &#8211; Moya"}]},{"@type":"WebSite","@id":"https:\/\/matchamoya.cz\/en\/#website","url":"https:\/\/matchamoya.cz\/en\/","name":"Matcha Moya","description":"Matcha Moya","publisher":{"@id":"https:\/\/matchamoya.cz\/en\/#organization"},"potentialAction":[{"@type":"SearchAction","target":{"@type":"EntryPoint","urlTemplate":"https:\/\/matchamoya.cz\/en\/?s={search_term_string}"},"query-input":{"@type":"PropertyValueSpecification","valueRequired":true,"valueName":"search_term_string"}}],"inLanguage":"en-US"},{"@type":"Organization","@id":"https:\/\/matchamoya.cz\/en\/#organization","name":"Moya Matcha","url":"https:\/\/matchamoya.cz\/en\/","logo":{"@type":"ImageObject","inLanguage":"en-US","@id":"https:\/\/matchamoya.cz\/en\/#\/schema\/logo\/image\/","url":"https:\/\/matchamoya.cz\/wp-content\/uploads\/2020\/03\/MOYA_Logo_Green-Black_02.png","contentUrl":"https:\/\/matchamoya.cz\/wp-content\/uploads\/2020\/03\/MOYA_Logo_Green-Black_02.png","width":313,"height":310,"caption":"Moya Matcha"},"image":{"@id":"https:\/\/matchamoya.cz\/en\/#\/schema\/logo\/image\/"}}]}},"_links":{"self":[{"href":"https:\/\/matchamoya.cz\/en\/wp-json\/wp\/v2\/product\/2867"}],"collection":[{"href":"https:\/\/matchamoya.cz\/en\/wp-json\/wp\/v2\/product"}],"about":[{"href":"https:\/\/matchamoya.cz\/en\/wp-json\/wp\/v2\/types\/product"}],"replies":[{"embeddable":true,"href":"https:\/\/matchamoya.cz\/en\/wp-json\/wp\/v2\/comments?post=2867"}],"wp:featuredmedia":[{"embeddable":true,"href":"https:\/\/matchamoya.cz\/en\/wp-json\/wp\/v2\/media\/2868"}],"wp:attachment":[{"href":"https:\/\/matchamoya.cz\/en\/wp-json\/wp\/v2\/media?parent=2867"}],"wp:term":[{"taxonomy":"product_cat","embeddable":true,"href":"https:\/\/matchamoya.cz\/en\/wp-json\/wp\/v2\/product_cat?post=2867"},{"taxonomy":"product_tag","embeddable":true,"href":"https:\/\/matchamoya.cz\/en\/wp-json\/wp\/v2\/product_tag?post=2867"}],"curies":[{"name":"wp","href":"https:\/\/api.w.org\/{rel}","templated":true}]}}