{"id":2869,"date":"2024-08-26T18:39:26","date_gmt":"2024-08-26T18:39:26","guid":{"rendered":"https:\/\/matchamoya.cz\/?post_type=product&#038;p=2869"},"modified":"2026-04-14T02:19:59","modified_gmt":"2026-04-14T02:19:59","slug":"prakticky-elektricky-napenovac-na-matcha-caj-moya","status":"publish","type":"product","link":"https:\/\/matchamoya.cz\/en\/shop\/originalni-cajove-prislusenstvi\/prakticky-elektricky-napenovac-na-matcha-caj-moya\/","title":{"rendered":"Praktick\u00fd elektrick\u00fd nap\u011b\u0148ova\u010d na matcha \u010daj &#8211; Moya"},"content":{"rendered":"<h1>Praktick\u00fd elektrick\u00fd nap\u011b\u0148ova\u010d na matcha \u010daj &#8211; Moya<\/h1>\n<div>Pokud hled\u00e1te rychl\u00fd zp\u016fsob p\u0159\u00edpravy matcha \u010daje a nebav\u00ed v\u00e1s pou\u017e\u00edvat tradi\u010dn\u00ed<strong><a href=\"https:\/\/matchamoya.cz\/shop\/originalni-cajove-prislusenstvi\/chasen-tradicni-bambusova-metlicka-na-michani-matcha-caje\/\"> bambusovou metli\u010dku chasen<\/a><\/strong>, je to pro v\u00e1s ide\u00e1ln\u00ed vychyt\u00e1vka. Praktick\u00fd elektrick\u00fd nap\u011b\u0148ova\u010d na matcha \u010daj od Moya v\u00e1m umo\u017en\u00ed p\u0159ipravit si sv\u016fj obl\u00edben\u00fd n\u00e1poj b\u011bhem chvilky a v\u017edy s hustou p\u011bnou navrchu. D\u00edky kompaktn\u00edmu designu jej m\u016f\u017eete nosit v ta\u0161ce.<br \/>\nPo pou\u017eit\u00ed p\u011bnu opl\u00e1chn\u011bte a nechte uschnout. P\u0159\u00edstroj je nap\u00e1jen t\u0159emi AAA bateriemi, nelze jej tedy m\u00fdt v my\u010dce. Baterie nejsou sou\u010d\u00e1st\u00ed v\u00fdrobku.<\/div>\n<p>Nezapome\u0148te pou\u017e\u00edt vodu s teplotou nep\u0159esahuj\u00edc\u00ed 80 \u00b0 C, abyste zachovali v\u0161echny vlastnosti matcha &#8211; video s n\u00e1vodem, <strong><a href=\"https:\/\/matchamoya.cz\/jak-pripravit-matchu\/\">jak p\u0159ipravit matcha \u010daj od Hitomi Saito zde<\/a><\/strong>.<\/p>\n<p><strong>Praktick\u00fd elektrick\u00fd nap\u011b\u0148ova\u010d na matcha \u010daj od Moya.<\/strong><\/p>\n<p>V\u00dd\u0160KA: 9 cm,<br \/>\nPR\u016eM\u011aR: 2,5 cm<br \/>\nNAP\u00c1JEN\u00cd: 3 AAA baterie<br \/>\nNevhodn\u00e9 do my\u010dky n\u00e1dob\u00ed.<\/p>\n<p>&nbsp;<\/p>\n<p>&nbsp;<\/p>\n<p>&nbsp;<\/p>\n<p>&nbsp;<\/p>","protected":false},"excerpt":{"rendered":"<div>\n<div>Pokud hled\u00e1te rychl\u00fd zp\u016fsob p\u0159\u00edpravy matcha \u010daje a nebav\u00ed v\u00e1s pou\u017e\u00edvat tradi\u010dn\u00ed<strong><a href=\"https:\/\/matchamoya.cz\/shop\/originalni-cajove-prislusenstvi\/chasen-tradicni-bambusova-metlicka-na-michani-matcha-caje\/\"> bambusovou metli\u010dku chasen<\/a><\/strong>, je to pro v\u00e1s ide\u00e1ln\u00ed vychyt\u00e1vka. Praktick\u00fd elektrick\u00fd nap\u011b\u0148ova\u010d na matcha \u010daj od Moya v\u00e1m umo\u017en\u00ed p\u0159ipravit si sv\u016fj obl\u00edben\u00fd n\u00e1poj b\u011bhem chvilky a v\u017edy s hustou p\u011bnou navrchu. D\u00edky kompaktn\u00edmu designu jej m\u016f\u017eete nosit v ta\u0161ce.<br \/>\nPo pou\u017eit\u00ed p\u011bnu opl\u00e1chn\u011bte a nechte uschnout. P\u0159\u00edstroj je nap\u00e1jen t\u0159emi AAA bateriemi, nelze jej tedy m\u00fdt v my\u010dce. Baterie nejsou sou\u010d\u00e1st\u00ed v\u00fdrobku.<\/div>\n<p>Nezapome\u0148te pou\u017e\u00edt vodu s teplotou nep\u0159esahuj\u00edc\u00ed 80 \u00b0 C, abyste zachovali v\u0161echny vlastnosti matcha &#8211; video s n\u00e1vodem, <strong><a href=\"https:\/\/matchamoya.cz\/jak-pripravit-matchu\/\">jak p\u0159ipravit matcha \u010daj od Hitomi Saito zde<\/a><\/strong>.<\/p>\n<p><strong>Praktick\u00fd elektrick\u00fd nap\u011b\u0148ova\u010d na matcha \u010daj od Moya.<\/strong><\/p>\n<p>V\u00dd\u0160KA: 9 cm,<br \/>\nPR\u016eM\u011aR: 2,5 cm<br \/>\nNAP\u00c1JEN\u00cd: 3 AAA baterie<br \/>\nNevhodn\u00e9 do my\u010dky n\u00e1dob\u00ed.<\/p>\n<\/div>","protected":false},"featured_media":2870,"comment_status":"open","ping_status":"closed","template":"","meta":[],"product_cat":[70],"product_tag":[],"class_list":{"0":"post-2869","1":"product","2":"type-product","3":"status-publish","4":"has-post-thumbnail","6":"product_cat-originalni-cajove-prislusenstvi","7":"product_shipping_class-dobra-dodani","9":"first","10":"instock","11":"featured","12":"taxable","13":"shipping-taxable","14":"purchasable","15":"product-type-simple"},"yoast_head":"<!-- This site is optimized with the Yoast SEO plugin v23.4 - https:\/\/yoast.com\/wordpress\/plugins\/seo\/ -->\n<title>Praktick\u00fd elektrick\u00fd nap\u011b\u0148ova\u010d na matcha \u010daj | Matcha Moya<\/title>\n<meta name=\"description\" content=\"Praktick\u00fd elektrick\u00fd nap\u011b\u0148ova\u010d na matcha \u010daj od Moya v\u00e1m umo\u017en\u00ed p\u0159ipravit si sv\u016fj obl\u00edben\u00fd n\u00e1poj b\u011bhem chvilky a v\u017edy s hustou p\u011bnou navrchu.\" \/>\n<meta name=\"robots\" content=\"index, follow, max-snippet:-1, max-image-preview:large, max-video-preview:-1\" \/>\n<link rel=\"canonical\" href=\"https:\/\/matchamoya.cz\/en\/shop\/originalni-cajove-prislusenstvi\/prakticky-elektricky-napenovac-na-matcha-caj-moya\/\" \/>\n<meta property=\"og:locale\" content=\"en_US\" \/>\n<meta property=\"og:type\" content=\"article\" \/>\n<meta property=\"og:title\" content=\"Praktick\u00fd elektrick\u00fd nap\u011b\u0148ova\u010d na matcha \u010daj | Matcha Moya\" \/>\n<meta property=\"og:description\" content=\"Praktick\u00fd elektrick\u00fd nap\u011b\u0148ova\u010d na matcha \u010daj od Moya v\u00e1m umo\u017en\u00ed p\u0159ipravit si sv\u016fj obl\u00edben\u00fd n\u00e1poj b\u011bhem chvilky a v\u017edy s hustou p\u011bnou navrchu.\" \/>\n<meta property=\"og:url\" content=\"https:\/\/matchamoya.cz\/en\/shop\/originalni-cajove-prislusenstvi\/prakticky-elektricky-napenovac-na-matcha-caj-moya\/\" \/>\n<meta property=\"og:site_name\" content=\"Matcha Moya\" \/>\n<meta property=\"article:modified_time\" content=\"2026-04-14T02:19:59+00:00\" \/>\n<meta property=\"og:image\" content=\"https:\/\/matchamoya.cz\/wp-content\/uploads\/2024\/08\/prakticky-elektricky-napenovac-na-matcha-caj-moya.jpg\" \/>\n\t<meta property=\"og:image:width\" content=\"2560\" \/>\n\t<meta property=\"og:image:height\" content=\"2560\" \/>\n\t<meta property=\"og:image:type\" content=\"image\/jpeg\" \/>\n<meta name=\"twitter:card\" content=\"summary_large_image\" \/>\n<meta name=\"twitter:label1\" content=\"Est. reading time\" \/>\n\t<meta name=\"twitter:data1\" content=\"1 minute\" \/>\n<!-- \/ Yoast SEO plugin. -->","yoast_head_json":{"title":"Praktick\u00fd elektrick\u00fd nap\u011b\u0148ova\u010d na matcha \u010daj | Matcha Moya","description":"Praktick\u00fd elektrick\u00fd nap\u011b\u0148ova\u010d na matcha \u010daj od Moya v\u00e1m umo\u017en\u00ed p\u0159ipravit si sv\u016fj obl\u00edben\u00fd n\u00e1poj b\u011bhem chvilky a v\u017edy s hustou p\u011bnou navrchu.","robots":{"index":"index","follow":"follow","max-snippet":"max-snippet:-1","max-image-preview":"max-image-preview:large","max-video-preview":"max-video-preview:-1"},"canonical":"https:\/\/matchamoya.cz\/en\/shop\/originalni-cajove-prislusenstvi\/prakticky-elektricky-napenovac-na-matcha-caj-moya\/","og_locale":"en_US","og_type":"article","og_title":"Praktick\u00fd elektrick\u00fd nap\u011b\u0148ova\u010d na matcha \u010daj | Matcha Moya","og_description":"Praktick\u00fd elektrick\u00fd nap\u011b\u0148ova\u010d na matcha \u010daj od Moya v\u00e1m umo\u017en\u00ed p\u0159ipravit si sv\u016fj obl\u00edben\u00fd n\u00e1poj b\u011bhem chvilky a v\u017edy s hustou p\u011bnou navrchu.","og_url":"https:\/\/matchamoya.cz\/en\/shop\/originalni-cajove-prislusenstvi\/prakticky-elektricky-napenovac-na-matcha-caj-moya\/","og_site_name":"Matcha Moya","article_modified_time":"2026-04-14T02:19:59+00:00","og_image":[{"width":2560,"height":2560,"url":"https:\/\/matchamoya.cz\/wp-content\/uploads\/2024\/08\/prakticky-elektricky-napenovac-na-matcha-caj-moya.jpg","type":"image\/jpeg"}],"twitter_card":"summary_large_image","twitter_misc":{"Est. reading time":"1 minute"},"schema":{"@context":"https:\/\/schema.org","@graph":[{"@type":"WebPage","@id":"https:\/\/matchamoya.cz\/en\/shop\/originalni-cajove-prislusenstvi\/prakticky-elektricky-napenovac-na-matcha-caj-moya\/","url":"https:\/\/matchamoya.cz\/en\/shop\/originalni-cajove-prislusenstvi\/prakticky-elektricky-napenovac-na-matcha-caj-moya\/","name":"Praktick\u00fd elektrick\u00fd nap\u011b\u0148ova\u010d na matcha \u010daj | Matcha Moya","isPartOf":{"@id":"https:\/\/matchamoya.cz\/en\/#website"},"primaryImageOfPage":{"@id":"https:\/\/matchamoya.cz\/en\/shop\/originalni-cajove-prislusenstvi\/prakticky-elektricky-napenovac-na-matcha-caj-moya\/#primaryimage"},"image":{"@id":"https:\/\/matchamoya.cz\/en\/shop\/originalni-cajove-prislusenstvi\/prakticky-elektricky-napenovac-na-matcha-caj-moya\/#primaryimage"},"thumbnailUrl":"https:\/\/matchamoya.cz\/wp-content\/uploads\/2024\/08\/prakticky-elektricky-napenovac-na-matcha-caj-moya.jpg","datePublished":"2024-08-26T18:39:26+00:00","dateModified":"2026-04-14T02:19:59+00:00","description":"Praktick\u00fd elektrick\u00fd nap\u011b\u0148ova\u010d na matcha \u010daj od Moya v\u00e1m umo\u017en\u00ed p\u0159ipravit si sv\u016fj obl\u00edben\u00fd n\u00e1poj b\u011bhem chvilky a v\u017edy s hustou p\u011bnou navrchu.","breadcrumb":{"@id":"https:\/\/matchamoya.cz\/en\/shop\/originalni-cajove-prislusenstvi\/prakticky-elektricky-napenovac-na-matcha-caj-moya\/#breadcrumb"},"inLanguage":"en-US","potentialAction":[{"@type":"ReadAction","target":["https:\/\/matchamoya.cz\/en\/shop\/originalni-cajove-prislusenstvi\/prakticky-elektricky-napenovac-na-matcha-caj-moya\/"]}]},{"@type":"ImageObject","inLanguage":"en-US","@id":"https:\/\/matchamoya.cz\/en\/shop\/originalni-cajove-prislusenstvi\/prakticky-elektricky-napenovac-na-matcha-caj-moya\/#primaryimage","url":"https:\/\/matchamoya.cz\/wp-content\/uploads\/2024\/08\/prakticky-elektricky-napenovac-na-matcha-caj-moya.jpg","contentUrl":"https:\/\/matchamoya.cz\/wp-content\/uploads\/2024\/08\/prakticky-elektricky-napenovac-na-matcha-caj-moya.jpg","width":2560,"height":2560,"caption":"prakticky-napenovac-na-matcha-caj-moya"},{"@type":"BreadcrumbList","@id":"https:\/\/matchamoya.cz\/en\/shop\/originalni-cajove-prislusenstvi\/prakticky-elektricky-napenovac-na-matcha-caj-moya\/#breadcrumb","itemListElement":[{"@type":"ListItem","position":1,"name":"Dom\u016f","item":"https:\/\/matchamoya.cz\/"},{"@type":"ListItem","position":2,"name":"E-SHOP","item":"https:\/\/matchamoya.cz\/shop\/"},{"@type":"ListItem","position":3,"name":"Praktick\u00fd elektrick\u00fd nap\u011b\u0148ova\u010d na matcha \u010daj &#8211; Moya"}]},{"@type":"WebSite","@id":"https:\/\/matchamoya.cz\/en\/#website","url":"https:\/\/matchamoya.cz\/en\/","name":"Matcha Moya","description":"Matcha Moya","publisher":{"@id":"https:\/\/matchamoya.cz\/en\/#organization"},"potentialAction":[{"@type":"SearchAction","target":{"@type":"EntryPoint","urlTemplate":"https:\/\/matchamoya.cz\/en\/?s={search_term_string}"},"query-input":{"@type":"PropertyValueSpecification","valueRequired":true,"valueName":"search_term_string"}}],"inLanguage":"en-US"},{"@type":"Organization","@id":"https:\/\/matchamoya.cz\/en\/#organization","name":"Moya Matcha","url":"https:\/\/matchamoya.cz\/en\/","logo":{"@type":"ImageObject","inLanguage":"en-US","@id":"https:\/\/matchamoya.cz\/en\/#\/schema\/logo\/image\/","url":"https:\/\/matchamoya.cz\/wp-content\/uploads\/2020\/03\/MOYA_Logo_Green-Black_02.png","contentUrl":"https:\/\/matchamoya.cz\/wp-content\/uploads\/2020\/03\/MOYA_Logo_Green-Black_02.png","width":313,"height":310,"caption":"Moya Matcha"},"image":{"@id":"https:\/\/matchamoya.cz\/en\/#\/schema\/logo\/image\/"}}]}},"_links":{"self":[{"href":"https:\/\/matchamoya.cz\/en\/wp-json\/wp\/v2\/product\/2869"}],"collection":[{"href":"https:\/\/matchamoya.cz\/en\/wp-json\/wp\/v2\/product"}],"about":[{"href":"https:\/\/matchamoya.cz\/en\/wp-json\/wp\/v2\/types\/product"}],"replies":[{"embeddable":true,"href":"https:\/\/matchamoya.cz\/en\/wp-json\/wp\/v2\/comments?post=2869"}],"wp:featuredmedia":[{"embeddable":true,"href":"https:\/\/matchamoya.cz\/en\/wp-json\/wp\/v2\/media\/2870"}],"wp:attachment":[{"href":"https:\/\/matchamoya.cz\/en\/wp-json\/wp\/v2\/media?parent=2869"}],"wp:term":[{"taxonomy":"product_cat","embeddable":true,"href":"https:\/\/matchamoya.cz\/en\/wp-json\/wp\/v2\/product_cat?post=2869"},{"taxonomy":"product_tag","embeddable":true,"href":"https:\/\/matchamoya.cz\/en\/wp-json\/wp\/v2\/product_tag?post=2869"}],"curies":[{"name":"wp","href":"https:\/\/api.w.org\/{rel}","templated":true}]}}