{"id":2874,"date":"2024-08-26T19:03:21","date_gmt":"2024-08-26T19:03:21","guid":{"rendered":"https:\/\/matchamoya.cz\/?post_type=product&#038;p=2874"},"modified":"2025-12-04T21:35:55","modified_gmt":"2025-12-04T21:35:55","slug":"keramicky-hrnek-sogen-s-kvety-na-modrem-pozadi-moya","status":"publish","type":"product","link":"https:\/\/matchamoya.cz\/en\/shop\/originalni-cajove-prislusenstvi\/keramicky-hrnek-sogen-s-kvety-na-modrem-pozadi-moya\/","title":{"rendered":"Keramick\u00fd hrnek Sogen s kv\u011bty na modr\u00e9m pozad\u00ed &#8211; Moya"},"content":{"rendered":"<h1>Keramick\u00fd hrnek Sogen s kv\u011bty na modr\u00e9m pozad\u00ed &#8211; Moya<\/h1>\n<p><strong>Hrnek SOGEN<\/strong> je nov\u00fdm p\u0159\u00edr\u016fstkem do na\u0161\u00ed kolekce \u010dajov\u00fdch hrnk\u016f. Je to jedine\u010dn\u00e1 n\u00e1doba na pit\u00ed listov\u00e9ho \u010daje a dal\u0161\u00edch n\u00e1lev\u016f.<br \/>\n<strong>Design zobrazuj\u00edc\u00ed rozkvetl\u00e9 \u0161vestkov\u00e9 kv\u011bty proti modr\u00e9 obloze jist\u011b oslov\u00ed nad\u0161ence japonsk\u00e9 estetiky<\/strong>. Pojmenovali jsme ho \u201esogen\u201c, co\u017e znamen\u00e1 \u201elouka\u201c.<br \/>\nHrnek je vyroben z hl\u00edny a n\u00e1sledn\u011b ru\u010dn\u011b malovan\u00fd. Pro zachov\u00e1n\u00ed kr\u00e1sy kv\u011btinov\u00e9ho vzoru nemyjte hrnek v my\u010dce na n\u00e1dob\u00ed.<\/p>\n<p><strong>Keramick\u00fd hrnek Sogen s kv\u011bty na modr\u00e9m pozad\u00ed &#8211; Moya<\/strong><br \/>\nOBJEM: 225ml<br \/>\nV\u00dd\u0160KA: 9 cm<br \/>\nPR\u016eM\u011aR: 7 cm<br \/>\nZEM\u011a P\u016eVODU: \u010c\u00edna<br \/>\nNevhodn\u00e9 do my\u010dky n\u00e1dob\u00ed<\/p>","protected":false},"excerpt":{"rendered":"<p><strong>Hrnek SOGEN<\/strong> je nov\u00fdm p\u0159\u00edr\u016fstkem do na\u0161\u00ed kolekce \u010dajov\u00fdch hrnk\u016f. Je to jedine\u010dn\u00e1 n\u00e1doba na pit\u00ed listov\u00e9ho \u010daje a dal\u0161\u00edch n\u00e1lev\u016f.<br \/>\n<strong>Design zobrazuj\u00edc\u00ed rozkvetl\u00e9 \u0161vestkov\u00e9 kv\u011bty proti modr\u00e9 obloze jist\u011b oslov\u00ed nad\u0161ence japonsk\u00e9 estetiky<\/strong>. Pojmenovali jsme ho \u201esogen\u201c, co\u017e znamen\u00e1 \u201elouka\u201c.<br \/>\nHrnek je vyroben z hl\u00edny a n\u00e1sledn\u011b ru\u010dn\u011b malovan\u00fd. Pro zachov\u00e1n\u00ed kr\u00e1sy kv\u011btinov\u00e9ho vzoru nemyjte hrnek v my\u010dce na n\u00e1dob\u00ed.<\/p>\n<p><strong>Keramick\u00fd hrnek Sogen s kv\u011bty na modr\u00e9m pozad\u00ed &#8211; Moya<\/strong><br \/>\nOBJEM: 225ml<br \/>\nV\u00dd\u0160KA: 9 cm<br \/>\nPR\u016eM\u011aR: 7 cm<br \/>\nZEM\u011a P\u016eVODU: \u010c\u00edna<br \/>\nNevhodn\u00e9 do my\u010dky n\u00e1dob\u00ed<\/p>","protected":false},"featured_media":2875,"comment_status":"open","ping_status":"closed","template":"","meta":[],"product_cat":[70],"product_tag":[],"class_list":{"0":"post-2874","1":"product","2":"type-product","3":"status-publish","4":"has-post-thumbnail","6":"product_cat-originalni-cajove-prislusenstvi","7":"product_shipping_class-dobra-dodani","9":"first","10":"instock","11":"featured","12":"taxable","13":"shipping-taxable","14":"purchasable","15":"product-type-simple"},"yoast_head":"<!-- This site is optimized with the Yoast SEO plugin v23.4 - https:\/\/yoast.com\/wordpress\/plugins\/seo\/ -->\n<title>Keramick\u00fd hrnek Sogen s kv\u011bty na modr\u00e9m pozad\u00ed | Matcha Moya<\/title>\n<meta name=\"description\" content=\"Design zobrazuj\u00edc\u00ed rozkvetl\u00e9 \u0161vestkov\u00e9 kv\u011bty proti modr\u00e9 obloze jist\u011b oslov\u00ed nad\u0161ence japonsk\u00e9 estetiky. Pojmenovali jsme ho \u201esogen\u201c, co\u017e znamen\u00e1 \u201elouka\u201c.\" \/>\n<meta name=\"robots\" content=\"index, follow, max-snippet:-1, max-image-preview:large, max-video-preview:-1\" \/>\n<link rel=\"canonical\" href=\"https:\/\/matchamoya.cz\/en\/shop\/originalni-cajove-prislusenstvi\/keramicky-hrnek-sogen-s-kvety-na-modrem-pozadi-moya\/\" \/>\n<meta property=\"og:locale\" content=\"en_US\" \/>\n<meta property=\"og:type\" content=\"article\" \/>\n<meta property=\"og:title\" content=\"Keramick\u00fd hrnek Sogen s kv\u011bty na modr\u00e9m pozad\u00ed | Matcha Moya\" \/>\n<meta property=\"og:description\" content=\"Design zobrazuj\u00edc\u00ed rozkvetl\u00e9 \u0161vestkov\u00e9 kv\u011bty proti modr\u00e9 obloze jist\u011b oslov\u00ed nad\u0161ence japonsk\u00e9 estetiky. Pojmenovali jsme ho \u201esogen\u201c, co\u017e znamen\u00e1 \u201elouka\u201c.\" \/>\n<meta property=\"og:url\" content=\"https:\/\/matchamoya.cz\/en\/shop\/originalni-cajove-prislusenstvi\/keramicky-hrnek-sogen-s-kvety-na-modrem-pozadi-moya\/\" \/>\n<meta property=\"og:site_name\" content=\"Matcha Moya\" \/>\n<meta property=\"article:modified_time\" content=\"2025-12-04T21:35:55+00:00\" \/>\n<meta property=\"og:image\" content=\"https:\/\/matchamoya.cz\/wp-content\/uploads\/2024\/08\/hrnek-sogen-s-kvety-svestek-na-modrem-pozadi-na-caj.jpg\" \/>\n\t<meta property=\"og:image:width\" content=\"2560\" \/>\n\t<meta property=\"og:image:height\" content=\"2560\" \/>\n\t<meta property=\"og:image:type\" content=\"image\/jpeg\" \/>\n<meta name=\"twitter:card\" content=\"summary_large_image\" \/>\n<meta name=\"twitter:label1\" content=\"Est. reading time\" \/>\n\t<meta name=\"twitter:data1\" content=\"1 minute\" \/>\n<!-- \/ Yoast SEO plugin. -->","yoast_head_json":{"title":"Keramick\u00fd hrnek Sogen s kv\u011bty na modr\u00e9m pozad\u00ed | Matcha Moya","description":"Design zobrazuj\u00edc\u00ed rozkvetl\u00e9 \u0161vestkov\u00e9 kv\u011bty proti modr\u00e9 obloze jist\u011b oslov\u00ed nad\u0161ence japonsk\u00e9 estetiky. Pojmenovali jsme ho \u201esogen\u201c, co\u017e znamen\u00e1 \u201elouka\u201c.","robots":{"index":"index","follow":"follow","max-snippet":"max-snippet:-1","max-image-preview":"max-image-preview:large","max-video-preview":"max-video-preview:-1"},"canonical":"https:\/\/matchamoya.cz\/en\/shop\/originalni-cajove-prislusenstvi\/keramicky-hrnek-sogen-s-kvety-na-modrem-pozadi-moya\/","og_locale":"en_US","og_type":"article","og_title":"Keramick\u00fd hrnek Sogen s kv\u011bty na modr\u00e9m pozad\u00ed | Matcha Moya","og_description":"Design zobrazuj\u00edc\u00ed rozkvetl\u00e9 \u0161vestkov\u00e9 kv\u011bty proti modr\u00e9 obloze jist\u011b oslov\u00ed nad\u0161ence japonsk\u00e9 estetiky. Pojmenovali jsme ho \u201esogen\u201c, co\u017e znamen\u00e1 \u201elouka\u201c.","og_url":"https:\/\/matchamoya.cz\/en\/shop\/originalni-cajove-prislusenstvi\/keramicky-hrnek-sogen-s-kvety-na-modrem-pozadi-moya\/","og_site_name":"Matcha Moya","article_modified_time":"2025-12-04T21:35:55+00:00","og_image":[{"width":2560,"height":2560,"url":"https:\/\/matchamoya.cz\/wp-content\/uploads\/2024\/08\/hrnek-sogen-s-kvety-svestek-na-modrem-pozadi-na-caj.jpg","type":"image\/jpeg"}],"twitter_card":"summary_large_image","twitter_misc":{"Est. reading time":"1 minute"},"schema":{"@context":"https:\/\/schema.org","@graph":[{"@type":"WebPage","@id":"https:\/\/matchamoya.cz\/en\/shop\/originalni-cajove-prislusenstvi\/keramicky-hrnek-sogen-s-kvety-na-modrem-pozadi-moya\/","url":"https:\/\/matchamoya.cz\/en\/shop\/originalni-cajove-prislusenstvi\/keramicky-hrnek-sogen-s-kvety-na-modrem-pozadi-moya\/","name":"Keramick\u00fd hrnek Sogen s kv\u011bty na modr\u00e9m pozad\u00ed | Matcha Moya","isPartOf":{"@id":"https:\/\/matchamoya.cz\/en\/#website"},"primaryImageOfPage":{"@id":"https:\/\/matchamoya.cz\/en\/shop\/originalni-cajove-prislusenstvi\/keramicky-hrnek-sogen-s-kvety-na-modrem-pozadi-moya\/#primaryimage"},"image":{"@id":"https:\/\/matchamoya.cz\/en\/shop\/originalni-cajove-prislusenstvi\/keramicky-hrnek-sogen-s-kvety-na-modrem-pozadi-moya\/#primaryimage"},"thumbnailUrl":"https:\/\/matchamoya.cz\/wp-content\/uploads\/2024\/08\/hrnek-sogen-s-kvety-svestek-na-modrem-pozadi-na-caj.jpg","datePublished":"2024-08-26T19:03:21+00:00","dateModified":"2025-12-04T21:35:55+00:00","description":"Design zobrazuj\u00edc\u00ed rozkvetl\u00e9 \u0161vestkov\u00e9 kv\u011bty proti modr\u00e9 obloze jist\u011b oslov\u00ed nad\u0161ence japonsk\u00e9 estetiky. Pojmenovali jsme ho \u201esogen\u201c, co\u017e znamen\u00e1 \u201elouka\u201c.","breadcrumb":{"@id":"https:\/\/matchamoya.cz\/en\/shop\/originalni-cajove-prislusenstvi\/keramicky-hrnek-sogen-s-kvety-na-modrem-pozadi-moya\/#breadcrumb"},"inLanguage":"en-US","potentialAction":[{"@type":"ReadAction","target":["https:\/\/matchamoya.cz\/en\/shop\/originalni-cajove-prislusenstvi\/keramicky-hrnek-sogen-s-kvety-na-modrem-pozadi-moya\/"]}]},{"@type":"ImageObject","inLanguage":"en-US","@id":"https:\/\/matchamoya.cz\/en\/shop\/originalni-cajove-prislusenstvi\/keramicky-hrnek-sogen-s-kvety-na-modrem-pozadi-moya\/#primaryimage","url":"https:\/\/matchamoya.cz\/wp-content\/uploads\/2024\/08\/hrnek-sogen-s-kvety-svestek-na-modrem-pozadi-na-caj.jpg","contentUrl":"https:\/\/matchamoya.cz\/wp-content\/uploads\/2024\/08\/hrnek-sogen-s-kvety-svestek-na-modrem-pozadi-na-caj.jpg","width":2560,"height":2560,"caption":"hrnek-sogen-s-kvety-svestek-na-modrem-pozadi"},{"@type":"BreadcrumbList","@id":"https:\/\/matchamoya.cz\/en\/shop\/originalni-cajove-prislusenstvi\/keramicky-hrnek-sogen-s-kvety-na-modrem-pozadi-moya\/#breadcrumb","itemListElement":[{"@type":"ListItem","position":1,"name":"Dom\u016f","item":"https:\/\/matchamoya.cz\/"},{"@type":"ListItem","position":2,"name":"E-SHOP","item":"https:\/\/matchamoya.cz\/shop\/"},{"@type":"ListItem","position":3,"name":"Keramick\u00fd hrnek Sogen s kv\u011bty na modr\u00e9m pozad\u00ed &#8211; Moya"}]},{"@type":"WebSite","@id":"https:\/\/matchamoya.cz\/en\/#website","url":"https:\/\/matchamoya.cz\/en\/","name":"Matcha Moya","description":"Matcha Moya","publisher":{"@id":"https:\/\/matchamoya.cz\/en\/#organization"},"potentialAction":[{"@type":"SearchAction","target":{"@type":"EntryPoint","urlTemplate":"https:\/\/matchamoya.cz\/en\/?s={search_term_string}"},"query-input":{"@type":"PropertyValueSpecification","valueRequired":true,"valueName":"search_term_string"}}],"inLanguage":"en-US"},{"@type":"Organization","@id":"https:\/\/matchamoya.cz\/en\/#organization","name":"Moya Matcha","url":"https:\/\/matchamoya.cz\/en\/","logo":{"@type":"ImageObject","inLanguage":"en-US","@id":"https:\/\/matchamoya.cz\/en\/#\/schema\/logo\/image\/","url":"https:\/\/matchamoya.cz\/wp-content\/uploads\/2020\/03\/MOYA_Logo_Green-Black_02.png","contentUrl":"https:\/\/matchamoya.cz\/wp-content\/uploads\/2020\/03\/MOYA_Logo_Green-Black_02.png","width":313,"height":310,"caption":"Moya Matcha"},"image":{"@id":"https:\/\/matchamoya.cz\/en\/#\/schema\/logo\/image\/"}}]}},"_links":{"self":[{"href":"https:\/\/matchamoya.cz\/en\/wp-json\/wp\/v2\/product\/2874"}],"collection":[{"href":"https:\/\/matchamoya.cz\/en\/wp-json\/wp\/v2\/product"}],"about":[{"href":"https:\/\/matchamoya.cz\/en\/wp-json\/wp\/v2\/types\/product"}],"replies":[{"embeddable":true,"href":"https:\/\/matchamoya.cz\/en\/wp-json\/wp\/v2\/comments?post=2874"}],"wp:featuredmedia":[{"embeddable":true,"href":"https:\/\/matchamoya.cz\/en\/wp-json\/wp\/v2\/media\/2875"}],"wp:attachment":[{"href":"https:\/\/matchamoya.cz\/en\/wp-json\/wp\/v2\/media?parent=2874"}],"wp:term":[{"taxonomy":"product_cat","embeddable":true,"href":"https:\/\/matchamoya.cz\/en\/wp-json\/wp\/v2\/product_cat?post=2874"},{"taxonomy":"product_tag","embeddable":true,"href":"https:\/\/matchamoya.cz\/en\/wp-json\/wp\/v2\/product_tag?post=2874"}],"curies":[{"name":"wp","href":"https:\/\/api.w.org\/{rel}","templated":true}]}}