{"id":2876,"date":"2024-08-26T19:17:59","date_gmt":"2024-08-26T19:17:59","guid":{"rendered":"https:\/\/matchamoya.cz\/?post_type=product&#038;p=2876"},"modified":"2026-02-26T19:50:13","modified_gmt":"2026-02-26T19:50:13","slug":"keramicky-rucne-vyrabeny-modry-hrnek-kaze-moya","status":"publish","type":"product","link":"https:\/\/matchamoya.cz\/en\/shop\/originalni-cajove-prislusenstvi\/keramicky-rucne-vyrabeny-modry-hrnek-kaze-moya\/","title":{"rendered":"Keramick\u00fd ru\u010dn\u011b vyr\u00e1b\u011bn\u00fd modr\u00fd hrnek Kaze &#8211; Moya"},"content":{"rendered":"<h1>Keramick\u00fd ru\u010dn\u011b vyr\u00e1b\u011bn\u00fd modr\u00fd hrnek Kaze &#8211; Moya<\/h1>\n<p><strong>Hrnek Kaze<\/strong> je ru\u010dn\u011b vyroben\u00fd mal\u00fd hrnek z kameninov\u00e9 hl\u00edny. Vytv\u00e1\u0159\u00ed ho mal\u00e9 keramick\u00e9 studio KOOE v Krakov\u011b v r\u00e1mci limitovan\u00e9 s\u00e9rie KOOE pro MOYA. Povrchov\u00e1 glazura pou\u017eit\u00e1 pro keramiku t\u00e9to s\u00e9rie je vyrobena podle star\u00fdch, tradi\u010dn\u00edch japonsk\u00fdch receptur. Ka\u017ed\u00fd kus kameniny je jedine\u010dn\u00fd s vlastn\u00ed p\u0159irozenou a jemnou variac\u00ed. Vypaluje se p\u0159i velmi vysok\u00e9 teplot\u011b p\u0159es 1300 \u00b0C, co\u017e zaji\u0161\u0165uje bezpe\u010dnost a odolnost. Rozm\u011bry a barva se mohou v mal\u00e9 m\u00ed\u0159e li\u0161it, proto\u017ee ka\u017ed\u00fd hrnek je ru\u010dn\u011b vyr\u00e1b\u011bn\u00fd na hrn\u010d\u00ed\u0159sk\u00e9m kruhu.<\/p>\n<p>Hrnek Kaze je ur\u010den k pit\u00ed listov\u00e9ho \u010daje, ale lze jej pou\u017e\u00edt i na jin\u00e9 tepl\u00e9 nebo studen\u00e9 n\u00e1poje. Ka\u017ed\u00fd hrnek Kaze je jedine\u010dn\u011b ru\u010dn\u011b vyroben\u00fd na hrn\u010d\u00ed\u0159sk\u00e9m kruhu, a proto se m\u016f\u017ee vzhledov\u011b m\u00edrn\u011b li\u0161it od vyobrazen\u00e9ho.<\/p>\n<p><strong>Keramick\u00fd ru\u010dn\u011b vyr\u00e1b\u011bn\u00fd modr\u00fd hrnek Kaze &#8211; Moya<\/strong><br \/>\nRu\u010dn\u011b vyroben\u00fd keramick\u00fd hrnek Kaze.<br \/>\nOBJEM: 200 ml<br \/>\nV\u00dd\u0160KA: 9 cm<br \/>\nPR\u016eM\u011aR: 7 cm<br \/>\nZEM\u011a P\u016eVODU: Polsko<br \/>\nVzhledem k tomu, \u017ee se jedn\u00e1 o ru\u010dn\u011b vyr\u00e1b\u011bn\u00fd v\u00fdrobek, rozm\u011bry se mohou m\u00edrn\u011b li\u0161it.<br \/>\n<strong>Vhodn\u00e9 do my\u010dky.<\/strong><\/p>\n<p>&nbsp;<\/p>\n<p>&nbsp;<\/p>","protected":false},"excerpt":{"rendered":"<p><strong>Keramick\u00fd ru\u010dn\u011b vyr\u00e1b\u011bn\u00fd modr\u00fd hrnek Kaze &#8211; Moya<\/strong><br \/>\nRu\u010dn\u011b vyroben\u00fd keramick\u00fd hrnek Kaze.<br \/>\nOBJEM: 200 ml<br \/>\nV\u00dd\u0160KA: 9 cm<br \/>\nPR\u016eM\u011aR: 7 cm<br \/>\nZEM\u011a P\u016eVODU: Polsko<br \/>\nVzhledem k tomu, \u017ee se jedn\u00e1 o ru\u010dn\u011b vyr\u00e1b\u011bn\u00fd v\u00fdrobek, rozm\u011bry se mohou m\u00edrn\u011b li\u0161it.<br \/>\n<strong>Vhodn\u00e9 do my\u010dky.\u00a0<\/strong><\/p>\n<p>Hrnek Kaze je ur\u010den k pit\u00ed listov\u00e9ho \u010daje, ale lze jej pou\u017e\u00edt i na jin\u00e9 tepl\u00e9 nebo studen\u00e9 n\u00e1poje.<\/p>","protected":false},"featured_media":2877,"comment_status":"open","ping_status":"closed","template":"","meta":[],"product_cat":[70],"product_tag":[],"class_list":{"0":"post-2876","1":"product","2":"type-product","3":"status-publish","4":"has-post-thumbnail","6":"product_cat-originalni-cajove-prislusenstvi","7":"product_shipping_class-dobra-dodani","9":"first","10":"instock","11":"taxable","12":"shipping-taxable","13":"purchasable","14":"product-type-simple"},"yoast_head":"<!-- This site is optimized with the Yoast SEO plugin v23.4 - https:\/\/yoast.com\/wordpress\/plugins\/seo\/ -->\n<title>Keramick\u00fd ru\u010dn\u011b vyr\u00e1b\u011bn\u00fd modr\u00fd hrnek Kaze | Matcha Moya<\/title>\n<meta name=\"description\" content=\"Hrnek Kaze je ur\u010den k pit\u00ed listov\u00e9ho \u010daje, ale lze jej pou\u017e\u00edt i na jin\u00e9 tepl\u00e9 nebo studen\u00e9 n\u00e1poje. Hrnek Kaze je ru\u010dn\u011b vyroben\u00fd hrnek z kameninov\u00e9 hl\u00edny.\" \/>\n<meta name=\"robots\" content=\"index, follow, max-snippet:-1, max-image-preview:large, max-video-preview:-1\" \/>\n<link rel=\"canonical\" href=\"https:\/\/matchamoya.cz\/en\/shop\/originalni-cajove-prislusenstvi\/keramicky-rucne-vyrabeny-modry-hrnek-kaze-moya\/\" \/>\n<meta property=\"og:locale\" content=\"en_US\" \/>\n<meta property=\"og:type\" content=\"article\" \/>\n<meta property=\"og:title\" content=\"Keramick\u00fd ru\u010dn\u011b vyr\u00e1b\u011bn\u00fd modr\u00fd hrnek Kaze | Matcha Moya\" \/>\n<meta property=\"og:description\" content=\"Hrnek Kaze je ur\u010den k pit\u00ed listov\u00e9ho \u010daje, ale lze jej pou\u017e\u00edt i na jin\u00e9 tepl\u00e9 nebo studen\u00e9 n\u00e1poje. Hrnek Kaze je ru\u010dn\u011b vyroben\u00fd hrnek z kameninov\u00e9 hl\u00edny.\" \/>\n<meta property=\"og:url\" content=\"https:\/\/matchamoya.cz\/en\/shop\/originalni-cajove-prislusenstvi\/keramicky-rucne-vyrabeny-modry-hrnek-kaze-moya\/\" \/>\n<meta property=\"og:site_name\" content=\"Matcha Moya\" \/>\n<meta property=\"article:modified_time\" content=\"2026-02-26T19:50:13+00:00\" \/>\n<meta property=\"og:image\" content=\"https:\/\/matchamoya.cz\/wp-content\/uploads\/2024\/08\/hrnek-kaze-rucne-vyrabena-keramika-na-piti-caje.png\" \/>\n\t<meta property=\"og:image:width\" content=\"800\" \/>\n\t<meta property=\"og:image:height\" content=\"800\" \/>\n\t<meta property=\"og:image:type\" content=\"image\/png\" \/>\n<meta name=\"twitter:card\" content=\"summary_large_image\" \/>\n<meta name=\"twitter:label1\" content=\"Est. reading time\" \/>\n\t<meta name=\"twitter:data1\" content=\"1 minute\" \/>\n<!-- \/ Yoast SEO plugin. -->","yoast_head_json":{"title":"Keramick\u00fd ru\u010dn\u011b vyr\u00e1b\u011bn\u00fd modr\u00fd hrnek Kaze | Matcha Moya","description":"Hrnek Kaze je ur\u010den k pit\u00ed listov\u00e9ho \u010daje, ale lze jej pou\u017e\u00edt i na jin\u00e9 tepl\u00e9 nebo studen\u00e9 n\u00e1poje. Hrnek Kaze je ru\u010dn\u011b vyroben\u00fd hrnek z kameninov\u00e9 hl\u00edny.","robots":{"index":"index","follow":"follow","max-snippet":"max-snippet:-1","max-image-preview":"max-image-preview:large","max-video-preview":"max-video-preview:-1"},"canonical":"https:\/\/matchamoya.cz\/en\/shop\/originalni-cajove-prislusenstvi\/keramicky-rucne-vyrabeny-modry-hrnek-kaze-moya\/","og_locale":"en_US","og_type":"article","og_title":"Keramick\u00fd ru\u010dn\u011b vyr\u00e1b\u011bn\u00fd modr\u00fd hrnek Kaze | Matcha Moya","og_description":"Hrnek Kaze je ur\u010den k pit\u00ed listov\u00e9ho \u010daje, ale lze jej pou\u017e\u00edt i na jin\u00e9 tepl\u00e9 nebo studen\u00e9 n\u00e1poje. Hrnek Kaze je ru\u010dn\u011b vyroben\u00fd hrnek z kameninov\u00e9 hl\u00edny.","og_url":"https:\/\/matchamoya.cz\/en\/shop\/originalni-cajove-prislusenstvi\/keramicky-rucne-vyrabeny-modry-hrnek-kaze-moya\/","og_site_name":"Matcha Moya","article_modified_time":"2026-02-26T19:50:13+00:00","og_image":[{"width":800,"height":800,"url":"https:\/\/matchamoya.cz\/wp-content\/uploads\/2024\/08\/hrnek-kaze-rucne-vyrabena-keramika-na-piti-caje.png","type":"image\/png"}],"twitter_card":"summary_large_image","twitter_misc":{"Est. reading time":"1 minute"},"schema":{"@context":"https:\/\/schema.org","@graph":[{"@type":"WebPage","@id":"https:\/\/matchamoya.cz\/en\/shop\/originalni-cajove-prislusenstvi\/keramicky-rucne-vyrabeny-modry-hrnek-kaze-moya\/","url":"https:\/\/matchamoya.cz\/en\/shop\/originalni-cajove-prislusenstvi\/keramicky-rucne-vyrabeny-modry-hrnek-kaze-moya\/","name":"Keramick\u00fd ru\u010dn\u011b vyr\u00e1b\u011bn\u00fd modr\u00fd hrnek Kaze | Matcha Moya","isPartOf":{"@id":"https:\/\/matchamoya.cz\/en\/#website"},"primaryImageOfPage":{"@id":"https:\/\/matchamoya.cz\/en\/shop\/originalni-cajove-prislusenstvi\/keramicky-rucne-vyrabeny-modry-hrnek-kaze-moya\/#primaryimage"},"image":{"@id":"https:\/\/matchamoya.cz\/en\/shop\/originalni-cajove-prislusenstvi\/keramicky-rucne-vyrabeny-modry-hrnek-kaze-moya\/#primaryimage"},"thumbnailUrl":"https:\/\/matchamoya.cz\/wp-content\/uploads\/2024\/08\/hrnek-kaze-rucne-vyrabena-keramika-na-piti-caje.png","datePublished":"2024-08-26T19:17:59+00:00","dateModified":"2026-02-26T19:50:13+00:00","description":"Hrnek Kaze je ur\u010den k pit\u00ed listov\u00e9ho \u010daje, ale lze jej pou\u017e\u00edt i na jin\u00e9 tepl\u00e9 nebo studen\u00e9 n\u00e1poje. Hrnek Kaze je ru\u010dn\u011b vyroben\u00fd hrnek z kameninov\u00e9 hl\u00edny.","breadcrumb":{"@id":"https:\/\/matchamoya.cz\/en\/shop\/originalni-cajove-prislusenstvi\/keramicky-rucne-vyrabeny-modry-hrnek-kaze-moya\/#breadcrumb"},"inLanguage":"en-US","potentialAction":[{"@type":"ReadAction","target":["https:\/\/matchamoya.cz\/en\/shop\/originalni-cajove-prislusenstvi\/keramicky-rucne-vyrabeny-modry-hrnek-kaze-moya\/"]}]},{"@type":"ImageObject","inLanguage":"en-US","@id":"https:\/\/matchamoya.cz\/en\/shop\/originalni-cajove-prislusenstvi\/keramicky-rucne-vyrabeny-modry-hrnek-kaze-moya\/#primaryimage","url":"https:\/\/matchamoya.cz\/wp-content\/uploads\/2024\/08\/hrnek-kaze-rucne-vyrabena-keramika-na-piti-caje.png","contentUrl":"https:\/\/matchamoya.cz\/wp-content\/uploads\/2024\/08\/hrnek-kaze-rucne-vyrabena-keramika-na-piti-caje.png","width":800,"height":800,"caption":"hrnek-kaze-rucne-vyrabena-keramika-na-piti-caje"},{"@type":"BreadcrumbList","@id":"https:\/\/matchamoya.cz\/en\/shop\/originalni-cajove-prislusenstvi\/keramicky-rucne-vyrabeny-modry-hrnek-kaze-moya\/#breadcrumb","itemListElement":[{"@type":"ListItem","position":1,"name":"Dom\u016f","item":"https:\/\/matchamoya.cz\/"},{"@type":"ListItem","position":2,"name":"E-SHOP","item":"https:\/\/matchamoya.cz\/shop\/"},{"@type":"ListItem","position":3,"name":"Keramick\u00fd ru\u010dn\u011b vyr\u00e1b\u011bn\u00fd modr\u00fd hrnek Kaze &#8211; Moya"}]},{"@type":"WebSite","@id":"https:\/\/matchamoya.cz\/en\/#website","url":"https:\/\/matchamoya.cz\/en\/","name":"Matcha Moya","description":"Matcha Moya","publisher":{"@id":"https:\/\/matchamoya.cz\/en\/#organization"},"potentialAction":[{"@type":"SearchAction","target":{"@type":"EntryPoint","urlTemplate":"https:\/\/matchamoya.cz\/en\/?s={search_term_string}"},"query-input":{"@type":"PropertyValueSpecification","valueRequired":true,"valueName":"search_term_string"}}],"inLanguage":"en-US"},{"@type":"Organization","@id":"https:\/\/matchamoya.cz\/en\/#organization","name":"Moya Matcha","url":"https:\/\/matchamoya.cz\/en\/","logo":{"@type":"ImageObject","inLanguage":"en-US","@id":"https:\/\/matchamoya.cz\/en\/#\/schema\/logo\/image\/","url":"https:\/\/matchamoya.cz\/wp-content\/uploads\/2020\/03\/MOYA_Logo_Green-Black_02.png","contentUrl":"https:\/\/matchamoya.cz\/wp-content\/uploads\/2020\/03\/MOYA_Logo_Green-Black_02.png","width":313,"height":310,"caption":"Moya Matcha"},"image":{"@id":"https:\/\/matchamoya.cz\/en\/#\/schema\/logo\/image\/"}}]}},"_links":{"self":[{"href":"https:\/\/matchamoya.cz\/en\/wp-json\/wp\/v2\/product\/2876"}],"collection":[{"href":"https:\/\/matchamoya.cz\/en\/wp-json\/wp\/v2\/product"}],"about":[{"href":"https:\/\/matchamoya.cz\/en\/wp-json\/wp\/v2\/types\/product"}],"replies":[{"embeddable":true,"href":"https:\/\/matchamoya.cz\/en\/wp-json\/wp\/v2\/comments?post=2876"}],"wp:featuredmedia":[{"embeddable":true,"href":"https:\/\/matchamoya.cz\/en\/wp-json\/wp\/v2\/media\/2877"}],"wp:attachment":[{"href":"https:\/\/matchamoya.cz\/en\/wp-json\/wp\/v2\/media?parent=2876"}],"wp:term":[{"taxonomy":"product_cat","embeddable":true,"href":"https:\/\/matchamoya.cz\/en\/wp-json\/wp\/v2\/product_cat?post=2876"},{"taxonomy":"product_tag","embeddable":true,"href":"https:\/\/matchamoya.cz\/en\/wp-json\/wp\/v2\/product_tag?post=2876"}],"curies":[{"name":"wp","href":"https:\/\/api.w.org\/{rel}","templated":true}]}}