{"id":2879,"date":"2024-08-26T19:27:44","date_gmt":"2024-08-26T19:27:44","guid":{"rendered":"https:\/\/matchamoya.cz\/?post_type=product&#038;p=2879"},"modified":"2026-01-05T09:54:51","modified_gmt":"2026-01-05T09:54:51","slug":"keramicky-rucne-vyrabeny-bilocerny-hrnek-shimo-moya","status":"publish","type":"product","link":"https:\/\/matchamoya.cz\/en\/shop\/originalni-cajove-prislusenstvi\/keramicky-rucne-vyrabeny-bilocerny-hrnek-shimo-moya\/","title":{"rendered":"Keramick\u00fd ru\u010dn\u011b vyr\u00e1b\u011bn\u00fd b\u00edlo\u010dern\u00fd hrnek Shimo &#8211; Moya"},"content":{"rendered":"<h1>Keramick\u00fd ru\u010dn\u011b vyr\u00e1b\u011bn\u00fd b\u00edlo\u010dern\u00fd hrnek Shimo &#8211; Moya<\/h1>\n<div><strong>Hrnek Shimo<\/strong> je unik\u00e1tn\u00ed n\u00e1doba ur\u010den\u00e1 ke konzumaci zelen\u00e9ho \u010daje, tradi\u010dn\u011b pou\u017e\u00edvan\u00e1 pro japonsk\u00fd \u010dajov\u00fd ob\u0159ad. Hrnek je vyroben z jemn\u00e9 hl\u00edny, p\u0159esto\u017ee je sou\u010dasn\u011b odoln\u00fd proti po\u0161kozen\u00ed procesem keramick\u00e9ho vypalov\u00e1n\u00ed p\u0159i teplot\u011b 1160\u00b0C, ohrom\u00ed svou lehkost\u00ed a odolnost\u00ed. Po vyp\u00e1len\u00ed jsou poh\u00e1ry glazov\u00e1ny a zdobeny. Nepravideln\u00e9 rozst\u0159ikovan\u00e9 te\u010dky na hrnku jsou vytvo\u0159eny mal\u00ed\u0159sk\u00fdm \u0161t\u011btcem, tak\u017ee se ka\u017ed\u00fd kel\u00edmek m\u016f\u017ee m\u00edrn\u011b li\u0161it.<\/div>\n<div><\/div>\n<div>Hrnek Shimo vznikl jako v\u00fdsledek spolupr\u00e1ce Moya se studiem Baobab \u2013 keramickou d\u00edlnou, kterou p\u0159ed v\u00edce ne\u017e 10 lety zalo\u017eili Natalia a Olaf. Man\u017eel\u00e9 si zamilovali \u0159\u00ed\u0161i keramiky, co\u017e je vedlo k zalo\u017een\u00ed vlastn\u00edho ateli\u00e9ru na polsk\u00e9m venkov\u011b. Ke keramice p\u0159istupuj\u00ed nejen jako ke zp\u016fsobu \u017eivota, ale tak\u00e9 jako ke sv\u00e9 nejv\u011bt\u0161\u00ed v\u00e1\u0161ni \u2013 co\u017e pozn\u00e1te podle pozornosti a \u00fasil\u00ed vlo\u017een\u00e9 do tvorby ka\u017ed\u00e9ho jejich jedine\u010dn\u00e9ho kousku.<\/div>\n<p><strong>Keramick\u00fd ru\u010dn\u011b vyr\u00e1b\u011bn\u00fd b\u00edlo\u010dern\u00fd hrnek Shimo &#8211; Moya<\/strong><br \/>\nOBJEM: 200ml,<br \/>\nV\u00dd\u0160KA: 9 cm,<br \/>\nPR\u016eM\u011aR: 7,5 cm<br \/>\nZEM\u011a P\u016eVODU: Polsko<br \/>\nVzhledem k tomu, \u017ee se jedn\u00e1 o ru\u010dn\u00ed pr\u00e1ci, rozm\u011bry a barva se mohou m\u00edrn\u011b li\u0161it.<br \/>\n<strong>Vhodn\u00e9 do my\u010dky.<\/strong><\/p>\n<p>&nbsp;<\/p>\n<p>&nbsp;<\/p>","protected":false},"excerpt":{"rendered":"<p><strong>Keramick\u00fd ru\u010dn\u011b vyr\u00e1b\u011bn\u00fd b\u00edlo\u010dern\u00fd hrnek Shimo &#8211; Moya<\/strong><br \/>\nOBJEM: 200ml,<br \/>\nV\u00dd\u0160KA: 9 cm,<br \/>\nPR\u016eM\u011aR: 7,5 cm<br \/>\nZEM\u011a P\u016eVODU: Polsko<br \/>\nVzhledem k tomu, \u017ee se jedn\u00e1 o ru\u010dn\u00ed pr\u00e1ci, rozm\u011bry a barva se mohou m\u00edrn\u011b li\u0161it.<br \/>\n<strong>Vhodn\u00e9 do my\u010dky.<\/strong><\/p>\n<p><strong>Hrnek Shimo<\/strong> je unik\u00e1tn\u00ed n\u00e1doba ur\u010den\u00e1 ke konzumaci zelen\u00e9ho \u010daje, tradi\u010dn\u011b pou\u017e\u00edvan\u00e1 pro japonsk\u00fd \u010dajov\u00fd ob\u0159ad.<\/p>","protected":false},"featured_media":2880,"comment_status":"open","ping_status":"closed","template":"","meta":[],"product_cat":[70],"product_tag":[],"class_list":{"0":"post-2879","1":"product","2":"type-product","3":"status-publish","4":"has-post-thumbnail","6":"product_cat-originalni-cajove-prislusenstvi","7":"product_shipping_class-dobra-dodani","9":"first","10":"instock","11":"taxable","12":"shipping-taxable","13":"purchasable","14":"product-type-simple"},"yoast_head":"<!-- This site is optimized with the Yoast SEO plugin v23.4 - https:\/\/yoast.com\/wordpress\/plugins\/seo\/ -->\n<title>Keramick\u00fd ru\u010dn\u011b vyr\u00e1b\u011bn\u00fd b\u00edlo\u010dern\u00fd hrnek Shimo | Matcha Moya<\/title>\n<meta name=\"description\" content=\"Hrnek Shimo je unik\u00e1tn\u00ed n\u00e1doba ur\u010den\u00e1 ke konzumaci zelen\u00e9ho \u010daje, tradi\u010dn\u011b pou\u017e\u00edvan\u00e1 pro japonsk\u00fd \u010dajov\u00fd ob\u0159ad. Hrnek je vyroben z jemn\u00e9 hl\u00edny.\" \/>\n<meta name=\"robots\" content=\"index, follow, max-snippet:-1, max-image-preview:large, max-video-preview:-1\" \/>\n<link rel=\"canonical\" href=\"https:\/\/matchamoya.cz\/en\/shop\/originalni-cajove-prislusenstvi\/keramicky-rucne-vyrabeny-bilocerny-hrnek-shimo-moya\/\" \/>\n<meta property=\"og:locale\" content=\"en_US\" \/>\n<meta property=\"og:type\" content=\"article\" \/>\n<meta property=\"og:title\" content=\"Keramick\u00fd ru\u010dn\u011b vyr\u00e1b\u011bn\u00fd b\u00edlo\u010dern\u00fd hrnek Shimo | Matcha Moya\" \/>\n<meta property=\"og:description\" content=\"Hrnek Shimo je unik\u00e1tn\u00ed n\u00e1doba ur\u010den\u00e1 ke konzumaci zelen\u00e9ho \u010daje, tradi\u010dn\u011b pou\u017e\u00edvan\u00e1 pro japonsk\u00fd \u010dajov\u00fd ob\u0159ad. Hrnek je vyroben z jemn\u00e9 hl\u00edny.\" \/>\n<meta property=\"og:url\" content=\"https:\/\/matchamoya.cz\/en\/shop\/originalni-cajove-prislusenstvi\/keramicky-rucne-vyrabeny-bilocerny-hrnek-shimo-moya\/\" \/>\n<meta property=\"og:site_name\" content=\"Matcha Moya\" \/>\n<meta property=\"article:modified_time\" content=\"2026-01-05T09:54:51+00:00\" \/>\n<meta property=\"og:image\" content=\"https:\/\/matchamoya.cz\/wp-content\/uploads\/2024\/08\/krasny-hrnek-shimo-na-zeleny-caj.jpg\" \/>\n\t<meta property=\"og:image:width\" content=\"1000\" \/>\n\t<meta property=\"og:image:height\" content=\"1000\" \/>\n\t<meta property=\"og:image:type\" content=\"image\/jpeg\" \/>\n<meta name=\"twitter:card\" content=\"summary_large_image\" \/>\n<meta name=\"twitter:label1\" content=\"Est. reading time\" \/>\n\t<meta name=\"twitter:data1\" content=\"1 minute\" \/>\n<!-- \/ Yoast SEO plugin. -->","yoast_head_json":{"title":"Keramick\u00fd ru\u010dn\u011b vyr\u00e1b\u011bn\u00fd b\u00edlo\u010dern\u00fd hrnek Shimo | Matcha Moya","description":"Hrnek Shimo je unik\u00e1tn\u00ed n\u00e1doba ur\u010den\u00e1 ke konzumaci zelen\u00e9ho \u010daje, tradi\u010dn\u011b pou\u017e\u00edvan\u00e1 pro japonsk\u00fd \u010dajov\u00fd ob\u0159ad. Hrnek je vyroben z jemn\u00e9 hl\u00edny.","robots":{"index":"index","follow":"follow","max-snippet":"max-snippet:-1","max-image-preview":"max-image-preview:large","max-video-preview":"max-video-preview:-1"},"canonical":"https:\/\/matchamoya.cz\/en\/shop\/originalni-cajove-prislusenstvi\/keramicky-rucne-vyrabeny-bilocerny-hrnek-shimo-moya\/","og_locale":"en_US","og_type":"article","og_title":"Keramick\u00fd ru\u010dn\u011b vyr\u00e1b\u011bn\u00fd b\u00edlo\u010dern\u00fd hrnek Shimo | Matcha Moya","og_description":"Hrnek Shimo je unik\u00e1tn\u00ed n\u00e1doba ur\u010den\u00e1 ke konzumaci zelen\u00e9ho \u010daje, tradi\u010dn\u011b pou\u017e\u00edvan\u00e1 pro japonsk\u00fd \u010dajov\u00fd ob\u0159ad. Hrnek je vyroben z jemn\u00e9 hl\u00edny.","og_url":"https:\/\/matchamoya.cz\/en\/shop\/originalni-cajove-prislusenstvi\/keramicky-rucne-vyrabeny-bilocerny-hrnek-shimo-moya\/","og_site_name":"Matcha Moya","article_modified_time":"2026-01-05T09:54:51+00:00","og_image":[{"width":1000,"height":1000,"url":"https:\/\/matchamoya.cz\/wp-content\/uploads\/2024\/08\/krasny-hrnek-shimo-na-zeleny-caj.jpg","type":"image\/jpeg"}],"twitter_card":"summary_large_image","twitter_misc":{"Est. reading time":"1 minute"},"schema":{"@context":"https:\/\/schema.org","@graph":[{"@type":"WebPage","@id":"https:\/\/matchamoya.cz\/en\/shop\/originalni-cajove-prislusenstvi\/keramicky-rucne-vyrabeny-bilocerny-hrnek-shimo-moya\/","url":"https:\/\/matchamoya.cz\/en\/shop\/originalni-cajove-prislusenstvi\/keramicky-rucne-vyrabeny-bilocerny-hrnek-shimo-moya\/","name":"Keramick\u00fd ru\u010dn\u011b vyr\u00e1b\u011bn\u00fd b\u00edlo\u010dern\u00fd hrnek Shimo | Matcha Moya","isPartOf":{"@id":"https:\/\/matchamoya.cz\/en\/#website"},"primaryImageOfPage":{"@id":"https:\/\/matchamoya.cz\/en\/shop\/originalni-cajove-prislusenstvi\/keramicky-rucne-vyrabeny-bilocerny-hrnek-shimo-moya\/#primaryimage"},"image":{"@id":"https:\/\/matchamoya.cz\/en\/shop\/originalni-cajove-prislusenstvi\/keramicky-rucne-vyrabeny-bilocerny-hrnek-shimo-moya\/#primaryimage"},"thumbnailUrl":"https:\/\/matchamoya.cz\/wp-content\/uploads\/2024\/08\/krasny-hrnek-shimo-na-zeleny-caj.jpg","datePublished":"2024-08-26T19:27:44+00:00","dateModified":"2026-01-05T09:54:51+00:00","description":"Hrnek Shimo je unik\u00e1tn\u00ed n\u00e1doba ur\u010den\u00e1 ke konzumaci zelen\u00e9ho \u010daje, tradi\u010dn\u011b pou\u017e\u00edvan\u00e1 pro japonsk\u00fd \u010dajov\u00fd ob\u0159ad. Hrnek je vyroben z jemn\u00e9 hl\u00edny.","breadcrumb":{"@id":"https:\/\/matchamoya.cz\/en\/shop\/originalni-cajove-prislusenstvi\/keramicky-rucne-vyrabeny-bilocerny-hrnek-shimo-moya\/#breadcrumb"},"inLanguage":"en-US","potentialAction":[{"@type":"ReadAction","target":["https:\/\/matchamoya.cz\/en\/shop\/originalni-cajove-prislusenstvi\/keramicky-rucne-vyrabeny-bilocerny-hrnek-shimo-moya\/"]}]},{"@type":"ImageObject","inLanguage":"en-US","@id":"https:\/\/matchamoya.cz\/en\/shop\/originalni-cajove-prislusenstvi\/keramicky-rucne-vyrabeny-bilocerny-hrnek-shimo-moya\/#primaryimage","url":"https:\/\/matchamoya.cz\/wp-content\/uploads\/2024\/08\/krasny-hrnek-shimo-na-zeleny-caj.jpg","contentUrl":"https:\/\/matchamoya.cz\/wp-content\/uploads\/2024\/08\/krasny-hrnek-shimo-na-zeleny-caj.jpg","width":1000,"height":1000,"caption":"krasny-hrnek-shimo-na-zeleny-caj"},{"@type":"BreadcrumbList","@id":"https:\/\/matchamoya.cz\/en\/shop\/originalni-cajove-prislusenstvi\/keramicky-rucne-vyrabeny-bilocerny-hrnek-shimo-moya\/#breadcrumb","itemListElement":[{"@type":"ListItem","position":1,"name":"Dom\u016f","item":"https:\/\/matchamoya.cz\/"},{"@type":"ListItem","position":2,"name":"E-SHOP","item":"https:\/\/matchamoya.cz\/shop\/"},{"@type":"ListItem","position":3,"name":"Keramick\u00fd ru\u010dn\u011b vyr\u00e1b\u011bn\u00fd b\u00edlo\u010dern\u00fd hrnek Shimo &#8211; Moya"}]},{"@type":"WebSite","@id":"https:\/\/matchamoya.cz\/en\/#website","url":"https:\/\/matchamoya.cz\/en\/","name":"Matcha Moya","description":"Matcha Moya","publisher":{"@id":"https:\/\/matchamoya.cz\/en\/#organization"},"potentialAction":[{"@type":"SearchAction","target":{"@type":"EntryPoint","urlTemplate":"https:\/\/matchamoya.cz\/en\/?s={search_term_string}"},"query-input":{"@type":"PropertyValueSpecification","valueRequired":true,"valueName":"search_term_string"}}],"inLanguage":"en-US"},{"@type":"Organization","@id":"https:\/\/matchamoya.cz\/en\/#organization","name":"Moya Matcha","url":"https:\/\/matchamoya.cz\/en\/","logo":{"@type":"ImageObject","inLanguage":"en-US","@id":"https:\/\/matchamoya.cz\/en\/#\/schema\/logo\/image\/","url":"https:\/\/matchamoya.cz\/wp-content\/uploads\/2020\/03\/MOYA_Logo_Green-Black_02.png","contentUrl":"https:\/\/matchamoya.cz\/wp-content\/uploads\/2020\/03\/MOYA_Logo_Green-Black_02.png","width":313,"height":310,"caption":"Moya Matcha"},"image":{"@id":"https:\/\/matchamoya.cz\/en\/#\/schema\/logo\/image\/"}}]}},"_links":{"self":[{"href":"https:\/\/matchamoya.cz\/en\/wp-json\/wp\/v2\/product\/2879"}],"collection":[{"href":"https:\/\/matchamoya.cz\/en\/wp-json\/wp\/v2\/product"}],"about":[{"href":"https:\/\/matchamoya.cz\/en\/wp-json\/wp\/v2\/types\/product"}],"replies":[{"embeddable":true,"href":"https:\/\/matchamoya.cz\/en\/wp-json\/wp\/v2\/comments?post=2879"}],"wp:featuredmedia":[{"embeddable":true,"href":"https:\/\/matchamoya.cz\/en\/wp-json\/wp\/v2\/media\/2880"}],"wp:attachment":[{"href":"https:\/\/matchamoya.cz\/en\/wp-json\/wp\/v2\/media?parent=2879"}],"wp:term":[{"taxonomy":"product_cat","embeddable":true,"href":"https:\/\/matchamoya.cz\/en\/wp-json\/wp\/v2\/product_cat?post=2879"},{"taxonomy":"product_tag","embeddable":true,"href":"https:\/\/matchamoya.cz\/en\/wp-json\/wp\/v2\/product_tag?post=2879"}],"curies":[{"name":"wp","href":"https:\/\/api.w.org\/{rel}","templated":true}]}}