{"id":3035,"date":"2024-10-31T13:27:56","date_gmt":"2024-10-31T13:27:56","guid":{"rendered":"https:\/\/matchamoya.cz\/?post_type=product&#038;p=3035"},"modified":"2026-03-27T08:37:32","modified_gmt":"2026-03-27T08:37:32","slug":"premiovy-prasek-ze-zeleneho-caje-hojicha-100-organic-250g-moya","status":"publish","type":"product","link":"https:\/\/matchamoya.cz\/en\/shop\/matcha-japonske-zelene-caje-moya\/premiovy-prasek-ze-zeleneho-caje-hojicha-100-organic-250g-moya\/","title":{"rendered":"Pr\u00e9miov\u00fd pr\u00e1\u0161ek ze zelen\u00e9ho \u010daje HOJICHA 100 % organic 250g &#8211; Moya"},"content":{"rendered":"<h1>Pr\u00e9miov\u00fd pr\u00e1\u0161ek ze zelen\u00e9ho \u010daje HOJICHA 100 % organic 250g &#8211; Moya<\/h1>\n<p><strong>Pr\u00e9miov\u00fd pr\u00e1\u0161ek ze zelen\u00e9ho \u010daje HOJICHA 100 % organic &#8211; Moya se vyr\u00e1b\u00ed z pra\u017een\u00e9ho zelen\u00e9ho \u010daje Hojicha z regionu Kago\u0161ima na ostrov\u011b Kj\u016f\u0161\u016f. Tato alternativn\u00ed verze zelen\u00e9ho \u010daje matcha<\/strong> je st\u00e1le popul\u00e1rn\u011bj\u0161\u00ed v Japonsku i v zahrani\u010d\u00ed. U tohoto \u010daje p\u0159evl\u00e1daj\u00ed jemn\u00e9 zemit\u00e9 podt\u00f3ny ve v\u016fni a chuti. Po dozr\u00e1n\u00ed se \u010dajov\u00e9 l\u00edstky skl\u00edzej\u00ed a pe\u010dliv\u011b spa\u0159uj\u00ed, svinuj\u00ed a su\u0161\u00ed. Listy zelen\u00e9ho \u010daje jsou pot\u00e9 odborn\u011b pra\u017eeny a mlety na jemn\u00fd pr\u00e1\u0161ek, aby se dokonale rozpustily ve vod\u011b a vytvo\u0159ily bohat\u00e9 <strong>a kr\u00e9mov\u00e9 hojicha latt\u00e9 a \u010dajov\u00e9 dezerty<\/strong>. <strong>Proces pra\u017een\u00ed tak\u00e9 sni\u017euje hladinu kofeinu<\/strong>, d\u00edky \u010demu\u017e je Hojicha perfektn\u00ed volbou \u010daje pro v\u0161echna ro\u010dn\u00ed obdob\u00ed.<\/p>\n<p><strong>Hojicha v pr\u00e1\u0161ku je v\u0161estrann\u00e1 kulin\u00e1\u0159sk\u00e1 ingredience<\/strong> pro hojicha latte, o\u0159\u00ed\u0161kovou variantu matcha latte, kter\u00e9 lze pod\u00e1vat tepl\u00e9 i studen\u00e9. Pro p\u0159\u00edpravu hojicha latte sm\u00edchejte plochou l\u017e\u00edci pr\u00e1\u0161ku hojicha se 100 ml vody pomoc\u00ed bambusov\u00e9ho chasenu nebo nap\u011b\u0148ova\u010de ml\u00e9ka a pot\u00e9 p\u0159idejte ml\u00e9ko dle vlastn\u00edho v\u00fdb\u011bru. Hojicha latte se nejl\u00e9pe p\u0159ipravuje v tradi\u010dn\u00edm keramick\u00e9m matchawanu pou\u017e\u00edvan\u00e9m k p\u0159\u00edprav\u011b matcha a chutn\u00e1 skv\u011ble s rostlinn\u00fdmi ml\u00e9ky. O\u0159\u00ed\u0161kov\u00e1 p\u0159\u00edchu\u0165 pra\u017een\u00e9ho pr\u00e1\u0161ku hojicha je skv\u011blou p\u0159\u00edsadou do \u0159ady recept\u016f po\u010d\u00ednaje zmrzlinou hojicha, macronkami a kol\u00e1\u010di. <strong>Jeho chu\u0165 je zbavena ho\u0159kosti, d\u00edky \u010demu\u017e je obl\u00edbenou volbou mezi d\u011btmi.<\/strong><\/p>\n<h1><span style=\"font-size: 23.04px; color: #333333;\">N\u00e1vod k p\u0159\u00edprav\u011b Pr\u00e9miov\u00e9ho pr\u00e1\u0161ku ze zelen\u00e9ho \u010daje HOJICHA 100 % organic &#8211; Moya:<\/span><\/h1>\n<p><span style=\"color: #333333; font-size: 14.4px;\">P\u0159\u00edprava \u010daje Hojicha Powder nen\u00ed \u010dasov\u011b n\u00e1ro\u010dn\u00e1, a nevy\u017eaduje \u017e\u00e1dn\u00e9 zvl\u00e1\u0161tn\u00ed dovednosti. Je to jemn\u00fd pr\u00e1\u0161ek, kter\u00fd se sm\u00edch\u00e1 s vodou. K tomuto \u00fa\u010delu m\u016f\u017eete pou\u017e\u00edt jak tradi\u010dn\u00ed \u0161leh\u00e1n\u00ed bam<\/span><span style=\"font-size: 14.4px;\">busovou metli\u010dkou (chasen), tak klasickou metli\u010dkou \u010di elektrick\u00fd nap\u011b\u0148ova\u010d ml\u00e9ka.<\/span><\/p>\n<div id=\"row-700258351\" class=\"row\">\n<div class=\"col small-12 large-12\">\n<div class=\"col-inner\"><span style=\"font-size: 14.4px; color: #555555;\"><strong>Tradi\u010dn\u00ed zp\u016fsob p\u0159\u00edpravy \u010daje Hojicha Powder<\/strong> poch\u00e1z\u00ed z japonsk\u00e9ho \u010dajov\u00e9ho ob\u0159adu (chanoy<\/span><span style=\"font-size: 14.4px; color: #555555;\">u). K p\u0159\u00edprav\u011b n\u00e1poje pot\u0159ebujeme misku (<\/span><strong><a style=\"font-size: 14.4px;\" href=\"https:\/\/matchamoya.cz\/originalni-cajove-prislusenstvi\/\">chawan<\/a><\/strong><span style=\"font-size: 14.4px; color: #555555;\">), bambusovou <\/span><span style=\"font-size: 14.4px; color: #555555;\">metli\u010dku (<\/span><strong><a style=\"font-size: 14.4px;\" href=\"https:\/\/matchamoya.cz\/originalni-cajove-prislusenstvi\/\">chasen<\/a><\/strong><span style=\"font-size: 14.4px; color: #555555;\">) a bamb<\/span><span style=\"font-size: 14.4px; color: #555555;\">usovou lopatku (<\/span><strong><a style=\"font-size: 14.4px;\" href=\"https:\/\/matchamoya.cz\/originalni-cajove-prislusenstvi\/\">chashaku<\/a><\/strong><span style=\"font-size: 14.4px; color: #555555;\">). <\/span>Do misky vlo\u017ete dv\u011b l\u017ei\u010dky Hojicha pr\u00e1\u0161ku bambusovou lopatkou (chashaku), zalijte 100 ml hork\u00e9 vody (80 \u00b0 C) a rozm\u00edchejte bambusovou metli\u010dkou (chasen), a\u017e se vytvo\u0159\u00ed hust\u00e1 hn\u011bd\u00e1 p\u011bna. Dolejte n\u00e1poj vodou na 200 &#8211; 250 ml. Stejn\u011b jako u k\u00e1vy, n\u011bkte\u0159\u00ed lid\u00e9 r\u00e1di pij\u00ed siln\u00e9 matcha espresso, jin\u00ed d\u00e1vaj\u00ed p\u0159ednost p\u0159id\u00e1n\u00ed v\u00edce vody a na\u0159ed\u011bn\u00ed. Konzumujte.<\/div>\n<\/div>\n<\/div>\n<div><\/div>\n<div id=\"row-700258351\" class=\"row\">\n<div class=\"col small-12 large-12\">\n<div class=\"col-inner\"><span style=\"font-size: 14.4px;\"><strong>N\u00e1poj lze p\u0159ipravit a konzumovat za studena<\/strong>, aby byl velmi osv\u011b\u017euj\u00edc\u00ed. Vysypejte 1,5 g hojicha pr\u00e1\u0161ku do lahve se studenou vodou a prom\u00edchejte. Konzumujte.<\/span><\/div>\n<\/div>\n<\/div>\n<p><strong>Video<\/strong> od spoluzakladatelky zna\u010dky\u00a0<span style=\"font-size: 14.4px;\">Moya Hitomi Saito, <\/span><strong style=\"font-size: 14.4px;\"><a href=\"https:\/\/matchamoya.cz\/jak-pripravit-matchu\/\">jak si p\u0159ipravit spr\u00e1vn\u011b matchu<\/a><\/strong><span style=\"font-size: 14.4px;\">, m\u016f\u017eete naj\u00edt ve speci\u00e1ln\u00ed sekci na\u0161eho webu.<\/span><\/p>\n<p><strong>Pr\u00e9miov\u00fd pr\u00e1\u0161ek ze zelen\u00e9ho \u010daje HOJICHA 100 % organic 250g &#8211; Moya<\/strong><br \/>\n<strong>ZEM\u011a P\u016eVODU: Japonsko<\/strong><br \/>\n<strong>P\u0158\u00cdCHU\u0164: lehce o\u0159echov\u00e1 chu\u0165<\/strong><br \/>\n<strong>BARVA: tmav\u011b hn\u011bd\u00e1<\/strong><\/p>","protected":false},"excerpt":{"rendered":"<p><strong>Pr\u00e9miov\u00fd pr\u00e1\u0161ek ze zelen\u00e9ho \u010daje HOJICHA 100 % organic &#8211; Moya se vyr\u00e1b\u00ed z pra\u017een\u00e9ho zelen\u00e9ho \u010daje Hojicha z regionu Kago\u0161ima na ostrov\u011b Kj\u016f\u0161\u016f. Tato alternativn\u00ed verze zelen\u00e9ho \u010daje matcha<\/strong> je st\u00e1le popul\u00e1rn\u011bj\u0161\u00ed v Japonsku i v zahrani\u010d\u00ed. U tohoto \u010daje p\u0159evl\u00e1daj\u00ed jemn\u00e9 zemit\u00e9 podt\u00f3ny ve v\u016fni a chuti. Po dozr\u00e1n\u00ed se \u010dajov\u00e9 l\u00edstky skl\u00edzej\u00ed a pe\u010dliv\u011b spa\u0159uj\u00ed, svinuj\u00ed a su\u0161\u00ed. Listy zelen\u00e9ho \u010daje jsou pot\u00e9 odborn\u011b pra\u017eeny a mlety na jemn\u00fd pr\u00e1\u0161ek, aby se dokonale rozpustily ve vod\u011b a vytvo\u0159ily bohat\u00e9 <strong>a kr\u00e9mov\u00e9 hojicha latt\u00e9 a \u010dajov\u00e9 dezerty<\/strong>. <strong>Proces pra\u017een\u00ed tak\u00e9 sni\u017euje hladinu kofeinu<\/strong>, d\u00edky \u010demu\u017e je Hojicha perfektn\u00ed volbou \u010daje pro v\u0161echna ro\u010dn\u00ed obdob\u00ed.<\/p>\n<p><strong>Pr\u00e9miov\u00fd pr\u00e1\u0161ek ze zelen\u00e9ho \u010daje HOJICHA 100 % organic 250g &#8211; Moya<\/strong><br \/>\n<strong>ZEM\u011a P\u016eVODU: <\/strong>Japonsko<br \/>\n<strong>P\u0158\u00cdCHU\u0164: <\/strong>lehce o\u0159echov\u00e1 chu\u0165<br \/>\n<strong>BARVA: <\/strong>tmav\u011b hn\u011bd\u00e1<\/p>\n<p><a href=\"https:\/\/matchamoya.cz\/produkce-a-puvod\/\"><img loading=\"lazy\" decoding=\"async\" class=\"alignnone wp-image-1234\" src=\"https:\/\/matchamoya.cz\/wp-content\/uploads\/2020\/04\/certifikat-bio-matcha-caj-moya-461x400.jpg\" alt=\"certifikat-bio-matcha-caj-moya\" width=\"151\" height=\"131\" srcset=\"https:\/\/matchamoya.cz\/wp-content\/uploads\/2020\/04\/certifikat-bio-matcha-caj-moya-461x400.jpg 461w, https:\/\/matchamoya.cz\/wp-content\/uploads\/2020\/04\/certifikat-bio-matcha-caj-moya-922x800.jpg 922w, https:\/\/matchamoya.cz\/wp-content\/uploads\/2020\/04\/certifikat-bio-matcha-caj-moya-768x666.jpg 768w, https:\/\/matchamoya.cz\/wp-content\/uploads\/2020\/04\/certifikat-bio-matcha-caj-moya-14x12.jpg 14w, https:\/\/matchamoya.cz\/wp-content\/uploads\/2020\/04\/certifikat-bio-matcha-caj-moya-600x521.jpg 600w, https:\/\/matchamoya.cz\/wp-content\/uploads\/2020\/04\/certifikat-bio-matcha-caj-moya.jpg 1180w\" sizes=\"(max-width: 151px) 100vw, 151px\" \/><\/a><img loading=\"lazy\" decoding=\"async\" class=\"alignnone wp-image-1050\" src=\"https:\/\/matchamoya.cz\/wp-content\/uploads\/2021\/03\/zeleny-caj-matcha-uji-region-japonsko-mapa-400x400.jpg\" alt=\"zeleny-caj-matcha-uji-region-japonsko-mapa\" width=\"130\" height=\"130\" srcset=\"https:\/\/matchamoya.cz\/wp-content\/uploads\/2021\/03\/zeleny-caj-matcha-uji-region-japonsko-mapa-400x400.jpg 400w, https:\/\/matchamoya.cz\/wp-content\/uploads\/2021\/03\/zeleny-caj-matcha-uji-region-japonsko-mapa-280x280.jpg 280w, https:\/\/matchamoya.cz\/wp-content\/uploads\/2021\/03\/zeleny-caj-matcha-uji-region-japonsko-mapa-768x768.jpg 768w, https:\/\/matchamoya.cz\/wp-content\/uploads\/2021\/03\/zeleny-caj-matcha-uji-region-japonsko-mapa-12x12.jpg 12w, https:\/\/matchamoya.cz\/wp-content\/uploads\/2021\/03\/zeleny-caj-matcha-uji-region-japonsko-mapa-300x300.jpg 300w, https:\/\/matchamoya.cz\/wp-content\/uploads\/2021\/03\/zeleny-caj-matcha-uji-region-japonsko-mapa-600x600.jpg 600w, https:\/\/matchamoya.cz\/wp-content\/uploads\/2021\/03\/zeleny-caj-matcha-uji-region-japonsko-mapa-100x100.jpg 100w, https:\/\/matchamoya.cz\/wp-content\/uploads\/2021\/03\/zeleny-caj-matcha-uji-region-japonsko-mapa.jpg 800w\" sizes=\"(max-width: 130px) 100vw, 130px\" \/><\/p>","protected":false},"featured_media":1649,"comment_status":"open","ping_status":"closed","template":"","meta":[],"product_cat":[68,75],"product_tag":[],"class_list":{"0":"post-3035","1":"product","2":"type-product","3":"status-publish","4":"has-post-thumbnail","6":"product_cat-matcha-japonske-zelene-caje-moya","7":"product_cat-tradicni-japonske-listove-zelene-caje","8":"product_shipping_class-dobra-dodani","10":"first","11":"instock","12":"taxable","13":"shipping-taxable","14":"purchasable","15":"product-type-simple"},"yoast_head":"<!-- This site is optimized with the Yoast SEO plugin v23.4 - https:\/\/yoast.com\/wordpress\/plugins\/seo\/ -->\n<title>Pr\u00e9miov\u00fd pr\u00e1\u0161ek ze zelen\u00e9ho \u010daje HOJICHA 100 % organic 250g | Matcha Moya<\/title>\n<meta name=\"description\" content=\"Pr\u00e9miov\u00fd pr\u00e1\u0161ek ze zelen\u00e9ho \u010daje HOJICHA organic 250g. Modern\u00ed japonsk\u00e1 novina a alternativa k matcha \u010daji. Kr\u00e9mov\u00e1 chu\u0165 s n\u00edzk\u00fdm obsahem kofeinu.\" \/>\n<meta name=\"robots\" content=\"index, follow, max-snippet:-1, max-image-preview:large, max-video-preview:-1\" \/>\n<link rel=\"canonical\" href=\"https:\/\/matchamoya.cz\/en\/shop\/matcha-japonske-zelene-caje-moya\/premiovy-prasek-ze-zeleneho-caje-hojicha-100-organic-250g-moya\/\" \/>\n<meta property=\"og:locale\" content=\"en_US\" \/>\n<meta property=\"og:type\" content=\"article\" \/>\n<meta property=\"og:title\" content=\"Pr\u00e9miov\u00fd pr\u00e1\u0161ek ze zelen\u00e9ho \u010daje HOJICHA 100 % organic 250g | Matcha Moya\" \/>\n<meta property=\"og:description\" content=\"Pr\u00e9miov\u00fd pr\u00e1\u0161ek ze zelen\u00e9ho \u010daje HOJICHA organic 250g. Modern\u00ed japonsk\u00e1 novina a alternativa k matcha \u010daji. Kr\u00e9mov\u00e1 chu\u0165 s n\u00edzk\u00fdm obsahem kofeinu.\" \/>\n<meta property=\"og:url\" content=\"https:\/\/matchamoya.cz\/en\/shop\/matcha-japonske-zelene-caje-moya\/premiovy-prasek-ze-zeleneho-caje-hojicha-100-organic-250g-moya\/\" \/>\n<meta property=\"og:site_name\" content=\"Matcha Moya\" \/>\n<meta property=\"article:modified_time\" content=\"2026-03-27T08:37:32+00:00\" \/>\n<meta property=\"og:image\" content=\"https:\/\/matchamoya.cz\/wp-content\/uploads\/2022\/09\/premiovy_prasek_ze_zeleneho_caje_hojicha.jpg\" \/>\n\t<meta property=\"og:image:width\" content=\"800\" \/>\n\t<meta property=\"og:image:height\" content=\"800\" \/>\n\t<meta property=\"og:image:type\" content=\"image\/jpeg\" \/>\n<meta name=\"twitter:card\" content=\"summary_large_image\" \/>\n<meta name=\"twitter:label1\" content=\"Est. reading time\" \/>\n\t<meta name=\"twitter:data1\" content=\"3 minutes\" \/>\n<!-- \/ Yoast SEO plugin. -->","yoast_head_json":{"title":"Pr\u00e9miov\u00fd pr\u00e1\u0161ek ze zelen\u00e9ho \u010daje HOJICHA 100 % organic 250g | Matcha Moya","description":"Pr\u00e9miov\u00fd pr\u00e1\u0161ek ze zelen\u00e9ho \u010daje HOJICHA organic 250g. Modern\u00ed japonsk\u00e1 novina a alternativa k matcha \u010daji. Kr\u00e9mov\u00e1 chu\u0165 s n\u00edzk\u00fdm obsahem kofeinu.","robots":{"index":"index","follow":"follow","max-snippet":"max-snippet:-1","max-image-preview":"max-image-preview:large","max-video-preview":"max-video-preview:-1"},"canonical":"https:\/\/matchamoya.cz\/en\/shop\/matcha-japonske-zelene-caje-moya\/premiovy-prasek-ze-zeleneho-caje-hojicha-100-organic-250g-moya\/","og_locale":"en_US","og_type":"article","og_title":"Pr\u00e9miov\u00fd pr\u00e1\u0161ek ze zelen\u00e9ho \u010daje HOJICHA 100 % organic 250g | Matcha Moya","og_description":"Pr\u00e9miov\u00fd pr\u00e1\u0161ek ze zelen\u00e9ho \u010daje HOJICHA organic 250g. Modern\u00ed japonsk\u00e1 novina a alternativa k matcha \u010daji. Kr\u00e9mov\u00e1 chu\u0165 s n\u00edzk\u00fdm obsahem kofeinu.","og_url":"https:\/\/matchamoya.cz\/en\/shop\/matcha-japonske-zelene-caje-moya\/premiovy-prasek-ze-zeleneho-caje-hojicha-100-organic-250g-moya\/","og_site_name":"Matcha Moya","article_modified_time":"2026-03-27T08:37:32+00:00","og_image":[{"width":800,"height":800,"url":"https:\/\/matchamoya.cz\/wp-content\/uploads\/2022\/09\/premiovy_prasek_ze_zeleneho_caje_hojicha.jpg","type":"image\/jpeg"}],"twitter_card":"summary_large_image","twitter_misc":{"Est. reading time":"3 minutes"},"schema":{"@context":"https:\/\/schema.org","@graph":[{"@type":"WebPage","@id":"https:\/\/matchamoya.cz\/en\/shop\/matcha-japonske-zelene-caje-moya\/premiovy-prasek-ze-zeleneho-caje-hojicha-100-organic-250g-moya\/","url":"https:\/\/matchamoya.cz\/en\/shop\/matcha-japonske-zelene-caje-moya\/premiovy-prasek-ze-zeleneho-caje-hojicha-100-organic-250g-moya\/","name":"Pr\u00e9miov\u00fd pr\u00e1\u0161ek ze zelen\u00e9ho \u010daje HOJICHA 100 % organic 250g | Matcha Moya","isPartOf":{"@id":"https:\/\/matchamoya.cz\/en\/#website"},"primaryImageOfPage":{"@id":"https:\/\/matchamoya.cz\/en\/shop\/matcha-japonske-zelene-caje-moya\/premiovy-prasek-ze-zeleneho-caje-hojicha-100-organic-250g-moya\/#primaryimage"},"image":{"@id":"https:\/\/matchamoya.cz\/en\/shop\/matcha-japonske-zelene-caje-moya\/premiovy-prasek-ze-zeleneho-caje-hojicha-100-organic-250g-moya\/#primaryimage"},"thumbnailUrl":"https:\/\/matchamoya.cz\/wp-content\/uploads\/2022\/09\/premiovy_prasek_ze_zeleneho_caje_hojicha.jpg","datePublished":"2024-10-31T13:27:56+00:00","dateModified":"2026-03-27T08:37:32+00:00","description":"Pr\u00e9miov\u00fd pr\u00e1\u0161ek ze zelen\u00e9ho \u010daje HOJICHA organic 250g. Modern\u00ed japonsk\u00e1 novina a alternativa k matcha \u010daji. Kr\u00e9mov\u00e1 chu\u0165 s n\u00edzk\u00fdm obsahem kofeinu.","breadcrumb":{"@id":"https:\/\/matchamoya.cz\/en\/shop\/matcha-japonske-zelene-caje-moya\/premiovy-prasek-ze-zeleneho-caje-hojicha-100-organic-250g-moya\/#breadcrumb"},"inLanguage":"en-US","potentialAction":[{"@type":"ReadAction","target":["https:\/\/matchamoya.cz\/en\/shop\/matcha-japonske-zelene-caje-moya\/premiovy-prasek-ze-zeleneho-caje-hojicha-100-organic-250g-moya\/"]}]},{"@type":"ImageObject","inLanguage":"en-US","@id":"https:\/\/matchamoya.cz\/en\/shop\/matcha-japonske-zelene-caje-moya\/premiovy-prasek-ze-zeleneho-caje-hojicha-100-organic-250g-moya\/#primaryimage","url":"https:\/\/matchamoya.cz\/wp-content\/uploads\/2022\/09\/premiovy_prasek_ze_zeleneho_caje_hojicha.jpg","contentUrl":"https:\/\/matchamoya.cz\/wp-content\/uploads\/2022\/09\/premiovy_prasek_ze_zeleneho_caje_hojicha.jpg","width":800,"height":800,"caption":"premiovy_prasek_organic_hojicha_japonsko"},{"@type":"BreadcrumbList","@id":"https:\/\/matchamoya.cz\/en\/shop\/matcha-japonske-zelene-caje-moya\/premiovy-prasek-ze-zeleneho-caje-hojicha-100-organic-250g-moya\/#breadcrumb","itemListElement":[{"@type":"ListItem","position":1,"name":"Dom\u016f","item":"https:\/\/matchamoya.cz\/"},{"@type":"ListItem","position":2,"name":"E-SHOP","item":"https:\/\/matchamoya.cz\/shop\/"},{"@type":"ListItem","position":3,"name":"Pr\u00e9miov\u00fd pr\u00e1\u0161ek ze zelen\u00e9ho \u010daje HOJICHA 100 % organic 250g &#8211; Moya"}]},{"@type":"WebSite","@id":"https:\/\/matchamoya.cz\/en\/#website","url":"https:\/\/matchamoya.cz\/en\/","name":"Matcha Moya","description":"Matcha Moya","publisher":{"@id":"https:\/\/matchamoya.cz\/en\/#organization"},"potentialAction":[{"@type":"SearchAction","target":{"@type":"EntryPoint","urlTemplate":"https:\/\/matchamoya.cz\/en\/?s={search_term_string}"},"query-input":{"@type":"PropertyValueSpecification","valueRequired":true,"valueName":"search_term_string"}}],"inLanguage":"en-US"},{"@type":"Organization","@id":"https:\/\/matchamoya.cz\/en\/#organization","name":"Moya Matcha","url":"https:\/\/matchamoya.cz\/en\/","logo":{"@type":"ImageObject","inLanguage":"en-US","@id":"https:\/\/matchamoya.cz\/en\/#\/schema\/logo\/image\/","url":"https:\/\/matchamoya.cz\/wp-content\/uploads\/2020\/03\/MOYA_Logo_Green-Black_02.png","contentUrl":"https:\/\/matchamoya.cz\/wp-content\/uploads\/2020\/03\/MOYA_Logo_Green-Black_02.png","width":313,"height":310,"caption":"Moya Matcha"},"image":{"@id":"https:\/\/matchamoya.cz\/en\/#\/schema\/logo\/image\/"}}]}},"_links":{"self":[{"href":"https:\/\/matchamoya.cz\/en\/wp-json\/wp\/v2\/product\/3035"}],"collection":[{"href":"https:\/\/matchamoya.cz\/en\/wp-json\/wp\/v2\/product"}],"about":[{"href":"https:\/\/matchamoya.cz\/en\/wp-json\/wp\/v2\/types\/product"}],"replies":[{"embeddable":true,"href":"https:\/\/matchamoya.cz\/en\/wp-json\/wp\/v2\/comments?post=3035"}],"wp:featuredmedia":[{"embeddable":true,"href":"https:\/\/matchamoya.cz\/en\/wp-json\/wp\/v2\/media\/1649"}],"wp:attachment":[{"href":"https:\/\/matchamoya.cz\/en\/wp-json\/wp\/v2\/media?parent=3035"}],"wp:term":[{"taxonomy":"product_cat","embeddable":true,"href":"https:\/\/matchamoya.cz\/en\/wp-json\/wp\/v2\/product_cat?post=3035"},{"taxonomy":"product_tag","embeddable":true,"href":"https:\/\/matchamoya.cz\/en\/wp-json\/wp\/v2\/product_tag?post=3035"}],"curies":[{"name":"wp","href":"https:\/\/api.w.org\/{rel}","templated":true}]}}