{"id":3276,"date":"2024-12-17T13:10:35","date_gmt":"2024-12-17T13:10:35","guid":{"rendered":"https:\/\/matchamoya.cz\/?post_type=product&#038;p=3276"},"modified":"2025-12-16T18:17:41","modified_gmt":"2025-12-16T18:17:41","slug":"originalni-darkovy-matcha-daily-set-s-metlickou-chasen-moya","status":"publish","type":"product","link":"https:\/\/matchamoya.cz\/en\/shop\/matcha-vyhodne-darkove-sety\/originalni-darkovy-matcha-daily-set-s-metlickou-chasen-moya\/","title":{"rendered":"Origin\u00e1ln\u00ed d\u00e1rkov\u00fd Matcha daily set s metli\u010dkou Chasen &#8211; Moya"},"content":{"rendered":"<h1>Origin\u00e1ln\u00ed d\u00e1rkov\u00fd Matcha daily set s metli\u010dkou Chasen &#8211; Moya<\/h1>\n<p>Origin\u00e1ln\u00ed d\u00e1rkov\u00fd Matcha Traditional set s metli\u010dkou Chasen &#8211; Moya je perfektn\u00ed matcha sada s origin\u00e1ln\u00edm japonskou ru\u010den\u011b vyr\u00e1b\u011bnou metli\u010dkou Chasen zna\u010dky Moya pro dokonal\u00e9 nap\u011bn\u011bn\u00ed va\u0161eho n\u00e1poje matcha a na\u0161\u00edm bestsellerem japonskou matchou Moya Traditional 30 g v p\u011bkn\u00e9 tub\u011b, stupn\u011b z prvn\u00ed a druh\u00e9 sklizn\u011b \u010dajov\u00fdch rostlin z biocertifikovan\u00fdch pol\u00ed z regionu UJI.<\/p>\n<p><strong>Origin\u00e1ln\u00ed d\u00e1rkov\u00fd Matcha Traditional set s metli\u010dkou Chasen &#8211; Moya obsahuje:<\/strong><\/p>\n<p><strong>1x <a href=\"https:\/\/matchamoya.cz\/shop\/matcha-japonske-zelene-caje-moya\/bio-moya-matcha-daily-30g-v-tube\/\">Japonsk\u00fd zelen\u00fd \u010daj matcha na ka\u017edodenn\u00ed pit\u00ed 30g v tub\u011b \u2013 Moya<\/a><\/strong><\/p>\n<p>Japonsk\u00fd vy\u0161\u0161\u00ed kvalitativn\u00ed stupe\u0148 Moya Matcha TRADITIONAL se z\u00edsk\u00e1v\u00e1 z 1. a 2. sklizn\u011b z \u010dajov\u00fdch rostlin, kter\u00e9 jsou speci\u00e1ln\u011b zast\u00edn\u011bn\u00e9 p\u0159ed p\u0159\u00edm\u00fdm slune\u010dn\u00edm z\u00e1\u0159en\u00edm. V\u00fdsledkem je vy\u0161\u0161\u00ed obsah chlorofylu a L-Theaninu a bohat\u0161\u00ed, zelen\u011bj\u0161\u00ed barva. \u010cerstv\u00e9 listy se potom seberou, su\u0161\u00ed a rozemelou na pr\u00e1\u0161ek. V\u00edce o produkci a p\u016fvodu Moya Matcha si m\u016f\u017eete p\u0159e\u010d\u00edst ve speci\u00e1ln\u00ed sekci na\u0161eho webu.<\/p>\n<p>Stupe\u0148 Moya Matcha TRADITIONAL m\u00e1 vyv\u00e1\u017eenou bohatou ho\u0159ko-sladkou chu\u0165, kr\u00e9movou texturu a malachitovou zelenou barvu. Jeho pln\u00e1 chu\u0165 je ide\u00e1ln\u00ed k pit\u00ed samostatn\u011b, ale tak\u00e9 lze p\u0159idat do kafe latte, smoothies a limon\u00e1d.<\/p>\n<p><strong>1x <a href=\"https:\/\/matchamoya.cz\/originalni-cajove-prislusenstvi\/chasen-tradicni-bambusova-metlicka-na-michani-matcha-caje\/\">CHASEN \u2013 Tradi\u010dn\u00ed bambusov\u00e1 metli\u010dka na m\u00edch\u00e1n\u00ed matcha \u010daje<\/a><\/strong><\/p>\n<p><strong>Tradi\u010dn\u00ed ru\u010dn\u011b vyr\u00e1b\u011bn\u00e1 japonsk\u00e1 bambusov\u00e1 metli\u010dka nebo \u201echasen\u201c<\/strong>\u00a0je nezbytn\u00fdm n\u00e1strojem japonsk\u00e9ho \u010dajov\u00e9ho ob\u0159adu matcha. Jemn\u00e9, ru\u010dn\u011b vyr\u00e1b\u011bn\u00e9 vl\u00e1kna jsou vy\u0159ez\u00e1v\u00e1ny v jedin\u00e9m kusu bambusu \u0159emesln\u00edky, jejich\u017e dovednosti jsou p\u0159ed\u00e1v\u00e1ny z generace na generaci. Skv\u011bl\u00fd n\u00e1stroj na m\u00edch\u00e1n\u00ed lahodn\u00e9ho n\u00e1poje matcha s kr\u00e9movou p\u011bnou pro maxim\u00e1ln\u00ed vychutn\u00e1n\u00ed matcha chuti.<\/p>\n<p><strong>MATERI\u00c1L:<\/strong>\u00a0lehk\u00e9 sv\u011btl\u00e9 bambusov\u00e9 sez\u00f3nn\u00ed d\u0159evo<br \/>\n<strong>VL\u00c1KNA:<\/strong>\u00a0100<br \/>\nNen\u00ed vhodn\u00e9 do my\u010dky.<\/p>\n<p>Po pou\u017eit\u00ed nejl\u00e9pe nechat uschnout na\u00a0<a href=\"https:\/\/matchamoya.cz\/originalni-cajove-prislusenstvi\/tradicni-drzak-na-bambusovou-metlicku-chasen-naoshi\/\"><strong>dr\u017e\u00e1ku metli\u010dky chasen NAOSHI<\/strong><\/a>\u00a0(prod\u00e1v\u00e1 se samostatn\u011b). Do plastov\u00e9 n\u00e1doby ani do jin\u00e9 uzav\u0159en\u00e9 n\u00e1doby nevkl\u00e1dejte mokr\u00e9.<\/p>\n<p><strong>Pod\u00edvejte se na video<\/strong>, jak Hitomi Saito, spoluzakladatel spole\u010dnosti Moya Matcha,\u00a0<strong><a href=\"https:\/\/matchamoya.cz\/jak-pripravit-matchu\/\">p\u0159ipravuje perfektn\u00ed matcha<\/a><\/strong>.<\/p>","protected":false},"excerpt":{"rendered":"<p><strong>Origin\u00e1ln\u00ed d\u00e1rkov\u00fd Matcha daily set s metli\u010dkou Chasen &#8211; Moya obsahuje:<\/strong><\/p>\n<p><strong>1x <a href=\"https:\/\/matchamoya.cz\/shop\/matcha-japonske-zelene-caje-moya\/bio-moya-matcha-daily-30g-v-tube\/\">Japonsk\u00fd zelen\u00fd \u010daj matcha na ka\u017edodenn\u00ed pit\u00ed 30g v tub\u011b \u2013 Moya<\/a><\/strong><\/p>\n<p><strong>1x <a href=\"https:\/\/matchamoya.cz\/originalni-cajove-prislusenstvi\/chasen-tradicni-bambusova-metlicka-na-michani-matcha-caje\/\">CHASEN \u2013 Tradi\u010dn\u00ed bambusov\u00e1 metli\u010dka na m\u00edch\u00e1n\u00ed matcha \u010daje<\/a><\/strong><\/p>\n<p><a href=\"https:\/\/matchamoya.cz\/produkce-a-puvod\/\"><img loading=\"lazy\" decoding=\"async\" class=\"alignnone wp-image-1234\" src=\"https:\/\/matchamoya.cz\/wp-content\/uploads\/2020\/04\/certifikat-bio-matcha-caj-moya-461x400.jpg\" alt=\"certifikat-bio-matcha-caj-moya\" width=\"150\" height=\"131\" srcset=\"https:\/\/matchamoya.cz\/wp-content\/uploads\/2020\/04\/certifikat-bio-matcha-caj-moya-461x400.jpg 461w, https:\/\/matchamoya.cz\/wp-content\/uploads\/2020\/04\/certifikat-bio-matcha-caj-moya-922x800.jpg 922w, https:\/\/matchamoya.cz\/wp-content\/uploads\/2020\/04\/certifikat-bio-matcha-caj-moya-768x666.jpg 768w, https:\/\/matchamoya.cz\/wp-content\/uploads\/2020\/04\/certifikat-bio-matcha-caj-moya-14x12.jpg 14w, https:\/\/matchamoya.cz\/wp-content\/uploads\/2020\/04\/certifikat-bio-matcha-caj-moya-600x521.jpg 600w, https:\/\/matchamoya.cz\/wp-content\/uploads\/2020\/04\/certifikat-bio-matcha-caj-moya.jpg 1180w\" sizes=\"(max-width: 150px) 100vw, 150px\" \/><\/a><img loading=\"lazy\" decoding=\"async\" class=\"alignnone wp-image-1050\" src=\"https:\/\/matchamoya.cz\/wp-content\/uploads\/2021\/03\/zeleny-caj-matcha-uji-region-japonsko-mapa-400x400.jpg\" alt=\"zeleny-caj-matcha-uji-region-japonsko-mapa\" width=\"130\" height=\"130\" srcset=\"https:\/\/matchamoya.cz\/wp-content\/uploads\/2021\/03\/zeleny-caj-matcha-uji-region-japonsko-mapa-400x400.jpg 400w, https:\/\/matchamoya.cz\/wp-content\/uploads\/2021\/03\/zeleny-caj-matcha-uji-region-japonsko-mapa-280x280.jpg 280w, https:\/\/matchamoya.cz\/wp-content\/uploads\/2021\/03\/zeleny-caj-matcha-uji-region-japonsko-mapa-768x768.jpg 768w, https:\/\/matchamoya.cz\/wp-content\/uploads\/2021\/03\/zeleny-caj-matcha-uji-region-japonsko-mapa-12x12.jpg 12w, https:\/\/matchamoya.cz\/wp-content\/uploads\/2021\/03\/zeleny-caj-matcha-uji-region-japonsko-mapa-300x300.jpg 300w, https:\/\/matchamoya.cz\/wp-content\/uploads\/2021\/03\/zeleny-caj-matcha-uji-region-japonsko-mapa-600x600.jpg 600w, https:\/\/matchamoya.cz\/wp-content\/uploads\/2021\/03\/zeleny-caj-matcha-uji-region-japonsko-mapa-100x100.jpg 100w, https:\/\/matchamoya.cz\/wp-content\/uploads\/2021\/03\/zeleny-caj-matcha-uji-region-japonsko-mapa.jpg 800w\" sizes=\"(max-width: 130px) 100vw, 130px\" \/><\/p>","protected":false},"featured_media":1039,"comment_status":"open","ping_status":"closed","template":"","meta":[],"product_cat":[72],"product_tag":[],"class_list":{"0":"post-3276","1":"product","2":"type-product","3":"status-publish","4":"has-post-thumbnail","6":"product_cat-matcha-vyhodne-darkove-sety","7":"product_shipping_class-dobra-dodani","9":"first","10":"instock","11":"featured","12":"taxable","13":"shipping-taxable","14":"purchasable","15":"product-type-simple"},"yoast_head":"<!-- This site is optimized with the Yoast SEO plugin v23.4 - https:\/\/yoast.com\/wordpress\/plugins\/seo\/ -->\n<title>Origin\u00e1ln\u00ed d\u00e1rkov\u00fd Matcha Daily set s metli\u010dkou Chasen | Matcha Moya<\/title>\n<meta name=\"description\" content=\"Origin\u00e1ln\u00ed d\u00e1rkov\u00fd Matcha Daily set s metli\u010dkou Chasen je perfektn\u00ed matcha sada s ru\u010den\u011b vyr\u00e1b\u011bnou metli\u010dkou Chasen zna\u010dky Moya.\" \/>\n<meta name=\"robots\" content=\"index, follow, max-snippet:-1, max-image-preview:large, max-video-preview:-1\" \/>\n<link rel=\"canonical\" href=\"https:\/\/matchamoya.cz\/en\/shop\/matcha-vyhodne-darkove-sety\/originalni-darkovy-matcha-daily-set-s-metlickou-chasen-moya\/\" \/>\n<meta property=\"og:locale\" content=\"en_US\" \/>\n<meta property=\"og:type\" content=\"article\" \/>\n<meta property=\"og:title\" content=\"Origin\u00e1ln\u00ed d\u00e1rkov\u00fd Matcha Daily set s metli\u010dkou Chasen | Matcha Moya\" \/>\n<meta property=\"og:description\" content=\"Origin\u00e1ln\u00ed d\u00e1rkov\u00fd Matcha Daily set s metli\u010dkou Chasen je perfektn\u00ed matcha sada s ru\u010den\u011b vyr\u00e1b\u011bnou metli\u010dkou Chasen zna\u010dky Moya.\" \/>\n<meta property=\"og:url\" content=\"https:\/\/matchamoya.cz\/en\/shop\/matcha-vyhodne-darkove-sety\/originalni-darkovy-matcha-daily-set-s-metlickou-chasen-moya\/\" \/>\n<meta property=\"og:site_name\" content=\"Matcha Moya\" \/>\n<meta property=\"article:modified_time\" content=\"2025-12-16T18:17:41+00:00\" \/>\n<meta property=\"og:image\" content=\"https:\/\/matchamoya.cz\/wp-content\/uploads\/2021\/02\/originalni-darkovy-matcha-traditional-set-s-metlickou-chasen-moya-1.jpg\" \/>\n\t<meta property=\"og:image:width\" content=\"800\" \/>\n\t<meta property=\"og:image:height\" content=\"800\" \/>\n\t<meta property=\"og:image:type\" content=\"image\/jpeg\" \/>\n<meta name=\"twitter:card\" content=\"summary_large_image\" \/>\n<meta name=\"twitter:label1\" content=\"Est. reading time\" \/>\n\t<meta name=\"twitter:data1\" content=\"2 minutes\" \/>\n<!-- \/ Yoast SEO plugin. -->","yoast_head_json":{"title":"Origin\u00e1ln\u00ed d\u00e1rkov\u00fd Matcha Daily set s metli\u010dkou Chasen | Matcha Moya","description":"Origin\u00e1ln\u00ed d\u00e1rkov\u00fd Matcha Daily set s metli\u010dkou Chasen je perfektn\u00ed matcha sada s ru\u010den\u011b vyr\u00e1b\u011bnou metli\u010dkou Chasen zna\u010dky Moya.","robots":{"index":"index","follow":"follow","max-snippet":"max-snippet:-1","max-image-preview":"max-image-preview:large","max-video-preview":"max-video-preview:-1"},"canonical":"https:\/\/matchamoya.cz\/en\/shop\/matcha-vyhodne-darkove-sety\/originalni-darkovy-matcha-daily-set-s-metlickou-chasen-moya\/","og_locale":"en_US","og_type":"article","og_title":"Origin\u00e1ln\u00ed d\u00e1rkov\u00fd Matcha Daily set s metli\u010dkou Chasen | Matcha Moya","og_description":"Origin\u00e1ln\u00ed d\u00e1rkov\u00fd Matcha Daily set s metli\u010dkou Chasen je perfektn\u00ed matcha sada s ru\u010den\u011b vyr\u00e1b\u011bnou metli\u010dkou Chasen zna\u010dky Moya.","og_url":"https:\/\/matchamoya.cz\/en\/shop\/matcha-vyhodne-darkove-sety\/originalni-darkovy-matcha-daily-set-s-metlickou-chasen-moya\/","og_site_name":"Matcha Moya","article_modified_time":"2025-12-16T18:17:41+00:00","og_image":[{"width":800,"height":800,"url":"https:\/\/matchamoya.cz\/wp-content\/uploads\/2021\/02\/originalni-darkovy-matcha-traditional-set-s-metlickou-chasen-moya-1.jpg","type":"image\/jpeg"}],"twitter_card":"summary_large_image","twitter_misc":{"Est. reading time":"2 minutes"},"schema":{"@context":"https:\/\/schema.org","@graph":[{"@type":"WebPage","@id":"https:\/\/matchamoya.cz\/en\/shop\/matcha-vyhodne-darkove-sety\/originalni-darkovy-matcha-daily-set-s-metlickou-chasen-moya\/","url":"https:\/\/matchamoya.cz\/en\/shop\/matcha-vyhodne-darkove-sety\/originalni-darkovy-matcha-daily-set-s-metlickou-chasen-moya\/","name":"Origin\u00e1ln\u00ed d\u00e1rkov\u00fd Matcha Daily set s metli\u010dkou Chasen | Matcha Moya","isPartOf":{"@id":"https:\/\/matchamoya.cz\/en\/#website"},"primaryImageOfPage":{"@id":"https:\/\/matchamoya.cz\/en\/shop\/matcha-vyhodne-darkove-sety\/originalni-darkovy-matcha-daily-set-s-metlickou-chasen-moya\/#primaryimage"},"image":{"@id":"https:\/\/matchamoya.cz\/en\/shop\/matcha-vyhodne-darkove-sety\/originalni-darkovy-matcha-daily-set-s-metlickou-chasen-moya\/#primaryimage"},"thumbnailUrl":"https:\/\/matchamoya.cz\/wp-content\/uploads\/2021\/02\/originalni-darkovy-matcha-traditional-set-s-metlickou-chasen-moya-1.jpg","datePublished":"2024-12-17T13:10:35+00:00","dateModified":"2025-12-16T18:17:41+00:00","description":"Origin\u00e1ln\u00ed d\u00e1rkov\u00fd Matcha Daily set s metli\u010dkou Chasen je perfektn\u00ed matcha sada s ru\u010den\u011b vyr\u00e1b\u011bnou metli\u010dkou Chasen zna\u010dky Moya.","breadcrumb":{"@id":"https:\/\/matchamoya.cz\/en\/shop\/matcha-vyhodne-darkove-sety\/originalni-darkovy-matcha-daily-set-s-metlickou-chasen-moya\/#breadcrumb"},"inLanguage":"en-US","potentialAction":[{"@type":"ReadAction","target":["https:\/\/matchamoya.cz\/en\/shop\/matcha-vyhodne-darkove-sety\/originalni-darkovy-matcha-daily-set-s-metlickou-chasen-moya\/"]}]},{"@type":"ImageObject","inLanguage":"en-US","@id":"https:\/\/matchamoya.cz\/en\/shop\/matcha-vyhodne-darkove-sety\/originalni-darkovy-matcha-daily-set-s-metlickou-chasen-moya\/#primaryimage","url":"https:\/\/matchamoya.cz\/wp-content\/uploads\/2021\/02\/originalni-darkovy-matcha-traditional-set-s-metlickou-chasen-moya-1.jpg","contentUrl":"https:\/\/matchamoya.cz\/wp-content\/uploads\/2021\/02\/originalni-darkovy-matcha-traditional-set-s-metlickou-chasen-moya-1.jpg","width":800,"height":800,"caption":"originalni-darkovy-matcha-traditional-set-s-metlickou-chasen-moya-1"},{"@type":"BreadcrumbList","@id":"https:\/\/matchamoya.cz\/en\/shop\/matcha-vyhodne-darkove-sety\/originalni-darkovy-matcha-daily-set-s-metlickou-chasen-moya\/#breadcrumb","itemListElement":[{"@type":"ListItem","position":1,"name":"Dom\u016f","item":"https:\/\/matchamoya.cz\/"},{"@type":"ListItem","position":2,"name":"E-SHOP","item":"https:\/\/matchamoya.cz\/shop\/"},{"@type":"ListItem","position":3,"name":"Origin\u00e1ln\u00ed d\u00e1rkov\u00fd Matcha daily set s metli\u010dkou Chasen &#8211; Moya"}]},{"@type":"WebSite","@id":"https:\/\/matchamoya.cz\/en\/#website","url":"https:\/\/matchamoya.cz\/en\/","name":"Matcha Moya","description":"Matcha Moya","publisher":{"@id":"https:\/\/matchamoya.cz\/en\/#organization"},"potentialAction":[{"@type":"SearchAction","target":{"@type":"EntryPoint","urlTemplate":"https:\/\/matchamoya.cz\/en\/?s={search_term_string}"},"query-input":{"@type":"PropertyValueSpecification","valueRequired":true,"valueName":"search_term_string"}}],"inLanguage":"en-US"},{"@type":"Organization","@id":"https:\/\/matchamoya.cz\/en\/#organization","name":"Moya Matcha","url":"https:\/\/matchamoya.cz\/en\/","logo":{"@type":"ImageObject","inLanguage":"en-US","@id":"https:\/\/matchamoya.cz\/en\/#\/schema\/logo\/image\/","url":"https:\/\/matchamoya.cz\/wp-content\/uploads\/2020\/03\/MOYA_Logo_Green-Black_02.png","contentUrl":"https:\/\/matchamoya.cz\/wp-content\/uploads\/2020\/03\/MOYA_Logo_Green-Black_02.png","width":313,"height":310,"caption":"Moya Matcha"},"image":{"@id":"https:\/\/matchamoya.cz\/en\/#\/schema\/logo\/image\/"}}]}},"_links":{"self":[{"href":"https:\/\/matchamoya.cz\/en\/wp-json\/wp\/v2\/product\/3276"}],"collection":[{"href":"https:\/\/matchamoya.cz\/en\/wp-json\/wp\/v2\/product"}],"about":[{"href":"https:\/\/matchamoya.cz\/en\/wp-json\/wp\/v2\/types\/product"}],"replies":[{"embeddable":true,"href":"https:\/\/matchamoya.cz\/en\/wp-json\/wp\/v2\/comments?post=3276"}],"wp:featuredmedia":[{"embeddable":true,"href":"https:\/\/matchamoya.cz\/en\/wp-json\/wp\/v2\/media\/1039"}],"wp:attachment":[{"href":"https:\/\/matchamoya.cz\/en\/wp-json\/wp\/v2\/media?parent=3276"}],"wp:term":[{"taxonomy":"product_cat","embeddable":true,"href":"https:\/\/matchamoya.cz\/en\/wp-json\/wp\/v2\/product_cat?post=3276"},{"taxonomy":"product_tag","embeddable":true,"href":"https:\/\/matchamoya.cz\/en\/wp-json\/wp\/v2\/product_tag?post=3276"}],"curies":[{"name":"wp","href":"https:\/\/api.w.org\/{rel}","templated":true}]}}