{"id":365,"date":"2020-04-22T16:46:16","date_gmt":"2020-04-22T16:46:16","guid":{"rendered":"http:\/\/matchamoya.cz\/?post_type=product&#038;p=365"},"modified":"2026-04-14T11:37:24","modified_gmt":"2026-04-14T11:37:24","slug":"tradicni-japonska-bio-matcha-s-jemnou-chuti-50-100-250g-moya","status":"publish","type":"product","link":"https:\/\/matchamoya.cz\/en\/shop\/matcha-japonske-zelene-caje-moya\/tradicni-japonska-bio-matcha-s-jemnou-chuti-50-100-250g-moya\/","title":{"rendered":"Tradi\u010dn\u00ed japonsk\u00e1 BIO matcha s jemnou chut\u00ed 50, 100, 250g &#8211; Moya"},"content":{"rendered":"<h1>Tradi\u010dn\u00ed japonsk\u00e1 BIO matcha s jemnou chut\u00ed 50, 100, 250g &#8211; Moya<\/h1>\n<h3>V\u00fdhodn\u00e9 balen\u00ed 50g, 100g a 250g v PP zipov\u00e9m uzav\u00edrateln\u00e9m s\u00e1\u010dku<\/h3>\n<p><strong>Vy\u0161\u0161\u00ed kvalitativn\u00ed stupe\u0148 Moya Matcha TRADITIONAL<\/strong> se z\u00edsk\u00e1v\u00e1 z 1. a 2. sklizn\u011b z \u010dajov\u00fdch rostlin, kter\u00e9 jsou speci\u00e1ln\u011b zast\u00edn\u011bn\u00e9 p\u0159ed p\u0159\u00edm\u00fdm slune\u010dn\u00edm z\u00e1\u0159en\u00edm. V\u00fdsledkem je vy\u0161\u0161\u00ed obsah chlorofylu a L-Theaninu a bohat\u0161\u00ed, zelen\u011bj\u0161\u00ed barva. \u010cerstv\u00e9 listy se potom seberou, su\u0161\u00ed a rozemelou na pr\u00e1\u0161ek. <span style=\"font-size: 14.4px;\">V\u00edce o <\/span><a style=\"font-size: 14.4px;\" href=\"https:\/\/matchamoya.cz\/produkce-a-puvod\/\"><strong>produkci a p\u016fvodu Moya Matcha<\/strong><\/a><span style=\"font-size: 14.4px;\"> si m\u016f\u017eete p\u0159e\u010d\u00edst ve speci\u00e1ln\u00ed sekci na\u0161eho webu.<\/span><\/p>\n<p>Stupe\u0148<a href=\"https:\/\/matchamoya.cz\/moya-matcha-stupne-kvality\/\"><strong> Moya Matcha TRADITIONAL<\/strong><\/a> \u00a0m\u00e1 vyv\u00e1\u017eenou bohatou ho\u0159ko-sladkou chu\u0165, kr\u00e9movou texturu a malachitovou zelenou barvu. Jeho pln\u00e1 chu\u0165 je ide\u00e1ln\u00ed k pit\u00ed samostatn\u011b, ale tak\u00e9 lze p\u0159idat do kafe latte, smoothies a limon\u00e1d.<\/p>\n<p>Kvalitn\u00ed \u010daj BIO Moya Matcha je pe\u010dliv\u011b p\u011bstov\u00e1na na mal\u00fdch, rodinn\u00fdch biocertifikovan\u00fdch pol\u00edch v japonsk\u00e9m Uji, regionu zn\u00e1m\u00e9m pro nejvy\u0161\u0161\u00ed kvalitu zelen\u00e9ho \u010daje matcha d\u00edky sv\u00e9mu jedine\u010dn\u00e9mu mikroklimatu. Ka\u017ed\u00e1 \u0161ar\u017ee na\u0161eho organick\u00e9ho matcha je pe\u010dliv\u011b kontrolov\u00e1na na mo\u017en\u00e9 chemick\u00e9 zbytky a jeho kvalita je potvrzena p\u0159\u00edsn\u00fdmi japonsk\u00fdmi standardy a ekologickou certifikac\u00ed. Moya Matcha se pak zpracov\u00e1v\u00e1 lok\u00e1ln\u011b, hermeticky zabal\u00ed a expeduje v mal\u00fdch d\u00e1vk\u00e1ch, aby se zajistila maxim\u00e1ln\u00ed \u010derstvost.<\/p>\n<h1>N\u00e1vod k p\u0159\u00edprav\u011b Moya Matcha Traditional:<\/h1>\n<p>P\u0159\u00edprava \u010daje matcha nen\u00ed \u010dasov\u011b n\u00e1ro\u010dn\u00e1, a nevy\u017eaduje \u017e\u00e1dn\u00e9 zvl\u00e1\u0161tn\u00ed dovednosti. Je to jemn\u00fd pr\u00e1\u0161ek, kter\u00fd se sm\u00edch\u00e1 s\u00a0vodou. K tomuto \u00fa\u010delu m\u016f\u017eete pou\u017e\u00edt jak tradi\u010dn\u00ed \u0161leh\u00e1n\u00ed bam<span style=\"font-size: 14.4px;\">busovou metli\u010dkou (chasen), tak klasickou metli\u010dkou \u010di elektrick\u00fd nap\u011b\u0148ova\u010d ml\u00e9ka.<\/span><\/p>\n<p><span style=\"font-size: 14.4px; color: #555555;\"><strong>Tradi\u010dn\u00ed zp\u016fsob p\u0159\u00edpravy \u010daje matcha<\/strong> poch\u00e1z\u00ed z japonsk\u00e9ho \u010dajov\u00e9ho ob\u0159adu (chanoy<\/span><span style=\"font-size: 14.4px; color: #555555;\">u). K p\u0159\u00edprav\u011b n\u00e1poje pot\u0159ebujeme misku (<\/span><strong><a style=\"font-size: 14.4px;\" href=\"https:\/\/matchamoya.cz\/originalni-cajove-prislusenstvi\/\">chawan<\/a><\/strong><span style=\"font-size: 14.4px; color: #555555;\">), bambusovou <\/span><span style=\"font-size: 14.4px; color: #555555;\">metli\u010dku (<\/span><strong><a style=\"font-size: 14.4px;\" href=\"https:\/\/matchamoya.cz\/originalni-cajove-prislusenstvi\/\">chasen<\/a><\/strong><span style=\"font-size: 14.4px; color: #555555;\">) a bamb<\/span><span style=\"font-size: 14.4px; color: #555555;\">usovou lopatku (<\/span><strong><a style=\"font-size: 14.4px;\" href=\"https:\/\/matchamoya.cz\/originalni-cajove-prislusenstvi\/\">chashaku<\/a><\/strong><span style=\"font-size: 14.4px; color: #555555;\">). <\/span>Do misky vlo\u017ete l\u017ei\u010dku matchy traditional (1,5 g) bambusovou lopatkou (chashaku), zalijte 100 ml hork\u00e9 vody (80 \u00b0 C) a rozm\u00edchejte bambusovou metli\u010dkou (chasen), a\u017e se vytvo\u0159\u00ed hust\u00e1 zelen\u00e1 p\u011bna. Dolejte n\u00e1poj vodou na 200 &#8211; 250 ml. Stejn\u011b jako u k\u00e1vy, n\u011bkte\u0159\u00ed lid\u00e9 r\u00e1di pij\u00ed siln\u00e9 matcha espresso, jin\u00ed d\u00e1vaj\u00ed p\u0159ednost p\u0159id\u00e1n\u00ed v\u00edce vody a na\u0159ed\u011bn\u00ed. Matchu m\u016f\u017eete tak\u00e9 sm\u00edchat s d\u017eusem nebo ml\u00e9kem. Konzumujte.<\/p>\n<p><span style=\"font-size: 14.4px;\"><strong>N\u00e1poj lze p\u0159ipravit a konzumovat za studena<\/strong>, aby byl velmi osv\u011b\u017euj\u00edc\u00ed. Vysypejte s\u00e1\u010dek 1,5 g matcha do lahve se studenou vodou a prom\u00edchejte. Konzumujte.<\/span><\/p>\n<p>Matcha n\u00e1poj si m\u016f\u017eete p\u0159ipravit neuv\u011b\u0159iteln\u011b rychle v<strong>\u00a0<\/strong><a href=\"https:\/\/matchamoya.cz\/originalni-cajove-prislusenstvi\/originalni-skleneny-sejkr-pro-snadnou-pripravu-matcha-caje-moya\/\"><strong>Moya Matcha sklen\u011bn\u00e9m \u0161ejkru<\/strong><\/a> nebo v b\u011b\u017en\u00e9 l\u00e1hvi: sta\u010d\u00ed p\u0159idat matchu 1,5 g do vybran\u00e9 tekutiny (voda, d\u017eus nebo ml\u00e9ko), prot\u0159epat a j\u00edt!<\/p>\n<p><strong>Video<\/strong> od spoluzakladatelky zna\u010dky\u00a0<span style=\"font-size: 14.4px;\">Moya Hitomi Saito, <\/span><strong style=\"font-size: 14.4px;\"><a href=\"https:\/\/matchamoya.cz\/jak-pripravit-matchu\/\">jak si p\u0159ipravit spr\u00e1vn\u011b matchu<\/a><\/strong><span style=\"font-size: 14.4px;\">, m\u016f\u017eete naj\u00edt ve speci\u00e1ln\u00ed sekci na\u0161eho webu.<\/span><\/p>\n<p>Moya Matcha Traditional je k dost\u00e1n\u00ed tak\u00e9 v balen\u00ed <strong><a href=\"https:\/\/matchamoya.cz\/akce\/bio-moya-matcha-traditional-to-go-7-x-15g-sacek\/\">To Go! 7&#215;1,5g<\/a><\/strong>, <strong><a href=\"https:\/\/matchamoya.cz\/akce\/bio-moya-matcha-to-go-24-x-15g-sacek\/\">To Go! 24&#215;1,5g<\/a>, <a href=\"https:\/\/matchamoya.cz\/matcha-caje-moya\/moya-matcha-traditional-30g-v-tube\/\">30g Tuba<\/a>, <\/strong><strong><a href=\"https:\/\/matchamoya.cz\/matcha-japonske-zelene-caje-moya\/tradicni-japonska-bio-matcha-s-jemnou-chuti-50-100-250g-moya\/\">50g<\/a><\/strong>, <strong><a href=\"https:\/\/matchamoya.cz\/matcha-japonske-zelene-caje-moya\/tradicni-japonska-bio-matcha-s-jemnou-chuti-50-100-250g-moya\/\">100g<\/a><\/strong> a <strong><a href=\"https:\/\/matchamoya.cz\/matcha-japonske-zelene-caje-moya\/tradicni-japonska-bio-matcha-s-jemnou-chuti-50-100-250g-moya\/\">250g<\/a><\/strong>.<\/p>\n<p><strong>ZEM\u011a P\u016eVODU:<\/strong> Region Uji, Prefektura Kyoto, Japonsko<br \/>\n<strong>CHU\u0164:<\/strong> vyv\u00e1\u017een\u00e1 s n\u00e1znakem ho\u0159kosti<br \/>\n<strong>DOPORU\u010cUJEME PRO:<\/strong> ceremoni\u00e1l matcha; mix s teplou, studenou vodou; matcha latte; matcha limon\u00e1da; matcha koktejly<br \/>\n<strong>SLO\u017dEN\u00cd:<\/strong> 100% organick\u00fd japonsk\u00fd zelen\u00fd \u010daj matcha z 1. a 2. sklizn\u011b<\/p>\n\n  \n    <div class=\"row large-columns-4 medium-columns- small-columns-2\">\n          <div class=\"gallery-col col\" >\n          <div class=\"col-inner\">\n            <a class=\"image-lightbox lightbox-gallery\" href=\"https:\/\/matchamoya.cz\/wp-content\/uploads\/2020\/12\/Traditional-3-1.png\" title=\"\">            <div class=\"box has-hover gallery-box box-overlay dark\">\n              <div class=\"box-image\" >\n                <img loading=\"lazy\" decoding=\"async\" width=\"400\" height=\"400\" src=\"https:\/\/matchamoya.cz\/wp-content\/uploads\/2020\/12\/Traditional-3-1-400x400.png\" class=\"attachment-medium size-medium\" alt=\"matcha-moya-tradicni-sklizen-bio-chaschaku-lzice\" ids=\"946,947\" srcset=\"https:\/\/matchamoya.cz\/wp-content\/uploads\/2020\/12\/Traditional-3-1-400x400.png 400w, https:\/\/matchamoya.cz\/wp-content\/uploads\/2020\/12\/Traditional-3-1-280x280.png 280w, https:\/\/matchamoya.cz\/wp-content\/uploads\/2020\/12\/Traditional-3-1-300x300.png 300w, https:\/\/matchamoya.cz\/wp-content\/uploads\/2020\/12\/Traditional-3-1-100x100.png 100w, https:\/\/matchamoya.cz\/wp-content\/uploads\/2020\/12\/Traditional-3-1.png 513w\" sizes=\"(max-width: 400px) 100vw, 400px\" \/>                                  <div class=\"overlay fill\"\n                      style=\"background-color: rgba(0,0,0,.15)\">\n                  <\/div>\n                                                              <\/div><!-- .image -->\n              <div class=\"box-text text-left\" >\n                 <p><\/p>\n              <\/div><!-- .text -->\n            <\/div><!-- .box -->\n            <\/a>          <\/div><!-- .col-inner -->\n         <\/div><!-- .col -->\n                 <div class=\"gallery-col col\" >\n          <div class=\"col-inner\">\n            <a class=\"image-lightbox lightbox-gallery\" href=\"https:\/\/matchamoya.cz\/wp-content\/uploads\/2020\/12\/Traditional-matcha-n\u00e1poj.jpg\" title=\"\">            <div class=\"box has-hover gallery-box box-overlay dark\">\n              <div class=\"box-image\" >\n                <img loading=\"lazy\" decoding=\"async\" width=\"400\" height=\"400\" src=\"https:\/\/matchamoya.cz\/wp-content\/uploads\/2020\/12\/Traditional-matcha-n\u00e1poj-400x400.jpg\" class=\"attachment-medium size-medium\" alt=\"matcha-moya-tradicni-sklizen-napoj-chawan\" ids=\"946,947\" srcset=\"https:\/\/matchamoya.cz\/wp-content\/uploads\/2020\/12\/Traditional-matcha-n\u00e1poj-400x400.jpg 400w, https:\/\/matchamoya.cz\/wp-content\/uploads\/2020\/12\/Traditional-matcha-n\u00e1poj-280x280.jpg 280w, https:\/\/matchamoya.cz\/wp-content\/uploads\/2020\/12\/Traditional-matcha-n\u00e1poj-300x300.jpg 300w, https:\/\/matchamoya.cz\/wp-content\/uploads\/2020\/12\/Traditional-matcha-n\u00e1poj-100x100.jpg 100w, https:\/\/matchamoya.cz\/wp-content\/uploads\/2020\/12\/Traditional-matcha-n\u00e1poj.jpg 513w\" sizes=\"(max-width: 400px) 100vw, 400px\" \/>                                  <div class=\"overlay fill\"\n                      style=\"background-color: rgba(0,0,0,.15)\">\n                  <\/div>\n                                                              <\/div><!-- .image -->\n              <div class=\"box-text text-left\" >\n                 <p><\/p>\n              <\/div><!-- .text -->\n            <\/div><!-- .box -->\n            <\/a>          <\/div><!-- .col-inner -->\n         <\/div><!-- .col -->\n         <\/div>","protected":false},"excerpt":{"rendered":"<p><strong>Vy\u0161\u0161\u00ed kvalitativn\u00ed stupe\u0148 Moya Matcha TRADITIONAL<\/strong> se z\u00edsk\u00e1v\u00e1 z 1. a 2. sklizn\u011b z \u010dajov\u00fdch rostlin, kter\u00e9 jsou speci\u00e1ln\u011b zast\u00edn\u011bn\u00e9 p\u0159ed p\u0159\u00edm\u00fdm slune\u010dn\u00edm z\u00e1\u0159en\u00edm. V\u00fdsledkem je vy\u0161\u0161\u00ed obsah chlorofylu a L-Theaninu a bohat\u0161\u00ed, zelen\u011bj\u0161\u00ed barva. \u010cerstv\u00e9 listy se potom seberou, su\u0161\u00ed a rozemelou na pr\u00e1\u0161ek. <span style=\"font-size: 14.4px;\">V\u00edce o <\/span><a style=\"font-size: 14.4px;\" href=\"https:\/\/matchamoya.cz\/produkce-a-puvod\/\"><strong>produkci a p\u016fvodu Moya Matcha<\/strong><\/a><span style=\"font-size: 14.4px;\"> si m\u016f\u017eete p\u0159e\u010d\u00edst ve speci\u00e1ln\u00ed sekci na\u0161eho webu.<\/span><\/p>\n<p>Stupe\u0148<a href=\"https:\/\/matchamoya.cz\/moya-matcha-stupne-kvality\/\"><strong> Moya Matcha TRADITIONAL<\/strong><\/a> m\u00e1 vyv\u00e1\u017eenou bohatou ho\u0159ko-sladkou chu\u0165, kr\u00e9movou texturu a malachitovou zelenou barvu. Jeho pln\u00e1 chu\u0165 je ide\u00e1ln\u00ed k pit\u00ed samostatn\u011b, ale tak\u00e9 lze p\u0159idat do kafe latte, smoothies a limon\u00e1d.<\/p>\n<p><strong>ZEM\u011a P\u016eVODU:<\/strong> Region Uji, Prefektura Kyoto, Japonsko<br \/>\n<strong>CHU\u0164:<\/strong> vyv\u00e1\u017een\u00e1 s n\u00e1znakem ho\u0159kosti<br \/>\n<strong>DOPORU\u010cUJEME PRO:<\/strong> ceremoni\u00e1l matcha; mix s teplou, studenou vodou; matcha latte; matcha limon\u00e1da; matcha koktejly<br \/>\n<strong>SLO\u017dEN\u00cd:<\/strong> 100% organick\u00fd japonsk\u00fd zelen\u00fd \u010daj matcha z 1. a 2. sklizn\u011b<\/p>\n<p><a href=\"https:\/\/matchamoya.cz\/produkce-a-puvod\/\"><img loading=\"lazy\" decoding=\"async\" class=\"alignnone wp-image-1234\" src=\"https:\/\/matchamoya.cz\/wp-content\/uploads\/2020\/04\/certifikat-bio-matcha-caj-moya-461x400.jpg\" alt=\"certifikat-bio-matcha-caj-moya\" width=\"150\" height=\"130\" srcset=\"https:\/\/matchamoya.cz\/wp-content\/uploads\/2020\/04\/certifikat-bio-matcha-caj-moya-461x400.jpg 461w, https:\/\/matchamoya.cz\/wp-content\/uploads\/2020\/04\/certifikat-bio-matcha-caj-moya-922x800.jpg 922w, https:\/\/matchamoya.cz\/wp-content\/uploads\/2020\/04\/certifikat-bio-matcha-caj-moya-768x666.jpg 768w, https:\/\/matchamoya.cz\/wp-content\/uploads\/2020\/04\/certifikat-bio-matcha-caj-moya-14x12.jpg 14w, https:\/\/matchamoya.cz\/wp-content\/uploads\/2020\/04\/certifikat-bio-matcha-caj-moya-600x521.jpg 600w, https:\/\/matchamoya.cz\/wp-content\/uploads\/2020\/04\/certifikat-bio-matcha-caj-moya.jpg 1180w\" sizes=\"(max-width: 150px) 100vw, 150px\" \/><img loading=\"lazy\" decoding=\"async\" class=\"alignnone wp-image-1050\" src=\"https:\/\/matchamoya.cz\/wp-content\/uploads\/2021\/03\/zeleny-caj-matcha-uji-region-japonsko-mapa-400x400.jpg\" alt=\"zeleny-caj-matcha-uji-region-japonsko-mapa\" width=\"140\" height=\"140\" srcset=\"https:\/\/matchamoya.cz\/wp-content\/uploads\/2021\/03\/zeleny-caj-matcha-uji-region-japonsko-mapa-400x400.jpg 400w, https:\/\/matchamoya.cz\/wp-content\/uploads\/2021\/03\/zeleny-caj-matcha-uji-region-japonsko-mapa-280x280.jpg 280w, https:\/\/matchamoya.cz\/wp-content\/uploads\/2021\/03\/zeleny-caj-matcha-uji-region-japonsko-mapa-768x768.jpg 768w, https:\/\/matchamoya.cz\/wp-content\/uploads\/2021\/03\/zeleny-caj-matcha-uji-region-japonsko-mapa-12x12.jpg 12w, https:\/\/matchamoya.cz\/wp-content\/uploads\/2021\/03\/zeleny-caj-matcha-uji-region-japonsko-mapa-300x300.jpg 300w, https:\/\/matchamoya.cz\/wp-content\/uploads\/2021\/03\/zeleny-caj-matcha-uji-region-japonsko-mapa-600x600.jpg 600w, https:\/\/matchamoya.cz\/wp-content\/uploads\/2021\/03\/zeleny-caj-matcha-uji-region-japonsko-mapa-100x100.jpg 100w, https:\/\/matchamoya.cz\/wp-content\/uploads\/2021\/03\/zeleny-caj-matcha-uji-region-japonsko-mapa.jpg 800w\" sizes=\"(max-width: 140px) 100vw, 140px\" \/><\/a><\/p>","protected":false},"featured_media":366,"comment_status":"open","ping_status":"closed","template":"","meta":[],"product_cat":[68],"product_tag":[],"class_list":{"0":"post-365","1":"product","2":"type-product","3":"status-publish","4":"has-post-thumbnail","6":"product_cat-matcha-japonske-zelene-caje-moya","7":"product_shipping_class-dobra-dodani","9":"first","10":"instock","11":"featured","12":"taxable","13":"shipping-taxable","14":"purchasable","15":"product-type-variable","16":"has-default-attributes"},"yoast_head":"<!-- This site is optimized with the Yoast SEO plugin v23.4 - https:\/\/yoast.com\/wordpress\/plugins\/seo\/ -->\n<title>Tradi\u010dn\u00ed japonsk\u00e1 bio matcha s jemnou chut\u00ed 50, 100, 250g | Matcha Moya<\/title>\n<meta name=\"description\" content=\"Tradi\u010dn\u00ed japonsk\u00e1 BIO matcha z 1. a 2. sklizn\u011b m\u00e1 vyv\u00e1\u017eenou bohatou ho\u0159ko-sladkou jemnou chu\u0165, kr\u00e9movou texturu a malachitovou zelenou barvu.\" \/>\n<meta name=\"robots\" content=\"index, follow, max-snippet:-1, max-image-preview:large, max-video-preview:-1\" \/>\n<link rel=\"canonical\" href=\"https:\/\/matchamoya.cz\/en\/shop\/matcha-japonske-zelene-caje-moya\/tradicni-japonska-bio-matcha-s-jemnou-chuti-50-100-250g-moya\/\" \/>\n<meta property=\"og:locale\" content=\"en_US\" \/>\n<meta property=\"og:type\" content=\"article\" \/>\n<meta property=\"og:title\" content=\"Tradi\u010dn\u00ed japonsk\u00e1 bio matcha s jemnou chut\u00ed 50, 100, 250g | Matcha Moya\" \/>\n<meta property=\"og:description\" content=\"Tradi\u010dn\u00ed japonsk\u00e1 BIO matcha z 1. a 2. sklizn\u011b m\u00e1 vyv\u00e1\u017eenou bohatou ho\u0159ko-sladkou jemnou chu\u0165, kr\u00e9movou texturu a malachitovou zelenou barvu.\" \/>\n<meta property=\"og:url\" content=\"https:\/\/matchamoya.cz\/en\/shop\/matcha-japonske-zelene-caje-moya\/tradicni-japonska-bio-matcha-s-jemnou-chuti-50-100-250g-moya\/\" \/>\n<meta property=\"og:site_name\" content=\"Matcha Moya\" \/>\n<meta property=\"article:modified_time\" content=\"2026-04-14T11:37:24+00:00\" \/>\n<meta property=\"og:image\" content=\"https:\/\/matchamoya.cz\/wp-content\/uploads\/2020\/03\/Tradycyjna-100g.jpg\" \/>\n\t<meta property=\"og:image:width\" content=\"667\" \/>\n\t<meta property=\"og:image:height\" content=\"1000\" \/>\n\t<meta property=\"og:image:type\" content=\"image\/jpeg\" \/>\n<meta name=\"twitter:card\" content=\"summary_large_image\" \/>\n<meta name=\"twitter:label1\" content=\"Est. reading time\" \/>\n\t<meta name=\"twitter:data1\" content=\"2 minutes\" \/>\n<!-- \/ Yoast SEO plugin. -->","yoast_head_json":{"title":"Tradi\u010dn\u00ed japonsk\u00e1 bio matcha s jemnou chut\u00ed 50, 100, 250g | Matcha Moya","description":"Tradi\u010dn\u00ed japonsk\u00e1 BIO matcha z 1. a 2. sklizn\u011b m\u00e1 vyv\u00e1\u017eenou bohatou ho\u0159ko-sladkou jemnou chu\u0165, kr\u00e9movou texturu a malachitovou zelenou barvu.","robots":{"index":"index","follow":"follow","max-snippet":"max-snippet:-1","max-image-preview":"max-image-preview:large","max-video-preview":"max-video-preview:-1"},"canonical":"https:\/\/matchamoya.cz\/en\/shop\/matcha-japonske-zelene-caje-moya\/tradicni-japonska-bio-matcha-s-jemnou-chuti-50-100-250g-moya\/","og_locale":"en_US","og_type":"article","og_title":"Tradi\u010dn\u00ed japonsk\u00e1 bio matcha s jemnou chut\u00ed 50, 100, 250g | Matcha Moya","og_description":"Tradi\u010dn\u00ed japonsk\u00e1 BIO matcha z 1. a 2. sklizn\u011b m\u00e1 vyv\u00e1\u017eenou bohatou ho\u0159ko-sladkou jemnou chu\u0165, kr\u00e9movou texturu a malachitovou zelenou barvu.","og_url":"https:\/\/matchamoya.cz\/en\/shop\/matcha-japonske-zelene-caje-moya\/tradicni-japonska-bio-matcha-s-jemnou-chuti-50-100-250g-moya\/","og_site_name":"Matcha Moya","article_modified_time":"2026-04-14T11:37:24+00:00","og_image":[{"width":667,"height":1000,"url":"https:\/\/matchamoya.cz\/wp-content\/uploads\/2020\/03\/Tradycyjna-100g.jpg","type":"image\/jpeg"}],"twitter_card":"summary_large_image","twitter_misc":{"Est. reading time":"2 minutes"},"schema":{"@context":"https:\/\/schema.org","@graph":[{"@type":"WebPage","@id":"https:\/\/matchamoya.cz\/en\/shop\/matcha-japonske-zelene-caje-moya\/tradicni-japonska-bio-matcha-s-jemnou-chuti-50-100-250g-moya\/","url":"https:\/\/matchamoya.cz\/en\/shop\/matcha-japonske-zelene-caje-moya\/tradicni-japonska-bio-matcha-s-jemnou-chuti-50-100-250g-moya\/","name":"Tradi\u010dn\u00ed japonsk\u00e1 bio matcha s jemnou chut\u00ed 50, 100, 250g | Matcha Moya","isPartOf":{"@id":"https:\/\/matchamoya.cz\/en\/#website"},"primaryImageOfPage":{"@id":"https:\/\/matchamoya.cz\/en\/shop\/matcha-japonske-zelene-caje-moya\/tradicni-japonska-bio-matcha-s-jemnou-chuti-50-100-250g-moya\/#primaryimage"},"image":{"@id":"https:\/\/matchamoya.cz\/en\/shop\/matcha-japonske-zelene-caje-moya\/tradicni-japonska-bio-matcha-s-jemnou-chuti-50-100-250g-moya\/#primaryimage"},"thumbnailUrl":"https:\/\/matchamoya.cz\/wp-content\/uploads\/2020\/03\/Tradycyjna-100g.jpg","datePublished":"2020-04-22T16:46:16+00:00","dateModified":"2026-04-14T11:37:24+00:00","description":"Tradi\u010dn\u00ed japonsk\u00e1 BIO matcha z 1. a 2. sklizn\u011b m\u00e1 vyv\u00e1\u017eenou bohatou ho\u0159ko-sladkou jemnou chu\u0165, kr\u00e9movou texturu a malachitovou zelenou barvu.","breadcrumb":{"@id":"https:\/\/matchamoya.cz\/en\/shop\/matcha-japonske-zelene-caje-moya\/tradicni-japonska-bio-matcha-s-jemnou-chuti-50-100-250g-moya\/#breadcrumb"},"inLanguage":"en-US","potentialAction":[{"@type":"ReadAction","target":["https:\/\/matchamoya.cz\/en\/shop\/matcha-japonske-zelene-caje-moya\/tradicni-japonska-bio-matcha-s-jemnou-chuti-50-100-250g-moya\/"]}]},{"@type":"ImageObject","inLanguage":"en-US","@id":"https:\/\/matchamoya.cz\/en\/shop\/matcha-japonske-zelene-caje-moya\/tradicni-japonska-bio-matcha-s-jemnou-chuti-50-100-250g-moya\/#primaryimage","url":"https:\/\/matchamoya.cz\/wp-content\/uploads\/2020\/03\/Tradycyjna-100g.jpg","contentUrl":"https:\/\/matchamoya.cz\/wp-content\/uploads\/2020\/03\/Tradycyjna-100g.jpg","width":667,"height":1000},{"@type":"BreadcrumbList","@id":"https:\/\/matchamoya.cz\/en\/shop\/matcha-japonske-zelene-caje-moya\/tradicni-japonska-bio-matcha-s-jemnou-chuti-50-100-250g-moya\/#breadcrumb","itemListElement":[{"@type":"ListItem","position":1,"name":"Dom\u016f","item":"https:\/\/matchamoya.cz\/"},{"@type":"ListItem","position":2,"name":"E-SHOP","item":"https:\/\/matchamoya.cz\/shop\/"},{"@type":"ListItem","position":3,"name":"Tradi\u010dn\u00ed japonsk\u00e1 BIO matcha s jemnou chut\u00ed 50, 100, 250g &#8211; Moya"}]},{"@type":"WebSite","@id":"https:\/\/matchamoya.cz\/en\/#website","url":"https:\/\/matchamoya.cz\/en\/","name":"Matcha Moya","description":"Matcha Moya","publisher":{"@id":"https:\/\/matchamoya.cz\/en\/#organization"},"potentialAction":[{"@type":"SearchAction","target":{"@type":"EntryPoint","urlTemplate":"https:\/\/matchamoya.cz\/en\/?s={search_term_string}"},"query-input":{"@type":"PropertyValueSpecification","valueRequired":true,"valueName":"search_term_string"}}],"inLanguage":"en-US"},{"@type":"Organization","@id":"https:\/\/matchamoya.cz\/en\/#organization","name":"Moya Matcha","url":"https:\/\/matchamoya.cz\/en\/","logo":{"@type":"ImageObject","inLanguage":"en-US","@id":"https:\/\/matchamoya.cz\/en\/#\/schema\/logo\/image\/","url":"https:\/\/matchamoya.cz\/wp-content\/uploads\/2020\/03\/MOYA_Logo_Green-Black_02.png","contentUrl":"https:\/\/matchamoya.cz\/wp-content\/uploads\/2020\/03\/MOYA_Logo_Green-Black_02.png","width":313,"height":310,"caption":"Moya Matcha"},"image":{"@id":"https:\/\/matchamoya.cz\/en\/#\/schema\/logo\/image\/"}}]}},"_links":{"self":[{"href":"https:\/\/matchamoya.cz\/en\/wp-json\/wp\/v2\/product\/365"}],"collection":[{"href":"https:\/\/matchamoya.cz\/en\/wp-json\/wp\/v2\/product"}],"about":[{"href":"https:\/\/matchamoya.cz\/en\/wp-json\/wp\/v2\/types\/product"}],"replies":[{"embeddable":true,"href":"https:\/\/matchamoya.cz\/en\/wp-json\/wp\/v2\/comments?post=365"}],"wp:featuredmedia":[{"embeddable":true,"href":"https:\/\/matchamoya.cz\/en\/wp-json\/wp\/v2\/media\/366"}],"wp:attachment":[{"href":"https:\/\/matchamoya.cz\/en\/wp-json\/wp\/v2\/media?parent=365"}],"wp:term":[{"taxonomy":"product_cat","embeddable":true,"href":"https:\/\/matchamoya.cz\/en\/wp-json\/wp\/v2\/product_cat?post=365"},{"taxonomy":"product_tag","embeddable":true,"href":"https:\/\/matchamoya.cz\/en\/wp-json\/wp\/v2\/product_tag?post=365"}],"curies":[{"name":"wp","href":"https:\/\/api.w.org\/{rel}","templated":true}]}}