{"id":372,"date":"2020-04-22T17:10:55","date_gmt":"2020-04-22T17:10:55","guid":{"rendered":"http:\/\/matchamoya.cz\/?post_type=product&#038;p=372"},"modified":"2026-04-13T15:07:59","modified_gmt":"2026-04-13T15:07:59","slug":"bio-moya-matcha-daily-30g-v-tube","status":"publish","type":"product","link":"https:\/\/matchamoya.cz\/en\/shop\/matcha-japonske-zelene-caje-moya\/bio-moya-matcha-daily-30g-v-tube\/","title":{"rendered":"Japonsk\u00fd zelen\u00fd \u010daj matcha na ka\u017edodenn\u00ed pit\u00ed 30g v tub\u011b &#8211; Moya"},"content":{"rendered":"<h1>Japonsk\u00fd zelen\u00fd \u010daj matcha na ka\u017edodenn\u00ed pit\u00ed 30g v tub\u011b &#8211; Moya<\/h1>\n<p><strong>Vysoce kvalitn\u00ed japonsk\u00e1 organick\u00e1 matcha z 2. a 3. sklizn\u011b se silnou chut\u00ed zelen\u00e9ho \u010daje<\/strong>, kter\u00e1 se z\u00edsk\u00e1v\u00e1 z \u010dajov\u00fdch l\u00edstk\u016f, kter\u00e9 jsou speci\u00e1ln\u011b zast\u00edn\u011bn\u00e9 p\u0159ed p\u0159\u00edm\u00fdm slune\u010dn\u00edm z\u00e1\u0159en\u00edm. V\u00fdsledkem je vy\u0161\u0161\u00ed obsah chlorofylu a L-Theaninu a bohat\u0161\u00ed, zelen\u011bj\u0161\u00ed barva. \u010cerstv\u00e9 listy se potom seberou, spa\u0159\u00ed, su\u0161\u00ed vzduchem a rozemelou na pr\u00e1\u0161ek. M\u00e1 siln\u011bj\u0161\u00ed a ho\u0159\u010d\u00ed chu\u0165 ve srovn\u00e1n\u00ed s vy\u0161\u0161\u00edmi <strong><a href=\"https:\/\/matchamoya.cz\/moya-matcha-stupne-kvality\/\">stupni kvality moya matcha<\/a><\/strong>. Je to ide\u00e1ln\u00ed volba pro milovn\u00edky zelen\u00e9ho \u010daje a ide\u00e1ln\u00ed ingredience pro koktejly, zmrzlinu a pe\u010den\u00ed.<\/p>\n<p>Kvalitn\u00ed \u010daj BIO Moya Matcha je pe\u010dliv\u011b p\u011bstov\u00e1na na mal\u00fdch, rodinn\u00fdch biocertifikovan\u00fdch pol\u00edch v japonsk\u00e9m Uji, regionu zn\u00e1m\u00e9m pro nejvy\u0161\u0161\u00ed kvalitu zelen\u00e9ho \u010daje matcha d\u00edky sv\u00e9mu jedine\u010dn\u00e9mu mikroklimatu. Ka\u017ed\u00e1 \u0161ar\u017ee na\u0161eho organick\u00e9ho matcha je pe\u010dliv\u011b kontrolov\u00e1na na mo\u017en\u00e9 chemick\u00e9 zbytky a jeho kvalita je potvrzena p\u0159\u00edsn\u00fdmi japonsk\u00fdmi standardy a ekologickou certifikac\u00ed. Moya Matcha se pak zpracov\u00e1v\u00e1 lok\u00e1ln\u011b, hermeticky zabal\u00ed a expeduje v mal\u00fdch d\u00e1vk\u00e1ch, aby se zajistila maxim\u00e1ln\u00ed \u010derstvost. <span style=\"font-size: 14.4px;\">V\u00edce o <\/span><a style=\"font-size: 14.4px;\" href=\"https:\/\/matchamoya.cz\/produkce-a-puvod\/\"><strong>produkci a p\u016fvodu Moya Matcha<\/strong><\/a><span style=\"font-size: 14.4px;\"> si m\u016f\u017eete p\u0159e\u010d\u00edst ve speci\u00e1ln\u00ed sekci na\u0161eho webu.<\/span><\/p>\n<p>Moya Matcha Daily je k dost\u00e1n\u00ed tak\u00e9 v balen\u00ed <a href=\"https:\/\/matchamoya.cz\/akce\/bio-moya-matcha-daily-to-go-24-x-15g-sacek\/\"><strong>To Go! 24&#215;1,5g<\/strong><\/a>, <strong><a href=\"https:\/\/matchamoya.cz\/matcha-caje-moya\/bio-moya-matcha-daily-30g-v-tube\/\"><span style=\"color: #282828;\">30g Tuba<\/span><\/a><\/strong>, <strong><a href=\"https:\/\/matchamoya.cz\/matcha-caje-moya\/bio-moya-matcha-daily-v-sacku\/\">50g<\/a><\/strong>, <strong><a href=\"https:\/\/matchamoya.cz\/matcha-caje-moya\/bio-moya-matcha-daily-v-sacku\/\">100g<\/a><\/strong> a <strong><a href=\"https:\/\/matchamoya.cz\/matcha-caje-moya\/bio-moya-matcha-daily-v-sacku\/\">250g<\/a><\/strong>.<\/p>\n<p>Lze zakoupit v na\u0161em eshopu i <strong>t\u00fddenn\u00ed balen\u00ed <\/strong><strong><a href=\"https:\/\/matchamoya.cz\/akce\/bio-moya-matcha-daily-to-go-7-x-15g-sacek\/\">BIO Moya Matcha Daily To Go! \u2013 7 x 1,5g s\u00e1\u010dek<\/a> <\/strong><span style=\"color: #282828;\">za skv\u011blou cenu 89,- K\u010d.<\/span><\/p>\n<p><strong>Recepty<\/strong> na matcha koktejly, pe\u010divo, sladkosti, zmzlinu najdete v sekci na\u0161eho webu <strong><a href=\"https:\/\/matchamoya.cz\/blog\/\">BLOG<\/a><\/strong>.<\/p>\n<h1>N\u00e1vod k p\u0159\u00edprav\u011b Moya Matcha Daily na ka\u017edodenn\u00ed pit\u00ed:<\/h1>\n<p>P\u0159\u00edprava \u010daje matcha nen\u00ed \u010dasov\u011b n\u00e1ro\u010dn\u00e1, a nevy\u017eaduje \u017e\u00e1dn\u00e9 zvl\u00e1\u0161tn\u00ed dovednosti. Je to jemn\u00fd pr\u00e1\u0161ek, kter\u00fd se sm\u00edch\u00e1 s\u00a0vodou. K tomuto \u00fa\u010delu m\u016f\u017eete pou\u017e\u00edt jak tradi\u010dn\u00ed \u0161leh\u00e1n\u00ed bam<span style=\"font-size: 14.4px;\">busovou metli\u010dkou (chasen), tak klasickou metli\u010dkou \u010di elektrick\u00fd nap\u011b\u0148ova\u010d ml\u00e9ka.<\/span><\/p>\n<p><span style=\"font-size: 14.4px; color: #555555;\"><strong>Tradi\u010dn\u00ed zp\u016fsob p\u0159\u00edpravy \u010daje matcha<\/strong> poch\u00e1z\u00ed z japonsk\u00e9ho \u010dajov\u00e9ho ob\u0159adu (chanoy<\/span><span style=\"font-size: 14.4px; color: #555555;\">u). K p\u0159\u00edprav\u011b n\u00e1poje pot\u0159ebujeme misku (<\/span><strong><a style=\"font-size: 14.4px;\" href=\"https:\/\/matchamoya.cz\/originalni-cajove-prislusenstvi\/\">chawan<\/a><\/strong><span style=\"font-size: 14.4px; color: #555555;\">), bambusovou <\/span><span style=\"font-size: 14.4px; color: #555555;\">metli\u010dku (<\/span><strong><a style=\"font-size: 14.4px;\" href=\"https:\/\/matchamoya.cz\/originalni-cajove-prislusenstvi\/\">chasen<\/a><\/strong><span style=\"font-size: 14.4px; color: #555555;\">) a bamb<\/span><span style=\"font-size: 14.4px; color: #555555;\">usovou lopatku (<\/span><strong><a style=\"font-size: 14.4px;\" href=\"https:\/\/matchamoya.cz\/originalni-cajove-prislusenstvi\/\">chashaku<\/a><\/strong><span style=\"font-size: 14.4px; color: #555555;\">). <\/span>Do misky vlo\u017ete l\u017ei\u010dku matchy traditional (1,5 g) bambusovou lopatkou (chashaku), zalijte 100 ml hork\u00e9 vody (80 \u00b0 C) a rozm\u00edchejte bambusovou metli\u010dkou (chasen), a\u017e se vytvo\u0159\u00ed hust\u00e1 zelen\u00e1 p\u011bna. Dolejte n\u00e1poj vodou na 200 &#8211; 250 ml. Stejn\u011b jako u k\u00e1vy, n\u011bkte\u0159\u00ed lid\u00e9 r\u00e1di pij\u00ed siln\u00e9 matcha espresso, jin\u00ed d\u00e1vaj\u00ed p\u0159ednost p\u0159id\u00e1n\u00ed v\u00edce vody a na\u0159ed\u011bn\u00ed. Matchu m\u016f\u017eete tak\u00e9 sm\u00edchat s d\u017eusem nebo ml\u00e9kem. Konzumujte.<\/p>\n<p><span style=\"font-size: 14.4px;\"><strong>N\u00e1poj lze p\u0159ipravit a konzumovat za studena<\/strong>, aby byl velmi osv\u011b\u017euj\u00edc\u00ed. Vysypejte s\u00e1\u010dek 1,5 g matcha do lahve se studenou vodou a prom\u00edchejte. Konzumujte.<\/span><\/p>\n<p>Matcha n\u00e1poj si m\u016f\u017eete p\u0159ipravit neuv\u011b\u0159iteln\u011b rychle v<strong>\u00a0<\/strong><a href=\"https:\/\/matchamoya.cz\/originalni-cajove-prislusenstvi\/originalni-skleneny-sejkr-pro-snadnou-pripravu-matcha-caje-moya\/\"><strong>Moya Matcha sklen\u011bn\u00e9m \u0161ejkru<\/strong><\/a> nebo v b\u011b\u017en\u00e9 l\u00e1hvi: sta\u010d\u00ed p\u0159idat matchu 1,5 g do vybran\u00e9 tekutiny (voda, d\u017eus nebo ml\u00e9ko), prot\u0159epat a j\u00edt!<\/p>\n<p><strong>Video<\/strong> od spoluzakladatelky zna\u010dky\u00a0<span style=\"font-size: 14.4px;\">Moya Hitomi Saito, <\/span><strong style=\"font-size: 14.4px;\"><a href=\"https:\/\/matchamoya.cz\/jak-pripravit-matchu\/\">jak si p\u0159ipravit spr\u00e1vn\u011b matchu<\/a><\/strong><span style=\"font-size: 14.4px;\">, m\u016f\u017eete naj\u00edt ve speci\u00e1ln\u00ed sekci na\u0161eho webu.<\/span><\/p>\n<p><strong>ZEM\u011a P\u016eVODU:<\/strong> Region Uji, Prefektura Kyoto, Japonsko<br \/>\n<strong>CHU\u0164:<\/strong> siln\u00e1 chu\u0165 zelen\u00e9ho \u010daje<br \/>\n<strong>DOPORU\u010cUJEME:<\/strong> matcha latte, matcha limon\u00e1da, matcha koktejly, pe\u010divo, cukrovinky, zmrzlina, \u010dokol\u00e1da<br \/>\n<strong>SLO\u017dEN\u00cd:<\/strong> 100% japonsk\u00fd organick\u00fd zelen\u00fd \u010daj matcha z 2. a 3. sklizn\u011b<\/p>\n\n  \n    <div class=\"row large-columns-4 medium-columns- small-columns-2\">\n          <div class=\"gallery-col col\" >\n          <div class=\"col-inner\">\n            <a class=\"image-lightbox lightbox-gallery\" href=\"https:\/\/matchamoya.cz\/wp-content\/uploads\/2020\/12\/moya-matcha-daily-hot-white-chocolate.jpg\" title=\"\">            <div class=\"box has-hover gallery-box box-overlay dark\">\n              <div class=\"box-image\" >\n                <img loading=\"lazy\" decoding=\"async\" width=\"295\" height=\"400\" src=\"https:\/\/matchamoya.cz\/wp-content\/uploads\/2020\/12\/moya-matcha-daily-hot-white-chocolate-295x400.jpg\" class=\"attachment-medium size-medium\" alt=\"moya-matcha-daily-horky-napoj-bila-cokolada\" ids=\"951,952,950\" srcset=\"https:\/\/matchamoya.cz\/wp-content\/uploads\/2020\/12\/moya-matcha-daily-hot-white-chocolate-295x400.jpg 295w, https:\/\/matchamoya.cz\/wp-content\/uploads\/2020\/12\/moya-matcha-daily-hot-white-chocolate.jpg 508w\" sizes=\"(max-width: 295px) 100vw, 295px\" \/>                                  <div class=\"overlay fill\"\n                      style=\"background-color: rgba(0,0,0,.15)\">\n                  <\/div>\n                                                              <\/div><!-- .image -->\n              <div class=\"box-text text-left\" >\n                 <p><\/p>\n              <\/div><!-- .text -->\n            <\/div><!-- .box -->\n            <\/a>          <\/div><!-- .col-inner -->\n         <\/div><!-- .col -->\n                 <div class=\"gallery-col col\" >\n          <div class=\"col-inner\">\n            <a class=\"image-lightbox lightbox-gallery\" href=\"https:\/\/matchamoya.cz\/wp-content\/uploads\/2020\/12\/moya-matcha-daily-matcha-latte.jpg\" title=\"\">            <div class=\"box has-hover gallery-box box-overlay dark\">\n              <div class=\"box-image\" >\n                <img loading=\"lazy\" decoding=\"async\" width=\"400\" height=\"400\" src=\"https:\/\/matchamoya.cz\/wp-content\/uploads\/2020\/12\/moya-matcha-daily-matcha-latte-400x400.jpg\" class=\"attachment-medium size-medium\" alt=\"matcha-moya-daily-horke-latte-napoj\" ids=\"951,952,950\" srcset=\"https:\/\/matchamoya.cz\/wp-content\/uploads\/2020\/12\/moya-matcha-daily-matcha-latte-400x400.jpg 400w, https:\/\/matchamoya.cz\/wp-content\/uploads\/2020\/12\/moya-matcha-daily-matcha-latte-280x280.jpg 280w, https:\/\/matchamoya.cz\/wp-content\/uploads\/2020\/12\/moya-matcha-daily-matcha-latte-300x300.jpg 300w, https:\/\/matchamoya.cz\/wp-content\/uploads\/2020\/12\/moya-matcha-daily-matcha-latte-100x100.jpg 100w, https:\/\/matchamoya.cz\/wp-content\/uploads\/2020\/12\/moya-matcha-daily-matcha-latte.jpg 513w\" sizes=\"(max-width: 400px) 100vw, 400px\" \/>                                  <div class=\"overlay fill\"\n                      style=\"background-color: rgba(0,0,0,.15)\">\n                  <\/div>\n                                                              <\/div><!-- .image -->\n              <div class=\"box-text text-left\" >\n                 <p><\/p>\n              <\/div><!-- .text -->\n            <\/div><!-- .box -->\n            <\/a>          <\/div><!-- .col-inner -->\n         <\/div><!-- .col -->\n                 <div class=\"gallery-col col\" >\n          <div class=\"col-inner\">\n            <a class=\"image-lightbox lightbox-gallery\" href=\"https:\/\/matchamoya.cz\/wp-content\/uploads\/2020\/04\/organic-matcha-tea-daily-30g-05.jpg\" title=\"\">            <div class=\"box has-hover gallery-box box-overlay dark\">\n              <div class=\"box-image\" >\n                <img loading=\"lazy\" decoding=\"async\" width=\"400\" height=\"400\" src=\"https:\/\/matchamoya.cz\/wp-content\/uploads\/2020\/04\/organic-matcha-tea-daily-30g-05-400x400.jpg\" class=\"attachment-medium size-medium\" alt=\"bio-matcha-moya-daily-domaci-kolac-dezert\" ids=\"951,952,950\" srcset=\"https:\/\/matchamoya.cz\/wp-content\/uploads\/2020\/04\/organic-matcha-tea-daily-30g-05-400x400.jpg 400w, https:\/\/matchamoya.cz\/wp-content\/uploads\/2020\/04\/organic-matcha-tea-daily-30g-05-280x280.jpg 280w, https:\/\/matchamoya.cz\/wp-content\/uploads\/2020\/04\/organic-matcha-tea-daily-30g-05-768x768.jpg 768w, https:\/\/matchamoya.cz\/wp-content\/uploads\/2020\/04\/organic-matcha-tea-daily-30g-05-300x300.jpg 300w, https:\/\/matchamoya.cz\/wp-content\/uploads\/2020\/04\/organic-matcha-tea-daily-30g-05-600x600.jpg 600w, https:\/\/matchamoya.cz\/wp-content\/uploads\/2020\/04\/organic-matcha-tea-daily-30g-05-100x100.jpg 100w, https:\/\/matchamoya.cz\/wp-content\/uploads\/2020\/04\/organic-matcha-tea-daily-30g-05.jpg 800w\" sizes=\"(max-width: 400px) 100vw, 400px\" \/>                                  <div class=\"overlay fill\"\n                      style=\"background-color: rgba(0,0,0,.15)\">\n                  <\/div>\n                                                              <\/div><!-- .image -->\n              <div class=\"box-text text-left\" >\n                 <p><\/p>\n              <\/div><!-- .text -->\n            <\/div><!-- .box -->\n            <\/a>          <\/div><!-- .col-inner -->\n         <\/div><!-- .col -->\n         <\/div>","protected":false},"excerpt":{"rendered":"<p><strong>Vysoce kvalitn\u00ed japonsk\u00e1 organick\u00e1 matcha z 2. a 3. sklizn\u011b se silnou chut\u00ed zelen\u00e9ho \u010daje<\/strong>, kter\u00e1 se z\u00edsk\u00e1v\u00e1 z \u010dajov\u00fdch l\u00edstk\u016f, kter\u00e9 jsou speci\u00e1ln\u011b zast\u00edn\u011bn\u00e9 p\u0159ed p\u0159\u00edm\u00fdm slune\u010dn\u00edm z\u00e1\u0159en\u00edm. V\u00fdsledkem je vy\u0161\u0161\u00ed obsah chlorofylu a L-Theaninu a bohat\u0161\u00ed, zelen\u011bj\u0161\u00ed barva. \u010cerstv\u00e9 listy se potom seberou, spa\u0159\u00ed, su\u0161\u00ed vzduchem a rozemelou na pr\u00e1\u0161ek. M\u00e1 siln\u011bj\u0161\u00ed a ho\u0159\u010d\u00ed chu\u0165 ve srovn\u00e1n\u00ed s vy\u0161\u0161\u00edmi\u00a0<strong><a href=\"https:\/\/matchamoya.cz\/moya-matcha-stupne-kvality\/\">stupni kvality moya matcha<\/a><\/strong>. Je to ide\u00e1ln\u00ed volba pro milovn\u00edky zelen\u00e9ho \u010daje a ide\u00e1ln\u00ed ingredience pro koktejly, zmrzlinu a pe\u010den\u00ed.<\/p>\n<p><strong>ZEM\u011a P\u016eVODU:<\/strong> Region Uji, Prefektura Kyoto, Japonsko<br \/>\n<strong>CHU\u0164:<\/strong> siln\u00e1 chu\u0165 zelen\u00e9ho \u010daje<br \/>\n<strong>DOPORU\u010cUJEME:<\/strong> matcha latte, matcha limon\u00e1da, matcha koktejly, pe\u010divo, cukrovinky, zmrzlina, \u010dokol\u00e1da<br \/>\n<strong>SLO\u017dEN\u00cd:<\/strong> 100% japonsk\u00fd organick\u00fd zelen\u00fd \u010daj matcha z 2. a 3. sklizn\u011b<\/p>\n<p><a href=\"https:\/\/matchamoya.cz\/produkce-a-puvod\/\"><img loading=\"lazy\" decoding=\"async\" class=\"alignnone wp-image-1234\" src=\"https:\/\/matchamoya.cz\/wp-content\/uploads\/2020\/04\/certifikat-bio-matcha-caj-moya-461x400.jpg\" alt=\"certifikat-bio-matcha-caj-moya\" width=\"120\" height=\"105\" srcset=\"https:\/\/matchamoya.cz\/wp-content\/uploads\/2020\/04\/certifikat-bio-matcha-caj-moya-461x400.jpg 461w, https:\/\/matchamoya.cz\/wp-content\/uploads\/2020\/04\/certifikat-bio-matcha-caj-moya-922x800.jpg 922w, https:\/\/matchamoya.cz\/wp-content\/uploads\/2020\/04\/certifikat-bio-matcha-caj-moya-768x666.jpg 768w, https:\/\/matchamoya.cz\/wp-content\/uploads\/2020\/04\/certifikat-bio-matcha-caj-moya-14x12.jpg 14w, https:\/\/matchamoya.cz\/wp-content\/uploads\/2020\/04\/certifikat-bio-matcha-caj-moya-600x521.jpg 600w, https:\/\/matchamoya.cz\/wp-content\/uploads\/2020\/04\/certifikat-bio-matcha-caj-moya.jpg 1180w\" sizes=\"(max-width: 120px) 100vw, 120px\" \/><img loading=\"lazy\" decoding=\"async\" class=\"alignnone wp-image-1050\" src=\"https:\/\/matchamoya.cz\/wp-content\/uploads\/2021\/03\/zeleny-caj-matcha-uji-region-japonsko-mapa-400x400.jpg\" alt=\"zeleny-caj-matcha-uji-region-japonsko-mapa\" width=\"102\" height=\"102\" srcset=\"https:\/\/matchamoya.cz\/wp-content\/uploads\/2021\/03\/zeleny-caj-matcha-uji-region-japonsko-mapa-400x400.jpg 400w, https:\/\/matchamoya.cz\/wp-content\/uploads\/2021\/03\/zeleny-caj-matcha-uji-region-japonsko-mapa-280x280.jpg 280w, https:\/\/matchamoya.cz\/wp-content\/uploads\/2021\/03\/zeleny-caj-matcha-uji-region-japonsko-mapa-768x768.jpg 768w, https:\/\/matchamoya.cz\/wp-content\/uploads\/2021\/03\/zeleny-caj-matcha-uji-region-japonsko-mapa-12x12.jpg 12w, https:\/\/matchamoya.cz\/wp-content\/uploads\/2021\/03\/zeleny-caj-matcha-uji-region-japonsko-mapa-300x300.jpg 300w, https:\/\/matchamoya.cz\/wp-content\/uploads\/2021\/03\/zeleny-caj-matcha-uji-region-japonsko-mapa-600x600.jpg 600w, https:\/\/matchamoya.cz\/wp-content\/uploads\/2021\/03\/zeleny-caj-matcha-uji-region-japonsko-mapa-100x100.jpg 100w, https:\/\/matchamoya.cz\/wp-content\/uploads\/2021\/03\/zeleny-caj-matcha-uji-region-japonsko-mapa.jpg 800w\" sizes=\"(max-width: 102px) 100vw, 102px\" \/><\/a><\/p>","protected":false},"featured_media":373,"comment_status":"open","ping_status":"closed","template":"","meta":[],"product_cat":[68],"product_tag":[],"class_list":{"0":"post-372","1":"product","2":"type-product","3":"status-publish","4":"has-post-thumbnail","6":"product_cat-matcha-japonske-zelene-caje-moya","7":"product_shipping_class-dobra-dodani","9":"first","10":"instock","11":"taxable","12":"shipping-taxable","13":"purchasable","14":"product-type-simple"},"yoast_head":"<!-- This site is optimized with the Yoast SEO plugin v23.4 - https:\/\/yoast.com\/wordpress\/plugins\/seo\/ -->\n<title>Japonsk\u00fd zelen\u00fd \u010daj matcha na ka\u017edodenn\u00ed pit\u00ed 30g v tub\u011b | Matcha Moya<\/title>\n<meta name=\"description\" content=\"Vysoce kvalitn\u00ed japonsk\u00e1 organick\u00e1 matcha z 2. a 3. sklizn\u011b se silnou chut\u00ed zelen\u00e9ho \u010daje ze speci\u00e1ln\u011b st\u00edn\u011bn\u00fdch l\u00edstk\u016f p\u0159ed sluncem.\" \/>\n<meta name=\"robots\" content=\"index, follow, max-snippet:-1, max-image-preview:large, max-video-preview:-1\" \/>\n<link rel=\"canonical\" href=\"https:\/\/matchamoya.cz\/en\/shop\/matcha-japonske-zelene-caje-moya\/bio-moya-matcha-daily-30g-v-tube\/\" \/>\n<meta property=\"og:locale\" content=\"en_US\" \/>\n<meta property=\"og:type\" content=\"article\" \/>\n<meta property=\"og:title\" content=\"Japonsk\u00fd zelen\u00fd \u010daj matcha na ka\u017edodenn\u00ed pit\u00ed 30g v tub\u011b | Matcha Moya\" \/>\n<meta property=\"og:description\" content=\"Vysoce kvalitn\u00ed japonsk\u00e1 organick\u00e1 matcha z 2. a 3. sklizn\u011b se silnou chut\u00ed zelen\u00e9ho \u010daje ze speci\u00e1ln\u011b st\u00edn\u011bn\u00fdch l\u00edstk\u016f p\u0159ed sluncem.\" \/>\n<meta property=\"og:url\" content=\"https:\/\/matchamoya.cz\/en\/shop\/matcha-japonske-zelene-caje-moya\/bio-moya-matcha-daily-30g-v-tube\/\" \/>\n<meta property=\"og:site_name\" content=\"Matcha Moya\" \/>\n<meta property=\"article:modified_time\" content=\"2026-04-13T15:07:59+00:00\" \/>\n<meta property=\"og:image\" content=\"https:\/\/matchamoya.cz\/wp-content\/uploads\/2020\/04\/daily-30g-przod-1.jpg\" \/>\n\t<meta property=\"og:image:width\" content=\"669\" \/>\n\t<meta property=\"og:image:height\" content=\"1000\" \/>\n\t<meta property=\"og:image:type\" content=\"image\/jpeg\" \/>\n<meta name=\"twitter:card\" content=\"summary_large_image\" \/>\n<meta name=\"twitter:label1\" content=\"Est. reading time\" \/>\n\t<meta name=\"twitter:data1\" content=\"3 minutes\" \/>\n<!-- \/ Yoast SEO plugin. -->","yoast_head_json":{"title":"Japonsk\u00fd zelen\u00fd \u010daj matcha na ka\u017edodenn\u00ed pit\u00ed 30g v tub\u011b | Matcha Moya","description":"Vysoce kvalitn\u00ed japonsk\u00e1 organick\u00e1 matcha z 2. a 3. sklizn\u011b se silnou chut\u00ed zelen\u00e9ho \u010daje ze speci\u00e1ln\u011b st\u00edn\u011bn\u00fdch l\u00edstk\u016f p\u0159ed sluncem.","robots":{"index":"index","follow":"follow","max-snippet":"max-snippet:-1","max-image-preview":"max-image-preview:large","max-video-preview":"max-video-preview:-1"},"canonical":"https:\/\/matchamoya.cz\/en\/shop\/matcha-japonske-zelene-caje-moya\/bio-moya-matcha-daily-30g-v-tube\/","og_locale":"en_US","og_type":"article","og_title":"Japonsk\u00fd zelen\u00fd \u010daj matcha na ka\u017edodenn\u00ed pit\u00ed 30g v tub\u011b | Matcha Moya","og_description":"Vysoce kvalitn\u00ed japonsk\u00e1 organick\u00e1 matcha z 2. a 3. sklizn\u011b se silnou chut\u00ed zelen\u00e9ho \u010daje ze speci\u00e1ln\u011b st\u00edn\u011bn\u00fdch l\u00edstk\u016f p\u0159ed sluncem.","og_url":"https:\/\/matchamoya.cz\/en\/shop\/matcha-japonske-zelene-caje-moya\/bio-moya-matcha-daily-30g-v-tube\/","og_site_name":"Matcha Moya","article_modified_time":"2026-04-13T15:07:59+00:00","og_image":[{"width":669,"height":1000,"url":"https:\/\/matchamoya.cz\/wp-content\/uploads\/2020\/04\/daily-30g-przod-1.jpg","type":"image\/jpeg"}],"twitter_card":"summary_large_image","twitter_misc":{"Est. reading time":"3 minutes"},"schema":{"@context":"https:\/\/schema.org","@graph":[{"@type":"WebPage","@id":"https:\/\/matchamoya.cz\/en\/shop\/matcha-japonske-zelene-caje-moya\/bio-moya-matcha-daily-30g-v-tube\/","url":"https:\/\/matchamoya.cz\/en\/shop\/matcha-japonske-zelene-caje-moya\/bio-moya-matcha-daily-30g-v-tube\/","name":"Japonsk\u00fd zelen\u00fd \u010daj matcha na ka\u017edodenn\u00ed pit\u00ed 30g v tub\u011b | Matcha Moya","isPartOf":{"@id":"https:\/\/matchamoya.cz\/en\/#website"},"primaryImageOfPage":{"@id":"https:\/\/matchamoya.cz\/en\/shop\/matcha-japonske-zelene-caje-moya\/bio-moya-matcha-daily-30g-v-tube\/#primaryimage"},"image":{"@id":"https:\/\/matchamoya.cz\/en\/shop\/matcha-japonske-zelene-caje-moya\/bio-moya-matcha-daily-30g-v-tube\/#primaryimage"},"thumbnailUrl":"https:\/\/matchamoya.cz\/wp-content\/uploads\/2020\/04\/daily-30g-przod-1.jpg","datePublished":"2020-04-22T17:10:55+00:00","dateModified":"2026-04-13T15:07:59+00:00","description":"Vysoce kvalitn\u00ed japonsk\u00e1 organick\u00e1 matcha z 2. a 3. sklizn\u011b se silnou chut\u00ed zelen\u00e9ho \u010daje ze speci\u00e1ln\u011b st\u00edn\u011bn\u00fdch l\u00edstk\u016f p\u0159ed sluncem.","breadcrumb":{"@id":"https:\/\/matchamoya.cz\/en\/shop\/matcha-japonske-zelene-caje-moya\/bio-moya-matcha-daily-30g-v-tube\/#breadcrumb"},"inLanguage":"en-US","potentialAction":[{"@type":"ReadAction","target":["https:\/\/matchamoya.cz\/en\/shop\/matcha-japonske-zelene-caje-moya\/bio-moya-matcha-daily-30g-v-tube\/"]}]},{"@type":"ImageObject","inLanguage":"en-US","@id":"https:\/\/matchamoya.cz\/en\/shop\/matcha-japonske-zelene-caje-moya\/bio-moya-matcha-daily-30g-v-tube\/#primaryimage","url":"https:\/\/matchamoya.cz\/wp-content\/uploads\/2020\/04\/daily-30g-przod-1.jpg","contentUrl":"https:\/\/matchamoya.cz\/wp-content\/uploads\/2020\/04\/daily-30g-przod-1.jpg","width":669,"height":1000,"caption":"japonsky-caj-matcha-na-denni-piti-moya"},{"@type":"BreadcrumbList","@id":"https:\/\/matchamoya.cz\/en\/shop\/matcha-japonske-zelene-caje-moya\/bio-moya-matcha-daily-30g-v-tube\/#breadcrumb","itemListElement":[{"@type":"ListItem","position":1,"name":"Dom\u016f","item":"https:\/\/matchamoya.cz\/"},{"@type":"ListItem","position":2,"name":"E-SHOP","item":"https:\/\/matchamoya.cz\/shop\/"},{"@type":"ListItem","position":3,"name":"Japonsk\u00fd zelen\u00fd \u010daj matcha na ka\u017edodenn\u00ed pit\u00ed 30g v tub\u011b &#8211; Moya"}]},{"@type":"WebSite","@id":"https:\/\/matchamoya.cz\/en\/#website","url":"https:\/\/matchamoya.cz\/en\/","name":"Matcha Moya","description":"Matcha Moya","publisher":{"@id":"https:\/\/matchamoya.cz\/en\/#organization"},"potentialAction":[{"@type":"SearchAction","target":{"@type":"EntryPoint","urlTemplate":"https:\/\/matchamoya.cz\/en\/?s={search_term_string}"},"query-input":{"@type":"PropertyValueSpecification","valueRequired":true,"valueName":"search_term_string"}}],"inLanguage":"en-US"},{"@type":"Organization","@id":"https:\/\/matchamoya.cz\/en\/#organization","name":"Moya Matcha","url":"https:\/\/matchamoya.cz\/en\/","logo":{"@type":"ImageObject","inLanguage":"en-US","@id":"https:\/\/matchamoya.cz\/en\/#\/schema\/logo\/image\/","url":"https:\/\/matchamoya.cz\/wp-content\/uploads\/2020\/03\/MOYA_Logo_Green-Black_02.png","contentUrl":"https:\/\/matchamoya.cz\/wp-content\/uploads\/2020\/03\/MOYA_Logo_Green-Black_02.png","width":313,"height":310,"caption":"Moya Matcha"},"image":{"@id":"https:\/\/matchamoya.cz\/en\/#\/schema\/logo\/image\/"}}]}},"_links":{"self":[{"href":"https:\/\/matchamoya.cz\/en\/wp-json\/wp\/v2\/product\/372"}],"collection":[{"href":"https:\/\/matchamoya.cz\/en\/wp-json\/wp\/v2\/product"}],"about":[{"href":"https:\/\/matchamoya.cz\/en\/wp-json\/wp\/v2\/types\/product"}],"replies":[{"embeddable":true,"href":"https:\/\/matchamoya.cz\/en\/wp-json\/wp\/v2\/comments?post=372"}],"wp:featuredmedia":[{"embeddable":true,"href":"https:\/\/matchamoya.cz\/en\/wp-json\/wp\/v2\/media\/373"}],"wp:attachment":[{"href":"https:\/\/matchamoya.cz\/en\/wp-json\/wp\/v2\/media?parent=372"}],"wp:term":[{"taxonomy":"product_cat","embeddable":true,"href":"https:\/\/matchamoya.cz\/en\/wp-json\/wp\/v2\/product_cat?post=372"},{"taxonomy":"product_tag","embeddable":true,"href":"https:\/\/matchamoya.cz\/en\/wp-json\/wp\/v2\/product_tag?post=372"}],"curies":[{"name":"wp","href":"https:\/\/api.w.org\/{rel}","templated":true}]}}