{"id":379,"date":"2020-04-22T17:29:58","date_gmt":"2020-04-22T17:29:58","guid":{"rendered":"http:\/\/matchamoya.cz\/?post_type=product&#038;p=379"},"modified":"2026-02-19T10:58:31","modified_gmt":"2026-02-19T10:58:31","slug":"bio-japonska-kulinarska-matcha-na-peceni-a-vareni-250g-1kg-moya","status":"publish","type":"product","link":"https:\/\/matchamoya.cz\/en\/shop\/matcha-japonske-zelene-caje-moya\/bio-japonska-kulinarska-matcha-na-peceni-a-vareni-250g-1kg-moya\/","title":{"rendered":"BIO japonsk\u00e1 kulin\u00e1\u0159sk\u00e1 matcha na pe\u010den\u00ed a va\u0159en\u00ed 250g, 1kg &#8211; Moya"},"content":{"rendered":"<h1>BIO japonsk\u00e1 kulin\u00e1\u0159sk\u00e1 matcha na pe\u010den\u00ed a va\u0159en\u00ed 250g, 1kg &#8211; Moya<\/h1>\n<h3><strong><em>K dost\u00e1n\u00ed ve v\u00fdhodn\u00fdch balen\u00edch 250g (skladem) a 1 Kg v PP zipov\u00e9m uzav\u00edrateln\u00e9m s\u00e1\u010dku (na objedn\u00e1vku)<\/em><\/strong><\/h3>\n<p><strong>Vysoce kvalitn\u00ed japonsk\u00e1 organick\u00e1 <a href=\"https:\/\/matchamoya.cz\/moya-matcha-stupne-kvality\/\">kulin\u00e1\u0159sk\u00e1 t\u0159\u00edda moya matcha<\/a> ze t\u0159et\u00ed, podzimn\u00ed sklizn\u011b se silnou chut\u00ed \u010daje a pln\u00fdm t\u011blem.<\/strong> M\u00e1 siln\u011bj\u0161\u00ed a ho\u0159\u010d\u00ed chu\u0165 ve srovn\u00e1n\u00ed s jin\u00fdmi stupni Moya Matcha. Je to <strong>perfektn\u00ed volba pro va\u0159en\u00ed a pe\u010den\u00ed, proto\u017ee dod\u00e1v\u00e1 p\u0159\u00edchu\u0165 zelen\u00e9ho \u010daje v cel\u00e9 \u0159ad\u011b recept\u016f.<\/strong> Vhodn\u00e9 pro peka\u0159e a cukr\u00e1\u0159e a mnoho dal\u0161\u00ed potravin\u00e1\u0159sk\u00fdch aplikac\u00ed.<\/p>\n<p>Moya Matcha Culinary se p\u011bstuje v oblasti Uji v prefektu\u0159e Kj\u00f3to, kter\u00e1 je zn\u00e1m\u00e1 p\u011bstov\u00e1n\u00edm zelen\u00e9ho \u010daje nejvy\u0161\u0161\u00ed kvality po v\u00edce ne\u017e 800 let. Region Uji je zn\u00e1m\u00fd sv\u00fdmi \u00farodn\u00fdmi p\u016fdami a \u010distou vodou. Rostliny zelen\u00e9ho \u010daje maj\u00ed ide\u00e1ln\u00ed podm\u00ednky pro r\u016fst d\u00edky kopc\u016fm poskytuj\u00edc\u00edm dobr\u00e9 slune\u010dn\u00ed sv\u011btlo, \u010dast\u00fdm mlh\u00e1m, kter\u00e9 chr\u00e1n\u00ed jemn\u00e9 listy p\u0159ed mrazem a velk\u00fdm mno\u017estv\u00edm sr\u00e1\u017eek. Moya Matcha se pe\u010dliv\u011b p\u011bstuje a skl\u00edz\u00ed na mal\u00fdch rodinn\u00fdch pol\u00edch s organick\u00fdm \u010dajem. Pot\u00e9 je zpracov\u00e1n m\u00edstn\u011b v Japonsku a odesl\u00e1n v mal\u00fdch d\u00e1vk\u00e1ch, aby byla zaji\u0161t\u011bna maxim\u00e1ln\u00ed \u010derstvost v\u0161ech na\u0161ich t\u0159\u00edd. To pom\u00e1h\u00e1 zachovat v\u0161echny vlastnosti \u010dajov\u00e9ho l\u00edstku a udr\u017euje vysokou hladinu miner\u00e1l\u016f a antioxidant\u016f. <span style=\"font-size: 14.4px;\">V\u00edce o <\/span><a style=\"font-size: 14.4px;\" href=\"https:\/\/matchamoya.cz\/produkce-a-puvod\/\"><strong>produkci a p\u016fvodu Moya Matcha<\/strong><\/a><span style=\"font-size: 14.4px;\"> si m\u016f\u017eete p\u0159e\u010d\u00edst ve speci\u00e1ln\u00ed sekci na\u0161eho webu.<\/span><\/p>\n<p><strong>Recepty<\/strong> na matcha koktejly, pe\u010divo, sladkosti, zmzlinu najdete v sekci na\u0161eho webu <strong><a href=\"https:\/\/matchamoya.cz\/blog\/\">BLOG<\/a><\/strong>.<\/p>\n<p><strong>ZEM\u011a P\u016eVODU:<\/strong> Region Uji, Prefektura Kyoto, Japonsko<br \/>\n<strong>CHU\u0164:<\/strong> siln\u00e1 chu\u0165 \u010daje a pln\u00e1 sv\u00edravost<br \/>\n<strong>DOPORU\u010cUJEME:<\/strong> matcha koktejly, pe\u010divo, sladkosti, zmrzlina, \u010dokol\u00e1da<br \/>\n<strong>SLO\u017dEN\u00cd:<\/strong> 100% organick\u00fd japonsk\u00fd zelen\u00fd \u010daj matcha ze 3. sklizn\u011b<\/p>","protected":false},"excerpt":{"rendered":"<p><strong>Vysoce kvalitn\u00ed japonsk\u00e1 organick\u00e1 <a href=\"https:\/\/matchamoya.cz\/moya-matcha-stupne-kvality\/\">kulin\u00e1\u0159sk\u00e1 t\u0159\u00edda moya matcha<\/a> ze t\u0159et\u00ed, podzimn\u00ed sklizn\u011b se silnou chut\u00ed \u010daje a pln\u00fdm t\u011blem.<\/strong> M\u00e1 siln\u011bj\u0161\u00ed a ho\u0159\u010d\u00ed chu\u0165 ve srovn\u00e1n\u00ed s jin\u00fdmi stupni Moya Matcha. Je to <strong>perfektn\u00ed volba pro va\u0159en\u00ed a pe\u010den\u00ed, proto\u017ee dod\u00e1v\u00e1 p\u0159\u00edchu\u0165 zelen\u00e9ho \u010daje v cel\u00e9 \u0159ad\u011b recept\u016f.<\/strong> Vhodn\u00e9 pro peka\u0159e a cukr\u00e1\u0159e a mnoho dal\u0161\u00ed potravin\u00e1\u0159sk\u00fdch aplikac\u00ed.<\/p>\n<p><strong>Recepty<\/strong> na matcha koktejly, pe\u010divo, sladkosti, zmzlinu najdete v sekci na\u0161eho webu <strong><a href=\"https:\/\/matchamoya.cz\/blog\/\">BLOG<\/a><\/strong>.<\/p>\n<p><strong>ZEM\u011a P\u016eVODU:<\/strong> Region Uji, Prefektura Kyoto, Japonsko<br \/>\n<strong>CHU\u0164:<\/strong> siln\u00e1 chu\u0165 \u010daje a pln\u00e1 sv\u00edravost<br \/>\n<strong>DOPORU\u010cUJEME:<\/strong> matcha koktejly, pe\u010divo, sladkosti, zmrzlina, \u010dokol\u00e1da<br \/>\n<strong>SLO\u017dEN\u00cd:<\/strong> 100% organick\u00fd japonsk\u00fd zelen\u00fd \u010daj matcha ze 3. sklizn\u011b<\/p>\n<p><a href=\"https:\/\/matchamoya.cz\/produkce-a-puvod\/\"><img loading=\"lazy\" decoding=\"async\" class=\"alignnone wp-image-1234\" src=\"https:\/\/matchamoya.cz\/wp-content\/uploads\/2020\/04\/certifikat-bio-matcha-caj-moya-461x400.jpg\" alt=\"certifikat-bio-matcha-caj-moya\" width=\"150\" height=\"131\" srcset=\"https:\/\/matchamoya.cz\/wp-content\/uploads\/2020\/04\/certifikat-bio-matcha-caj-moya-461x400.jpg 461w, https:\/\/matchamoya.cz\/wp-content\/uploads\/2020\/04\/certifikat-bio-matcha-caj-moya-922x800.jpg 922w, https:\/\/matchamoya.cz\/wp-content\/uploads\/2020\/04\/certifikat-bio-matcha-caj-moya-768x666.jpg 768w, https:\/\/matchamoya.cz\/wp-content\/uploads\/2020\/04\/certifikat-bio-matcha-caj-moya-14x12.jpg 14w, https:\/\/matchamoya.cz\/wp-content\/uploads\/2020\/04\/certifikat-bio-matcha-caj-moya-600x521.jpg 600w, https:\/\/matchamoya.cz\/wp-content\/uploads\/2020\/04\/certifikat-bio-matcha-caj-moya.jpg 1180w\" sizes=\"(max-width: 150px) 100vw, 150px\" \/><img loading=\"lazy\" decoding=\"async\" class=\"alignnone wp-image-1050\" src=\"https:\/\/matchamoya.cz\/wp-content\/uploads\/2021\/03\/zeleny-caj-matcha-uji-region-japonsko-mapa-400x400.jpg\" alt=\"zeleny-caj-matcha-uji-region-japonsko-mapa\" width=\"131\" height=\"129\" \/><\/a><\/p>","protected":false},"featured_media":383,"comment_status":"open","ping_status":"closed","template":"","meta":[],"product_cat":[68],"product_tag":[],"class_list":{"0":"post-379","1":"product","2":"type-product","3":"status-publish","4":"has-post-thumbnail","6":"product_cat-matcha-japonske-zelene-caje-moya","7":"product_shipping_class-dobra-dodani","9":"first","10":"instock","11":"taxable","12":"shipping-taxable","13":"purchasable","14":"product-type-variable"},"yoast_head":"<!-- This site is optimized with the Yoast SEO plugin v23.4 - https:\/\/yoast.com\/wordpress\/plugins\/seo\/ -->\n<title>BIO japonsk\u00e1 matcha na pe\u010den\u00ed a va\u0159en\u00ed 250g, 1 Kg | Matcha Moya<\/title>\n<meta name=\"description\" content=\"BIO japonsk\u00e1 kulin\u00e1\u0159sk\u00e1 matcha na pe\u010den\u00ed a va\u0159en\u00ed 250g, 1kg - Moya. Ze t\u0159et\u00ed, podzimn\u00ed sklizn\u011b se silnou chut\u00ed \u010daje a pln\u00fdm t\u011blem.\" \/>\n<meta name=\"robots\" content=\"index, follow, max-snippet:-1, max-image-preview:large, max-video-preview:-1\" \/>\n<link rel=\"canonical\" href=\"https:\/\/matchamoya.cz\/en\/shop\/matcha-japonske-zelene-caje-moya\/bio-japonska-kulinarska-matcha-na-peceni-a-vareni-250g-1kg-moya\/\" \/>\n<meta property=\"og:locale\" content=\"en_US\" \/>\n<meta property=\"og:type\" content=\"article\" \/>\n<meta property=\"og:title\" content=\"BIO japonsk\u00e1 matcha na pe\u010den\u00ed a va\u0159en\u00ed 250g, 1 Kg | Matcha Moya\" \/>\n<meta property=\"og:description\" content=\"BIO japonsk\u00e1 kulin\u00e1\u0159sk\u00e1 matcha na pe\u010den\u00ed a va\u0159en\u00ed 250g, 1kg - Moya. Ze t\u0159et\u00ed, podzimn\u00ed sklizn\u011b se silnou chut\u00ed \u010daje a pln\u00fdm t\u011blem.\" \/>\n<meta property=\"og:url\" content=\"https:\/\/matchamoya.cz\/en\/shop\/matcha-japonske-zelene-caje-moya\/bio-japonska-kulinarska-matcha-na-peceni-a-vareni-250g-1kg-moya\/\" \/>\n<meta property=\"og:site_name\" content=\"Matcha Moya\" \/>\n<meta property=\"article:modified_time\" content=\"2026-02-19T10:58:31+00:00\" \/>\n<meta property=\"og:image\" content=\"https:\/\/matchamoya.cz\/wp-content\/uploads\/2020\/04\/culinary-250g-2.jpg\" \/>\n\t<meta property=\"og:image:width\" content=\"667\" \/>\n\t<meta property=\"og:image:height\" content=\"1000\" \/>\n\t<meta property=\"og:image:type\" content=\"image\/jpeg\" \/>\n<meta name=\"twitter:card\" content=\"summary_large_image\" \/>\n<meta name=\"twitter:label1\" content=\"Est. reading time\" \/>\n\t<meta name=\"twitter:data1\" content=\"2 minutes\" \/>\n<!-- \/ Yoast SEO plugin. -->","yoast_head_json":{"title":"BIO japonsk\u00e1 matcha na pe\u010den\u00ed a va\u0159en\u00ed 250g, 1 Kg | Matcha Moya","description":"BIO japonsk\u00e1 kulin\u00e1\u0159sk\u00e1 matcha na pe\u010den\u00ed a va\u0159en\u00ed 250g, 1kg - Moya. Ze t\u0159et\u00ed, podzimn\u00ed sklizn\u011b se silnou chut\u00ed \u010daje a pln\u00fdm t\u011blem.","robots":{"index":"index","follow":"follow","max-snippet":"max-snippet:-1","max-image-preview":"max-image-preview:large","max-video-preview":"max-video-preview:-1"},"canonical":"https:\/\/matchamoya.cz\/en\/shop\/matcha-japonske-zelene-caje-moya\/bio-japonska-kulinarska-matcha-na-peceni-a-vareni-250g-1kg-moya\/","og_locale":"en_US","og_type":"article","og_title":"BIO japonsk\u00e1 matcha na pe\u010den\u00ed a va\u0159en\u00ed 250g, 1 Kg | Matcha Moya","og_description":"BIO japonsk\u00e1 kulin\u00e1\u0159sk\u00e1 matcha na pe\u010den\u00ed a va\u0159en\u00ed 250g, 1kg - Moya. Ze t\u0159et\u00ed, podzimn\u00ed sklizn\u011b se silnou chut\u00ed \u010daje a pln\u00fdm t\u011blem.","og_url":"https:\/\/matchamoya.cz\/en\/shop\/matcha-japonske-zelene-caje-moya\/bio-japonska-kulinarska-matcha-na-peceni-a-vareni-250g-1kg-moya\/","og_site_name":"Matcha Moya","article_modified_time":"2026-02-19T10:58:31+00:00","og_image":[{"width":667,"height":1000,"url":"https:\/\/matchamoya.cz\/wp-content\/uploads\/2020\/04\/culinary-250g-2.jpg","type":"image\/jpeg"}],"twitter_card":"summary_large_image","twitter_misc":{"Est. reading time":"2 minutes"},"schema":{"@context":"https:\/\/schema.org","@graph":[{"@type":"WebPage","@id":"https:\/\/matchamoya.cz\/en\/shop\/matcha-japonske-zelene-caje-moya\/bio-japonska-kulinarska-matcha-na-peceni-a-vareni-250g-1kg-moya\/","url":"https:\/\/matchamoya.cz\/en\/shop\/matcha-japonske-zelene-caje-moya\/bio-japonska-kulinarska-matcha-na-peceni-a-vareni-250g-1kg-moya\/","name":"BIO japonsk\u00e1 matcha na pe\u010den\u00ed a va\u0159en\u00ed 250g, 1 Kg | Matcha Moya","isPartOf":{"@id":"https:\/\/matchamoya.cz\/en\/#website"},"primaryImageOfPage":{"@id":"https:\/\/matchamoya.cz\/en\/shop\/matcha-japonske-zelene-caje-moya\/bio-japonska-kulinarska-matcha-na-peceni-a-vareni-250g-1kg-moya\/#primaryimage"},"image":{"@id":"https:\/\/matchamoya.cz\/en\/shop\/matcha-japonske-zelene-caje-moya\/bio-japonska-kulinarska-matcha-na-peceni-a-vareni-250g-1kg-moya\/#primaryimage"},"thumbnailUrl":"https:\/\/matchamoya.cz\/wp-content\/uploads\/2020\/04\/culinary-250g-2.jpg","datePublished":"2020-04-22T17:29:58+00:00","dateModified":"2026-02-19T10:58:31+00:00","description":"BIO japonsk\u00e1 kulin\u00e1\u0159sk\u00e1 matcha na pe\u010den\u00ed a va\u0159en\u00ed 250g, 1kg - Moya. Ze t\u0159et\u00ed, podzimn\u00ed sklizn\u011b se silnou chut\u00ed \u010daje a pln\u00fdm t\u011blem.","breadcrumb":{"@id":"https:\/\/matchamoya.cz\/en\/shop\/matcha-japonske-zelene-caje-moya\/bio-japonska-kulinarska-matcha-na-peceni-a-vareni-250g-1kg-moya\/#breadcrumb"},"inLanguage":"en-US","potentialAction":[{"@type":"ReadAction","target":["https:\/\/matchamoya.cz\/en\/shop\/matcha-japonske-zelene-caje-moya\/bio-japonska-kulinarska-matcha-na-peceni-a-vareni-250g-1kg-moya\/"]}]},{"@type":"ImageObject","inLanguage":"en-US","@id":"https:\/\/matchamoya.cz\/en\/shop\/matcha-japonske-zelene-caje-moya\/bio-japonska-kulinarska-matcha-na-peceni-a-vareni-250g-1kg-moya\/#primaryimage","url":"https:\/\/matchamoya.cz\/wp-content\/uploads\/2020\/04\/culinary-250g-2.jpg","contentUrl":"https:\/\/matchamoya.cz\/wp-content\/uploads\/2020\/04\/culinary-250g-2.jpg","width":667,"height":1000},{"@type":"BreadcrumbList","@id":"https:\/\/matchamoya.cz\/en\/shop\/matcha-japonske-zelene-caje-moya\/bio-japonska-kulinarska-matcha-na-peceni-a-vareni-250g-1kg-moya\/#breadcrumb","itemListElement":[{"@type":"ListItem","position":1,"name":"Dom\u016f","item":"https:\/\/matchamoya.cz\/"},{"@type":"ListItem","position":2,"name":"E-SHOP","item":"https:\/\/matchamoya.cz\/shop\/"},{"@type":"ListItem","position":3,"name":"BIO japonsk\u00e1 kulin\u00e1\u0159sk\u00e1 matcha na pe\u010den\u00ed a va\u0159en\u00ed 250g, 1kg &#8211; Moya"}]},{"@type":"WebSite","@id":"https:\/\/matchamoya.cz\/en\/#website","url":"https:\/\/matchamoya.cz\/en\/","name":"Matcha Moya","description":"Matcha Moya","publisher":{"@id":"https:\/\/matchamoya.cz\/en\/#organization"},"potentialAction":[{"@type":"SearchAction","target":{"@type":"EntryPoint","urlTemplate":"https:\/\/matchamoya.cz\/en\/?s={search_term_string}"},"query-input":{"@type":"PropertyValueSpecification","valueRequired":true,"valueName":"search_term_string"}}],"inLanguage":"en-US"},{"@type":"Organization","@id":"https:\/\/matchamoya.cz\/en\/#organization","name":"Moya Matcha","url":"https:\/\/matchamoya.cz\/en\/","logo":{"@type":"ImageObject","inLanguage":"en-US","@id":"https:\/\/matchamoya.cz\/en\/#\/schema\/logo\/image\/","url":"https:\/\/matchamoya.cz\/wp-content\/uploads\/2020\/03\/MOYA_Logo_Green-Black_02.png","contentUrl":"https:\/\/matchamoya.cz\/wp-content\/uploads\/2020\/03\/MOYA_Logo_Green-Black_02.png","width":313,"height":310,"caption":"Moya Matcha"},"image":{"@id":"https:\/\/matchamoya.cz\/en\/#\/schema\/logo\/image\/"}}]}},"_links":{"self":[{"href":"https:\/\/matchamoya.cz\/en\/wp-json\/wp\/v2\/product\/379"}],"collection":[{"href":"https:\/\/matchamoya.cz\/en\/wp-json\/wp\/v2\/product"}],"about":[{"href":"https:\/\/matchamoya.cz\/en\/wp-json\/wp\/v2\/types\/product"}],"replies":[{"embeddable":true,"href":"https:\/\/matchamoya.cz\/en\/wp-json\/wp\/v2\/comments?post=379"}],"wp:featuredmedia":[{"embeddable":true,"href":"https:\/\/matchamoya.cz\/en\/wp-json\/wp\/v2\/media\/383"}],"wp:attachment":[{"href":"https:\/\/matchamoya.cz\/en\/wp-json\/wp\/v2\/media?parent=379"}],"wp:term":[{"taxonomy":"product_cat","embeddable":true,"href":"https:\/\/matchamoya.cz\/en\/wp-json\/wp\/v2\/product_cat?post=379"},{"taxonomy":"product_tag","embeddable":true,"href":"https:\/\/matchamoya.cz\/en\/wp-json\/wp\/v2\/product_tag?post=379"}],"curies":[{"name":"wp","href":"https:\/\/api.w.org\/{rel}","templated":true}]}}