{"id":3807,"date":"2025-06-09T12:20:24","date_gmt":"2025-06-09T12:20:24","guid":{"rendered":"https:\/\/matchamoya.cz\/?post_type=product&#038;p=3807"},"modified":"2026-04-13T09:35:13","modified_gmt":"2026-04-13T09:35:13","slug":"chawan-taro-rucne-vyrabena-magicka-hlinena-miska-na-piti-matcha-caje-moya","status":"publish","type":"product","link":"https:\/\/matchamoya.cz\/en\/shop\/originalni-cajove-prislusenstvi\/chawan-taro-rucne-vyrabena-magicka-hlinena-miska-na-piti-matcha-caje-moya\/","title":{"rendered":"Chawan Taro \u2013 Ru\u010dn\u011b vyr\u00e1b\u011bn\u00e1 magick\u00e1 hlin\u011bn\u00e1 miska na pit\u00ed matcha \u010daje Moya"},"content":{"rendered":"<h1>Chawan Taro \u2013 Ru\u010dn\u011b vyr\u00e1b\u011bn\u00e1 magick\u00e1 hlin\u011bn\u00e1 miska na pit\u00ed matcha \u010daje Moya<\/h1>\n<div><strong>Taro Matchawan<\/strong> je skute\u010dn\u00fdm mistrovsk\u00fdm d\u00edlem keramiky a sou\u010d\u00e1st\u00ed \u010dajov\u00e9 tradice zn\u00e1m\u00e9 jako \u201echado\u201c. Jeho barevn\u00e1 paleta n\u00e1m p\u0159ipom\u00edn\u00e1 hlubiny oce\u00e1nu, odtud n\u00e1zev inspirovan\u00fd japonskou legendou. P\u0159\u00edb\u011bh vypr\u00e1v\u00ed p\u0159\u00edb\u011bh mlad\u00e9ho ryb\u00e1\u0159e Tar\u014d, kter\u00fd jednoho dne vid\u011bl d\u011bti tr\u00fdznit malou \u017eelvu p\u0159i ryba\u0159en\u00ed. Tar\u014d zachr\u00e1nil \u017eelvu a pustil ji zp\u011bt do mo\u0159e. N\u00e1sleduj\u00edc\u00edho dne se p\u0159ed n\u00edm objevila ob\u0159\u00ed \u017eelva, mo\u017en\u00e1 tis\u00edc let star\u00e1, zahalen\u00e1 mo\u0159sk\u00fdmi \u0159asami. \u017delva prozradila, \u017ee ten, koho zachr\u00e1nil, byla Oto-hime, dcera mo\u0159sk\u00e9ho c\u00edsa\u0159e, kter\u00fd si p\u0159\u00e1l se s n\u00edm setkat, aby mu vyj\u00e1d\u0159il svou vd\u011b\u010dnost. Pomoc\u00ed magie dala \u017eelva Tar\u014dovi p\u00e1r \u017e\u00e1ber a zavedla ho do n\u00e1dhern\u00e9ho pal\u00e1ce na dn\u011b mo\u0159e.<strong> Miska Taro<\/strong> je ide\u00e1ln\u00ed pro p\u0159\u00edpravu matcha s vodou nebo va\u0161\u00edm obl\u00edben\u00fdm ml\u00e9kem. K tomuto \u00fa\u010delu doporu\u010dujeme pou\u017e\u00edt bambusovou metlu chasen.Jeho \u0161irok\u00e9 dno usnad\u0148uje m\u00edch\u00e1n\u00ed matchy ve vod\u011b pomoc\u00ed <a href=\"https:\/\/matchamoya.cz\/shop\/originalni-cajove-prislusenstvi\/chasen-tradicni-bambusova-metlicka-na-michani-matcha-caje\/\"><strong>chasen \u2013 bambusov\u00e9 metly<\/strong><\/a> pou\u017e\u00edvan\u00e9 k m\u00edch\u00e1n\u00ed matchy s vodou.<\/div>\n<p>Nezapome\u0148te pou\u017e\u00edt vodu s teplotou nep\u0159esahuj\u00edc\u00ed 80 \u00b0 C, abyste zachovali v\u0161echny vlastnosti matcha &#8211; video s n\u00e1vodem, <strong><a href=\"https:\/\/matchamoya.cz\/jak-pripravit-matchu\/\">jak p\u0159ipravit matcha \u010daj od Hitomi Saito zde<\/a><\/strong>.<\/p>\n<p><strong>Tradi\u010dn\u00ed miska na p\u0159\u00edpravu a pit\u00ed \u010daje matcha.<\/strong><\/p>\n<p>OBJEM: 400 ml<br \/>\nV\u00dd\u0160KA: 7,5 &#8211; 8,5 cm<br \/>\nPR\u016eM\u011aR: 10,0 cm<br \/>\nZEM\u011a P\u016eVODU: Japonsko<\/p>\n<p>Vzhledem k tomu, \u017ee se jedn\u00e1 o ru\u010dn\u011b vyr\u00e1b\u011bn\u00fd v\u00fdrobek, rozm\u011bry se mohou m\u00edrn\u011b li\u0161it. <strong>Mo\u017eno m\u00fdt v my\u010dce.<\/strong><\/p>","protected":false},"excerpt":{"rendered":"<div><strong>Taro Matchawan<\/strong> je skute\u010dn\u00fdm mistrovsk\u00fdm d\u00edlem keramiky a sou\u010d\u00e1st\u00ed \u010dajov\u00e9 tradice zn\u00e1m\u00e9 jako \u201echado\u201c. Jeho barevn\u00e1 paleta n\u00e1m p\u0159ipom\u00edn\u00e1 hlubiny oce\u00e1nu, odtud n\u00e1zev inspirovan\u00fd japonskou legendou. P\u0159\u00edb\u011bh vypr\u00e1v\u00ed p\u0159\u00edb\u011bh mlad\u00e9ho ryb\u00e1\u0159e Tar\u014d, kter\u00fd jednoho dne vid\u011bl d\u011bti tr\u00fdznit malou \u017eelvu p\u0159i ryba\u0159en\u00ed. Tar\u014d zachr\u00e1nil \u017eelvu a pustil ji zp\u011bt do mo\u0159e. N\u00e1sleduj\u00edc\u00edho dne se p\u0159ed n\u00edm objevila ob\u0159\u00ed \u017eelva, mo\u017en\u00e1 tis\u00edc let star\u00e1, zahalen\u00e1 mo\u0159sk\u00fdmi \u0159asami. \u017delva prozradila, \u017ee ten, koho zachr\u00e1nil, byla Oto-hime, dcera mo\u0159sk\u00e9ho c\u00edsa\u0159e, kter\u00fd si p\u0159\u00e1l se s n\u00edm setkat, aby mu vyj\u00e1d\u0159il svou vd\u011b\u010dnost. Pomoc\u00ed magie dala \u017eelva Tar\u014dovi p\u00e1r \u017e\u00e1ber a zavedla ho do n\u00e1dhern\u00e9ho pal\u00e1ce na dn\u011b mo\u0159e.<strong> Miska Taro<\/strong> je ide\u00e1ln\u00ed pro p\u0159\u00edpravu matcha s vodou nebo va\u0161\u00edm obl\u00edben\u00fdm ml\u00e9kem. K tomuto \u00fa\u010delu doporu\u010dujeme pou\u017e\u00edt bambusovou metlu chasen.Jeho \u0161irok\u00e9 dno usnad\u0148uje m\u00edch\u00e1n\u00ed matchy ve vod\u011b pomoc\u00ed <a href=\"https:\/\/matchamoya.cz\/shop\/originalni-cajove-prislusenstvi\/chasen-tradicni-bambusova-metlicka-na-michani-matcha-caje\/\"><strong>chasen \u2013 bambusov\u00e9 metly<\/strong><\/a> pou\u017e\u00edvan\u00e9 k m\u00edch\u00e1n\u00ed matchy s vodou.<\/div>\n<p>Nezapome\u0148te pou\u017e\u00edt vodu s teplotou nep\u0159esahuj\u00edc\u00ed 80 \u00b0 C, abyste zachovali v\u0161echny vlastnosti matcha &#8211; video s n\u00e1vodem, <strong><a href=\"https:\/\/matchamoya.cz\/jak-pripravit-matchu\/\">jak p\u0159ipravit matcha \u010daj od Hitomi Saito zde<\/a><\/strong>.<\/p>\n<p><strong>Tradi\u010dn\u00ed miska na p\u0159\u00edpravu a pit\u00ed \u010daje matcha.<\/strong><\/p>\n<p>OBJEM: 400 ml<br \/>\nV\u00dd\u0160KA: 7,5 &#8211; 8,5 cm<br \/>\nPR\u016eM\u011aR: 10,0 cm<br \/>\nZEM\u011a P\u016eVODU: Japonsko<\/p>\n<p>Vzhledem k tomu, \u017ee se jedn\u00e1 o ru\u010dn\u011b vyr\u00e1b\u011bn\u00fd v\u00fdrobek, rozm\u011bry se mohou m\u00edrn\u011b li\u0161it. <strong>Mo\u017eno m\u00fdt v my\u010dce.<\/strong><\/p>","protected":false},"featured_media":3808,"comment_status":"open","ping_status":"closed","template":"","meta":[],"product_cat":[70],"product_tag":[],"class_list":{"0":"post-3807","1":"product","2":"type-product","3":"status-publish","4":"has-post-thumbnail","6":"product_cat-originalni-cajove-prislusenstvi","7":"product_shipping_class-dobra-dodani","9":"first","10":"instock","11":"featured","12":"taxable","13":"shipping-taxable","14":"purchasable","15":"product-type-simple"},"yoast_head":"<!-- This site is optimized with the Yoast SEO plugin v23.4 - https:\/\/yoast.com\/wordpress\/plugins\/seo\/ -->\n<title>Chawan Taro \u2013 Magick\u00e1 ru\u010dn\u011b vyr\u00e1b\u011bn\u00e1 japonsk\u00e1 miska | Matcha Moya<\/title>\n<meta name=\"description\" content=\"Taro Matchawan je skute\u010dn\u00fdm mistrovsk\u00fdm d\u00edlem keramiky a sou\u010d\u00e1st\u00ed \u010dajov\u00e9 tradice zn\u00e1m\u00e9 jako \u201echado\u201c. Ka\u017ed\u00e1 miska je jedine\u010dn\u00e1.\" \/>\n<meta name=\"robots\" content=\"index, follow, max-snippet:-1, max-image-preview:large, max-video-preview:-1\" \/>\n<link rel=\"canonical\" href=\"https:\/\/matchamoya.cz\/en\/shop\/originalni-cajove-prislusenstvi\/chawan-taro-rucne-vyrabena-magicka-hlinena-miska-na-piti-matcha-caje-moya\/\" \/>\n<meta property=\"og:locale\" content=\"en_US\" \/>\n<meta property=\"og:type\" content=\"article\" \/>\n<meta property=\"og:title\" content=\"Chawan Taro \u2013 Magick\u00e1 ru\u010dn\u011b vyr\u00e1b\u011bn\u00e1 japonsk\u00e1 miska | Matcha Moya\" \/>\n<meta property=\"og:description\" content=\"Taro Matchawan je skute\u010dn\u00fdm mistrovsk\u00fdm d\u00edlem keramiky a sou\u010d\u00e1st\u00ed \u010dajov\u00e9 tradice zn\u00e1m\u00e9 jako \u201echado\u201c. Ka\u017ed\u00e1 miska je jedine\u010dn\u00e1.\" \/>\n<meta property=\"og:url\" content=\"https:\/\/matchamoya.cz\/en\/shop\/originalni-cajove-prislusenstvi\/chawan-taro-rucne-vyrabena-magicka-hlinena-miska-na-piti-matcha-caje-moya\/\" \/>\n<meta property=\"og:site_name\" content=\"Matcha Moya\" \/>\n<meta property=\"article:modified_time\" content=\"2026-04-13T09:35:13+00:00\" \/>\n<meta property=\"og:image\" content=\"https:\/\/matchamoya.cz\/wp-content\/uploads\/2025\/06\/Miska-na-matchu-matchwan-Taro-magicky-modry.jpg\" \/>\n\t<meta property=\"og:image:width\" content=\"810\" \/>\n\t<meta property=\"og:image:height\" content=\"1213\" \/>\n\t<meta property=\"og:image:type\" content=\"image\/jpeg\" \/>\n<meta name=\"twitter:card\" content=\"summary_large_image\" \/>\n<meta name=\"twitter:label1\" content=\"Est. reading time\" \/>\n\t<meta name=\"twitter:data1\" content=\"2 minutes\" \/>\n<!-- \/ Yoast SEO plugin. -->","yoast_head_json":{"title":"Chawan Taro \u2013 Magick\u00e1 ru\u010dn\u011b vyr\u00e1b\u011bn\u00e1 japonsk\u00e1 miska | Matcha Moya","description":"Taro Matchawan je skute\u010dn\u00fdm mistrovsk\u00fdm d\u00edlem keramiky a sou\u010d\u00e1st\u00ed \u010dajov\u00e9 tradice zn\u00e1m\u00e9 jako \u201echado\u201c. Ka\u017ed\u00e1 miska je jedine\u010dn\u00e1.","robots":{"index":"index","follow":"follow","max-snippet":"max-snippet:-1","max-image-preview":"max-image-preview:large","max-video-preview":"max-video-preview:-1"},"canonical":"https:\/\/matchamoya.cz\/en\/shop\/originalni-cajove-prislusenstvi\/chawan-taro-rucne-vyrabena-magicka-hlinena-miska-na-piti-matcha-caje-moya\/","og_locale":"en_US","og_type":"article","og_title":"Chawan Taro \u2013 Magick\u00e1 ru\u010dn\u011b vyr\u00e1b\u011bn\u00e1 japonsk\u00e1 miska | Matcha Moya","og_description":"Taro Matchawan je skute\u010dn\u00fdm mistrovsk\u00fdm d\u00edlem keramiky a sou\u010d\u00e1st\u00ed \u010dajov\u00e9 tradice zn\u00e1m\u00e9 jako \u201echado\u201c. Ka\u017ed\u00e1 miska je jedine\u010dn\u00e1.","og_url":"https:\/\/matchamoya.cz\/en\/shop\/originalni-cajove-prislusenstvi\/chawan-taro-rucne-vyrabena-magicka-hlinena-miska-na-piti-matcha-caje-moya\/","og_site_name":"Matcha Moya","article_modified_time":"2026-04-13T09:35:13+00:00","og_image":[{"width":810,"height":1213,"url":"https:\/\/matchamoya.cz\/wp-content\/uploads\/2025\/06\/Miska-na-matchu-matchwan-Taro-magicky-modry.jpg","type":"image\/jpeg"}],"twitter_card":"summary_large_image","twitter_misc":{"Est. reading time":"2 minutes"},"schema":{"@context":"https:\/\/schema.org","@graph":[{"@type":"WebPage","@id":"https:\/\/matchamoya.cz\/en\/shop\/originalni-cajove-prislusenstvi\/chawan-taro-rucne-vyrabena-magicka-hlinena-miska-na-piti-matcha-caje-moya\/","url":"https:\/\/matchamoya.cz\/en\/shop\/originalni-cajove-prislusenstvi\/chawan-taro-rucne-vyrabena-magicka-hlinena-miska-na-piti-matcha-caje-moya\/","name":"Chawan Taro \u2013 Magick\u00e1 ru\u010dn\u011b vyr\u00e1b\u011bn\u00e1 japonsk\u00e1 miska | Matcha Moya","isPartOf":{"@id":"https:\/\/matchamoya.cz\/en\/#website"},"primaryImageOfPage":{"@id":"https:\/\/matchamoya.cz\/en\/shop\/originalni-cajove-prislusenstvi\/chawan-taro-rucne-vyrabena-magicka-hlinena-miska-na-piti-matcha-caje-moya\/#primaryimage"},"image":{"@id":"https:\/\/matchamoya.cz\/en\/shop\/originalni-cajove-prislusenstvi\/chawan-taro-rucne-vyrabena-magicka-hlinena-miska-na-piti-matcha-caje-moya\/#primaryimage"},"thumbnailUrl":"https:\/\/matchamoya.cz\/wp-content\/uploads\/2025\/06\/Miska-na-matchu-matchwan-Taro-magicky-modry.jpg","datePublished":"2025-06-09T12:20:24+00:00","dateModified":"2026-04-13T09:35:13+00:00","description":"Taro Matchawan je skute\u010dn\u00fdm mistrovsk\u00fdm d\u00edlem keramiky a sou\u010d\u00e1st\u00ed \u010dajov\u00e9 tradice zn\u00e1m\u00e9 jako \u201echado\u201c. Ka\u017ed\u00e1 miska je jedine\u010dn\u00e1.","breadcrumb":{"@id":"https:\/\/matchamoya.cz\/en\/shop\/originalni-cajove-prislusenstvi\/chawan-taro-rucne-vyrabena-magicka-hlinena-miska-na-piti-matcha-caje-moya\/#breadcrumb"},"inLanguage":"en-US","potentialAction":[{"@type":"ReadAction","target":["https:\/\/matchamoya.cz\/en\/shop\/originalni-cajove-prislusenstvi\/chawan-taro-rucne-vyrabena-magicka-hlinena-miska-na-piti-matcha-caje-moya\/"]}]},{"@type":"ImageObject","inLanguage":"en-US","@id":"https:\/\/matchamoya.cz\/en\/shop\/originalni-cajove-prislusenstvi\/chawan-taro-rucne-vyrabena-magicka-hlinena-miska-na-piti-matcha-caje-moya\/#primaryimage","url":"https:\/\/matchamoya.cz\/wp-content\/uploads\/2025\/06\/Miska-na-matchu-matchwan-Taro-magicky-modry.jpg","contentUrl":"https:\/\/matchamoya.cz\/wp-content\/uploads\/2025\/06\/Miska-na-matchu-matchwan-Taro-magicky-modry.jpg","width":810,"height":1213,"caption":"magicka-miska-taro-podle-japonske-legendy-chado"},{"@type":"BreadcrumbList","@id":"https:\/\/matchamoya.cz\/en\/shop\/originalni-cajove-prislusenstvi\/chawan-taro-rucne-vyrabena-magicka-hlinena-miska-na-piti-matcha-caje-moya\/#breadcrumb","itemListElement":[{"@type":"ListItem","position":1,"name":"Dom\u016f","item":"https:\/\/matchamoya.cz\/"},{"@type":"ListItem","position":2,"name":"E-SHOP","item":"https:\/\/matchamoya.cz\/shop\/"},{"@type":"ListItem","position":3,"name":"Chawan Taro \u2013 Ru\u010dn\u011b vyr\u00e1b\u011bn\u00e1 magick\u00e1 hlin\u011bn\u00e1 miska na pit\u00ed matcha \u010daje Moya"}]},{"@type":"WebSite","@id":"https:\/\/matchamoya.cz\/en\/#website","url":"https:\/\/matchamoya.cz\/en\/","name":"Matcha Moya","description":"Matcha Moya","publisher":{"@id":"https:\/\/matchamoya.cz\/en\/#organization"},"potentialAction":[{"@type":"SearchAction","target":{"@type":"EntryPoint","urlTemplate":"https:\/\/matchamoya.cz\/en\/?s={search_term_string}"},"query-input":{"@type":"PropertyValueSpecification","valueRequired":true,"valueName":"search_term_string"}}],"inLanguage":"en-US"},{"@type":"Organization","@id":"https:\/\/matchamoya.cz\/en\/#organization","name":"Moya Matcha","url":"https:\/\/matchamoya.cz\/en\/","logo":{"@type":"ImageObject","inLanguage":"en-US","@id":"https:\/\/matchamoya.cz\/en\/#\/schema\/logo\/image\/","url":"https:\/\/matchamoya.cz\/wp-content\/uploads\/2020\/03\/MOYA_Logo_Green-Black_02.png","contentUrl":"https:\/\/matchamoya.cz\/wp-content\/uploads\/2020\/03\/MOYA_Logo_Green-Black_02.png","width":313,"height":310,"caption":"Moya Matcha"},"image":{"@id":"https:\/\/matchamoya.cz\/en\/#\/schema\/logo\/image\/"}}]}},"_links":{"self":[{"href":"https:\/\/matchamoya.cz\/en\/wp-json\/wp\/v2\/product\/3807"}],"collection":[{"href":"https:\/\/matchamoya.cz\/en\/wp-json\/wp\/v2\/product"}],"about":[{"href":"https:\/\/matchamoya.cz\/en\/wp-json\/wp\/v2\/types\/product"}],"replies":[{"embeddable":true,"href":"https:\/\/matchamoya.cz\/en\/wp-json\/wp\/v2\/comments?post=3807"}],"wp:featuredmedia":[{"embeddable":true,"href":"https:\/\/matchamoya.cz\/en\/wp-json\/wp\/v2\/media\/3808"}],"wp:attachment":[{"href":"https:\/\/matchamoya.cz\/en\/wp-json\/wp\/v2\/media?parent=3807"}],"wp:term":[{"taxonomy":"product_cat","embeddable":true,"href":"https:\/\/matchamoya.cz\/en\/wp-json\/wp\/v2\/product_cat?post=3807"},{"taxonomy":"product_tag","embeddable":true,"href":"https:\/\/matchamoya.cz\/en\/wp-json\/wp\/v2\/product_tag?post=3807"}],"curies":[{"name":"wp","href":"https:\/\/api.w.org\/{rel}","templated":true}]}}