{"id":3810,"date":"2025-06-09T12:43:35","date_gmt":"2025-06-09T12:43:35","guid":{"rendered":"https:\/\/matchamoya.cz\/?post_type=product&#038;p=3810"},"modified":"2025-12-15T15:07:58","modified_gmt":"2025-12-15T15:07:58","slug":"keramicky-rucne-vyrabeny-bily-hrnek-josei-moya","status":"publish","type":"product","link":"https:\/\/matchamoya.cz\/en\/shop\/originalni-cajove-prislusenstvi\/keramicky-rucne-vyrabeny-bily-hrnek-josei-moya\/","title":{"rendered":"Keramick\u00fd ru\u010dn\u011b vyr\u00e1b\u011bn\u00fd b\u00edl\u00fd hrnek Josei &#8211; Moya"},"content":{"rendered":"<h1>Keramick\u00fd ru\u010dn\u011b vyr\u00e1b\u011bn\u00fd b\u00edl\u00fd hrnek Josei &#8211; Moya<\/h1>\n<div>\n<div><strong>Hrnek Josei<\/strong> na \u010daj byl vyroben ru\u010dn\u011b na hrn\u010d\u00ed\u0159sk\u00e9m kruhu. Je vyroben z \u0161ed\u00e9 hl\u00edny s jemn\u00fdm p\u0159\u00eddavkem \u0161amotu a glazury vyroben\u00fd v souladu se staletou japonskou tradic\u00ed. Je ur\u010den k pit\u00ed sypan\u00e9ho \u010daje a v\u0161ech studen\u00fdch i tepl\u00fdch n\u00e1poj\u016f. Je vhodn\u00fd i k pit\u00ed matcha. Doporu\u010duje se jako univerz\u00e1ln\u00ed d\u00e1rek pro nejn\u00e1ro\u010dn\u011bj\u0161\u00ed fanou\u0161ky \u010daje a keramiky.<\/div>\n<div><\/div>\n<div>Hrnek Josei vznikl v limitovan\u00e9 s\u00e9rii pro MOYA vyroben\u00e9 krakovsk\u00fdm keramick\u00fdm studiem KOOE. Produkty KOOE se vyzna\u010duj\u00ed kr\u00e1sn\u00fdmi tvary a mimo\u0159\u00e1dnou odolnost\u00ed d\u00edky vypalov\u00e1n\u00ed p\u0159i vysok\u00e9 teplot\u011b. Ka\u017ed\u00fd hrnek Josei je to\u010den\u00fd na hrn\u010d\u00ed\u0159sk\u00e9m kruhu a ru\u010dn\u011b glazovan\u00fd, tak\u017ee se vzhledov\u011b m\u016f\u017ee m\u00edrn\u011b li\u0161it od toho na fotografii.<\/div>\n<\/div>\n<p><strong>Keramick\u00fd ru\u010dn\u011b vyr\u00e1b\u011bn\u00fd b\u00edl\u00fd hrnek Josei &#8211; Moya<\/strong><br \/>\nOBJEM: 200ml,<br \/>\nV\u00dd\u0160KA: 9 cm,<br \/>\nPR\u016eM\u011aR: 7,5 cm<br \/>\nZEM\u011a P\u016eVODU: Polsko<br \/>\nVzhledem k tomu, \u017ee se jedn\u00e1 o ru\u010dn\u00ed pr\u00e1ci, rozm\u011bry a barva se mohou m\u00edrn\u011b li\u0161it.<br \/>\n<strong>Vhodn\u00e9 do my\u010dky.<\/strong><\/p>\n<p>&nbsp;<\/p>\n<p>&nbsp;<\/p>","protected":false},"excerpt":{"rendered":"<div>\n<div><strong>Hrnek Josei<\/strong> na \u010daj byl vyroben ru\u010dn\u011b na hrn\u010d\u00ed\u0159sk\u00e9m kruhu. Je vyroben z \u0161ed\u00e9 hl\u00edny s jemn\u00fdm p\u0159\u00eddavkem \u0161amotu a glazury vyroben\u00fd v souladu se staletou japonskou tradic\u00ed. Je ur\u010den k pit\u00ed sypan\u00e9ho \u010daje a v\u0161ech studen\u00fdch i tepl\u00fdch n\u00e1poj\u016f. Je vhodn\u00fd i k pit\u00ed matcha. Doporu\u010duje se jako univerz\u00e1ln\u00ed d\u00e1rek pro nejn\u00e1ro\u010dn\u011bj\u0161\u00ed fanou\u0161ky \u010daje a keramiky.<\/div>\n<div><\/div>\n<div>Hrnek Josei vznikl v limitovan\u00e9 s\u00e9rii pro MOYA vyroben\u00e9 krakovsk\u00fdm keramick\u00fdm studiem KOOE. Produkty KOOE se vyzna\u010duj\u00ed kr\u00e1sn\u00fdmi tvary a mimo\u0159\u00e1dnou odolnost\u00ed d\u00edky vypalov\u00e1n\u00ed p\u0159i vysok\u00e9 teplot\u011b. Ka\u017ed\u00fd hrnek Josei je to\u010den\u00fd na hrn\u010d\u00ed\u0159sk\u00e9m kruhu a ru\u010dn\u011b glazovan\u00fd, tak\u017ee se vzhledov\u011b m\u016f\u017ee m\u00edrn\u011b li\u0161it od toho na fotografii.<\/div>\n<\/div>\n<p><strong>Keramick\u00fd ru\u010dn\u011b vyr\u00e1b\u011bn\u00fd b\u00edl\u00fd hrnek Josei &#8211; Moya<\/strong><br \/>\nOBJEM: 200ml,<br \/>\nV\u00dd\u0160KA: 9 cm,<br \/>\nPR\u016eM\u011aR: 7,5 cm<br \/>\nZEM\u011a P\u016eVODU: Polsko<br \/>\nVzhledem k tomu, \u017ee se jedn\u00e1 o ru\u010dn\u00ed pr\u00e1ci, rozm\u011bry a barva se mohou m\u00edrn\u011b li\u0161it.<br \/>\n<strong>Vhodn\u00e9 do my\u010dky.<\/strong><\/p>","protected":false},"featured_media":3811,"comment_status":"open","ping_status":"closed","template":"","meta":[],"product_cat":[70],"product_tag":[],"class_list":{"0":"post-3810","1":"product","2":"type-product","3":"status-publish","4":"has-post-thumbnail","6":"product_cat-originalni-cajove-prislusenstvi","7":"product_shipping_class-dobra-dodani","9":"first","10":"instock","11":"taxable","12":"shipping-taxable","13":"purchasable","14":"product-type-simple"},"yoast_head":"<!-- This site is optimized with the Yoast SEO plugin v23.4 - https:\/\/yoast.com\/wordpress\/plugins\/seo\/ -->\n<title>Keramick\u00fd ru\u010dn\u011b vyr\u00e1b\u011bn\u00fd b\u00edl\u00fd hrnek Shimo | Matcha Moya<\/title>\n<meta name=\"description\" content=\"Hrnek Josei na \u010daj byl vyroben ru\u010dn\u011b na hrn\u010d\u00ed\u0159sk\u00e9m kruhu. Je ur\u010den k pit\u00ed sypan\u00e9ho \u010daje a v\u0161ech studen\u00fdch i tepl\u00fdch n\u00e1poj\u016f.\" \/>\n<meta name=\"robots\" content=\"index, follow, max-snippet:-1, max-image-preview:large, max-video-preview:-1\" \/>\n<link rel=\"canonical\" href=\"https:\/\/matchamoya.cz\/en\/shop\/originalni-cajove-prislusenstvi\/keramicky-rucne-vyrabeny-bily-hrnek-josei-moya\/\" \/>\n<meta property=\"og:locale\" content=\"en_US\" \/>\n<meta property=\"og:type\" content=\"article\" \/>\n<meta property=\"og:title\" content=\"Keramick\u00fd ru\u010dn\u011b vyr\u00e1b\u011bn\u00fd b\u00edl\u00fd hrnek Shimo | Matcha Moya\" \/>\n<meta property=\"og:description\" content=\"Hrnek Josei na \u010daj byl vyroben ru\u010dn\u011b na hrn\u010d\u00ed\u0159sk\u00e9m kruhu. Je ur\u010den k pit\u00ed sypan\u00e9ho \u010daje a v\u0161ech studen\u00fdch i tepl\u00fdch n\u00e1poj\u016f.\" \/>\n<meta property=\"og:url\" content=\"https:\/\/matchamoya.cz\/en\/shop\/originalni-cajove-prislusenstvi\/keramicky-rucne-vyrabeny-bily-hrnek-josei-moya\/\" \/>\n<meta property=\"og:site_name\" content=\"Matcha Moya\" \/>\n<meta property=\"article:modified_time\" content=\"2025-12-15T15:07:58+00:00\" \/>\n<meta property=\"og:image\" content=\"https:\/\/matchamoya.cz\/wp-content\/uploads\/2025\/06\/moya-josei-hrnek-na-caj.jpg\" \/>\n\t<meta property=\"og:image:width\" content=\"810\" \/>\n\t<meta property=\"og:image:height\" content=\"1213\" \/>\n\t<meta property=\"og:image:type\" content=\"image\/jpeg\" \/>\n<meta name=\"twitter:card\" content=\"summary_large_image\" \/>\n<meta name=\"twitter:label1\" content=\"Est. reading time\" \/>\n\t<meta name=\"twitter:data1\" content=\"2 minutes\" \/>\n<!-- \/ Yoast SEO plugin. -->","yoast_head_json":{"title":"Keramick\u00fd ru\u010dn\u011b vyr\u00e1b\u011bn\u00fd b\u00edl\u00fd hrnek Shimo | Matcha Moya","description":"Hrnek Josei na \u010daj byl vyroben ru\u010dn\u011b na hrn\u010d\u00ed\u0159sk\u00e9m kruhu. Je ur\u010den k pit\u00ed sypan\u00e9ho \u010daje a v\u0161ech studen\u00fdch i tepl\u00fdch n\u00e1poj\u016f.","robots":{"index":"index","follow":"follow","max-snippet":"max-snippet:-1","max-image-preview":"max-image-preview:large","max-video-preview":"max-video-preview:-1"},"canonical":"https:\/\/matchamoya.cz\/en\/shop\/originalni-cajove-prislusenstvi\/keramicky-rucne-vyrabeny-bily-hrnek-josei-moya\/","og_locale":"en_US","og_type":"article","og_title":"Keramick\u00fd ru\u010dn\u011b vyr\u00e1b\u011bn\u00fd b\u00edl\u00fd hrnek Shimo | Matcha Moya","og_description":"Hrnek Josei na \u010daj byl vyroben ru\u010dn\u011b na hrn\u010d\u00ed\u0159sk\u00e9m kruhu. Je ur\u010den k pit\u00ed sypan\u00e9ho \u010daje a v\u0161ech studen\u00fdch i tepl\u00fdch n\u00e1poj\u016f.","og_url":"https:\/\/matchamoya.cz\/en\/shop\/originalni-cajove-prislusenstvi\/keramicky-rucne-vyrabeny-bily-hrnek-josei-moya\/","og_site_name":"Matcha Moya","article_modified_time":"2025-12-15T15:07:58+00:00","og_image":[{"width":810,"height":1213,"url":"https:\/\/matchamoya.cz\/wp-content\/uploads\/2025\/06\/moya-josei-hrnek-na-caj.jpg","type":"image\/jpeg"}],"twitter_card":"summary_large_image","twitter_misc":{"Est. reading time":"2 minutes"},"schema":{"@context":"https:\/\/schema.org","@graph":[{"@type":"WebPage","@id":"https:\/\/matchamoya.cz\/en\/shop\/originalni-cajove-prislusenstvi\/keramicky-rucne-vyrabeny-bily-hrnek-josei-moya\/","url":"https:\/\/matchamoya.cz\/en\/shop\/originalni-cajove-prislusenstvi\/keramicky-rucne-vyrabeny-bily-hrnek-josei-moya\/","name":"Keramick\u00fd ru\u010dn\u011b vyr\u00e1b\u011bn\u00fd b\u00edl\u00fd hrnek Shimo | Matcha Moya","isPartOf":{"@id":"https:\/\/matchamoya.cz\/en\/#website"},"primaryImageOfPage":{"@id":"https:\/\/matchamoya.cz\/en\/shop\/originalni-cajove-prislusenstvi\/keramicky-rucne-vyrabeny-bily-hrnek-josei-moya\/#primaryimage"},"image":{"@id":"https:\/\/matchamoya.cz\/en\/shop\/originalni-cajove-prislusenstvi\/keramicky-rucne-vyrabeny-bily-hrnek-josei-moya\/#primaryimage"},"thumbnailUrl":"https:\/\/matchamoya.cz\/wp-content\/uploads\/2025\/06\/moya-josei-hrnek-na-caj.jpg","datePublished":"2025-06-09T12:43:35+00:00","dateModified":"2025-12-15T15:07:58+00:00","description":"Hrnek Josei na \u010daj byl vyroben ru\u010dn\u011b na hrn\u010d\u00ed\u0159sk\u00e9m kruhu. Je ur\u010den k pit\u00ed sypan\u00e9ho \u010daje a v\u0161ech studen\u00fdch i tepl\u00fdch n\u00e1poj\u016f.","breadcrumb":{"@id":"https:\/\/matchamoya.cz\/en\/shop\/originalni-cajove-prislusenstvi\/keramicky-rucne-vyrabeny-bily-hrnek-josei-moya\/#breadcrumb"},"inLanguage":"en-US","potentialAction":[{"@type":"ReadAction","target":["https:\/\/matchamoya.cz\/en\/shop\/originalni-cajove-prislusenstvi\/keramicky-rucne-vyrabeny-bily-hrnek-josei-moya\/"]}]},{"@type":"ImageObject","inLanguage":"en-US","@id":"https:\/\/matchamoya.cz\/en\/shop\/originalni-cajove-prislusenstvi\/keramicky-rucne-vyrabeny-bily-hrnek-josei-moya\/#primaryimage","url":"https:\/\/matchamoya.cz\/wp-content\/uploads\/2025\/06\/moya-josei-hrnek-na-caj.jpg","contentUrl":"https:\/\/matchamoya.cz\/wp-content\/uploads\/2025\/06\/moya-josei-hrnek-na-caj.jpg","width":810,"height":1213,"caption":"krasny-keramicky-hrnek-na-caj"},{"@type":"BreadcrumbList","@id":"https:\/\/matchamoya.cz\/en\/shop\/originalni-cajove-prislusenstvi\/keramicky-rucne-vyrabeny-bily-hrnek-josei-moya\/#breadcrumb","itemListElement":[{"@type":"ListItem","position":1,"name":"Dom\u016f","item":"https:\/\/matchamoya.cz\/"},{"@type":"ListItem","position":2,"name":"E-SHOP","item":"https:\/\/matchamoya.cz\/shop\/"},{"@type":"ListItem","position":3,"name":"Keramick\u00fd ru\u010dn\u011b vyr\u00e1b\u011bn\u00fd b\u00edl\u00fd hrnek Josei &#8211; Moya"}]},{"@type":"WebSite","@id":"https:\/\/matchamoya.cz\/en\/#website","url":"https:\/\/matchamoya.cz\/en\/","name":"Matcha Moya","description":"Matcha Moya","publisher":{"@id":"https:\/\/matchamoya.cz\/en\/#organization"},"potentialAction":[{"@type":"SearchAction","target":{"@type":"EntryPoint","urlTemplate":"https:\/\/matchamoya.cz\/en\/?s={search_term_string}"},"query-input":{"@type":"PropertyValueSpecification","valueRequired":true,"valueName":"search_term_string"}}],"inLanguage":"en-US"},{"@type":"Organization","@id":"https:\/\/matchamoya.cz\/en\/#organization","name":"Moya Matcha","url":"https:\/\/matchamoya.cz\/en\/","logo":{"@type":"ImageObject","inLanguage":"en-US","@id":"https:\/\/matchamoya.cz\/en\/#\/schema\/logo\/image\/","url":"https:\/\/matchamoya.cz\/wp-content\/uploads\/2020\/03\/MOYA_Logo_Green-Black_02.png","contentUrl":"https:\/\/matchamoya.cz\/wp-content\/uploads\/2020\/03\/MOYA_Logo_Green-Black_02.png","width":313,"height":310,"caption":"Moya Matcha"},"image":{"@id":"https:\/\/matchamoya.cz\/en\/#\/schema\/logo\/image\/"}}]}},"_links":{"self":[{"href":"https:\/\/matchamoya.cz\/en\/wp-json\/wp\/v2\/product\/3810"}],"collection":[{"href":"https:\/\/matchamoya.cz\/en\/wp-json\/wp\/v2\/product"}],"about":[{"href":"https:\/\/matchamoya.cz\/en\/wp-json\/wp\/v2\/types\/product"}],"replies":[{"embeddable":true,"href":"https:\/\/matchamoya.cz\/en\/wp-json\/wp\/v2\/comments?post=3810"}],"wp:featuredmedia":[{"embeddable":true,"href":"https:\/\/matchamoya.cz\/en\/wp-json\/wp\/v2\/media\/3811"}],"wp:attachment":[{"href":"https:\/\/matchamoya.cz\/en\/wp-json\/wp\/v2\/media?parent=3810"}],"wp:term":[{"taxonomy":"product_cat","embeddable":true,"href":"https:\/\/matchamoya.cz\/en\/wp-json\/wp\/v2\/product_cat?post=3810"},{"taxonomy":"product_tag","embeddable":true,"href":"https:\/\/matchamoya.cz\/en\/wp-json\/wp\/v2\/product_tag?post=3810"}],"curies":[{"name":"wp","href":"https:\/\/api.w.org\/{rel}","templated":true}]}}