{"id":3813,"date":"2025-06-09T12:53:15","date_gmt":"2025-06-09T12:53:15","guid":{"rendered":"https:\/\/matchamoya.cz\/?post_type=product&#038;p=3813"},"modified":"2025-11-30T15:12:23","modified_gmt":"2025-11-30T15:12:23","slug":"keramicky-rucne-vyrabeny-hrnek-botan-v-barve-pivonky-moya","status":"publish","type":"product","link":"https:\/\/matchamoya.cz\/en\/shop\/originalni-cajove-prislusenstvi\/keramicky-rucne-vyrabeny-hrnek-botan-v-barve-pivonky-moya\/","title":{"rendered":"Keramick\u00fd ru\u010dn\u011b vyr\u00e1b\u011bn\u00fd hrnek Botan v barv\u011b pivo\u0148ky &#8211; Moya"},"content":{"rendered":"<h1>Keramick\u00fd ru\u010dn\u011b vyr\u00e1b\u011bn\u00fd hrnek Botan v barv\u011b pivo\u0148ky &#8211; Moya<\/h1>\n<div><strong>Hrnek Botan<\/strong> je ru\u010dn\u011b vyroben\u00e1 n\u00e1doba na pit\u00ed sypan\u00e9ho \u010daje. D\u00edky nepravideln\u00fdm st\u011bn\u00e1m skv\u011ble padne do ruky. <strong>Intenzivn\u00ed barva \u0161\u00e1lku upout\u00e1 pozornost a d\u011bl\u00e1 z pit\u00ed \u010daje obl\u00edben\u00fd okam\u017eik dne<\/strong>. Barva hrnku n\u00e1s inspirovala k pojmenov\u00e1n\u00ed \u201eBotan\u201c, co\u017e v japon\u0161tin\u011b znamen\u00e1 pivo\u0148ka. V japonsk\u00e9 kultu\u0159e si kr\u00e1sa, elegance a odolnost pivo\u0148ky vyslou\u017eila titul kr\u00e1lovny kv\u011btin. V Japonsku 18. stolet\u00ed byla pivo\u0148ka roz\u0161\u00ed\u0159en\u00fdm motivem v \u0159emeslech, b\u011b\u017en\u011b se pou\u017e\u00edvala jako dekorativn\u00ed prvek v tapis\u00e9ri\u00edch, obrazech, keramice a kimonech. \u010casto se pou\u017e\u00edv\u00e1 v Ikeban\u011b, japonsk\u00e9m um\u011bn\u00ed aran\u017eov\u00e1n\u00ed kv\u011btin.<\/div>\n<p><strong>Keramick\u00fd ru\u010dn\u011b vyr\u00e1b\u011bn\u00fd hrnek Botan v barv\u011b pivo\u0148ky &#8211; Moya<\/strong><br \/>\nOBJEM: 200ml,<br \/>\nV\u00dd\u0160KA: 9 cm,<br \/>\nPR\u016eM\u011aR: 7 cm<br \/>\nZEM\u011a P\u016eVODU: Japonsko<br \/>\nVzhledem k tomu, \u017ee se jedn\u00e1 o ru\u010dn\u00ed pr\u00e1ci, rozm\u011bry a barva se mohou m\u00edrn\u011b li\u0161it.<br \/>\n<strong>Vhodn\u00e9 do my\u010dky.<\/strong><\/p>","protected":false},"excerpt":{"rendered":"<div><strong>Hrnek Botan<\/strong> je ru\u010dn\u011b vyroben\u00e1 n\u00e1doba na pit\u00ed sypan\u00e9ho \u010daje. D\u00edky nepravideln\u00fdm st\u011bn\u00e1m skv\u011ble padne do ruky. <strong>Intenzivn\u00ed barva \u0161\u00e1lku upout\u00e1 pozornost a d\u011bl\u00e1 z pit\u00ed \u010daje obl\u00edben\u00fd okam\u017eik dne<\/strong>. Barva hrnku n\u00e1s inspirovala k pojmenov\u00e1n\u00ed \u201eBotan\u201c, co\u017e v japon\u0161tin\u011b znamen\u00e1 pivo\u0148ka. V japonsk\u00e9 kultu\u0159e si kr\u00e1sa, elegance a odolnost pivo\u0148ky vyslou\u017eila titul kr\u00e1lovny kv\u011btin. V Japonsku 18. stolet\u00ed byla pivo\u0148ka roz\u0161\u00ed\u0159en\u00fdm motivem v \u0159emeslech, b\u011b\u017en\u011b se pou\u017e\u00edvala jako dekorativn\u00ed prvek v tapis\u00e9ri\u00edch, obrazech, keramice a kimonech. \u010casto se pou\u017e\u00edv\u00e1 v Ikeban\u011b, japonsk\u00e9m um\u011bn\u00ed aran\u017eov\u00e1n\u00ed kv\u011btin.<\/div>\n<p><strong>Keramick\u00fd ru\u010dn\u011b vyr\u00e1b\u011bn\u00fd hrnek Botan v barv\u011b pivo\u0148ky &#8211; Moya<\/strong><br \/>\nOBJEM: 200ml,<br \/>\nV\u00dd\u0160KA: 9 cm,<br \/>\nPR\u016eM\u011aR: 7 cm<br \/>\nZEM\u011a P\u016eVODU: Japonsko<br \/>\nVzhledem k tomu, \u017ee se jedn\u00e1 o ru\u010dn\u00ed pr\u00e1ci, rozm\u011bry a barva se mohou m\u00edrn\u011b li\u0161it.<br \/>\n<strong>Vhodn\u00e9 do my\u010dky.<\/strong><\/p>","protected":false},"featured_media":3814,"comment_status":"open","ping_status":"closed","template":"","meta":[],"product_cat":[70],"product_tag":[],"class_list":{"0":"post-3813","1":"product","2":"type-product","3":"status-publish","4":"has-post-thumbnail","6":"product_cat-originalni-cajove-prislusenstvi","7":"product_shipping_class-dobra-dodani","9":"first","10":"instock","11":"taxable","12":"shipping-taxable","13":"purchasable","14":"product-type-simple"},"yoast_head":"<!-- This site is optimized with the Yoast SEO plugin v23.4 - https:\/\/yoast.com\/wordpress\/plugins\/seo\/ -->\n<title>Keramick\u00fd ru\u010dn\u011b vyr\u00e1b\u011bn\u00fd hrnek Botan v barv\u011b pivo\u0148ky | Matcha Moya<\/title>\n<meta name=\"description\" content=\"Barva hrnku n\u00e1s inspirovala k pojmenov\u00e1n\u00ed \u201eBotan\u201c, co\u017e v japon\u0161tin\u011b znamen\u00e1 pivo\u0148ka. Je ur\u010den k pit\u00ed sypan\u00e9ho \u010daje a v\u0161ech studen\u00fdch i tepl\u00fdch n\u00e1poj\u016f.\" \/>\n<meta name=\"robots\" content=\"index, follow, max-snippet:-1, max-image-preview:large, max-video-preview:-1\" \/>\n<link rel=\"canonical\" href=\"https:\/\/matchamoya.cz\/en\/shop\/originalni-cajove-prislusenstvi\/keramicky-rucne-vyrabeny-hrnek-botan-v-barve-pivonky-moya\/\" \/>\n<meta property=\"og:locale\" content=\"en_US\" \/>\n<meta property=\"og:type\" content=\"article\" \/>\n<meta property=\"og:title\" content=\"Keramick\u00fd ru\u010dn\u011b vyr\u00e1b\u011bn\u00fd hrnek Botan v barv\u011b pivo\u0148ky | Matcha Moya\" \/>\n<meta property=\"og:description\" content=\"Barva hrnku n\u00e1s inspirovala k pojmenov\u00e1n\u00ed \u201eBotan\u201c, co\u017e v japon\u0161tin\u011b znamen\u00e1 pivo\u0148ka. Je ur\u010den k pit\u00ed sypan\u00e9ho \u010daje a v\u0161ech studen\u00fdch i tepl\u00fdch n\u00e1poj\u016f.\" \/>\n<meta property=\"og:url\" content=\"https:\/\/matchamoya.cz\/en\/shop\/originalni-cajove-prislusenstvi\/keramicky-rucne-vyrabeny-hrnek-botan-v-barve-pivonky-moya\/\" \/>\n<meta property=\"og:site_name\" content=\"Matcha Moya\" \/>\n<meta property=\"article:modified_time\" content=\"2025-11-30T15:12:23+00:00\" \/>\n<meta property=\"og:image\" content=\"https:\/\/matchamoya.cz\/wp-content\/uploads\/2025\/06\/Hrnek-na-caj-Botan-moya.jpg\" \/>\n\t<meta property=\"og:image:width\" content=\"810\" \/>\n\t<meta property=\"og:image:height\" content=\"1213\" \/>\n\t<meta property=\"og:image:type\" content=\"image\/jpeg\" \/>\n<meta name=\"twitter:card\" content=\"summary_large_image\" \/>\n<meta name=\"twitter:label1\" content=\"Est. reading time\" \/>\n\t<meta name=\"twitter:data1\" content=\"1 minute\" \/>\n<!-- \/ Yoast SEO plugin. -->","yoast_head_json":{"title":"Keramick\u00fd ru\u010dn\u011b vyr\u00e1b\u011bn\u00fd hrnek Botan v barv\u011b pivo\u0148ky | Matcha Moya","description":"Barva hrnku n\u00e1s inspirovala k pojmenov\u00e1n\u00ed \u201eBotan\u201c, co\u017e v japon\u0161tin\u011b znamen\u00e1 pivo\u0148ka. Je ur\u010den k pit\u00ed sypan\u00e9ho \u010daje a v\u0161ech studen\u00fdch i tepl\u00fdch n\u00e1poj\u016f.","robots":{"index":"index","follow":"follow","max-snippet":"max-snippet:-1","max-image-preview":"max-image-preview:large","max-video-preview":"max-video-preview:-1"},"canonical":"https:\/\/matchamoya.cz\/en\/shop\/originalni-cajove-prislusenstvi\/keramicky-rucne-vyrabeny-hrnek-botan-v-barve-pivonky-moya\/","og_locale":"en_US","og_type":"article","og_title":"Keramick\u00fd ru\u010dn\u011b vyr\u00e1b\u011bn\u00fd hrnek Botan v barv\u011b pivo\u0148ky | Matcha Moya","og_description":"Barva hrnku n\u00e1s inspirovala k pojmenov\u00e1n\u00ed \u201eBotan\u201c, co\u017e v japon\u0161tin\u011b znamen\u00e1 pivo\u0148ka. Je ur\u010den k pit\u00ed sypan\u00e9ho \u010daje a v\u0161ech studen\u00fdch i tepl\u00fdch n\u00e1poj\u016f.","og_url":"https:\/\/matchamoya.cz\/en\/shop\/originalni-cajove-prislusenstvi\/keramicky-rucne-vyrabeny-hrnek-botan-v-barve-pivonky-moya\/","og_site_name":"Matcha Moya","article_modified_time":"2025-11-30T15:12:23+00:00","og_image":[{"width":810,"height":1213,"url":"https:\/\/matchamoya.cz\/wp-content\/uploads\/2025\/06\/Hrnek-na-caj-Botan-moya.jpg","type":"image\/jpeg"}],"twitter_card":"summary_large_image","twitter_misc":{"Est. reading time":"1 minute"},"schema":{"@context":"https:\/\/schema.org","@graph":[{"@type":"WebPage","@id":"https:\/\/matchamoya.cz\/en\/shop\/originalni-cajove-prislusenstvi\/keramicky-rucne-vyrabeny-hrnek-botan-v-barve-pivonky-moya\/","url":"https:\/\/matchamoya.cz\/en\/shop\/originalni-cajove-prislusenstvi\/keramicky-rucne-vyrabeny-hrnek-botan-v-barve-pivonky-moya\/","name":"Keramick\u00fd ru\u010dn\u011b vyr\u00e1b\u011bn\u00fd hrnek Botan v barv\u011b pivo\u0148ky | Matcha Moya","isPartOf":{"@id":"https:\/\/matchamoya.cz\/en\/#website"},"primaryImageOfPage":{"@id":"https:\/\/matchamoya.cz\/en\/shop\/originalni-cajove-prislusenstvi\/keramicky-rucne-vyrabeny-hrnek-botan-v-barve-pivonky-moya\/#primaryimage"},"image":{"@id":"https:\/\/matchamoya.cz\/en\/shop\/originalni-cajove-prislusenstvi\/keramicky-rucne-vyrabeny-hrnek-botan-v-barve-pivonky-moya\/#primaryimage"},"thumbnailUrl":"https:\/\/matchamoya.cz\/wp-content\/uploads\/2025\/06\/Hrnek-na-caj-Botan-moya.jpg","datePublished":"2025-06-09T12:53:15+00:00","dateModified":"2025-11-30T15:12:23+00:00","description":"Barva hrnku n\u00e1s inspirovala k pojmenov\u00e1n\u00ed \u201eBotan\u201c, co\u017e v japon\u0161tin\u011b znamen\u00e1 pivo\u0148ka. Je ur\u010den k pit\u00ed sypan\u00e9ho \u010daje a v\u0161ech studen\u00fdch i tepl\u00fdch n\u00e1poj\u016f.","breadcrumb":{"@id":"https:\/\/matchamoya.cz\/en\/shop\/originalni-cajove-prislusenstvi\/keramicky-rucne-vyrabeny-hrnek-botan-v-barve-pivonky-moya\/#breadcrumb"},"inLanguage":"en-US","potentialAction":[{"@type":"ReadAction","target":["https:\/\/matchamoya.cz\/en\/shop\/originalni-cajove-prislusenstvi\/keramicky-rucne-vyrabeny-hrnek-botan-v-barve-pivonky-moya\/"]}]},{"@type":"ImageObject","inLanguage":"en-US","@id":"https:\/\/matchamoya.cz\/en\/shop\/originalni-cajove-prislusenstvi\/keramicky-rucne-vyrabeny-hrnek-botan-v-barve-pivonky-moya\/#primaryimage","url":"https:\/\/matchamoya.cz\/wp-content\/uploads\/2025\/06\/Hrnek-na-caj-Botan-moya.jpg","contentUrl":"https:\/\/matchamoya.cz\/wp-content\/uploads\/2025\/06\/Hrnek-na-caj-Botan-moya.jpg","width":810,"height":1213,"caption":"luxusn\u00ed-hrnek-na-\u010daj-v-barve-pivonky-moya-botan"},{"@type":"BreadcrumbList","@id":"https:\/\/matchamoya.cz\/en\/shop\/originalni-cajove-prislusenstvi\/keramicky-rucne-vyrabeny-hrnek-botan-v-barve-pivonky-moya\/#breadcrumb","itemListElement":[{"@type":"ListItem","position":1,"name":"Dom\u016f","item":"https:\/\/matchamoya.cz\/"},{"@type":"ListItem","position":2,"name":"E-SHOP","item":"https:\/\/matchamoya.cz\/shop\/"},{"@type":"ListItem","position":3,"name":"Keramick\u00fd ru\u010dn\u011b vyr\u00e1b\u011bn\u00fd hrnek Botan v barv\u011b pivo\u0148ky &#8211; Moya"}]},{"@type":"WebSite","@id":"https:\/\/matchamoya.cz\/en\/#website","url":"https:\/\/matchamoya.cz\/en\/","name":"Matcha Moya","description":"Matcha Moya","publisher":{"@id":"https:\/\/matchamoya.cz\/en\/#organization"},"potentialAction":[{"@type":"SearchAction","target":{"@type":"EntryPoint","urlTemplate":"https:\/\/matchamoya.cz\/en\/?s={search_term_string}"},"query-input":{"@type":"PropertyValueSpecification","valueRequired":true,"valueName":"search_term_string"}}],"inLanguage":"en-US"},{"@type":"Organization","@id":"https:\/\/matchamoya.cz\/en\/#organization","name":"Moya Matcha","url":"https:\/\/matchamoya.cz\/en\/","logo":{"@type":"ImageObject","inLanguage":"en-US","@id":"https:\/\/matchamoya.cz\/en\/#\/schema\/logo\/image\/","url":"https:\/\/matchamoya.cz\/wp-content\/uploads\/2020\/03\/MOYA_Logo_Green-Black_02.png","contentUrl":"https:\/\/matchamoya.cz\/wp-content\/uploads\/2020\/03\/MOYA_Logo_Green-Black_02.png","width":313,"height":310,"caption":"Moya Matcha"},"image":{"@id":"https:\/\/matchamoya.cz\/en\/#\/schema\/logo\/image\/"}}]}},"_links":{"self":[{"href":"https:\/\/matchamoya.cz\/en\/wp-json\/wp\/v2\/product\/3813"}],"collection":[{"href":"https:\/\/matchamoya.cz\/en\/wp-json\/wp\/v2\/product"}],"about":[{"href":"https:\/\/matchamoya.cz\/en\/wp-json\/wp\/v2\/types\/product"}],"replies":[{"embeddable":true,"href":"https:\/\/matchamoya.cz\/en\/wp-json\/wp\/v2\/comments?post=3813"}],"wp:featuredmedia":[{"embeddable":true,"href":"https:\/\/matchamoya.cz\/en\/wp-json\/wp\/v2\/media\/3814"}],"wp:attachment":[{"href":"https:\/\/matchamoya.cz\/en\/wp-json\/wp\/v2\/media?parent=3813"}],"wp:term":[{"taxonomy":"product_cat","embeddable":true,"href":"https:\/\/matchamoya.cz\/en\/wp-json\/wp\/v2\/product_cat?post=3813"},{"taxonomy":"product_tag","embeddable":true,"href":"https:\/\/matchamoya.cz\/en\/wp-json\/wp\/v2\/product_tag?post=3813"}],"curies":[{"name":"wp","href":"https:\/\/api.w.org\/{rel}","templated":true}]}}