{"id":384,"date":"2020-04-22T17:45:17","date_gmt":"2020-04-22T17:45:17","guid":{"rendered":"http:\/\/matchamoya.cz\/?post_type=product&#038;p=384"},"modified":"2026-04-14T02:19:59","modified_gmt":"2026-04-14T02:19:59","slug":"bio-bila-cokolada-s-matcha-daily-a-malinami-80g-la-naya","status":"publish","type":"product","link":"https:\/\/matchamoya.cz\/en\/shop\/matcha-sladkosti\/bio-bila-cokolada-s-matcha-daily-a-malinami-80g-la-naya\/","title":{"rendered":"BIO matcha \u010dokol\u00e1da b\u00edl\u00e1 s malinami 80 g &#8211; LA NAYA"},"content":{"rendered":"<h1>BIO matcha \u010dokol\u00e1da b\u00edl\u00e1 s malinami 80 g &#8211; LA NAYA<\/h1>\n<p>Jemn\u00e1 chu\u0165 t\u00e9to <strong>ru\u010dn\u011b vyr\u00e1b\u011bn\u00e9 b\u00edl\u00e9 matcha \u010dokol\u00e1dy<\/strong> je umo\u017en\u011bna kombinac\u00ed <a href=\"https:\/\/matchamoya.cz\/matcha-caje-moya\/bio-moya-matcha-daily-v-sacku\/\"><strong>Moya Matcha Daily pr\u00e1\u0161ku<\/strong><\/a>, malin a m\u00e1sla z kakaov\u00fdch bob\u016f. Milujeme tuto \u010dokol\u00e1du pro jej\u00ed v\u00fdraznou \u201ematchaness\u201c chu\u0165. Chu\u0165 matcha v \u010dokol\u00e1d\u011b nen\u00ed ohro\u017eena nadbyte\u010dnou sladkost\u00ed. Divok\u00e9 maliny dod\u00e1vaj\u00ed t\u00e9to \u010dokol\u00e1d\u011b jemnou ovocnou p\u0159\u00edchu\u0165.<\/p>\n<p>V\u0161echny ingredience v t\u00e9to jedine\u010dn\u00e9 \u010dokol\u00e1d\u011b matcha jsou certifikov\u00e1ny jako organick\u00e9 a bezlepkov\u00e9.<\/p>\n<p><strong>Tov\u00e1rna na emoce La Naya:<\/strong><br \/>\nLa Naya je premiov\u00e1 tov\u00e1rna na \u010dokol\u00e1du, kter\u00e1 se nach\u00e1z\u00ed 20 km od Vilniusu, hlavn\u00edho m\u011bsta Litvy. V\u0161echny \u010dokol\u00e1dy vyroben\u00e9 spole\u010dnost\u00ed La Naya jsou stoprocentn\u011b ekologicky certifikovan\u00e9. <strong>&#8220;Tov\u00e1rna emoc\u00ed&#8221;<\/strong> &#8211; jak ji n\u011bkte\u0159\u00ed lid\u00e9 naz\u00fdvaj\u00ed &#8211; jde o krok d\u00e1le: v La Naya jde p\u0159i v\u00fdrob\u011b o vyj\u00e1d\u0159en\u00ed emo\u010dn\u00edho pro\u017eitku prost\u0159ednictv\u00edm vynikaj\u00edc\u00ed \u010dokol\u00e1dy. Po opu\u0161t\u011bn\u00ed mal\u00e9 tov\u00e1rny cestuj\u00ed \u010dokol\u00e1dov\u00e9 tabulky La Naya ve tvaru hory po cel\u00e9m sv\u011bt\u011b, aby pot\u011b\u0161ily skute\u010dn\u00e9 milovn\u00edky \u010dokol\u00e1dy. <strong>Jedin\u00e1 \u010dokol\u00e1da typu \u201ebean-to-emotion\u201c ve vesm\u00edru, La Naya, v\u00e1m umo\u017en\u00ed uniknout z jeskyn\u011b st\u00edn\u016f a vstoupit do sv\u011bta dokonalosti.<\/strong><\/p>\n<p><strong>Emo\u010dn\u00ed struktura:<\/strong> klid, sv\u011b\u017eest, lesn\u00ed maliny, radost z objevov\u00e1n\u00ed, osv\u011b\u017euj\u00edc\u00ed a tepl\u00e1 \u010dajov\u00e1 v\u016fn\u011b.<\/p>\n<p><strong>Slo\u017een\u00ed:<\/strong><br \/>\nSuch\u00e9 kakao (nejm\u00e9n\u011b 40%)<br \/>\nMoya Matcha Daily (2,5%)<br \/>\nKakaov\u00e9 m\u00e1slo<br \/>\nCukr<br \/>\nOdst\u0159ed\u011bn\u00e9 su\u0161en\u00e9 kravsk\u00e9 ml\u00e9ko<br \/>\nLyofilizovan\u00e9 maliny (1%)<br \/>\nNON-GMO s\u00f3jov\u00fd lecitin<\/p>\n<p><strong>Nutri\u010dn\u00ed hodnoty na 100 g v\u00fdrobku:<\/strong><br \/>\nENERGIE 603 kcal \/ 2527 kJ<br \/>\nTUKY 42 g<br \/>\n&#8211; Z KTER\u00ddCH Nasycen\u00fdch mastn\u00fdch kyselin 26 g<br \/>\nSACHARIDY 47 g<br \/>\n&#8211; Z KTER\u00ddCH CUKRU 46 g<br \/>\nPROTEIN 10 g<br \/>\nS\u016fl 0,33 g<\/p>","protected":false},"excerpt":{"rendered":"<p>Jemn\u00e1 chu\u0165 t\u00e9to <strong>ru\u010dn\u011b vyr\u00e1b\u011bn\u00e9 b\u00edl\u00e9 matcha \u010dokol\u00e1dy<\/strong> je umo\u017en\u011bna kombinac\u00ed <a href=\"https:\/\/matchamoya.cz\/matcha-caje-moya\/bio-moya-matcha-daily-v-sacku\/\"><strong>Moya Matcha Daily pr\u00e1\u0161ku<\/strong><\/a>, malin a m\u00e1sla z kakaov\u00fdch bob\u016f. Milujeme tuto \u010dokol\u00e1du pro jej\u00ed v\u00fdraznou \u201ematchaness\u201c chu\u0165. Chu\u0165 matcha v \u010dokol\u00e1d\u011b nen\u00ed ohro\u017eena nadbyte\u010dnou sladkost\u00ed. Divok\u00e9 maliny dod\u00e1vaj\u00ed t\u00e9to \u010dokol\u00e1d\u011b jemnou ovocnou p\u0159\u00edchu\u0165.<\/p>\n<p>V\u0161echny ingredience v t\u00e9to jedine\u010dn\u00e9 \u010dokol\u00e1d\u011b matcha jsou certifikov\u00e1ny jako organick\u00e9 a bezlepkov\u00e9.<\/p>\n<p><strong>Tov\u00e1rna na emoce La Naya:<\/strong><br \/>\nLa Naya je premiov\u00e1 tov\u00e1rna na \u010dokol\u00e1du, kter\u00e1 se nach\u00e1z\u00ed 20 km od Vilniusu, hlavn\u00edho m\u011bsta Litvy. V\u0161echny \u010dokol\u00e1dy vyroben\u00e9 spole\u010dnost\u00ed La Naya jsou stoprocentn\u011b ekologicky certifikovan\u00e9. <strong>&#8220;Tov\u00e1rna emoc\u00ed&#8221;<\/strong> &#8211; jak ji n\u011bkte\u0159\u00ed lid\u00e9 naz\u00fdvaj\u00ed &#8211; jde o krok d\u00e1le: v La Naya jde p\u0159i v\u00fdrob\u011b o vyj\u00e1d\u0159en\u00ed emo\u010dn\u00edho pro\u017eitku prost\u0159ednictv\u00edm vynikaj\u00edc\u00ed \u010dokol\u00e1dy. Po opu\u0161t\u011bn\u00ed mal\u00e9 tov\u00e1rny cestuj\u00ed \u010dokol\u00e1dov\u00e9 tabulky La Naya ve tvaru hory po cel\u00e9m sv\u011bt\u011b, aby pot\u011b\u0161ily skute\u010dn\u00e9 milovn\u00edky \u010dokol\u00e1dy. <strong>Jedin\u00e1 \u010dokol\u00e1da typu \u201ebean-to-emotion\u201c ve vesm\u00edru, La Naya, v\u00e1m umo\u017en\u00ed uniknout z jeskyn\u011b st\u00edn\u016f a vstoupit do sv\u011bta dokonalosti.<\/strong><\/p>\n<p><strong>Emo\u010dn\u00ed struktura:<\/strong> klid, sv\u011b\u017eest, lesn\u00ed maliny, radost z objevov\u00e1n\u00ed, osv\u011b\u017euj\u00edc\u00ed a tepl\u00e1 \u010dajov\u00e1 v\u016fn\u011b.<\/p>\n<p><strong>Slo\u017een\u00ed:<\/strong><br \/>\nSuch\u00e9 kakao (nejm\u00e9n\u011b 40%)<br \/>\nMoya Matcha Daily (2,5%)<br \/>\nKakaov\u00e9 m\u00e1slo<br \/>\nCukr<br \/>\nOdst\u0159ed\u011bn\u00e9 su\u0161en\u00e9 kravsk\u00e9 ml\u00e9ko<br \/>\nLyofilizovan\u00e9 maliny (1%)<br \/>\nNON-GMO s\u00f3jov\u00fd lecitin<\/p>\n<p><img loading=\"lazy\" decoding=\"async\" class=\"alignnone wp-image-1234\" src=\"https:\/\/matchamoya.cz\/wp-content\/uploads\/2020\/04\/certifikat-bio-matcha-caj-moya-461x400.jpg\" alt=\"certifikat-bio-matcha-caj-moya\" width=\"196\" height=\"170\" srcset=\"https:\/\/matchamoya.cz\/wp-content\/uploads\/2020\/04\/certifikat-bio-matcha-caj-moya-461x400.jpg 461w, https:\/\/matchamoya.cz\/wp-content\/uploads\/2020\/04\/certifikat-bio-matcha-caj-moya-922x800.jpg 922w, https:\/\/matchamoya.cz\/wp-content\/uploads\/2020\/04\/certifikat-bio-matcha-caj-moya-768x666.jpg 768w, https:\/\/matchamoya.cz\/wp-content\/uploads\/2020\/04\/certifikat-bio-matcha-caj-moya-14x12.jpg 14w, https:\/\/matchamoya.cz\/wp-content\/uploads\/2020\/04\/certifikat-bio-matcha-caj-moya-600x521.jpg 600w, https:\/\/matchamoya.cz\/wp-content\/uploads\/2020\/04\/certifikat-bio-matcha-caj-moya.jpg 1180w\" sizes=\"(max-width: 196px) 100vw, 196px\" \/><\/p>","protected":false},"featured_media":385,"comment_status":"open","ping_status":"closed","template":"","meta":[],"product_cat":[76],"product_tag":[],"class_list":{"0":"post-384","1":"product","2":"type-product","3":"status-publish","4":"has-post-thumbnail","6":"product_cat-matcha-sladkosti","7":"product_shipping_class-dobra-dodani","9":"first","10":"instock","11":"featured","12":"taxable","13":"shipping-taxable","14":"purchasable","15":"product-type-simple"},"yoast_head":"<!-- This site is optimized with the Yoast SEO plugin v23.4 - https:\/\/yoast.com\/wordpress\/plugins\/seo\/ -->\n<title>BIO matcha \u010dokol\u00e1da b\u00edl\u00e1 s malinami 80 g - LA NAYA | Matcha Moya<\/title>\n<meta name=\"description\" content=\"Jemn\u00e1 chu\u0165 t\u00e9to ru\u010dn\u011b vyr\u00e1b\u011bn\u00e9 b\u00edl\u00e9 matcha \u010dokol\u00e1dy je umo\u017en\u011bna kombinac\u00ed Moya Matcha Daily pr\u00e1\u0161ku, malin a m\u00e1sla z kakaov\u00fdch bob\u016f.\" \/>\n<meta name=\"robots\" content=\"index, follow, max-snippet:-1, max-image-preview:large, max-video-preview:-1\" \/>\n<link rel=\"canonical\" href=\"https:\/\/matchamoya.cz\/en\/shop\/matcha-sladkosti\/bio-bila-cokolada-s-matcha-daily-a-malinami-80g-la-naya\/\" \/>\n<meta property=\"og:locale\" content=\"en_US\" \/>\n<meta property=\"og:type\" content=\"article\" \/>\n<meta property=\"og:title\" content=\"BIO matcha \u010dokol\u00e1da b\u00edl\u00e1 s malinami 80 g - LA NAYA | Matcha Moya\" \/>\n<meta property=\"og:description\" content=\"Jemn\u00e1 chu\u0165 t\u00e9to ru\u010dn\u011b vyr\u00e1b\u011bn\u00e9 b\u00edl\u00e9 matcha \u010dokol\u00e1dy je umo\u017en\u011bna kombinac\u00ed Moya Matcha Daily pr\u00e1\u0161ku, malin a m\u00e1sla z kakaov\u00fdch bob\u016f.\" \/>\n<meta property=\"og:url\" content=\"https:\/\/matchamoya.cz\/en\/shop\/matcha-sladkosti\/bio-bila-cokolada-s-matcha-daily-a-malinami-80g-la-naya\/\" \/>\n<meta property=\"og:site_name\" content=\"Matcha Moya\" \/>\n<meta property=\"article:modified_time\" content=\"2026-04-14T02:19:59+00:00\" \/>\n<meta property=\"og:image\" content=\"https:\/\/matchamoya.cz\/wp-content\/uploads\/2020\/04\/Obr\u00e1zek1-1.png\" \/>\n\t<meta property=\"og:image:width\" content=\"687\" \/>\n\t<meta property=\"og:image:height\" content=\"687\" \/>\n\t<meta property=\"og:image:type\" content=\"image\/png\" \/>\n<meta name=\"twitter:card\" content=\"summary_large_image\" \/>\n<meta name=\"twitter:label1\" content=\"Est. reading time\" \/>\n\t<meta name=\"twitter:data1\" content=\"2 minutes\" \/>\n<!-- \/ Yoast SEO plugin. -->","yoast_head_json":{"title":"BIO matcha \u010dokol\u00e1da b\u00edl\u00e1 s malinami 80 g - LA NAYA | Matcha Moya","description":"Jemn\u00e1 chu\u0165 t\u00e9to ru\u010dn\u011b vyr\u00e1b\u011bn\u00e9 b\u00edl\u00e9 matcha \u010dokol\u00e1dy je umo\u017en\u011bna kombinac\u00ed Moya Matcha Daily pr\u00e1\u0161ku, malin a m\u00e1sla z kakaov\u00fdch bob\u016f.","robots":{"index":"index","follow":"follow","max-snippet":"max-snippet:-1","max-image-preview":"max-image-preview:large","max-video-preview":"max-video-preview:-1"},"canonical":"https:\/\/matchamoya.cz\/en\/shop\/matcha-sladkosti\/bio-bila-cokolada-s-matcha-daily-a-malinami-80g-la-naya\/","og_locale":"en_US","og_type":"article","og_title":"BIO matcha \u010dokol\u00e1da b\u00edl\u00e1 s malinami 80 g - LA NAYA | Matcha Moya","og_description":"Jemn\u00e1 chu\u0165 t\u00e9to ru\u010dn\u011b vyr\u00e1b\u011bn\u00e9 b\u00edl\u00e9 matcha \u010dokol\u00e1dy je umo\u017en\u011bna kombinac\u00ed Moya Matcha Daily pr\u00e1\u0161ku, malin a m\u00e1sla z kakaov\u00fdch bob\u016f.","og_url":"https:\/\/matchamoya.cz\/en\/shop\/matcha-sladkosti\/bio-bila-cokolada-s-matcha-daily-a-malinami-80g-la-naya\/","og_site_name":"Matcha Moya","article_modified_time":"2026-04-14T02:19:59+00:00","og_image":[{"width":687,"height":687,"url":"https:\/\/matchamoya.cz\/wp-content\/uploads\/2020\/04\/Obr\u00e1zek1-1.png","type":"image\/png"}],"twitter_card":"summary_large_image","twitter_misc":{"Est. reading time":"2 minutes"},"schema":{"@context":"https:\/\/schema.org","@graph":[{"@type":"WebPage","@id":"https:\/\/matchamoya.cz\/en\/shop\/matcha-sladkosti\/bio-bila-cokolada-s-matcha-daily-a-malinami-80g-la-naya\/","url":"https:\/\/matchamoya.cz\/en\/shop\/matcha-sladkosti\/bio-bila-cokolada-s-matcha-daily-a-malinami-80g-la-naya\/","name":"BIO matcha \u010dokol\u00e1da b\u00edl\u00e1 s malinami 80 g - LA NAYA | Matcha Moya","isPartOf":{"@id":"https:\/\/matchamoya.cz\/en\/#website"},"primaryImageOfPage":{"@id":"https:\/\/matchamoya.cz\/en\/shop\/matcha-sladkosti\/bio-bila-cokolada-s-matcha-daily-a-malinami-80g-la-naya\/#primaryimage"},"image":{"@id":"https:\/\/matchamoya.cz\/en\/shop\/matcha-sladkosti\/bio-bila-cokolada-s-matcha-daily-a-malinami-80g-la-naya\/#primaryimage"},"thumbnailUrl":"https:\/\/matchamoya.cz\/wp-content\/uploads\/2020\/04\/Obr\u00e1zek1-1.png","datePublished":"2020-04-22T17:45:17+00:00","dateModified":"2026-04-14T02:19:59+00:00","description":"Jemn\u00e1 chu\u0165 t\u00e9to ru\u010dn\u011b vyr\u00e1b\u011bn\u00e9 b\u00edl\u00e9 matcha \u010dokol\u00e1dy je umo\u017en\u011bna kombinac\u00ed Moya Matcha Daily pr\u00e1\u0161ku, malin a m\u00e1sla z kakaov\u00fdch bob\u016f.","breadcrumb":{"@id":"https:\/\/matchamoya.cz\/en\/shop\/matcha-sladkosti\/bio-bila-cokolada-s-matcha-daily-a-malinami-80g-la-naya\/#breadcrumb"},"inLanguage":"en-US","potentialAction":[{"@type":"ReadAction","target":["https:\/\/matchamoya.cz\/en\/shop\/matcha-sladkosti\/bio-bila-cokolada-s-matcha-daily-a-malinami-80g-la-naya\/"]}]},{"@type":"ImageObject","inLanguage":"en-US","@id":"https:\/\/matchamoya.cz\/en\/shop\/matcha-sladkosti\/bio-bila-cokolada-s-matcha-daily-a-malinami-80g-la-naya\/#primaryimage","url":"https:\/\/matchamoya.cz\/wp-content\/uploads\/2020\/04\/Obr\u00e1zek1-1.png","contentUrl":"https:\/\/matchamoya.cz\/wp-content\/uploads\/2020\/04\/Obr\u00e1zek1-1.png","width":687,"height":687,"caption":"matcha-cokolada-la-naya-bila-bio-daily-4"},{"@type":"BreadcrumbList","@id":"https:\/\/matchamoya.cz\/en\/shop\/matcha-sladkosti\/bio-bila-cokolada-s-matcha-daily-a-malinami-80g-la-naya\/#breadcrumb","itemListElement":[{"@type":"ListItem","position":1,"name":"Dom\u016f","item":"https:\/\/matchamoya.cz\/"},{"@type":"ListItem","position":2,"name":"E-SHOP","item":"https:\/\/matchamoya.cz\/shop\/"},{"@type":"ListItem","position":3,"name":"BIO matcha \u010dokol\u00e1da b\u00edl\u00e1 s malinami 80 g &#8211; LA NAYA"}]},{"@type":"WebSite","@id":"https:\/\/matchamoya.cz\/en\/#website","url":"https:\/\/matchamoya.cz\/en\/","name":"Matcha Moya","description":"Matcha Moya","publisher":{"@id":"https:\/\/matchamoya.cz\/en\/#organization"},"potentialAction":[{"@type":"SearchAction","target":{"@type":"EntryPoint","urlTemplate":"https:\/\/matchamoya.cz\/en\/?s={search_term_string}"},"query-input":{"@type":"PropertyValueSpecification","valueRequired":true,"valueName":"search_term_string"}}],"inLanguage":"en-US"},{"@type":"Organization","@id":"https:\/\/matchamoya.cz\/en\/#organization","name":"Moya Matcha","url":"https:\/\/matchamoya.cz\/en\/","logo":{"@type":"ImageObject","inLanguage":"en-US","@id":"https:\/\/matchamoya.cz\/en\/#\/schema\/logo\/image\/","url":"https:\/\/matchamoya.cz\/wp-content\/uploads\/2020\/03\/MOYA_Logo_Green-Black_02.png","contentUrl":"https:\/\/matchamoya.cz\/wp-content\/uploads\/2020\/03\/MOYA_Logo_Green-Black_02.png","width":313,"height":310,"caption":"Moya Matcha"},"image":{"@id":"https:\/\/matchamoya.cz\/en\/#\/schema\/logo\/image\/"}}]}},"_links":{"self":[{"href":"https:\/\/matchamoya.cz\/en\/wp-json\/wp\/v2\/product\/384"}],"collection":[{"href":"https:\/\/matchamoya.cz\/en\/wp-json\/wp\/v2\/product"}],"about":[{"href":"https:\/\/matchamoya.cz\/en\/wp-json\/wp\/v2\/types\/product"}],"replies":[{"embeddable":true,"href":"https:\/\/matchamoya.cz\/en\/wp-json\/wp\/v2\/comments?post=384"}],"wp:featuredmedia":[{"embeddable":true,"href":"https:\/\/matchamoya.cz\/en\/wp-json\/wp\/v2\/media\/385"}],"wp:attachment":[{"href":"https:\/\/matchamoya.cz\/en\/wp-json\/wp\/v2\/media?parent=384"}],"wp:term":[{"taxonomy":"product_cat","embeddable":true,"href":"https:\/\/matchamoya.cz\/en\/wp-json\/wp\/v2\/product_cat?post=384"},{"taxonomy":"product_tag","embeddable":true,"href":"https:\/\/matchamoya.cz\/en\/wp-json\/wp\/v2\/product_tag?post=384"}],"curies":[{"name":"wp","href":"https:\/\/api.w.org\/{rel}","templated":true}]}}