{"id":399,"date":"2020-04-24T17:35:12","date_gmt":"2020-04-24T17:35:12","guid":{"rendered":"http:\/\/matchamoya.cz\/?post_type=product&#038;p=399"},"modified":"2026-04-08T17:11:18","modified_gmt":"2026-04-08T17:11:18","slug":"chasen-tradicni-bambusova-metlicka-na-michani-matcha-caje","status":"publish","type":"product","link":"https:\/\/matchamoya.cz\/en\/shop\/originalni-cajove-prislusenstvi\/chasen-tradicni-bambusova-metlicka-na-michani-matcha-caje\/","title":{"rendered":"CHASEN &#8211; Tradi\u010dn\u00ed bambusov\u00e1 metli\u010dka na m\u00edch\u00e1n\u00ed matcha \u010daje"},"content":{"rendered":"<h1>CHASEN &#8211; Tradi\u010dn\u00ed bambusov\u00e1 metli\u010dka na m\u00edch\u00e1n\u00ed matcha \u010daje<\/h1>\n<p><strong>Tradi\u010dn\u00ed ru\u010dn\u011b vyr\u00e1b\u011bn\u00e1 japonsk\u00e1 bambusov\u00e1 metli\u010dka nebo \u201echasen\u201c<\/strong> je nezbytn\u00fdm n\u00e1strojem japonsk\u00e9ho \u010dajov\u00e9ho ob\u0159adu matcha. Jemn\u00e9, ru\u010dn\u011b vyr\u00e1b\u011bn\u00e9 vl\u00e1kna jsou vy\u0159ez\u00e1v\u00e1ny v jedin\u00e9m kusu bambusu \u0159emesln\u00edky, jejich\u017e dovednosti jsou p\u0159ed\u00e1v\u00e1ny z generace na generaci. Skv\u011bl\u00fd n\u00e1stroj na m\u00edch\u00e1n\u00ed lahodn\u00e9ho n\u00e1poje matcha s kr\u00e9movou p\u011bnou pro maxim\u00e1ln\u00ed vychutn\u00e1n\u00ed matcha chuti.<\/p>\n<p><strong>MATERI\u00c1L:<\/strong> lehk\u00e9 sv\u011btl\u00e9 bambusov\u00e9 sez\u00f3nn\u00ed d\u0159evo<br \/>\n<strong>VL\u00c1KNA:<\/strong> 100<br \/>\nNen\u00ed vhodn\u00e9 do my\u010dky.<\/p>\n<p>Po pou\u017eit\u00ed nejl\u00e9pe nechat uschnout na <a href=\"https:\/\/matchamoya.cz\/originalni-cajove-prislusenstvi\/tradicni-drzak-na-bambusovou-metlicku-chasen-naoshi\/\"><strong>dr\u017e\u00e1ku metli\u010dky chasen NAOSHI<\/strong> <\/a>(prod\u00e1v\u00e1 se samostatn\u011b). Do plastov\u00e9 n\u00e1doby ani do jin\u00e9 uzav\u0159en\u00e9 n\u00e1doby nevkl\u00e1dejte mokr\u00e9.<\/p>\n<p><strong>Pod\u00edvejte se na video<\/strong>, jak Hitomi Saito, spoluzakladatel spole\u010dnosti Moya Matcha, <strong><a href=\"https:\/\/matchamoya.cz\/jak-pripravit-matchu\/\">p\u0159ipravuje perfektn\u00ed matcha<\/a><\/strong>.<\/p>","protected":false},"excerpt":{"rendered":"<p><strong>Tradi\u010dn\u00ed ru\u010dn\u011b vyr\u00e1b\u011bn\u00e1 japonsk\u00e1 bambusov\u00e1 metli\u010dka nebo \u201echasen\u201c<\/strong> je nezbytn\u00fdm n\u00e1strojem japonsk\u00e9ho \u010dajov\u00e9ho ob\u0159adu matcha. Jemn\u00e9, ru\u010dn\u011b vyr\u00e1b\u011bn\u00e9 vl\u00e1kna jsou vy\u0159ez\u00e1v\u00e1ny v jedin\u00e9m kusu bambusu \u0159emesln\u00edky, jejich\u017e dovednosti jsou p\u0159ed\u00e1v\u00e1ny z generace na generaci. Skv\u011bl\u00fd n\u00e1stroj na m\u00edch\u00e1n\u00ed lahodn\u00e9ho n\u00e1poje matcha s kr\u00e9movou p\u011bnou pro maxim\u00e1ln\u00ed vychutn\u00e1n\u00ed matcha chuti.<\/p>\n<p><strong>MATERI\u00c1L:<\/strong> lehk\u00e9 sv\u011btl\u00e9 bambusov\u00e9 sez\u00f3nn\u00ed d\u0159evo<br \/>\n<strong>VL\u00c1KNA:<\/strong> 100<br \/>\nNen\u00ed vhodn\u00e9 do my\u010dky.<\/p>\n<p>Po pou\u017eit\u00ed nejl\u00e9pe nechat uschnout na <a href=\"https:\/\/matchamoya.cz\/originalni-cajove-prislusenstvi\/tradicni-drzak-na-bambusovou-metlicku-chasen-naoshi\/\"><strong>dr\u017e\u00e1ku metli\u010dky chasen NAOSHI<\/strong><\/a> (prod\u00e1v\u00e1 se samostatn\u011b). Do plastov\u00e9 n\u00e1doby ani do jin\u00e9 uzav\u0159en\u00e9 n\u00e1doby nevkl\u00e1dejte mokr\u00e9.<\/p>\n<p><strong>Pod\u00edvejte se na video<\/strong>, jak Hitomi Saito, spoluzakladatel spole\u010dnosti Moya Matcha, <strong><a href=\"https:\/\/matchamoya.cz\/jak-pripravit-matchu\/\">p\u0159ipravuje perfektn\u00ed matcha<\/a><\/strong>.<\/p>","protected":false},"featured_media":400,"comment_status":"open","ping_status":"closed","template":"","meta":[],"product_cat":[70],"product_tag":[],"class_list":{"0":"post-399","1":"product","2":"type-product","3":"status-publish","4":"has-post-thumbnail","6":"product_cat-originalni-cajove-prislusenstvi","7":"product_shipping_class-dobra-dodani","9":"first","10":"instock","11":"taxable","12":"shipping-taxable","13":"purchasable","14":"product-type-simple"},"yoast_head":"<!-- This site is optimized with the Yoast SEO plugin v23.4 - https:\/\/yoast.com\/wordpress\/plugins\/seo\/ -->\n<title>CHASEN sv\u011btl\u00fd bambusov\u00e1 metli\u010dka na m\u00edch\u00e1n\u00ed matcha | Matcha Moya<\/title>\n<meta name=\"description\" content=\"Ru\u010dn\u011b vyr\u00e1b\u011bn\u00e1 bambusov\u00e1 metli\u010dka. Skv\u011bl\u00fd n\u00e1stroj na m\u00edch\u00e1n\u00ed lahodn\u00e9ho n\u00e1poje matcha s kr\u00e9movou p\u011bnou pro maxim\u00e1ln\u00ed vychutn\u00e1n\u00ed matcha chuti.\" \/>\n<meta name=\"robots\" content=\"index, follow, max-snippet:-1, max-image-preview:large, max-video-preview:-1\" \/>\n<link rel=\"canonical\" href=\"https:\/\/matchamoya.cz\/en\/shop\/originalni-cajove-prislusenstvi\/chasen-tradicni-bambusova-metlicka-na-michani-matcha-caje\/\" \/>\n<meta property=\"og:locale\" content=\"en_US\" \/>\n<meta property=\"og:type\" content=\"article\" \/>\n<meta property=\"og:title\" content=\"CHASEN sv\u011btl\u00fd bambusov\u00e1 metli\u010dka na m\u00edch\u00e1n\u00ed matcha | Matcha Moya\" \/>\n<meta property=\"og:description\" content=\"Ru\u010dn\u011b vyr\u00e1b\u011bn\u00e1 bambusov\u00e1 metli\u010dka. Skv\u011bl\u00fd n\u00e1stroj na m\u00edch\u00e1n\u00ed lahodn\u00e9ho n\u00e1poje matcha s kr\u00e9movou p\u011bnou pro maxim\u00e1ln\u00ed vychutn\u00e1n\u00ed matcha chuti.\" \/>\n<meta property=\"og:url\" content=\"https:\/\/matchamoya.cz\/en\/shop\/originalni-cajove-prislusenstvi\/chasen-tradicni-bambusova-metlicka-na-michani-matcha-caje\/\" \/>\n<meta property=\"og:site_name\" content=\"Matcha Moya\" \/>\n<meta property=\"article:modified_time\" content=\"2026-04-08T17:11:18+00:00\" \/>\n<meta property=\"og:image\" content=\"https:\/\/matchamoya.cz\/wp-content\/uploads\/2020\/04\/Bamboo-Whisk-Chasen-800x800-1.jpg\" \/>\n\t<meta property=\"og:image:width\" content=\"800\" \/>\n\t<meta property=\"og:image:height\" content=\"800\" \/>\n\t<meta property=\"og:image:type\" content=\"image\/jpeg\" \/>\n<meta name=\"twitter:card\" content=\"summary_large_image\" \/>\n<meta name=\"twitter:label1\" content=\"Est. reading time\" \/>\n\t<meta name=\"twitter:data1\" content=\"1 minute\" \/>\n<!-- \/ Yoast SEO plugin. -->","yoast_head_json":{"title":"CHASEN sv\u011btl\u00fd bambusov\u00e1 metli\u010dka na m\u00edch\u00e1n\u00ed matcha | Matcha Moya","description":"Ru\u010dn\u011b vyr\u00e1b\u011bn\u00e1 bambusov\u00e1 metli\u010dka. Skv\u011bl\u00fd n\u00e1stroj na m\u00edch\u00e1n\u00ed lahodn\u00e9ho n\u00e1poje matcha s kr\u00e9movou p\u011bnou pro maxim\u00e1ln\u00ed vychutn\u00e1n\u00ed matcha chuti.","robots":{"index":"index","follow":"follow","max-snippet":"max-snippet:-1","max-image-preview":"max-image-preview:large","max-video-preview":"max-video-preview:-1"},"canonical":"https:\/\/matchamoya.cz\/en\/shop\/originalni-cajove-prislusenstvi\/chasen-tradicni-bambusova-metlicka-na-michani-matcha-caje\/","og_locale":"en_US","og_type":"article","og_title":"CHASEN sv\u011btl\u00fd bambusov\u00e1 metli\u010dka na m\u00edch\u00e1n\u00ed matcha | Matcha Moya","og_description":"Ru\u010dn\u011b vyr\u00e1b\u011bn\u00e1 bambusov\u00e1 metli\u010dka. Skv\u011bl\u00fd n\u00e1stroj na m\u00edch\u00e1n\u00ed lahodn\u00e9ho n\u00e1poje matcha s kr\u00e9movou p\u011bnou pro maxim\u00e1ln\u00ed vychutn\u00e1n\u00ed matcha chuti.","og_url":"https:\/\/matchamoya.cz\/en\/shop\/originalni-cajove-prislusenstvi\/chasen-tradicni-bambusova-metlicka-na-michani-matcha-caje\/","og_site_name":"Matcha Moya","article_modified_time":"2026-04-08T17:11:18+00:00","og_image":[{"width":800,"height":800,"url":"https:\/\/matchamoya.cz\/wp-content\/uploads\/2020\/04\/Bamboo-Whisk-Chasen-800x800-1.jpg","type":"image\/jpeg"}],"twitter_card":"summary_large_image","twitter_misc":{"Est. reading time":"1 minute"},"schema":{"@context":"https:\/\/schema.org","@graph":[{"@type":"WebPage","@id":"https:\/\/matchamoya.cz\/en\/shop\/originalni-cajove-prislusenstvi\/chasen-tradicni-bambusova-metlicka-na-michani-matcha-caje\/","url":"https:\/\/matchamoya.cz\/en\/shop\/originalni-cajove-prislusenstvi\/chasen-tradicni-bambusova-metlicka-na-michani-matcha-caje\/","name":"CHASEN sv\u011btl\u00fd bambusov\u00e1 metli\u010dka na m\u00edch\u00e1n\u00ed matcha | Matcha Moya","isPartOf":{"@id":"https:\/\/matchamoya.cz\/en\/#website"},"primaryImageOfPage":{"@id":"https:\/\/matchamoya.cz\/en\/shop\/originalni-cajove-prislusenstvi\/chasen-tradicni-bambusova-metlicka-na-michani-matcha-caje\/#primaryimage"},"image":{"@id":"https:\/\/matchamoya.cz\/en\/shop\/originalni-cajove-prislusenstvi\/chasen-tradicni-bambusova-metlicka-na-michani-matcha-caje\/#primaryimage"},"thumbnailUrl":"https:\/\/matchamoya.cz\/wp-content\/uploads\/2020\/04\/Bamboo-Whisk-Chasen-800x800-1.jpg","datePublished":"2020-04-24T17:35:12+00:00","dateModified":"2026-04-08T17:11:18+00:00","description":"Ru\u010dn\u011b vyr\u00e1b\u011bn\u00e1 bambusov\u00e1 metli\u010dka. Skv\u011bl\u00fd n\u00e1stroj na m\u00edch\u00e1n\u00ed lahodn\u00e9ho n\u00e1poje matcha s kr\u00e9movou p\u011bnou pro maxim\u00e1ln\u00ed vychutn\u00e1n\u00ed matcha chuti.","breadcrumb":{"@id":"https:\/\/matchamoya.cz\/en\/shop\/originalni-cajove-prislusenstvi\/chasen-tradicni-bambusova-metlicka-na-michani-matcha-caje\/#breadcrumb"},"inLanguage":"en-US","potentialAction":[{"@type":"ReadAction","target":["https:\/\/matchamoya.cz\/en\/shop\/originalni-cajove-prislusenstvi\/chasen-tradicni-bambusova-metlicka-na-michani-matcha-caje\/"]}]},{"@type":"ImageObject","inLanguage":"en-US","@id":"https:\/\/matchamoya.cz\/en\/shop\/originalni-cajove-prislusenstvi\/chasen-tradicni-bambusova-metlicka-na-michani-matcha-caje\/#primaryimage","url":"https:\/\/matchamoya.cz\/wp-content\/uploads\/2020\/04\/Bamboo-Whisk-Chasen-800x800-1.jpg","contentUrl":"https:\/\/matchamoya.cz\/wp-content\/uploads\/2020\/04\/Bamboo-Whisk-Chasen-800x800-1.jpg","width":800,"height":800,"caption":"tradicni-matcha-bambusova-metlicka-chasen-svetla"},{"@type":"BreadcrumbList","@id":"https:\/\/matchamoya.cz\/en\/shop\/originalni-cajove-prislusenstvi\/chasen-tradicni-bambusova-metlicka-na-michani-matcha-caje\/#breadcrumb","itemListElement":[{"@type":"ListItem","position":1,"name":"Dom\u016f","item":"https:\/\/matchamoya.cz\/"},{"@type":"ListItem","position":2,"name":"E-SHOP","item":"https:\/\/matchamoya.cz\/shop\/"},{"@type":"ListItem","position":3,"name":"CHASEN &#8211; Tradi\u010dn\u00ed bambusov\u00e1 metli\u010dka na m\u00edch\u00e1n\u00ed matcha \u010daje"}]},{"@type":"WebSite","@id":"https:\/\/matchamoya.cz\/en\/#website","url":"https:\/\/matchamoya.cz\/en\/","name":"Matcha Moya","description":"Matcha Moya","publisher":{"@id":"https:\/\/matchamoya.cz\/en\/#organization"},"potentialAction":[{"@type":"SearchAction","target":{"@type":"EntryPoint","urlTemplate":"https:\/\/matchamoya.cz\/en\/?s={search_term_string}"},"query-input":{"@type":"PropertyValueSpecification","valueRequired":true,"valueName":"search_term_string"}}],"inLanguage":"en-US"},{"@type":"Organization","@id":"https:\/\/matchamoya.cz\/en\/#organization","name":"Moya Matcha","url":"https:\/\/matchamoya.cz\/en\/","logo":{"@type":"ImageObject","inLanguage":"en-US","@id":"https:\/\/matchamoya.cz\/en\/#\/schema\/logo\/image\/","url":"https:\/\/matchamoya.cz\/wp-content\/uploads\/2020\/03\/MOYA_Logo_Green-Black_02.png","contentUrl":"https:\/\/matchamoya.cz\/wp-content\/uploads\/2020\/03\/MOYA_Logo_Green-Black_02.png","width":313,"height":310,"caption":"Moya Matcha"},"image":{"@id":"https:\/\/matchamoya.cz\/en\/#\/schema\/logo\/image\/"}}]}},"_links":{"self":[{"href":"https:\/\/matchamoya.cz\/en\/wp-json\/wp\/v2\/product\/399"}],"collection":[{"href":"https:\/\/matchamoya.cz\/en\/wp-json\/wp\/v2\/product"}],"about":[{"href":"https:\/\/matchamoya.cz\/en\/wp-json\/wp\/v2\/types\/product"}],"replies":[{"embeddable":true,"href":"https:\/\/matchamoya.cz\/en\/wp-json\/wp\/v2\/comments?post=399"}],"wp:featuredmedia":[{"embeddable":true,"href":"https:\/\/matchamoya.cz\/en\/wp-json\/wp\/v2\/media\/400"}],"wp:attachment":[{"href":"https:\/\/matchamoya.cz\/en\/wp-json\/wp\/v2\/media?parent=399"}],"wp:term":[{"taxonomy":"product_cat","embeddable":true,"href":"https:\/\/matchamoya.cz\/en\/wp-json\/wp\/v2\/product_cat?post=399"},{"taxonomy":"product_tag","embeddable":true,"href":"https:\/\/matchamoya.cz\/en\/wp-json\/wp\/v2\/product_tag?post=399"}],"curies":[{"name":"wp","href":"https:\/\/api.w.org\/{rel}","templated":true}]}}