{"id":413,"date":"2020-04-24T18:09:55","date_gmt":"2020-04-24T18:09:55","guid":{"rendered":"http:\/\/matchamoya.cz\/?post_type=product&#038;p=413"},"modified":"2025-10-03T13:13:15","modified_gmt":"2025-10-03T13:13:15","slug":"originalni-prakticky-sejkr-pro-snadnou-pripravu-matcha-caje-moya","status":"publish","type":"product","link":"https:\/\/matchamoya.cz\/en\/shop\/originalni-cajove-prislusenstvi\/originalni-prakticky-sejkr-pro-snadnou-pripravu-matcha-caje-moya\/","title":{"rendered":"Origin\u00e1ln\u00ed praktick\u00fd \u0161ejkr pro snadnou p\u0159\u00edpravu matcha \u010daje Moya"},"content":{"rendered":"<h1>Origin\u00e1ln\u00ed praktick\u00fd \u0161ejkr pro snadnou p\u0159\u00edpravu matcha \u010daje Moya<\/h1>\n<p>S\u00a0<strong>Moya Matcha praktick\u00fdm \u0161ejkrem m\u016f\u017eete neuv\u011b\u0159iteln\u011b rychle p\u0159ipravit n\u00e1poj matcha<\/strong>: sta\u010d\u00ed p\u0159idat matcha pr\u00e1\u0161ek do tekutiny (voda, d\u017eus nebo ml\u00e9ko), prot\u0159epat a j\u00edt! Je to perfektn\u00ed pom\u016fcka p\u0159i cestov\u00e1n\u00ed a tr\u00e9ninku. Dvojit\u00e9 sklen\u011bn\u00e9 st\u011bny umo\u017e\u0148uj\u00ed p\u0159ipravit matchu za studena nebo za tepla.<\/p>\n<p>Moya Matcha sklen\u011bn\u00fd \u0161ejkr se nejl\u00e9pe pou\u017e\u00edv\u00e1 s produktem <a href=\"https:\/\/matchamoya.cz\/akce\/bio-moya-matcha-to-go-24-x-15g-sacek\/\"><strong>Moya Matcha Traditional To Go! 24&#215;1,5g<\/strong><\/a> s\u00e1\u010dky, kter\u00e9 snadno a v\u017edy \u010derstv\u00e9 m\u00e1te po ruce a m\u016f\u017eete si p\u0159ipravit osv\u011b\u017euj\u00edc\u00ed n\u00e1poj matcha.<\/p>\n<p>Moya Matcha sklen\u011bn\u00fd \u0161ejkr je vybaven ocelov\u00fdm infuz\u00e9rem, <strong>kter\u00fd v\u00e1m umo\u017en\u00ed p\u0159ipravit i tradi\u010dn\u00ed <a href=\"https:\/\/matchamoya.cz\/tradicni-japonske-zelene-caje-moya\/\">japonsk\u00e9 listov\u00e9 \u010daje<\/a><\/strong> a jeho dvojit\u00e9 sklen\u011bn\u00e9 st\u011bny pomohou udr\u017eet \u010daj hork\u00fd po dlouhou dobu. Pro p\u0159\u00edpravu matcha: nezapome\u0148te pou\u017e\u00edvat vodu s teplotou ne vy\u0161\u0161\u00ed ne\u017e 80 \u00b0 C, proto\u017ee vrouc\u00ed voda m\u016f\u017ee ovlivnit n\u011bkter\u00e9 z prosp\u011b\u0161n\u00fdch slo\u017eek obsa\u017een\u00fdch v\u00a0matcha.<\/p>\n<p><strong>Materi\u00e1l:<\/strong><\/p>\n<p>L\u00e1hev: Pr\u016fhledn\u00fd plast \u2013 odoln\u00fd v\u016f\u010di n\u00e1raz\u016fm a teplot\u00e1m do 90 \u00b0C.<\/p>\n<p>Infuser: Odoln\u00fd tmav\u00e9 zelen\u00fd plast.<\/p>\n<p>Objem: 400 ml.<\/p>\n<p>Velikost: 24 cm.<\/p>\n<p>Baleno v origin\u00e1ln\u00ed Moya krabici.<\/p>\n<p>Lze m\u00fdt v my\u010dce n\u00e1dob\u00ed.<\/p>\n\n  \n    <div class=\"row large-columns-4 medium-columns- small-columns-2\">\n          <div class=\"gallery-col col\" >\n          <div class=\"col-inner\">\n            <a class=\"image-lightbox lightbox-gallery\" href=\"https:\/\/matchamoya.cz\/wp-content\/uploads\/2020\/12\/moya-matcha-glass-shaker-03.jpg\" title=\"\">            <div class=\"box has-hover gallery-box box-overlay dark\">\n              <div class=\"box-image\" >\n                <img loading=\"lazy\" decoding=\"async\" width=\"400\" height=\"400\" src=\"https:\/\/matchamoya.cz\/wp-content\/uploads\/2020\/12\/moya-matcha-glass-shaker-03-400x400.jpg\" class=\"attachment-medium size-medium\" alt=\"matcha-moya-skleneny-sejkr-moya-dvojite-steny\" ids=\"993,994\" srcset=\"https:\/\/matchamoya.cz\/wp-content\/uploads\/2020\/12\/moya-matcha-glass-shaker-03-400x400.jpg 400w, https:\/\/matchamoya.cz\/wp-content\/uploads\/2020\/12\/moya-matcha-glass-shaker-03-280x280.jpg 280w, https:\/\/matchamoya.cz\/wp-content\/uploads\/2020\/12\/moya-matcha-glass-shaker-03-768x768.jpg 768w, https:\/\/matchamoya.cz\/wp-content\/uploads\/2020\/12\/moya-matcha-glass-shaker-03-300x300.jpg 300w, https:\/\/matchamoya.cz\/wp-content\/uploads\/2020\/12\/moya-matcha-glass-shaker-03-600x600.jpg 600w, https:\/\/matchamoya.cz\/wp-content\/uploads\/2020\/12\/moya-matcha-glass-shaker-03-100x100.jpg 100w, https:\/\/matchamoya.cz\/wp-content\/uploads\/2020\/12\/moya-matcha-glass-shaker-03.jpg 800w\" sizes=\"(max-width: 400px) 100vw, 400px\" \/>                                  <div class=\"overlay fill\"\n                      style=\"background-color: rgba(0,0,0,.15)\">\n                  <\/div>\n                                                              <\/div><!-- .image -->\n              <div class=\"box-text text-left\" >\n                 <p><\/p>\n              <\/div><!-- .text -->\n            <\/div><!-- .box -->\n            <\/a>          <\/div><!-- .col-inner -->\n         <\/div><!-- .col -->\n                 <div class=\"gallery-col col\" >\n          <div class=\"col-inner\">\n            <a class=\"image-lightbox lightbox-gallery\" href=\"https:\/\/matchamoya.cz\/wp-content\/uploads\/2020\/12\/To-Go-Set-1-2.jpg\" title=\"\">            <div class=\"box has-hover gallery-box box-overlay dark\">\n              <div class=\"box-image\" >\n                <img loading=\"lazy\" decoding=\"async\" width=\"400\" height=\"400\" src=\"https:\/\/matchamoya.cz\/wp-content\/uploads\/2020\/12\/To-Go-Set-1-2-400x400.jpg\" class=\"attachment-medium size-medium\" alt=\"matcha-moya-zeleny-caj-sejkr-skleneny\" ids=\"993,994\" srcset=\"https:\/\/matchamoya.cz\/wp-content\/uploads\/2020\/12\/To-Go-Set-1-2-400x400.jpg 400w, https:\/\/matchamoya.cz\/wp-content\/uploads\/2020\/12\/To-Go-Set-1-2-280x280.jpg 280w, https:\/\/matchamoya.cz\/wp-content\/uploads\/2020\/12\/To-Go-Set-1-2-768x768.jpg 768w, https:\/\/matchamoya.cz\/wp-content\/uploads\/2020\/12\/To-Go-Set-1-2-300x300.jpg 300w, https:\/\/matchamoya.cz\/wp-content\/uploads\/2020\/12\/To-Go-Set-1-2-600x600.jpg 600w, https:\/\/matchamoya.cz\/wp-content\/uploads\/2020\/12\/To-Go-Set-1-2-100x100.jpg 100w, https:\/\/matchamoya.cz\/wp-content\/uploads\/2020\/12\/To-Go-Set-1-2.jpg 800w\" sizes=\"(max-width: 400px) 100vw, 400px\" \/>                                  <div class=\"overlay fill\"\n                      style=\"background-color: rgba(0,0,0,.15)\">\n                  <\/div>\n                                                              <\/div><!-- .image -->\n              <div class=\"box-text text-left\" >\n                 <p><\/p>\n              <\/div><!-- .text -->\n            <\/div><!-- .box -->\n            <\/a>          <\/div><!-- .col-inner -->\n         <\/div><!-- .col -->\n         <\/div>","protected":false},"excerpt":{"rendered":"<p>Se zna\u010dkov\u00fdm origin\u00e1ln\u00edm<strong> Moya Matcha praktick\u00fdm \u0161ejkrem<\/strong>, kter\u00fd je vyroben z nejlep\u0161\u00edch materi\u00e1l\u016f,\u00a0m\u016f\u017eete neuv\u011b\u0159iteln\u011b rychle p\u0159ipravit n\u00e1poj matcha: sta\u010d\u00ed p\u0159idat matcha pr\u00e1\u0161ek do tekutiny (voda, d\u017eus nebo ml\u00e9ko), prot\u0159epat a j\u00edt! Je to perfektn\u00ed pom\u016fcka p\u0159i cestov\u00e1n\u00ed a tr\u00e9ninku. Dvojit\u00e9 sklen\u011bn\u00e9 st\u011bny umo\u017e\u0148uj\u00ed p\u0159ipravit matchu za studena nebo za tepla.<\/p>\n<p><strong>Materi\u00e1l:<\/strong><\/p>\n<p>L\u00e1hev: Pr\u016fhledn\u00fd plast \u2013 odoln\u00fd v\u016f\u010di n\u00e1raz\u016fm a teplot\u00e1m do 90 \u00b0C.<\/p>\n<p>Infuser: Odoln\u00fd tmav\u00e9 zelen\u00fd plast.<\/p>\n<p>Objem: 400 ml.<\/p>\n<p>Velikost: 24 cm.<\/p>\n<p>Baleno v origin\u00e1ln\u00ed Moya krabici.<\/p>\n<p>Lze m\u00fdt v my\u010dce n\u00e1dob\u00ed.<\/p>","protected":false},"featured_media":4261,"comment_status":"open","ping_status":"closed","template":"","meta":[],"product_cat":[70],"product_tag":[],"class_list":{"0":"post-413","1":"product","2":"type-product","3":"status-publish","4":"has-post-thumbnail","6":"product_cat-originalni-cajove-prislusenstvi","7":"product_shipping_class-dobra-dodani","9":"first","10":"instock","11":"featured","12":"taxable","13":"shipping-taxable","14":"purchasable","15":"product-type-simple"},"yoast_head":"<!-- This site is optimized with the Yoast SEO plugin v23.4 - https:\/\/yoast.com\/wordpress\/plugins\/seo\/ -->\n<title>Origin\u00e1ln\u00ed praktick\u00fd \u0161ejkr pro snadnou p\u0159\u00edpravu matcha \u010daje Moya | Matcha Moya<\/title>\n<meta name=\"description\" content=\"Sklen\u011bn\u00fd \u0161ejkr je vybaven ocelov\u00fdm infuz\u00e9rem, kter\u00fd v\u00e1m umo\u017en\u00ed p\u0159ipravit i tradi\u010dn\u00ed japonsk\u00e9 listov\u00e9 \u010daje. Dvojit\u00e9 st\u011bny udr\u017e\u00ed n\u00e1poj hork\u00fd.\" \/>\n<meta name=\"robots\" content=\"index, follow, max-snippet:-1, max-image-preview:large, max-video-preview:-1\" \/>\n<link rel=\"canonical\" href=\"https:\/\/matchamoya.cz\/en\/shop\/originalni-cajove-prislusenstvi\/originalni-prakticky-sejkr-pro-snadnou-pripravu-matcha-caje-moya\/\" \/>\n<meta property=\"og:locale\" content=\"en_US\" \/>\n<meta property=\"og:type\" content=\"article\" \/>\n<meta property=\"og:title\" content=\"Origin\u00e1ln\u00ed praktick\u00fd \u0161ejkr pro snadnou p\u0159\u00edpravu matcha \u010daje Moya | Matcha Moya\" \/>\n<meta property=\"og:description\" content=\"Sklen\u011bn\u00fd \u0161ejkr je vybaven ocelov\u00fdm infuz\u00e9rem, kter\u00fd v\u00e1m umo\u017en\u00ed p\u0159ipravit i tradi\u010dn\u00ed japonsk\u00e9 listov\u00e9 \u010daje. Dvojit\u00e9 st\u011bny udr\u017e\u00ed n\u00e1poj hork\u00fd.\" \/>\n<meta property=\"og:url\" content=\"https:\/\/matchamoya.cz\/en\/shop\/originalni-cajove-prislusenstvi\/originalni-prakticky-sejkr-pro-snadnou-pripravu-matcha-caje-moya\/\" \/>\n<meta property=\"og:site_name\" content=\"Matcha Moya\" \/>\n<meta property=\"article:modified_time\" content=\"2025-10-03T13:13:15+00:00\" \/>\n<meta property=\"og:image\" content=\"https:\/\/matchamoya.cz\/wp-content\/uploads\/2020\/04\/Glass-matcha-shaker-2.png\" \/>\n\t<meta property=\"og:image:width\" content=\"2792\" \/>\n\t<meta property=\"og:image:height\" content=\"3084\" \/>\n\t<meta property=\"og:image:type\" content=\"image\/png\" \/>\n<meta name=\"twitter:card\" content=\"summary_large_image\" \/>\n<meta name=\"twitter:label1\" content=\"Est. reading time\" \/>\n\t<meta name=\"twitter:data1\" content=\"1 minute\" \/>\n<!-- \/ Yoast SEO plugin. -->","yoast_head_json":{"title":"Origin\u00e1ln\u00ed praktick\u00fd \u0161ejkr pro snadnou p\u0159\u00edpravu matcha \u010daje Moya | Matcha Moya","description":"Sklen\u011bn\u00fd \u0161ejkr je vybaven ocelov\u00fdm infuz\u00e9rem, kter\u00fd v\u00e1m umo\u017en\u00ed p\u0159ipravit i tradi\u010dn\u00ed japonsk\u00e9 listov\u00e9 \u010daje. Dvojit\u00e9 st\u011bny udr\u017e\u00ed n\u00e1poj hork\u00fd.","robots":{"index":"index","follow":"follow","max-snippet":"max-snippet:-1","max-image-preview":"max-image-preview:large","max-video-preview":"max-video-preview:-1"},"canonical":"https:\/\/matchamoya.cz\/en\/shop\/originalni-cajove-prislusenstvi\/originalni-prakticky-sejkr-pro-snadnou-pripravu-matcha-caje-moya\/","og_locale":"en_US","og_type":"article","og_title":"Origin\u00e1ln\u00ed praktick\u00fd \u0161ejkr pro snadnou p\u0159\u00edpravu matcha \u010daje Moya | Matcha Moya","og_description":"Sklen\u011bn\u00fd \u0161ejkr je vybaven ocelov\u00fdm infuz\u00e9rem, kter\u00fd v\u00e1m umo\u017en\u00ed p\u0159ipravit i tradi\u010dn\u00ed japonsk\u00e9 listov\u00e9 \u010daje. Dvojit\u00e9 st\u011bny udr\u017e\u00ed n\u00e1poj hork\u00fd.","og_url":"https:\/\/matchamoya.cz\/en\/shop\/originalni-cajove-prislusenstvi\/originalni-prakticky-sejkr-pro-snadnou-pripravu-matcha-caje-moya\/","og_site_name":"Matcha Moya","article_modified_time":"2025-10-03T13:13:15+00:00","og_image":[{"width":2792,"height":3084,"url":"https:\/\/matchamoya.cz\/wp-content\/uploads\/2020\/04\/Glass-matcha-shaker-2.png","type":"image\/png"}],"twitter_card":"summary_large_image","twitter_misc":{"Est. reading time":"1 minute"},"schema":{"@context":"https:\/\/schema.org","@graph":[{"@type":"WebPage","@id":"https:\/\/matchamoya.cz\/en\/shop\/originalni-cajove-prislusenstvi\/originalni-prakticky-sejkr-pro-snadnou-pripravu-matcha-caje-moya\/","url":"https:\/\/matchamoya.cz\/en\/shop\/originalni-cajove-prislusenstvi\/originalni-prakticky-sejkr-pro-snadnou-pripravu-matcha-caje-moya\/","name":"Origin\u00e1ln\u00ed praktick\u00fd \u0161ejkr pro snadnou p\u0159\u00edpravu matcha \u010daje Moya | Matcha Moya","isPartOf":{"@id":"https:\/\/matchamoya.cz\/en\/#website"},"primaryImageOfPage":{"@id":"https:\/\/matchamoya.cz\/en\/shop\/originalni-cajove-prislusenstvi\/originalni-prakticky-sejkr-pro-snadnou-pripravu-matcha-caje-moya\/#primaryimage"},"image":{"@id":"https:\/\/matchamoya.cz\/en\/shop\/originalni-cajove-prislusenstvi\/originalni-prakticky-sejkr-pro-snadnou-pripravu-matcha-caje-moya\/#primaryimage"},"thumbnailUrl":"https:\/\/matchamoya.cz\/wp-content\/uploads\/2020\/04\/matcha-moya-sejkr-na-matchu-1.jpg","datePublished":"2020-04-24T18:09:55+00:00","dateModified":"2025-10-03T13:13:15+00:00","description":"Sklen\u011bn\u00fd \u0161ejkr je vybaven ocelov\u00fdm infuz\u00e9rem, kter\u00fd v\u00e1m umo\u017en\u00ed p\u0159ipravit i tradi\u010dn\u00ed japonsk\u00e9 listov\u00e9 \u010daje. Dvojit\u00e9 st\u011bny udr\u017e\u00ed n\u00e1poj hork\u00fd.","breadcrumb":{"@id":"https:\/\/matchamoya.cz\/en\/shop\/originalni-cajove-prislusenstvi\/originalni-prakticky-sejkr-pro-snadnou-pripravu-matcha-caje-moya\/#breadcrumb"},"inLanguage":"en-US","potentialAction":[{"@type":"ReadAction","target":["https:\/\/matchamoya.cz\/en\/shop\/originalni-cajove-prislusenstvi\/originalni-prakticky-sejkr-pro-snadnou-pripravu-matcha-caje-moya\/"]}]},{"@type":"ImageObject","inLanguage":"en-US","@id":"https:\/\/matchamoya.cz\/en\/shop\/originalni-cajove-prislusenstvi\/originalni-prakticky-sejkr-pro-snadnou-pripravu-matcha-caje-moya\/#primaryimage","url":"https:\/\/matchamoya.cz\/wp-content\/uploads\/2020\/04\/matcha-moya-sejkr-na-matchu-1.jpg","contentUrl":"https:\/\/matchamoya.cz\/wp-content\/uploads\/2020\/04\/matcha-moya-sejkr-na-matchu-1.jpg","width":540,"height":809},{"@type":"BreadcrumbList","@id":"https:\/\/matchamoya.cz\/en\/shop\/originalni-cajove-prislusenstvi\/originalni-prakticky-sejkr-pro-snadnou-pripravu-matcha-caje-moya\/#breadcrumb","itemListElement":[{"@type":"ListItem","position":1,"name":"Dom\u016f","item":"https:\/\/matchamoya.cz\/"},{"@type":"ListItem","position":2,"name":"E-SHOP","item":"https:\/\/matchamoya.cz\/shop\/"},{"@type":"ListItem","position":3,"name":"Origin\u00e1ln\u00ed sklen\u011bn\u00fd \u0161ejkr pro snadnou p\u0159\u00edpravu matcha \u010daje Moya"}]},{"@type":"WebSite","@id":"https:\/\/matchamoya.cz\/en\/#website","url":"https:\/\/matchamoya.cz\/en\/","name":"Matcha Moya","description":"Matcha Moya","publisher":{"@id":"https:\/\/matchamoya.cz\/en\/#organization"},"potentialAction":[{"@type":"SearchAction","target":{"@type":"EntryPoint","urlTemplate":"https:\/\/matchamoya.cz\/en\/?s={search_term_string}"},"query-input":{"@type":"PropertyValueSpecification","valueRequired":true,"valueName":"search_term_string"}}],"inLanguage":"en-US"},{"@type":"Organization","@id":"https:\/\/matchamoya.cz\/en\/#organization","name":"Moya Matcha","url":"https:\/\/matchamoya.cz\/en\/","logo":{"@type":"ImageObject","inLanguage":"en-US","@id":"https:\/\/matchamoya.cz\/en\/#\/schema\/logo\/image\/","url":"https:\/\/matchamoya.cz\/wp-content\/uploads\/2020\/03\/MOYA_Logo_Green-Black_02.png","contentUrl":"https:\/\/matchamoya.cz\/wp-content\/uploads\/2020\/03\/MOYA_Logo_Green-Black_02.png","width":313,"height":310,"caption":"Moya Matcha"},"image":{"@id":"https:\/\/matchamoya.cz\/en\/#\/schema\/logo\/image\/"}}]}},"_links":{"self":[{"href":"https:\/\/matchamoya.cz\/en\/wp-json\/wp\/v2\/product\/413"}],"collection":[{"href":"https:\/\/matchamoya.cz\/en\/wp-json\/wp\/v2\/product"}],"about":[{"href":"https:\/\/matchamoya.cz\/en\/wp-json\/wp\/v2\/types\/product"}],"replies":[{"embeddable":true,"href":"https:\/\/matchamoya.cz\/en\/wp-json\/wp\/v2\/comments?post=413"}],"wp:featuredmedia":[{"embeddable":true,"href":"https:\/\/matchamoya.cz\/en\/wp-json\/wp\/v2\/media\/4261"}],"wp:attachment":[{"href":"https:\/\/matchamoya.cz\/en\/wp-json\/wp\/v2\/media?parent=413"}],"wp:term":[{"taxonomy":"product_cat","embeddable":true,"href":"https:\/\/matchamoya.cz\/en\/wp-json\/wp\/v2\/product_cat?post=413"},{"taxonomy":"product_tag","embeddable":true,"href":"https:\/\/matchamoya.cz\/en\/wp-json\/wp\/v2\/product_tag?post=413"}],"curies":[{"name":"wp","href":"https:\/\/api.w.org\/{rel}","templated":true}]}}