{"id":417,"date":"2020-04-24T18:29:27","date_gmt":"2020-04-24T18:29:27","guid":{"rendered":"http:\/\/matchamoya.cz\/?post_type=product&#038;p=417"},"modified":"2026-03-15T20:52:56","modified_gmt":"2026-03-15T20:52:56","slug":"nejpopularnejsi-japonsky-zeleny-caj-bio-sencha-no21-60g-moya","status":"publish","type":"product","link":"https:\/\/matchamoya.cz\/en\/shop\/tradicni-japonske-listove-zelene-caje\/nejpopularnejsi-japonsky-zeleny-caj-bio-sencha-no21-60g-moya\/","title":{"rendered":"Nejpopul\u00e1rn\u011bj\u0161\u00ed japonsk\u00fd zelen\u00fd \u010daj BIO SENCHA No. 21 60g &#8211; Moya"},"content":{"rendered":"<h1>MOYA SENCHA NO. 21: CHU\u0164 JAPONSK\u00c9 TRADICE<\/h1>\n<p>Sencha je nejobl\u00edben\u011bj\u0161\u00ed \u010daj v Japonsku a je tak\u00e9 nejzn\u00e1m\u011bj\u0161\u00edm zelen\u00fdm \u010dajem na sv\u011bt\u011b. Jeho n\u00e1lev m\u00e1 m\u00edrn\u011b sladkou a velmi osv\u011b\u017euj\u00edc\u00ed chu\u0165, m\u00e1 m\u00e1slov\u00e9, travnat\u00e9 t\u00f3ny a zeleno-zlatou barvu. Slovo \u201esencha\u201c doslovn\u011b znamen\u00e1 \u201eva\u0159eno na n\u00edzk\u00e9 teplot\u011b\u201c a odkazuje na typick\u00e9 va\u0159en\u00ed listov\u00e9ho \u010daje, kter\u00e9 spo\u010d\u00edv\u00e1 v nal\u00e9v\u00e1n\u00ed hork\u00e9 vody p\u0159es such\u00e9 listy. Tento \u010daj uvol\u0148uje svou nejlep\u0161\u00ed chu\u0165, kdy\u017e se va\u0159\u00ed s m\u011bkkou vodou s n\u00edzk\u00fdm pH. Moya Sencha \u010d. 21 se ekologicky p\u011bstuje na ostrov\u011b Kj\u00fa\u0161\u00fa.<\/p>\n<p>Sencha se doporu\u010duje jako rann\u00ed n\u00e1poj, proto\u017ee jej\u00ed \u010dasn\u011b sb\u00edran\u00e9 listy maj\u00ed extr\u00e9mn\u011b vysokou hladinu stimuluj\u00edc\u00edho kofeinu a je zn\u00e1mo, \u017ee sencha zrychluje metabolismus. Stejn\u011b jako ostatn\u00ed japonsk\u00e9 zelen\u00e9 \u010daje je nejen bohat\u00fdm zdrojem katechin\u016f, ale tak\u00e9 jedn\u00edm z nejsiln\u011bj\u0161\u00edch p\u0159\u00edrodn\u00edch antioxidant\u016f. Pit\u00ed senchy pom\u00e1h\u00e1 zpomalit procesy st\u00e1rnut\u00ed, zbavit se toxin\u016f, sn\u00ed\u017eit hladinu \u0161patn\u00e9ho cholesterolu, udr\u017eet hladinu cukru pod kontrolou a zlep\u0161it zdrav\u00ed zub\u016f. Jeho listy obsahuj\u00ed snadno vst\u0159ebateln\u00fd vitamin C, beta karoten, kyselinu listovou, drasl\u00edk, v\u00e1pn\u00edk a fosfor. Stejn\u011b jako \u010daj s matchou je i sencha zn\u00e1m\u00fdm posilova\u010dem n\u00e1lad.<\/p>\n<p><strong>100 % organick\u00fd \u010daj &#8211; BIO<img loading=\"lazy\" decoding=\"async\" class=\"size-medium wp-image-928 alignright\" src=\"https:\/\/matchamoya.cz\/wp-content\/uploads\/2020\/04\/Moya-Sencha-Organic-Leaf-Green-Tea-2-500x400.jpg\" alt=\"sencha21-detail\" width=\"500\" height=\"400\" srcset=\"https:\/\/matchamoya.cz\/wp-content\/uploads\/2020\/04\/Moya-Sencha-Organic-Leaf-Green-Tea-2-500x400.jpg 500w, https:\/\/matchamoya.cz\/wp-content\/uploads\/2020\/04\/Moya-Sencha-Organic-Leaf-Green-Tea-2.jpg 513w\" sizes=\"(max-width: 500px) 100vw, 500px\" \/><\/strong><\/p>\n<p><strong>Zem\u011b p\u016fvodu:<\/strong> Japonsko, Kagoshima, ostrov Kyushu<\/p>\n<p><strong>Chu\u0165: <\/strong>m\u00e1slov\u00e9, travnat\u00e9 t\u00f3ny\u00a0a m\u00edrn\u011b slan\u00e1 chu\u0165<\/p>\n<p><strong>Barva:\u00a0<\/strong>zeleno-zlat\u00e1 barva<\/p>\n<p><strong>Doba sklizn\u011b:<\/strong> v\u017edy aktu\u00e1ln\u00ed leto\u0161n\u00ed sklize\u0148<\/p>\n<p>\u010cist\u00e1 hmotnost: 60 g<\/p>\n<p><strong>P\u0159\u00edprava:<\/strong><\/p>\n<p>Mno\u017estv\u00ed: 2-3 g \/ 150 ml vody<\/p>\n<p>Doba louhov\u00e1n\u00ed (infuze): 2 min<\/p>\n<p>Teplota vody: 70 &#8211; 80 \u00b0 C<\/p>\n<p>Mo\u017enost opakovan\u00e9 infuze: ANO, maxim\u00e1ln\u011b 3 x<\/p>","protected":false},"excerpt":{"rendered":"<p>Sladk\u00fd a osv\u011b\u017euj\u00edc\u00ed organick\u00fd zelen\u00fd \u010daj s travnatou a slab\u011b slanou chut\u00ed. Je to nejobl\u00edben\u011bj\u0161\u00ed \u010daj v Japonsku. P\u0159i pod\u00e1v\u00e1n\u00ed m\u00e1\u00a0 zelen\u00fd \u010daj Sencha no. 21 plnou chu\u0165 a zelenkavou zlatavou barvu. Sencha je <strong>ide\u00e1ln\u00ed rann\u00ed \u010daj<\/strong>.<\/p>\n<p>100% organick\u00fd zelen\u00fd \u010daj<\/p>\n<p><strong>Zem\u011b p\u016fvodu:<\/strong> Japonsko, Kagoshima, ostrov Kyushu<\/p>\n<p><strong>Chu\u0165: <\/strong>travnat\u00e1 a m\u00edrn\u011b slan\u00e1 chu\u0165<\/p>\n<p><strong>Barva: <\/strong>nazelenal\u00e9 zlato<\/p>\n<p><strong>Doba sklizn\u011b:<\/strong> v\u017edy aktu\u00e1ln\u00ed leto\u0161n\u00ed sklize\u0148<\/p>\n<p>\u010cist\u00e1 hmotnost: 60 g<\/p>\n<p><strong>P\u0159\u00edprava:<\/strong><\/p>\n<p>Mno\u017estv\u00ed: 2-3 g \/ 150 ml vody<\/p>\n<p>Doba louhov\u00e1n\u00ed (infuze): 2 min<\/p>\n<p>Teplota vody: 70 &#8211; 80 \u00b0 C<\/p>\n<p>Mo\u017enost opakovan\u00e9 infuze: ANO, maxim\u00e1ln\u011b 3 x<\/p>","protected":false},"featured_media":418,"comment_status":"open","ping_status":"closed","template":"","meta":[],"product_cat":[75],"product_tag":[],"class_list":{"0":"post-417","1":"product","2":"type-product","3":"status-publish","4":"has-post-thumbnail","6":"product_cat-tradicni-japonske-listove-zelene-caje","7":"product_shipping_class-dobra-dodani","9":"first","10":"instock","11":"taxable","12":"shipping-taxable","13":"purchasable","14":"product-type-simple"},"yoast_head":"<!-- This site is optimized with the Yoast SEO plugin v23.4 - https:\/\/yoast.com\/wordpress\/plugins\/seo\/ -->\n<title>Nejpopul\u00e1rn\u011bj\u0161\u00ed japonsk\u00fd zelen\u00fd \u010daj BIO SENCHA No. 21 | Matcha Moya<\/title>\n<meta name=\"description\" content=\"Sencha je nejobl\u00edben\u011bj\u0161\u00ed \u010daj v Japonsku a je tak\u00e9 nejzn\u00e1m\u011bj\u0161\u00edm zelen\u00fdm \u010dajem na sv\u011bt\u011b. Jeho n\u00e1lev m\u00e1 m\u00edrn\u011b sladkou a velmi osv\u011b\u017euj\u00edc\u00ed chu\u0165.\" \/>\n<meta name=\"robots\" content=\"index, follow, max-snippet:-1, max-image-preview:large, max-video-preview:-1\" \/>\n<link rel=\"canonical\" href=\"https:\/\/matchamoya.cz\/en\/shop\/tradicni-japonske-listove-zelene-caje\/nejpopularnejsi-japonsky-zeleny-caj-bio-sencha-no21-60g-moya\/\" \/>\n<meta property=\"og:locale\" content=\"en_US\" \/>\n<meta property=\"og:type\" content=\"article\" \/>\n<meta property=\"og:title\" content=\"Nejpopul\u00e1rn\u011bj\u0161\u00ed japonsk\u00fd zelen\u00fd \u010daj BIO SENCHA No. 21 | Matcha Moya\" \/>\n<meta property=\"og:description\" content=\"Sencha je nejobl\u00edben\u011bj\u0161\u00ed \u010daj v Japonsku a je tak\u00e9 nejzn\u00e1m\u011bj\u0161\u00edm zelen\u00fdm \u010dajem na sv\u011bt\u011b. Jeho n\u00e1lev m\u00e1 m\u00edrn\u011b sladkou a velmi osv\u011b\u017euj\u00edc\u00ed chu\u0165.\" \/>\n<meta property=\"og:url\" content=\"https:\/\/matchamoya.cz\/en\/shop\/tradicni-japonske-listove-zelene-caje\/nejpopularnejsi-japonsky-zeleny-caj-bio-sencha-no21-60g-moya\/\" \/>\n<meta property=\"og:site_name\" content=\"Matcha Moya\" \/>\n<meta property=\"article:modified_time\" content=\"2026-03-15T20:52:56+00:00\" \/>\n<meta property=\"og:image\" content=\"https:\/\/matchamoya.cz\/wp-content\/uploads\/2020\/04\/Moya-Sencha-Organic-Green-Tea-60g-tin-1.jpg\" \/>\n\t<meta property=\"og:image:width\" content=\"800\" \/>\n\t<meta property=\"og:image:height\" content=\"800\" \/>\n\t<meta property=\"og:image:type\" content=\"image\/jpeg\" \/>\n<meta name=\"twitter:card\" content=\"summary_large_image\" \/>\n<meta name=\"twitter:label1\" content=\"Est. reading time\" \/>\n\t<meta name=\"twitter:data1\" content=\"2 minutes\" \/>\n<!-- \/ Yoast SEO plugin. -->","yoast_head_json":{"title":"Nejpopul\u00e1rn\u011bj\u0161\u00ed japonsk\u00fd zelen\u00fd \u010daj BIO SENCHA No. 21 | Matcha Moya","description":"Sencha je nejobl\u00edben\u011bj\u0161\u00ed \u010daj v Japonsku a je tak\u00e9 nejzn\u00e1m\u011bj\u0161\u00edm zelen\u00fdm \u010dajem na sv\u011bt\u011b. Jeho n\u00e1lev m\u00e1 m\u00edrn\u011b sladkou a velmi osv\u011b\u017euj\u00edc\u00ed chu\u0165.","robots":{"index":"index","follow":"follow","max-snippet":"max-snippet:-1","max-image-preview":"max-image-preview:large","max-video-preview":"max-video-preview:-1"},"canonical":"https:\/\/matchamoya.cz\/en\/shop\/tradicni-japonske-listove-zelene-caje\/nejpopularnejsi-japonsky-zeleny-caj-bio-sencha-no21-60g-moya\/","og_locale":"en_US","og_type":"article","og_title":"Nejpopul\u00e1rn\u011bj\u0161\u00ed japonsk\u00fd zelen\u00fd \u010daj BIO SENCHA No. 21 | Matcha Moya","og_description":"Sencha je nejobl\u00edben\u011bj\u0161\u00ed \u010daj v Japonsku a je tak\u00e9 nejzn\u00e1m\u011bj\u0161\u00edm zelen\u00fdm \u010dajem na sv\u011bt\u011b. Jeho n\u00e1lev m\u00e1 m\u00edrn\u011b sladkou a velmi osv\u011b\u017euj\u00edc\u00ed chu\u0165.","og_url":"https:\/\/matchamoya.cz\/en\/shop\/tradicni-japonske-listove-zelene-caje\/nejpopularnejsi-japonsky-zeleny-caj-bio-sencha-no21-60g-moya\/","og_site_name":"Matcha Moya","article_modified_time":"2026-03-15T20:52:56+00:00","og_image":[{"width":800,"height":800,"url":"https:\/\/matchamoya.cz\/wp-content\/uploads\/2020\/04\/Moya-Sencha-Organic-Green-Tea-60g-tin-1.jpg","type":"image\/jpeg"}],"twitter_card":"summary_large_image","twitter_misc":{"Est. reading time":"2 minutes"},"schema":{"@context":"https:\/\/schema.org","@graph":[{"@type":"WebPage","@id":"https:\/\/matchamoya.cz\/en\/shop\/tradicni-japonske-listove-zelene-caje\/nejpopularnejsi-japonsky-zeleny-caj-bio-sencha-no21-60g-moya\/","url":"https:\/\/matchamoya.cz\/en\/shop\/tradicni-japonske-listove-zelene-caje\/nejpopularnejsi-japonsky-zeleny-caj-bio-sencha-no21-60g-moya\/","name":"Nejpopul\u00e1rn\u011bj\u0161\u00ed japonsk\u00fd zelen\u00fd \u010daj BIO SENCHA No. 21 | Matcha Moya","isPartOf":{"@id":"https:\/\/matchamoya.cz\/en\/#website"},"primaryImageOfPage":{"@id":"https:\/\/matchamoya.cz\/en\/shop\/tradicni-japonske-listove-zelene-caje\/nejpopularnejsi-japonsky-zeleny-caj-bio-sencha-no21-60g-moya\/#primaryimage"},"image":{"@id":"https:\/\/matchamoya.cz\/en\/shop\/tradicni-japonske-listove-zelene-caje\/nejpopularnejsi-japonsky-zeleny-caj-bio-sencha-no21-60g-moya\/#primaryimage"},"thumbnailUrl":"https:\/\/matchamoya.cz\/wp-content\/uploads\/2020\/04\/Moya-Sencha-Organic-Green-Tea-60g-tin-1.jpg","datePublished":"2020-04-24T18:29:27+00:00","dateModified":"2026-03-15T20:52:56+00:00","description":"Sencha je nejobl\u00edben\u011bj\u0161\u00ed \u010daj v Japonsku a je tak\u00e9 nejzn\u00e1m\u011bj\u0161\u00edm zelen\u00fdm \u010dajem na sv\u011bt\u011b. Jeho n\u00e1lev m\u00e1 m\u00edrn\u011b sladkou a velmi osv\u011b\u017euj\u00edc\u00ed chu\u0165.","breadcrumb":{"@id":"https:\/\/matchamoya.cz\/en\/shop\/tradicni-japonske-listove-zelene-caje\/nejpopularnejsi-japonsky-zeleny-caj-bio-sencha-no21-60g-moya\/#breadcrumb"},"inLanguage":"en-US","potentialAction":[{"@type":"ReadAction","target":["https:\/\/matchamoya.cz\/en\/shop\/tradicni-japonske-listove-zelene-caje\/nejpopularnejsi-japonsky-zeleny-caj-bio-sencha-no21-60g-moya\/"]}]},{"@type":"ImageObject","inLanguage":"en-US","@id":"https:\/\/matchamoya.cz\/en\/shop\/tradicni-japonske-listove-zelene-caje\/nejpopularnejsi-japonsky-zeleny-caj-bio-sencha-no21-60g-moya\/#primaryimage","url":"https:\/\/matchamoya.cz\/wp-content\/uploads\/2020\/04\/Moya-Sencha-Organic-Green-Tea-60g-tin-1.jpg","contentUrl":"https:\/\/matchamoya.cz\/wp-content\/uploads\/2020\/04\/Moya-Sencha-Organic-Green-Tea-60g-tin-1.jpg","width":800,"height":800,"caption":"moya-sencha-zeleny-japonsky-listovy-caj-bio-60g"},{"@type":"BreadcrumbList","@id":"https:\/\/matchamoya.cz\/en\/shop\/tradicni-japonske-listove-zelene-caje\/nejpopularnejsi-japonsky-zeleny-caj-bio-sencha-no21-60g-moya\/#breadcrumb","itemListElement":[{"@type":"ListItem","position":1,"name":"Dom\u016f","item":"https:\/\/matchamoya.cz\/"},{"@type":"ListItem","position":2,"name":"E-SHOP","item":"https:\/\/matchamoya.cz\/shop\/"},{"@type":"ListItem","position":3,"name":"Nejpopul\u00e1rn\u011bj\u0161\u00ed japonsk\u00fd zelen\u00fd \u010daj BIO SENCHA No. 21 60g &#8211; Moya"}]},{"@type":"WebSite","@id":"https:\/\/matchamoya.cz\/en\/#website","url":"https:\/\/matchamoya.cz\/en\/","name":"Matcha Moya","description":"Matcha Moya","publisher":{"@id":"https:\/\/matchamoya.cz\/en\/#organization"},"potentialAction":[{"@type":"SearchAction","target":{"@type":"EntryPoint","urlTemplate":"https:\/\/matchamoya.cz\/en\/?s={search_term_string}"},"query-input":{"@type":"PropertyValueSpecification","valueRequired":true,"valueName":"search_term_string"}}],"inLanguage":"en-US"},{"@type":"Organization","@id":"https:\/\/matchamoya.cz\/en\/#organization","name":"Moya Matcha","url":"https:\/\/matchamoya.cz\/en\/","logo":{"@type":"ImageObject","inLanguage":"en-US","@id":"https:\/\/matchamoya.cz\/en\/#\/schema\/logo\/image\/","url":"https:\/\/matchamoya.cz\/wp-content\/uploads\/2020\/03\/MOYA_Logo_Green-Black_02.png","contentUrl":"https:\/\/matchamoya.cz\/wp-content\/uploads\/2020\/03\/MOYA_Logo_Green-Black_02.png","width":313,"height":310,"caption":"Moya Matcha"},"image":{"@id":"https:\/\/matchamoya.cz\/en\/#\/schema\/logo\/image\/"}}]}},"_links":{"self":[{"href":"https:\/\/matchamoya.cz\/en\/wp-json\/wp\/v2\/product\/417"}],"collection":[{"href":"https:\/\/matchamoya.cz\/en\/wp-json\/wp\/v2\/product"}],"about":[{"href":"https:\/\/matchamoya.cz\/en\/wp-json\/wp\/v2\/types\/product"}],"replies":[{"embeddable":true,"href":"https:\/\/matchamoya.cz\/en\/wp-json\/wp\/v2\/comments?post=417"}],"wp:featuredmedia":[{"embeddable":true,"href":"https:\/\/matchamoya.cz\/en\/wp-json\/wp\/v2\/media\/418"}],"wp:attachment":[{"href":"https:\/\/matchamoya.cz\/en\/wp-json\/wp\/v2\/media?parent=417"}],"wp:term":[{"taxonomy":"product_cat","embeddable":true,"href":"https:\/\/matchamoya.cz\/en\/wp-json\/wp\/v2\/product_cat?post=417"},{"taxonomy":"product_tag","embeddable":true,"href":"https:\/\/matchamoya.cz\/en\/wp-json\/wp\/v2\/product_tag?post=417"}],"curies":[{"name":"wp","href":"https:\/\/api.w.org\/{rel}","templated":true}]}}